{"id":12909,"date":"2025-07-14T13:45:54","date_gmt":"2025-07-14T11:45:54","guid":{"rendered":"https:\/\/strangercam.com\/?page_id=12909"},"modified":"2025-07-14T13:46:15","modified_gmt":"2025-07-14T11:46:15","slug":"fox-video-chat","status":"publish","type":"page","link":"https:\/\/strangercam.com\/de\/fox-video-chat\/","title":{"rendered":"Fox Video Chat"},"content":{"rendered":"<p>Die Suche nach dem perfekten Zufallsvideo <a href=\"https:\/\/strangercam.com\/de\/chathub\/\">Chat<\/a> Website geht weiter, da die Nutzer nach sicheren, anonymen und unterhaltsamen Alternativen zu Klassikern wie <a href=\"https:\/\/strangercam.com\/de\/omegle\/\">Omegle<\/a> und <a href=\"https:\/\/strangercam.com\/de\/chatroulette\/\">Chatroulette<\/a>. Fox Video Chat ist eine der neuesten Plattformen, die die Aufmerksamkeit der globalen Chat-Gemeinschaft auf sich zieht. Sie verspricht schnelle Verbindungen, eine einfache Nutzung und eine freundliche Umgebung, um Fremde online zu treffen.<\/p>\n<p>Aber h\u00e4lt Fox Video Chat, was es verspricht? Wie sieht es im Jahr 2025 im Vergleich zu anderen Plattformen aus? In diesem ausf\u00fchrlichen Testbericht erfahren Sie alles, was Sie \u00fcber Fox Video Chat wissen m\u00fcssen - die Funktionen, die Nutzerbasis, die Sicherheitstools und warum es Ihr neuer Lieblingsplatz f\u00fcr spontane Online-Gespr\u00e4che sein k\u00f6nnte.<\/p>\n<h2>Was ist Fox Video Chat?<\/h2>\n<p>Fox Video Chat ist eine browserbasierte, zuf\u00e4llige Video-Chat-Website f\u00fcr Benutzer, die sofort mit Fremden aus der ganzen Welt in Kontakt treten m\u00f6chten. Da keine Anmeldung oder ein Download erforderlich ist, stellt Fox Video Chat Einfachheit und Geschwindigkeit in den Mittelpunkt seiner Benutzererfahrung.<\/p>\n<p>Wie seine geistigen Vorg\u00e4nger verbindet Fox Video Chat Sie nach dem Zufallsprinzip mit einem anderen Nutzer f\u00fcr eine private Unterhaltung \u00fcber Webcam und Mikrofon. Egal, ob Sie Freundschaften schlie\u00dfen, flirten, eine neue Sprache \u00fcben oder sich einfach nur die Zeit vertreiben m\u00f6chten, Fox Video Chat bietet eine einfache und reibungslose M\u00f6glichkeit, sich in Echtzeit-Videochats zu unterhalten.<\/p>\n<h2>Was ist der Zweck von Fox Video Chat?<\/h2>\n<p>Fox Video Chat hat es sich zur Aufgabe gemacht, das Kennenlernen neuer Leute im Internet einfach, unterhaltsam und sicher zu gestalten. Die Plattform wendet sich an alle, die:<\/p>\n<ul>\n<li>Anonyme, ungeschriebene, pers\u00f6nliche Interaktion w\u00fcnschen<\/li>\n<li>Sie vermissen das klassische Omegle-Erlebnis, w\u00fcnschen sich aber moderne Funktionen und eine sauberere Umgebung<\/li>\n<li>Sie suchen soziale Kontakte, Unterhaltung oder kulturellen Austausch<\/li>\n<li>Wert auf Privatsph\u00e4re legen und sich nicht registrieren oder ein \u00f6ffentliches Profil erstellen m\u00f6chten<\/li>\n<\/ul>\n<p>Fox Video Chat verzichtet auf Social Feeds, kuratierte Profile und Matchmaking-Algorithmen und konzentriert sich auf den puren Nervenkitzel zuf\u00e4lliger Begegnungen in Echtzeit.<\/p>\n<h2>Wesentliche Merkmale<\/h2>\n<p>1. Zuf\u00e4lliger Video-Chat unter vier Augen<br \/>\nDas Herzst\u00fcck von Fox Video Chat sind die schnellen, anonymen Cam-to-Cam-Gespr\u00e4che. Die Nutzer werden sofort f\u00fcr private Videochats zusammengef\u00fchrt und k\u00f6nnen diese jederzeit unterbrechen oder fortsetzen.<\/p>\n<p>2. \u00dcberspringen\/N\u00e4chste Taste<br \/>\nWenn der Chat nicht passt, k\u00f6nnen Sie mit der Schaltfl\u00e4che Weiter schnell weitergehen. Die \u00dcberg\u00e4nge zwischen den Benutzern sind flie\u00dfend, sodass die Interaktionen dynamisch und spannend bleiben.<\/p>\n<p>3. Text-Chat-Option<br \/>\nFox Video Chat bietet auch einen reinen Textmodus. Dies ist ideal f\u00fcr Benutzer, die kamerascheu sind, eine begrenzte Bandbreite haben oder einfach lieber tippen als sprechen.<\/p>\n<p>4. Keine Registrierung erforderlich<br \/>\nEiner der gr\u00f6\u00dften Vorteile ist die v\u00f6llige Anonymit\u00e4t - keine Konten, keine Benutzernamen, keine E-Mail-Adressen erforderlich. Sie erlauben einfach den Zugriff auf Kamera und Mikrofon, und schon k\u00f6nnen Sie loslegen.<\/p>\n<p>5. Kompatibilit\u00e4t von Handy und Desktop<br \/>\nDie Plattform ist sowohl f\u00fcr Desktop- als auch f\u00fcr mobile Browser vollst\u00e4ndig optimiert. Egal, ob Sie ein Telefon, ein Tablet oder einen Laptop verwenden, die Oberfl\u00e4che von Fox Video Chat passt sich an und sorgt f\u00fcr ein reibungsloses Erlebnis.<\/p>\n<p>6. Saubere, moderne Schnittstelle<br \/>\nFox Video Chat bietet eine minimale und intuitive Benutzeroberfl\u00e4che. Der Schwerpunkt liegt auf gro\u00dfen Videofenstern, einfachen Steuerelementen und einem ablenkungsfreien Layout. Alles ist leicht zu finden und zu benutzen.<\/p>\n<p>7. Berichterstattungs- und Moderationswerkzeuge<br \/>\nDie Sicherheit der Nutzer wird durch eine hervorgehobene Meldetaste unterst\u00fctzt. Unangemessene Benutzer k\u00f6nnen markiert werden, und Fox Video Chat setzt sowohl menschliche Moderatoren als auch grundlegende KI ein, um die Umgebung freundlich und sicher zu halten.<\/p>\n<h2>Ist Fox Video Chat kostenlos?<\/h2>\n<p>Ja, die Nutzung ist v\u00f6llig kostenlos. Alle Funktionen - einschlie\u00dflich Video- und Text-Chat, \u00dcberspringen und Berichte - stehen allen Nutzern ohne Bezahlschranken, Abonnements oder In-App-K\u00e4ufe zur Verf\u00fcgung.<\/p>\n<p>Fox Video Chat kann gelegentlich nicht-aufdringliche Werbung anzeigen, um den Betrieb zu unterst\u00fctzen, aber es gibt keine versteckten Kosten oder gesperrten Funktionen.<\/p>\n<h2>Wer nutzt den Fox-Videochat?<\/h2>\n<p>Fox Video Chat hat schnell eine vielf\u00e4ltige und internationale Nutzerbasis aufgebaut und zieht viele Menschen an:<\/p>\n<ul>\n<li>Altersgruppen: Haupts\u00e4chlich 18-35, aber offen f\u00fcr alle Erwachsenen (18+)<\/li>\n<li>Standorte: Nutzer aus den USA, dem Vereinigten K\u00f6nigreich, Indien, Deutschland, Brasilien, den Philippinen und anderen L\u00e4ndern<\/li>\n<li>Interessen: Geselliges Beisammensein, Flirten, Sprachen \u00fcben, Freundschaften schlie\u00dfen oder zwanglose Unterhaltung<\/li>\n<\/ul>\n<p>Es sind sowohl m\u00e4nnliche als auch weibliche Nutzer aktiv, wobei - wie bei Zufalls-Chatplattformen \u00fcblich - die m\u00e4nnliche Pr\u00e4senz \u00fcberwiegt. Der Reiz liegt in der Spontaneit\u00e4t: Man wei\u00df nie, wen man treffen wird. <a href=\"https:\/\/strangercam.com\/de\/coomeet\/\">treffen<\/a> n\u00e4chste.<\/p>\n<h2>Sicherheit, Datenschutz und Moderation<\/h2>\n<p>Fox Video Chat erkennt die Notwendigkeit des Schutzes der Privatsph\u00e4re und der Sicherheit der Benutzer in zuf\u00e4lligen Video-Chats an und implementiert mehrere Schutzma\u00dfnahmen:<\/p>\n<h3>Datenschutz<\/h3>\n<ul>\n<li>Keine Anmeldung oder Erstellung eines Kontos: Die Nutzer bleiben jederzeit anonym.<\/li>\n<li>Keine Datenerhebung: Es werden keine Namen, E-Mail-Adressen oder Telefonnummern ben\u00f6tigt.<\/li>\n<li>Keine Aufzeichnungen: Chats werden nicht gespeichert oder aufgezeichnet.<\/li>\n<\/ul>\n<h3>Moderation<\/h3>\n<ul>\n<li>In-Chat-Meldungen: Nutzer k\u00f6nnen beleidigendes oder missbr\u00e4uchliches Verhalten schnell melden.<\/li>\n<li>AI-Erkennung: Einfache Filter helfen, Nacktheit oder explizite Inhalte zu erkennen.<\/li>\n<li>Menschliche Moderation: Berichte werden \u00fcberpr\u00fcft und Wiederholungst\u00e4ter werden gesperrt.<\/li>\n<\/ul>\n<h3>Bew\u00e4hrte Praktiken<\/h3>\n<ul>\n<li>Geben Sie im Chat niemals pers\u00f6nliche Daten preis.<\/li>\n<li>Verwenden Sie die Schaltfl\u00e4chen \"Weiter\" und \"Melden\" gro\u00dfz\u00fcgig, wenn Sie sich unwohl f\u00fchlen.<\/li>\n<li>Vermeiden Sie es, mit verd\u00e4chtigen Nutzern in Kontakt zu treten, und halten Sie die Konversation leicht und respektvoll.<\/li>\n<\/ul>\n<h2>Benutzererfahrung und Design<\/h2>\n<p>Die moderne, leichtgewichtige Oberfl\u00e4che von Fox Video Chat ist f\u00fcr schnelles, angenehmes Chatten konzipiert:<\/p>\n<ul>\n<li>Die Startseite enth\u00e4lt eine gro\u00dfe Schaltfl\u00e4che \"Start\", Informationen zum Datenschutz und Regeln.<\/li>\n<li>Die Video\u00fcbertragungen sind gro\u00df und klar, mit einfachem Zugang zu Stummschaltungs-, \u00dcberspringungs- und Berichtsfunktionen.<\/li>\n<li>Die Chat\u00fcberg\u00e4nge sind schnell und die Ausfallzeiten zwischen den Spielen minimal.<\/li>\n<li>Die Website ist f\u00fcr schnelle Ladezeiten und einen reibungslosen Betrieb auch auf Ger\u00e4ten der mittleren Leistungsklasse optimiert.<\/li>\n<\/ul>\n<p>Das mobile Erlebnis ist besonders gut, was Fox Video Chat zu einer gro\u00dfartigen Option f\u00fcr das Chatten unterwegs macht.<\/p>\n<h2>Fox Video Chat im Vergleich zu anderen Zufalls-Chat-Plattformen<\/h2>\n<p>Wie schneidet Fox Video Chat im Vergleich zu anderen Top-Videochatseiten im Jahr 2025 ab?<\/p>\n<table>\n<thead>\n<tr>\n<th>Merkmal<\/th>\n<th>Fox Video Chat<\/th>\n<th>Omegle (geschlossen)<\/th>\n<th>Chatroulette<\/th>\n<th>Chatrandom<\/th>\n<th>Ohmegle<\/th>\n<\/tr>\n<\/thead>\n<tbody>\n<tr>\n<td>Random Video Chat mit Fremden<\/td>\n<td>Ja<\/td>\n<td>Ja<\/td>\n<td>Ja<\/td>\n<td>Ja<\/td>\n<td>Ja<\/td>\n<\/tr>\n<tr>\n<td>Text-Chat-Option<\/td>\n<td>Ja<\/td>\n<td>Ja<\/td>\n<td>Nein<\/td>\n<td>Ja<\/td>\n<td>Ja<\/td>\n<\/tr>\n<tr>\n<td>Registrierung erforderlich<\/td>\n<td>Nein<\/td>\n<td>Nein<\/td>\n<td>Nein<\/td>\n<td>Optional<\/td>\n<td>Nein<\/td>\n<\/tr>\n<tr>\n<td>Mobile Unterst\u00fctzung<\/td>\n<td>Ausgezeichnet<\/td>\n<td>Schlecht<\/td>\n<td>Gut<\/td>\n<td>Gut<\/td>\n<td>Ausgezeichnet<\/td>\n<\/tr>\n<tr>\n<td>Moderations-Tools<\/td>\n<td>M\u00e4\u00dfig<\/td>\n<td>Minimal<\/td>\n<td>Schwach<\/td>\n<td>M\u00e4\u00dfig<\/td>\n<td>M\u00e4\u00dfig<\/td>\n<\/tr>\n<tr>\n<td>Frei zu verwenden<\/td>\n<td>Ja<\/td>\n<td>Ja<\/td>\n<td>Ja<\/td>\n<td>Ja\/Bezahlt<\/td>\n<td>Ja<\/td>\n<\/tr>\n<tr>\n<td>Geschlecht\/Region-Filter<\/td>\n<td>Nein<\/td>\n<td>Nein<\/td>\n<td>Nein<\/td>\n<td>Bezahlt<\/td>\n<td>Nein<\/td>\n<\/tr>\n<\/tbody>\n<\/table>\n<p>Fazit: Die Seite kommt dem Original Omegle am n\u00e4chsten, mit einer saubereren Oberfl\u00e4che und besserer Unterst\u00fctzung f\u00fcr mobile Ger\u00e4te als viele Konkurrenten. Die Moderationstools werden immer besser, aber der eigentliche Reiz liegt in der Einfachheit und Geschwindigkeit der Seite.<\/p>\n<h2>Pro und Kontra<\/h2>\n<p>Vorteile:<\/p>\n<ul>\n<li>100% frei und anonym<\/li>\n<li>Keine Registrierung oder Downloads erforderlich<\/li>\n<li>Schnelle, flie\u00dfende \u00dcberg\u00e4nge zwischen Matching und Chat<\/li>\n<li>Saubere, intuitive Oberfl\u00e4che f\u00fcr Desktop und Handy<\/li>\n<li>Video- und Text-Chat-Modi verf\u00fcgbar<\/li>\n<li>Weltweite Nutzerbasis<\/li>\n<\/ul>\n<p>Nachteile:<\/p>\n<ul>\n<li>Keine Filterung nach Geschlecht oder Ort<\/li>\n<li>Gelegentliches Auftreten von unangemessenem Verhalten (wie bei allen Zufalls-Chat-Sites)<\/li>\n<li>Mehr m\u00e4nnliche als weibliche Nutzer<\/li>\n<li>Keine Profile und keine M\u00f6glichkeit, mit fr\u00fcheren Nutzern wieder in Kontakt zu treten<\/li>\n<\/ul>\n<h2>Ideale Anwendungsf\u00e4lle<\/h2>\n<p>Video-Chat ist ideal f\u00fcr:<\/p>\n<ul>\n<li>Nutzer sehnen sich nach klassischen Zufalls-Chat-Plattformen<\/li>\n<li>Menschen, die das spontane Gespr\u00e4ch mit Fremden suchen<\/li>\n<li>Sprachsch\u00fcler, die in Echtzeit \u00fcben wollen<\/li>\n<li>Reisende und Expats auf der Suche nach internationalen Verbindungen<\/li>\n<li>F\u00fcr alle, die einen langweiligen Zeitvertreib suchen, ohne Verpflichtung oder Registrierung<\/li>\n<\/ul>\n<p>Es ist weniger ideal f\u00fcr:<\/p>\n<ul>\n<li>Diejenigen, die dating-spezifische Funktionen oder kuratierte Matches suchen<\/li>\n<li>Nutzer unter 18 Jahren (die Plattform ist nur f\u00fcr Erwachsene)<\/li>\n<li>Personen, die mit fr\u00fcheren Chat-Partnern wieder in Kontakt treten oder ihnen folgen m\u00f6chten<\/li>\n<\/ul>\n<h2>Endg\u00fcltiges Urteil<\/h2>\n<p>Fox Video Chat ist eine hervorragende Wahl f\u00fcr alle, die den Spa\u00df und die Aufregung des zuf\u00e4lligen Online-Videochats im Jahr 2025 wieder aufleben lassen wollen. Sein anonymer Ansatz ohne Anmeldung, gepaart mit einer schnellen und modernen Schnittstelle, macht es zu einer der zug\u00e4nglichsten und angenehmsten Chat-Roulette-Plattformen, die heute verf\u00fcgbar sind.<\/p>\n<p>Ganz gleich, ob Sie neue Freunde suchen, zwanglos flirten oder sich einfach nur die Zeit vertreiben wollen, es bietet eine sichere, leichtgewichtige und v\u00f6llig kostenlose Umgebung f\u00fcr spontane globale Verbindungen. Es ist nicht \u00fcberladen mit Profilen, Upsells oder aufdringlicher Werbung - nur reiner, schneller, anonymer Chat.<\/p>\n<p>Wenn Sie eine moderne Variante des Omegle-Erlebnisses suchen, ist es absolut einen Versuch wert.<\/p>","protected":false},"excerpt":{"rendered":"<p>The search for the perfect random video chat site continues as users seek safe, anonymous, and fun alternatives to classics like Omegle and Chatroulette. Fox Video Chat is one of the latest platforms to catch the eye of the global chat community, promising fast connections, easy use, and a friendly environment for meeting strangers online. [&hellip;]<\/p>\n","protected":false},"author":6,"featured_media":0,"parent":0,"menu_order":0,"comment_status":"closed","ping_status":"closed","template":"","meta":{"footnotes":""},"class_list":["post-12909","page","type-page","status-publish","hentry"],"yoast_head":"<!-- This site is optimized with the Yoast SEO plugin v27.4 - https:\/\/yoast.com\/product\/yoast-seo-wordpress\/ -->\n<title>Fox Video Chat - Video Chat with Strangers on StrangerCam.com<\/title>\n<meta name=\"description\" content=\"Like Fox Video Chat? Come chat with more than 5.000.000 strangers on Stranger Cam for Free! Turn on your cam and find new friends &amp; maby a match!\" \/>\n<meta name=\"robots\" content=\"index, follow, max-snippet:-1, max-image-preview:large, max-video-preview:-1\" \/>\n<link rel=\"canonical\" href=\"https:\/\/strangercam.com\/de\/fox-video-chat\/\" \/>\n<meta property=\"og:locale\" content=\"de_DE\" \/>\n<meta property=\"og:type\" content=\"article\" \/>\n<meta property=\"og:title\" content=\"Fox Video Chat - Video Chat with Strangers on StrangerCam.com\" \/>\n<meta property=\"og:description\" content=\"Like Fox Video Chat? Come chat with more than 5.000.000 strangers on Stranger Cam for Free! Turn on your cam and find new friends &amp; maby a match!\" \/>\n<meta property=\"og:url\" content=\"https:\/\/strangercam.com\/de\/fox-video-chat\/\" \/>\n<meta property=\"og:site_name\" content=\"Strangercam\" \/>\n<meta property=\"article:publisher\" content=\"https:\/\/www.facebook.com\/strangercam\" \/>\n<meta property=\"article:modified_time\" content=\"2025-07-14T11:46:15+00:00\" \/>\n<meta property=\"og:image\" content=\"https:\/\/strangercam.com\/wp-content\/uploads\/2021\/10\/Untitled-2.png\" \/>\n\t<meta property=\"og:image:width\" content=\"800\" \/>\n\t<meta property=\"og:image:height\" content=\"532\" \/>\n\t<meta property=\"og:image:type\" content=\"image\/png\" \/>\n<meta name=\"twitter:card\" content=\"summary_large_image\" \/>\n<meta name=\"twitter:site\" content=\"@strangercamapp\" \/>\n<meta name=\"twitter:label1\" content=\"Gesch\u00e4tzte Lesezeit\" \/>\n\t<meta name=\"twitter:data1\" content=\"6\u00a0Minuten\" \/>\n<script type=\"application\/ld+json\" class=\"yoast-schema-graph\">{\"@context\":\"https:\\\/\\\/schema.org\",\"@graph\":[{\"@type\":\"WebPage\",\"@id\":\"https:\\\/\\\/strangercam.com\\\/fox-video-chat\\\/\",\"url\":\"https:\\\/\\\/strangercam.com\\\/fox-video-chat\\\/\",\"name\":\"Fox Video Chat - Video Chat with Strangers on StrangerCam.com\",\"isPartOf\":{\"@id\":\"https:\\\/\\\/strangercam.com\\\/#website\"},\"datePublished\":\"2025-07-14T11:45:54+00:00\",\"dateModified\":\"2025-07-14T11:46:15+00:00\",\"description\":\"Like Fox Video Chat? Come chat with more than 5.000.000 strangers on Stranger Cam for Free! Turn on your cam and find new friends & maby a match!\",\"breadcrumb\":{\"@id\":\"https:\\\/\\\/strangercam.com\\\/fox-video-chat\\\/#breadcrumb\"},\"inLanguage\":\"de\",\"potentialAction\":[{\"@type\":\"ReadAction\",\"target\":[\"https:\\\/\\\/strangercam.com\\\/fox-video-chat\\\/\"]}]},{\"@type\":\"BreadcrumbList\",\"@id\":\"https:\\\/\\\/strangercam.com\\\/fox-video-chat\\\/#breadcrumb\",\"itemListElement\":[{\"@type\":\"ListItem\",\"position\":1,\"name\":\"Home\",\"item\":\"https:\\\/\\\/strangercam.com\\\/\"},{\"@type\":\"ListItem\",\"position\":2,\"name\":\"Fox Video Chat\"}]},{\"@type\":\"WebSite\",\"@id\":\"https:\\\/\\\/strangercam.com\\\/#website\",\"url\":\"https:\\\/\\\/strangercam.com\\\/\",\"name\":\"Strangercam\",\"description\":\"Random Video Chat with Strangers\",\"publisher\":{\"@id\":\"https:\\\/\\\/strangercam.com\\\/#organization\"},\"alternateName\":\"Strangercam.com\",\"potentialAction\":[{\"@type\":\"SearchAction\",\"target\":{\"@type\":\"EntryPoint\",\"urlTemplate\":\"https:\\\/\\\/strangercam.com\\\/?s={search_term_string}\"},\"query-input\":{\"@type\":\"PropertyValueSpecification\",\"valueRequired\":true,\"valueName\":\"search_term_string\"}}],\"inLanguage\":\"de\"},{\"@type\":\"Organization\",\"@id\":\"https:\\\/\\\/strangercam.com\\\/#organization\",\"name\":\"Strangercam\",\"alternateName\":\"Strangercam.com\",\"url\":\"https:\\\/\\\/strangercam.com\\\/\",\"logo\":{\"@type\":\"ImageObject\",\"inLanguage\":\"de\",\"@id\":\"https:\\\/\\\/strangercam.com\\\/#\\\/schema\\\/logo\\\/image\\\/\",\"url\":\"https:\\\/\\\/strangercam.com\\\/wp-content\\\/uploads\\\/2020\\\/11\\\/cropped-new-favicon-black.png\",\"contentUrl\":\"https:\\\/\\\/strangercam.com\\\/wp-content\\\/uploads\\\/2020\\\/11\\\/cropped-new-favicon-black.png\",\"width\":512,\"height\":512,\"caption\":\"Strangercam\"},\"image\":{\"@id\":\"https:\\\/\\\/strangercam.com\\\/#\\\/schema\\\/logo\\\/image\\\/\"},\"sameAs\":[\"https:\\\/\\\/www.facebook.com\\\/strangercam\",\"https:\\\/\\\/x.com\\\/strangercamapp\"]}]}<\/script>\n<!-- \/ Yoast SEO plugin. -->","yoast_head_json":{"title":"Fox Video Chat - Video-Chat mit Fremden auf StrangerCam.com","description":"M\u00f6gen Sie Fox Video Chat? Komm und chatte mit mehr als 5.000.000 Fremden auf Stranger Cam kostenlos! Schalte deine Kamera ein und finde neue Freunde und vielleicht einen Partner!","robots":{"index":"index","follow":"follow","max-snippet":"max-snippet:-1","max-image-preview":"max-image-preview:large","max-video-preview":"max-video-preview:-1"},"canonical":"https:\/\/strangercam.com\/de\/fox-video-chat\/","og_locale":"de_DE","og_type":"article","og_title":"Fox Video Chat - Video Chat with Strangers on StrangerCam.com","og_description":"Like Fox Video Chat? Come chat with more than 5.000.000 strangers on Stranger Cam for Free! Turn on your cam and find new friends & maby a match!","og_url":"https:\/\/strangercam.com\/de\/fox-video-chat\/","og_site_name":"Strangercam","article_publisher":"https:\/\/www.facebook.com\/strangercam","article_modified_time":"2025-07-14T11:46:15+00:00","og_image":[{"width":800,"height":532,"url":"https:\/\/strangercam.com\/wp-content\/uploads\/2021\/10\/Untitled-2.png","type":"image\/png"}],"twitter_card":"summary_large_image","twitter_site":"@strangercamapp","twitter_misc":{"Gesch\u00e4tzte Lesezeit":"6\u00a0Minuten"},"schema":{"@context":"https:\/\/schema.org","@graph":[{"@type":"WebPage","@id":"https:\/\/strangercam.com\/fox-video-chat\/","url":"https:\/\/strangercam.com\/fox-video-chat\/","name":"Fox Video Chat - Video-Chat mit Fremden auf StrangerCam.com","isPartOf":{"@id":"https:\/\/strangercam.com\/#website"},"datePublished":"2025-07-14T11:45:54+00:00","dateModified":"2025-07-14T11:46:15+00:00","description":"M\u00f6gen Sie Fox Video Chat? Komm und chatte mit mehr als 5.000.000 Fremden auf Stranger Cam kostenlos! Schalte deine Kamera ein und finde neue Freunde und vielleicht einen Partner!","breadcrumb":{"@id":"https:\/\/strangercam.com\/fox-video-chat\/#breadcrumb"},"inLanguage":"de","potentialAction":[{"@type":"ReadAction","target":["https:\/\/strangercam.com\/fox-video-chat\/"]}]},{"@type":"BreadcrumbList","@id":"https:\/\/strangercam.com\/fox-video-chat\/#breadcrumb","itemListElement":[{"@type":"ListItem","position":1,"name":"Home","item":"https:\/\/strangercam.com\/"},{"@type":"ListItem","position":2,"name":"Fox Video Chat"}]},{"@type":"WebSite","@id":"https:\/\/strangercam.com\/#website","url":"https:\/\/strangercam.com\/","name":"Strangercam","description":"Zuf\u00e4lliger Video-Chat mit Fremden","publisher":{"@id":"https:\/\/strangercam.com\/#organization"},"alternateName":"Strangercam.com","potentialAction":[{"@type":"SearchAction","target":{"@type":"EntryPoint","urlTemplate":"https:\/\/strangercam.com\/?s={search_term_string}"},"query-input":{"@type":"PropertyValueSpecification","valueRequired":true,"valueName":"search_term_string"}}],"inLanguage":"de"},{"@type":"Organization","@id":"https:\/\/strangercam.com\/#organization","name":"Strangercam","alternateName":"Strangercam.com","url":"https:\/\/strangercam.com\/","logo":{"@type":"ImageObject","inLanguage":"de","@id":"https:\/\/strangercam.com\/#\/schema\/logo\/image\/","url":"https:\/\/strangercam.com\/wp-content\/uploads\/2020\/11\/cropped-new-favicon-black.png","contentUrl":"https:\/\/strangercam.com\/wp-content\/uploads\/2020\/11\/cropped-new-favicon-black.png","width":512,"height":512,"caption":"Strangercam"},"image":{"@id":"https:\/\/strangercam.com\/#\/schema\/logo\/image\/"},"sameAs":["https:\/\/www.facebook.com\/strangercam","https:\/\/x.com\/strangercamapp"]}]}},"_links":{"self":[{"href":"https:\/\/strangercam.com\/de\/wp-json\/wp\/v2\/pages\/12909","targetHints":{"allow":["GET"]}}],"collection":[{"href":"https:\/\/strangercam.com\/de\/wp-json\/wp\/v2\/pages"}],"about":[{"href":"https:\/\/strangercam.com\/de\/wp-json\/wp\/v2\/types\/page"}],"author":[{"embeddable":true,"href":"https:\/\/strangercam.com\/de\/wp-json\/wp\/v2\/users\/6"}],"replies":[{"embeddable":true,"href":"https:\/\/strangercam.com\/de\/wp-json\/wp\/v2\/comments?post=12909"}],"version-history":[{"count":1,"href":"https:\/\/strangercam.com\/de\/wp-json\/wp\/v2\/pages\/12909\/revisions"}],"predecessor-version":[{"id":12910,"href":"https:\/\/strangercam.com\/de\/wp-json\/wp\/v2\/pages\/12909\/revisions\/12910"}],"wp:attachment":[{"href":"https:\/\/strangercam.com\/de\/wp-json\/wp\/v2\/media?parent=12909"}],"curies":[{"name":"wp","href":"https:\/\/api.w.org\/{rel}","templated":true}]}}