{"id":12907,"date":"2025-07-14T13:41:45","date_gmt":"2025-07-14T11:41:45","guid":{"rendered":"https:\/\/strangercam.com\/?page_id=12907"},"modified":"2025-07-14T13:41:45","modified_gmt":"2025-07-14T11:41:45","slug":"oberseite","status":"publish","type":"page","link":"https:\/\/strangercam.com\/de\/topface\/","title":{"rendered":"Oberseite"},"content":{"rendered":"<p>In einer von Apps und Websites \u00fcberf\u00fcllten Dating-Landschaft schaffen es nur wenige Plattformen, sich auf globaler Ebene abzuheben. Topface ist eine solche Plattform, die Elemente der sozialen Entdeckung, des traditionellen Online-Datings und der zwanglosen <a href=\"https:\/\/strangercam.com\/de\/chatroulette\/\">Chat<\/a> in ein einziges, mehrsprachiges Erlebnis. Mit Millionen von Nutzern weltweit und einem guten Ruf f\u00fcr kultur\u00fcbergreifende Verbindungen hat Topface seit seiner Einf\u00fchrung vor \u00fcber einem Jahrzehnt eine treue Fangemeinde aufgebaut.<\/p>\n<p>Aber was genau macht Topface so einzigartig? F\u00fcr wen ist es geeignet, welche Funktionen hat es und wie schneidet es im Vergleich zu anderen gro\u00dfen Dating- und Chat-Plattformen im Jahr 2025 ab? In diesem ausf\u00fchrlichen Testbericht erfahren Sie alles, was Sie \u00fcber Topface wissen m\u00fcssen, damit Sie entscheiden k\u00f6nnen, ob es das Richtige f\u00fcr Sie ist.<\/p>\n<h2>Was ist Topface?<\/h2>\n<p>Topface ist eine globale Plattform f\u00fcr soziale Kontakte und Partnersuche, die \u00fcber das Internet und die mobile App verf\u00fcgbar ist. Sie erm\u00f6glicht den Nutzern <a href=\"https:\/\/strangercam.com\/de\/coomeet\/\">treffen<\/a> neue Leute zum Chatten, Daten oder Freundschaften schlie\u00dfen, indem Sie eine Kombination aus Profilsuche, Abgleich von gemeinsamen Interessen und interaktiven Nachrichtenfunktionen nutzen.<\/p>\n<p>Im Gegensatz zu traditionellen Dating-Apps, die sich ausschlie\u00dflich auf romantische Beziehungen konzentrieren, ist das \u00d6kosystem von Topface eher ein soziales Netzwerk - es erm\u00f6glicht alles von Flirt und Dating bis hin zu internationalen Freundschaften und zwanglosen Chats. Die Seite ist in Dutzenden von Sprachen verf\u00fcgbar und unterst\u00fctzt eine gro\u00dfe internationale Nutzerbasis, was sie besonders in Osteuropa, Lateinamerika, S\u00fcdostasien und dar\u00fcber hinaus beliebt macht.<\/p>\n<h2>Was ist der Zweck von Topface?<\/h2>\n<p>Topface wurde geschaffen, um Menschen dabei zu helfen, weltweit Kontakte zu kn\u00fcpfen, das Eis zu brechen und Beziehungen zu kn\u00fcpfen - romantische oder andere - durch lustige, interaktive Tools. Es ist eine Plattform, die an der Kreuzung von:<\/p>\n<ul>\n<li>Soziale Entdeckungen (neue Leute jenseits der eigenen Freundesgruppe kennenlernen)<\/li>\n<li>Online-Dating (Suche nach romantischen Partnern vor Ort oder weltweit)<\/li>\n<li>Gelegenheits-Chat (Freundschaften, Brieffreunde oder Sprachaustauschpartner)<\/li>\n<\/ul>\n<p>Das Hauptziel ist es, das Kennenlernen von Fremden im Internet einfach, ansprechend und ohne Druck zu gestalten - ohne die Exklusivit\u00e4t oder Intensit\u00e4t von Dating-Apps, die nur auf das Wischen ausgerichtet sind.<\/p>\n<h2>Wesentliche Merkmale<\/h2>\n<p>1. Profilerfassung und Browsing<br \/>\nMit Topface k\u00f6nnen Nutzer Profile nach Alter, Geschlecht, Ort und Interessen durchsuchen. Im Gegensatz zu reinen Swipe-Apps k\u00f6nnen Sie eine breite Palette von Nutzern erkunden, detaillierte Profile ansehen und entscheiden, mit wem Sie interagieren m\u00f6chten.<\/p>\n<p>2. System f\u00fcr Gleichartigkeit und \u00dcbereinstimmung<br \/>\nGegenseitiges Interesse wird durch eine vertraute Like\/Match-Mechanik signalisiert. Wenn sich zwei Nutzer m\u00f6gen, schalten sie Nachrichten und andere Funktionen frei und f\u00f6rdern so Verbindungen, die auf gemeinsamer Anziehung oder Neugier basieren.<\/p>\n<p>3. Nachrichten\u00fcbermittlung und Chat<br \/>\nSobald sie sich gefunden haben, k\u00f6nnen die Nutzer private Nachrichten, Fotos und Videos austauschen. Es gibt auch Funktionen zum Versenden von virtuellen Geschenken, Aufklebern und Sprachnotizen, die Unterhaltungen interaktiver machen.<\/p>\n<p>4. <a href=\"https:\/\/strangercam.com\/de\/rabbit-video-chat\/\">Video-Chat<\/a> und Livestreams<br \/>\nTopface bietet integrierte Video-Chat- und Live-Streaming-Tools, die es den Nutzern erm\u00f6glichen, in Echtzeit von Angesicht zu Angesicht zu interagieren. Live-Video hilft, Fake-Profile zu reduzieren und Vertrauen aufzubauen, bevor man sich offline trifft.<\/p>\n<p>5. System der virtuellen Geschenke und M\u00fcnzen<br \/>\nViele Funktionen, wie das Versenden von Geschenken, die Erh\u00f6hung der Sichtbarkeit des Profils oder das Freischalten von Premium-Filtern, nutzen das virtuelle M\u00fcnzsystem der Plattform. M\u00fcnzen k\u00f6nnen durch Aktivit\u00e4t verdient oder mit echtem Geld gekauft werden.<\/p>\n<p>6. Erweiterte Suchfilter<br \/>\nPremium-Nutzer k\u00f6nnen auf erweiterte Suchfunktionen zugreifen, um nach Interessen, Gewohnheiten, Bildung oder sogar Absicht (Dating, Freundschaft, Chatten usw.) zu filtern und so den Entdeckungsprozess zu verfeinern.<\/p>\n<p>7. Multiplattform-Unterst\u00fctzung<br \/>\nTopface funktioniert auf Desktop-Browsern, Android- und iOS-Apps - so k\u00f6nnen Sie sich jederzeit und \u00fcberall verbinden.<\/p>\n<p>8. Mehrsprachige Unterst\u00fctzung<br \/>\nDie Plattform unterst\u00fctzt Dutzende von Sprachen, von Englisch und Spanisch bis hin zu Russisch, T\u00fcrkisch, Vietnamesisch und anderen Sprachen, was sie f\u00fcr internationale Nutzer zug\u00e4nglich und freundlich macht.<\/p>\n<h2>Ist Topface kostenlos?<\/h2>\n<p>Der Beitritt zu Topface und die Nutzung der Grundfunktionen sind kostenlos. Sie k\u00f6nnen ein Profil erstellen, Benutzer durchsuchen, Likes senden und sogar einige Nachrichten kostenlos austauschen. Allerdings verwendet die Plattform ein Freemium-Modell, bei dem Premium-Funktionen M\u00fcnzen oder ein Abonnement erfordern.<\/p>\n<h3>Kostenlose Funktionen:<\/h3>\n<ul>\n<li>Registrierung und Profilerstellung<\/li>\n<li>Durchsuchen und Suchen von Profilen<\/li>\n<li>Senden und Empfangen von Likes<\/li>\n<li>Begrenzte Nachrichten\u00fcbermittlung (oft mit Einschr\u00e4nkungen)<\/li>\n<\/ul>\n<h3>Bezahlte Funktionen:<\/h3>\n<ul>\n<li>Unbegrenzte Chat- und Videoanrufe<\/li>\n<li>Versenden und Empfangen von virtuellen Geschenken<\/li>\n<li>Verbesserung der Sichtbarkeit des Profils<\/li>\n<li>Zugang zu erweiterten Filtern und Suchoptionen<\/li>\n<li>Anzeigen, wer Ihr Profil besucht oder gemocht hat<\/li>\n<\/ul>\n<p>Coins und Abonnements sind im Vergleich zu vielen westlichen Dating-Apps preiswert, aber die Nutzer sollten mit einigen Einschr\u00e4nkungen bei der kostenlosen Interaktion rechnen.<\/p>\n<h2>Wer benutzt Topface?<\/h2>\n<p>Topface ist wirklich global, mit einer vielf\u00e4ltigen und aktiven Nutzerbasis:<\/p>\n<ul>\n<li>Altersspanne: 18-40 ist am aktivsten, aber Nutzer aller Altersgruppen nehmen teil<\/li>\n<li>Ausgewogenheit der Geschlechter: Ausgewogener als typische Dating-Apps, mit starker weiblicher Beteiligung, insbesondere au\u00dferhalb Nordamerikas<\/li>\n<li>Geographie: Besonders beliebt in Russland, der Ukraine, der T\u00fcrkei, Brasilien, Indien, Thailand, Vietnam und Lateinamerika - aber Sie werden Nutzer aus fast allen L\u00e4ndern finden<\/li>\n<\/ul>\n<p>Viele Nutzer sind daran interessiert:<\/p>\n<ul>\n<li>Ungezwungenes Chatten und neue Freunde weltweit finden<\/li>\n<li><a href=\"https:\/\/strangercam.com\/de\/flirtbees\/\">Flirten<\/a> oder die Suche nach internationalen Liebespartnern<\/li>\n<li>Interkulturelle Beziehungen und Sprachaustausch<\/li>\n<li>Sichere, moderierte Online-Kontakte<\/li>\n<\/ul>\n<p>Im Gegensatz zu Nischen-Dating-Apps ist Topface auf eine Vielzahl von Absichten ausgerichtet - Sie finden hier also alles von ernsthaftem Dating und zwanglosen Treffen bis hin zu Brieffreunden und Gruppenchats.<\/p>\n<h2>Sicherheit, Datenschutz und Moderation<\/h2>\n<p>Topface verfolgt einen soliden Ansatz in Bezug auf die Sicherheit und die Moderation der Nutzer:<\/p>\n<h3>Privatsph\u00e4re:<\/h3>\n<ul>\n<li>F\u00fcr die Registrierung sind nur grundlegende Informationen erforderlich<\/li>\n<li>Optionen zur \u00dcberpr\u00fcfung per Telefon\/E-Mail sorgen f\u00fcr zus\u00e4tzliche Sicherheit<\/li>\n<li>Chats sind privat und f\u00fcr andere Nutzer nicht zug\u00e4nglich<\/li>\n<\/ul>\n<h3>Moderation:<\/h3>\n<ul>\n<li>Manuelle und automatische Profil\u00fcberpr\u00fcfung zur Einschr\u00e4nkung von gef\u00e4lschten Konten und Betrug<\/li>\n<li>Melden und Sperren im Chat zum Entfernen missbr\u00e4uchlicher oder verd\u00e4chtiger Nutzer<\/li>\n<li>Aktive Anti-Spam- und Anti-Betrugs-Erkennung<\/li>\n<\/ul>\n<h3>Benutzerkontrolle:<\/h3>\n<ul>\n<li>Kontrolle dar\u00fcber, wer Ihr Profil sehen oder Ihnen Nachrichten schicken kann<\/li>\n<li>Einstellungen f\u00fcr den Datenschutz und die Verwaltung von Benachrichtigungen<\/li>\n<\/ul>\n<p>Auch wenn die Plattform im Allgemeinen sicher ist, sollten Nutzer dennoch Vorsicht walten lassen - vor allem, wenn sie pers\u00f6nliche Daten weitergeben oder Unterhaltungen au\u00dferhalb der Plattform f\u00fchren.<\/p>\n<h2>Benutzererfahrung und Design<\/h2>\n<p>Topface verf\u00fcgt \u00fcber eine helle, benutzerfreundliche Oberfl\u00e4che, die auf allen Ger\u00e4ten gut funktioniert. Wichtigste Highlights:<\/p>\n<ul>\n<li>\u00dcbersichtliche Navigation und Profilkarten<\/li>\n<li>Farbenfrohe Symbole f\u00fcr Geschenke, Chat und Anpassung<\/li>\n<li>Schnelle Ladezeiten und zuverl\u00e4ssiges Videostreaming<\/li>\n<li>Responsive Design f\u00fcr die Nutzung von Handys und Tablets<\/li>\n<li>Mehrsprachige Men\u00fcs und Hilfeabschnitte<\/li>\n<\/ul>\n<p>Die Plattform vermeidet das werbe\u00fcberladene Durcheinander einiger globaler Dating-Seiten und konzentriert sich auf eine saubere Erfahrung mit nur gelegentlichen Werbebannern f\u00fcr Premium-Funktionen.<\/p>\n<h2>Topface im Vergleich zu anderen Social Dating Plattformen<\/h2>\n<p>Wie schneidet Topface im Vergleich zu anderen f\u00fchrenden Chat- und Dating-Plattformen ab?<\/p>\n<table>\n<thead>\n<tr>\n<th>Merkmal<\/th>\n<th>Oberseite<\/th>\n<th>Badoo<\/th>\n<th>Zunder<\/th>\n<th>Mamba<\/th>\n<th><a href=\"https:\/\/strangercam.com\/de\/azar-app\/\">Azar<\/a><\/th>\n<\/tr>\n<\/thead>\n<tbody>\n<tr>\n<td>Globale Benutzerbasis<\/td>\n<td>Ja<\/td>\n<td>Ja<\/td>\n<td>Ja<\/td>\n<td>Ja<\/td>\n<td>Ja<\/td>\n<\/tr>\n<tr>\n<td>Kostenlose Nachrichten\u00fcbermittlung<\/td>\n<td>Begrenzt<\/td>\n<td>Begrenzt<\/td>\n<td>Nein<\/td>\n<td>Begrenzt<\/td>\n<td>Begrenzt<\/td>\n<\/tr>\n<tr>\n<td>Video-Chat<\/td>\n<td>Ja<\/td>\n<td>Nein<\/td>\n<td>Nein<\/td>\n<td>Ja<\/td>\n<td>Ja<\/td>\n<\/tr>\n<tr>\n<td>Virtuelle Geschenke\/M\u00fcnzen<\/td>\n<td>Ja<\/td>\n<td>Ja<\/td>\n<td>Nein<\/td>\n<td>Ja<\/td>\n<td>Ja<\/td>\n<\/tr>\n<tr>\n<td>Profil Entdeckung<\/td>\n<td>Ja<\/td>\n<td>Ja<\/td>\n<td>Swipe<\/td>\n<td>Ja<\/td>\n<td>Zuf\u00e4llig<\/td>\n<\/tr>\n<tr>\n<td>Live-Streaming<\/td>\n<td>Ja<\/td>\n<td>Nein<\/td>\n<td>Nein<\/td>\n<td>Nein<\/td>\n<td>Nein<\/td>\n<\/tr>\n<tr>\n<td>Mehrsprachig<\/td>\n<td>Ja<\/td>\n<td>Ja<\/td>\n<td>Begrenzt<\/td>\n<td>Ja<\/td>\n<td>Ja<\/td>\n<\/tr>\n<\/tbody>\n<\/table>\n<p>Zusammenfassung: Topface hat mehr Funktionen als klassische Dating-Apps wie Tinder und bietet eine gr\u00f6\u00dfere internationale Reichweite als viele westliche Apps. Die Mischung aus Video, Chat und Spielen sorgt daf\u00fcr, dass sich die App sowohl f\u00fcr Einheimische als auch f\u00fcr internationale Nutzer lebendig und einladend anf\u00fchlt.<\/p>\n<h2>Pro und Kontra<\/h2>\n<p>Vorteile:<\/p>\n<ul>\n<li>Gro\u00dfe, internationale Nutzerbasis<\/li>\n<li>Kostenloser Beitritt mit grundlegenden Funktionen<\/li>\n<li>Video-Chat und Livestreams verf\u00fcgbar<\/li>\n<li>Spa\u00df, soziale Entdeckungselemente<\/li>\n<li>Kompatibilit\u00e4t mit Mobilger\u00e4ten und Desktops<\/li>\n<li>Starke Moderation und Datenschutzeinstellungen<\/li>\n<\/ul>\n<p>Nachteile:<\/p>\n<ul>\n<li>Voller Zugang erfordert M\u00fcnzen oder ein Abonnement<\/li>\n<li>Einige gef\u00e4lschte oder inaktive Profile (\u00fcblich auf allen gro\u00dfen Plattformen)<\/li>\n<li>Begrenzte kostenlose Nachrichten\u00fcbermittlung kann frustrierend sein<\/li>\n<li>In Nordamerika weniger beliebt als in Osteuropa, Asien oder S\u00fcdamerika<\/li>\n<\/ul>\n<h2>Ideale Anwendungsf\u00e4lle<\/h2>\n<p>Topface ist ideal f\u00fcr:<\/p>\n<ul>\n<li>Singles, die internationale Partnerschaften oder Freundschaften suchen<\/li>\n<li>Reisende oder Expats auf der Suche nach lokalen Verbindungen<\/li>\n<li>Menschen, die eine Mischung aus sozialen Netzwerken und Dating-Funktionen m\u00f6gen<\/li>\n<li>Jeder, der eine lebendige, videofreundliche Chat-Community sucht<\/li>\n<li>Nutzer, die an Sprachaustausch oder kultureller Entdeckung interessiert sind<\/li>\n<\/ul>\n<p>Es ist weniger ideal f\u00fcr:<\/p>\n<ul>\n<li>Diejenigen, die 100% kostenlose unbegrenzte Nachrichten\u00fcbermittlung w\u00fcnschen<\/li>\n<li>Menschen, die nur hyperlokales Dating suchen<\/li>\n<li>Benutzer, die sich mit globalen oder kultur\u00fcbergreifenden Interaktionen unwohl f\u00fchlen<\/li>\n<\/ul>\n<h2>Endg\u00fcltiges Urteil<\/h2>\n<p>Topface ist eine der vielseitigsten und internationalsten Chat- und Dating-Plattformen der Welt. Mit seiner lebhaften Nutzerbasis, den unterhaltsamen sozialen Funktionen und dem Schwerpunkt auf Video und interaktivem Chat ist es viel mehr als eine Dating-App - es ist ein Tor zu neuen Kulturen, Sprachen und Freundschaften sowie Romantik.<\/p>\n<p>Wenn Sie Ihren sozialen Horizont erweitern, Leute auf der ganzen Welt kennenlernen oder einfach nur ein unterhaltsames und ansprechendes Chat-Erlebnis genie\u00dfen m\u00f6chten, ist Topface im Jahr 2025 auf jeden Fall einen Versuch wert.<\/p>","protected":false},"excerpt":{"rendered":"<p>In a dating landscape crowded with apps and websites, only a few platforms manage to stand out on a global scale. Topface is one such platform\u2014blending elements of social discovery, traditional online dating, and casual chat into a single, multilingual experience. With millions of users worldwide and a reputation for cross-cultural connections, Topface has built [&hellip;]<\/p>\n","protected":false},"author":6,"featured_media":0,"parent":0,"menu_order":0,"comment_status":"closed","ping_status":"closed","template":"","meta":{"footnotes":""},"class_list":["post-12907","page","type-page","status-publish","hentry"],"yoast_head":"<!-- This site is optimized with the Yoast SEO plugin v27.4 - https:\/\/yoast.com\/product\/yoast-seo-wordpress\/ -->\n<title>Topface - Meet girls and guys, chat on StrangerCam.com<\/title>\n<meta name=\"description\" content=\"Like Topface? Come chat with more than 5.000.000 strangers on Stranger Cam for Free! Turn on your cam and find new friends &amp; maby a match!\" \/>\n<meta name=\"robots\" content=\"index, follow, max-snippet:-1, max-image-preview:large, max-video-preview:-1\" \/>\n<link rel=\"canonical\" href=\"https:\/\/strangercam.com\/de\/oberseite\/\" \/>\n<meta property=\"og:locale\" content=\"de_DE\" \/>\n<meta property=\"og:type\" content=\"article\" \/>\n<meta property=\"og:title\" content=\"Topface - Meet girls and guys, chat on StrangerCam.com\" \/>\n<meta property=\"og:description\" content=\"Like Topface? Come chat with more than 5.000.000 strangers on Stranger Cam for Free! Turn on your cam and find new friends &amp; maby a match!\" \/>\n<meta property=\"og:url\" content=\"https:\/\/strangercam.com\/de\/oberseite\/\" \/>\n<meta property=\"og:site_name\" content=\"Strangercam\" \/>\n<meta property=\"article:publisher\" content=\"https:\/\/www.facebook.com\/strangercam\" \/>\n<meta property=\"og:image\" content=\"https:\/\/strangercam.com\/wp-content\/uploads\/2021\/10\/Untitled-2.png\" \/>\n\t<meta property=\"og:image:width\" content=\"800\" \/>\n\t<meta property=\"og:image:height\" content=\"532\" \/>\n\t<meta property=\"og:image:type\" content=\"image\/png\" \/>\n<meta name=\"twitter:card\" content=\"summary_large_image\" \/>\n<meta name=\"twitter:site\" content=\"@strangercamapp\" \/>\n<meta name=\"twitter:label1\" content=\"Gesch\u00e4tzte Lesezeit\" \/>\n\t<meta name=\"twitter:data1\" content=\"6\u00a0Minuten\" \/>\n<script type=\"application\/ld+json\" class=\"yoast-schema-graph\">{\"@context\":\"https:\\\/\\\/schema.org\",\"@graph\":[{\"@type\":\"WebPage\",\"@id\":\"https:\\\/\\\/strangercam.com\\\/topface\\\/\",\"url\":\"https:\\\/\\\/strangercam.com\\\/topface\\\/\",\"name\":\"Topface - Meet girls and guys, chat on StrangerCam.com\",\"isPartOf\":{\"@id\":\"https:\\\/\\\/strangercam.com\\\/#website\"},\"datePublished\":\"2025-07-14T11:41:45+00:00\",\"description\":\"Like Topface? Come chat with more than 5.000.000 strangers on Stranger Cam for Free! Turn on your cam and find new friends & maby a match!\",\"breadcrumb\":{\"@id\":\"https:\\\/\\\/strangercam.com\\\/topface\\\/#breadcrumb\"},\"inLanguage\":\"de\",\"potentialAction\":[{\"@type\":\"ReadAction\",\"target\":[\"https:\\\/\\\/strangercam.com\\\/topface\\\/\"]}]},{\"@type\":\"BreadcrumbList\",\"@id\":\"https:\\\/\\\/strangercam.com\\\/topface\\\/#breadcrumb\",\"itemListElement\":[{\"@type\":\"ListItem\",\"position\":1,\"name\":\"Home\",\"item\":\"https:\\\/\\\/strangercam.com\\\/\"},{\"@type\":\"ListItem\",\"position\":2,\"name\":\"Topface\"}]},{\"@type\":\"WebSite\",\"@id\":\"https:\\\/\\\/strangercam.com\\\/#website\",\"url\":\"https:\\\/\\\/strangercam.com\\\/\",\"name\":\"Strangercam\",\"description\":\"Random Video Chat with Strangers\",\"publisher\":{\"@id\":\"https:\\\/\\\/strangercam.com\\\/#organization\"},\"alternateName\":\"Strangercam.com\",\"potentialAction\":[{\"@type\":\"SearchAction\",\"target\":{\"@type\":\"EntryPoint\",\"urlTemplate\":\"https:\\\/\\\/strangercam.com\\\/?s={search_term_string}\"},\"query-input\":{\"@type\":\"PropertyValueSpecification\",\"valueRequired\":true,\"valueName\":\"search_term_string\"}}],\"inLanguage\":\"de\"},{\"@type\":\"Organization\",\"@id\":\"https:\\\/\\\/strangercam.com\\\/#organization\",\"name\":\"Strangercam\",\"alternateName\":\"Strangercam.com\",\"url\":\"https:\\\/\\\/strangercam.com\\\/\",\"logo\":{\"@type\":\"ImageObject\",\"inLanguage\":\"de\",\"@id\":\"https:\\\/\\\/strangercam.com\\\/#\\\/schema\\\/logo\\\/image\\\/\",\"url\":\"https:\\\/\\\/strangercam.com\\\/wp-content\\\/uploads\\\/2020\\\/11\\\/cropped-new-favicon-black.png\",\"contentUrl\":\"https:\\\/\\\/strangercam.com\\\/wp-content\\\/uploads\\\/2020\\\/11\\\/cropped-new-favicon-black.png\",\"width\":512,\"height\":512,\"caption\":\"Strangercam\"},\"image\":{\"@id\":\"https:\\\/\\\/strangercam.com\\\/#\\\/schema\\\/logo\\\/image\\\/\"},\"sameAs\":[\"https:\\\/\\\/www.facebook.com\\\/strangercam\",\"https:\\\/\\\/x.com\\\/strangercamapp\"]}]}<\/script>\n<!-- \/ Yoast SEO plugin. -->","yoast_head_json":{"title":"Topface - Triff M\u00e4dchen und Jungs, chatte auf StrangerCam.com","description":"Magst du Topface? Komm und chatte mit mehr als 5.000.000 Fremden auf Stranger Cam - kostenlos! Schalte deine Kamera ein und finde neue Freunde und vielleicht einen Partner!","robots":{"index":"index","follow":"follow","max-snippet":"max-snippet:-1","max-image-preview":"max-image-preview:large","max-video-preview":"max-video-preview:-1"},"canonical":"https:\/\/strangercam.com\/de\/oberseite\/","og_locale":"de_DE","og_type":"article","og_title":"Topface - Meet girls and guys, chat on StrangerCam.com","og_description":"Like Topface? Come chat with more than 5.000.000 strangers on Stranger Cam for Free! Turn on your cam and find new friends & maby a match!","og_url":"https:\/\/strangercam.com\/de\/oberseite\/","og_site_name":"Strangercam","article_publisher":"https:\/\/www.facebook.com\/strangercam","og_image":[{"width":800,"height":532,"url":"https:\/\/strangercam.com\/wp-content\/uploads\/2021\/10\/Untitled-2.png","type":"image\/png"}],"twitter_card":"summary_large_image","twitter_site":"@strangercamapp","twitter_misc":{"Gesch\u00e4tzte Lesezeit":"6\u00a0Minuten"},"schema":{"@context":"https:\/\/schema.org","@graph":[{"@type":"WebPage","@id":"https:\/\/strangercam.com\/topface\/","url":"https:\/\/strangercam.com\/topface\/","name":"Topface - Triff M\u00e4dchen und Jungs, chatte auf StrangerCam.com","isPartOf":{"@id":"https:\/\/strangercam.com\/#website"},"datePublished":"2025-07-14T11:41:45+00:00","description":"Magst du Topface? Komm und chatte mit mehr als 5.000.000 Fremden auf Stranger Cam - kostenlos! Schalte deine Kamera ein und finde neue Freunde und vielleicht einen Partner!","breadcrumb":{"@id":"https:\/\/strangercam.com\/topface\/#breadcrumb"},"inLanguage":"de","potentialAction":[{"@type":"ReadAction","target":["https:\/\/strangercam.com\/topface\/"]}]},{"@type":"BreadcrumbList","@id":"https:\/\/strangercam.com\/topface\/#breadcrumb","itemListElement":[{"@type":"ListItem","position":1,"name":"Home","item":"https:\/\/strangercam.com\/"},{"@type":"ListItem","position":2,"name":"Topface"}]},{"@type":"WebSite","@id":"https:\/\/strangercam.com\/#website","url":"https:\/\/strangercam.com\/","name":"Strangercam","description":"Zuf\u00e4lliger Video-Chat mit Fremden","publisher":{"@id":"https:\/\/strangercam.com\/#organization"},"alternateName":"Strangercam.com","potentialAction":[{"@type":"SearchAction","target":{"@type":"EntryPoint","urlTemplate":"https:\/\/strangercam.com\/?s={search_term_string}"},"query-input":{"@type":"PropertyValueSpecification","valueRequired":true,"valueName":"search_term_string"}}],"inLanguage":"de"},{"@type":"Organization","@id":"https:\/\/strangercam.com\/#organization","name":"Strangercam","alternateName":"Strangercam.com","url":"https:\/\/strangercam.com\/","logo":{"@type":"ImageObject","inLanguage":"de","@id":"https:\/\/strangercam.com\/#\/schema\/logo\/image\/","url":"https:\/\/strangercam.com\/wp-content\/uploads\/2020\/11\/cropped-new-favicon-black.png","contentUrl":"https:\/\/strangercam.com\/wp-content\/uploads\/2020\/11\/cropped-new-favicon-black.png","width":512,"height":512,"caption":"Strangercam"},"image":{"@id":"https:\/\/strangercam.com\/#\/schema\/logo\/image\/"},"sameAs":["https:\/\/www.facebook.com\/strangercam","https:\/\/x.com\/strangercamapp"]}]}},"_links":{"self":[{"href":"https:\/\/strangercam.com\/de\/wp-json\/wp\/v2\/pages\/12907","targetHints":{"allow":["GET"]}}],"collection":[{"href":"https:\/\/strangercam.com\/de\/wp-json\/wp\/v2\/pages"}],"about":[{"href":"https:\/\/strangercam.com\/de\/wp-json\/wp\/v2\/types\/page"}],"author":[{"embeddable":true,"href":"https:\/\/strangercam.com\/de\/wp-json\/wp\/v2\/users\/6"}],"replies":[{"embeddable":true,"href":"https:\/\/strangercam.com\/de\/wp-json\/wp\/v2\/comments?post=12907"}],"version-history":[{"count":1,"href":"https:\/\/strangercam.com\/de\/wp-json\/wp\/v2\/pages\/12907\/revisions"}],"predecessor-version":[{"id":12908,"href":"https:\/\/strangercam.com\/de\/wp-json\/wp\/v2\/pages\/12907\/revisions\/12908"}],"wp:attachment":[{"href":"https:\/\/strangercam.com\/de\/wp-json\/wp\/v2\/media?parent=12907"}],"curies":[{"name":"wp","href":"https:\/\/api.w.org\/{rel}","templated":true}]}}