{"id":12905,"date":"2025-07-14T13:38:21","date_gmt":"2025-07-14T11:38:21","guid":{"rendered":"https:\/\/strangercam.com\/?page_id=12905"},"modified":"2025-07-14T13:38:21","modified_gmt":"2025-07-14T11:38:21","slug":"stranger-space","status":"publish","type":"page","link":"https:\/\/strangercam.com\/de\/stranger-space\/","title":{"rendered":"Fremder Raum"},"content":{"rendered":"<p>Bei so vielen Zufallsvideos <a href=\"https:\/\/strangercam.com\/de\/chathub\/\">Chat<\/a> Unter den vielen Plattformen, die im Jahr 2025 um Aufmerksamkeit wetteifern, ist es selten, eine Seite zu finden, die Anonymit\u00e4t, Sicherheit und ein modernes Nutzererlebnis so gut miteinander verbindet wie Stranger Space. Stranger Space wurde f\u00fcr Nutzer entwickelt, die spontane Kontakte von Angesicht zu Angesicht suchen - aber ohne die Fallstricke, die \u00e4ltere Plattformen geplagt haben - und hebt sich durch kluge Designentscheidungen, integrierte Moderation und eine frische, einladende Atmosph\u00e4re ab.<\/p>\n<p>Aber ist Stranger Space der beste neue Ort f\u00fcr Videochats mit Fremden? Ist es sicher, einfach zu benutzen und macht es wirklich Spa\u00df? In diesem ausf\u00fchrlichen Bericht erfahren Sie alles, was Sie wissen m\u00fcssen: wie es funktioniert, wer es nutzt, was es auszeichnet und wie es im Vergleich zu anderen Top-Videochatseiten im Jahr 2025 abschneidet.<\/p>\n<h2>Was ist Stranger Space?<\/h2>\n<p>Stranger Space ist eine kostenlose, browserbasierte Zufalls-Videochat-Plattform, die Sie sofort mit Fremden aus der ganzen Welt verbindet. Nutzer k\u00f6nnen private, pers\u00f6nliche Videoanrufe t\u00e4tigen oder zum Textchat wechseln, ohne ein Konto erstellen oder eine App herunterladen zu m\u00fcssen.<\/p>\n<p>Der Schwerpunkt liegt auf einer einfachen, anonymen Kommunikation in Echtzeit. Du \u00f6ffnest einfach die Seite, aktivierst deine Webcam und dein Mikrofon und klickst, um mit dem Chatten zu beginnen. Die \u00fcbersichtliche Oberfl\u00e4che und das moderne Design von Stranger Space bedeuten, dass Sie innerhalb von Sekunden mit jemandem sprechen k\u00f6nnen.<\/p>\n<h2>Was ist der Zweck von Stranger Space?<\/h2>\n<p>Stranger Space hat es sich zur Aufgabe gemacht, den Reiz und die Einfachheit klassischer Zufalls-Chat-Plattformen wiederzubeleben und gleichzeitig die Sicherheits-, Datenschutz- und Benutzerfreundlichkeitsm\u00e4ngel zu beheben, die Websites wie <a href=\"https:\/\/strangercam.com\/de\/omegle\/\">Omegle<\/a> ber\u00fcchtigt.<\/p>\n<p>Stranger Space ist gebaut f\u00fcr:<\/p>\n<ul>\n<li>Menschen, die spontane, ungeschriebene Interaktionen von Angesicht zu Angesicht w\u00fcnschen<\/li>\n<li>Nutzer, die Wert auf Anonymit\u00e4t und Datenschutz legen<\/li>\n<li>Wer genug hat von endlosen Profilen, Social Feeds und Swiping<\/li>\n<li>Sprachsch\u00fcler und Reisende, die ihren Horizont erweitern m\u00f6chten<\/li>\n<\/ul>\n<p>Vor allem geht es darum, Menschen schnell und sicher miteinander in Kontakt zu bringen, neue Kulturen, Ideen und Freundschaften kennenzulernen - oder einfach nur nach einem langen Tag etwas Dampf abzulassen.<\/p>\n<h2>Wesentliche Merkmale<\/h2>\n<p>1. Anonymer Eins-zu-Eins-Videochat<br \/>\nDas Herzst\u00fcck von Stranger Space ist der private, zuf\u00e4llige Videochat. Klicken Sie auf \"Start\", und Sie werden sofort mit einem anderen Nutzer irgendwo auf der Welt verbunden. Es gibt keine Konten, es sind keine pers\u00f6nlichen Daten erforderlich, und jede Unterhaltung ist einzigartig.<\/p>\n<p>2. \u00dcberspringen\/N\u00e4chste Taste<br \/>\nWenn die Konversation nicht gut l\u00e4uft oder Sie einfach nur einen Wechsel w\u00fcnschen, klicken Sie einfach auf \"Weiter\". Sie werden sofort mit einem anderen Benutzer zusammengebracht. Durch diese schnelle Abwechslung bleibt das Erlebnis frisch und dynamisch.<\/p>\n<p>3. Text-Chat-Option<br \/>\nF\u00fcr diejenigen, die kamerascheu sind oder Bandbreitenprobleme haben, bietet Stranger Space einen reinen Textmodus. Sie k\u00f6nnen nach Belieben zwischen Text und Video hin- und herschalten, was die Anwendung f\u00fcr alle Arten von Nutzern vielseitig macht.<\/p>\n<p>4. Keine Registrierung oder Downloads<br \/>\nSie m\u00fcssen nie ein Konto erstellen, ein Profil einrichten oder Software herunterladen. Stranger Space l\u00e4uft direkt in Ihrem Browser, sowohl auf dem Desktop als auch auf dem Handy.<\/p>\n<p>5. Modernes, reaktionsf\u00e4higes Design<br \/>\nStranger Space zeichnet sich durch seine schlanke, minimalistische Oberfl\u00e4che aus. Die Website wird schnell geladen, die Bedienelemente sind leicht zu finden und die Videoqualit\u00e4t ist hervorragend - sogar auf mobilen Browsern.<\/p>\n<p>6. Sicherheit und Moderationshilfen<br \/>\nStranger Space legt Wert auf Sicherheit mit einer sichtbaren Melden-Schaltfl\u00e4che in jedem Chat, einer grundlegenden KI-gesteuerten Nacktheits- und Missbrauchserkennung und menschlicher Moderation in Echtzeit w\u00e4hrend der Hauptgesch\u00e4ftszeiten.<\/p>\n<p>7. Mehrsprachige und internationale Benutzerbasis<br \/>\nDie Plattform unterst\u00fctzt Nutzer auf der ganzen Welt und ist damit ein gro\u00dfartiger Ort, um Sprachen zu \u00fcben, neue Kulturen zu entdecken oder einfach Freunde aus der Ferne zu finden.<\/p>\n<h2>Ist Stranger Space frei?<\/h2>\n<p>Yes-Stranger Space kann v\u00f6llig kostenlos genutzt werden. Es gibt keine:<\/p>\n<ul>\n<li>Paywalls oder Abonnements<\/li>\n<li>M\u00fcnzen, Token oder In-App-K\u00e4ufe<\/li>\n<li>Gesperrte Funktionen<\/li>\n<\/ul>\n<p>Alle Nutzer haben Zugang zum Video- und Text-Chat, zur Skip-Funktion und zu Moderationsfunktionen. Die Plattform kann nicht-intrusive Werbung anzeigen, um die Kosten zu decken, aber diese beeintr\u00e4chtigt nicht das eigentliche Chat-Erlebnis.<\/p>\n<h2>Wer nutzt den Stranger Space?<\/h2>\n<p>Das moderne Erscheinungsbild und die Sicherheitsfunktionen der Plattform ziehen eine vielf\u00e4ltige, globale Nutzerbasis an. Die meisten Nutzer sind:<\/p>\n<ul>\n<li>18 bis 35 Jahre alt (die Plattform ist nur f\u00fcr Erwachsene)<\/li>\n<li>Aus den Vereinigten Staaten, dem Vereinigten K\u00f6nigreich, Indien, Deutschland, Brasilien, Kanada und S\u00fcdostasien<\/li>\n<li>Aufgeteilt zwischen Menschen, die eine freundliche Unterhaltung, einen Sprachaustausch und einen lockeren Flirt suchen<\/li>\n<\/ul>\n<p>Im Gegensatz zu anderen Video-Chat-Sites spricht Stranger Space aufgrund seines Engagements f\u00fcr Sicherheit und Privatsph\u00e4re sowohl M\u00e4nner als auch Frauen an, wobei die Geschlechterbeteiligung ausgewogener ist als in dieser Nische \u00fcblich.<\/p>\n<h2>Sicherheit, Datenschutz und Moderation<\/h2>\n<p>Sicherheit und Datenschutz haben f\u00fcr Stranger Space oberste Priorit\u00e4t, und das zeigt sich in mehrfacher Hinsicht:<\/p>\n<h3>Datenschutz<\/h3>\n<ul>\n<li>Keine Registrierung oder Profilerstellung<\/li>\n<li>Gespr\u00e4che werden niemals aufgezeichnet oder gespeichert<\/li>\n<li>Ihre Webcam und Ihr Mikrofon sind nur w\u00e4hrend Ihrer Sitzung aktiv.<\/li>\n<li>Es werden keine pers\u00f6nlichen Daten gesammelt oder mit anderen Nutzern geteilt.<\/li>\n<\/ul>\n<h3>Moderation<\/h3>\n<ul>\n<li>Melden von Missbrauch, Nacktheit oder Spam im Chat<\/li>\n<li>KI-gest\u00fctzte Erkennung zur automatischen Kennzeichnung unangemessener Inhalte<\/li>\n<li>Manuelle Moderation in Sto\u00dfzeiten<\/li>\n<li>Schnelles Verbot f\u00fcr Wiederholungst\u00e4ter<\/li>\n<\/ul>\n<h3>Benutzerrichtlinien<\/h3>\n<ul>\n<li>Die Plattform ist nur f\u00fcr Erwachsene (18+)<\/li>\n<li>Den Benutzern wird dringend empfohlen, keine pers\u00f6nlichen Informationen weiterzugeben<\/li>\n<li>Die Gemeinschaftsstandards verbieten Nacktheit, Bel\u00e4stigung und illegale Aktivit\u00e4ten<\/li>\n<\/ul>\n<p>Diese Systeme arbeiten zusammen, um eine sicherere und einladendere Chat-Umgebung zu schaffen - obwohl, wie bei allen anonymen Plattformen, ein gewisses Risiko bleibt und die Nutzer immer vorsichtig sein sollten.<\/p>\n<h2>Benutzererfahrung und Design<\/h2>\n<p>Stranger Space bietet eine moderne, schnelle und \u00fcbersichtliche Erfahrung:<\/p>\n<ul>\n<li>Die Homepage bietet eine einfache \"Start\"-Schaltfl\u00e4che, kurze Sicherheitsinformationen und direkten Zugang zum Chat<\/li>\n<li>Die Video\u00fcbertragungen sind gro\u00df, klar und passen sich gut an verschiedene Bildschirmgr\u00f6\u00dfen an.<\/li>\n<li>Die Steuerelemente f\u00fcr \"Weiter\", \"Bericht\", Stummschaltung und Umschalten zwischen Text und Video sind immer sichtbar und leicht zu bedienen<\/li>\n<\/ul>\n<p>Sowohl auf dem Desktop als auch auf dem Handy sind die Ladezeiten kurz und die Plattform funktioniert reibungslos. Im Gegensatz zu \u00e4lteren Websites scheint Stranger Space speziell f\u00fcr die heutigen Internetgeschwindigkeiten und Ger\u00e4te entwickelt worden zu sein.<\/p>\n<h2>Stranger Space im Vergleich zu anderen zuf\u00e4lligen Video-Chat-Plattformen<\/h2>\n<p>Wie schneidet Stranger Space im Vergleich zu anderen f\u00fchrenden Videochatseiten ab?<\/p>\n<table>\n<thead>\n<tr>\n<th>Merkmal<\/th>\n<th>Fremder Raum<\/th>\n<th>Ohmegle<\/th>\n<th><a href=\"https:\/\/strangercam.com\/de\/ometv\/\">OmeTV<\/a><\/th>\n<th>Chatrandom<\/th>\n<th>Chaty<\/th>\n<\/tr>\n<\/thead>\n<tbody>\n<tr>\n<td>Video-Chat<\/td>\n<td>Ja<\/td>\n<td>Ja<\/td>\n<td>Ja<\/td>\n<td>Ja<\/td>\n<td>Ja<\/td>\n<\/tr>\n<tr>\n<td>Text-Chat-Option<\/td>\n<td>Ja<\/td>\n<td>Ja<\/td>\n<td>Ja<\/td>\n<td>Ja<\/td>\n<td>Ja<\/td>\n<\/tr>\n<tr>\n<td>Registrierung erforderlich<\/td>\n<td>Nein<\/td>\n<td>Nein<\/td>\n<td>Nein<\/td>\n<td>Optional<\/td>\n<td>Nein<\/td>\n<\/tr>\n<tr>\n<td>Mobilfreundlich<\/td>\n<td>Ausgezeichnet<\/td>\n<td>Ausgezeichnet<\/td>\n<td>Gut<\/td>\n<td>Gut<\/td>\n<td>Ausgezeichnet<\/td>\n<\/tr>\n<tr>\n<td>Moderation\/Berichterstattung<\/td>\n<td>Stark<\/td>\n<td>M\u00e4\u00dfig<\/td>\n<td>Stark<\/td>\n<td>M\u00e4\u00dfig<\/td>\n<td>M\u00e4\u00dfig<\/td>\n<\/tr>\n<tr>\n<td>Frei zu verwenden<\/td>\n<td>Ja<\/td>\n<td>Ja<\/td>\n<td>Ja<\/td>\n<td>Ja\/Bezahlt<\/td>\n<td>Ja<\/td>\n<\/tr>\n<tr>\n<td>Geschlecht\/Region-Filter<\/td>\n<td>Nein<\/td>\n<td>Nein<\/td>\n<td>Bezahlt<\/td>\n<td>Bezahlt<\/td>\n<td>Nein<\/td>\n<\/tr>\n<\/tbody>\n<\/table>\n<p>Zusammenfassung: Stranger Space kommt Ohmegle und Chaty geistig am n\u00e4chsten, zeichnet sich aber durch eine moderne Benutzeroberfl\u00e4che und eine proaktivere Moderation aus. Im Gegensatz zu OmeTV und Chatrandom werden hier keine Funktionen hinter einer Bezahlschranke gesperrt oder m\u00fcssen angemeldet werden.<\/p>\n<h2>Pro und Kontra<\/h2>\n<p>Vorteile:<\/p>\n<ul>\n<li>V\u00f6llig kostenlos und anonym<\/li>\n<li>Keine Anmeldung oder Download erforderlich<\/li>\n<li>Modernes, mobilfreundliches Design<\/li>\n<li>Starke Moderations- und Sicherheitsfunktionen<\/li>\n<li>Schnelles, einfaches Abgleichen und \u00dcberspringen<\/li>\n<li>Globale, mehrsprachige Nutzerbasis<\/li>\n<\/ul>\n<p>Nachteile:<\/p>\n<ul>\n<li>Keine Filter f\u00fcr Geschlecht oder Region (\u00dcbereinstimmungen sind v\u00f6llig zuf\u00e4llig)<\/li>\n<li>Gelegentlicher unangemessener Inhalt, trotz Moderation<\/li>\n<li>Keine Profile, Benutzerhistorie oder Wiederholungsoptionen<\/li>\n<li>Einige Benutzer k\u00f6nnen die Verbindung schnell unterbrechen oder h\u00e4ufig \u00fcberspringen<\/li>\n<\/ul>\n<h2>Ideale Anwendungsf\u00e4lle<\/h2>\n<p>Stranger Space ist perfekt f\u00fcr:<\/p>\n<ul>\n<li>Nutzer, die einen reinen, spontanen Video- oder Text-Chat w\u00fcnschen<\/li>\n<li>Jeder, der Wert auf Privatsph\u00e4re und eine saubere, moderne Oberfl\u00e4che legt<\/li>\n<li>Sprachlerner und Kulturentdecker<\/li>\n<li>Menschen, die einen Zeitvertreib oder ein freundliches Gespr\u00e4ch suchen<\/li>\n<li>Erwachsene, die eine sicherere Alternative zum Legacy-Chat suchen <a href=\"https:\/\/strangercam.com\/de\/chatroulette\/\">roulette<\/a> Standorte<\/li>\n<\/ul>\n<p>Es ist weniger geeignet f\u00fcr:<\/p>\n<ul>\n<li>Diejenigen, die kuratierte Dating- oder Matchmaking-Funktionen suchen<\/li>\n<li>Minderj\u00e4hrige Nutzer (18+)<\/li>\n<li>Personen, die nach Geschlecht, Land oder Interessen filtern m\u00f6chten<\/li>\n<\/ul>\n<h2>Endg\u00fcltiges Urteil<\/h2>\n<p>Stranger Space ist eine der am besten gestalteten und sichersten Zufalls-Videochat-Plattformen, die im Jahr 2025 verf\u00fcgbar sind. Durch die Fokussierung auf Anonymit\u00e4t, moderne Benutzerfreundlichkeit und Benutzerschutz bringt es das klassische Chat-Roulette-Erlebnis in eine neue \u00c4ra - ohne das Chaos und das Risiko, das das Genre einst bestimmte.<\/p>\n<p>Wenn Sie auf der Suche nach einem Ort sind, an dem Sie <a href=\"https:\/\/strangercam.com\/de\/coomeet\/\">treffen<\/a> Wenn Sie Fremde aus der ganzen Welt kennenlernen, ungeschriebene Gespr\u00e4che f\u00fchren oder einfach nur den Nervenkitzel eines anonymen Videochats erleben m\u00f6chten, ist Stranger Space einen Versuch wert. Die \u00fcbersichtliche Benutzeroberfl\u00e4che, der schnelle Abgleich und die proaktive Moderation machen es zu einer hervorragenden Wahl f\u00fcr alle, die sich nach menschlichen Kontakten in Echtzeit sehnen - keine Anmeldung, keine Downloads, keine Bedingungen.<\/p>","protected":false},"excerpt":{"rendered":"<p>With so many random video chat platforms vying for attention in 2025, it\u2019s rare to find a site that balances anonymity, safety, and a modern user experience as well as Stranger Space. Designed for users who want spontaneous face-to-face connections\u2014but without the pitfalls that plagued older platforms\u2014Stranger Space sets itself apart through smart design choices, [&hellip;]<\/p>\n","protected":false},"author":6,"featured_media":0,"parent":0,"menu_order":0,"comment_status":"closed","ping_status":"closed","template":"","meta":{"footnotes":""},"class_list":["post-12905","page","type-page","status-publish","hentry"],"yoast_head":"<!-- This site is optimized with the Yoast SEO plugin v27.4 - https:\/\/yoast.com\/product\/yoast-seo-wordpress\/ -->\n<title>Stranger Space - Talk to Strangers for Free on StrangerCam.com<\/title>\n<meta name=\"description\" content=\"Like Stranger Space? Come chat with more than 5.000.000 strangers on Stranger Cam for Free! Turn on your cam and find new friends &amp; maby a match!\" \/>\n<meta name=\"robots\" content=\"index, follow, max-snippet:-1, max-image-preview:large, max-video-preview:-1\" \/>\n<link rel=\"canonical\" href=\"https:\/\/strangercam.com\/de\/stranger-space\/\" \/>\n<meta property=\"og:locale\" content=\"de_DE\" \/>\n<meta property=\"og:type\" content=\"article\" \/>\n<meta property=\"og:title\" content=\"Stranger Space - Talk to Strangers for Free on StrangerCam.com\" \/>\n<meta property=\"og:description\" content=\"Like Stranger Space? Come chat with more than 5.000.000 strangers on Stranger Cam for Free! Turn on your cam and find new friends &amp; maby a match!\" \/>\n<meta property=\"og:url\" content=\"https:\/\/strangercam.com\/de\/stranger-space\/\" \/>\n<meta property=\"og:site_name\" content=\"Strangercam\" \/>\n<meta property=\"article:publisher\" content=\"https:\/\/www.facebook.com\/strangercam\" \/>\n<meta property=\"og:image\" content=\"https:\/\/strangercam.com\/wp-content\/uploads\/2021\/10\/Untitled-2.png\" \/>\n\t<meta property=\"og:image:width\" content=\"800\" \/>\n\t<meta property=\"og:image:height\" content=\"532\" \/>\n\t<meta property=\"og:image:type\" content=\"image\/png\" \/>\n<meta name=\"twitter:card\" content=\"summary_large_image\" \/>\n<meta name=\"twitter:site\" content=\"@strangercamapp\" \/>\n<meta name=\"twitter:label1\" content=\"Gesch\u00e4tzte Lesezeit\" \/>\n\t<meta name=\"twitter:data1\" content=\"6\u00a0Minuten\" \/>\n<script type=\"application\/ld+json\" class=\"yoast-schema-graph\">{\"@context\":\"https:\\\/\\\/schema.org\",\"@graph\":[{\"@type\":\"WebPage\",\"@id\":\"https:\\\/\\\/strangercam.com\\\/stranger-space\\\/\",\"url\":\"https:\\\/\\\/strangercam.com\\\/stranger-space\\\/\",\"name\":\"Stranger Space - Talk to Strangers for Free on StrangerCam.com\",\"isPartOf\":{\"@id\":\"https:\\\/\\\/strangercam.com\\\/#website\"},\"datePublished\":\"2025-07-14T11:38:21+00:00\",\"description\":\"Like Stranger Space? Come chat with more than 5.000.000 strangers on Stranger Cam for Free! Turn on your cam and find new friends & maby a match!\",\"breadcrumb\":{\"@id\":\"https:\\\/\\\/strangercam.com\\\/stranger-space\\\/#breadcrumb\"},\"inLanguage\":\"de\",\"potentialAction\":[{\"@type\":\"ReadAction\",\"target\":[\"https:\\\/\\\/strangercam.com\\\/stranger-space\\\/\"]}]},{\"@type\":\"BreadcrumbList\",\"@id\":\"https:\\\/\\\/strangercam.com\\\/stranger-space\\\/#breadcrumb\",\"itemListElement\":[{\"@type\":\"ListItem\",\"position\":1,\"name\":\"Home\",\"item\":\"https:\\\/\\\/strangercam.com\\\/\"},{\"@type\":\"ListItem\",\"position\":2,\"name\":\"Stranger Space\"}]},{\"@type\":\"WebSite\",\"@id\":\"https:\\\/\\\/strangercam.com\\\/#website\",\"url\":\"https:\\\/\\\/strangercam.com\\\/\",\"name\":\"Strangercam\",\"description\":\"Random Video Chat with Strangers\",\"publisher\":{\"@id\":\"https:\\\/\\\/strangercam.com\\\/#organization\"},\"alternateName\":\"Strangercam.com\",\"potentialAction\":[{\"@type\":\"SearchAction\",\"target\":{\"@type\":\"EntryPoint\",\"urlTemplate\":\"https:\\\/\\\/strangercam.com\\\/?s={search_term_string}\"},\"query-input\":{\"@type\":\"PropertyValueSpecification\",\"valueRequired\":true,\"valueName\":\"search_term_string\"}}],\"inLanguage\":\"de\"},{\"@type\":\"Organization\",\"@id\":\"https:\\\/\\\/strangercam.com\\\/#organization\",\"name\":\"Strangercam\",\"alternateName\":\"Strangercam.com\",\"url\":\"https:\\\/\\\/strangercam.com\\\/\",\"logo\":{\"@type\":\"ImageObject\",\"inLanguage\":\"de\",\"@id\":\"https:\\\/\\\/strangercam.com\\\/#\\\/schema\\\/logo\\\/image\\\/\",\"url\":\"https:\\\/\\\/strangercam.com\\\/wp-content\\\/uploads\\\/2020\\\/11\\\/cropped-new-favicon-black.png\",\"contentUrl\":\"https:\\\/\\\/strangercam.com\\\/wp-content\\\/uploads\\\/2020\\\/11\\\/cropped-new-favicon-black.png\",\"width\":512,\"height\":512,\"caption\":\"Strangercam\"},\"image\":{\"@id\":\"https:\\\/\\\/strangercam.com\\\/#\\\/schema\\\/logo\\\/image\\\/\"},\"sameAs\":[\"https:\\\/\\\/www.facebook.com\\\/strangercam\",\"https:\\\/\\\/x.com\\\/strangercamapp\"]}]}<\/script>\n<!-- \/ Yoast SEO plugin. -->","yoast_head_json":{"title":"Stranger Space - Sprich kostenlos mit Fremden auf StrangerCam.com","description":"Magst du Stranger Space? Komm und chatte mit mehr als 5.000.000 Fremden auf Stranger Cam kostenlos! Schalte deine Kamera ein und finde neue Freunde und vielleicht einen Partner!","robots":{"index":"index","follow":"follow","max-snippet":"max-snippet:-1","max-image-preview":"max-image-preview:large","max-video-preview":"max-video-preview:-1"},"canonical":"https:\/\/strangercam.com\/de\/stranger-space\/","og_locale":"de_DE","og_type":"article","og_title":"Stranger Space - Talk to Strangers for Free on StrangerCam.com","og_description":"Like Stranger Space? Come chat with more than 5.000.000 strangers on Stranger Cam for Free! Turn on your cam and find new friends & maby a match!","og_url":"https:\/\/strangercam.com\/de\/stranger-space\/","og_site_name":"Strangercam","article_publisher":"https:\/\/www.facebook.com\/strangercam","og_image":[{"width":800,"height":532,"url":"https:\/\/strangercam.com\/wp-content\/uploads\/2021\/10\/Untitled-2.png","type":"image\/png"}],"twitter_card":"summary_large_image","twitter_site":"@strangercamapp","twitter_misc":{"Gesch\u00e4tzte Lesezeit":"6\u00a0Minuten"},"schema":{"@context":"https:\/\/schema.org","@graph":[{"@type":"WebPage","@id":"https:\/\/strangercam.com\/stranger-space\/","url":"https:\/\/strangercam.com\/stranger-space\/","name":"Stranger Space - Sprich kostenlos mit Fremden auf StrangerCam.com","isPartOf":{"@id":"https:\/\/strangercam.com\/#website"},"datePublished":"2025-07-14T11:38:21+00:00","description":"Magst du Stranger Space? Komm und chatte mit mehr als 5.000.000 Fremden auf Stranger Cam kostenlos! Schalte deine Kamera ein und finde neue Freunde und vielleicht einen Partner!","breadcrumb":{"@id":"https:\/\/strangercam.com\/stranger-space\/#breadcrumb"},"inLanguage":"de","potentialAction":[{"@type":"ReadAction","target":["https:\/\/strangercam.com\/stranger-space\/"]}]},{"@type":"BreadcrumbList","@id":"https:\/\/strangercam.com\/stranger-space\/#breadcrumb","itemListElement":[{"@type":"ListItem","position":1,"name":"Home","item":"https:\/\/strangercam.com\/"},{"@type":"ListItem","position":2,"name":"Stranger Space"}]},{"@type":"WebSite","@id":"https:\/\/strangercam.com\/#website","url":"https:\/\/strangercam.com\/","name":"Strangercam","description":"Zuf\u00e4lliger Video-Chat mit Fremden","publisher":{"@id":"https:\/\/strangercam.com\/#organization"},"alternateName":"Strangercam.com","potentialAction":[{"@type":"SearchAction","target":{"@type":"EntryPoint","urlTemplate":"https:\/\/strangercam.com\/?s={search_term_string}"},"query-input":{"@type":"PropertyValueSpecification","valueRequired":true,"valueName":"search_term_string"}}],"inLanguage":"de"},{"@type":"Organization","@id":"https:\/\/strangercam.com\/#organization","name":"Strangercam","alternateName":"Strangercam.com","url":"https:\/\/strangercam.com\/","logo":{"@type":"ImageObject","inLanguage":"de","@id":"https:\/\/strangercam.com\/#\/schema\/logo\/image\/","url":"https:\/\/strangercam.com\/wp-content\/uploads\/2020\/11\/cropped-new-favicon-black.png","contentUrl":"https:\/\/strangercam.com\/wp-content\/uploads\/2020\/11\/cropped-new-favicon-black.png","width":512,"height":512,"caption":"Strangercam"},"image":{"@id":"https:\/\/strangercam.com\/#\/schema\/logo\/image\/"},"sameAs":["https:\/\/www.facebook.com\/strangercam","https:\/\/x.com\/strangercamapp"]}]}},"_links":{"self":[{"href":"https:\/\/strangercam.com\/de\/wp-json\/wp\/v2\/pages\/12905","targetHints":{"allow":["GET"]}}],"collection":[{"href":"https:\/\/strangercam.com\/de\/wp-json\/wp\/v2\/pages"}],"about":[{"href":"https:\/\/strangercam.com\/de\/wp-json\/wp\/v2\/types\/page"}],"author":[{"embeddable":true,"href":"https:\/\/strangercam.com\/de\/wp-json\/wp\/v2\/users\/6"}],"replies":[{"embeddable":true,"href":"https:\/\/strangercam.com\/de\/wp-json\/wp\/v2\/comments?post=12905"}],"version-history":[{"count":1,"href":"https:\/\/strangercam.com\/de\/wp-json\/wp\/v2\/pages\/12905\/revisions"}],"predecessor-version":[{"id":12906,"href":"https:\/\/strangercam.com\/de\/wp-json\/wp\/v2\/pages\/12905\/revisions\/12906"}],"wp:attachment":[{"href":"https:\/\/strangercam.com\/de\/wp-json\/wp\/v2\/media?parent=12905"}],"curies":[{"name":"wp","href":"https:\/\/api.w.org\/{rel}","templated":true}]}}