{"id":12903,"date":"2025-07-14T13:33:31","date_gmt":"2025-07-14T11:33:31","guid":{"rendered":"https:\/\/strangercam.com\/?page_id=12903"},"modified":"2025-07-14T13:33:31","modified_gmt":"2025-07-14T11:33:31","slug":"chaty","status":"publish","type":"page","link":"https:\/\/strangercam.com\/de\/chaty\/","title":{"rendered":"Chaty"},"content":{"rendered":"<p>Da der Appetit auf spontane Video\u00fcbertragungen von Angesicht zu Angesicht <a href=\"https:\/\/strangercam.com\/de\/chathub\/\">Chat<\/a> weiter w\u00e4chst, hat sich eine neue Generation von Plattformen herausgebildet, die die L\u00fccke f\u00fcllen, die von <a href=\"https:\/\/strangercam.com\/de\/omegle\/\">Omegle<\/a> und <a href=\"https:\/\/strangercam.com\/de\/chatroulette\/\">Chatroulette<\/a>. Chaty ist ein solcher Kandidat, der f\u00fcr Benutzer entwickelt wurde, die sofortige, anonyme Videochats ohne l\u00e4stige Anmeldung, Profilbildung oder das Herunterladen von Apps w\u00fcnschen.<\/p>\n<p>Mit dem Versprechen, \"Fremde aus der ganzen Welt in Sekundenschnelle zu treffen\", positioniert sich Chaty als benutzerfreundliche, moderne Alternative zum klassischen Zufalls-Chat-Format. Aber wie sieht es im Jahr 2025 im Vergleich zur Konkurrenz aus? Ist es sicher, einfach zu bedienen und Ihre Zeit wert?<\/p>\n<p>In dieser umfassenden \u00dcbersicht erfahren Sie, was Chaty genau ist, wie es funktioniert, welche Funktionen es bietet, wer es benutzt und wie es im Vergleich zu anderen Top-Videochatseiten abschneidet.<\/p>\n<h2>Was ist Chaty?<\/h2>\n<p>Chaty ist eine kostenlose, browserbasierte Zufalls-Videochat-Website, die Benutzer aus der ganzen Welt f\u00fcr Echtzeit-Einzelgespr\u00e4che verbindet. Die Erfahrung ist einfach und anonym - klicken Sie einfach auf \"Start\", aktivieren Sie Ihre Kamera und Ihr Mikrofon, und Sie werden sofort mit einem Fremden zusammengebracht.<\/p>\n<p>Sie m\u00fcssen kein Konto einrichten, keine E-Mail angeben und keine App herunterladen. Chaty konzentriert sich auf das Wesentliche: schneller Zugriff, reibungslose Videoqualit\u00e4t und eine unkomplizierte Benutzeroberfl\u00e4che, mit der Sie in Sekundenschnelle chatten k\u00f6nnen.<\/p>\n<p>Die Website richtet sich an alle, die etwas suchen:<\/p>\n<ul>\n<li>Zwanglose Interaktion in Echtzeit<\/li>\n<li>Flirty oder freundlicher Video-Chat mit Fremden<\/li>\n<li>Sprachpraxis oder kultureller Austausch<\/li>\n<li>Eine M\u00f6glichkeit, sich die Zeit zu vertreiben oder <a href=\"https:\/\/strangercam.com\/de\/coomeet\/\">treffen<\/a> neue Leute anonym<\/li>\n<\/ul>\n<h2>Was ist der Zweck von Chaty?<\/h2>\n<p>Das Hauptziel von Chaty ist es, das klassische Zufalls-Chat-Erlebnis zur\u00fcckzubringen, aber mit besserer Technologie und einer sichereren, benutzerfreundlicheren Schnittstelle. In einem Zeitalter hochgradig kuratierter Dating-Apps, sozialer Feeds und Streaming-Plattformen hebt sich Chaty dadurch ab, dass es sich auf die reine, ungefilterte menschliche Verbindung konzentriert - ohne Bios, Swipes oder Social-Media-Integrationen.<\/p>\n<p>Es ist gebaut f\u00fcr:<\/p>\n<ul>\n<li>Nutzer sind es leid, endlos zu scrollen und auf Dating-Apps zu suchen<\/li>\n<li>Jeder, der sofort und ohne Druck neue Leute kennenlernen m\u00f6chte<\/li>\n<li>Personen, die Wert auf Privatsph\u00e4re und Anonymit\u00e4t in Online-Chats legen<\/li>\n<li>Globale Nutzer, die eine moderne Omegle- oder Chatroulette-Alternative suchen<\/li>\n<\/ul>\n<h2>Wesentliche Merkmale<\/h2>\n<p>1. Zuf\u00e4lliger Video-Chat unter vier Augen<br \/>\nDie Hauptfunktion von Chaty ist eine sofortige, anonyme Videoverbindung. Sie werden nach dem Zufallsprinzip mit einem anderen Online-Nutzer f\u00fcr ein privates Gespr\u00e4ch von Angesicht zu Angesicht zusammengebracht. Wenn Ihnen der Chat nicht gef\u00e4llt, klicken Sie einfach auf \"Weiter\", um weiterzumachen.<\/p>\n<p>2. Keine Registrierung oder App-Download<br \/>\nDas gesamte Erlebnis findet in Ihrem Webbrowser statt. Sie brauchen sich nicht anzumelden, ein Profil zu erstellen oder eine Software zu installieren. So bleiben Ihre pers\u00f6nlichen Daten privat und der Einf\u00fchrungsprozess ist so schnell wie m\u00f6glich.<\/p>\n<p>3. Schnelles Abgleichen und \u00dcberspringen<br \/>\nDas Backend von Chaty ist auf Geschwindigkeit ausgelegt. Neue Matches werden schnell geladen, und der \u00dcbergang zwischen Chats ist nahtlos - auch auf mobilen Browsern.<\/p>\n<p>4. Text-Chat-Option<br \/>\nF\u00fcr diejenigen, die lieber tippen, eine begrenzte Bandbreite haben oder kamerascheu sind, bietet Chaty auch einen reinen Text-Chat-Modus. Sie k\u00f6nnen den Modus jederzeit wechseln.<\/p>\n<p>5. Handy-freundliches Design<br \/>\nChaty funktioniert sowohl auf Desktop- als auch auf mobilen Browsern einwandfrei. Die Benutzeroberfl\u00e4che ist reaktionsschnell und touch-optimiert, was einen reibungslosen Betrieb gew\u00e4hrleistet, egal ob Sie einen Laptop, ein Tablet oder ein Smartphone benutzen.<\/p>\n<p>6. Einfache Steuerungen<br \/>\nGro\u00dfe Videofenster, klare Schaltfl\u00e4chen f\u00fcr \"Weiter\" und \"Melden\" und ein intuitives Layout sorgen f\u00fcr ein reibungsloses Benutzererlebnis. Sie k\u00f6nnen Ihr Mikrofon stummschalten, einen Benutzer \u00fcberspringen oder unangemessenes Verhalten mit einem einzigen Tippen melden.<\/p>\n<p>7. Berichterstattungs- und Moderationswerkzeuge<br \/>\nDie Sicherheit der Nutzer wird durch Chat-Meldungen unterst\u00fctzt. Beleidigende oder unangemessene Benutzer k\u00f6nnen zur \u00dcberpr\u00fcfung markiert werden, und Chaty verwendet eine Kombination aus menschlicher Moderation und grundlegender KI, um eine sichere Umgebung aufrechtzuerhalten.<\/p>\n<h2>Ist Chaty kostenlos?<\/h2>\n<p>Ja, die Nutzung von Chaty ist v\u00f6llig kostenlos. Es gibt keine:<\/p>\n<ul>\n<li>Bezahlschranken<\/li>\n<li>Abonnements<\/li>\n<li>In-App-K\u00e4ufe<\/li>\n<li>Kredite oder Token-Systeme<\/li>\n<\/ul>\n<p>Alle Nutzer haben den gleichen Zugang zur vollen Funktionalit\u00e4t der Plattform. Chaty kann leichte Werbung anzeigen, um die Betriebskosten zu decken, aber diese st\u00f6ren das Chat-Erlebnis nicht und erfordern keine Interaktion.<\/p>\n<h2>Wer benutzt Chaty?<\/h2>\n<p>Chaty zieht eine breit gef\u00e4cherte internationale Nutzerbasis an. Die meisten Nutzer sind zwischen 18 und 35 Jahre alt, und das Geschlechterverh\u00e4ltnis ist \u00e4hnlich wie bei anderen Zufalls-Chat-Seiten (mehr M\u00e4nner, aber aktive weibliche Nutzer, vor allem zu den Sto\u00dfzeiten).<\/p>\n<p>Zu den g\u00e4ngigen Benutzerprofilen geh\u00f6ren:<\/p>\n<ul>\n<li>Universit\u00e4tsstudenten und junge Berufst\u00e4tige<\/li>\n<li>Reisende und digitale Nomaden<\/li>\n<li>Sprachsch\u00fcler, die echte Gespr\u00e4chspartner suchen<\/li>\n<li>Menschen, die nach Spa\u00df, Flirt oder freundschaftlicher Interaktion suchen<\/li>\n<li>Wer die rohen, spontanen Verbindungen des klassischen Omegle vermisst<\/li>\n<\/ul>\n<p>Da es keine Registrierung gibt, ist die Nutzerbasis von Chaty flie\u00dfend und \u00e4ndert sich st\u00e4ndig. Sie werden Nutzer aus den USA, Gro\u00dfbritannien, Indien, Deutschland, Brasilien und anderen L\u00e4ndern antreffen - eine wahrhaft globale Gemeinschaft.<\/p>\n<h2>Sicherheit, Datenschutz und Moderation<\/h2>\n<p>Chaty legt zwar gro\u00dfen Wert auf Privatsph\u00e4re und Anonymit\u00e4t, setzt aber auch Ma\u00dfnahmen zum Schutz der Nutzer ein:<\/p>\n<h3>Datenschutz<\/h3>\n<ul>\n<li>Keine Anmeldung, E-Mail oder pers\u00f6nliche Daten erforderlich<\/li>\n<li>Chats werden nicht aufgezeichnet oder gespeichert<\/li>\n<li>Sie werden nur durch Ihre Webcam\/Mikrofon identifiziert (keine Benutzernamen oder Profilfotos)<\/li>\n<li>IP-Adressen sind f\u00fcr andere Nutzer nicht sichtbar<\/li>\n<\/ul>\n<h3>Moderation<\/h3>\n<ul>\n<li>In-Chat-Meldungen: Kennzeichnen Sie schnell jeden beleidigenden oder unangemessenen Benutzer<\/li>\n<li>Grundlegende KI-Moderation: Automatische Erkennung von Nacktheit oder explizitem Inhalt, wenn auch nicht narrensicher<\/li>\n<li>Manuelle \u00dcberpr\u00fcfung: Berichte werden von menschlichen Moderatoren \u00fcberpr\u00fcft und Wiederholungst\u00e4ter werden gesperrt<\/li>\n<\/ul>\n<h3>Beschr\u00e4nkungen<\/h3>\n<p>Wie alle anonymen Chat-Plattformen ist auch Chaty nicht gegen b\u00f6sartige Akteure gefeit. Benutzer sollten:<\/p>\n<ul>\n<li>Geben Sie niemals pers\u00f6nliche Informationen weiter (echter Name, Kontaktinformationen, soziale Medien)<\/li>\n<li>Verwenden Sie die Funktionen \"Bericht\" und \"Weiter\", wann immer es unangenehm ist<\/li>\n<li>Seien Sie sich bewusst, dass einige Chats abrupt enden oder unangemessenes Verhalten zeigen k\u00f6nnen<\/li>\n<\/ul>\n<h2>Benutzererfahrung und Design<\/h2>\n<p>Das Design von Chaty ist auf Klarheit, Geschwindigkeit und Benutzerfreundlichkeit ausgerichtet. Die Homepage ist minimalistisch, meist mit einer auff\u00e4lligen \"Start\"-Schaltfl\u00e4che und klaren Informationen \u00fcber Datenschutz und Regeln. Innerhalb von zwei Klicks ist man mit einem Fremden von Angesicht zu Angesicht.<\/p>\n<h3>H\u00f6hepunkte:<\/h3>\n<ul>\n<li>Schnelles Laden und fast sofortiger Abgleich<\/li>\n<li>Gro\u00dfe, qualitativ hochwertige Video\u00fcbertragungen<\/li>\n<li>Sauberes Layout ohne Pop-ups oder Ablenkungen<\/li>\n<li>Einfache Bedienelemente zum Stummschalten, \u00dcberspringen oder Melden<\/li>\n<li>Konsistente Leistung auf Desktop- und mobilen Browsern<\/li>\n<\/ul>\n<p>Im Vergleich zu anderen Zufalls-Chat-Seiten wirkt Chaty moderner und stabiler, vor allem auf Smartphones.<\/p>\n<h2>Chaty im Vergleich zu anderen Video-Chat-Plattformen<\/h2>\n<p>Wie schneidet Chaty im Vergleich zu anderen f\u00fchrenden Zufallsvideochat-Plattformen im Jahr 2025 ab?<\/p>\n<table>\n<thead>\n<tr>\n<th>Merkmal<\/th>\n<th>Chaty<\/th>\n<th>Ohmegle<\/th>\n<th>Chatroulette<\/th>\n<th>Chatrandom<\/th>\n<th><a href=\"https:\/\/strangercam.com\/de\/ometv\/\">OmeTV<\/a><\/th>\n<\/tr>\n<\/thead>\n<tbody>\n<tr>\n<td>Random Video Chat mit Fremden<\/td>\n<td>Ja<\/td>\n<td>Ja<\/td>\n<td>Ja<\/td>\n<td>Ja<\/td>\n<td>Ja<\/td>\n<\/tr>\n<tr>\n<td>Text-Chat-Option<\/td>\n<td>Ja<\/td>\n<td>Ja<\/td>\n<td>Nein<\/td>\n<td>Ja<\/td>\n<td>Ja<\/td>\n<\/tr>\n<tr>\n<td>Registrierung erforderlich<\/td>\n<td>Nein<\/td>\n<td>Nein<\/td>\n<td>Nein<\/td>\n<td>Optional<\/td>\n<td>Nein<\/td>\n<\/tr>\n<tr>\n<td>Mobile Unterst\u00fctzung<\/td>\n<td>Ausgezeichnet<\/td>\n<td>Ausgezeichnet<\/td>\n<td>Gut<\/td>\n<td>Gut<\/td>\n<td>Gut<\/td>\n<\/tr>\n<tr>\n<td>Geschlecht\/Land-Filter<\/td>\n<td>Nein<\/td>\n<td>Nein<\/td>\n<td>Bezahlt<\/td>\n<td>Bezahlt<\/td>\n<td>Bezahlt<\/td>\n<\/tr>\n<tr>\n<td>Moderations-Tools<\/td>\n<td>M\u00e4\u00dfig<\/td>\n<td>M\u00e4\u00dfig<\/td>\n<td>Schwach<\/td>\n<td>M\u00e4\u00dfig<\/td>\n<td>Stark<\/td>\n<\/tr>\n<tr>\n<td>Frei zu verwenden<\/td>\n<td>Ja<\/td>\n<td>Ja<\/td>\n<td>Ja<\/td>\n<td>Ja\/Bezahlt<\/td>\n<td>Ja<\/td>\n<\/tr>\n<\/tbody>\n<\/table>\n<p>Zusammenfassung: Chaty kommt in Geist und Einfachheit Ohmegle am n\u00e4chsten, hat aber eine modernere Oberfl\u00e4che und bessere Unterst\u00fctzung f\u00fcr mobile Browser. Es ist ideal f\u00fcr Nutzer, die einen reinen, ungefilterten Chat wollen - ohne Filter, Profile oder Upsells.<\/p>\n<h2>Pro und Kontra<\/h2>\n<p>Vorteile:<\/p>\n<ul>\n<li>100% frei und anonym<\/li>\n<li>Keine Registrierung oder Downloads erforderlich<\/li>\n<li>Schnelles, einfaches Abgleichen und \u00dcberspringen<\/li>\n<li>Video- und Text-Chat-Modi<\/li>\n<li>Starke mobile Kompatibilit\u00e4t<\/li>\n<li>Saubere, intuitive Benutzeroberfl\u00e4che<\/li>\n<\/ul>\n<p>Nachteile:<\/p>\n<ul>\n<li>Keine Filterung nach Geschlecht oder Region<\/li>\n<li>Gelegentlicher unangemessener Inhalt (trotz Moderation)<\/li>\n<li>Keine Profile, Benutzerhistorie oder Folgefunktionen<\/li>\n<li>Mehr m\u00e4nnliche als weibliche Nutzer<\/li>\n<li>Chats sind fl\u00fcchtig - keine M\u00f6glichkeit zur Wiederaufnahme der Verbindung<\/li>\n<\/ul>\n<h2>Ideale Anwendungsf\u00e4lle<\/h2>\n<p>Chaty ist perfekt f\u00fcr:<\/p>\n<ul>\n<li>Jeder, der Omegle vermisst und eine \u00e4hnliche Erfahrung machen m\u00f6chte<\/li>\n<li>Menschen auf der Suche nach neuen Freunden oder spontaner Interaktion in Echtzeit<\/li>\n<li>Sprachsch\u00fcler \u00fcben Konversationsf\u00e4higkeiten<\/li>\n<li>Diejenigen, die Wert auf Privatsph\u00e4re und Anonymit\u00e4t im Internet legen<\/li>\n<li>Nutzer, die sich die Zeit vertreiben oder jemanden au\u00dferhalb ihres sozialen Umfelds treffen wollen<\/li>\n<\/ul>\n<p>Es ist weniger geeignet f\u00fcr:<\/p>\n<ul>\n<li>Nutzer unter 18 Jahren (die Plattform ist nur f\u00fcr Erwachsene)<\/li>\n<li>Diejenigen, die Dating-\/Matching-Filter oder kuratierte Erfahrungen suchen<\/li>\n<li>Menschen, die sich bei unvorhersehbaren oder rohen Chat-Begegnungen unwohl f\u00fchlen<\/li>\n<\/ul>\n<h2>Endg\u00fcltiges Urteil<\/h2>\n<p>Chaty ist eine herausragende Zufalls-Videochat-Plattform im Jahr 2025, die genau das bietet, was Nutzer an den Klassikern Omegle und Chatroulette sch\u00e4tzten - schnelle, kostenlose, anonyme menschliche Kontakte ohne Barrieren oder Ablenkungen. Die \u00fcbersichtliche Benutzeroberfl\u00e4che, die zuverl\u00e4ssige Leistung und der Fokus auf die Privatsph\u00e4re machen Chaty zu einer der besten Optionen f\u00fcr spontane Online-Gespr\u00e4che von Angesicht zu Angesicht.<\/p>\n<p>Moderation und Filterung k\u00f6nnten zwar verbessert werden, aber die St\u00e4rken der Plattform liegen in ihrer Einfachheit und Benutzerfreundlichkeit. Wenn Sie auf der Suche nach einem echten, ungeschriebenen Chat mit Fremden aus der ganzen Welt sind - sei es zum Spa\u00df, zum Lernen oder einfach nur, um der Langeweile zu entkommen - ist Chaty auf jeden Fall einen Blick wert.<\/p>","protected":false},"excerpt":{"rendered":"<p>As the appetite for spontaneous, face-to-face video chat continues to grow, a new generation of platforms has emerged to fill the gap left by Omegle and Chatroulette. Chaty is one such contender, designed for users who crave instant, anonymous video chats without the hassle of sign-up, profile-building, or downloading apps. With a promise of \u201cmeeting [&hellip;]<\/p>\n","protected":false},"author":6,"featured_media":0,"parent":0,"menu_order":0,"comment_status":"closed","ping_status":"closed","template":"","meta":{"footnotes":""},"class_list":["post-12903","page","type-page","status-publish","hentry"],"yoast_head":"<!-- This site is optimized with the Yoast SEO plugin v27.4 - https:\/\/yoast.com\/product\/yoast-seo-wordpress\/ -->\n<title>Chaty - Chat with People Nearby on StrangerCam.com<\/title>\n<meta name=\"description\" content=\"Like Chaty? Come chat with more than 5.000.000 strangers on Stranger Cam for Free! Turn on your cam and find new friends &amp; maby a match!\" \/>\n<meta name=\"robots\" content=\"index, follow, max-snippet:-1, max-image-preview:large, max-video-preview:-1\" \/>\n<link rel=\"canonical\" href=\"https:\/\/strangercam.com\/de\/chaty\/\" \/>\n<meta property=\"og:locale\" content=\"de_DE\" \/>\n<meta property=\"og:type\" content=\"article\" \/>\n<meta property=\"og:title\" content=\"Chaty - Chat with People Nearby on StrangerCam.com\" \/>\n<meta property=\"og:description\" content=\"Like Chaty? Come chat with more than 5.000.000 strangers on Stranger Cam for Free! Turn on your cam and find new friends &amp; maby a match!\" \/>\n<meta property=\"og:url\" content=\"https:\/\/strangercam.com\/de\/chaty\/\" \/>\n<meta property=\"og:site_name\" content=\"Strangercam\" \/>\n<meta property=\"article:publisher\" content=\"https:\/\/www.facebook.com\/strangercam\" \/>\n<meta property=\"og:image\" content=\"https:\/\/strangercam.com\/wp-content\/uploads\/2021\/10\/Untitled-2.png\" \/>\n\t<meta property=\"og:image:width\" content=\"800\" \/>\n\t<meta property=\"og:image:height\" content=\"532\" \/>\n\t<meta property=\"og:image:type\" content=\"image\/png\" \/>\n<meta name=\"twitter:card\" content=\"summary_large_image\" \/>\n<meta name=\"twitter:site\" content=\"@strangercamapp\" \/>\n<meta name=\"twitter:label1\" content=\"Gesch\u00e4tzte Lesezeit\" \/>\n\t<meta name=\"twitter:data1\" content=\"6\u00a0Minuten\" \/>\n<script type=\"application\/ld+json\" class=\"yoast-schema-graph\">{\"@context\":\"https:\\\/\\\/schema.org\",\"@graph\":[{\"@type\":\"WebPage\",\"@id\":\"https:\\\/\\\/strangercam.com\\\/chaty\\\/\",\"url\":\"https:\\\/\\\/strangercam.com\\\/chaty\\\/\",\"name\":\"Chaty - Chat with People Nearby on StrangerCam.com\",\"isPartOf\":{\"@id\":\"https:\\\/\\\/strangercam.com\\\/#website\"},\"datePublished\":\"2025-07-14T11:33:31+00:00\",\"description\":\"Like Chaty? Come chat with more than 5.000.000 strangers on Stranger Cam for Free! Turn on your cam and find new friends & maby a match!\",\"breadcrumb\":{\"@id\":\"https:\\\/\\\/strangercam.com\\\/chaty\\\/#breadcrumb\"},\"inLanguage\":\"de\",\"potentialAction\":[{\"@type\":\"ReadAction\",\"target\":[\"https:\\\/\\\/strangercam.com\\\/chaty\\\/\"]}]},{\"@type\":\"BreadcrumbList\",\"@id\":\"https:\\\/\\\/strangercam.com\\\/chaty\\\/#breadcrumb\",\"itemListElement\":[{\"@type\":\"ListItem\",\"position\":1,\"name\":\"Home\",\"item\":\"https:\\\/\\\/strangercam.com\\\/\"},{\"@type\":\"ListItem\",\"position\":2,\"name\":\"Chaty\"}]},{\"@type\":\"WebSite\",\"@id\":\"https:\\\/\\\/strangercam.com\\\/#website\",\"url\":\"https:\\\/\\\/strangercam.com\\\/\",\"name\":\"Strangercam\",\"description\":\"Random Video Chat with Strangers\",\"publisher\":{\"@id\":\"https:\\\/\\\/strangercam.com\\\/#organization\"},\"alternateName\":\"Strangercam.com\",\"potentialAction\":[{\"@type\":\"SearchAction\",\"target\":{\"@type\":\"EntryPoint\",\"urlTemplate\":\"https:\\\/\\\/strangercam.com\\\/?s={search_term_string}\"},\"query-input\":{\"@type\":\"PropertyValueSpecification\",\"valueRequired\":true,\"valueName\":\"search_term_string\"}}],\"inLanguage\":\"de\"},{\"@type\":\"Organization\",\"@id\":\"https:\\\/\\\/strangercam.com\\\/#organization\",\"name\":\"Strangercam\",\"alternateName\":\"Strangercam.com\",\"url\":\"https:\\\/\\\/strangercam.com\\\/\",\"logo\":{\"@type\":\"ImageObject\",\"inLanguage\":\"de\",\"@id\":\"https:\\\/\\\/strangercam.com\\\/#\\\/schema\\\/logo\\\/image\\\/\",\"url\":\"https:\\\/\\\/strangercam.com\\\/wp-content\\\/uploads\\\/2020\\\/11\\\/cropped-new-favicon-black.png\",\"contentUrl\":\"https:\\\/\\\/strangercam.com\\\/wp-content\\\/uploads\\\/2020\\\/11\\\/cropped-new-favicon-black.png\",\"width\":512,\"height\":512,\"caption\":\"Strangercam\"},\"image\":{\"@id\":\"https:\\\/\\\/strangercam.com\\\/#\\\/schema\\\/logo\\\/image\\\/\"},\"sameAs\":[\"https:\\\/\\\/www.facebook.com\\\/strangercam\",\"https:\\\/\\\/x.com\\\/strangercamapp\"]}]}<\/script>\n<!-- \/ Yoast SEO plugin. -->","yoast_head_json":{"title":"Chaty - Chatte mit Leuten in deiner N\u00e4he auf StrangerCam.com","description":"M\u00f6gen Sie Chaty? Komm und chatte mit mehr als 5.000.000 Fremden auf Stranger Cam kostenlos! Schalte deine Kamera ein und finde neue Freunde und vielleicht einen Partner!","robots":{"index":"index","follow":"follow","max-snippet":"max-snippet:-1","max-image-preview":"max-image-preview:large","max-video-preview":"max-video-preview:-1"},"canonical":"https:\/\/strangercam.com\/de\/chaty\/","og_locale":"de_DE","og_type":"article","og_title":"Chaty - Chat with People Nearby on StrangerCam.com","og_description":"Like Chaty? Come chat with more than 5.000.000 strangers on Stranger Cam for Free! Turn on your cam and find new friends & maby a match!","og_url":"https:\/\/strangercam.com\/de\/chaty\/","og_site_name":"Strangercam","article_publisher":"https:\/\/www.facebook.com\/strangercam","og_image":[{"width":800,"height":532,"url":"https:\/\/strangercam.com\/wp-content\/uploads\/2021\/10\/Untitled-2.png","type":"image\/png"}],"twitter_card":"summary_large_image","twitter_site":"@strangercamapp","twitter_misc":{"Gesch\u00e4tzte Lesezeit":"6\u00a0Minuten"},"schema":{"@context":"https:\/\/schema.org","@graph":[{"@type":"WebPage","@id":"https:\/\/strangercam.com\/chaty\/","url":"https:\/\/strangercam.com\/chaty\/","name":"Chaty - Chatte mit Leuten in deiner N\u00e4he auf StrangerCam.com","isPartOf":{"@id":"https:\/\/strangercam.com\/#website"},"datePublished":"2025-07-14T11:33:31+00:00","description":"M\u00f6gen Sie Chaty? Komm und chatte mit mehr als 5.000.000 Fremden auf Stranger Cam kostenlos! Schalte deine Kamera ein und finde neue Freunde und vielleicht einen Partner!","breadcrumb":{"@id":"https:\/\/strangercam.com\/chaty\/#breadcrumb"},"inLanguage":"de","potentialAction":[{"@type":"ReadAction","target":["https:\/\/strangercam.com\/chaty\/"]}]},{"@type":"BreadcrumbList","@id":"https:\/\/strangercam.com\/chaty\/#breadcrumb","itemListElement":[{"@type":"ListItem","position":1,"name":"Home","item":"https:\/\/strangercam.com\/"},{"@type":"ListItem","position":2,"name":"Chaty"}]},{"@type":"WebSite","@id":"https:\/\/strangercam.com\/#website","url":"https:\/\/strangercam.com\/","name":"Strangercam","description":"Zuf\u00e4lliger Video-Chat mit Fremden","publisher":{"@id":"https:\/\/strangercam.com\/#organization"},"alternateName":"Strangercam.com","potentialAction":[{"@type":"SearchAction","target":{"@type":"EntryPoint","urlTemplate":"https:\/\/strangercam.com\/?s={search_term_string}"},"query-input":{"@type":"PropertyValueSpecification","valueRequired":true,"valueName":"search_term_string"}}],"inLanguage":"de"},{"@type":"Organization","@id":"https:\/\/strangercam.com\/#organization","name":"Strangercam","alternateName":"Strangercam.com","url":"https:\/\/strangercam.com\/","logo":{"@type":"ImageObject","inLanguage":"de","@id":"https:\/\/strangercam.com\/#\/schema\/logo\/image\/","url":"https:\/\/strangercam.com\/wp-content\/uploads\/2020\/11\/cropped-new-favicon-black.png","contentUrl":"https:\/\/strangercam.com\/wp-content\/uploads\/2020\/11\/cropped-new-favicon-black.png","width":512,"height":512,"caption":"Strangercam"},"image":{"@id":"https:\/\/strangercam.com\/#\/schema\/logo\/image\/"},"sameAs":["https:\/\/www.facebook.com\/strangercam","https:\/\/x.com\/strangercamapp"]}]}},"_links":{"self":[{"href":"https:\/\/strangercam.com\/de\/wp-json\/wp\/v2\/pages\/12903","targetHints":{"allow":["GET"]}}],"collection":[{"href":"https:\/\/strangercam.com\/de\/wp-json\/wp\/v2\/pages"}],"about":[{"href":"https:\/\/strangercam.com\/de\/wp-json\/wp\/v2\/types\/page"}],"author":[{"embeddable":true,"href":"https:\/\/strangercam.com\/de\/wp-json\/wp\/v2\/users\/6"}],"replies":[{"embeddable":true,"href":"https:\/\/strangercam.com\/de\/wp-json\/wp\/v2\/comments?post=12903"}],"version-history":[{"count":1,"href":"https:\/\/strangercam.com\/de\/wp-json\/wp\/v2\/pages\/12903\/revisions"}],"predecessor-version":[{"id":12904,"href":"https:\/\/strangercam.com\/de\/wp-json\/wp\/v2\/pages\/12903\/revisions\/12904"}],"wp:attachment":[{"href":"https:\/\/strangercam.com\/de\/wp-json\/wp\/v2\/media?parent=12903"}],"curies":[{"name":"wp","href":"https:\/\/api.w.org\/{rel}","templated":true}]}}