{"id":12892,"date":"2025-06-16T15:00:37","date_gmt":"2025-06-16T13:00:37","guid":{"rendered":"https:\/\/strangercam.com\/?page_id=12892"},"modified":"2025-06-16T15:00:37","modified_gmt":"2025-06-16T13:00:37","slug":"ohmegle","status":"publish","type":"page","link":"https:\/\/strangercam.com\/de\/ohmegle\/","title":{"rendered":"Ohmegle"},"content":{"rendered":"<p>Wenn <a href=\"https:\/\/strangercam.com\/de\/omegle\/\">Omegle<\/a> Im Jahr 2023 wurde Ohmegle abgeschaltet, und Millionen von Nutzern standen ohne eine Anlaufstelle f\u00fcr spontane, anonyme Videochats mit Fremden da. Nach dem Verschwinden des Dienstes sind mehrere Alternativen aufgetaucht - aber nur wenige haben so viel Anklang gefunden wie Ohmegle. Ohmegle wurde entwickelt, um genau die hinterlassene L\u00fccke zu f\u00fcllen, und bietet ein nahezu identisches Erlebnis mit modernen Verbesserungen, besserer Leistung und einer treuen, wachsenden Nutzerbasis.<\/p>\n<p>In diesem Beitrag erfahren Sie alles, was Sie \u00fcber Ohmegle wissen m\u00fcssen - wie es funktioniert, was es zum besten Omegle-Ersatz macht, seine Funktionen, Sicherheitsstandards und wie es sich im Vergleich zu \u00e4hnlichen Zufallsvideos schl\u00e4gt <a href=\"https:\/\/strangercam.com\/de\/chatroulette\/\">Chat<\/a> Standorte.<\/p>\n<h2>Was ist Ohmegle?<\/h2>\n<p>Ohmegle ist eine kostenlose, anonyme <a href=\"https:\/\/strangercam.com\/de\/chathub\/\">zuf\u00e4lliger Video-Chat<\/a> Website, die Sie mit Fremden f\u00fcr Live-Gespr\u00e4che von Angesicht zu Angesicht verbindet. Es ist der geistige Nachfolger von Omegle, der dessen Format und Schnittstelle fast genau nachahmt - allerdings mit besserer Betriebszeit, mobiler Unterst\u00fctzung und einer Community, die speziell f\u00fcr Nutzer aufgebaut wurde, die das Original vermissen.<\/p>\n<p>Sie m\u00fcssen kein Konto erstellen, keine pers\u00f6nlichen Daten angeben und keine komplizierten Match-Algorithmen anwenden. Laden Sie einfach die Website, erlauben Sie Kamera und Mikrofon und beginnen Sie mit jemandem zu chatten - zuf\u00e4llig, sofort und anonym.<\/p>\n<h2>Was ist der Zweck von Ohmegle?<\/h2>\n<p>Die Mission von Ohmegle ist einfach: das authentische Omegle-Erlebnis in einem sicheren und zug\u00e4nglichen Format f\u00fcr 2025 und dar\u00fcber hinaus zur\u00fcckzubringen. Es ist gedacht f\u00fcr:<\/p>\n<ul>\n<li>Leute, die die spontane Chat-Umgebung von Omegle vermissen<\/li>\n<li>Nutzer, die Video gegen\u00fcber textbasierten Dating- oder Social-Apps bevorzugen<\/li>\n<li>Jeder, der eine anonyme menschliche Verbindung sucht - ohne Bedingungen<\/li>\n<\/ul>\n<p>Egal, ob Sie nach einer zwanglosen Unterhaltung, einem Flirt oder einfach nur nach jemandem zum Zuh\u00f6ren suchen, Ohmegle ist so konzipiert, dass es den Charme der Internet-Chat-Kultur der Anfangszeit wiedergibt - v\u00f6llig anonym und in Echtzeit.<\/p>\n<h2>Wesentliche Merkmale<\/h2>\n<p>1. Zuf\u00e4lliger Video-Chat unter vier Augen<br \/>\nGenau wie Omegle verbindet dich Ohmegle sofort mit einem Fremden \u00fcber Webcam und Mikrofon. Keine Profile, kein Swipen - nur direkte Interaktion.<\/p>\n<p>2. \u00dcberspringen\/N\u00e4chste-Funktionalit\u00e4t<br \/>\nNicht mit jemandem \u00fcbereinstimmend? Klicken Sie auf \u201cWeiter\u201d, um sofort mit einem anderen Nutzer zusammengebracht zu werden. Das geht schnell und reibungslos und erm\u00f6glicht es Ihnen <a href=\"https:\/\/strangercam.com\/de\/coomeet\/\">treffen<\/a> Dutzende von Menschen in einer einzigen Sitzung.<\/p>\n<p>3. Keine Anmeldung erforderlich<br \/>\nOhmegle bleibt v\u00f6llig anonym. Es ist nicht n\u00f6tig, einen Namen, eine E-Mail oder eine Telefonnummer einzugeben. Es respektiert das Grundprinzip von Omegle: mit Fremden reden, nicht mit Anh\u00e4ngern.<\/p>\n<p>4. Optionaler Text-Chat-Modus<br \/>\nWenn Sie sich mit Ihrer Kamera nicht wohl f\u00fchlen, k\u00f6nnen Sie sich f\u00fcr eine reine Text-Chat-Version entscheiden. Die Benutzeroberfl\u00e4che bleibt schlank und einfach.<\/p>\n<p>5. Mobile Kompatibilit\u00e4t<br \/>\nOhmegle ist sowohl f\u00fcr Desktop- als auch f\u00fcr Handy-Browser optimiert. Sie k\u00f6nnen von Ihrem Telefon aus chatten, ohne eine App herunterladen zu m\u00fcssen, und die Website passt sich gut an verschiedene Bildschirmgr\u00f6\u00dfen und Bandbreiten an.<\/p>\n<p>6. Schlankes Design<br \/>\nDas Layout ist absichtlich minimalistisch gehalten - in Anlehnung an den klassischen Omegle-Look, aber mit aktualisierter Leistung. Die Videofenster sind gro\u00df, die Steuerelemente sind einfach zu bedienen, und es gibt nichts Unn\u00f6tiges auf dem Bildschirm.<\/p>\n<p>7. Tools f\u00fcr Berichterstattung und Moderation<br \/>\nNutzer k\u00f6nnen unangemessenes Verhalten direkt im Chat-Fenster melden. Ohmegle hat grundlegende Moderationstools und eine KI-basierte Nacktheitserkennung implementiert, um Missbrauch einzud\u00e4mmen und das Erlebnis sicher zu halten.<\/p>\n<h2>Ist Ohmegle kostenlos?<\/h2>\n<p>Ja, Ohmegle ist 100% kostenlos zu nutzen. Es gibt keine Bezahlschranken, Abonnements oder Freemium-Stufen. Jeder Nutzer hat den gleichen Zugang zu Video-Chat, Text-Chat und der gesamten Plattform.<\/p>\n<p>Es gibt auch keine Werbung, die den Bildschirm verstellt, was bei Video-Chat-Seiten selten ist. Die Monetarisierung scheint minimal gehalten zu werden, um das schnelle und fl\u00fcssige Erlebnis zu erhalten, das die Nutzer erwarten.<\/p>\n<h2>Wer benutzt Ohmegle?<\/h2>\n<p>Ohmegle zieht ein breites Spektrum von Nutzern an, spiegelt aber im Allgemeinen die Zielgruppe des urspr\u00fcnglichen Omegle wider:<\/p>\n<ul>\n<li>Altersgruppen: Haupts\u00e4chlich 18-35, obwohl die Plattform ausschlie\u00dflich f\u00fcr Erwachsene (18+) gedacht ist<\/li>\n<li>Globales Publikum: Nutzer aus den USA, Kanada, Europa, Indien, Brasilien und S\u00fcdostasien<\/li>\n<li>Benutzer-Absicht: Aufgeteilt zwischen zwanglosem Chatten, Freundschaften schlie\u00dfen, Flirten und einfach nur Zeitvertreib<\/li>\n<\/ul>\n<p>Es gibt keine formale Struktur f\u00fcr die Interaktion der Nutzer - es liegt an Ihnen und Ihrem Partner, die Konversation zu steuern. Einige suchen nach Spa\u00df, andere nach Gesellschaft und wieder andere einfach nach etwas Neuem.<\/p>\n<h2>Sicherheit und M\u00e4\u00dfigung<\/h2>\n<p>Wie bei jeder anonymen Videochat-Plattform ist die Sicherheit der Nutzer ein Thema - aber Ohmegle bem\u00fcht sich, eine sichere Umgebung zu schaffen, ohne die spontane Natur des Chats zu zerst\u00f6ren.<\/p>\n<h3>Datenschutz<\/h3>\n<ul>\n<li>Keine Registrierung, Konten oder Nachverfolgung<\/li>\n<li>Chats werden nicht aufgezeichnet oder gespeichert<\/li>\n<li>Ihre IP-Adresse wird dem anderen Nutzer niemals angezeigt<\/li>\n<\/ul>\n<h3>Moderation<\/h3>\n<ul>\n<li>Melden-Schaltfl\u00e4che im Live-Chat verf\u00fcgbar<\/li>\n<li>KI-basierte Nacktheitserkennung filtert einige unangemessene Inhalte heraus<\/li>\n<li>Mehrfach gemeldete Nutzer k\u00f6nnen von der Plattform ausgeschlossen werden.<\/li>\n<\/ul>\n<p>Allerdings zensiert Ohmegle nicht und moderiert auch nicht \u00fcberm\u00e4\u00dfig, so dass die M\u00f6glichkeit besteht, auf unangemessenes Verhalten zu sto\u00dfen. Nutzen Sie die Plattform mit Bedacht:<\/p>\n<ul>\n<li>\u00dcberspringen Sie sofort, wenn Sie sich mit jemandem unwohl f\u00fchlen<\/li>\n<li>Geben Sie niemals pers\u00f6nliche Daten wie Ihren Namen, Ihren Wohnort oder Ihre sozialen Medien weiter.<\/li>\n<li>Z\u00f6gern Sie nicht, Straft\u00e4ter zu melden<\/li>\n<\/ul>\n<h2>Benutzerfreundlichkeit und Leistung<\/h2>\n<p>Ohmegle ist beeindruckend leicht und reaktionsschnell. Die Homepage wird schnell geladen, und Matches werden in Sekundenschnelle durchgef\u00fchrt. Sowohl auf dem Desktop als auch auf dem Handy bietet die Plattform:<\/p>\n<ul>\n<li>Klare, gro\u00dfe Video\u00fcbertragungen<\/li>\n<li>Einfache Steuertasten (Weiter, Stopp, Bericht)<\/li>\n<li>Zuverl\u00e4ssiger Zugriff auf Kamera und Mikrofon<\/li>\n<li>Minimale Verz\u00f6gerung oder Pufferung, auch bei langsameren Verbindungen<\/li>\n<\/ul>\n<p>Es ist eines der reibungslosesten Video-Chat-Erlebnisse, die derzeit online sind, insbesondere im Vergleich zu \u00fcberladenen Konkurrenten, die unter langsamen Ladezeiten oder fehlerhaften Schnittstellen leiden.<\/p>\n<h2>Ohmegle vs. andere zuf\u00e4llige Video-Chat-Seiten<\/h2>\n<p>Wie schneidet Ohmegle bei den vielen Omegle-Alternativen ab, die es gibt?<\/p>\n<table>\n<thead>\n<tr>\n<th>Plattform<\/th>\n<th>Anmeldung<\/th>\n<th>Video-Chat<\/th>\n<th>Text-Chat<\/th>\n<th>Gender-Filter<\/th>\n<th>Mobile Unterst\u00fctzung<\/th>\n<th>Moderation<\/th>\n<\/tr>\n<\/thead>\n<tbody>\n<tr>\n<td>Ohmegle<\/td>\n<td>Nein<\/td>\n<td>Ja<\/td>\n<td>Ja<\/td>\n<td>Nein<\/td>\n<td>Ausgezeichnet<\/td>\n<td>M\u00e4\u00dfig<\/td>\n<\/tr>\n<tr>\n<td><a href=\"https:\/\/strangercam.com\/de\/ometv\/\">OmeTV<\/a><\/td>\n<td>Nein<\/td>\n<td>Ja<\/td>\n<td>Ja<\/td>\n<td>Ja (Bezahlt)<\/td>\n<td>Gut<\/td>\n<td>Stark<\/td>\n<\/tr>\n<tr>\n<td>Chatrandom<\/td>\n<td>Optional<\/td>\n<td>Ja<\/td>\n<td>Ja<\/td>\n<td>Ja (Bezahlt)<\/td>\n<td>Gut<\/td>\n<td>M\u00e4\u00dfig<\/td>\n<\/tr>\n<tr>\n<td>Chatspin<\/td>\n<td>Optional<\/td>\n<td>Ja<\/td>\n<td>Ja<\/td>\n<td>Ja (kostenlos\/bezahlt)<\/td>\n<td>Ausgezeichnet<\/td>\n<td>M\u00e4\u00dfig<\/td>\n<\/tr>\n<tr>\n<td>Camgo<\/td>\n<td>Nein<\/td>\n<td>Ja<\/td>\n<td>Ja<\/td>\n<td>Ja (Bezahlt)<\/td>\n<td>Gut<\/td>\n<td>Grundlegend<\/td>\n<\/tr>\n<\/tbody>\n<\/table>\n<p>Zusammenfassung: Das gr\u00f6\u00dfte Verkaufsargument von Ohmegle ist Authentizit\u00e4t und Einfachheit. Im Gegensatz zu vielen Konkurrenten, die Nutzer zu Premium-Abonnements dr\u00e4ngen oder Logins erzwingen, bleibt Ohmegle einfach und kostenlos. F\u00fcr diejenigen, die speziell das Gef\u00fchl des alten Omegle replizieren wollen, ist dies das, was dem am n\u00e4chsten kommt.<\/p>\n<h2>Pro und Kontra<\/h2>\n<h3>Profis<\/h3>\n<ul>\n<li>100% frei und anonym<\/li>\n<li>Keine Registrierung oder Downloads<\/li>\n<li>Schnelle Anpassung und geringe Verz\u00f6gerung<\/li>\n<li>Mobilfreundlich und funktioniert auf allen g\u00e4ngigen Browsern<\/li>\n<li>Saubere, minimale Schnittstelle<\/li>\n<li>Ideal f\u00fcr spontane Gespr\u00e4che und zwanglose Interaktion<\/li>\n<\/ul>\n<h3>Nachteile<\/h3>\n<ul>\n<li>Keine Filter f\u00fcr Geschlecht oder Region<\/li>\n<li>M\u00f6gliche Exposition gegen\u00fcber unangemessenen Inhalten<\/li>\n<li>Kein Chat-Verlauf oder Wiederverbindungsfunktion<\/li>\n<li>Keine Tools zur Entdeckung sozialer Netzwerke oder Nachverfolgungsoptionen<\/li>\n<\/ul>\n<h2>Ideale Anwendungsf\u00e4lle<\/h2>\n<p>Ohmegle ist am besten geeignet f\u00fcr:<\/p>\n<ul>\n<li>Menschen, die sich nach dem urspr\u00fcnglichen Omegle-Erlebnis sehnen<\/li>\n<li>Nutzer, die anonyme soziale Interaktion m\u00f6gen<\/li>\n<li>Nachtschw\u00e4rmer, Reisende oder alle, die auf der Suche nach spontanen Unterhaltungen sind<\/li>\n<li>Menschen, die Fremde treffen wollen, ohne Profilierungsdruck oder Erwartungen<\/li>\n<\/ul>\n<p>Nicht ideal f\u00fcr:<\/p>\n<ul>\n<li>Nutzer, die ernsthafte Dates oder langfristige Beziehungen suchen<\/li>\n<li>Diejenigen, die nicht gerne vor der Kamera stehen<\/li>\n<li>Jeder, der sich mit unmoderierten Inhalten unwohl f\u00fchlt<\/li>\n<li>Nutzer unter 18 Jahren (nicht auf der Plattform erlaubt)<\/li>\n<\/ul>\n<p>Ohmegle ist das, was dem klassischen Omegle im Jahr 2025 am n\u00e4chsten kommt - und das ist auch gut so. Es entfernt den L\u00e4rm und das Durcheinander moderner sozialer Apps und kehrt zu einem Format zur\u00fcck, das schnell, anonym und unverf\u00e4lscht ist. Wenn Sie Omegle als das mochten, was es war - ungeschriebene, ungefilterte zwischenmenschliche Kontakte - dann bietet Ihnen Ohmegle genau das und mehr.<\/p>\n<p>Es gibt keine Gimmicks. Keine endlosen Anmeldeformulare. Kein Leistungsdruck. Nur Sie, Ihre Webcam und derjenige, mit dem der Algorithmus Sie als n\u00e4chstes verbindet.<\/p>\n<p>Wenn Sie auf der Suche nach der besten kostenlosen und anonymen Omegle-Alternative sind, verdient Ohmegle den ersten Platz. Ob Sie f\u00fcnf Minuten oder f\u00fcnf Stunden bleiben, die Erfahrung ist einzigartig menschlich - und das ist in der heutigen kuratierten Welt eine Seltenheit.<\/p>","protected":false},"excerpt":{"rendered":"<p>When Omegle shut down in 2023, millions of users were left without a go-to place for spontaneous, anonymous video chatting with strangers. In the wake of its disappearance, several alternatives have emerged\u2014but few have gained as much traction as Ohmegle. Designed to fill the exact void left behind, Ohmegle offers a nearly identical experience with [&hellip;]<\/p>\n","protected":false},"author":6,"featured_media":0,"parent":0,"menu_order":0,"comment_status":"closed","ping_status":"closed","template":"","meta":{"footnotes":""},"class_list":["post-12892","page","type-page","status-publish","hentry"],"yoast_head":"<!-- This site is optimized with the Yoast SEO plugin v27.4 - https:\/\/yoast.com\/product\/yoast-seo-wordpress\/ -->\n<title>Ohmegle - Talk to Strangers Omegle Alternative on StrangerCam.com<\/title>\n<meta name=\"description\" content=\"Like Ohmegle? Come chat with more than 5.000.000 strangers on Stranger Cam for Free! Turn on your cam and find new friends &amp; maby a match!\" \/>\n<meta name=\"robots\" content=\"index, follow, max-snippet:-1, max-image-preview:large, max-video-preview:-1\" \/>\n<link rel=\"canonical\" href=\"https:\/\/strangercam.com\/de\/ohmegle\/\" \/>\n<meta property=\"og:locale\" content=\"de_DE\" \/>\n<meta property=\"og:type\" content=\"article\" \/>\n<meta property=\"og:title\" content=\"Ohmegle - Talk to Strangers Omegle Alternative on StrangerCam.com\" \/>\n<meta property=\"og:description\" content=\"Like Ohmegle? Come chat with more than 5.000.000 strangers on Stranger Cam for Free! Turn on your cam and find new friends &amp; maby a match!\" \/>\n<meta property=\"og:url\" content=\"https:\/\/strangercam.com\/de\/ohmegle\/\" \/>\n<meta property=\"og:site_name\" content=\"Strangercam\" \/>\n<meta property=\"article:publisher\" content=\"https:\/\/www.facebook.com\/strangercam\" \/>\n<meta property=\"og:image\" content=\"https:\/\/strangercam.com\/wp-content\/uploads\/2021\/10\/Untitled-2.png\" \/>\n\t<meta property=\"og:image:width\" content=\"800\" \/>\n\t<meta property=\"og:image:height\" content=\"532\" \/>\n\t<meta property=\"og:image:type\" content=\"image\/png\" \/>\n<meta name=\"twitter:card\" content=\"summary_large_image\" \/>\n<meta name=\"twitter:site\" content=\"@strangercamapp\" \/>\n<meta name=\"twitter:label1\" content=\"Gesch\u00e4tzte Lesezeit\" \/>\n\t<meta name=\"twitter:data1\" content=\"6\u00a0Minuten\" \/>\n<script type=\"application\/ld+json\" class=\"yoast-schema-graph\">{\"@context\":\"https:\\\/\\\/schema.org\",\"@graph\":[{\"@type\":\"WebPage\",\"@id\":\"https:\\\/\\\/strangercam.com\\\/ohmegle\\\/\",\"url\":\"https:\\\/\\\/strangercam.com\\\/ohmegle\\\/\",\"name\":\"Ohmegle - Talk to Strangers Omegle Alternative on StrangerCam.com\",\"isPartOf\":{\"@id\":\"https:\\\/\\\/strangercam.com\\\/#website\"},\"datePublished\":\"2025-06-16T13:00:37+00:00\",\"description\":\"Like Ohmegle? Come chat with more than 5.000.000 strangers on Stranger Cam for Free! Turn on your cam and find new friends & maby a match!\",\"breadcrumb\":{\"@id\":\"https:\\\/\\\/strangercam.com\\\/ohmegle\\\/#breadcrumb\"},\"inLanguage\":\"de\",\"potentialAction\":[{\"@type\":\"ReadAction\",\"target\":[\"https:\\\/\\\/strangercam.com\\\/ohmegle\\\/\"]}]},{\"@type\":\"BreadcrumbList\",\"@id\":\"https:\\\/\\\/strangercam.com\\\/ohmegle\\\/#breadcrumb\",\"itemListElement\":[{\"@type\":\"ListItem\",\"position\":1,\"name\":\"Home\",\"item\":\"https:\\\/\\\/strangercam.com\\\/\"},{\"@type\":\"ListItem\",\"position\":2,\"name\":\"Ohmegle\"}]},{\"@type\":\"WebSite\",\"@id\":\"https:\\\/\\\/strangercam.com\\\/#website\",\"url\":\"https:\\\/\\\/strangercam.com\\\/\",\"name\":\"Strangercam\",\"description\":\"Random Video Chat with Strangers\",\"publisher\":{\"@id\":\"https:\\\/\\\/strangercam.com\\\/#organization\"},\"alternateName\":\"Strangercam.com\",\"potentialAction\":[{\"@type\":\"SearchAction\",\"target\":{\"@type\":\"EntryPoint\",\"urlTemplate\":\"https:\\\/\\\/strangercam.com\\\/?s={search_term_string}\"},\"query-input\":{\"@type\":\"PropertyValueSpecification\",\"valueRequired\":true,\"valueName\":\"search_term_string\"}}],\"inLanguage\":\"de\"},{\"@type\":\"Organization\",\"@id\":\"https:\\\/\\\/strangercam.com\\\/#organization\",\"name\":\"Strangercam\",\"alternateName\":\"Strangercam.com\",\"url\":\"https:\\\/\\\/strangercam.com\\\/\",\"logo\":{\"@type\":\"ImageObject\",\"inLanguage\":\"de\",\"@id\":\"https:\\\/\\\/strangercam.com\\\/#\\\/schema\\\/logo\\\/image\\\/\",\"url\":\"https:\\\/\\\/strangercam.com\\\/wp-content\\\/uploads\\\/2020\\\/11\\\/cropped-new-favicon-black.png\",\"contentUrl\":\"https:\\\/\\\/strangercam.com\\\/wp-content\\\/uploads\\\/2020\\\/11\\\/cropped-new-favicon-black.png\",\"width\":512,\"height\":512,\"caption\":\"Strangercam\"},\"image\":{\"@id\":\"https:\\\/\\\/strangercam.com\\\/#\\\/schema\\\/logo\\\/image\\\/\"},\"sameAs\":[\"https:\\\/\\\/www.facebook.com\\\/strangercam\",\"https:\\\/\\\/x.com\\\/strangercamapp\"]}]}<\/script>\n<!-- \/ Yoast SEO plugin. -->","yoast_head_json":{"title":"Ohmegle - Talk to Strangers Omegle Alternative auf StrangerCam.com","description":"Magst du Ohmegle? Komm und chatte mit mehr als 5.000.000 Fremden auf Stranger Cam - kostenlos! Schalte deine Kamera ein und finde neue Freunde und vielleicht einen Partner!","robots":{"index":"index","follow":"follow","max-snippet":"max-snippet:-1","max-image-preview":"max-image-preview:large","max-video-preview":"max-video-preview:-1"},"canonical":"https:\/\/strangercam.com\/de\/ohmegle\/","og_locale":"de_DE","og_type":"article","og_title":"Ohmegle - Talk to Strangers Omegle Alternative on StrangerCam.com","og_description":"Like Ohmegle? Come chat with more than 5.000.000 strangers on Stranger Cam for Free! Turn on your cam and find new friends & maby a match!","og_url":"https:\/\/strangercam.com\/de\/ohmegle\/","og_site_name":"Strangercam","article_publisher":"https:\/\/www.facebook.com\/strangercam","og_image":[{"width":800,"height":532,"url":"https:\/\/strangercam.com\/wp-content\/uploads\/2021\/10\/Untitled-2.png","type":"image\/png"}],"twitter_card":"summary_large_image","twitter_site":"@strangercamapp","twitter_misc":{"Gesch\u00e4tzte Lesezeit":"6\u00a0Minuten"},"schema":{"@context":"https:\/\/schema.org","@graph":[{"@type":"WebPage","@id":"https:\/\/strangercam.com\/ohmegle\/","url":"https:\/\/strangercam.com\/ohmegle\/","name":"Ohmegle - Talk to Strangers Omegle Alternative auf StrangerCam.com","isPartOf":{"@id":"https:\/\/strangercam.com\/#website"},"datePublished":"2025-06-16T13:00:37+00:00","description":"Magst du Ohmegle? Komm und chatte mit mehr als 5.000.000 Fremden auf Stranger Cam - kostenlos! Schalte deine Kamera ein und finde neue Freunde und vielleicht einen Partner!","breadcrumb":{"@id":"https:\/\/strangercam.com\/ohmegle\/#breadcrumb"},"inLanguage":"de","potentialAction":[{"@type":"ReadAction","target":["https:\/\/strangercam.com\/ohmegle\/"]}]},{"@type":"BreadcrumbList","@id":"https:\/\/strangercam.com\/ohmegle\/#breadcrumb","itemListElement":[{"@type":"ListItem","position":1,"name":"Home","item":"https:\/\/strangercam.com\/"},{"@type":"ListItem","position":2,"name":"Ohmegle"}]},{"@type":"WebSite","@id":"https:\/\/strangercam.com\/#website","url":"https:\/\/strangercam.com\/","name":"Strangercam","description":"Zuf\u00e4lliger Video-Chat mit Fremden","publisher":{"@id":"https:\/\/strangercam.com\/#organization"},"alternateName":"Strangercam.com","potentialAction":[{"@type":"SearchAction","target":{"@type":"EntryPoint","urlTemplate":"https:\/\/strangercam.com\/?s={search_term_string}"},"query-input":{"@type":"PropertyValueSpecification","valueRequired":true,"valueName":"search_term_string"}}],"inLanguage":"de"},{"@type":"Organization","@id":"https:\/\/strangercam.com\/#organization","name":"Strangercam","alternateName":"Strangercam.com","url":"https:\/\/strangercam.com\/","logo":{"@type":"ImageObject","inLanguage":"de","@id":"https:\/\/strangercam.com\/#\/schema\/logo\/image\/","url":"https:\/\/strangercam.com\/wp-content\/uploads\/2020\/11\/cropped-new-favicon-black.png","contentUrl":"https:\/\/strangercam.com\/wp-content\/uploads\/2020\/11\/cropped-new-favicon-black.png","width":512,"height":512,"caption":"Strangercam"},"image":{"@id":"https:\/\/strangercam.com\/#\/schema\/logo\/image\/"},"sameAs":["https:\/\/www.facebook.com\/strangercam","https:\/\/x.com\/strangercamapp"]}]}},"_links":{"self":[{"href":"https:\/\/strangercam.com\/de\/wp-json\/wp\/v2\/pages\/12892","targetHints":{"allow":["GET"]}}],"collection":[{"href":"https:\/\/strangercam.com\/de\/wp-json\/wp\/v2\/pages"}],"about":[{"href":"https:\/\/strangercam.com\/de\/wp-json\/wp\/v2\/types\/page"}],"author":[{"embeddable":true,"href":"https:\/\/strangercam.com\/de\/wp-json\/wp\/v2\/users\/6"}],"replies":[{"embeddable":true,"href":"https:\/\/strangercam.com\/de\/wp-json\/wp\/v2\/comments?post=12892"}],"version-history":[{"count":2,"href":"https:\/\/strangercam.com\/de\/wp-json\/wp\/v2\/pages\/12892\/revisions"}],"predecessor-version":[{"id":12894,"href":"https:\/\/strangercam.com\/de\/wp-json\/wp\/v2\/pages\/12892\/revisions\/12894"}],"wp:attachment":[{"href":"https:\/\/strangercam.com\/de\/wp-json\/wp\/v2\/media?parent=12892"}],"curies":[{"name":"wp","href":"https:\/\/api.w.org\/{rel}","templated":true}]}}