{"id":12890,"date":"2025-06-16T14:55:58","date_gmt":"2025-06-16T12:55:58","guid":{"rendered":"https:\/\/strangercam.com\/?page_id=12890"},"modified":"2025-06-16T14:57:21","modified_gmt":"2025-06-16T12:57:21","slug":"anoncam","status":"publish","type":"page","link":"https:\/\/strangercam.com\/de\/anoncam\/","title":{"rendered":"AnonCam"},"content":{"rendered":"<p>Wenn Sie die Einfachheit des Originals vermissen <a href=\"https:\/\/strangercam.com\/de\/omegle\/\">Omegle<\/a>, Anoncam k\u00f6nnte die moderne Alternative sein, nach der du suchst, wenn du mit einem Fremden sofort und anonym in einen Videochat einsteigen willst. Anoncam wurde f\u00fcr Nutzer entwickelt, die Wert auf Privatsph\u00e4re, Spontaneit\u00e4t und keinerlei Verpflichtungen legen. Anoncam reduziert den zuf\u00e4lligen Videochat auf seine grundlegendste Form - keine Konten, keine Biografien, keine Filter - nur zwei Fremde, die \u00fcber eine Webcam verbunden sind.<\/p>\n<p>In diesem ausf\u00fchrlichen Testbericht erfahren Sie, was Anoncam ist, welche Funktionen es bietet und wie es im Vergleich zu anderen beliebten Websites wie Omegle abschneidet, <a href=\"https:\/\/strangercam.com\/de\/chatroulette\/\">Chatroulette<\/a>, und Chatrandom, und ob es die richtige Plattform f\u00fcr Sie im Jahr 2025 ist.<\/p>\n<h2>Was ist Anoncam?<\/h2>\n<p>Anoncam ist eine 100% anonyme Zufalls-Videochat-Plattform, die Sie von Angesicht zu Angesicht mit Fremden in der ganzen Welt verbindet. Es folgt dem traditionellen Webcam-Chat-Modell, das von Omegle popul\u00e4r gemacht wurde, verbessert es aber durch eine schnellere Schnittstelle, eine bessere Leistung auf mobilen Ger\u00e4ten und einen besseren Fokus auf die Sicherheit der Nutzer.<\/p>\n<p>Es gibt keine Anmeldungen, keine Benutzernamen, keine Profile und keine Fotos. Wenn du Anoncam besuchst, bist du nur einen Mausklick von einem Live-Videochat mit jemand Neuem entfernt.<\/p>\n<h2>Was ist der Zweck von Anoncam?<\/h2>\n<p>Anoncam basiert auf einer einfachen Idee: Sprich mit Fremden, ohne zu verraten, wer du bist. In einer Zeit, in der die meisten sozialen Plattformen von Profilen, Followern und digitalen Identit\u00e4ten bestimmt werden, bietet Anoncam einen seltenen Ausweg. Es erweckt den Geist des fr\u00fchen Internets wieder zum Leben - spontane Gespr\u00e4che in Echtzeit mit v\u00f6llig Fremden, losgel\u00f6st von deinem Leben in den sozialen Medien.<\/p>\n<p>Seine Hauptziele sind:<\/p>\n<ul>\n<li>Echte, anonyme menschliche Interaktion erleichtern<\/li>\n<li>Um den Nutzern zu helfen <a href=\"https:\/\/strangercam.com\/de\/coomeet\/\">treffen<\/a> Menschen ohne die Last von Profilen oder Geschichte<\/li>\n<li>Einen sicheren Raum f\u00fcr Ausdruck, Verbindung und Gespr\u00e4che bieten<\/li>\n<\/ul>\n<p>Egal, ob du dich langweilst, einsam bist, neugierig bist oder einfach nur frei und unvoreingenommen reden willst, Anoncam bietet dir eine Umgebung, in der du dich nicht unter Druck setzen musst.<\/p>\n<h2>Wesentliche Merkmale<\/h2>\n<p>1. Anonymer Eins-zu-Eins-Videochat<br \/>\nIm Kern geht es bei Anoncam um sofortige Videoverbindungen. Du l\u00e4dst die Seite, klickst auf \"Start\" und wirst mit einem anderen Fremden \u00fcber dessen Webcam zusammengebracht. Keine Benutzernamen, kein Matching-Prozess - nur zwei Menschen von Angesicht zu Angesicht.<\/p>\n<p>2. Schneller Abgleich und Skip-Funktionalit\u00e4t<br \/>\nSie k\u00f6nnen mit einem einzigen Klick zur n\u00e4chsten Person springen. Der Abgleich erfolgt fast sofort, mit minimaler Pufferung oder Ausfallzeit zwischen den Sitzungen, insbesondere in Sto\u00dfzeiten.<\/p>\n<p>3. Kein Konto oder Login erforderlich<br \/>\nEines der Hauptmerkmale von Anoncam ist die vollkommen anonyme Nutzung. Sie m\u00fcssen sich nicht registrieren oder irgendwelche Informationen angeben, um die Seite zu nutzen. Jede Chatsitzung ist zeitlich begrenzt und hinterl\u00e4sst keinen digitalen Fu\u00dfabdruck.<\/p>\n<p>4. Handy-freundliches Design<br \/>\nAnoncam funktioniert sowohl mit Desktop- als auch mit mobilen Browsern. Das Design ist touch-optimiert und erm\u00f6glicht einen schnellen Zugriff auf die Kamera und den Abgleich, ohne dass eine App oder ein Download erforderlich ist.<\/p>\n<p>5. Optionaler Text-Chat<br \/>\nObwohl der Schwerpunkt auf Video liegt, bietet Anoncam auch eine Text-Chat-Option, entweder neben Video oder als Ausweichm\u00f6glichkeit f\u00fcr Benutzer, die nicht sprechen wollen oder technische Probleme haben.<\/p>\n<p>6. Bericht &amp; Moderationswerkzeuge<br \/>\nNutzer k\u00f6nnen unangemessenes Verhalten schnell melden, und ein Moderationsteam arbeitet daran, Nutzer, die gegen die Plattformregeln versto\u00dfen, zu \u00fcberpr\u00fcfen und zu sperren. Obwohl keine Chatseite perfekt ist, nimmt Anoncam die Sicherheit der Nutzer ernst.<\/p>\n<h2>Ist Anoncam kostenlos?<\/h2>\n<p>Ja, die Nutzung von Anoncam ist v\u00f6llig kostenlos. Es gibt keine versteckten Kosten, Paywalls oder gesperrte Funktionen. Du bekommst unbegrenzten Zugang zu:<\/p>\n<ul>\n<li>Video-Chat<\/li>\n<li>Text-Chat<\/li>\n<li>Spiel \u00fcberspringen<\/li>\n<li>Mobile und Desktop-Nutzung<\/li>\n<\/ul>\n<p>Es gibt keine Premium-Stufe (ab 2025), wodurch das Erlebnis f\u00fcr jedermann zug\u00e4nglich bleibt und die Gefahr des Missbrauchs von Premium-Funktionen durch Betr\u00fcger verringert wird.<\/p>\n<h2>Wer benutzt Anoncam?<\/h2>\n<p>Anoncam hat eine globale Nutzerbasis aufgebaut, die sich \u00fcber verschiedene demografische Gruppen erstreckt, aber ein paar Kernmerkmale gemeinsam hat:<\/p>\n<ul>\n<li>Altersspanne: Haupts\u00e4chlich 18 bis 35<\/li>\n<li>Geschlechterverteilung: \u00dcberwiegend m\u00e4nnlich, aber auch Frauen sind aktiv - vor allem zu den Hauptverkehrszeiten<\/li>\n<li>Absicht: Zwanglose Unterhaltungen, Flirten, Luft ablassen, Sprach\u00fcbungen oder einfach nur Zeitvertreib<\/li>\n<\/ul>\n<p>Es ist besonders beliebt bei:<\/p>\n<ul>\n<li>Studenten der Universit\u00e4t<\/li>\n<li>Nachtschw\u00e4rmer auf der Suche nach Gesellschaft<\/li>\n<li>Digitale Nomaden und Reisende<\/li>\n<li>Menschen, die eine Pause von den sozialen Medien suchen<\/li>\n<\/ul>\n<p>Aufgrund seiner Anonymit\u00e4t zieht Anoncam auch Nutzer an, die frei sprechen, Gedanken austauschen oder Themen erkunden wollen, ohne sie an eine pers\u00f6nliche Identit\u00e4t zu binden.<\/p>\n<h2>Sicherheit, Datenschutz und Moderation<\/h2>\n<p>Anonymit\u00e4t kann befreiend sein, aber sie wirft auch berechtigte Bedenken hinsichtlich des Nutzerverhaltens auf. Anoncam versucht, dies mit einer ausgewogenen Sicherheitsstrategie anzugehen:<\/p>\n<h3>Datenschutz<\/h3>\n<ul>\n<li>Keine Konten oder Anmeldungen<\/li>\n<li>Keine Aufnahme oder Speicherung von Videochats<\/li>\n<li>Ihre IP-Adresse ist nicht \u00f6ffentlich sichtbar<\/li>\n<li>Keine Weitergabe von Daten an Dritte<\/li>\n<\/ul>\n<h3>Moderation<\/h3>\n<ul>\n<li>In-App-Meldeschaltfl\u00e4che w\u00e4hrend Videochats<\/li>\n<li>KI-basierte Erkennung von Nacktheit oder anst\u00f6\u00dfigen Inhalten<\/li>\n<li>Schnellverbote f\u00fcr Wiederholungst\u00e4ter oder gemeldete Nutzer<\/li>\n<li>Echtzeit-Moderation von Sitzungen mit hohem Besucheraufkommen<\/li>\n<\/ul>\n<p>Wie immer sollten die Nutzer vorsichtig sein:<\/p>\n<ul>\n<li>Geben Sie niemals pers\u00f6nliche Informationen weiter<\/li>\n<li>Benutzer, die sich verd\u00e4chtig oder aggressiv verhalten, \u00fcberspringen<\/li>\n<li>Verwenden Sie bei Bedarf die Berichtsfunktion<\/li>\n<\/ul>\n<h2>Benutzeroberfl\u00e4che und Erfahrung<\/h2>\n<p>Die Benutzeroberfl\u00e4che von Anoncam ist einfach und effizient. Die Homepage enth\u00e4lt nur das Wesentliche:<\/p>\n<ul>\n<li>Eine Schaltfl\u00e4che \"Chat starten\".<\/li>\n<li>Grundlegende Regeln<\/li>\n<li>Aufforderung zur Genehmigung von Kamera und Mikrofon<\/li>\n<\/ul>\n<p>Sobald Sie auf \"Start\" klicken, werden Sie in Sekundenschnelle mit jemandem zusammengebracht. \u00dcber die Bildschirmsteuerung k\u00f6nnen Sie:<\/p>\n<ul>\n<li>\u00dcberspringen<\/li>\n<li>Stummschalten des Mikrofons<\/li>\n<li>Beenden Sie den Chat<\/li>\n<li>Bericht<\/li>\n<\/ul>\n<p>Es gibt keine Pop-ups, Registrierungsaufforderungen oder Ablenkungen - eine erfrischende Abwechslung zu vielen <a href=\"https:\/\/strangercam.com\/de\/bazoocam\/\">Nocken<\/a> Chat-Plattformen, die Upsells oder Werbung aggressiv anpreisen.<\/p>\n<p>Die Website l\u00e4uft auch auf Ger\u00e4ten der mittleren Leistungsklasse reibungslos und unterst\u00fctzt Chrome, Firefox, Safari und Edge auf allen Plattformen.<\/p>\n<h2>Anoncam im Vergleich zu anderen anonymen Chat-Plattformen<\/h2>\n<p>Anoncam befindet sich in einer speziellen Nische des wirklich anonymen zuf\u00e4lligen Videochats. Hier ist, wie es im Vergleich zu anderen gro\u00dfen Spielern:<\/p>\n<table>\n<thead>\n<tr>\n<th>Plattform<\/th>\n<th>Anmeldung<\/th>\n<th>Video-Chat<\/th>\n<th>Text-Chat<\/th>\n<th>Filter<\/th>\n<th>Anonymit\u00e4t<\/th>\n<th>Moderation<\/th>\n<\/tr>\n<\/thead>\n<tbody>\n<tr>\n<td>Anoncam<\/td>\n<td>Nein<\/td>\n<td>Ja<\/td>\n<td>Ja<\/td>\n<td>Nein<\/td>\n<td>Stark<\/td>\n<td>M\u00e4\u00dfig<\/td>\n<\/tr>\n<tr>\n<td>Omegle<\/td>\n<td>Nein<\/td>\n<td>Ja<\/td>\n<td>Ja<\/td>\n<td>Nein<\/td>\n<td>Stark<\/td>\n<td>Schwach<\/td>\n<\/tr>\n<tr>\n<td>Chatroulette<\/td>\n<td>Nein<\/td>\n<td>Ja<\/td>\n<td>Begrenzt<\/td>\n<td>Ja<\/td>\n<td>M\u00e4\u00dfig<\/td>\n<td>M\u00e4\u00dfig<\/td>\n<\/tr>\n<tr>\n<td>Chatrandom<\/td>\n<td>Optional<\/td>\n<td>Ja<\/td>\n<td>Ja<\/td>\n<td>Ja<\/td>\n<td>M\u00e4\u00dfig<\/td>\n<td>Stark<\/td>\n<\/tr>\n<tr>\n<td><a href=\"https:\/\/strangercam.com\/de\/ometv\/\">OmeTV<\/a><\/td>\n<td>Nein<\/td>\n<td>Ja<\/td>\n<td>Ja<\/td>\n<td>Ja<\/td>\n<td>M\u00e4\u00dfig<\/td>\n<td>Stark<\/td>\n<\/tr>\n<\/tbody>\n<\/table>\n<p>Zusammenfassung: Anoncam stellt Anonymit\u00e4t \u00fcber Filter oder Premiumfunktionen. Wenn du etwas Minimales, Unverf\u00e4lschtes und Sofortiges suchst, ist es besser als Plattformen, die sich in kontobasierte oder monet\u00e4re Systeme verwandelt haben.<\/p>\n<h2>Pro und Kontra<\/h2>\n<h3>Profis<\/h3>\n<ul>\n<li>Wirklich anonymer Video-Chat<\/li>\n<li>Keine Registrierung oder pers\u00f6nliche Daten erforderlich<\/li>\n<li>Schnelle Anpassung und stabile Leistung<\/li>\n<li>Mobil- und Desktop-freundlich<\/li>\n<li>F\u00fcr immer kostenlos - keine versteckten Geb\u00fchren<\/li>\n<li>Hervorragend geeignet f\u00fcr zwanglose Gespr\u00e4che, Entl\u00fcftung oder spontane Unterhaltungen<\/li>\n<\/ul>\n<h3>Nachteile<\/h3>\n<ul>\n<li>Keine Geschlechts- oder L\u00e4nderfilter<\/li>\n<li>Gelegentlicher Kontakt mit ungeeigneten Nutzern<\/li>\n<li>Begrenzte Nutzerbasis im Vergleich zu \u00e4lteren Plattformen<\/li>\n<li>Keine gespeicherten Spiele oder sozialen Funktionen<\/li>\n<\/ul>\n<h2>Ideale Anwendungsf\u00e4lle<\/h2>\n<p>Anoncam eignet sich hervorragend f\u00fcr Menschen, die:<\/p>\n<ul>\n<li>Anonyme Interaktion von Angesicht zu Angesicht w\u00fcnschen<\/li>\n<li>Vermissen Sie die urspr\u00fcngliche Einfachheit des Omegle<\/li>\n<li>Introvertierte suchen eine Verbindung ohne den Druck eines Profils<\/li>\n<li>einfach nur reden oder sich Luft machen wollen, ohne zu urteilen<\/li>\n<li>internationale Gespr\u00e4che und Freundschaften erkunden<\/li>\n<\/ul>\n<p>Es ist nicht ideal f\u00fcr:<\/p>\n<ul>\n<li>Nutzer, die nach Erfahrungen im Bereich Dating suchen<\/li>\n<li>Menschen, die sich vor der Webcam unwohl f\u00fchlen<\/li>\n<li>Diejenigen, die profilbasiertes Matchmaking erwarten<\/li>\n<li>Minderj\u00e4hrige Nutzer (Anoncam ist nur f\u00fcr 18+)<\/li>\n<\/ul>\n<p>Anoncam l\u00e4sst die urspr\u00fcngliche Vision eines zuf\u00e4lligen Videochats wieder aufleben - schnell, anonym und menschlich. In einer Zeit, in der die meisten Apps deine Daten, dein Geld und deine Zeit wollen, will Anoncam nur eines: eine Echtzeit-Unterhaltung zwischen zwei Fremden.<\/p>\n<p>Sie ist nicht mit Funktionen oder Abonnements \u00fcberladen. Sie gibt nicht vor, eine Dating-App zu sein. Und man muss weder seine E-Mail-Adresse noch seinen Namen oder seinen Standort angeben. Es geht nur um Sie und die andere Person, von Angesicht zu Angesicht, f\u00fcr ein paar Sekunden - oder Minuten - bevor es weitergeht.<\/p>\n<p>Wenn du nach einer privaten, unverbindlichen M\u00f6glichkeit suchst, im Jahr 2025 neue Leute online kennenzulernen, ist Anoncam eine der besten minimalistischen Plattformen, die es gibt. Einfach, kostenlos und anonym - genau so, wie ein zuf\u00e4lliger Chat sein sollte.<\/p>","protected":false},"excerpt":{"rendered":"<p>If you miss the simplicity of the original Omegle, where you could jump into a video chat with a stranger instantly and anonymously, Anoncam might just be the modern-day alternative you\u2019re looking for. Built for users who value privacy, spontaneity, and zero commitment, Anoncam strips random video chat down to its most essential form\u2014no accounts, [&hellip;]<\/p>\n","protected":false},"author":6,"featured_media":0,"parent":0,"menu_order":0,"comment_status":"closed","ping_status":"closed","template":"","meta":{"footnotes":""},"class_list":["post-12890","page","type-page","status-publish","hentry"],"yoast_head":"<!-- This site is optimized with the Yoast SEO plugin v27.4 - https:\/\/yoast.com\/product\/yoast-seo-wordpress\/ -->\n<title>AnonCam - Real Anon Random Video Chat on StrangerCam.com<\/title>\n<meta name=\"description\" content=\"Like AnonCam? Come chat with more than 5.000.000 strangers on Stranger Cam for Free! Turn on your cam and find new friends &amp; maby a match!\" \/>\n<meta name=\"robots\" content=\"index, follow, max-snippet:-1, max-image-preview:large, max-video-preview:-1\" \/>\n<link rel=\"canonical\" href=\"https:\/\/strangercam.com\/de\/anoncam\/\" \/>\n<meta property=\"og:locale\" content=\"de_DE\" \/>\n<meta property=\"og:type\" content=\"article\" \/>\n<meta property=\"og:title\" content=\"AnonCam - Real Anon Random Video Chat on StrangerCam.com\" \/>\n<meta property=\"og:description\" content=\"Like AnonCam? Come chat with more than 5.000.000 strangers on Stranger Cam for Free! Turn on your cam and find new friends &amp; maby a match!\" \/>\n<meta property=\"og:url\" content=\"https:\/\/strangercam.com\/de\/anoncam\/\" \/>\n<meta property=\"og:site_name\" content=\"Strangercam\" \/>\n<meta property=\"article:publisher\" content=\"https:\/\/www.facebook.com\/strangercam\" \/>\n<meta property=\"article:modified_time\" content=\"2025-06-16T12:57:21+00:00\" \/>\n<meta property=\"og:image\" content=\"https:\/\/strangercam.com\/wp-content\/uploads\/2021\/10\/Untitled-2.png\" \/>\n\t<meta property=\"og:image:width\" content=\"800\" \/>\n\t<meta property=\"og:image:height\" content=\"532\" \/>\n\t<meta property=\"og:image:type\" content=\"image\/png\" \/>\n<meta name=\"twitter:card\" content=\"summary_large_image\" \/>\n<meta name=\"twitter:site\" content=\"@strangercamapp\" \/>\n<meta name=\"twitter:label1\" content=\"Gesch\u00e4tzte Lesezeit\" \/>\n\t<meta name=\"twitter:data1\" content=\"6\u00a0Minuten\" \/>\n<script type=\"application\/ld+json\" class=\"yoast-schema-graph\">{\"@context\":\"https:\\\/\\\/schema.org\",\"@graph\":[{\"@type\":\"WebPage\",\"@id\":\"https:\\\/\\\/strangercam.com\\\/anoncam\\\/\",\"url\":\"https:\\\/\\\/strangercam.com\\\/anoncam\\\/\",\"name\":\"AnonCam - Real Anon Random Video Chat on StrangerCam.com\",\"isPartOf\":{\"@id\":\"https:\\\/\\\/strangercam.com\\\/#website\"},\"datePublished\":\"2025-06-16T12:55:58+00:00\",\"dateModified\":\"2025-06-16T12:57:21+00:00\",\"description\":\"Like AnonCam? Come chat with more than 5.000.000 strangers on Stranger Cam for Free! Turn on your cam and find new friends & maby a match!\",\"breadcrumb\":{\"@id\":\"https:\\\/\\\/strangercam.com\\\/anoncam\\\/#breadcrumb\"},\"inLanguage\":\"de\",\"potentialAction\":[{\"@type\":\"ReadAction\",\"target\":[\"https:\\\/\\\/strangercam.com\\\/anoncam\\\/\"]}]},{\"@type\":\"BreadcrumbList\",\"@id\":\"https:\\\/\\\/strangercam.com\\\/anoncam\\\/#breadcrumb\",\"itemListElement\":[{\"@type\":\"ListItem\",\"position\":1,\"name\":\"Home\",\"item\":\"https:\\\/\\\/strangercam.com\\\/\"},{\"@type\":\"ListItem\",\"position\":2,\"name\":\"AnonCam\"}]},{\"@type\":\"WebSite\",\"@id\":\"https:\\\/\\\/strangercam.com\\\/#website\",\"url\":\"https:\\\/\\\/strangercam.com\\\/\",\"name\":\"Strangercam\",\"description\":\"Random Video Chat with Strangers\",\"publisher\":{\"@id\":\"https:\\\/\\\/strangercam.com\\\/#organization\"},\"alternateName\":\"Strangercam.com\",\"potentialAction\":[{\"@type\":\"SearchAction\",\"target\":{\"@type\":\"EntryPoint\",\"urlTemplate\":\"https:\\\/\\\/strangercam.com\\\/?s={search_term_string}\"},\"query-input\":{\"@type\":\"PropertyValueSpecification\",\"valueRequired\":true,\"valueName\":\"search_term_string\"}}],\"inLanguage\":\"de\"},{\"@type\":\"Organization\",\"@id\":\"https:\\\/\\\/strangercam.com\\\/#organization\",\"name\":\"Strangercam\",\"alternateName\":\"Strangercam.com\",\"url\":\"https:\\\/\\\/strangercam.com\\\/\",\"logo\":{\"@type\":\"ImageObject\",\"inLanguage\":\"de\",\"@id\":\"https:\\\/\\\/strangercam.com\\\/#\\\/schema\\\/logo\\\/image\\\/\",\"url\":\"https:\\\/\\\/strangercam.com\\\/wp-content\\\/uploads\\\/2020\\\/11\\\/cropped-new-favicon-black.png\",\"contentUrl\":\"https:\\\/\\\/strangercam.com\\\/wp-content\\\/uploads\\\/2020\\\/11\\\/cropped-new-favicon-black.png\",\"width\":512,\"height\":512,\"caption\":\"Strangercam\"},\"image\":{\"@id\":\"https:\\\/\\\/strangercam.com\\\/#\\\/schema\\\/logo\\\/image\\\/\"},\"sameAs\":[\"https:\\\/\\\/www.facebook.com\\\/strangercam\",\"https:\\\/\\\/x.com\\\/strangercamapp\"]}]}<\/script>\n<!-- \/ Yoast SEO plugin. -->","yoast_head_json":{"title":"AnonCam - Real Anon Random Video Chat auf StrangerCam.com","description":"Magst du AnonCam? Komm und chatte mit mehr als 5.000.000 Fremden auf Stranger Cam - kostenlos! Schalte deine Kamera ein und finde neue Freunde und vielleicht einen Partner!","robots":{"index":"index","follow":"follow","max-snippet":"max-snippet:-1","max-image-preview":"max-image-preview:large","max-video-preview":"max-video-preview:-1"},"canonical":"https:\/\/strangercam.com\/de\/anoncam\/","og_locale":"de_DE","og_type":"article","og_title":"AnonCam - Real Anon Random Video Chat on StrangerCam.com","og_description":"Like AnonCam? Come chat with more than 5.000.000 strangers on Stranger Cam for Free! Turn on your cam and find new friends & maby a match!","og_url":"https:\/\/strangercam.com\/de\/anoncam\/","og_site_name":"Strangercam","article_publisher":"https:\/\/www.facebook.com\/strangercam","article_modified_time":"2025-06-16T12:57:21+00:00","og_image":[{"width":800,"height":532,"url":"https:\/\/strangercam.com\/wp-content\/uploads\/2021\/10\/Untitled-2.png","type":"image\/png"}],"twitter_card":"summary_large_image","twitter_site":"@strangercamapp","twitter_misc":{"Gesch\u00e4tzte Lesezeit":"6\u00a0Minuten"},"schema":{"@context":"https:\/\/schema.org","@graph":[{"@type":"WebPage","@id":"https:\/\/strangercam.com\/anoncam\/","url":"https:\/\/strangercam.com\/anoncam\/","name":"AnonCam - Real Anon Random Video Chat auf StrangerCam.com","isPartOf":{"@id":"https:\/\/strangercam.com\/#website"},"datePublished":"2025-06-16T12:55:58+00:00","dateModified":"2025-06-16T12:57:21+00:00","description":"Magst du AnonCam? Komm und chatte mit mehr als 5.000.000 Fremden auf Stranger Cam - kostenlos! Schalte deine Kamera ein und finde neue Freunde und vielleicht einen Partner!","breadcrumb":{"@id":"https:\/\/strangercam.com\/anoncam\/#breadcrumb"},"inLanguage":"de","potentialAction":[{"@type":"ReadAction","target":["https:\/\/strangercam.com\/anoncam\/"]}]},{"@type":"BreadcrumbList","@id":"https:\/\/strangercam.com\/anoncam\/#breadcrumb","itemListElement":[{"@type":"ListItem","position":1,"name":"Home","item":"https:\/\/strangercam.com\/"},{"@type":"ListItem","position":2,"name":"AnonCam"}]},{"@type":"WebSite","@id":"https:\/\/strangercam.com\/#website","url":"https:\/\/strangercam.com\/","name":"Strangercam","description":"Zuf\u00e4lliger Video-Chat mit Fremden","publisher":{"@id":"https:\/\/strangercam.com\/#organization"},"alternateName":"Strangercam.com","potentialAction":[{"@type":"SearchAction","target":{"@type":"EntryPoint","urlTemplate":"https:\/\/strangercam.com\/?s={search_term_string}"},"query-input":{"@type":"PropertyValueSpecification","valueRequired":true,"valueName":"search_term_string"}}],"inLanguage":"de"},{"@type":"Organization","@id":"https:\/\/strangercam.com\/#organization","name":"Strangercam","alternateName":"Strangercam.com","url":"https:\/\/strangercam.com\/","logo":{"@type":"ImageObject","inLanguage":"de","@id":"https:\/\/strangercam.com\/#\/schema\/logo\/image\/","url":"https:\/\/strangercam.com\/wp-content\/uploads\/2020\/11\/cropped-new-favicon-black.png","contentUrl":"https:\/\/strangercam.com\/wp-content\/uploads\/2020\/11\/cropped-new-favicon-black.png","width":512,"height":512,"caption":"Strangercam"},"image":{"@id":"https:\/\/strangercam.com\/#\/schema\/logo\/image\/"},"sameAs":["https:\/\/www.facebook.com\/strangercam","https:\/\/x.com\/strangercamapp"]}]}},"_links":{"self":[{"href":"https:\/\/strangercam.com\/de\/wp-json\/wp\/v2\/pages\/12890","targetHints":{"allow":["GET"]}}],"collection":[{"href":"https:\/\/strangercam.com\/de\/wp-json\/wp\/v2\/pages"}],"about":[{"href":"https:\/\/strangercam.com\/de\/wp-json\/wp\/v2\/types\/page"}],"author":[{"embeddable":true,"href":"https:\/\/strangercam.com\/de\/wp-json\/wp\/v2\/users\/6"}],"replies":[{"embeddable":true,"href":"https:\/\/strangercam.com\/de\/wp-json\/wp\/v2\/comments?post=12890"}],"version-history":[{"count":1,"href":"https:\/\/strangercam.com\/de\/wp-json\/wp\/v2\/pages\/12890\/revisions"}],"predecessor-version":[{"id":12891,"href":"https:\/\/strangercam.com\/de\/wp-json\/wp\/v2\/pages\/12890\/revisions\/12891"}],"wp:attachment":[{"href":"https:\/\/strangercam.com\/de\/wp-json\/wp\/v2\/media?parent=12890"}],"curies":[{"name":"wp","href":"https:\/\/api.w.org\/{rel}","templated":true}]}}