{"id":12887,"date":"2025-06-16T14:52:18","date_gmt":"2025-06-16T12:52:18","guid":{"rendered":"https:\/\/strangercam.com\/?page_id=12887"},"modified":"2025-06-16T14:52:18","modified_gmt":"2025-06-16T12:52:18","slug":"hopfen","status":"publish","type":"page","link":"https:\/\/strangercam.com\/de\/hoppy\/","title":{"rendered":"Hoppy"},"content":{"rendered":"<p>In einer Welt, in der das Swipen zur Erm\u00fcdung f\u00fchrt und das endlose Scrollen durch Dating-Profile, bringt Hoppy etwas Neues auf den Tisch: Echtzeit-Video <a href=\"https:\/\/strangercam.com\/de\/chathub\/\">Chat<\/a> als ersten Schritt zum Kennenlernen einer neuen Person. Durch die Verbindung des Spa\u00dfes von zuf\u00e4lligen Cam-to-Cam-Chats mit der Absicht, sich zu verabreden, positioniert sich Hoppy irgendwo zwischen einer Dating-App und einem Video-Matchmaking-Erlebnis.<\/p>\n<p>Wenn Sie genug von reinen Text-Chats haben, die vor dem ersten Date im Sande verlaufen, oder von Dating-Apps, auf die nur selten geantwortet wird, bietet Hoppy eine schnelle, interaktive und menschliche M\u00f6glichkeit, echte Kontakte zu kn\u00fcpfen.<\/p>\n<p>In diesem Testbericht werden wir genau untersuchen, wie Hoppy funktioniert, f\u00fcr wen es am besten geeignet ist, welche Funktionen es enth\u00e4lt, wie es im Vergleich zu anderen Plattformen abschneidet und ob es Ihre Zeit im Jahr 2025 wert ist.<\/p>\n<h2>Was ist Hoppy?<\/h2>\n<p>Hoppy ist eine Videochat-Dating-Plattform, auf der sich Nutzer \u00fcber pers\u00f6nliche, zuf\u00e4llige Videoanrufe treffen. Anders als bei herk\u00f6mmlichen Dating-Apps, bei denen man durch Profile scrollt und auf \u00dcbereinstimmungen wartet, wird man bei Hoppy von Anfang an in eine Live-Interaktion geworfen. Du siehst und sprichst mit deinem Match in Echtzeit und entscheidest sofort, ob die Chemie stimmt - oder ob es weitergeht.<\/p>\n<p>Die Idee ist einfach: Kurze Videochats von Angesicht zu Angesicht, die als virtuelle \"erste Dates\" fungieren und Ihnen helfen, die endlosen SMS zu \u00fcberspringen und von Anfang an zu sehen, ob es eine echte Verbindung gibt.<\/p>\n<p>Es wird oft beschrieben als:<\/p>\n<ul>\n<li>Eine Dating-Website mit Video-First<\/li>\n<li>Eine Speed-Dating-Plattform f\u00fcr das digitale Zeitalter<\/li>\n<li>Ein Hybrid zwischen <a href=\"https:\/\/strangercam.com\/de\/chatroulette\/\">Chatroulette<\/a> und Tinder<\/li>\n<\/ul>\n<h2>Was ist der Zweck von Hoppy?<\/h2>\n<p>Hoppy hat es sich zur Aufgabe gemacht, Menschen dabei zu helfen, echte, romantische Beziehungen durch Live-Video aufzubauen. Die Plattform ist konzipiert f\u00fcr:<\/p>\n<ul>\n<li>Singles auf der Suche nach einem authentischen ersten Eindruck<\/li>\n<li>Menschen haben genug von Ghosting und gef\u00e4lschten Profilen<\/li>\n<li>Nutzer, die visuelle Chemie und Live-Interaktionen dem Text vorziehen<\/li>\n<\/ul>\n<p>W\u00e4hrend sich die meisten Dating-Apps auf kuratierte Biografien und gefilterte Fotos st\u00fctzen, geht Hoppy direkt zur Sache - zwei Fremde von Angesicht zu Angesicht via Webcam, die entscheiden, ob sie weiterreden oder weitermachen wollen.<\/p>\n<p>Die Plattform ist zwanglos genug, um zu flirten und Spa\u00df zu haben, aber auch strukturiert genug, um Menschen anzuziehen, die wirklich an einer Verabredung interessiert sind und nicht nur ziellos plaudern.<\/p>\n<h2>Wesentliche Merkmale<\/h2>\n<p>1. Zuf\u00e4lliges Video-Matching<br \/>\nDas Hauptmerkmal von Hoppy sind Live-Videochats mit zuf\u00e4llig zusammengestellten Nutzern. Jede Konversation ist zeitlich begrenzt und dauert in der Regel ein oder zwei Minuten. Danach k\u00f6nnen beide Nutzer entscheiden, ob sie die Verbindung fortsetzen oder weitermachen wollen.<\/p>\n<p>2. Double Opt-In Match System<br \/>\nNach einem Video-Chat k\u00f6nnen beide Nutzer die Interaktion \"m\u00f6gen\". Wenn beide Personen wieder miteinander sprechen m\u00f6chten, wird eine \u00dcbereinstimmung erstellt und Sie k\u00f6nnen den Chat per Text oder Video in der App fortsetzen.<\/p>\n<p>3. Warteschlange abgleichen und Verbindungen wiederherstellen<br \/>\nHoppy enth\u00e4lt einen Spielverlauf und eine Liste der letzten Chats, die es Ihnen erm\u00f6glicht, Unterhaltungen wieder aufleben zu lassen oder sich mit jemandem, mit dem Sie gerne gesprochen haben, wieder zu verbinden.<\/p>\n<p>4. Filter f\u00fcr Geschlecht und Interessen <em>(Premiumfunktion)<\/em><br \/>\nW\u00e4hrend die Basis-Erfahrung zuf\u00e4llig ist, bietet Hoppy Filter, so dass Sie mit Menschen eines bestimmten Geschlechts oder einer bestimmten Region zusammenfinden k\u00f6nnen. Das erh\u00f6ht die Chance, ein Match zu finden, das deinen Vorlieben entspricht.<\/p>\n<p>5. Profilanpassung<br \/>\nJeder Benutzer kann ein Lichtprofil erstellen:<\/p>\n<ul>\n<li>Profilbild<\/li>\n<li>Basis-Bio<\/li>\n<li>Standort<\/li>\n<li>Geschlecht und Dating-Pr\u00e4ferenzen<\/li>\n<\/ul>\n<p>Diese Profile werden jedoch erst nach einem Match enth\u00fcllt, so dass der anf\u00e4ngliche Videochat anonym bleibt und sich auf die nat\u00fcrliche Chemie konzentriert.<\/p>\n<p>6. Anti-Ghosting-Werkzeuge<br \/>\nHoppy nutzt Gespr\u00e4chsanregungen und Matching Prompts, um Folgechats zu f\u00f6rdern und den \"Geisterstadt\"-Effekt zu minimieren, der viele Dating-Apps plagt.<\/p>\n<p>7. Sichere Gemeinschaftsstandards<br \/>\nNutzer k\u00f6nnen unangemessenes Verhalten in Echtzeit melden. Wiederholte Verst\u00f6\u00dfe f\u00fchren zu Sperren oder eingeschr\u00e4nktem Zugang, und es gibt ein Moderationsteam, das die Meldungen \u00fcberpr\u00fcft.<\/p>\n<h2>Ist Hoppy frei?<\/h2>\n<p>Hoppy kann kostenlos ausprobiert werden, wobei alle wesentlichen Videochat-Funktionen kostenlos zur Verf\u00fcgung stehen. Allerdings funktioniert es nach einem Freemium-Modell, das Premium-Funktionen gegen eine monatliche Geb\u00fchr freischaltet.<\/p>\n<h3>Freie Benutzer k\u00f6nnen:<\/h3>\n<ul>\n<li>Unbegrenzte Videochats eingeben<\/li>\n<li>Matching und Chat mit jedem, der sie gegenseitig mag<\/li>\n<li>Erstellen Sie ein Basisprofil<\/li>\n<li>Verbindung zu den letzten Spielen wiederherstellen<\/li>\n<\/ul>\n<h3>Premium-Benutzer erhalten:<\/h3>\n<ul>\n<li>Filter f\u00fcr Geschlecht und Region<\/li>\n<li>Zugang zu mehr Profilinformationen vor dem Abgleich<\/li>\n<li>Unbegrenztes Re-Matching und verl\u00e4ngerte Chat-Zeit<\/li>\n<li>Verbesserung der Sichtbarkeit und Anpassung der Priorit\u00e4ten<\/li>\n<\/ul>\n<p>Die Preise variieren je nach Region, aber typische Premium-Tarife reichen von $9,99 bis $19,99\/Monat, je nach Abonnementl\u00e4nge.<\/p>\n<h2>F\u00fcr wen ist Hoppy?<\/h2>\n<p>Hoppy ist speziell f\u00fcr Singles zwischen 18 und 35 Jahren konzipiert, aber auch \u00e4ltere Nutzer sind willkommen. Es spricht vor allem an:<\/p>\n<ul>\n<li>Menschen, die es mit der Partnersuche ernst meinen, aber von den typischen Apps frustriert sind<\/li>\n<li>Nutzer, die Videokommunikation gegen\u00fcber Textnachrichten bevorzugen<\/li>\n<li>Diejenigen, die potenzielle Partner von Angesicht zu Angesicht und sofort treffen wollen<\/li>\n<li>Jeder, der eine menschlichere, weniger geskriptete Online-Interaktion sucht<\/li>\n<\/ul>\n<h3>Gemeinsame demografische Merkmale:<\/h3>\n<ul>\n<li>Gleiche Verteilung der Geschlechter (ausgewogener als bei vielen <a href=\"https:\/\/strangercam.com\/de\/bazoocam\/\">Nocken<\/a> Chat-Plattformen)<\/li>\n<li>Nutzer aus Nordamerika, Europa, S\u00fcdostasien und S\u00fcdamerika<\/li>\n<li>Personen, die auf der Suche nach Liebe, zwangloser Verabredung oder Flirtgespr\u00e4chen sind<\/li>\n<\/ul>\n<p>Im Gegensatz zu reinen Zufalls-Chat-Plattformen wie <a href=\"https:\/\/strangercam.com\/de\/omegle\/\">Omegle<\/a>, Hoppy filtert nach der Absicht - die meisten Nutzer sind dort, um sich zu verabreden oder zumindest zu flirten, und nicht nur, um sich zu unterhalten oder zu trollen.<\/p>\n<h2>Sicherheit, Datenschutz und Moderation<\/h2>\n<p>Hoppy nimmt die Sicherheit ernst, indem es Anonymit\u00e4t mit Verantwortlichkeit verbindet.<\/p>\n<p>Privatsph\u00e4re Merkmale:<\/p>\n<ul>\n<li>Chats werden verschl\u00fcsselt und nicht aufgezeichnet<\/li>\n<li>Keine externe Weitergabe von Spielen oder Daten<\/li>\n<li>Ihr Profil ist erst nach einem gegenseitigen Match sichtbar<\/li>\n<\/ul>\n<p>Moderationswerkzeuge:<\/p>\n<ul>\n<li>Berichterstattung in Echtzeit<\/li>\n<li>Erkennung unangemessenen Verhaltens durch KI und menschliche \u00dcberpr\u00fcfung<\/li>\n<li>Sperren f\u00fcr Benutzer, die gegen die Gemeinschaftsstandards versto\u00dfen<\/li>\n<\/ul>\n<p>Benutzerkontrolle:<\/p>\n<ul>\n<li>Jederzeit einen Chat \u00fcberspringen oder beenden<\/li>\n<li>Sperren von Benutzern f\u00fcr die erneute Suche<\/li>\n<li>Kontrollieren Sie, wer Ihr Profil sieht<\/li>\n<\/ul>\n<p>Wie immer sollten Nutzer niemals pers\u00f6nliche Informationen weitergeben, auch nicht in einem Video-Chat, solange kein Vertrauen aufgebaut ist.<\/p>\n<h2>Benutzererfahrung und Design<\/h2>\n<p>Das Design von Hoppy ist schlank, modern und f\u00fcr die mobile Nutzung optimiert, obwohl auch Desktop-Nutzer unterst\u00fctzt werden. Die wichtigsten Elemente sind:<\/p>\n<ul>\n<li>Ein gro\u00dfes Live-Videofenster w\u00e4hrend der Chats<\/li>\n<li>Minimale Ablenkungen oder \u00dcberlagerungen<\/li>\n<li>Schaltfl\u00e4chen f\u00fcr Abgleich\/\u00dcberspringen\/Bericht l\u00f6schen<\/li>\n<li>Schnelle \u00dcberg\u00e4nge zwischen Benutzern<\/li>\n<\/ul>\n<p>Das zeitlich begrenzte Chat-Format h\u00e4lt die Dinge spannend und ohne Druck. Jedes Gespr\u00e4ch ist kurz, aber aussagekr\u00e4ftig, und Sie sitzen nie in einer Sitzung fest, die Ihnen keinen Spa\u00df macht.<\/p>\n<h2>Hoppy im Vergleich zu anderen Video Chat Dating Plattformen<\/h2>\n<p>Wie ist Hoppy im Vergleich zu \u00e4hnlichen Apps im Cam-Dating-Bereich?<\/p>\n<table>\n<thead>\n<tr>\n<th>Merkmal<\/th>\n<th>Hoppy<\/th>\n<th>Affe<\/th>\n<th>Camgo<\/th>\n<th><a href=\"https:\/\/strangercam.com\/de\/coomeet\/\">CooMeet<\/a><\/th>\n<th>Azar<\/th>\n<\/tr>\n<\/thead>\n<tbody>\n<tr>\n<td>1-on-1 Video-Chat<\/td>\n<td>Ja<\/td>\n<td>Ja<\/td>\n<td>Ja<\/td>\n<td>Ja<\/td>\n<td>Ja<\/td>\n<\/tr>\n<tr>\n<td>Fokus auf Dating<\/td>\n<td>Stark<\/td>\n<td>Schwach<\/td>\n<td>M\u00e4\u00dfig<\/td>\n<td>Stark<\/td>\n<td>Schwach<\/td>\n<\/tr>\n<tr>\n<td>Frei zu verwenden<\/td>\n<td>Ja<\/td>\n<td>Ja<\/td>\n<td>Ja<\/td>\n<td>Begrenzt<\/td>\n<td>Ja<\/td>\n<\/tr>\n<tr>\n<td>Gender-Filter<\/td>\n<td>Bezahlt<\/td>\n<td>Nein<\/td>\n<td>Bezahlt<\/td>\n<td>Bezahlt<\/td>\n<td>Bezahlt<\/td>\n<\/tr>\n<tr>\n<td>Registrierung erforderlich<\/td>\n<td>Ja<\/td>\n<td>Optional<\/td>\n<td>Nein<\/td>\n<td>Ja<\/td>\n<td>Ja<\/td>\n<\/tr>\n<tr>\n<td>Abgleich in Echtzeit<\/td>\n<td>Ja<\/td>\n<td>Ja<\/td>\n<td>Ja<\/td>\n<td>Ja<\/td>\n<td>Ja<\/td>\n<\/tr>\n<tr>\n<td>Sicherheit der Gemeinschaft<\/td>\n<td>M\u00e4\u00dfig<\/td>\n<td>Schwach<\/td>\n<td>M\u00e4\u00dfig<\/td>\n<td>Stark<\/td>\n<td>M\u00e4\u00dfig<\/td>\n<\/tr>\n<\/tbody>\n<\/table>\n<p>Zusammenfassung: Hoppy bietet einen st\u00e4rkeren Dating-Ansatz im Vergleich zu den meisten zuf\u00e4lligen Video-Apps, ohne eine Paywall wie CooMeet zu haben. Es h\u00e4lt die Dinge spontan, aber bedeutungsvoll, was ideal f\u00fcr Benutzer ist, die nach echten Verbindungen \u00fcber Video suchen.<\/p>\n<h2>Pro und Kontra<\/h2>\n<p>Vorteile:<\/p>\n<ul>\n<li>Sofortige Interaktion von Angesicht zu Angesicht<\/li>\n<li>Starker Fokus auf Dating, nicht nur Casual Chat<\/li>\n<li>Kostenlose Nutzung mit gro\u00dfz\u00fcgigem Zugang<\/li>\n<li>Mobil-optimierte Erfahrung<\/li>\n<li>Hohe Trefferqualit\u00e4t durch Double-Opt-In<\/li>\n<li>Filter und Sicherheitswerkzeuge verf\u00fcgbar<\/li>\n<\/ul>\n<p>Nachteile:<\/p>\n<ul>\n<li>Premium-Funktionen k\u00f6nnen kostspielig werden<\/li>\n<li>Einige Nutzer k\u00f6nnen das System immer noch missbrauchen<\/li>\n<li>Begrenzte Nutzerbasis in bestimmten Zeitzonen<\/li>\n<li>Sie m\u00fcssen f\u00fcr die Teilnahme kameratauglich sein<\/li>\n<\/ul>\n<h2>Ideale Anwendungsf\u00e4lle<\/h2>\n<p>Hoppy ist ideal f\u00fcr:<\/p>\n<ul>\n<li>Nutzer von Dating-Apps, die auf endlose SMS verzichten wollen<\/li>\n<li>Singles, die die Chemie den Fotos vorziehen<\/li>\n<li>Extrovertierte Menschen, die sich in Gespr\u00e4chen wohlf\u00fchlen<\/li>\n<li>Neugierige auf modernes Speed-Dating per Video<\/li>\n<\/ul>\n<p>Nicht ideal f\u00fcr:<\/p>\n<ul>\n<li>Benutzer, die nicht gerne vor der Kamera stehen<\/li>\n<li>Personen unter 18 Jahren (nur f\u00fcr Erwachsene)<\/li>\n<li>Diejenigen, die auf der Suche nach einer langsamen Partnervermittlung oder traditionellen Dating-Profilen sind<\/li>\n<\/ul>\n<p>Hoppy bringt eine erfrischende Wendung in die Online-Dating-Szene, indem es die Live-Interaktion von Angesicht zu Angesicht in den Mittelpunkt stellt. Anstatt endlos zu swipen oder tagelang zu simsen, erhalten die Nutzer sofort einen echten ersten Eindruck - und entscheiden innerhalb von Sekunden, ob es Potenzial gibt.<\/p>\n<p>Es ist schnell, macht Spa\u00df und ist \u00fcberraschend authentisch. Egal, ob Sie auf der Suche nach einem lockeren Flirt, einer ernsthaften Verabredung oder einfach nur nach einer interessanten Person f\u00fcr heute Abend sind, Hoppy bietet Ihnen eine einfache und leicht zug\u00e4ngliche M\u00f6glichkeit, dies zu tun - ohne Downloads oder umst\u00e4ndliche Biografien.<\/p>\n<p>Wenn du bereit bist, die Dating-App-M\u00fcdigkeit hinter dir zu lassen und echte Menschen in Echtzeit zu treffen, ist Hoppy auf jeden Fall einen Versuch wert.<\/p>","protected":false},"excerpt":{"rendered":"<p>In a world of swiping fatigue and endless scrolling through dating profiles, Hoppy brings something different to the table: real-time video chat as the first step to meeting someone new. By blending the fun of random cam-to-cam chats with the intention of dating, Hoppy positions itself somewhere between a dating app and a video matchmaking [&hellip;]<\/p>\n","protected":false},"author":6,"featured_media":0,"parent":0,"menu_order":0,"comment_status":"closed","ping_status":"closed","template":"","meta":{"footnotes":""},"class_list":["post-12887","page","type-page","status-publish","hentry"],"yoast_head":"<!-- This site is optimized with the Yoast SEO plugin v27.4 - https:\/\/yoast.com\/product\/yoast-seo-wordpress\/ -->\n<title>Hoppy - It Takes One Video To Match on StrangerCam.com<\/title>\n<meta name=\"description\" content=\"Like Hoppy? Come chat with more than 5.000.000 strangers on Stranger Cam for Free! Turn on your cam and find new friends &amp; maby a match!\" \/>\n<meta name=\"robots\" content=\"index, follow, max-snippet:-1, max-image-preview:large, max-video-preview:-1\" \/>\n<link rel=\"canonical\" href=\"https:\/\/strangercam.com\/de\/hopfen\/\" \/>\n<meta property=\"og:locale\" content=\"de_DE\" \/>\n<meta property=\"og:type\" content=\"article\" \/>\n<meta property=\"og:title\" content=\"Hoppy - It Takes One Video To Match on StrangerCam.com\" \/>\n<meta property=\"og:description\" content=\"Like Hoppy? Come chat with more than 5.000.000 strangers on Stranger Cam for Free! Turn on your cam and find new friends &amp; maby a match!\" \/>\n<meta property=\"og:url\" content=\"https:\/\/strangercam.com\/de\/hopfen\/\" \/>\n<meta property=\"og:site_name\" content=\"Strangercam\" \/>\n<meta property=\"article:publisher\" content=\"https:\/\/www.facebook.com\/strangercam\" \/>\n<meta property=\"og:image\" content=\"https:\/\/strangercam.com\/wp-content\/uploads\/2021\/10\/Untitled-2.png\" \/>\n\t<meta property=\"og:image:width\" content=\"800\" \/>\n\t<meta property=\"og:image:height\" content=\"532\" \/>\n\t<meta property=\"og:image:type\" content=\"image\/png\" \/>\n<meta name=\"twitter:card\" content=\"summary_large_image\" \/>\n<meta name=\"twitter:site\" content=\"@strangercamapp\" \/>\n<meta name=\"twitter:label1\" content=\"Gesch\u00e4tzte Lesezeit\" \/>\n\t<meta name=\"twitter:data1\" content=\"6\u00a0Minuten\" \/>\n<script type=\"application\/ld+json\" class=\"yoast-schema-graph\">{\"@context\":\"https:\\\/\\\/schema.org\",\"@graph\":[{\"@type\":\"WebPage\",\"@id\":\"https:\\\/\\\/strangercam.com\\\/hoppy\\\/\",\"url\":\"https:\\\/\\\/strangercam.com\\\/hoppy\\\/\",\"name\":\"Hoppy - It Takes One Video To Match on StrangerCam.com\",\"isPartOf\":{\"@id\":\"https:\\\/\\\/strangercam.com\\\/#website\"},\"datePublished\":\"2025-06-16T12:52:18+00:00\",\"description\":\"Like Hoppy? Come chat with more than 5.000.000 strangers on Stranger Cam for Free! Turn on your cam and find new friends & maby a match!\",\"breadcrumb\":{\"@id\":\"https:\\\/\\\/strangercam.com\\\/hoppy\\\/#breadcrumb\"},\"inLanguage\":\"de\",\"potentialAction\":[{\"@type\":\"ReadAction\",\"target\":[\"https:\\\/\\\/strangercam.com\\\/hoppy\\\/\"]}]},{\"@type\":\"BreadcrumbList\",\"@id\":\"https:\\\/\\\/strangercam.com\\\/hoppy\\\/#breadcrumb\",\"itemListElement\":[{\"@type\":\"ListItem\",\"position\":1,\"name\":\"Home\",\"item\":\"https:\\\/\\\/strangercam.com\\\/\"},{\"@type\":\"ListItem\",\"position\":2,\"name\":\"Hoppy\"}]},{\"@type\":\"WebSite\",\"@id\":\"https:\\\/\\\/strangercam.com\\\/#website\",\"url\":\"https:\\\/\\\/strangercam.com\\\/\",\"name\":\"Strangercam\",\"description\":\"Random Video Chat with Strangers\",\"publisher\":{\"@id\":\"https:\\\/\\\/strangercam.com\\\/#organization\"},\"alternateName\":\"Strangercam.com\",\"potentialAction\":[{\"@type\":\"SearchAction\",\"target\":{\"@type\":\"EntryPoint\",\"urlTemplate\":\"https:\\\/\\\/strangercam.com\\\/?s={search_term_string}\"},\"query-input\":{\"@type\":\"PropertyValueSpecification\",\"valueRequired\":true,\"valueName\":\"search_term_string\"}}],\"inLanguage\":\"de\"},{\"@type\":\"Organization\",\"@id\":\"https:\\\/\\\/strangercam.com\\\/#organization\",\"name\":\"Strangercam\",\"alternateName\":\"Strangercam.com\",\"url\":\"https:\\\/\\\/strangercam.com\\\/\",\"logo\":{\"@type\":\"ImageObject\",\"inLanguage\":\"de\",\"@id\":\"https:\\\/\\\/strangercam.com\\\/#\\\/schema\\\/logo\\\/image\\\/\",\"url\":\"https:\\\/\\\/strangercam.com\\\/wp-content\\\/uploads\\\/2020\\\/11\\\/cropped-new-favicon-black.png\",\"contentUrl\":\"https:\\\/\\\/strangercam.com\\\/wp-content\\\/uploads\\\/2020\\\/11\\\/cropped-new-favicon-black.png\",\"width\":512,\"height\":512,\"caption\":\"Strangercam\"},\"image\":{\"@id\":\"https:\\\/\\\/strangercam.com\\\/#\\\/schema\\\/logo\\\/image\\\/\"},\"sameAs\":[\"https:\\\/\\\/www.facebook.com\\\/strangercam\",\"https:\\\/\\\/x.com\\\/strangercamapp\"]}]}<\/script>\n<!-- \/ Yoast SEO plugin. -->","yoast_head_json":{"title":"Hoppy - It Takes One Video To Match auf StrangerCam.com","description":"Magst du Hoppy? Komm und chatte mit mehr als 5.000.000 Fremden auf Stranger Cam - kostenlos! Schalte deine Kamera ein und finde neue Freunde und vielleicht einen Partner!","robots":{"index":"index","follow":"follow","max-snippet":"max-snippet:-1","max-image-preview":"max-image-preview:large","max-video-preview":"max-video-preview:-1"},"canonical":"https:\/\/strangercam.com\/de\/hopfen\/","og_locale":"de_DE","og_type":"article","og_title":"Hoppy - It Takes One Video To Match on StrangerCam.com","og_description":"Like Hoppy? Come chat with more than 5.000.000 strangers on Stranger Cam for Free! Turn on your cam and find new friends & maby a match!","og_url":"https:\/\/strangercam.com\/de\/hopfen\/","og_site_name":"Strangercam","article_publisher":"https:\/\/www.facebook.com\/strangercam","og_image":[{"width":800,"height":532,"url":"https:\/\/strangercam.com\/wp-content\/uploads\/2021\/10\/Untitled-2.png","type":"image\/png"}],"twitter_card":"summary_large_image","twitter_site":"@strangercamapp","twitter_misc":{"Gesch\u00e4tzte Lesezeit":"6\u00a0Minuten"},"schema":{"@context":"https:\/\/schema.org","@graph":[{"@type":"WebPage","@id":"https:\/\/strangercam.com\/hoppy\/","url":"https:\/\/strangercam.com\/hoppy\/","name":"Hoppy - It Takes One Video To Match auf StrangerCam.com","isPartOf":{"@id":"https:\/\/strangercam.com\/#website"},"datePublished":"2025-06-16T12:52:18+00:00","description":"Magst du Hoppy? Komm und chatte mit mehr als 5.000.000 Fremden auf Stranger Cam - kostenlos! Schalte deine Kamera ein und finde neue Freunde und vielleicht einen Partner!","breadcrumb":{"@id":"https:\/\/strangercam.com\/hoppy\/#breadcrumb"},"inLanguage":"de","potentialAction":[{"@type":"ReadAction","target":["https:\/\/strangercam.com\/hoppy\/"]}]},{"@type":"BreadcrumbList","@id":"https:\/\/strangercam.com\/hoppy\/#breadcrumb","itemListElement":[{"@type":"ListItem","position":1,"name":"Home","item":"https:\/\/strangercam.com\/"},{"@type":"ListItem","position":2,"name":"Hoppy"}]},{"@type":"WebSite","@id":"https:\/\/strangercam.com\/#website","url":"https:\/\/strangercam.com\/","name":"Strangercam","description":"Zuf\u00e4lliger Video-Chat mit Fremden","publisher":{"@id":"https:\/\/strangercam.com\/#organization"},"alternateName":"Strangercam.com","potentialAction":[{"@type":"SearchAction","target":{"@type":"EntryPoint","urlTemplate":"https:\/\/strangercam.com\/?s={search_term_string}"},"query-input":{"@type":"PropertyValueSpecification","valueRequired":true,"valueName":"search_term_string"}}],"inLanguage":"de"},{"@type":"Organization","@id":"https:\/\/strangercam.com\/#organization","name":"Strangercam","alternateName":"Strangercam.com","url":"https:\/\/strangercam.com\/","logo":{"@type":"ImageObject","inLanguage":"de","@id":"https:\/\/strangercam.com\/#\/schema\/logo\/image\/","url":"https:\/\/strangercam.com\/wp-content\/uploads\/2020\/11\/cropped-new-favicon-black.png","contentUrl":"https:\/\/strangercam.com\/wp-content\/uploads\/2020\/11\/cropped-new-favicon-black.png","width":512,"height":512,"caption":"Strangercam"},"image":{"@id":"https:\/\/strangercam.com\/#\/schema\/logo\/image\/"},"sameAs":["https:\/\/www.facebook.com\/strangercam","https:\/\/x.com\/strangercamapp"]}]}},"_links":{"self":[{"href":"https:\/\/strangercam.com\/de\/wp-json\/wp\/v2\/pages\/12887","targetHints":{"allow":["GET"]}}],"collection":[{"href":"https:\/\/strangercam.com\/de\/wp-json\/wp\/v2\/pages"}],"about":[{"href":"https:\/\/strangercam.com\/de\/wp-json\/wp\/v2\/types\/page"}],"author":[{"embeddable":true,"href":"https:\/\/strangercam.com\/de\/wp-json\/wp\/v2\/users\/6"}],"replies":[{"embeddable":true,"href":"https:\/\/strangercam.com\/de\/wp-json\/wp\/v2\/comments?post=12887"}],"version-history":[{"count":2,"href":"https:\/\/strangercam.com\/de\/wp-json\/wp\/v2\/pages\/12887\/revisions"}],"predecessor-version":[{"id":12889,"href":"https:\/\/strangercam.com\/de\/wp-json\/wp\/v2\/pages\/12887\/revisions\/12889"}],"wp:attachment":[{"href":"https:\/\/strangercam.com\/de\/wp-json\/wp\/v2\/media?parent=12887"}],"curies":[{"name":"wp","href":"https:\/\/api.w.org\/{rel}","templated":true}]}}