{"id":12883,"date":"2025-06-16T14:46:37","date_gmt":"2025-06-16T12:46:37","guid":{"rendered":"https:\/\/strangercam.com\/?page_id=12883"},"modified":"2025-06-16T14:46:37","modified_gmt":"2025-06-16T12:46:37","slug":"aveola","status":"publish","type":"page","link":"https:\/\/strangercam.com\/de\/aveola\/","title":{"rendered":"Aveola"},"content":{"rendered":"<p>Das Zufallsvideo <a href=\"https:\/\/strangercam.com\/de\/chatroulette\/\">Chat<\/a> Raum ist wettbewerbsf\u00e4higer denn je. Mit Plattformen wie <a href=\"https:\/\/strangercam.com\/de\/ometv\/\">OmeTV<\/a>, Monkey und Hay Fun das Tempo vorgeben, treten neuere Konkurrenten mit schlanken Oberfl\u00e4chen und besserer mobiler Integration auf den Plan. Eine davon ist Aveola - eine aufstrebende Videochat-Plattform, die f\u00fcr schnelle, anonyme Eins-zu-Eins-Interaktionen mit Fremden auf der ganzen Welt entwickelt wurde.<\/p>\n<p>Egal, ob Sie flirten, internationale Freundschaften schlie\u00dfen oder sich einfach nur die Zeit vertreiben wollen, um neue Leute kennenzulernen - Aveola verspricht ein mobiles Erlebnis ohne die Komplikationen einer Registrierung, sozialer Profile oder der Erstellung von Inhalten.<\/p>\n<p>In diesem Testbericht werden wir Aveola genauer unter die Lupe nehmen - was es ist, wie es funktioniert, f\u00fcr wen es geeignet ist und wie es im Vergleich zu den Top-Apps des Jahres 2025 abschneidet.<\/p>\n<h2>Was ist Aveola?<\/h2>\n<p>Aveola ist eine kostenlose Videochat-Plattform, die Nutzer \u00fcber Webcam und Mikrofon sofort miteinander verbindet. Sie ist \u00fcber Browser und Mobiltelefon (mit Schwerpunkt auf mobiler Optimierung) verf\u00fcgbar und bietet schnelle, anonyme Videochats ohne Konten oder Downloads.<\/p>\n<p>Wie seine Konkurrenten OmeTV und Monkey bietet auch Aveola:<\/p>\n<ul>\n<li>Gespr\u00e4che in Echtzeit, von Angesicht zu Angesicht<\/li>\n<li>Globale Reichweite mit internationalen Nutzern<\/li>\n<li>Schnelles \u00dcberspringen und Abgleichen<\/li>\n<li>Eine ungezwungene und spontane Art, die <a href=\"https:\/\/strangercam.com\/de\/coomeet\/\">treffen<\/a> neue Leute<\/li>\n<\/ul>\n<p>Es zeichnet sich durch eine \u00fcbersichtliche Benutzeroberfl\u00e4che, solide Moderationstools und ein Benutzererlebnis aus, das speziell f\u00fcr Smartphones entwickelt wurde - obwohl es auch auf dem Desktop gut funktioniert.<\/p>\n<h2>Was ist der Zweck von Aveola?<\/h2>\n<p>Aveola wurde entwickelt, um Menschen durch schnelle, spontane Videochats zusammenzubringen, ohne den Druck, Profile zu erstellen, Inhalte zu posten oder eine Anh\u00e4ngerschaft aufzubauen. Die Plattform ist irgendwo dazwischen angesiedelt:<\/p>\n<ul>\n<li>Die Anonymit\u00e4t der <a href=\"https:\/\/strangercam.com\/de\/omegle\/\">Omegle<\/a><\/li>\n<li>Die ausgefeilte Benutzeroberfl\u00e4che des OmeTV<\/li>\n<li>Der rasante Gen Z-Appeal von Monkey<\/li>\n<\/ul>\n<p>Sein Ziel ist es, das Kennenlernen neuer Leute so einfach und schnell wie m\u00f6glich zu gestalten, ohne dass pers\u00f6nliche Daten oder Konten in sozialen Medien erforderlich sind.<\/p>\n<p>Perfekt f\u00fcr:<\/p>\n<ul>\n<li>Chatten mit Fremden aus aller Welt<\/li>\n<li>Zwanglose, freundliche oder flirtende Gespr\u00e4che unter vier Augen<\/li>\n<li>Mit menschlicher Interaktion in Echtzeit die Zeit totschlagen oder die Langeweile vertreiben<\/li>\n<li>\u00dcben einer Sprache oder Erkundung anderer Kulturen<\/li>\n<\/ul>\n<h2>Wesentliche Merkmale<\/h2>\n<p>1. Eins-zu-Eins-Videochat<br \/>\nDie Hauptfunktion von Aveola ist der direkte, private Videochat mit zuf\u00e4lligen Benutzern. Sie tippen auf \"Start\", und innerhalb von Sekunden sind Sie von Angesicht zu Angesicht mit einer neuen Person. Die Videoqualit\u00e4t ist im Allgemeinen hoch, mit geringer Latenz und klarem Ton bei stabilen Verbindungen.<\/p>\n<p>2. Schnelles \u00dcberspringen (N\u00e4chste Taste)<br \/>\nWie die meisten Apps in diesem Bereich k\u00f6nnen Sie sofort zum n\u00e4chsten Nutzer wechseln, wenn das aktuelle Match nicht funktioniert. Das ist nahtlos, mit schnellen Wiederverbindungen und minimalen Wartezeiten.<\/p>\n<p>3. Text-Chat-Option<br \/>\nAveola unterst\u00fctzt Texting im Chat, so dass Sie w\u00e4hrend Ihres Videogespr\u00e4chs Nachrichten senden k\u00f6nnen. Dies ist hilfreich, um das Eis zu brechen oder bei Sprachbarrieren zu kommunizieren.<\/p>\n<p>4. Mobil-optimierte Erfahrung<br \/>\nEgal, ob Sie Android oder iOS verwenden, Aveola ist f\u00fcr mobile Browser konzipiert. Zwar gibt es derzeit keine eigenst\u00e4ndige App, aber die mobile Version ist reaktionsschnell, fl\u00fcssig und touch-optimiert. Sie l\u00e4uft gut in Chrome, Safari und anderen modernen mobilen Browsern.<\/p>\n<p>5. Keine Registrierung erforderlich<br \/>\nEiner der gr\u00f6\u00dften Vorteile von Aveola ist, dass es v\u00f6llig anonym ist. Sie m\u00fcssen sich nicht anmelden, keine E-Mail angeben oder ein soziales Konto verkn\u00fcpfen. Alles geschieht im Browser mit tempor\u00e4ren, sitzungsbasierten Chats.<\/p>\n<p>6. Echtzeit-Moderationswerkzeuge<br \/>\nAveola umfasst:<\/p>\n<ul>\n<li>Eine \"Melden\"-Schaltfl\u00e4che, um missbr\u00e4uchliches oder unangemessenes Verhalten zu melden<\/li>\n<li>Grundlegende AI-Moderationswerkzeuge, die auf Nacktheit oder anst\u00f6\u00dfige Inhalte achten<\/li>\n<li>Schnelles Verbot f\u00fcr Wiederholungst\u00e4ter<\/li>\n<\/ul>\n<p>Aveola verf\u00fcgt zwar nicht \u00fcber ein vollst\u00e4ndiges Vertrauens-\/Reputationssystem wie Emerald Chat, aber die Moderation von Aveola ist besser als bei vielen neueren Plattformen.<\/p>\n<p>7. Filter f\u00fcr Geschlecht und Land (Premium Feature)<br \/>\nAveola bietet eine optionale Filterung nach Geschlecht und Region, aber diese Funktion kann hinter einem Freemium-Modell verschlossen sein (um Spam und Bot-Missbrauch zu reduzieren). Kostenlose Nutzer erhalten zuf\u00e4llige \u00dcbereinstimmungen, w\u00e4hrend zahlende Nutzer die Auswahl der Personen, mit denen sie sich verbinden, verfeinern k\u00f6nnen.<\/p>\n<h2>Ist Aveola frei?<\/h2>\n<p>Ja, die Nutzung von Aveola ist kostenlos. F\u00fcr den Zugang zu den Hauptfunktionen wie Video-Chat, Text-Chat und Schnellabgleich ist keine Registrierung erforderlich. Wie die meisten Konkurrenten arbeitet es jedoch mit einem Freemium-Modell, was bedeutet, dass einige Funktionen hinter kostenpflichtigen Optionen versteckt sind.<\/p>\n<p>Kostenlose Benutzer k\u00f6nnen:<\/p>\n<ul>\n<li>Sofortiger Chat mit Fremden per Video oder Text<\/li>\n<li>Benutzer ohne Limit \u00fcberspringen<\/li>\n<li>Nutzen Sie die mobile und die Desktop-Version, ohne etwas herunterzuladen<\/li>\n<\/ul>\n<p>Zu den Premium-Funktionen (\u00c4nderungen vorbehalten) k\u00f6nnen geh\u00f6ren:<\/p>\n<ul>\n<li>Gender-Filter<\/li>\n<li>L\u00e4nderfilter<\/li>\n<li>Werbefreies Erlebnis<\/li>\n<li>Priorit\u00e4tsabgleich<\/li>\n<\/ul>\n<p>Der Premium-Zugang ist \u00fcber In-Browser-Kaufsysteme erh\u00e4ltlich und ist v\u00f6llig optional.<\/p>\n<h2>Wer verwendet Aveola?<\/h2>\n<p>Aveola spricht ein globales, mobilit\u00e4tsaffines Publikum an. Basierend auf Nutzungstrends:<\/p>\n<ul>\n<li>Altersspanne: Haupts\u00e4chlich 18-30<\/li>\n<li>Geschlechterverteilung: Mehrheitlich m\u00e4nnlich, aber auch Frauen sind aktiv und sehr begehrt<\/li>\n<li>Beliebte Regionen: Vereinigte Staaten, Indien, Brasilien, Philippinen, Vereinigtes K\u00f6nigreich, Deutschland<\/li>\n<li>Absicht der Benutzer: Zwanglose Unterhaltung, Flirten, kultureller Austausch, Beseitigung von Langeweile<\/li>\n<\/ul>\n<p>Im Gegensatz zu TikTok oder Bigo Live ist Aveola nicht f\u00fcr Performance oder Livestream-Inhalte konzipiert. Stattdessen konzentriert es sich auf die Interaktion in Echtzeit und unter vier Augen. Seine minimale Einrichtung macht es besonders attraktiv f\u00fcr:<\/p>\n<ul>\n<li>Gen Z-Nutzer<\/li>\n<li>Reisende oder Auswanderer<\/li>\n<li>Studenten<\/li>\n<li>Menschen, die andere sofort treffen wollen, ohne ihre Couch zu verlassen<\/li>\n<\/ul>\n<h2>Sicherheit, Datenschutz und Moderation<\/h2>\n<p>Sicherheit ist ein entscheidender Faktor bei zuf\u00e4lligen Videochats, und Aveola schneidet in dieser Hinsicht relativ gut ab.<\/p>\n<h3>Datenschutz<\/h3>\n<ul>\n<li>Keine Anmeldung, keine pers\u00f6nlichen Daten<\/li>\n<li>Chat-Sitzungen werden nicht aufgezeichnet<\/li>\n<li>Mikrofon und <a href=\"https:\/\/strangercam.com\/de\/bazoocam\/\">Nocken<\/a> Berechtigungen sind sitzungsbasiert<\/li>\n<\/ul>\n<h3>Moderation<\/h3>\n<ul>\n<li>Kennzeichnung und Berichterstattung in Echtzeit<\/li>\n<li>Grundlegende AI-Bilderkennung zur Reduzierung von Nacktheit und anst\u00f6\u00dfigen Inhalten<\/li>\n<li>Schnelles Verbot und Tools zum Sperren von Benutzern<\/li>\n<\/ul>\n<h3>Beschr\u00e4nkungen<\/h3>\n<ul>\n<li>Wie bei allen anonymen Cam-Plattformen kann es auch hier zu Problemen kommen:\n<ul>\n<li>Unangemessenes Verhalten<\/li>\n<li>Nutzer, die nach expliziten Inhalten suchen<\/li>\n<li>Bots oder Betr\u00fcger w\u00e4hrend verkehrsarmer Zeiten<\/li>\n<\/ul>\n<\/li>\n<\/ul>\n<p>Um sicher zu bleiben:<\/p>\n<ul>\n<li>Geben Sie nicht Ihren echten Namen, Ihre Telefonnummer oder Ihre sozialen Profile preis.<\/li>\n<li>Verwenden Sie bei Bedarf die Berichtsfunktion<\/li>\n<li>Beenden Sie jede Sitzung, die sich unangenehm anf\u00fchlt<\/li>\n<\/ul>\n<h2>Benutzererfahrung und Design<\/h2>\n<p>Die Benutzeroberfl\u00e4che von Aveola ist sauber, modern und mobilfreundlich. Sie l\u00e4dt schnell, h\u00e4lt die Bedienelemente intuitiv und bringt Sie mit wenigen Klicks in einen Chat.<\/p>\n<p>Wichtige UX-Highlights:<\/p>\n<ul>\n<li>Gro\u00dfe, klare Videofenster<\/li>\n<li>Sichtbare Schaltfl\u00e4chen zum \u00dcberspringen, Stummschalten und Melden<\/li>\n<li>Flie\u00dfende \u00dcberg\u00e4nge zwischen Chats<\/li>\n<li>Funktioniert in allen modernen Browsern (Desktop + Mobile)<\/li>\n<\/ul>\n<p>Es gibt keine:<\/p>\n<ul>\n<li>Popups oder Einblendungen<\/li>\n<li>Un\u00fcbersichtliche Men\u00fcs<\/li>\n<li>Erzwungene Umleitungen<\/li>\n<\/ul>\n<p>Das gesamte Erlebnis f\u00fchlt sich leicht an und ist gut aufgebaut - besonders erfrischend im Vergleich zu den \u00fcberkomplizierten Oberfl\u00e4chen einiger Konkurrenten.<\/p>\n<h2>Aveola im Vergleich zu anderen Video-Chat-Plattformen<\/h2>\n<p>Vergleichen wir Aveola mit einigen seiner wichtigsten Wettbewerber im Jahr 2025:<\/p>\n<table>\n<thead>\n<tr>\n<th>Merkmal<\/th>\n<th>Aveola<\/th>\n<th>OmeTV<\/th>\n<th>Affe<\/th>\n<th>Heuspa\u00df<\/th>\n<th>Chatspin<\/th>\n<\/tr>\n<\/thead>\n<tbody>\n<tr>\n<td>Eins-zu-eins-Videochat<\/td>\n<td>Ja<\/td>\n<td>Ja<\/td>\n<td>Ja<\/td>\n<td>Ja<\/td>\n<td>Ja<\/td>\n<\/tr>\n<tr>\n<td>Text-Chat-Option<\/td>\n<td>Ja<\/td>\n<td>Ja<\/td>\n<td>Begrenzt<\/td>\n<td>Ja<\/td>\n<td>Ja<\/td>\n<\/tr>\n<tr>\n<td>Mobile Optimierung<\/td>\n<td>Ausgezeichnet<\/td>\n<td>Gut<\/td>\n<td>Ausgezeichnet<\/td>\n<td>Gut<\/td>\n<td>Ausgezeichnet<\/td>\n<\/tr>\n<tr>\n<td>Gender-Filter<\/td>\n<td>Bezahlt<\/td>\n<td>Bezahlt<\/td>\n<td>Begrenzt<\/td>\n<td>Nein<\/td>\n<td>Bezahlt<\/td>\n<\/tr>\n<tr>\n<td>Registrierung erforderlich<\/td>\n<td>Nein<\/td>\n<td>Nein<\/td>\n<td>Ja<\/td>\n<td>Optional<\/td>\n<td>Optional<\/td>\n<\/tr>\n<tr>\n<td>Merkmale der Gruppe<\/td>\n<td>Nein<\/td>\n<td>Nein<\/td>\n<td>Ja<\/td>\n<td>Nein<\/td>\n<td>Nein<\/td>\n<\/tr>\n<tr>\n<td>Qualit\u00e4t der Moderation<\/td>\n<td>M\u00e4\u00dfig<\/td>\n<td>M\u00e4\u00dfig<\/td>\n<td>M\u00e4\u00dfig<\/td>\n<td>Schwach<\/td>\n<td>Gut<\/td>\n<\/tr>\n<\/tbody>\n<\/table>\n<p>Zusammenfassung: Aveola passt genau in die L\u00fccke zwischen dem Glanz von Chatspin und dem Gen Z-Vibe von Monkey. Es versucht nicht, Gruppenfunktionen oder komplexe soziale Schichten hinzuzuf\u00fcgen - es konzentriert sich auf Geschwindigkeit, Anonymit\u00e4t und Benutzerfreundlichkeit.<\/p>\n<h2>Pro und Kontra<\/h2>\n<p>Vorteile:<\/p>\n<ul>\n<li>Schneller, kostenloser und anonymer Video-Chat<\/li>\n<li>Funktioniert sofort und ohne Registrierung<\/li>\n<li>Saubere Oberfl\u00e4che und schnelles Laden<\/li>\n<li>Ausgezeichnet auf mobilen Browsern<\/li>\n<li>Text-Chat und Video-Unterst\u00fctzung<\/li>\n<li>Aktive internationale Nutzerbasis<\/li>\n<\/ul>\n<p>Nachteile:<\/p>\n<ul>\n<li>Kein langfristiges Freundesystem oder Kontoverlauf<\/li>\n<li>Einfache Moderation - es ist immer noch m\u00f6glich, auf nicht jugendfreie Inhalte zu sto\u00dfen<\/li>\n<li>Geschlechts-\/L\u00e4nderfilter k\u00f6nnen kostenpflichtig sein<\/li>\n<li>Nicht ideal f\u00fcr Benutzer, die tiefgehende Gespr\u00e4che oder eine Gemeinschaft suchen<\/li>\n<\/ul>\n<h2>Ideale Anwendungsf\u00e4lle<\/h2>\n<p>Aveola ist perfekt f\u00fcr:<\/p>\n<ul>\n<li>Benutzer, die das Omegle vermissen, aber etwas mobilfreundliches wollen<\/li>\n<li>Menschen, die mit Fremden flirten, chatten oder zwanglos Kontakte kn\u00fcpfen m\u00f6chten<\/li>\n<li>Reisende oder Sprachsch\u00fcler, die an globalen Konversationen interessiert sind<\/li>\n<li>Jeder, der sich langweilt und auf der Suche nach Live-Interaktionen von Angesicht zu Angesicht ist<\/li>\n<\/ul>\n<p>Es ist nicht ideal f\u00fcr:<\/p>\n<ul>\n<li>Nutzer unter 18 Jahren (nur Erwachsene)<\/li>\n<li>Menschen auf der Suche nach Beziehungs- oder Partnerschaftsprofilen<\/li>\n<li>Diejenigen, die Filter und Kontrolle umsonst haben wollen<\/li>\n<li>Benutzer, die sich mit gelegentlichem NSFW-Verhalten unwohl f\u00fchlen<\/li>\n<\/ul>\n<p>Aveola ist eine der besten neuen, leichtgewichtigen, mobilen Zufallsvideochat-Plattformen auf dem Markt im Jahr 2025. Sie kombiniert die Einfachheit von Omegle mit dem reibungsloseren Benutzererlebnis von OmeTV, w\u00e4hrend sie die Anonymit\u00e4t und Geschwindigkeit beibeh\u00e4lt, die Benutzer von einer Cam-to-Cam-Plattform erwarten.<\/p>\n<p>Es ist nicht perfekt - die Moderation ist noch ausbauf\u00e4hig, und Geschlechtsfilter sind eine kostenpflichtige Zusatzleistung - aber f\u00fcr Nutzer, die spontane, globale Echtzeit-Chats mit Fremden suchen, bietet Aveola eine schnelle und frustrationsfreie Erfahrung.<\/p>\n<p>Wenn Sie ein modernes, sauberes und zuverl\u00e4ssiges Chat-Erlebnis im Stil von Omegle suchen, das ger\u00e4te\u00fcbergreifend funktioniert, ist Aveola definitiv einen Versuch wert.<\/p>","protected":false},"excerpt":{"rendered":"<p>The random video chat space is more competitive than ever. With platforms like OmeTV, Monkey, and Hay Fun setting the pace, newer contenders are stepping up with sleek interfaces and better mobile integration. One of those is Aveola \u2014 a rising video chat platform designed for fast, anonymous one-on-one interactions with strangers across the world. [&hellip;]<\/p>\n","protected":false},"author":6,"featured_media":0,"parent":0,"menu_order":0,"comment_status":"closed","ping_status":"closed","template":"","meta":{"footnotes":""},"class_list":["post-12883","page","type-page","status-publish","hentry"],"yoast_head":"<!-- This site is optimized with the Yoast SEO plugin v27.4 - https:\/\/yoast.com\/product\/yoast-seo-wordpress\/ -->\n<title>Aveola - Live Video Chat on StrangerCam.com<\/title>\n<meta name=\"description\" content=\"Like Aveola? Come chat with more than 5.000.000 strangers on Stranger Cam for Free! Turn on your cam and find new friends &amp; maby a match!\" \/>\n<meta name=\"robots\" content=\"index, follow, max-snippet:-1, max-image-preview:large, max-video-preview:-1\" \/>\n<link rel=\"canonical\" href=\"https:\/\/strangercam.com\/de\/aveola\/\" \/>\n<meta property=\"og:locale\" content=\"de_DE\" \/>\n<meta property=\"og:type\" content=\"article\" \/>\n<meta property=\"og:title\" content=\"Aveola - Live Video Chat on StrangerCam.com\" \/>\n<meta property=\"og:description\" content=\"Like Aveola? Come chat with more than 5.000.000 strangers on Stranger Cam for Free! Turn on your cam and find new friends &amp; maby a match!\" \/>\n<meta property=\"og:url\" content=\"https:\/\/strangercam.com\/de\/aveola\/\" \/>\n<meta property=\"og:site_name\" content=\"Strangercam\" \/>\n<meta property=\"article:publisher\" content=\"https:\/\/www.facebook.com\/strangercam\" \/>\n<meta property=\"og:image\" content=\"https:\/\/strangercam.com\/wp-content\/uploads\/2021\/10\/Untitled-2.png\" \/>\n\t<meta property=\"og:image:width\" content=\"800\" \/>\n\t<meta property=\"og:image:height\" content=\"532\" \/>\n\t<meta property=\"og:image:type\" content=\"image\/png\" \/>\n<meta name=\"twitter:card\" content=\"summary_large_image\" \/>\n<meta name=\"twitter:site\" content=\"@strangercamapp\" \/>\n<meta name=\"twitter:label1\" content=\"Gesch\u00e4tzte Lesezeit\" \/>\n\t<meta name=\"twitter:data1\" content=\"6\u00a0Minuten\" \/>\n<script type=\"application\/ld+json\" class=\"yoast-schema-graph\">{\"@context\":\"https:\\\/\\\/schema.org\",\"@graph\":[{\"@type\":\"WebPage\",\"@id\":\"https:\\\/\\\/strangercam.com\\\/aveola\\\/\",\"url\":\"https:\\\/\\\/strangercam.com\\\/aveola\\\/\",\"name\":\"Aveola - Live Video Chat on StrangerCam.com\",\"isPartOf\":{\"@id\":\"https:\\\/\\\/strangercam.com\\\/#website\"},\"datePublished\":\"2025-06-16T12:46:37+00:00\",\"description\":\"Like Aveola? Come chat with more than 5.000.000 strangers on Stranger Cam for Free! Turn on your cam and find new friends & maby a match!\",\"breadcrumb\":{\"@id\":\"https:\\\/\\\/strangercam.com\\\/aveola\\\/#breadcrumb\"},\"inLanguage\":\"de\",\"potentialAction\":[{\"@type\":\"ReadAction\",\"target\":[\"https:\\\/\\\/strangercam.com\\\/aveola\\\/\"]}]},{\"@type\":\"BreadcrumbList\",\"@id\":\"https:\\\/\\\/strangercam.com\\\/aveola\\\/#breadcrumb\",\"itemListElement\":[{\"@type\":\"ListItem\",\"position\":1,\"name\":\"Home\",\"item\":\"https:\\\/\\\/strangercam.com\\\/\"},{\"@type\":\"ListItem\",\"position\":2,\"name\":\"Aveola\"}]},{\"@type\":\"WebSite\",\"@id\":\"https:\\\/\\\/strangercam.com\\\/#website\",\"url\":\"https:\\\/\\\/strangercam.com\\\/\",\"name\":\"Strangercam\",\"description\":\"Random Video Chat with Strangers\",\"publisher\":{\"@id\":\"https:\\\/\\\/strangercam.com\\\/#organization\"},\"alternateName\":\"Strangercam.com\",\"potentialAction\":[{\"@type\":\"SearchAction\",\"target\":{\"@type\":\"EntryPoint\",\"urlTemplate\":\"https:\\\/\\\/strangercam.com\\\/?s={search_term_string}\"},\"query-input\":{\"@type\":\"PropertyValueSpecification\",\"valueRequired\":true,\"valueName\":\"search_term_string\"}}],\"inLanguage\":\"de\"},{\"@type\":\"Organization\",\"@id\":\"https:\\\/\\\/strangercam.com\\\/#organization\",\"name\":\"Strangercam\",\"alternateName\":\"Strangercam.com\",\"url\":\"https:\\\/\\\/strangercam.com\\\/\",\"logo\":{\"@type\":\"ImageObject\",\"inLanguage\":\"de\",\"@id\":\"https:\\\/\\\/strangercam.com\\\/#\\\/schema\\\/logo\\\/image\\\/\",\"url\":\"https:\\\/\\\/strangercam.com\\\/wp-content\\\/uploads\\\/2020\\\/11\\\/cropped-new-favicon-black.png\",\"contentUrl\":\"https:\\\/\\\/strangercam.com\\\/wp-content\\\/uploads\\\/2020\\\/11\\\/cropped-new-favicon-black.png\",\"width\":512,\"height\":512,\"caption\":\"Strangercam\"},\"image\":{\"@id\":\"https:\\\/\\\/strangercam.com\\\/#\\\/schema\\\/logo\\\/image\\\/\"},\"sameAs\":[\"https:\\\/\\\/www.facebook.com\\\/strangercam\",\"https:\\\/\\\/x.com\\\/strangercamapp\"]}]}<\/script>\n<!-- \/ Yoast SEO plugin. -->","yoast_head_json":{"title":"Aveola - Live Video Chat auf StrangerCam.com","description":"Magst du Aveola? Komm und chatte mit mehr als 5.000.000 Fremden auf Stranger Cam - kostenlos! Schalte deine Kamera ein und finde neue Freunde und vielleicht einen Partner!","robots":{"index":"index","follow":"follow","max-snippet":"max-snippet:-1","max-image-preview":"max-image-preview:large","max-video-preview":"max-video-preview:-1"},"canonical":"https:\/\/strangercam.com\/de\/aveola\/","og_locale":"de_DE","og_type":"article","og_title":"Aveola - Live Video Chat on StrangerCam.com","og_description":"Like Aveola? Come chat with more than 5.000.000 strangers on Stranger Cam for Free! Turn on your cam and find new friends & maby a match!","og_url":"https:\/\/strangercam.com\/de\/aveola\/","og_site_name":"Strangercam","article_publisher":"https:\/\/www.facebook.com\/strangercam","og_image":[{"width":800,"height":532,"url":"https:\/\/strangercam.com\/wp-content\/uploads\/2021\/10\/Untitled-2.png","type":"image\/png"}],"twitter_card":"summary_large_image","twitter_site":"@strangercamapp","twitter_misc":{"Gesch\u00e4tzte Lesezeit":"6\u00a0Minuten"},"schema":{"@context":"https:\/\/schema.org","@graph":[{"@type":"WebPage","@id":"https:\/\/strangercam.com\/aveola\/","url":"https:\/\/strangercam.com\/aveola\/","name":"Aveola - Live Video Chat auf StrangerCam.com","isPartOf":{"@id":"https:\/\/strangercam.com\/#website"},"datePublished":"2025-06-16T12:46:37+00:00","description":"Magst du Aveola? Komm und chatte mit mehr als 5.000.000 Fremden auf Stranger Cam - kostenlos! Schalte deine Kamera ein und finde neue Freunde und vielleicht einen Partner!","breadcrumb":{"@id":"https:\/\/strangercam.com\/aveola\/#breadcrumb"},"inLanguage":"de","potentialAction":[{"@type":"ReadAction","target":["https:\/\/strangercam.com\/aveola\/"]}]},{"@type":"BreadcrumbList","@id":"https:\/\/strangercam.com\/aveola\/#breadcrumb","itemListElement":[{"@type":"ListItem","position":1,"name":"Home","item":"https:\/\/strangercam.com\/"},{"@type":"ListItem","position":2,"name":"Aveola"}]},{"@type":"WebSite","@id":"https:\/\/strangercam.com\/#website","url":"https:\/\/strangercam.com\/","name":"Strangercam","description":"Zuf\u00e4lliger Video-Chat mit Fremden","publisher":{"@id":"https:\/\/strangercam.com\/#organization"},"alternateName":"Strangercam.com","potentialAction":[{"@type":"SearchAction","target":{"@type":"EntryPoint","urlTemplate":"https:\/\/strangercam.com\/?s={search_term_string}"},"query-input":{"@type":"PropertyValueSpecification","valueRequired":true,"valueName":"search_term_string"}}],"inLanguage":"de"},{"@type":"Organization","@id":"https:\/\/strangercam.com\/#organization","name":"Strangercam","alternateName":"Strangercam.com","url":"https:\/\/strangercam.com\/","logo":{"@type":"ImageObject","inLanguage":"de","@id":"https:\/\/strangercam.com\/#\/schema\/logo\/image\/","url":"https:\/\/strangercam.com\/wp-content\/uploads\/2020\/11\/cropped-new-favicon-black.png","contentUrl":"https:\/\/strangercam.com\/wp-content\/uploads\/2020\/11\/cropped-new-favicon-black.png","width":512,"height":512,"caption":"Strangercam"},"image":{"@id":"https:\/\/strangercam.com\/#\/schema\/logo\/image\/"},"sameAs":["https:\/\/www.facebook.com\/strangercam","https:\/\/x.com\/strangercamapp"]}]}},"_links":{"self":[{"href":"https:\/\/strangercam.com\/de\/wp-json\/wp\/v2\/pages\/12883","targetHints":{"allow":["GET"]}}],"collection":[{"href":"https:\/\/strangercam.com\/de\/wp-json\/wp\/v2\/pages"}],"about":[{"href":"https:\/\/strangercam.com\/de\/wp-json\/wp\/v2\/types\/page"}],"author":[{"embeddable":true,"href":"https:\/\/strangercam.com\/de\/wp-json\/wp\/v2\/users\/6"}],"replies":[{"embeddable":true,"href":"https:\/\/strangercam.com\/de\/wp-json\/wp\/v2\/comments?post=12883"}],"version-history":[{"count":3,"href":"https:\/\/strangercam.com\/de\/wp-json\/wp\/v2\/pages\/12883\/revisions"}],"predecessor-version":[{"id":12886,"href":"https:\/\/strangercam.com\/de\/wp-json\/wp\/v2\/pages\/12883\/revisions\/12886"}],"wp:attachment":[{"href":"https:\/\/strangercam.com\/de\/wp-json\/wp\/v2\/media?parent=12883"}],"curies":[{"name":"wp","href":"https:\/\/api.w.org\/{rel}","templated":true}]}}