{"id":12846,"date":"2025-05-14T09:44:05","date_gmt":"2025-05-14T07:44:05","guid":{"rendered":"https:\/\/strangercam.com\/?page_id=12846"},"modified":"2025-05-14T09:44:05","modified_gmt":"2025-05-14T07:44:05","slug":"meetskip","status":"publish","type":"page","link":"https:\/\/strangercam.com\/de\/meetskip\/","title":{"rendered":"TreffenSkip"},"content":{"rendered":"<p>Da immer mehr Menschen nach spontanen, pers\u00f6nlichen Interaktionen im Internet suchen, haben Zufallsvideochat-Plattformen weiterhin Konjunktur - vor allem in der Zeit nach Omegle. Einer der neueren Namen, die die Runde machen, ist MeetSkip, ein browserbasierter Zufalls <a href=\"https:\/\/strangercam.com\/de\/bazoocam\/\">Nocken<\/a> Chat-Website, die schnelle Verbindungen, minimale Einrichtung und ein Erlebnis bietet, das an die fr\u00fchen <a href=\"https:\/\/strangercam.com\/de\/omegle\/\">Omegle<\/a> Tage.<\/p>\n<p>Aber wie ist MeetSkip im Vergleich zu Dutzenden \u00e4hnlicher Websites, die um Besucher konkurrieren? Ist es nur ein weiterer Klon, oder bietet es etwas, das Ihre Zeit wert ist?<\/p>\n<p>In diesem Bericht werfen wir einen detaillierten Blick auf MeetSkip - was es ist, was es bietet, f\u00fcr wen es geeignet ist und wie es sich im Vergleich zur Konkurrenz schl\u00e4gt.<\/p>\n<h2>Was ist MeetSkip?<\/h2>\n<p>MeetSkip ist eine kostenlose, anonyme Zufalls-Videochat-Website, die Benutzer \u00fcber Webcam und Mikrofon miteinander verbindet. Es ist keine Registrierung, kein Download und keine pers\u00f6nlichen Daten erforderlich. Klicken Sie einfach auf \"Start\", und schon stehen Sie einem neuen Menschen gegen\u00fcber.<\/p>\n<p>Das Konzept ist einfach - wie Omegle, <a href=\"https:\/\/strangercam.com\/de\/chatroulette\/\">Chatroulette<\/a>, oder Chatrandom legt den Schwerpunkt auf zuf\u00e4llige Begegnungen in Echtzeit und gibt den Nutzern die M\u00f6glichkeit, das aktuelle Spiel zu \u00fcberspringen oder zu bleiben, je nachdem, wie sie sich dabei f\u00fchlen.<\/p>\n<p>Es wurde f\u00fcr Benutzer entwickelt, die sich schnell und spontan unterhalten m\u00f6chten, ohne dass sie Konten, Apps oder soziale Medien ben\u00f6tigen.<\/p>\n<h2>Was ist der Zweck von MeetSkip?<\/h2>\n<p>Das Ziel von MeetSkip ist es, das reine, zuf\u00e4llige und anonyme Video-Chat-Erlebnis wiederherzustellen, das Omegle so beliebt gemacht hat - allerdings mit einer etwas fl\u00fcssigeren Oberfl\u00e4che und besserer Unterst\u00fctzung f\u00fcr moderne Ger\u00e4te.<\/p>\n<p>Es ist gebaut f\u00fcr:<\/p>\n<ul>\n<li>Menschen, die gerne spontane Webcam-Gespr\u00e4che f\u00fchren<\/li>\n<li>Nutzer, die sich nicht registrieren oder ein Profil erstellen m\u00f6chten<\/li>\n<li>Gelegenheitsschw\u00e4tzer, Flirter, Reisende und Sprachsch\u00fcler<\/li>\n<li>Alle, die genug von Dating-Apps haben und nach Live-Interaktion suchen<\/li>\n<\/ul>\n<p>Es gibt keine Bios, Likes oder Nachrichtenfunktionen. Sie <a href=\"https:\/\/strangercam.com\/de\/coomeet\/\">treffen<\/a> jemandem, plaudern und dann entweder weitergehen oder weiterreden. Das war's.<\/p>\n<h2>Wesentliche Merkmale<\/h2>\n<p>1. Eins-zu-Eins-Videochat<br \/>\nDie Hauptfunktion von MeetSkip ist der schnelle, anonyme Webcam-Chat. Sobald Ihre Kamera und Ihr Mikrofon zugelassen sind, werden Sie automatisch mit einem anderen Benutzer gepaart. Wenn das Gespr\u00e4ch nicht gut l\u00e4uft, klicken Sie auf \"Weiter\" und Sie werden sofort wieder mit einem neuen Benutzer verbunden.<\/p>\n<p>2. Text-Chat-Option<br \/>\nF\u00fcr Benutzer, die keine Webcam verwenden m\u00f6chten oder sich in einer Umgebung mit geringer Bandbreite befinden, bietet MeetSkip auch einen reinen Text-Chat-Modus. Dieser kann leicht umgeschaltet werden und eignet sich gut f\u00fcr zwanglosere Unterhaltungen oder wenn Sie nur das Wasser testen m\u00f6chten.<\/p>\n<p>3. Keine Anmeldung erforderlich<br \/>\nDu kannst auf alle Hauptfunktionen von MeetSkip zugreifen, ohne ein Konto zu erstellen. Es ist v\u00f6llig anonym - Sie m\u00fcssen keinen Namen, keine E-Mail oder ein soziales Profil angeben. Das macht die Einstiegsh\u00fcrde extrem niedrig.<\/p>\n<p>4. Filter f\u00fcr Geschlecht und Ort (eingeschr\u00e4nkt)<br \/>\nEs sind einige Filterfunktionen verf\u00fcgbar, mit denen Sie versuchen k\u00f6nnen, Personen nach Geschlecht oder Land zu finden. Diese Funktion ist jedoch nicht immer zuverl\u00e4ssig und erfordert m\u00f6glicherweise die Erteilung zus\u00e4tzlicher Berechtigungen.<\/p>\n<p>5. Sofortiges \u00dcberspringen<br \/>\nWie der Name schon sagt, verf\u00fcgt MeetSkip \u00fcber eine schnelle \"Weiter\"-Schaltfl\u00e4che, mit der Sie in weniger als einer Sekunde zu einem neuen Chatpartner wechseln k\u00f6nnen. Dies ist ein wichtiger Teil der Attraktivit\u00e4t f\u00fcr Benutzer, die Geschwindigkeit und Abwechslung w\u00fcnschen.<\/p>\n<p>6. Funktioniert auf Desktop und mobilen Browsern<br \/>\nMeetSkip l\u00e4uft komplett in Ihrem Browser und ist mobilf\u00e4hig, d. h. Sie k\u00f6nnen es von Ihrem Telefon oder Tablet aus nutzen, ohne eine App zu installieren. W\u00e4hrend es auf dem Desktop am besten f\u00fcr die Kamerapositionierung und das Layout ist, ist die mobile Erfahrung glatt und funktional.<\/p>\n<p>7. Minimale Schnittstelle<br \/>\nDie Benutzeroberfl\u00e4che ist schlicht und einfach gehalten: gro\u00dfer Video-Feed, einfaches Chat-Feld, Stummschalttaste, \u00dcberspringen-Taste und Meldeoption. Es gibt keine auff\u00e4lligen Funktionen oder sozialen Gimmicks.<\/p>\n<h2>Ist MeetSkip kostenlos?<\/h2>\n<p>Ja, MeetSkip ist 100% kostenlos zu nutzen. Es gibt keine:<\/p>\n<ul>\n<li>Bezahlschranken<\/li>\n<li>Kredite oder M\u00fcnzen<\/li>\n<li>VIP-Mitgliedschaften<\/li>\n<li>Eingabeaufforderungen herunterladen<\/li>\n<\/ul>\n<p>MeetSkip zeigt zwar Werbung an, um den Dienst zu unterst\u00fctzen, aber sie ist derzeit nicht aufdringlich, und alle Chat-Funktionen bleiben f\u00fcr alle zug\u00e4nglich.<\/p>\n<h2>Wer benutzt MeetSkip?<\/h2>\n<p>MeetSkip hat eine wachsende Nutzerbasis in mehreren Regionen, insbesondere:<\/p>\n<ul>\n<li>Vereinigte Staaten<\/li>\n<li>Indien<\/li>\n<li>Deutschland<\/li>\n<li>Brasilien<\/li>\n<li>UK<\/li>\n<li>Kanada<\/li>\n<\/ul>\n<p>Die meisten Nutzer sind zwischen 18 und 35 Jahre alt, und - wie bei den meisten Videochat-Plattformen - ist die Nutzerbasis m\u00e4nnlich. Es gibt auch weibliche Nutzer, die aber in der Regel eine viel h\u00f6here Anzahl von Chat-Anfragen erhalten.<\/p>\n<p>Die Nutzer suchen im Allgemeinen nach:<\/p>\n<ul>\n<li>Zwanglose Chats<\/li>\n<li>Lustige, kokette Interaktionen<\/li>\n<li>Fremde in Echtzeit treffen<\/li>\n<li>Leichte Sozialisierung statt strukturierter Verabredungen<\/li>\n<\/ul>\n<p>MeetSkip ist nicht f\u00fcr eine langfristige Kommunikation gedacht. Es gibt keine M\u00f6glichkeit, Nutzer zu favorisieren oder Freunde hinzuzuf\u00fcgen - es ist ganz auf die Idee des Zufalls und der Verg\u00e4nglichkeit aufgebaut.<\/p>\n<h2>Sicherheit, Datenschutz und Moderation<\/h2>\n<p>Da MeetSkip anonym ist, ist der Schutz der Privatsph\u00e4re von Natur aus stark ausgepr\u00e4gt, aber das bringt auch Herausforderungen f\u00fcr die Sicherheit mit sich.<\/p>\n<h3>Was MeetSkip gut macht:<\/h3>\n<ul>\n<li>Keine Konten: Sie m\u00fcssen keine pers\u00f6nlichen Daten angeben, um es zu nutzen.<\/li>\n<li>Nur One-on-One-Chat: Es gibt keine \u00f6ffentlichen R\u00e4ume oder Profile.<\/li>\n<li>Keine gespeicherten Chats: Unterhaltungen werden nicht gespeichert oder \u00fcberpr\u00fcft (obwohl das Verhalten in Echtzeit \u00fcberwacht werden kann).<\/li>\n<li>Schaltfl\u00e4che Melden: Benutzer k\u00f6nnen unangemessene Inhalte melden.<\/li>\n<\/ul>\n<h3>Beschr\u00e4nkungen:<\/h3>\n<ul>\n<li>Die Moderation ist leicht: Wie bei vielen anonymen Chat-Plattformen gibt es nur eine begrenzte Durchsetzung, bis Missbrauch gemeldet wird.<\/li>\n<li>Unangemessene Inhalte sind m\u00f6glich: Einige Nutzer missbrauchen die Plattform, vor allem zu sp\u00e4ter Stunde.<\/li>\n<li>(Noch) keine fortgeschrittenen KI-Moderationswerkzeuge: Nacktheit und anst\u00f6\u00dfige Gesten k\u00f6nnen f\u00fcr kurze Zeit unentdeckt bleiben.<\/li>\n<\/ul>\n<p>Wie bei allen offenen Video-Chat-Plattformen wird den Nutzern empfohlen, sich zu informieren:<\/p>\n<ul>\n<li>Vermeiden Sie die Weitergabe pers\u00f6nlicher Daten<\/li>\n<li>Nutzen Sie die Plattform w\u00e4hrend der Sto\u00dfzeiten, um ein besseres Erlebnis zu haben<\/li>\n<li>Chats sofort zu verlassen, wenn sie sich unwohl f\u00fchlen<\/li>\n<\/ul>\n<h2>Benutzererfahrung und Design<\/h2>\n<p>MeetSkip konzentriert sich auf Geschwindigkeit und Einfachheit, und das zeigt sich. Von dem Moment an, in dem Sie die Website laden, sind Sie nur zwei Klicks von einer Live <a href=\"https:\/\/strangercam.com\/de\/cam-to-cam-chat\/\">Cam-Chat<\/a>. Die Benutzeroberfl\u00e4che ist minimalistisch - ein dunkler Hintergrund, Videoboxen und ein paar Schaltfl\u00e4chen. Das war's.<\/p>\n<h3>Vorteile der UX:<\/h3>\n<ul>\n<li>L\u00e4dt auch bei langsamen Verbindungen schnell<\/li>\n<li>Keine Ablenkungen oder Unordnung<\/li>\n<li>Gro\u00dfes Videofenster f\u00fcr die Interaktion von Angesicht zu Angesicht<\/li>\n<li>Die Schaltfl\u00e4chen \"Weiter\", \"Stumm\" und \"Berichten\" sind deutlich sichtbar.<\/li>\n<li>L\u00e4uft gut mit Chrome und Safari<\/li>\n<\/ul>\n<h3>Raum f\u00fcr Verbesserungen:<\/h3>\n<ul>\n<li>Keine Profiloptionen, auch keine optionalen<\/li>\n<li>Die Filter sind begrenzt oder unzuverl\u00e4ssig<\/li>\n<li>Keine Option zur Wiederherstellung der Verbindung mit fr\u00fcheren Benutzern<\/li>\n<li>Keine integrierten \u00dcbersetzungs- oder Sprachtools<\/li>\n<\/ul>\n<p>Aber im Gro\u00dfen und Ganzen ist die Benutzererfahrung f\u00fcr das, was es sein soll - ein schnelles, kostenloses, einfaches Chat-Roulette-Erlebnis - solide.<\/p>\n<h2>MeetSkip im Vergleich zu anderen Chat-Plattformen<\/h2>\n<p>Wie steht MeetSkip im Vergleich zu einigen der gr\u00f6\u00dften Namen in diesem Bereich da?<\/p>\n<table>\n<thead>\n<tr>\n<th>Merkmal<\/th>\n<th>TreffenSkip<\/th>\n<th>Omegle (geschlossen)<\/th>\n<th>Chatroulette<\/th>\n<th>Chatrandom<\/th>\n<th>Emerald Chat<\/th>\n<\/tr>\n<\/thead>\n<tbody>\n<tr>\n<td>Random Video Chat mit Fremden<\/td>\n<td>Ja<\/td>\n<td>Ja<\/td>\n<td>Ja<\/td>\n<td>Ja<\/td>\n<td>Ja<\/td>\n<\/tr>\n<tr>\n<td>Text-Chat-Option<\/td>\n<td>Ja<\/td>\n<td>Ja<\/td>\n<td>Nein<\/td>\n<td>Ja<\/td>\n<td>Ja<\/td>\n<\/tr>\n<tr>\n<td>Gender-Filter<\/td>\n<td>Grundlegend<\/td>\n<td>Bezahlt (fr\u00fcher)<\/td>\n<td>Nein<\/td>\n<td>Bezahlt<\/td>\n<td>Ja<\/td>\n<\/tr>\n<tr>\n<td>Mobile Kompatibilit\u00e4t<\/td>\n<td>Gut<\/td>\n<td>Schlecht<\/td>\n<td>Schlecht<\/td>\n<td>Ausgezeichnet<\/td>\n<td>Gut<\/td>\n<\/tr>\n<tr>\n<td>Konto erforderlich<\/td>\n<td>Nein<\/td>\n<td>Nein<\/td>\n<td>Nein<\/td>\n<td>Optional<\/td>\n<td>Ja<\/td>\n<\/tr>\n<tr>\n<td>Private Nachrichten\u00fcbermittlung<\/td>\n<td>Nein<\/td>\n<td>Nein<\/td>\n<td>Nein<\/td>\n<td>Ja<\/td>\n<td>Ja<\/td>\n<\/tr>\n<tr>\n<td>Qualit\u00e4t der Moderation<\/td>\n<td>Licht<\/td>\n<td>Minimal<\/td>\n<td>Schwach<\/td>\n<td>M\u00e4\u00dfig<\/td>\n<td>Stark<\/td>\n<\/tr>\n<\/tbody>\n<\/table>\n<p>Fazit: MeetSkip erfindet das Rad nicht neu, aber es ist eine der saubereren und besser optimierten Optionen, die derzeit verf\u00fcgbar sind - vor allem, wenn Sie nach einer Plattform im Stil von Omegle mit einer stabileren Benutzeroberfl\u00e4che suchen.<\/p>\n<h2>Pro und Kontra<\/h2>\n<p>Vorteile:<\/p>\n<ul>\n<li>V\u00f6llig kostenlos und keine Registrierung erforderlich<\/li>\n<li>Sofortiger Video-Chat mit Fremden<\/li>\n<li>Funktioniert sowohl auf dem Desktop als auch auf dem Handy gut<\/li>\n<li>Text- und Video-Chat-Modi verf\u00fcgbar<\/li>\n<li>Leicht, schnell und einfach zu bedienen<\/li>\n<li>Wahrung der Anonymit\u00e4t<\/li>\n<\/ul>\n<p>Nachteile:<\/p>\n<ul>\n<li>Einfache oder unzuverl\u00e4ssige Filterungsoptionen<\/li>\n<li>Einige unangemessene Inhalte k\u00f6nnen erscheinen<\/li>\n<li>Keine sozialen oder Matching-Funktionen<\/li>\n<li>Keine Benutzerhistorie oder M\u00f6glichkeit zur Wiederherstellung der Verbindung<\/li>\n<li>M\u00e4nnerlastige Nutzerbasis<\/li>\n<\/ul>\n<h2>Ideale Anwendungsf\u00e4lle<\/h2>\n<p>MeetSkip ist ideal f\u00fcr:<\/p>\n<ul>\n<li>Leute, die zuf\u00e4llig mit Fremden chatten wollen, wie das Original Omegle<\/li>\n<li>Nutzer, die nach einer schnellen sozialen Ablenkung oder einem unterhaltsamen Zeitvertreib suchen<\/li>\n<li>Jeder, der sich nicht registrieren oder eine App herunterladen m\u00f6chte<\/li>\n<li>Internationale Nutzer, die Menschen aus anderen L\u00e4ndern kennenlernen m\u00f6chten<\/li>\n<\/ul>\n<p>Es ist nicht ideal f\u00fcr:<\/p>\n<ul>\n<li>Nutzer, die ein kuratiertes Dating- oder Matching-Erlebnis suchen<\/li>\n<li>Personen, die Gruppen-Chatr\u00e4ume oder thematische Diskussionen bevorzugen<\/li>\n<li>J\u00fcngere Nutzer, die sich beim Navigieren in nicht jugendfreien Inhalten m\u00f6glicherweise nicht wohl f\u00fchlen<\/li>\n<li>Nutzer, die fortlaufende Unterhaltungen oder Funktionen zum Hinzuf\u00fcgen von Freunden w\u00fcnschen<\/li>\n<\/ul>\n<h2>Endg\u00fcltiges Urteil<\/h2>\n<p>MeetSkip ist eine der besseren zuf\u00e4lligen Videochat-Plattformen im Stil von Omegle. Sie bietet zwar keine fortschrittlichen Funktionen oder eine hochmoderne Moderation, aber sie erf\u00fcllt ihren Zweck: kostenlose, anonyme und sofortige Chats von Angesicht zu Angesicht mit Fremden auf der ganzen Welt.<\/p>\n<p>Wenn du nach einer leichten, unverbindlichen Cam-Chat-Seite mit minimalem Aufwand und schnellem Matching suchst, ist MeetSkip absolut einen Blick wert. Es ist nicht das schrillste, aber es ist zuverl\u00e4ssig - und manchmal ist es genau das, wonach zuf\u00e4llige Chat-Enthusiasten suchen.<\/p>","protected":false},"excerpt":{"rendered":"<p>As more people look for spontaneous, face-to-face interactions online, random video chat platforms continue to thrive \u2014 especially in the post-Omegle era. One of the newer names making the rounds is MeetSkip, a browser-based random cam chat site offering quick connections, minimal setup, and an experience reminiscent of the early Omegle days. But with dozens [&hellip;]<\/p>\n","protected":false},"author":6,"featured_media":0,"parent":0,"menu_order":0,"comment_status":"closed","ping_status":"closed","template":"","meta":{"footnotes":""},"class_list":["post-12846","page","type-page","status-publish","hentry"],"yoast_head":"<!-- This site is optimized with the Yoast SEO plugin v27.4 - https:\/\/yoast.com\/product\/yoast-seo-wordpress\/ -->\n<title>MeetSkip - Free Online Chat Rooms on StrangerCam.com<\/title>\n<meta name=\"description\" content=\"Like MeetSkip? Come chat with more than 5.000.000 strangers on Stranger Cam for Free! Turn on your cam and find new friends &amp; maby a match!\" \/>\n<meta name=\"robots\" content=\"index, follow, max-snippet:-1, max-image-preview:large, max-video-preview:-1\" \/>\n<link rel=\"canonical\" href=\"https:\/\/strangercam.com\/de\/meetskip\/\" \/>\n<meta property=\"og:locale\" content=\"de_DE\" \/>\n<meta property=\"og:type\" content=\"article\" \/>\n<meta property=\"og:title\" content=\"MeetSkip - Free Online Chat Rooms on StrangerCam.com\" \/>\n<meta property=\"og:description\" content=\"Like MeetSkip? Come chat with more than 5.000.000 strangers on Stranger Cam for Free! Turn on your cam and find new friends &amp; maby a match!\" \/>\n<meta property=\"og:url\" content=\"https:\/\/strangercam.com\/de\/meetskip\/\" \/>\n<meta property=\"og:site_name\" content=\"Strangercam\" \/>\n<meta property=\"article:publisher\" content=\"https:\/\/www.facebook.com\/strangercam\" \/>\n<meta property=\"og:image\" content=\"https:\/\/strangercam.com\/wp-content\/uploads\/2021\/10\/Untitled-2.png\" \/>\n\t<meta property=\"og:image:width\" content=\"800\" \/>\n\t<meta property=\"og:image:height\" content=\"532\" \/>\n\t<meta property=\"og:image:type\" content=\"image\/png\" \/>\n<meta name=\"twitter:card\" content=\"summary_large_image\" \/>\n<meta name=\"twitter:site\" content=\"@strangercamapp\" \/>\n<meta name=\"twitter:label1\" content=\"Gesch\u00e4tzte Lesezeit\" \/>\n\t<meta name=\"twitter:data1\" content=\"6\u00a0Minuten\" \/>\n<script type=\"application\/ld+json\" class=\"yoast-schema-graph\">{\"@context\":\"https:\\\/\\\/schema.org\",\"@graph\":[{\"@type\":\"WebPage\",\"@id\":\"https:\\\/\\\/strangercam.com\\\/meetskip\\\/\",\"url\":\"https:\\\/\\\/strangercam.com\\\/meetskip\\\/\",\"name\":\"MeetSkip - Free Online Chat Rooms on StrangerCam.com\",\"isPartOf\":{\"@id\":\"https:\\\/\\\/strangercam.com\\\/#website\"},\"datePublished\":\"2025-05-14T07:44:05+00:00\",\"description\":\"Like MeetSkip? Come chat with more than 5.000.000 strangers on Stranger Cam for Free! Turn on your cam and find new friends & maby a match!\",\"breadcrumb\":{\"@id\":\"https:\\\/\\\/strangercam.com\\\/meetskip\\\/#breadcrumb\"},\"inLanguage\":\"de\",\"potentialAction\":[{\"@type\":\"ReadAction\",\"target\":[\"https:\\\/\\\/strangercam.com\\\/meetskip\\\/\"]}]},{\"@type\":\"BreadcrumbList\",\"@id\":\"https:\\\/\\\/strangercam.com\\\/meetskip\\\/#breadcrumb\",\"itemListElement\":[{\"@type\":\"ListItem\",\"position\":1,\"name\":\"Home\",\"item\":\"https:\\\/\\\/strangercam.com\\\/\"},{\"@type\":\"ListItem\",\"position\":2,\"name\":\"MeetSkip\"}]},{\"@type\":\"WebSite\",\"@id\":\"https:\\\/\\\/strangercam.com\\\/#website\",\"url\":\"https:\\\/\\\/strangercam.com\\\/\",\"name\":\"Strangercam\",\"description\":\"Random Video Chat with Strangers\",\"publisher\":{\"@id\":\"https:\\\/\\\/strangercam.com\\\/#organization\"},\"alternateName\":\"Strangercam.com\",\"potentialAction\":[{\"@type\":\"SearchAction\",\"target\":{\"@type\":\"EntryPoint\",\"urlTemplate\":\"https:\\\/\\\/strangercam.com\\\/?s={search_term_string}\"},\"query-input\":{\"@type\":\"PropertyValueSpecification\",\"valueRequired\":true,\"valueName\":\"search_term_string\"}}],\"inLanguage\":\"de\"},{\"@type\":\"Organization\",\"@id\":\"https:\\\/\\\/strangercam.com\\\/#organization\",\"name\":\"Strangercam\",\"alternateName\":\"Strangercam.com\",\"url\":\"https:\\\/\\\/strangercam.com\\\/\",\"logo\":{\"@type\":\"ImageObject\",\"inLanguage\":\"de\",\"@id\":\"https:\\\/\\\/strangercam.com\\\/#\\\/schema\\\/logo\\\/image\\\/\",\"url\":\"https:\\\/\\\/strangercam.com\\\/wp-content\\\/uploads\\\/2020\\\/11\\\/cropped-new-favicon-black.png\",\"contentUrl\":\"https:\\\/\\\/strangercam.com\\\/wp-content\\\/uploads\\\/2020\\\/11\\\/cropped-new-favicon-black.png\",\"width\":512,\"height\":512,\"caption\":\"Strangercam\"},\"image\":{\"@id\":\"https:\\\/\\\/strangercam.com\\\/#\\\/schema\\\/logo\\\/image\\\/\"},\"sameAs\":[\"https:\\\/\\\/www.facebook.com\\\/strangercam\",\"https:\\\/\\\/x.com\\\/strangercamapp\"]}]}<\/script>\n<!-- \/ Yoast SEO plugin. -->","yoast_head_json":{"title":"MeetSkip - Kostenlose Online-Chatr\u00e4ume auf StrangerCam.com","description":"Magst Du MeetSkip? Chatte mit mehr als 5.000.000 Fremden auf Stranger Cam - kostenlos! Schalte deine Kamera ein und finde neue Freunde und vielleicht einen Partner!","robots":{"index":"index","follow":"follow","max-snippet":"max-snippet:-1","max-image-preview":"max-image-preview:large","max-video-preview":"max-video-preview:-1"},"canonical":"https:\/\/strangercam.com\/de\/meetskip\/","og_locale":"de_DE","og_type":"article","og_title":"MeetSkip - Free Online Chat Rooms on StrangerCam.com","og_description":"Like MeetSkip? Come chat with more than 5.000.000 strangers on Stranger Cam for Free! Turn on your cam and find new friends & maby a match!","og_url":"https:\/\/strangercam.com\/de\/meetskip\/","og_site_name":"Strangercam","article_publisher":"https:\/\/www.facebook.com\/strangercam","og_image":[{"width":800,"height":532,"url":"https:\/\/strangercam.com\/wp-content\/uploads\/2021\/10\/Untitled-2.png","type":"image\/png"}],"twitter_card":"summary_large_image","twitter_site":"@strangercamapp","twitter_misc":{"Gesch\u00e4tzte Lesezeit":"6\u00a0Minuten"},"schema":{"@context":"https:\/\/schema.org","@graph":[{"@type":"WebPage","@id":"https:\/\/strangercam.com\/meetskip\/","url":"https:\/\/strangercam.com\/meetskip\/","name":"MeetSkip - Kostenlose Online-Chatr\u00e4ume auf StrangerCam.com","isPartOf":{"@id":"https:\/\/strangercam.com\/#website"},"datePublished":"2025-05-14T07:44:05+00:00","description":"Magst Du MeetSkip? Chatte mit mehr als 5.000.000 Fremden auf Stranger Cam - kostenlos! Schalte deine Kamera ein und finde neue Freunde und vielleicht einen Partner!","breadcrumb":{"@id":"https:\/\/strangercam.com\/meetskip\/#breadcrumb"},"inLanguage":"de","potentialAction":[{"@type":"ReadAction","target":["https:\/\/strangercam.com\/meetskip\/"]}]},{"@type":"BreadcrumbList","@id":"https:\/\/strangercam.com\/meetskip\/#breadcrumb","itemListElement":[{"@type":"ListItem","position":1,"name":"Home","item":"https:\/\/strangercam.com\/"},{"@type":"ListItem","position":2,"name":"MeetSkip"}]},{"@type":"WebSite","@id":"https:\/\/strangercam.com\/#website","url":"https:\/\/strangercam.com\/","name":"Strangercam","description":"Zuf\u00e4lliger Video-Chat mit Fremden","publisher":{"@id":"https:\/\/strangercam.com\/#organization"},"alternateName":"Strangercam.com","potentialAction":[{"@type":"SearchAction","target":{"@type":"EntryPoint","urlTemplate":"https:\/\/strangercam.com\/?s={search_term_string}"},"query-input":{"@type":"PropertyValueSpecification","valueRequired":true,"valueName":"search_term_string"}}],"inLanguage":"de"},{"@type":"Organization","@id":"https:\/\/strangercam.com\/#organization","name":"Strangercam","alternateName":"Strangercam.com","url":"https:\/\/strangercam.com\/","logo":{"@type":"ImageObject","inLanguage":"de","@id":"https:\/\/strangercam.com\/#\/schema\/logo\/image\/","url":"https:\/\/strangercam.com\/wp-content\/uploads\/2020\/11\/cropped-new-favicon-black.png","contentUrl":"https:\/\/strangercam.com\/wp-content\/uploads\/2020\/11\/cropped-new-favicon-black.png","width":512,"height":512,"caption":"Strangercam"},"image":{"@id":"https:\/\/strangercam.com\/#\/schema\/logo\/image\/"},"sameAs":["https:\/\/www.facebook.com\/strangercam","https:\/\/x.com\/strangercamapp"]}]}},"_links":{"self":[{"href":"https:\/\/strangercam.com\/de\/wp-json\/wp\/v2\/pages\/12846","targetHints":{"allow":["GET"]}}],"collection":[{"href":"https:\/\/strangercam.com\/de\/wp-json\/wp\/v2\/pages"}],"about":[{"href":"https:\/\/strangercam.com\/de\/wp-json\/wp\/v2\/types\/page"}],"author":[{"embeddable":true,"href":"https:\/\/strangercam.com\/de\/wp-json\/wp\/v2\/users\/6"}],"replies":[{"embeddable":true,"href":"https:\/\/strangercam.com\/de\/wp-json\/wp\/v2\/comments?post=12846"}],"version-history":[{"count":1,"href":"https:\/\/strangercam.com\/de\/wp-json\/wp\/v2\/pages\/12846\/revisions"}],"predecessor-version":[{"id":12847,"href":"https:\/\/strangercam.com\/de\/wp-json\/wp\/v2\/pages\/12846\/revisions\/12847"}],"wp:attachment":[{"href":"https:\/\/strangercam.com\/de\/wp-json\/wp\/v2\/media?parent=12846"}],"curies":[{"name":"wp","href":"https:\/\/api.w.org\/{rel}","templated":true}]}}