{"id":12842,"date":"2025-05-14T09:40:39","date_gmt":"2025-05-14T07:40:39","guid":{"rendered":"https:\/\/strangercam.com\/?page_id=12842"},"modified":"2025-05-14T09:42:02","modified_gmt":"2025-05-14T07:42:02","slug":"meetgle","status":"publish","type":"page","link":"https:\/\/strangercam.com\/de\/meetgle\/","title":{"rendered":"Meetgle"},"content":{"rendered":"<p>Mit <a href=\"https:\/\/strangercam.com\/de\/omegle\/\">Omegle<\/a> jetzt heruntergefahren und <a href=\"https:\/\/strangercam.com\/de\/chatroulette\/\">Chatroulette<\/a> ein Schatten seines fr\u00fcheren Selbst, eine wachsende Zahl von Plattformen sind entstanden, um die L\u00fccke in der zuf\u00e4lligen Video <a href=\"https:\/\/strangercam.com\/de\/chathub\/\">Chat<\/a> Raum. Eine davon ist Meetgle - eine kostenlose, browserbasierte Cam-to-Cam-Chat-Site, die dich sofort mit Fremden aus der ganzen Welt in Kontakt bringt.<\/p>\n<p>Meetgle wird als moderne Omegle-Alternative angepriesen und verspricht schnelles Matching, globale Unterhaltungen und keine Anmeldung. Aber bietet Meetgle in einer Welt, in der Dutzende von \u00e4hnlich aussehenden Chatseiten um Aufmerksamkeit konkurrieren, etwas Besonderes? Oder ist es nur ein weiterer generischer Klon?<\/p>\n<p>In diesem ausf\u00fchrlichen Bericht erfahren Sie, was Meetgle genau ist, wie es funktioniert, welche Funktionen es bietet, wer es nutzt und wie es im Vergleich zu anderen Plattformen abschneidet.<\/p>\n<h2>Was ist Meetgle?<\/h2>\n<p>Meetgle ist eine kostenlose, anonyme Videochat-Website, die Nutzer nach dem Zufallsprinzip zu Webcam-Gespr\u00e4chen unter vier Augen zusammenbringt. \u00c4hnlich wie bei dem inzwischen eingestellten Omegle m\u00fcssen Sie sich nicht registrieren oder etwas installieren. Besuchen Sie einfach die Website, klicken Sie auf \"Chat starten\", und schon sind Sie mit einem Fremden verbunden.<\/p>\n<p>Die Plattform unterst\u00fctzt sowohl Video- als auch Text-Chat-Modi und bietet eine schnelle, reibungslose M\u00f6glichkeit, mit Menschen auf der ganzen Welt in Kontakt zu treten. Egal, ob Sie flirten, Freundschaften schlie\u00dfen, eine Sprache \u00fcben oder einfach nur mit jemandem lachen m\u00f6chten, Meetgle bietet einen schnellen Zugang zu spontanen menschlichen Verbindungen.<\/p>\n<h2>Was ist der Zweck von Meetgle?<\/h2>\n<p>Der Hauptzweck von Meetgle besteht darin, das urspr\u00fcngliche Omegle-Erlebnis nachzubilden: schnelle, anonyme Chats mit Fremden \u00fcber Webcam oder Text. Es verzichtet auf Profile, Logins und soziale Feeds - die Dinge bleiben einfach und ungefiltert.<\/p>\n<p>Es ist f\u00fcr:<\/p>\n<ul>\n<li>Nutzer, die ein zwangloses, unstrukturiertes Gespr\u00e4ch suchen<\/li>\n<li>Menschen, die gerne zuf\u00e4llige Videochats erleben<\/li>\n<li>Alle, die das alte Omegle-Format vermissen<\/li>\n<li>Reisende oder Sprachsch\u00fcler, die <a href=\"https:\/\/strangercam.com\/de\/coomeet\/\">treffen<\/a> Menschen auf der ganzen Welt<\/li>\n<\/ul>\n<p>Es gibt keinen Druck, in Verbindung zu bleiben, kein \u00f6ffentliches Streaming und keine Notwendigkeit, pers\u00f6nliche Details preiszugeben. Das Ziel ist die Interaktion von Angesicht zu Angesicht in Echtzeit - unverf\u00e4lscht, unbearbeitet und ungek\u00fcnstelt.<\/p>\n<h2>Wesentliche Merkmale<\/h2>\n<p>1. Zuf\u00e4lliger Video-Chat<br \/>\nDie Hauptfunktion von Meetgle ist der sofortige Cam-to-Cam-Videochat. Ein Klick verbindet Sie mit einer neuen Person. Das Matching erfolgt nach dem Zufallsprinzip, und das Erlebnis ist privat. Es gibt kein Publikum, keinen Algorithmus - nur eine Person vor einer anderen, verbunden durch eine Webcam.<\/p>\n<p>2. Text-Chat-Modus<br \/>\nNoch nicht bereit f\u00fcr Video? Sie k\u00f6nnen jederzeit in den reinen Textmodus wechseln. Diese Option eignet sich hervorragend f\u00fcr sch\u00fcchterne Benutzer, f\u00fcr Situationen mit geringer Bandbreite oder f\u00fcr diejenigen, die es vorziehen, sich durch Tippen in Unterhaltungen einzubringen.<\/p>\n<p>3. Anonym und ohne Registrierung<br \/>\nF\u00fcr die Nutzung von Meetgle ist keine Anmeldung, kein Login und keine E-Mail erforderlich. Es speichert keinen Chatverlauf und fragt nicht nach pers\u00f6nlichen Daten. Nutzer k\u00f6nnen sich v\u00f6llig anonym anmelden, chatten und verlassen.<\/p>\n<p>4. Schaltfl\u00e4chen \"\u00dcberspringen\" und \"Weiter<br \/>\nWenn Ihnen ein Gespr\u00e4ch nicht gef\u00e4llt, klicken Sie einfach auf \"Weiter\", um sofort mit einer anderen Person verbunden zu werden. Diese Funktion ist schnell und reaktionsschnell und macht es einfach, sich durch die Nutzer zu bewegen, bis Sie jemanden Interessantes finden.<\/p>\n<p>5. Globaler Zugang<br \/>\nMeetgle bringt Nutzer aus der ganzen Welt zusammen. Es gibt keine regionalen Beschr\u00e4nkungen, und Sie k\u00f6nnen mit Menschen aus jedem Land chatten - ideal f\u00fcr den kulturellen Austausch oder einfach, um Ihre Perspektive zu erweitern.<\/p>\n<p>6. Mobile Unterst\u00fctzung<br \/>\nMeetgle hat zwar keine eigene App, aber die Website ist mobilfreundlich und funktioniert mit den meisten modernen Smartphone-Browsern. Das Erlebnis ist auf dem Desktop besser, aber mobile Nutzer k\u00f6nnen trotzdem auf alle Video- und Text-Chat-Funktionen zugreifen.<\/p>\n<p>7. Kein Download erforderlich<br \/>\nAlles l\u00e4uft im Browser. Sie brauchen keine Software oder Erweiterungen zu installieren. Solange Sie eine Webcam, ein Mikrofon und einen Browser haben, k\u00f6nnen Sie loslegen.<\/p>\n<h2>Ist Meetgle kostenlos?<\/h2>\n<p>Ja, die Nutzung von Meetgle ist v\u00f6llig kostenlos. Es gibt:<\/p>\n<ul>\n<li>Keine Premium-Konten<\/li>\n<li>Keine Token oder Kredite<\/li>\n<li>Keine Paywalls oder versteckten Kosten<\/li>\n<\/ul>\n<p>Alle Nutzer erhalten den gleichen Zugang zu Video- und Text-Chat-Funktionen, ohne einen Cent zu bezahlen. Meetgle kann Werbung anzeigen, um die Betriebskosten zu decken, aber zum Zeitpunkt der Erstellung dieses Artikels ist die Plattform kostenlos und relativ \u00fcbersichtlich.<\/p>\n<h2>Wer nutzt Meetgle?<\/h2>\n<p>Die Nutzerbasis von Meetgle ist global und vielf\u00e4ltig, folgt aber tendenziell den Mustern, die im Bereich der Zufalls-Chats zu beobachten sind:<\/p>\n<ul>\n<li>Altersgruppen: Haupts\u00e4chlich 18-35<\/li>\n<li>Geschlecht: \u00dcberwiegend m\u00e4nnlich, wobei weibliche Nutzer in der Regel mehr Chat-Anfragen erhalten<\/li>\n<li>Standorte: Starke Aktivit\u00e4t in den Vereinigten Staaten, Indien, Deutschland, Brasilien und dem Vereinigten K\u00f6nigreich<\/li>\n<li>Absicht: Eine Mischung aus lockerer Unterhaltung, Flirten und sozialer Neugierde<\/li>\n<\/ul>\n<p>Die Plattform richtet sich an Menschen, die:<\/p>\n<ul>\n<li>Fr\u00e4ulein Omegle oder Chatroulette<\/li>\n<li>Genie\u00dfen Sie ungefilterte, spontane Videochats<\/li>\n<li>Sie wollen sich nicht anmelden oder Profile erstellen<\/li>\n<li>Wie der Nervenkitzel einer unvorhersehbaren sozialen Interaktion<\/li>\n<\/ul>\n<p>Da es keine Anmeldung gibt, ist es unm\u00f6glich, eine Fangemeinde aufzubauen, Freunde hinzuzuf\u00fcgen oder zu fr\u00fcheren Spielen zur\u00fcckzukehren. Jede Sitzung ist zeitlich begrenzt, was die Attraktivit\u00e4t f\u00fcr Nutzer erh\u00f6ht, die eine vor\u00fcbergehende Flucht oder leichte Interaktion suchen.<\/p>\n<h2>Sicherheit, Datenschutz und Moderation<\/h2>\n<p>Wie bei jeder anonymen Videochat-Plattform ist die Sicherheit ein Anliegen, und Meetgle bem\u00fcht sich darum - auch wenn es nicht perfekt ist.<\/p>\n<h3>Datenschutz<\/h3>\n<ul>\n<li>Keine Registrierung erforderlich<\/li>\n<li>Keine pers\u00f6nlichen Informationen gesammelt<\/li>\n<li>Chats werden nicht gespeichert oder aufgezeichnet<\/li>\n<li>Sie k\u00f6nnen eine Sitzung jederzeit verlassen<\/li>\n<\/ul>\n<h3>Moderation<\/h3>\n<ul>\n<li>Schaltfl\u00e4che \"Melden\" zur Kennzeichnung unangemessener Inhalte verf\u00fcgbar<\/li>\n<li>KI-basierte Nackedei-Erkennung hilft, Inhalte f\u00fcr Erwachsene einzuschr\u00e4nken<\/li>\n<li>Zuf\u00e4llige Verbote oder Schattenverbote k\u00f6nnen bei Regelverst\u00f6\u00dfen auftreten<\/li>\n<\/ul>\n<p>Das hei\u00dft, die Moderation ist meist reaktiv. Obwohl die Plattform einige automatische Scans und manuelle \u00dcberpr\u00fcfungen durchf\u00fchrt, k\u00f6nnen die Nutzer immer noch auf Nacktheit, Bel\u00e4stigung oder Trolling sto\u00dfen, insbesondere au\u00dferhalb der Hauptgesch\u00e4ftszeiten.<\/p>\n<p>Den Benutzern wird dringend empfohlen:<\/p>\n<ul>\n<li>Vermeiden Sie die Weitergabe von pers\u00f6nlichen Informationen<\/li>\n<li>Verwenden Sie die Funktionen \"Bericht\" und \"Weiter\" gro\u00dfz\u00fcgig<\/li>\n<li>Chatten in \u00f6ffentlichen oder \u00fcberwachten Umgebungen<\/li>\n<li>Seien Sie vorsichtig beim Chatten \u00fcber mobile Daten oder \u00f6ffentliches Wi-Fi<\/li>\n<\/ul>\n<h2>Benutzererfahrung und Schnittstelle<\/h2>\n<p>Meetgle bietet ein sehr einfaches, intuitives Design. Es gibt keine Lernkurve. Wenn Sie auf der Homepage landen, werden Sie mit einer gro\u00dfen \"Start\"-Schaltfl\u00e4che begr\u00fc\u00dft, und innerhalb von Sekunden sind Sie in einem Chat.<\/p>\n<p>Die wichtigsten Aspekte des Entwurfs:<\/p>\n<ul>\n<li>Gro\u00dfe Videofenster<\/li>\n<li>Einfaches Chat-Feld zum Tippen<\/li>\n<li>Schaltfl\u00e4chen f\u00fcr Start, Weiter, Stumm und Bericht<\/li>\n<li>Keine Werbeunterbrechungen auf dem Hauptbildschirm (ab sofort)<\/li>\n<\/ul>\n<p>Die Ladezeiten sind kurz, die \u00dcberg\u00e4nge flie\u00dfend, und die Videoqualit\u00e4t ist gut - vorausgesetzt, Ihre Verbindung ist stabil.<\/p>\n<p>Der Plattform fehlt es zwar an modernem UI-Glanz oder Branding, aber ihr n\u00fcchterner Stil ist tats\u00e4chlich ein Vorteil. Er geht aus dem Weg und l\u00e4sst die Nutzer sich auf die Konversation konzentrieren.<\/p>\n<h2>Meetgle im Vergleich zu anderen Video-Chat-Seiten<\/h2>\n<p>Sehen wir uns an, wie Meetgle im Vergleich zu einigen beliebten Alternativen abschneidet:<\/p>\n<table>\n<thead>\n<tr>\n<th>Merkmal<\/th>\n<th>Meetgle<\/th>\n<th>Omegle (jetzt geschlossen)<\/th>\n<th>Chatroulette<\/th>\n<th>Chatrandom<\/th>\n<th>Emerald Chat<\/th>\n<\/tr>\n<\/thead>\n<tbody>\n<tr>\n<td>Random Video Chat mit Fremden<\/td>\n<td>Ja<\/td>\n<td>Ja<\/td>\n<td>Ja<\/td>\n<td>Ja<\/td>\n<td>Ja<\/td>\n<\/tr>\n<tr>\n<td>Text-Chat-Option<\/td>\n<td>Ja<\/td>\n<td>Ja<\/td>\n<td>Nein<\/td>\n<td>Ja<\/td>\n<td>Ja<\/td>\n<\/tr>\n<tr>\n<td>Registrierung erforderlich<\/td>\n<td>Nein<\/td>\n<td>Nein<\/td>\n<td>Nein<\/td>\n<td>Optional<\/td>\n<td>Ja<\/td>\n<\/tr>\n<tr>\n<td>Gender-Filter<\/td>\n<td>Nein<\/td>\n<td>Nein (sp\u00e4ter bezahlt)<\/td>\n<td>Nein<\/td>\n<td>Bezahlt<\/td>\n<td>Ja<\/td>\n<\/tr>\n<tr>\n<td>Mobile Optimierung<\/td>\n<td>M\u00e4\u00dfig<\/td>\n<td>Schlecht<\/td>\n<td>Schlecht<\/td>\n<td>Ausgezeichnet<\/td>\n<td>Gut<\/td>\n<\/tr>\n<tr>\n<td>Moderations-Tools<\/td>\n<td>Grundlegend<\/td>\n<td>Minimal<\/td>\n<td>Schwach<\/td>\n<td>M\u00e4\u00dfig<\/td>\n<td>Stark<\/td>\n<\/tr>\n<tr>\n<td>Frei zu verwenden<\/td>\n<td>Ja<\/td>\n<td>Ja<\/td>\n<td>Ja<\/td>\n<td>Ja\/Bezahlt<\/td>\n<td>Ja<\/td>\n<\/tr>\n<\/tbody>\n<\/table>\n<p>Zusammenfassung: Meetgle kommt dem Original Omegle am n\u00e4chsten - schneller, kostenloser, anonymer Videochat - aber mit etwas besserer Mobilunterst\u00fctzung und weniger Moderation.<\/p>\n<h2>Pro und Kontra<\/h2>\n<p>Vorteile:<\/p>\n<ul>\n<li>100% frei und anonym<\/li>\n<li>Keine Registrierung oder Download erforderlich<\/li>\n<li>Einfach zu bedienen, schnell zu laden<\/li>\n<li>Text- und Videomodus verf\u00fcgbar<\/li>\n<li>Funktioniert auf Desktop und Handy<\/li>\n<li>Die naheste Alternative zum klassischen Omegle-Erlebnis<\/li>\n<\/ul>\n<p>Nachteile:<\/p>\n<ul>\n<li>Minimale Moderation - immer noch einige unangemessene Inhalte<\/li>\n<li>Keine Filter f\u00fcr Geschlecht oder Interessen<\/li>\n<li>Keine M\u00f6glichkeit, sich mit fr\u00fcheren Nutzern wieder zu verbinden<\/li>\n<li>Einfache Schnittstelle ohne Benutzerkonten oder soziale Funktionen<\/li>\n<li>Gelegentliche Bots oder spammiges Verhalten<\/li>\n<\/ul>\n<h2>Ideale Anwendungsf\u00e4lle<\/h2>\n<p>Meetgle ist ideal f\u00fcr:<\/p>\n<ul>\n<li>Benutzer, die das Omegle vermissen und einen \u00e4hnlichen Ersatz suchen<\/li>\n<li>Leute, die zuf\u00e4llig mit Fremden chatten wollen, ohne sich anzumelden<\/li>\n<li>Zwanglose, anonyme Konversation und soziale Unterhaltung<\/li>\n<li>Schnelle Interaktion ohne Druck \u00fcber Webcam oder Text<\/li>\n<\/ul>\n<p>Es ist nicht ideal f\u00fcr:<\/p>\n<p>Nutzer, die Filterm\u00f6glichkeiten oder langfristige Verbindungen w\u00fcnschen<\/p>\n<p>Diejenigen, die auf der Suche nach Dating oder kuratierten Matching-Erfahrungen sind<\/p>\n<p>Menschen, die sich mit potenziell unmoderierten Inhalten unwohl f\u00fchlen<\/p>\n<p>Nutzer, die nach mobilen Anwendungen oder Premiumfunktionen suchen<\/p>\n<h2>Endg\u00fcltiges Urteil<\/h2>\n<p>Meetgle ist eine der einfachsten und effektivsten Plattformen im Stil von Omegle, die es noch gibt. Es versucht nicht, eine Dating-App, eine Streaming-Plattform oder ein soziales Netzwerk zu sein - es ist einfach ein schneller, anonymer Videochat. Diese Einfachheit ist ihre St\u00e4rke.<\/p>\n<p>Obwohl das Fehlen von Moderation und Filterung ein Nachteil sein kann, kommt die Plattform dem urspr\u00fcnglichen Omegle-Erlebnis am n\u00e4chsten. F\u00fcr Nutzer, die Wert auf Geschwindigkeit, Anonymit\u00e4t und Spontaneit\u00e4t legen, ist Meetgle absolut einen Blick wert.<\/p>\n<p>Wenn Sie nach einer Alternative zur chaotischen Zuf\u00e4lligkeit von Chatroulette oder der \u00dcbermonetarisierung von Chatspin suchen, bietet Meetgle einen guten Mittelweg - leicht, kostenlos und \u00fcberraschend unterhaltsam.<\/p>","protected":false},"excerpt":{"rendered":"<p>With Omegle now shut down and Chatroulette a shadow of its former self, a growing number of platforms have emerged to fill the gap in the random video chat space. One of those is Meetgle \u2014 a free, browser-based cam-to-cam chat site designed to connect you instantly with strangers from around the world. Touted as [&hellip;]<\/p>\n","protected":false},"author":6,"featured_media":0,"parent":0,"menu_order":0,"comment_status":"closed","ping_status":"closed","template":"","meta":{"footnotes":""},"class_list":["post-12842","page","type-page","status-publish","hentry"],"yoast_head":"<!-- This site is optimized with the Yoast SEO plugin v27.4 - https:\/\/yoast.com\/product\/yoast-seo-wordpress\/ -->\n<title>Meetgle - Alternative Random Video Chat on StrangerCam.com<\/title>\n<meta name=\"description\" content=\"Like Meetgle? Come chat with more than 5.000.000 strangers on Stranger Cam for Free! Turn on your cam and find new friends &amp; maby a match!\" \/>\n<meta name=\"robots\" content=\"index, follow, max-snippet:-1, max-image-preview:large, max-video-preview:-1\" \/>\n<link rel=\"canonical\" href=\"https:\/\/strangercam.com\/de\/meetgle\/\" \/>\n<meta property=\"og:locale\" content=\"de_DE\" \/>\n<meta property=\"og:type\" content=\"article\" \/>\n<meta property=\"og:title\" content=\"Meetgle - Alternative Random Video Chat on StrangerCam.com\" \/>\n<meta property=\"og:description\" content=\"Like Meetgle? Come chat with more than 5.000.000 strangers on Stranger Cam for Free! Turn on your cam and find new friends &amp; maby a match!\" \/>\n<meta property=\"og:url\" content=\"https:\/\/strangercam.com\/de\/meetgle\/\" \/>\n<meta property=\"og:site_name\" content=\"Strangercam\" \/>\n<meta property=\"article:publisher\" content=\"https:\/\/www.facebook.com\/strangercam\" \/>\n<meta property=\"article:modified_time\" content=\"2025-05-14T07:42:02+00:00\" \/>\n<meta property=\"og:image\" content=\"https:\/\/strangercam.com\/wp-content\/uploads\/2021\/10\/Untitled-2.png\" \/>\n\t<meta property=\"og:image:width\" content=\"800\" \/>\n\t<meta property=\"og:image:height\" content=\"532\" \/>\n\t<meta property=\"og:image:type\" content=\"image\/png\" \/>\n<meta name=\"twitter:card\" content=\"summary_large_image\" \/>\n<meta name=\"twitter:site\" content=\"@strangercamapp\" \/>\n<meta name=\"twitter:label1\" content=\"Gesch\u00e4tzte Lesezeit\" \/>\n\t<meta name=\"twitter:data1\" content=\"6\u00a0Minuten\" \/>\n<script type=\"application\/ld+json\" class=\"yoast-schema-graph\">{\"@context\":\"https:\\\/\\\/schema.org\",\"@graph\":[{\"@type\":\"WebPage\",\"@id\":\"https:\\\/\\\/strangercam.com\\\/meetgle\\\/\",\"url\":\"https:\\\/\\\/strangercam.com\\\/meetgle\\\/\",\"name\":\"Meetgle - Alternative Random Video Chat on StrangerCam.com\",\"isPartOf\":{\"@id\":\"https:\\\/\\\/strangercam.com\\\/#website\"},\"datePublished\":\"2025-05-14T07:40:39+00:00\",\"dateModified\":\"2025-05-14T07:42:02+00:00\",\"description\":\"Like Meetgle? Come chat with more than 5.000.000 strangers on Stranger Cam for Free! Turn on your cam and find new friends & maby a match!\",\"breadcrumb\":{\"@id\":\"https:\\\/\\\/strangercam.com\\\/meetgle\\\/#breadcrumb\"},\"inLanguage\":\"de\",\"potentialAction\":[{\"@type\":\"ReadAction\",\"target\":[\"https:\\\/\\\/strangercam.com\\\/meetgle\\\/\"]}]},{\"@type\":\"BreadcrumbList\",\"@id\":\"https:\\\/\\\/strangercam.com\\\/meetgle\\\/#breadcrumb\",\"itemListElement\":[{\"@type\":\"ListItem\",\"position\":1,\"name\":\"Home\",\"item\":\"https:\\\/\\\/strangercam.com\\\/\"},{\"@type\":\"ListItem\",\"position\":2,\"name\":\"Meetgle\"}]},{\"@type\":\"WebSite\",\"@id\":\"https:\\\/\\\/strangercam.com\\\/#website\",\"url\":\"https:\\\/\\\/strangercam.com\\\/\",\"name\":\"Strangercam\",\"description\":\"Random Video Chat with Strangers\",\"publisher\":{\"@id\":\"https:\\\/\\\/strangercam.com\\\/#organization\"},\"alternateName\":\"Strangercam.com\",\"potentialAction\":[{\"@type\":\"SearchAction\",\"target\":{\"@type\":\"EntryPoint\",\"urlTemplate\":\"https:\\\/\\\/strangercam.com\\\/?s={search_term_string}\"},\"query-input\":{\"@type\":\"PropertyValueSpecification\",\"valueRequired\":true,\"valueName\":\"search_term_string\"}}],\"inLanguage\":\"de\"},{\"@type\":\"Organization\",\"@id\":\"https:\\\/\\\/strangercam.com\\\/#organization\",\"name\":\"Strangercam\",\"alternateName\":\"Strangercam.com\",\"url\":\"https:\\\/\\\/strangercam.com\\\/\",\"logo\":{\"@type\":\"ImageObject\",\"inLanguage\":\"de\",\"@id\":\"https:\\\/\\\/strangercam.com\\\/#\\\/schema\\\/logo\\\/image\\\/\",\"url\":\"https:\\\/\\\/strangercam.com\\\/wp-content\\\/uploads\\\/2020\\\/11\\\/cropped-new-favicon-black.png\",\"contentUrl\":\"https:\\\/\\\/strangercam.com\\\/wp-content\\\/uploads\\\/2020\\\/11\\\/cropped-new-favicon-black.png\",\"width\":512,\"height\":512,\"caption\":\"Strangercam\"},\"image\":{\"@id\":\"https:\\\/\\\/strangercam.com\\\/#\\\/schema\\\/logo\\\/image\\\/\"},\"sameAs\":[\"https:\\\/\\\/www.facebook.com\\\/strangercam\",\"https:\\\/\\\/x.com\\\/strangercamapp\"]}]}<\/script>\n<!-- \/ Yoast SEO plugin. -->","yoast_head_json":{"title":"Meetgle - Alternativer Zufalls-Videochat auf StrangerCam.com","description":"Magst Du Meetgle? Chatte mit mehr als 5.000.000 Fremden auf Stranger Cam - kostenlos! Schalte deine Kamera ein und finde neue Freunde und vielleicht einen Partner!","robots":{"index":"index","follow":"follow","max-snippet":"max-snippet:-1","max-image-preview":"max-image-preview:large","max-video-preview":"max-video-preview:-1"},"canonical":"https:\/\/strangercam.com\/de\/meetgle\/","og_locale":"de_DE","og_type":"article","og_title":"Meetgle - Alternative Random Video Chat on StrangerCam.com","og_description":"Like Meetgle? Come chat with more than 5.000.000 strangers on Stranger Cam for Free! Turn on your cam and find new friends & maby a match!","og_url":"https:\/\/strangercam.com\/de\/meetgle\/","og_site_name":"Strangercam","article_publisher":"https:\/\/www.facebook.com\/strangercam","article_modified_time":"2025-05-14T07:42:02+00:00","og_image":[{"width":800,"height":532,"url":"https:\/\/strangercam.com\/wp-content\/uploads\/2021\/10\/Untitled-2.png","type":"image\/png"}],"twitter_card":"summary_large_image","twitter_site":"@strangercamapp","twitter_misc":{"Gesch\u00e4tzte Lesezeit":"6\u00a0Minuten"},"schema":{"@context":"https:\/\/schema.org","@graph":[{"@type":"WebPage","@id":"https:\/\/strangercam.com\/meetgle\/","url":"https:\/\/strangercam.com\/meetgle\/","name":"Meetgle - Alternativer Zufalls-Videochat auf StrangerCam.com","isPartOf":{"@id":"https:\/\/strangercam.com\/#website"},"datePublished":"2025-05-14T07:40:39+00:00","dateModified":"2025-05-14T07:42:02+00:00","description":"Magst Du Meetgle? Chatte mit mehr als 5.000.000 Fremden auf Stranger Cam - kostenlos! Schalte deine Kamera ein und finde neue Freunde und vielleicht einen Partner!","breadcrumb":{"@id":"https:\/\/strangercam.com\/meetgle\/#breadcrumb"},"inLanguage":"de","potentialAction":[{"@type":"ReadAction","target":["https:\/\/strangercam.com\/meetgle\/"]}]},{"@type":"BreadcrumbList","@id":"https:\/\/strangercam.com\/meetgle\/#breadcrumb","itemListElement":[{"@type":"ListItem","position":1,"name":"Home","item":"https:\/\/strangercam.com\/"},{"@type":"ListItem","position":2,"name":"Meetgle"}]},{"@type":"WebSite","@id":"https:\/\/strangercam.com\/#website","url":"https:\/\/strangercam.com\/","name":"Strangercam","description":"Zuf\u00e4lliger Video-Chat mit Fremden","publisher":{"@id":"https:\/\/strangercam.com\/#organization"},"alternateName":"Strangercam.com","potentialAction":[{"@type":"SearchAction","target":{"@type":"EntryPoint","urlTemplate":"https:\/\/strangercam.com\/?s={search_term_string}"},"query-input":{"@type":"PropertyValueSpecification","valueRequired":true,"valueName":"search_term_string"}}],"inLanguage":"de"},{"@type":"Organization","@id":"https:\/\/strangercam.com\/#organization","name":"Strangercam","alternateName":"Strangercam.com","url":"https:\/\/strangercam.com\/","logo":{"@type":"ImageObject","inLanguage":"de","@id":"https:\/\/strangercam.com\/#\/schema\/logo\/image\/","url":"https:\/\/strangercam.com\/wp-content\/uploads\/2020\/11\/cropped-new-favicon-black.png","contentUrl":"https:\/\/strangercam.com\/wp-content\/uploads\/2020\/11\/cropped-new-favicon-black.png","width":512,"height":512,"caption":"Strangercam"},"image":{"@id":"https:\/\/strangercam.com\/#\/schema\/logo\/image\/"},"sameAs":["https:\/\/www.facebook.com\/strangercam","https:\/\/x.com\/strangercamapp"]}]}},"_links":{"self":[{"href":"https:\/\/strangercam.com\/de\/wp-json\/wp\/v2\/pages\/12842","targetHints":{"allow":["GET"]}}],"collection":[{"href":"https:\/\/strangercam.com\/de\/wp-json\/wp\/v2\/pages"}],"about":[{"href":"https:\/\/strangercam.com\/de\/wp-json\/wp\/v2\/types\/page"}],"author":[{"embeddable":true,"href":"https:\/\/strangercam.com\/de\/wp-json\/wp\/v2\/users\/6"}],"replies":[{"embeddable":true,"href":"https:\/\/strangercam.com\/de\/wp-json\/wp\/v2\/comments?post=12842"}],"version-history":[{"count":2,"href":"https:\/\/strangercam.com\/de\/wp-json\/wp\/v2\/pages\/12842\/revisions"}],"predecessor-version":[{"id":12844,"href":"https:\/\/strangercam.com\/de\/wp-json\/wp\/v2\/pages\/12842\/revisions\/12844"}],"wp:attachment":[{"href":"https:\/\/strangercam.com\/de\/wp-json\/wp\/v2\/media?parent=12842"}],"curies":[{"name":"wp","href":"https:\/\/api.w.org\/{rel}","templated":true}]}}