{"id":12839,"date":"2025-05-14T09:36:44","date_gmt":"2025-05-14T07:36:44","guid":{"rendered":"https:\/\/strangercam.com\/?page_id=12839"},"modified":"2025-05-14T09:36:44","modified_gmt":"2025-05-14T07:36:44","slug":"joi","status":"publish","type":"page","link":"https:\/\/strangercam.com\/de\/joi\/","title":{"rendered":"Joi"},"content":{"rendered":"<p>Mit der explosionsartigen Zunahme videobasierter sozialer Apps in den letzten Jahren ist es keine \u00dcberraschung, dass eine neue Generation von Plattformen aufgetaucht ist, die Begegnungen in Echtzeit von Angesicht zu Angesicht erm\u00f6glichen. Unter ihnen sticht Joi als mobile, wischgesteuerte App hervor, die rasante Eins-zu-Eins-Videochats mit Fremden aus der ganzen Welt erm\u00f6glicht.<\/p>\n<p>Vermarktet als eine \u201cunterhaltsame Art zu <a href=\"https:\/\/strangercam.com\/de\/coomeet\/\">treffen<\/a> Joi \u00fcbernimmt das traditionelle Konzept der Zufallsvideos, um neue Leute sofort <a href=\"https:\/\/strangercam.com\/de\/chatroulette\/\">Chat<\/a> und verpackt es in ein schlankes, reines App-Erlebnis, das f\u00fcr moderne, mobilit\u00e4tsorientierte Nutzer konzipiert ist. Aber was unterscheidet Joi von Wettbewerbern wie Chatspin, <a href=\"https:\/\/strangercam.com\/de\/monkey-app\/\">Affe<\/a>, Und, was noch wichtiger ist, ist es sicher, unterhaltsam und Ihre Zeit wert?<\/p>\n<p>In diesem ausf\u00fchrlichen Testbericht erfahren Sie alles, was Sie \u00fcber Joi wissen m\u00fcssen - wie es funktioniert, f\u00fcr wen es geeignet ist, welche Funktionen es bietet, was es kostet und wie es im Vergleich zu anderen One-on-One-Videochat-Apps im Jahr 2025 aussieht.<\/p>\n<h2>Was ist Joi?<\/h2>\n<p>Joi ist eine ausschlie\u00dflich mobile 1-on-1-Videochat-App, die f\u00fcr iOS und Android verf\u00fcgbar ist. Sie verbindet Benutzer sofort mit Fremden aus der ganzen Welt f\u00fcr Echtzeit-Videogespr\u00e4che. Sie \u00e4hnelt im Prinzip Apps wie <a href=\"https:\/\/strangercam.com\/de\/azar-app\/\">Azar<\/a> oder <a href=\"https:\/\/strangercam.com\/de\/livu\/\">LivU<\/a>, aber mit einer ausgefeilteren Oberfl\u00e4che im Swipe-Stil und einem starken Fokus auf schnellem Abgleich, erstklassigen Funktionen und Nutzerbindung.<\/p>\n<p>Seit seiner Einf\u00fchrung Ende der 2010er Jahre hat sich Joi stetig zu einer der am besten bewerteten Videochat-Apps in der Kategorie Zufalls-Chat entwickelt, insbesondere bei Nutzern, die an zwanglosen Kontakten, Flirtgespr\u00e4chen oder einfach nur am Zeitvertreib mit neuen Leuten interessiert sind.<\/p>\n<p>Im Gegensatz zu Community-basierten Streaming-Plattformen ist Joi ein reines Einzelgespr\u00e4ch und konzentriert sich auf kurze, pers\u00f6nliche Interaktionen - mit der Option, weiter zu sprechen, wenn beide Nutzer einverstanden sind.<\/p>\n<h2>Was ist das Ziel von Joi?<\/h2>\n<p>Joi hat es sich zur Aufgabe gemacht, Nutzer in Echtzeit-Videochats mit neuen Menschen aus verschiedenen Kulturen, Sprachen und mit unterschiedlichem Hintergrund zu verbinden. Es bietet einen reibungslosen Weg zu:<\/p>\n<ul>\n<li>Fremde sofort von Angesicht zu Angesicht treffen<\/li>\n<li>Flirten oder zwanglos chatten in privaten Videor\u00e4umen<\/li>\n<li>Menschen aus verschiedenen L\u00e4ndern entdecken<\/li>\n<li>Spontane soziale Begegnungen erleben<\/li>\n<\/ul>\n<p>Es ist keine Dating-App, keine Live-Broadcasting-Plattform und kein soziales Netzwerk. Stattdessen geht es um unmittelbare, private Interaktionen - \u00e4hnlich dem Erlebnis, auf einer Party auf jemanden zuzugehen und ein Gespr\u00e4ch zu beginnen.<\/p>\n<h2>Wesentliche Merkmale<\/h2>\n<p>1. Eins-zu-Eins-Videochat<br \/>\nDas ist das Herzst\u00fcck der Joi-App. Tippen Sie auf , um zu beginnen, und Sie werden sofort mit einem anderen Benutzer f\u00fcr ein privates Live-Video-Gespr\u00e4ch verbunden. Sie k\u00f6nnen so lange chatten, wie beide Nutzer m\u00f6chten, oder durch Wischen zur n\u00e4chsten Person wechseln.<\/p>\n<p>2. Streichen zum Anpassen<br \/>\nWenn Ihnen das aktuelle Match nicht gef\u00e4llt, wischen Sie zum \u00dcberspringen und werden mit jemandem neuen verbunden. Der Prozess ist schnell und nahtlos, und der Matching-Algorithmus der App passt sich basierend auf Vorlieben, fr\u00fcheren Interaktionen und dem Engagement des Nutzers an.<\/p>\n<p>3. Gender-Filter (Premium)<br \/>\nDie Nutzer k\u00f6nnen die Treffer nach Geschlecht filtern, allerdings ist dies eine kostenpflichtige Funktion. Kostenlose Nutzer werden mit jedem zusammengebracht, w\u00e4hrend Premium-Nutzer w\u00e4hlen k\u00f6nnen, ob sie sich nur mit Frauen oder M\u00e4nnern verbinden m\u00f6chten.<\/p>\n<p>4. L\u00e4nder-Filter<br \/>\nSie k\u00f6nnen sich auch mit Menschen aus bestimmten L\u00e4ndern zusammenschlie\u00dfen und so entweder Einheimische treffen oder Chats mit Menschen aus ganz anderen Kulturen entdecken.<\/p>\n<p>5. M\u00fcnzen und In-App-K\u00e4ufe<br \/>\nJoi funktioniert auf der Basis einer M\u00fcnzwirtschaft. Die Benutzer k\u00f6nnen M\u00fcnzen kaufen und sie ausgeben f\u00fcr:<\/p>\n<ul>\n<li>Geschlechtsspezifische Filter<\/li>\n<li>Chat-Zeitverl\u00e4ngerungen<\/li>\n<li>Wiederherstellung der Verbindung zu einem fr\u00fcheren Spiel<\/li>\n<li>Versenden von Geschenken oder Freischalten von Premiumfunktionen<\/li>\n<\/ul>\n<p>M\u00fcnzen werden in Paketen \u00fcber In-App-K\u00e4ufe erworben, und neue Benutzer erhalten oft kostenlose M\u00fcnzen f\u00fcr den Anfang.<\/p>\n<p>6. Text\u00fcbersetzung<br \/>\nF\u00fcr internationale Chats bietet Joi eine Echtzeit-\u00dcbersetzung der Nachrichten und hilft so, Sprachbarrieren zu \u00fcberwinden. Diese Funktion ist besonders hilfreich, wenn Sie sich mit Nutzern in anderen L\u00e4ndern verbinden m\u00f6chten, aber nicht dieselbe Sprache sprechen.<\/p>\n<p>7. Profilanpassung<br \/>\nNutzer k\u00f6nnen ein Profilbild hinzuf\u00fcgen, einen Benutzernamen w\u00e4hlen und grundlegende Informationen angeben. Joi ist jedoch nicht auf langfristige Profile ausgelegt - der Schwerpunkt liegt auf spontanen Echtzeit-Verbindungen und nicht auf Social Following oder Messaging.<\/p>\n<p>8. Sicherheits-Tools<br \/>\nDie App enth\u00e4lt grundlegende Meldetools, die M\u00f6glichkeit, Nutzer zu sperren, und eine KI-basierte Moderation, um unangemessenes Verhalten zu erkennen. Diese Tools sind zwar nicht perfekt, bieten aber ein Ma\u00df an Schutz, das in \u00e4hnlichen Apps oft fehlt.<\/p>\n<h2>Ist Joi frei?<\/h2>\n<p>Joi kann kostenlos heruntergeladen werden, und Sie k\u00f6nnen es ohne Bezahlung nutzen. Allerdings ist die kostenlose Version begrenzt. Nach ein paar Chats oder Swipes gehen Ihnen die M\u00fcnzen aus und Sie m\u00fcssen entweder warten, Werbung sehen oder mehr kaufen.<\/p>\n<p>Das Monetarisierungsmodell der App basiert auf In-App-K\u00e4ufen, einschlie\u00dflich:<\/p>\n<ul>\n<li>M\u00fcnzpakete (f\u00fcr den Zugang zu Chats und Filtern)<\/li>\n<li>VIP-Mitgliedschaft (schaltet Geschlechterfilter, unbegrenztes Swipen und das Entfernen von Werbung frei)<\/li>\n<li>T\u00e4gliche Bonuspakete und zeitlich begrenzte Angebote<\/li>\n<\/ul>\n<p>Mit anderen Worten: Joi ist Freemium. Sie k\u00f6nnen es kostenlos nutzen, aber f\u00fcr die besten Funktionen - und den st\u00e4ndigen Zugang - m\u00fcssen Sie bezahlen.<\/p>\n<h2>Wer benutzt Joi?<\/h2>\n<p>Joi hat eine breite, weltweite Nutzerbasis, ist aber besonders beliebt bei:<\/p>\n<ul>\n<li>Junge Erwachsene zwischen 18 und 35 Jahren<\/li>\n<li>Nutzer aus den Vereinigten Staaten, Indien, dem Nahen Osten, S\u00fcdostasien und Lateinamerika<\/li>\n<li>Menschen, die an gelegentlichen Videoflirts oder internationalen Freundschaften interessiert sind<\/li>\n<li>Nutzer suchen Echtzeit-Verbindungen \u00fcber kuratierte soziale Inhalte<\/li>\n<\/ul>\n<p>Es ist wichtig zu wissen, dass es sich bei Joi um eine App handelt, die in erster Linie f\u00fcr Mobiltelefone entwickelt wurde, d. h. die Nutzerbasis besteht aus Smartphone-Nutzern, die mit App-basiertem Chatten und In-App-K\u00e4ufen vertraut sind.<\/p>\n<p>Das Geschlechterverh\u00e4ltnis ist tendenziell eher m\u00e4nnlich, insbesondere in Regionen, in denen Zufalls-Chat-Apps beliebt sind. Frauen erhalten auf der Plattform oft viel mehr Match-Anfragen, weshalb die Geschlechterfilter hinter einer Bezahlschranke versteckt sind.<\/p>\n<h2>Sicherheit, Datenschutz und Moderation<\/h2>\n<p>Joi enth\u00e4lt eine Reihe grundlegender Funktionen zur Verbesserung der Sicherheit und zur Verringerung des Missbrauchs:<\/p>\n<ul>\n<li>Benutzerberichte: Melden Sie unangemessenes Verhalten w\u00e4hrend eines Chats ganz einfach.<\/li>\n<li>Blockieren: Verhindern Sie zuk\u00fcnftige Begegnungen mit Personen, mit denen Sie nicht mehr sprechen m\u00f6chten.<\/li>\n<li>KI-Moderation: Die App nutzt KI, um Nacktheit oder anst\u00f6\u00dfige Gesten zu erkennen.<\/li>\n<li>Nur private Chats: Keine \u00f6ffentlichen R\u00e4ume, keine Gruppenchats - nur private Videoanrufe unter vier Augen.<\/li>\n<\/ul>\n<p>Wie bei jeder Videochat-App gibt es jedoch einige Nutzer, die die Plattform missbrauchen. Joi stellt klar, dass Nacktheit oder unangemessenes Verhalten nicht toleriert wird, aber die Moderation ist eher reaktiv als proaktiv.<\/p>\n<p>F\u00fcr die Nutzer bedeutet dies:<\/p>\n<ul>\n<li>Geben Sie keine pers\u00f6nlichen Informationen weiter (E-Mail, Telefon, soziale Kontakte)<\/li>\n<li>Seien Sie darauf vorbereitet, Benutzer schnell zu \u00fcbergehen oder zu melden<\/li>\n<li>Verwenden Sie In-App-Funktionen verantwortungsbewusst, insbesondere beim Ausgeben von M\u00fcnzen<\/li>\n<\/ul>\n<h2>Benutzererfahrung und Design<\/h2>\n<p>Joi gl\u00e4nzt in Bezug auf Benutzerfreundlichkeit und Schnittstellendesign. Die App ist schlank, modern und eindeutig f\u00fcr die heutige mobile Erfahrung entwickelt. Das Matching ist schnell, die Videoqualit\u00e4t ist solide und der \u00dcbergang zwischen den Nutzern ist reibungslos und intuitiv.<\/p>\n<p>Der Entwurf weist folgende Merkmale auf:<\/p>\n<ul>\n<li>Gro\u00dfe Videofenster<\/li>\n<li>Wischbare, TikTok-\u00e4hnliche Oberfl\u00e4che<\/li>\n<li>Saubere Men\u00fcs und Symbole<\/li>\n<li>In-App-Store f\u00fcr M\u00fcnzen und Upgrades<\/li>\n<li>Live-\u00dcbersetzung bei Bedarf<\/li>\n<\/ul>\n<p>Es gibt keine unn\u00f6tigen Ablenkungen, und der Einf\u00fchrungsprozess ist schnell. Innerhalb von 60 Sekunden nach der Installation k\u00f6nnen Sie an einem Videochat teilnehmen - ohne Wartezimmer oder Verifizierungscodes.<\/p>\n<p>Die App ist verf\u00fcgbar f\u00fcr:<\/p>\n<ul>\n<li>iOS (iPhone und iPad)<\/li>\n<li>Android-Smartphones und -Tablets<\/li>\n<\/ul>\n<p>Derzeit gibt es keine Desktop- oder Browserversion, was die Identit\u00e4t als reines Mobilangebot unterstreicht.<\/p>\n<h2>Joi im Vergleich zu anderen 1-on-1 Video Chat Apps<\/h2>\n<p>Vergleichen wir Joi mit einigen anderen beliebten Videochat-Apps f\u00fcr Einzelpersonen:<\/p>\n<table>\n<thead>\n<tr>\n<th>Merkmal<\/th>\n<th>Joi<\/th>\n<th>Azar<\/th>\n<th>LivU<\/th>\n<th>Chatspin<\/th>\n<th>Affe<\/th>\n<\/tr>\n<\/thead>\n<tbody>\n<tr>\n<td>Eins-zu-eins-Videochat<\/td>\n<td>Ja<\/td>\n<td>Ja<\/td>\n<td>Ja<\/td>\n<td>Ja<\/td>\n<td>Ja<\/td>\n<\/tr>\n<tr>\n<td>Gender-Filter<\/td>\n<td>Bezahlt<\/td>\n<td>Bezahlt<\/td>\n<td>Bezahlt<\/td>\n<td>Bezahlt<\/td>\n<td>Begrenzt<\/td>\n<\/tr>\n<tr>\n<td>L\u00e4nderfilter<\/td>\n<td>Ja<\/td>\n<td>Ja<\/td>\n<td>Ja<\/td>\n<td>Bezahlt<\/td>\n<td>Nein<\/td>\n<\/tr>\n<tr>\n<td>Nur mobil<\/td>\n<td>Ja<\/td>\n<td>Ja<\/td>\n<td>Ja<\/td>\n<td>Nein<\/td>\n<td>Ja<\/td>\n<\/tr>\n<tr>\n<td>M\u00fcnzen \/ W\u00e4hrung<\/td>\n<td>Ja<\/td>\n<td>Ja<\/td>\n<td>Ja<\/td>\n<td>Nein<\/td>\n<td>Nein<\/td>\n<\/tr>\n<tr>\n<td>Text\u00fcbersetzung<\/td>\n<td>Ja<\/td>\n<td>Ja<\/td>\n<td>Ja<\/td>\n<td>Nein<\/td>\n<td>Nein<\/td>\n<\/tr>\n<tr>\n<td>Gruppenchat<\/td>\n<td>Nein<\/td>\n<td>Nein<\/td>\n<td>Nein<\/td>\n<td>Nein<\/td>\n<td>Ja<\/td>\n<\/tr>\n<tr>\n<td>App-Monetarisierung<\/td>\n<td>Aggressiv<\/td>\n<td>M\u00e4\u00dfig<\/td>\n<td>M\u00e4\u00dfig<\/td>\n<td>M\u00e4\u00dfig<\/td>\n<td>Niedrig<\/td>\n<\/tr>\n<\/tbody>\n<\/table>\n<p>Fazit: Joi eignet sich am besten f\u00fcr Nutzer, die ein mobiles, reines Videoerlebnis w\u00fcnschen und denen es nichts ausmacht, ein wenig Geld f\u00fcr Premium-Filter und eine bessere Anpassungssteuerung auszugeben.<\/p>\n<h2>Pro und Kontra<\/h2>\n<p>Vorteile:<\/p>\n<ul>\n<li>Sofortiger, privater Eins-zu-Eins-Videochat<\/li>\n<li>Elegantes, modernes Interface mit schneller Ladezeit<\/li>\n<li>Echtzeit-\u00dcbersetzung hilft bei globalen Chats<\/li>\n<li>Aktive, internationale Nutzerbasis<\/li>\n<li>Optionales Profil und benutzerfreundliches Design<\/li>\n<li>Mobil-optimiert und einfach zu bedienen<\/li>\n<\/ul>\n<p>Nachteile:<\/p>\n<ul>\n<li>Viele Funktionen hinter In-App-K\u00e4ufen versteckt<\/li>\n<li>Starkes M\u00e4nner-Frauen-Verh\u00e4ltnis<\/li>\n<li>Kann trotz Moderation auf unangemessenes Verhalten sto\u00dfen<\/li>\n<li>Kein Desktop-Zugang<\/li>\n<li>Kein Gruppenchat oder Community-Funktionen<\/li>\n<\/ul>\n<h2>Ideale Anwendungsf\u00e4lle<\/h2>\n<p>Joi ist ideal f\u00fcr:<\/p>\n<ul>\n<li>Nutzer, die spontane, private Videochats w\u00fcnschen<\/li>\n<li>Menschen, die bereit sind, zwanglos zu flirten oder Fremde in Echtzeit zu treffen<\/li>\n<li>Reisende oder Expats, die Kontakte zu Menschen aus anderen Kulturen suchen<\/li>\n<li>Jeder, der sich lieber von Angesicht zu Angesicht unterh\u00e4lt als \u00fcber Text<\/li>\n<\/ul>\n<p>Es ist nicht ideal f\u00fcr:<\/p>\n<ul>\n<li>Nutzer, die einen kostenlosen unbegrenzten Zugang w\u00fcnschen<\/li>\n<li>Personen, die eine langfristige Beziehung suchen<\/li>\n<li>Menschen, die sich mit Freemium-Preismodellen unwohl f\u00fchlen<\/li>\n<li>Nutzer, die Desktop-Plattformen oder Gruppen-Communities bevorzugen<\/li>\n<\/ul>\n<h2>Endg\u00fcltiges Urteil<\/h2>\n<p>Joi ist eine der besten mobilen Eins-zu-Eins-Videochat-Apps, die im Jahr 2025 verf\u00fcgbar sind. Mit seiner \u00fcbersichtlichen Oberfl\u00e4che, dem sofortigen Matching und der internationalen Reichweite bietet es eine schnelle, flirtende und flexible M\u00f6glichkeit, mit Fremden in Kontakt zu treten - egal, ob du auf der Suche nach Spa\u00df, Freundschaft oder etwas dazwischen bist.<\/p>\n<p>Das M\u00fcnzsystem und die Premium-Filter k\u00f6nnten einige Nutzer frustrieren, insbesondere diejenigen, die an v\u00f6llig kostenlose Plattformen gew\u00f6hnt sind. Aber f\u00fcr diejenigen, denen es nichts ausmacht, ein paar Dollar f\u00fcr eine bessere Kontrolle und ein reibungsloseres Erlebnis auszugeben, ist Joi absolut einen Versuch wert.<\/p>\n<p>Wenn Sie spontane Echtzeit-Videokonversationen von der Handfl\u00e4che aus f\u00fchren m\u00f6chten, bietet Ihnen Joi dieses Erlebnis mit Schnelligkeit, Perfektion und globaler Reichweite.<\/p>","protected":false},"excerpt":{"rendered":"<p>With the explosion of video-based social apps over the past few years, it\u2019s no surprise that a new generation of platforms has emerged to facilitate real-time, face-to-face encounters. Among these, Joi stands out as a mobile-first, swipe-driven app that delivers fast-paced, one-on-one video chats with strangers from around the world. Marketed as a \u201cfun way [&hellip;]<\/p>\n","protected":false},"author":6,"featured_media":0,"parent":0,"menu_order":0,"comment_status":"closed","ping_status":"closed","template":"","meta":{"footnotes":""},"class_list":["post-12839","page","type-page","status-publish","hentry"],"yoast_head":"<!-- This site is optimized with the Yoast SEO plugin v27.4 - https:\/\/yoast.com\/product\/yoast-seo-wordpress\/ -->\n<title>Joi - 1 on 1 Video Chat App on StrangerCam.com<\/title>\n<meta name=\"description\" content=\"Like Joi? Come chat with more than 5.000.000 strangers on Stranger Cam for Free! Turn on your cam and find new friends &amp; maby a match!\" \/>\n<meta name=\"robots\" content=\"index, follow, max-snippet:-1, max-image-preview:large, max-video-preview:-1\" \/>\n<link rel=\"canonical\" href=\"https:\/\/strangercam.com\/de\/joi\/\" \/>\n<meta property=\"og:locale\" content=\"de_DE\" \/>\n<meta property=\"og:type\" content=\"article\" \/>\n<meta property=\"og:title\" content=\"Joi - 1 on 1 Video Chat App on StrangerCam.com\" \/>\n<meta property=\"og:description\" content=\"Like Joi? Come chat with more than 5.000.000 strangers on Stranger Cam for Free! Turn on your cam and find new friends &amp; maby a match!\" \/>\n<meta property=\"og:url\" content=\"https:\/\/strangercam.com\/de\/joi\/\" \/>\n<meta property=\"og:site_name\" content=\"Strangercam\" \/>\n<meta property=\"article:publisher\" content=\"https:\/\/www.facebook.com\/strangercam\" \/>\n<meta property=\"og:image\" content=\"https:\/\/strangercam.com\/wp-content\/uploads\/2021\/10\/Untitled-2.png\" \/>\n\t<meta property=\"og:image:width\" content=\"800\" \/>\n\t<meta property=\"og:image:height\" content=\"532\" \/>\n\t<meta property=\"og:image:type\" content=\"image\/png\" \/>\n<meta name=\"twitter:card\" content=\"summary_large_image\" \/>\n<meta name=\"twitter:site\" content=\"@strangercamapp\" \/>\n<meta name=\"twitter:label1\" content=\"Gesch\u00e4tzte Lesezeit\" \/>\n\t<meta name=\"twitter:data1\" content=\"7\u00a0Minuten\" \/>\n<script type=\"application\/ld+json\" class=\"yoast-schema-graph\">{\"@context\":\"https:\\\/\\\/schema.org\",\"@graph\":[{\"@type\":\"WebPage\",\"@id\":\"https:\\\/\\\/strangercam.com\\\/joi\\\/\",\"url\":\"https:\\\/\\\/strangercam.com\\\/joi\\\/\",\"name\":\"Joi - 1 on 1 Video Chat App on StrangerCam.com\",\"isPartOf\":{\"@id\":\"https:\\\/\\\/strangercam.com\\\/#website\"},\"datePublished\":\"2025-05-14T07:36:44+00:00\",\"description\":\"Like Joi? Come chat with more than 5.000.000 strangers on Stranger Cam for Free! Turn on your cam and find new friends & maby a match!\",\"breadcrumb\":{\"@id\":\"https:\\\/\\\/strangercam.com\\\/joi\\\/#breadcrumb\"},\"inLanguage\":\"de\",\"potentialAction\":[{\"@type\":\"ReadAction\",\"target\":[\"https:\\\/\\\/strangercam.com\\\/joi\\\/\"]}]},{\"@type\":\"BreadcrumbList\",\"@id\":\"https:\\\/\\\/strangercam.com\\\/joi\\\/#breadcrumb\",\"itemListElement\":[{\"@type\":\"ListItem\",\"position\":1,\"name\":\"Home\",\"item\":\"https:\\\/\\\/strangercam.com\\\/\"},{\"@type\":\"ListItem\",\"position\":2,\"name\":\"Joi\"}]},{\"@type\":\"WebSite\",\"@id\":\"https:\\\/\\\/strangercam.com\\\/#website\",\"url\":\"https:\\\/\\\/strangercam.com\\\/\",\"name\":\"Strangercam\",\"description\":\"Random Video Chat with Strangers\",\"publisher\":{\"@id\":\"https:\\\/\\\/strangercam.com\\\/#organization\"},\"alternateName\":\"Strangercam.com\",\"potentialAction\":[{\"@type\":\"SearchAction\",\"target\":{\"@type\":\"EntryPoint\",\"urlTemplate\":\"https:\\\/\\\/strangercam.com\\\/?s={search_term_string}\"},\"query-input\":{\"@type\":\"PropertyValueSpecification\",\"valueRequired\":true,\"valueName\":\"search_term_string\"}}],\"inLanguage\":\"de\"},{\"@type\":\"Organization\",\"@id\":\"https:\\\/\\\/strangercam.com\\\/#organization\",\"name\":\"Strangercam\",\"alternateName\":\"Strangercam.com\",\"url\":\"https:\\\/\\\/strangercam.com\\\/\",\"logo\":{\"@type\":\"ImageObject\",\"inLanguage\":\"de\",\"@id\":\"https:\\\/\\\/strangercam.com\\\/#\\\/schema\\\/logo\\\/image\\\/\",\"url\":\"https:\\\/\\\/strangercam.com\\\/wp-content\\\/uploads\\\/2020\\\/11\\\/cropped-new-favicon-black.png\",\"contentUrl\":\"https:\\\/\\\/strangercam.com\\\/wp-content\\\/uploads\\\/2020\\\/11\\\/cropped-new-favicon-black.png\",\"width\":512,\"height\":512,\"caption\":\"Strangercam\"},\"image\":{\"@id\":\"https:\\\/\\\/strangercam.com\\\/#\\\/schema\\\/logo\\\/image\\\/\"},\"sameAs\":[\"https:\\\/\\\/www.facebook.com\\\/strangercam\",\"https:\\\/\\\/x.com\\\/strangercamapp\"]}]}<\/script>\n<!-- \/ Yoast SEO plugin. -->","yoast_head_json":{"title":"Joi - 1 on 1 Video Chat App auf StrangerCam.com","description":"Magst du Joi? Komm und chatte mit mehr als 5.000.000 Fremden auf Stranger Cam - kostenlos! Schalte deine Kamera ein und finde neue Freunde und vielleicht einen Partner!","robots":{"index":"index","follow":"follow","max-snippet":"max-snippet:-1","max-image-preview":"max-image-preview:large","max-video-preview":"max-video-preview:-1"},"canonical":"https:\/\/strangercam.com\/de\/joi\/","og_locale":"de_DE","og_type":"article","og_title":"Joi - 1 on 1 Video Chat App on StrangerCam.com","og_description":"Like Joi? Come chat with more than 5.000.000 strangers on Stranger Cam for Free! Turn on your cam and find new friends & maby a match!","og_url":"https:\/\/strangercam.com\/de\/joi\/","og_site_name":"Strangercam","article_publisher":"https:\/\/www.facebook.com\/strangercam","og_image":[{"width":800,"height":532,"url":"https:\/\/strangercam.com\/wp-content\/uploads\/2021\/10\/Untitled-2.png","type":"image\/png"}],"twitter_card":"summary_large_image","twitter_site":"@strangercamapp","twitter_misc":{"Gesch\u00e4tzte Lesezeit":"7\u00a0Minuten"},"schema":{"@context":"https:\/\/schema.org","@graph":[{"@type":"WebPage","@id":"https:\/\/strangercam.com\/joi\/","url":"https:\/\/strangercam.com\/joi\/","name":"Joi - 1 on 1 Video Chat App auf StrangerCam.com","isPartOf":{"@id":"https:\/\/strangercam.com\/#website"},"datePublished":"2025-05-14T07:36:44+00:00","description":"Magst du Joi? Komm und chatte mit mehr als 5.000.000 Fremden auf Stranger Cam - kostenlos! Schalte deine Kamera ein und finde neue Freunde und vielleicht einen Partner!","breadcrumb":{"@id":"https:\/\/strangercam.com\/joi\/#breadcrumb"},"inLanguage":"de","potentialAction":[{"@type":"ReadAction","target":["https:\/\/strangercam.com\/joi\/"]}]},{"@type":"BreadcrumbList","@id":"https:\/\/strangercam.com\/joi\/#breadcrumb","itemListElement":[{"@type":"ListItem","position":1,"name":"Home","item":"https:\/\/strangercam.com\/"},{"@type":"ListItem","position":2,"name":"Joi"}]},{"@type":"WebSite","@id":"https:\/\/strangercam.com\/#website","url":"https:\/\/strangercam.com\/","name":"Strangercam","description":"Zuf\u00e4lliger Video-Chat mit Fremden","publisher":{"@id":"https:\/\/strangercam.com\/#organization"},"alternateName":"Strangercam.com","potentialAction":[{"@type":"SearchAction","target":{"@type":"EntryPoint","urlTemplate":"https:\/\/strangercam.com\/?s={search_term_string}"},"query-input":{"@type":"PropertyValueSpecification","valueRequired":true,"valueName":"search_term_string"}}],"inLanguage":"de"},{"@type":"Organization","@id":"https:\/\/strangercam.com\/#organization","name":"Strangercam","alternateName":"Strangercam.com","url":"https:\/\/strangercam.com\/","logo":{"@type":"ImageObject","inLanguage":"de","@id":"https:\/\/strangercam.com\/#\/schema\/logo\/image\/","url":"https:\/\/strangercam.com\/wp-content\/uploads\/2020\/11\/cropped-new-favicon-black.png","contentUrl":"https:\/\/strangercam.com\/wp-content\/uploads\/2020\/11\/cropped-new-favicon-black.png","width":512,"height":512,"caption":"Strangercam"},"image":{"@id":"https:\/\/strangercam.com\/#\/schema\/logo\/image\/"},"sameAs":["https:\/\/www.facebook.com\/strangercam","https:\/\/x.com\/strangercamapp"]}]}},"_links":{"self":[{"href":"https:\/\/strangercam.com\/de\/wp-json\/wp\/v2\/pages\/12839","targetHints":{"allow":["GET"]}}],"collection":[{"href":"https:\/\/strangercam.com\/de\/wp-json\/wp\/v2\/pages"}],"about":[{"href":"https:\/\/strangercam.com\/de\/wp-json\/wp\/v2\/types\/page"}],"author":[{"embeddable":true,"href":"https:\/\/strangercam.com\/de\/wp-json\/wp\/v2\/users\/6"}],"replies":[{"embeddable":true,"href":"https:\/\/strangercam.com\/de\/wp-json\/wp\/v2\/comments?post=12839"}],"version-history":[{"count":1,"href":"https:\/\/strangercam.com\/de\/wp-json\/wp\/v2\/pages\/12839\/revisions"}],"predecessor-version":[{"id":12840,"href":"https:\/\/strangercam.com\/de\/wp-json\/wp\/v2\/pages\/12839\/revisions\/12840"}],"wp:attachment":[{"href":"https:\/\/strangercam.com\/de\/wp-json\/wp\/v2\/media?parent=12839"}],"curies":[{"name":"wp","href":"https:\/\/api.w.org\/{rel}","templated":true}]}}