{"id":12830,"date":"2025-05-14T09:17:21","date_gmt":"2025-05-14T07:17:21","guid":{"rendered":"https:\/\/strangercam.com\/?page_id=12830"},"modified":"2025-05-14T09:17:21","modified_gmt":"2025-05-14T07:17:21","slug":"yubo","status":"publish","type":"page","link":"https:\/\/strangercam.com\/de\/yubo\/","title":{"rendered":"Yubo"},"content":{"rendered":"<p>Yubo wird von vielen als \"Tinder trifft Snapchat\" mit einer kr\u00e4ftigen Prise Livestreaming beschrieben. Yubo ist auf j\u00fcngere Nutzer zugeschnitten - insbesondere auf die Generation Z -, die sich in Echtzeit mit Menschen aus aller Welt verbinden, streamen und austauschen m\u00f6chten.<\/p>\n<p>Ob Sie sie nun als Yubo, Yubo Live oder yubo.live kennen, die Plattform hat sich schnell zu einer der weltweit f\u00fchrenden Social Discovery Apps entwickelt. Aber ist sie sicher? Wer nutzt sie wirklich? Und wie steht sie im Vergleich zu anderen Plattformen im Video <a href=\"https:\/\/strangercam.com\/de\/chathub\/\">Chat<\/a> und Livestreaming <a href=\"https:\/\/strangercam.com\/de\/mocospace\/\">Raum<\/a>?<\/p>\n<p>In diesem ausf\u00fchrlichen Testbericht erkl\u00e4ren wir Ihnen, was Yubo ist, welche Funktionen es bietet, wie es funktioniert, f\u00fcr wen es geeignet ist und ob es Ihre Zeit im Jahr 2025 wert ist.<\/p>\n<h2>Was ist Yubo?<\/h2>\n<p>Yubo ist eine soziale Entdeckungs- und Live-Streaming-App, die sich an junge Menschen (haupts\u00e4chlich im Alter von 13 bis 25 Jahren) richtet, um <a href=\"https:\/\/strangercam.com\/de\/coomeet\/\">treffen<\/a> neue Freunde finden, an Gruppen-Livestreams teilnehmen und per Text oder Video chatten. Es wurde 2015 in Frankreich eingef\u00fchrt und hat sich seitdem zu einem weltweiten Erfolg mit \u00fcber 60 Millionen Nutzern in mehr als 140 L\u00e4ndern entwickelt.<\/p>\n<p>Das Besondere an Yubo ist, dass es sich nicht um eine Dating-App handelt - auch wenn es sich so anf\u00fchlt. Stattdessen positioniert sich Yubo als Plattform zum Kn\u00fcpfen von Freundschaften, die auf Echtzeit-Verbindungen und Community-Engagement ausgelegt ist. Sie verbindet Funktionen von sozialen Medien, Live-Videos und zuf\u00e4lligen Matchups auf eine Art und Weise, die sich authentisch und unterhaltsam anf\u00fchlt, insbesondere f\u00fcr die Generation Z.<\/p>\n<h2>Was ist der Zweck von Yubo?<\/h2>\n<p>Das Ziel von Yubo ist es, dass sich das Kennenlernen neuer Leute im Internet nat\u00fcrlich, sicher und unterhaltsam anf\u00fchlt, ohne den Druck von Likes, Followern oder kuratierten Profilen. Anstatt dem Influencer-Status hinterherzujagen, ermutigt Yubo die Nutzer, in Echtzeit sozial zu sein - denken Sie an Gruppen-Videochats, zwanglose Treffen und zuf\u00e4lliges Swipen, um andere zu entdecken.<\/p>\n<p>Der Schwerpunkt liegt auf der Interaktion mit Freunden, nicht auf Dating oder der Erstellung von Inhalten. Das ist ein gro\u00dfer Unterschied zu Plattformen wie TikTok oder Instagram, wo der Fokus auf Leistung und Sichtbarkeit liegt. Auf Yubo taucht man live auf, redet und verbindet sich - keine Filter, keine Follower, kein Druck.<\/p>\n<p>Es ist am besten geeignet f\u00fcr:<\/p>\n<ul>\n<li>Jugendliche und junge Erwachsene, die ihren sozialen Kreis erweitern m\u00f6chten<\/li>\n<li>Personen, die gerne Livestreaming betreiben oder sich an Videogruppenchats beteiligen<\/li>\n<li>Nutzer, die eine echte Konversation w\u00fcnschen, statt passiv zu scrollen<\/li>\n<\/ul>\n<h2>Wesentliche Merkmale<\/h2>\n<p>1. Live-Gruppen-Streaming<br \/>\nDie wichtigste Funktion von Yubo ist das Gruppen-Livestreaming. Die Nutzer k\u00f6nnen mit bis zu 10 Personen auf dem Bildschirm live gehen, w\u00e4hrend andere zusehen, kommentieren und um Teilnahme bitten k\u00f6nnen. Diese Streams sind zwanglos - oft nur Leute, die chatten, Musik spielen oder abh\u00e4ngen.<\/p>\n<p>2. Streichen, um Freunde zu finden<br \/>\n\u00c4hnlich wie Dating-Apps verwendet Yubo eine Wischfunktion, um neue Leute zu entdecken. Wischen Sie nach rechts, um sich zu verbinden, wischen Sie nach links, um abzulehnen. Aber anders als bei Tinder liegt der Schwerpunkt nicht auf der Partnersuche. Das Ziel ist es, einen Chat zu starten, nicht ein romantisches Profil zu erstellen.<\/p>\n<p>3. Chat und Videoanrufe in Echtzeit<br \/>\nSobald Sie eine Person gefunden haben, k\u00f6nnen Sie einen Text-Chat oder einen privaten Videoanruf starten. Diese Unterhaltungen sind zwanglos und f\u00fchren oft zu l\u00e4ngeren Interaktionen oder Einladungen zu Gruppenstreams.<\/p>\n<p>4. Interessen und Tag-Matching<br \/>\nBei Yubo k\u00f6nnen Nutzer Interessen ausw\u00e4hlen (z. B. Mode, Spiele, Anime, Fitness, Reisen), die ihnen helfen, ihren Swipe-Feed und ihre Empfehlungen anzupassen. Diese kleine Ebene des Matchings verbessert die Qualit\u00e4t der Verbindungen und hilft den Nutzern, Gleichgesinnte zu finden.<\/p>\n<p>5. Gemeinschaften und Themenstr\u00f6me<br \/>\nNutzer k\u00f6nnen sich je nach Standort oder Interesse an Community-Livestreams beteiligen. Denken Sie an \"New York Teens Chat\", \"Anime-Fans\" oder \"Study Room\" - diese Bereiche bringen Nutzer mit gemeinsamen Hobbys oder demografischen Merkmalen f\u00fcr themenbezogene Treffs zusammen.<\/p>\n<p>6. Yubo Power Pack (Premiumfunktionen)<br \/>\nYubo bietet eine Reihe von kostenpflichtigen Funktionen, die die Sichtbarkeit und Reichweite erh\u00f6hen. Diese umfassen:<\/p>\n<ul>\n<li>Boosts zur F\u00f6rderung Ihres Profils<\/li>\n<li>Spult zur\u00fcck, um einen Wisch r\u00fcckg\u00e4ngig zu machen<\/li>\n<li>Spotlight wird auf mehr Feeds erscheinen<\/li>\n<li>Ghost Mode zum unsichtbaren Surfen<\/li>\n<\/ul>\n<p>7. Altersabh\u00e4ngige Segmentierung<br \/>\nYubo trennt die Nutzer nach Altersgruppen - 13-17 und 18+ - um Minderj\u00e4hrige zu sch\u00fctzen und altersgem\u00e4\u00dfe Interaktionen zu gew\u00e4hrleisten. Die Nutzer k\u00f6nnen nicht \u00fcber diese Altersgrenzen hinweg interagieren, und die Moderation ist in den Gruppen f\u00fcr Minderj\u00e4hrige strenger.<\/p>\n<p>8. Sicherheits- und Moderationstools<br \/>\nYubo nutzt KI-gesteuerte Moderation, Echtzeit-Scans von Inhalten, Gesichtserkennung f\u00fcr die Altersverifizierung und Community-Reporting-Tools, um eine sichere Umgebung zu gew\u00e4hrleisten. Es gibt auch eine menschliche Moderation f\u00fcr Livestreams und sensible F\u00e4lle.<\/p>\n<p>9. Profilanpassung<br \/>\nDie Nutzer k\u00f6nnen Fotos hochladen, Lebensl\u00e4ufe hinzuf\u00fcgen und ihre Interessen pr\u00e4sentieren. Der Schwerpunkt liegt jedoch weiterhin auf der Interaktion und nicht auf dem Aufbau einer ausgefeilten Online-Pers\u00f6nlichkeit.<\/p>\n<h2>Ist Yubo kostenlos?<\/h2>\n<p>Ja, Yubo kann kostenlos heruntergeladen und genutzt werden, und die meisten Kernfunktionen - wie Swiping, Livestreams und Chat - sind kostenlos verf\u00fcgbar. Allerdings monetarisiert die App durch In-App-K\u00e4ufe, wie z. B.:<\/p>\n<ul>\n<li>Yubo Power Pack (Wochen-, Monats- oder Jahrespl\u00e4ne)<\/li>\n<li>Boosts und Spotlights<\/li>\n<li>Swipe Packs und Verg\u00fcnstigungen zur Profilanpassung<\/li>\n<\/ul>\n<p>Premium-Funktionen sind optional, k\u00f6nnen aber dazu beitragen, dass sich die Nutzer in einer stark frequentierten App-Umgebung abheben. Die meisten Gelegenheitsnutzer werden kein Geld ausgeben m\u00fcssen, aber aktivere oder ehrgeizigere Nutzer k\u00f6nnen sich f\u00fcr Upgrades entscheiden.<\/p>\n<h2>Wer benutzt Yubo?<\/h2>\n<p>Die Zielgruppe von Yubo ist die Generation Z, insbesondere Teenager und junge Erwachsene zwischen 13 und 25 Jahren. Es ist nicht f\u00fcr ein \u00e4lteres Publikum konzipiert und setzt eine strenge Alterssegmentierung durch, um sichere Interaktionen innerhalb von Peer-Gruppen zu gew\u00e4hrleisten.<\/p>\n<p>Wichtige demografische Daten:<\/p>\n<ul>\n<li>Alter: 13-25<\/li>\n<li>Geschlecht: Ziemlich ausgewogen, aber Swiper und private Chatter sind eher m\u00e4nnlich<\/li>\n<li>Standorte: USA, Gro\u00dfbritannien, Kanada, Frankreich, Brasilien, Australien, Deutschland und S\u00fcdostasien<\/li>\n<\/ul>\n<p>Es ist besonders beliebt bei:<\/p>\n<ul>\n<li>Teenager, die neue Freundschaften au\u00dferhalb der Schule oder der lokalen Gemeinschaft suchen<\/li>\n<li>Junge Erwachsene erkunden soziale Videos als Alternative zu Dating-Apps<\/li>\n<li>Sch\u00f6pfer, die Live-Interaktion der Ver\u00f6ffentlichung von Videos vorziehen<\/li>\n<\/ul>\n<h2>Sicherheit, Datenschutz und Moderation<\/h2>\n<p>Yubo hat in der Vergangenheit Kritik an der Sicherheit von Minderj\u00e4hrigen und der Moderation von Inhalten ge\u00fcbt. Als Reaktion darauf hat das Unternehmen stark in die Sicherheit der Nutzer investiert, unter anderem:<\/p>\n<ul>\n<li>Live-KI-Moderation: Yubo scannt Texte, Videos und Bilder in Echtzeit, um unangemessene Inhalte zu erkennen.<\/li>\n<li>Gesichtserkennung: Erforderlich f\u00fcr die Alters\u00fcberpr\u00fcfung, um zu verhindern, dass Erwachsene in Bereiche gelangen, die nur Jugendlichen vorbehalten sind.<\/li>\n<li>Community-Meldungen: Nutzer k\u00f6nnen unangemessenes Verhalten, Nacktheit, Bel\u00e4stigung oder gef\u00e4lschte Konten einfach melden.<\/li>\n<li>Getrennte Altersgruppen: Nutzer zwischen 13 und 17 Jahren k\u00f6nnen keine Nutzer \u00fcber 18 Jahren kontaktieren.<\/li>\n<li>\u00dcberpr\u00fcfte Konten: Die Nutzer k\u00f6nnen ihre Identit\u00e4t verifizieren, um Vertrauen zu schaffen.<\/li>\n<\/ul>\n<p>Obwohl keine Plattform perfekt ist, gilt Yubo dank seiner proaktiven Moderation und transparenten Community-Standards als eine der sichersten sozialen Apps f\u00fcr j\u00fcngere Nutzer. Eltern sollten die Nutzung der Plattform durch j\u00fcngere Teenager immer noch \u00fcberwachen, aber f\u00fcr Nutzer ab 18 Jahren ist die Erfahrung vergleichbar mit anderen sozialen Mainstream-Apps.<\/p>\n<h2>Benutzererfahrung und Schnittstelle<\/h2>\n<p>Die Benutzeroberfl\u00e4che von Yubo ist sauber, minimalistisch und eindeutig f\u00fcr die mobile Nutzung konzipiert. Die Navigation ist intuitiv, das Swipen geht schnell, und um live zu gehen, braucht man nur ein paar Fingertipps. Die App konzentriert sich auf Echtzeit-Verbindungen und nicht auf das Durchsuchen von Profilen, was der Art und Weise entspricht, in der die Generation Z am liebsten kommuniziert.<\/p>\n<p>Farbenfrohe Grafiken, flie\u00dfende \u00dcberg\u00e4nge und verspielte Symbole sorgen f\u00fcr ein ansprechendes Erlebnis, ohne \u00fcberw\u00e4ltigend zu wirken. Es gibt keine Feeds, Stories oder endlose Inhalte zum Scrollen - alles f\u00fchrt zu Live- oder Echtzeit-Interaktion.<\/p>\n<p>Selbst auf langsameren Ger\u00e4ten oder Netzwerken ist die Leistung solide, obwohl Gruppenstreams eine hohe Bandbreite erfordern k\u00f6nnen. Die App ist f\u00fcr iOS und Android verf\u00fcgbar, mit eingeschr\u00e4nkter Funktionalit\u00e4t auf dem Desktop.<\/p>\n<h2>Yubo im Vergleich zu anderen Plattformen<\/h2>\n<p>Mal sehen, wie Yubo im Vergleich zu anderen sozialen Live- und Video-Chat-Apps abschneidet:<\/p>\n<table>\n<thead>\n<tr>\n<th>Merkmal<\/th>\n<th>Yubo<\/th>\n<th>Bigo Live<\/th>\n<th>ChatMatch<\/th>\n<th><a href=\"https:\/\/strangercam.com\/de\/omegle\/\">Omegle<\/a><\/th>\n<th>Snapchat<\/th>\n<\/tr>\n<\/thead>\n<tbody>\n<tr>\n<td>Live-Streaming (Gruppe)<\/td>\n<td>Ja<\/td>\n<td>Ja<\/td>\n<td>Nein<\/td>\n<td>Nein<\/td>\n<td>Ja<\/td>\n<\/tr>\n<tr>\n<td>Alterssegmentierung<\/td>\n<td>Ja<\/td>\n<td>Nein<\/td>\n<td>Nein<\/td>\n<td>Nein<\/td>\n<td>Nein<\/td>\n<\/tr>\n<tr>\n<td>Wischen zum Anpassen<\/td>\n<td>Ja<\/td>\n<td>Nein<\/td>\n<td>Ja<\/td>\n<td>Nein<\/td>\n<td>Nein<\/td>\n<\/tr>\n<tr>\n<td>1-on-1 Video-Chat<\/td>\n<td>Ja<\/td>\n<td>Ja<\/td>\n<td>Ja<\/td>\n<td>Ja<\/td>\n<td>Ja<\/td>\n<\/tr>\n<tr>\n<td>Gemeinschaften &amp; Interessen<\/td>\n<td>Ja<\/td>\n<td>Nein<\/td>\n<td>Teilweise<\/td>\n<td>Nein<\/td>\n<td>Ja<\/td>\n<\/tr>\n<tr>\n<td>Sicherheit Moderation<\/td>\n<td>Stark<\/td>\n<td>M\u00e4\u00dfig<\/td>\n<td>M\u00e4\u00dfig<\/td>\n<td>Schwach<\/td>\n<td>M\u00e4\u00dfig<\/td>\n<\/tr>\n<tr>\n<td>Monetarisierungsoptionen<\/td>\n<td>Ja<\/td>\n<td>Ja<\/td>\n<td>Ja<\/td>\n<td>Nein<\/td>\n<td>Ja<\/td>\n<\/tr>\n<tr>\n<td>Zielpublikum<\/td>\n<td>Generation Z<\/td>\n<td>Allgemein<\/td>\n<td>18+ Singles<\/td>\n<td>Allgemein<\/td>\n<td>Teenager &amp; Gen Z<\/td>\n<\/tr>\n<\/tbody>\n<\/table>\n<h2>Pro und Kontra<\/h2>\n<p>Vorteile:<\/p>\n<ul>\n<li>Speziell f\u00fcr die Generation Z und junge Erwachsene entwickelt<\/li>\n<li>Livestreaming ist einfach und interaktiv<\/li>\n<li>Mit Swipe-to-match macht das Entdecken von Freunden Spa\u00df<\/li>\n<li>Strenge Moderations- und Alterskontrollen<\/li>\n<li>Interessenabgleich hilft bei der Verbesserung der Chatqualit\u00e4t<\/li>\n<li>Schnelles, sauberes, mobilit\u00e4tsorientiertes Erlebnis<\/li>\n<\/ul>\n<p>Nachteile:<\/p>\n<ul>\n<li>Nicht ideal f\u00fcr Benutzer \u00fcber 25<\/li>\n<li>Einige In-App-K\u00e4ufe k\u00f6nnen aggressiv wirken<\/li>\n<li>Erfordert Gesichtserkennung f\u00fcr vollen Zugang<\/li>\n<li>Nicht auf dem Desktop verf\u00fcgbar<\/li>\n<li>Gelegentliches unreifes Verhalten in \u00f6ffentlichen R\u00e4umen<\/li>\n<\/ul>\n<h2>Ideale Anwendungsf\u00e4lle<\/h2>\n<p>Yubo ist gro\u00dfartig f\u00fcr:<\/p>\n<ul>\n<li>Teenager und junge Erwachsene, die neue Online-Freundschaften suchen<\/li>\n<li>Nutzer, die zwanglose Gruppen-Videochats und Livestreaming mit geringem Druck w\u00fcnschen<\/li>\n<li>Soziale Entdecker, die gerne Menschen aus aller Welt kennenlernen<\/li>\n<li>Fans der Echtzeit-Interaktion \u00fcber die Erstellung von Inhalten<\/li>\n<\/ul>\n<p>Yubo ist nicht ideal f\u00fcr:<\/p>\n<ul>\n<li>Erwachsene au\u00dferhalb der Gen Z-Demografie<\/li>\n<li>Nutzer, die einen privaten, anonymen Videochat suchen<\/li>\n<li>Menschen, die nach langen Inhalten oder kuratierten sozialen Feeds suchen<\/li>\n<\/ul>\n<h2>Endg\u00fcltiges Urteil<\/h2>\n<p>Yubo ist eine herausragende soziale Video-App f\u00fcr die Generation Z im Jahr 2025. Sie bietet eine neue Alternative zu den traditionellen sozialen Medien, indem sie sich auf Echtzeit-Interaktion, Freundschaftsverbindungen und Live-Gruppen-Engagement konzentriert. Mit starker Moderation, Alterssegmentierung und einem \"Swipe-to-Match\"-System wirkt sie wie eine moderne, sichere Weiterentwicklung von Apps wie Omegle oder <a href=\"https:\/\/strangercam.com\/de\/chatroulette\/\">Chatroulette<\/a>.<\/p>\n<p>F\u00fcr seine Zielgruppe - jung, sozial und mobilaffin - h\u00e4lt Yubo genau das, was es verspricht: eine unterhaltsame, gemeinschaftsorientierte Live-Plattform, auf der man neue Leute kennenlernen und in Echtzeit abh\u00e4ngen kann.<\/p>\n<p>Wenn Sie zwischen 13 und 25 Jahre alt sind und \u00fcber Ihren bisherigen Bekanntenkreis hinaus Kontakte kn\u00fcpfen m\u00f6chten, sollten Sie Yubo unbedingt ausprobieren.<\/p>","protected":false},"excerpt":{"rendered":"<p>Yubo is described by many as \u201cTinder meets Snapchat\u201d with a heavy dash of livestreaming, Yubo is tailored for younger users \u2014 specifically Gen Z \u2014 who want to connect, stream, and socialize in real time with people from around the world. Whether you know it as Yubo, Yubo Live, or yubo.live, the platform has [&hellip;]<\/p>\n","protected":false},"author":6,"featured_media":0,"parent":0,"menu_order":0,"comment_status":"closed","ping_status":"closed","template":"","meta":{"footnotes":""},"class_list":["post-12830","page","type-page","status-publish","hentry"],"yoast_head":"<!-- This site is optimized with the Yoast SEO plugin v27.4 - https:\/\/yoast.com\/product\/yoast-seo-wordpress\/ -->\n<title>Yubo - Make new friends with chat on StrangerCam.com<\/title>\n<meta name=\"description\" content=\"Like Yubo? Come chat with more than 5.000.000 strangers on Stranger Cam for Free! Turn on your cam and find new friends &amp; maby a match!\" \/>\n<meta name=\"robots\" content=\"index, follow, max-snippet:-1, max-image-preview:large, max-video-preview:-1\" \/>\n<link rel=\"canonical\" href=\"https:\/\/strangercam.com\/de\/yubo\/\" \/>\n<meta property=\"og:locale\" content=\"de_DE\" \/>\n<meta property=\"og:type\" content=\"article\" \/>\n<meta property=\"og:title\" content=\"Yubo - Make new friends with chat on StrangerCam.com\" \/>\n<meta property=\"og:description\" content=\"Like Yubo? Come chat with more than 5.000.000 strangers on Stranger Cam for Free! Turn on your cam and find new friends &amp; maby a match!\" \/>\n<meta property=\"og:url\" content=\"https:\/\/strangercam.com\/de\/yubo\/\" \/>\n<meta property=\"og:site_name\" content=\"Strangercam\" \/>\n<meta property=\"article:publisher\" content=\"https:\/\/www.facebook.com\/strangercam\" \/>\n<meta property=\"og:image\" content=\"https:\/\/strangercam.com\/wp-content\/uploads\/2021\/10\/Untitled-2.png\" \/>\n\t<meta property=\"og:image:width\" content=\"800\" \/>\n\t<meta property=\"og:image:height\" content=\"532\" \/>\n\t<meta property=\"og:image:type\" content=\"image\/png\" \/>\n<meta name=\"twitter:card\" content=\"summary_large_image\" \/>\n<meta name=\"twitter:site\" content=\"@strangercamapp\" \/>\n<meta name=\"twitter:label1\" content=\"Gesch\u00e4tzte Lesezeit\" \/>\n\t<meta name=\"twitter:data1\" content=\"7\u00a0Minuten\" \/>\n<script type=\"application\/ld+json\" class=\"yoast-schema-graph\">{\"@context\":\"https:\\\/\\\/schema.org\",\"@graph\":[{\"@type\":\"WebPage\",\"@id\":\"https:\\\/\\\/strangercam.com\\\/yubo\\\/\",\"url\":\"https:\\\/\\\/strangercam.com\\\/yubo\\\/\",\"name\":\"Yubo - Make new friends with chat on StrangerCam.com\",\"isPartOf\":{\"@id\":\"https:\\\/\\\/strangercam.com\\\/#website\"},\"datePublished\":\"2025-05-14T07:17:21+00:00\",\"description\":\"Like Yubo? Come chat with more than 5.000.000 strangers on Stranger Cam for Free! Turn on your cam and find new friends & maby a match!\",\"breadcrumb\":{\"@id\":\"https:\\\/\\\/strangercam.com\\\/yubo\\\/#breadcrumb\"},\"inLanguage\":\"de\",\"potentialAction\":[{\"@type\":\"ReadAction\",\"target\":[\"https:\\\/\\\/strangercam.com\\\/yubo\\\/\"]}]},{\"@type\":\"BreadcrumbList\",\"@id\":\"https:\\\/\\\/strangercam.com\\\/yubo\\\/#breadcrumb\",\"itemListElement\":[{\"@type\":\"ListItem\",\"position\":1,\"name\":\"Home\",\"item\":\"https:\\\/\\\/strangercam.com\\\/\"},{\"@type\":\"ListItem\",\"position\":2,\"name\":\"Yubo\"}]},{\"@type\":\"WebSite\",\"@id\":\"https:\\\/\\\/strangercam.com\\\/#website\",\"url\":\"https:\\\/\\\/strangercam.com\\\/\",\"name\":\"Strangercam\",\"description\":\"Random Video Chat with Strangers\",\"publisher\":{\"@id\":\"https:\\\/\\\/strangercam.com\\\/#organization\"},\"alternateName\":\"Strangercam.com\",\"potentialAction\":[{\"@type\":\"SearchAction\",\"target\":{\"@type\":\"EntryPoint\",\"urlTemplate\":\"https:\\\/\\\/strangercam.com\\\/?s={search_term_string}\"},\"query-input\":{\"@type\":\"PropertyValueSpecification\",\"valueRequired\":true,\"valueName\":\"search_term_string\"}}],\"inLanguage\":\"de\"},{\"@type\":\"Organization\",\"@id\":\"https:\\\/\\\/strangercam.com\\\/#organization\",\"name\":\"Strangercam\",\"alternateName\":\"Strangercam.com\",\"url\":\"https:\\\/\\\/strangercam.com\\\/\",\"logo\":{\"@type\":\"ImageObject\",\"inLanguage\":\"de\",\"@id\":\"https:\\\/\\\/strangercam.com\\\/#\\\/schema\\\/logo\\\/image\\\/\",\"url\":\"https:\\\/\\\/strangercam.com\\\/wp-content\\\/uploads\\\/2020\\\/11\\\/cropped-new-favicon-black.png\",\"contentUrl\":\"https:\\\/\\\/strangercam.com\\\/wp-content\\\/uploads\\\/2020\\\/11\\\/cropped-new-favicon-black.png\",\"width\":512,\"height\":512,\"caption\":\"Strangercam\"},\"image\":{\"@id\":\"https:\\\/\\\/strangercam.com\\\/#\\\/schema\\\/logo\\\/image\\\/\"},\"sameAs\":[\"https:\\\/\\\/www.facebook.com\\\/strangercam\",\"https:\\\/\\\/x.com\\\/strangercamapp\"]}]}<\/script>\n<!-- \/ Yoast SEO plugin. -->","yoast_head_json":{"title":"Yubo - Finde neue Freunde mit Chat auf StrangerCam.com","description":"Magst du Yubo? Komm und chatte mit mehr als 5.000.000 Fremden auf Stranger Cam - kostenlos! Schalte deine Kamera ein und finde neue Freunde und vielleicht einen Partner!","robots":{"index":"index","follow":"follow","max-snippet":"max-snippet:-1","max-image-preview":"max-image-preview:large","max-video-preview":"max-video-preview:-1"},"canonical":"https:\/\/strangercam.com\/de\/yubo\/","og_locale":"de_DE","og_type":"article","og_title":"Yubo - Make new friends with chat on StrangerCam.com","og_description":"Like Yubo? Come chat with more than 5.000.000 strangers on Stranger Cam for Free! Turn on your cam and find new friends & maby a match!","og_url":"https:\/\/strangercam.com\/de\/yubo\/","og_site_name":"Strangercam","article_publisher":"https:\/\/www.facebook.com\/strangercam","og_image":[{"width":800,"height":532,"url":"https:\/\/strangercam.com\/wp-content\/uploads\/2021\/10\/Untitled-2.png","type":"image\/png"}],"twitter_card":"summary_large_image","twitter_site":"@strangercamapp","twitter_misc":{"Gesch\u00e4tzte Lesezeit":"7\u00a0Minuten"},"schema":{"@context":"https:\/\/schema.org","@graph":[{"@type":"WebPage","@id":"https:\/\/strangercam.com\/yubo\/","url":"https:\/\/strangercam.com\/yubo\/","name":"Yubo - Finde neue Freunde mit Chat auf StrangerCam.com","isPartOf":{"@id":"https:\/\/strangercam.com\/#website"},"datePublished":"2025-05-14T07:17:21+00:00","description":"Magst du Yubo? Komm und chatte mit mehr als 5.000.000 Fremden auf Stranger Cam - kostenlos! Schalte deine Kamera ein und finde neue Freunde und vielleicht einen Partner!","breadcrumb":{"@id":"https:\/\/strangercam.com\/yubo\/#breadcrumb"},"inLanguage":"de","potentialAction":[{"@type":"ReadAction","target":["https:\/\/strangercam.com\/yubo\/"]}]},{"@type":"BreadcrumbList","@id":"https:\/\/strangercam.com\/yubo\/#breadcrumb","itemListElement":[{"@type":"ListItem","position":1,"name":"Home","item":"https:\/\/strangercam.com\/"},{"@type":"ListItem","position":2,"name":"Yubo"}]},{"@type":"WebSite","@id":"https:\/\/strangercam.com\/#website","url":"https:\/\/strangercam.com\/","name":"Strangercam","description":"Zuf\u00e4lliger Video-Chat mit Fremden","publisher":{"@id":"https:\/\/strangercam.com\/#organization"},"alternateName":"Strangercam.com","potentialAction":[{"@type":"SearchAction","target":{"@type":"EntryPoint","urlTemplate":"https:\/\/strangercam.com\/?s={search_term_string}"},"query-input":{"@type":"PropertyValueSpecification","valueRequired":true,"valueName":"search_term_string"}}],"inLanguage":"de"},{"@type":"Organization","@id":"https:\/\/strangercam.com\/#organization","name":"Strangercam","alternateName":"Strangercam.com","url":"https:\/\/strangercam.com\/","logo":{"@type":"ImageObject","inLanguage":"de","@id":"https:\/\/strangercam.com\/#\/schema\/logo\/image\/","url":"https:\/\/strangercam.com\/wp-content\/uploads\/2020\/11\/cropped-new-favicon-black.png","contentUrl":"https:\/\/strangercam.com\/wp-content\/uploads\/2020\/11\/cropped-new-favicon-black.png","width":512,"height":512,"caption":"Strangercam"},"image":{"@id":"https:\/\/strangercam.com\/#\/schema\/logo\/image\/"},"sameAs":["https:\/\/www.facebook.com\/strangercam","https:\/\/x.com\/strangercamapp"]}]}},"_links":{"self":[{"href":"https:\/\/strangercam.com\/de\/wp-json\/wp\/v2\/pages\/12830","targetHints":{"allow":["GET"]}}],"collection":[{"href":"https:\/\/strangercam.com\/de\/wp-json\/wp\/v2\/pages"}],"about":[{"href":"https:\/\/strangercam.com\/de\/wp-json\/wp\/v2\/types\/page"}],"author":[{"embeddable":true,"href":"https:\/\/strangercam.com\/de\/wp-json\/wp\/v2\/users\/6"}],"replies":[{"embeddable":true,"href":"https:\/\/strangercam.com\/de\/wp-json\/wp\/v2\/comments?post=12830"}],"version-history":[{"count":1,"href":"https:\/\/strangercam.com\/de\/wp-json\/wp\/v2\/pages\/12830\/revisions"}],"predecessor-version":[{"id":12831,"href":"https:\/\/strangercam.com\/de\/wp-json\/wp\/v2\/pages\/12830\/revisions\/12831"}],"wp:attachment":[{"href":"https:\/\/strangercam.com\/de\/wp-json\/wp\/v2\/media?parent=12830"}],"curies":[{"name":"wp","href":"https:\/\/api.w.org\/{rel}","templated":true}]}}