{"id":12823,"date":"2025-05-01T22:41:55","date_gmt":"2025-05-01T20:41:55","guid":{"rendered":"https:\/\/strangercam.com\/?page_id=12823"},"modified":"2025-05-01T22:41:55","modified_gmt":"2025-05-01T20:41:55","slug":"bigo","status":"publish","type":"page","link":"https:\/\/strangercam.com\/de\/bigo\/","title":{"rendered":"Bigo"},"content":{"rendered":"<p>In der wachsenden Beliebtheit von Online-Videoplattformen hat ein Name in den letzten Jahren weltweit stark an Popularit\u00e4t gewonnen: Bigo Live. Diese Plattform, die auch einfach als Bigo oder Bigo TV bekannt ist, ist weit mehr als nur ein beliebiger Chat-Dienst. Es handelt sich um eine vollwertige soziale Live-Streaming-App, die Video\u00fcbertragungen, Echtzeit-Interaktion, die Monetarisierung von Influencern und - ja - den Video-Chat unter vier Augen miteinander verbindet.<\/p>\n<p>Mit Millionen von t\u00e4glich aktiven Nutzern und einem starken Fokus auf Unterhaltung und sozialer Interaktion ist Bigo Live nicht nur in S\u00fcdostasien, sondern auf der ganzen Welt ein wichtiger Akteur geworden. Aber ist es nur ein weiterer TikTok-Klon mit einer Chat-Funktion, oder steckt mehr dahinter?<\/p>\n<p>In diesem ausf\u00fchrlichen Testbericht gehen wir auf alles ein, was Bigo Live zu bieten hat - wie es funktioniert, welche Funktionen es auszeichnen, f\u00fcr wen es geeignet ist, wie das Monetarisierungssystem funktioniert und wie es im Vergleich zu anderen Video-Chat- oder Streaming-Apps abschneidet.<\/p>\n<h2>Was ist Bigo Live?<\/h2>\n<p>Bigo Live ist eine Live-Streaming- und Social-Networking-Plattform, auf der Benutzer sich selbst in Echtzeit \u00fcbertragen, mit dem Publikum per Live-Chat interagieren, Multi-User-Videostreams veranstalten und sogar Einzelgespr\u00e4che f\u00fchren k\u00f6nnen. <a href=\"https:\/\/strangercam.com\/de\/bazoocam\/\">Nocken<\/a> Anrufe mit Fans oder Fremden. Es wurde 2016 von dem in Singapur ans\u00e4ssigen Unternehmen BIGO Technology eingef\u00fchrt, das jetzt eine Tochtergesellschaft des chinesischen Technologieunternehmens JOYY Inc. ist.<\/p>\n<p>Bigo Live ist als mobile App f\u00fcr Android und iOS erh\u00e4ltlich und verf\u00fcgt auch \u00fcber eine browserbasierte Version. Sie unterst\u00fctzt eine breite Palette von Aktivit\u00e4ten:<\/p>\n<ul>\n<li>Live-\u00dcbertragungen (Unterhaltung, Gesang, Spiele, Vlogging)<\/li>\n<li>Gruppen-Video-Chatr\u00e4ume<\/li>\n<li>1-on-1-Videoanrufe<\/li>\n<li>PK Battles (Streamer-gegen-Streamer-Wettbewerbe)<\/li>\n<li>Virtuelles Schenken und Monetarisierung von K\u00fcnstlern<\/li>\n<\/ul>\n<p>Das Besondere an der Bigo ist, dass sie die Vorteile von Social Media, Live-Streaming und Cam-to-Cam-Videointeraktion in einer einzigen Plattform vereint.<\/p>\n<h2>Was ist der Zweck von Bigo Live?<\/h2>\n<p>Der Hauptzweck von Bigo Live besteht darin, eine Echtzeit-Unterhaltung und ein soziales Erlebnis von Angesicht zu Angesicht zu schaffen. Es handelt sich nicht um eine reine Videochat-Plattform wie <a href=\"https:\/\/strangercam.com\/de\/omegle\/\">Omegle<\/a> oder <a href=\"https:\/\/strangercam.com\/de\/chatroulette\/\">Chatroulette<\/a> - Es ist eher eine Mischung aus Twitch und Instagram Live, aber mit zus\u00e4tzlichen Tools zur pers\u00f6nlichen Interaktion.<\/p>\n<p>Es ist f\u00fcr:<\/p>\n<ul>\n<li>Sch\u00f6pfer, die live streamen und eine Fangemeinde aufbauen wollen<\/li>\n<li>Zuschauer, die gerne Gelegenheits- oder Talent-Streams sehen<\/li>\n<li>Benutzer, die <a href=\"https:\/\/strangercam.com\/de\/coomeet\/\">treffen<\/a> Menschen durch Live-Video statt durch Profil-Swipes<\/li>\n<li>Menschen, die mit Live-Auftritten, Chatten und Engagement Geld verdienen wollen<\/li>\n<\/ul>\n<p>Ob Sie nun zuschauen, senden, chatten oder Ihre Pr\u00e4senz monetarisieren m\u00f6chten, Bigo Live unterst\u00fctzt alle diese Anwendungsf\u00e4lle innerhalb einer einzigen Plattform.<\/p>\n<h2>Wesentliche Merkmale<\/h2>\n<p>1. Live-Streaming<br \/>\nDer Kern von Bigo Live ist die \u00f6ffentliche \u00dcbertragung. Jeder Nutzer kann einen Live-Videostream starten und die Zuschauer in Echtzeit unterhalten oder mit ihnen in Kontakt treten. Zu den beliebten Stream-Kategorien geh\u00f6ren Singen, Tanzen, Spielen, Kochen, Chatten, Sch\u00f6nheitstipps und gelegentliches Vlogging.<\/p>\n<p>2. Interaktion mit dem Betrachter in Echtzeit<br \/>\nDie Zuschauer k\u00f6nnen Live-Kommentare abgeben, virtuelle Geschenke senden oder um Teilnahme am Stream bitten. Das Engagement f\u00fchlt sich pers\u00f6nlich und ungefiltert an und schafft ein Gef\u00fchl der Gemeinschaft zwischen Machern und Fans.<\/p>\n<p>3. Virtuelle Geschenke &amp; Monetarisierung<br \/>\nZuschauer k\u00f6nnen Bigo Diamonds (In-App-W\u00e4hrung) kaufen, um virtuelle Geschenke an Streamer zu senden. Streamer verdienen echtes Geld, indem sie Geschenke in Beans umwandeln, die als Bargeld ausgezahlt werden k\u00f6nnen. Bigo hat sich zu einer legitimen Einkommensquelle f\u00fcr viele Vollzeitschaffende entwickelt.<\/p>\n<p>4. 1-on-1-Videoanrufe<br \/>\nNutzer k\u00f6nnen private Videoanrufe von Kamera zu Kamera initiieren. Diese werden oft f\u00fcr Fan-Interaktionen oder gelegentliches Chatten genutzt, erfordern aber manchmal die Ausgabe von In-App-W\u00e4hrung, um Zugang zu erhalten.<\/p>\n<p>5. Multi-Guest-Live-R\u00e4ume<br \/>\nStreamer k\u00f6nnen bis zu 9 Personen in einem Live-Raum beherbergen und so Gruppendiskussionen, Talentshows oder sogar Dating-Game-\u00e4hnliche Formate erm\u00f6glichen. Diese R\u00e4ume sind \u00f6ffentlich, k\u00f6nnen aber auch gesperrt oder auf Follower beschr\u00e4nkt werden.<\/p>\n<p>6. PK-Schlachten<br \/>\nDiese bei Streamern beliebte Funktion erm\u00f6glicht es zwei Sendern, in einem Live-Wettbewerb gegeneinander anzutreten, bei dem die Zuschauer abstimmen oder Geschenke schicken, um den Gewinner zu ermitteln.<\/p>\n<p>7. Level System &amp; Abzeichen<br \/>\nSowohl Streamer als auch Zuschauer verdienen Punkte und steigen je nach Aktivit\u00e4t auf. Nutzer mit h\u00f6herem Rang erhalten mehr Sichtbarkeit und Verg\u00fcnstigungen, was dem Erlebnis eine spielerische Ebene hinzuf\u00fcgt.<\/p>\n<p>8. Filter, Aufkleber und Versch\u00f6nerungswerkzeuge<br \/>\nWie TikTok oder Instagram bietet das Bigo Gesichtsfilter, AR-Effekte und Versch\u00f6nerungsoptionen, um das Erscheinungsbild der Kamera w\u00e4hrend Streams oder Chats zu verbessern.<\/p>\n<p>9. Standortbezogene Entdeckung<br \/>\nSie k\u00f6nnen Live-Streams von Nutzern in Ihrer N\u00e4he oder in bestimmten L\u00e4ndern erkunden, was es einfacher macht, lokale Inhalte zu finden oder Menschen aus bestimmten Regionen zu treffen.<\/p>\n<p>10. VIP-Mitgliedschaften<br \/>\nF\u00fcr Power-User und Superfans bietet Bigo abonnementbasierte VIP-Pakete mit zus\u00e4tzlichen Funktionen wie exklusiven Abzeichen, mehr Videoanruf-Credits und Profil-Boosts.<\/p>\n<h2>Ist Bigo Live kostenlos?<\/h2>\n<p>Bigo Live kann kostenlos heruntergeladen und genutzt werden. Das Anschauen von Live-Streams, das Chatten mit Streamern und das Durchsuchen von Profilen kostet nichts. Einige Funktionen sind jedoch kostenpflichtig:<\/p>\n<ul>\n<li>Virtuelle Geschenke: Diese erfordern den Kauf von Bigo-Diamanten mit echtem Geld.<\/li>\n<li>Private Videoanrufe: Einige Nutzer zahlen f\u00fcr den Zugang zu 1-on-1-Chats.<\/li>\n<li>Stufenaufstiege und VIP-Mitgliedschaften: Premium-Nutzer erhalten mehr Sichtbarkeit und Verg\u00fcnstigungen.<\/li>\n<\/ul>\n<p>Wenn Sie ein Gelegenheitszuschauer sind, k\u00f6nnen Sie das meiste von Bigo Live genie\u00dfen, ohne zu bezahlen. Aber f\u00fcr aktive Streamer oder Superfans sind Ausgaben \u00fcblich - und f\u00fcr manche sogar notwendig, um auf bestimmte Nutzer oder Funktionen zuzugreifen.<\/p>\n<h2>Wer nutzt Bigo Live?<\/h2>\n<p>Bigo Live hat eine riesige globale Nutzerbasis, mit besonders hohem Engagement in:<\/p>\n<ul>\n<li>S\u00fcdostasien (Indonesien, Thailand, Vietnam, Philippinen)<\/li>\n<li>Indien<\/li>\n<li>Naher Osten (Saudi-Arabien, \u00c4gypten)<\/li>\n<li>S\u00fcdamerika<\/li>\n<li>Teile von Europa und den Vereinigten Staaten<\/li>\n<\/ul>\n<p>Die Altersspanne auf der Plattform liegt in der Regel zwischen 18 und 35 Jahren, wobei die Geschlechterverteilung unter den Streamern recht ausgeglichen ist. Die Zuschauer sind jedoch eher m\u00e4nnlich, vor allem in den Streams, die sich auf den Chat konzentrieren oder auf Erwachsene ausgerichtet sind.<\/p>\n<p>Bigo appelliert an:<\/p>\n<ul>\n<li>Interpreten und Influencer, die sich live pr\u00e4sentieren m\u00f6chten<\/li>\n<li>Fans des sozialen Videochats, die eine Verbindung in Echtzeit w\u00fcnschen<\/li>\n<li>Zuschauer, die nach unterhaltsamen Live-Inhalten mit interaktiven Funktionen suchen<\/li>\n<li>Fans, die gerne Sch\u00f6pfer direkt unterst\u00fctzen<\/li>\n<\/ul>\n<h2>Sicherheit, Datenschutz und Moderation<\/h2>\n<p>Bei einer Plattform in der Gr\u00f6\u00dfenordnung von Bigo ist die Moderation eine gro\u00dfe Herausforderung - und das merkt man. Obwohl Bigo mehrere Tools zur F\u00f6rderung der Sicherheit implementiert hat, gibt es immer noch gelegentlich Probleme mit unangemessenen Inhalten, Betrug oder minderj\u00e4hrigen Nutzern.<\/p>\n<p>Bigo tr\u00e4gt zur Verbesserung der Sicherheit bei:<\/p>\n<ul>\n<li>Strenge Regeln gegen Inhalte f\u00fcr Erwachsene, Nacktheit und Hassreden<\/li>\n<li>Live-Moderation und KI-Scanning w\u00e4hrend der Streams<\/li>\n<li>Gepr\u00fcfte Streamer-Programme zur Gew\u00e4hrleistung der Vertrauensw\u00fcrdigkeit<\/li>\n<li>Tools f\u00fcr Benutzerberichte und -sperren<\/li>\n<li>Datenschutzkontrollen, um einzuschr\u00e4nken, wer Sie kontaktieren oder verfolgen kann<\/li>\n<\/ul>\n<p>Es ist jedoch erw\u00e4hnenswert:<\/p>\n<ul>\n<li>Inhalt f\u00fcr Erwachsene <em>immer noch<\/em> existiert, oft unter Umgehung der Vorschriften<\/li>\n<li>Bezahlte Videoanrufe k\u00f6nnen zu transaktionalen Interaktionen f\u00fchren<\/li>\n<li>Nicht alle Streamer sind die, die sie vorgeben zu sein<\/li>\n<li>Pers\u00f6nliche Daten sollten niemals in privaten Chats weitergegeben werden<\/li>\n<\/ul>\n<p>Bei verantwortungsbewusster Nutzung ist Bigo Live einigerma\u00dfen sicher, aber es ist immer noch am besten f\u00fcr Erwachsene geeignet, die die Risiken der Interaktion mit Fremden im Internet kennen.<\/p>\n<h2>Benutzererfahrung und Design<\/h2>\n<p>Bigo Live verf\u00fcgt \u00fcber eine farbenfrohe, moderne Benutzeroberfl\u00e4che, die f\u00fcr die mobile Nutzung konzipiert ist. Die Navigation ist intuitiv: Auf dem Startbildschirm finden Sie aktuelle Streams, Entdeckungs-Tabs und klare Symbole, um live zu gehen, zu chatten oder Nutzerprofile zu erkunden.<\/p>\n<p>Die App ist ger\u00e4te\u00fcbergreifend gut optimiert und verz\u00f6gert sich selbst bei stark frequentierten Streams kaum. Die Videoqualit\u00e4t ist solide, und die Verz\u00f6gerungen beim Chat sind minimal. Das Layout ist zwar optisch auff\u00e4llig, aber dennoch benutzerfreundlich und ansprechend.<\/p>\n<p>Die App von Bigo ist sozial, spielerisch und gemeinschaftsorientiert. F\u00fcr Ersteller sind die Tools klar gekennzeichnet und einfach zu verwalten. F\u00fcr die Betrachter f\u00fchlt sich die Plattform immersiv an, ohne \u00fcberw\u00e4ltigend zu sein.<\/p>\n<h2>Bigo Live im Vergleich zu anderen Plattformen<\/h2>\n<p>Mal sehen, wie Bigo im Vergleich zu \u00e4hnlichen Anwendungen abschneidet:<\/p>\n<table>\n<thead>\n<tr>\n<th>Merkmal<\/th>\n<th>Bigo Live<\/th>\n<th>TikTok Live<\/th>\n<th>Omegle<\/th>\n<th>Chatroulette<\/th>\n<th>YouNow<\/th>\n<\/tr>\n<\/thead>\n<tbody>\n<tr>\n<td>Live-Streaming<\/td>\n<td>Ja<\/td>\n<td>Ja<\/td>\n<td>Nein<\/td>\n<td>Nein<\/td>\n<td>Ja<\/td>\n<\/tr>\n<tr>\n<td>Random Video Chat mit Fremden<\/td>\n<td>Ja (1:1)<\/td>\n<td>Nein<\/td>\n<td>Ja<\/td>\n<td>Ja<\/td>\n<td>Nein<\/td>\n<\/tr>\n<tr>\n<td>Monetarisierung<\/td>\n<td>Ja<\/td>\n<td>Ja<\/td>\n<td>Nein<\/td>\n<td>Nein<\/td>\n<td>Ja<\/td>\n<\/tr>\n<tr>\n<td>In-App-W\u00e4hrung<\/td>\n<td>Ja<\/td>\n<td>Ja<\/td>\n<td>Nein<\/td>\n<td>Nein<\/td>\n<td>Ja<\/td>\n<\/tr>\n<tr>\n<td>Mobiloptimiert<\/td>\n<td>Ja<\/td>\n<td>Ja<\/td>\n<td>M\u00e4\u00dfig<\/td>\n<td>Schlecht<\/td>\n<td>Ja<\/td>\n<\/tr>\n<tr>\n<td>Gruppen-Videor\u00e4ume<\/td>\n<td>Ja<\/td>\n<td>Nein<\/td>\n<td>Nein<\/td>\n<td>Nein<\/td>\n<td>Nein<\/td>\n<\/tr>\n<tr>\n<td>Versch\u00f6nerung &amp; Filter<\/td>\n<td>Ja<\/td>\n<td>Ja<\/td>\n<td>Nein<\/td>\n<td>Nein<\/td>\n<td>Nein<\/td>\n<\/tr>\n<tr>\n<td>Interaktion mit dem Publikum<\/td>\n<td>Hoch<\/td>\n<td>M\u00e4\u00dfig<\/td>\n<td>Niedrig<\/td>\n<td>Niedrig<\/td>\n<td>M\u00e4\u00dfig<\/td>\n<\/tr>\n<tr>\n<td>Privat <a href=\"https:\/\/strangercam.com\/de\/cam-to-cam-chat\/\">Cam-Chat<\/a><\/td>\n<td>Ja<\/td>\n<td>Nein<\/td>\n<td>Nein<\/td>\n<td>Nein<\/td>\n<td>Nein<\/td>\n<\/tr>\n<\/tbody>\n<\/table>\n<h2>Pro und Kontra<\/h2>\n<p>Vorteile:<\/p>\n<ul>\n<li>Massive Nutzerbasis und globale Reichweite<\/li>\n<li>Vielf\u00e4ltige Inhalte und Kategorien<\/li>\n<li>Echte Monetarisierung f\u00fcr Kreative<\/li>\n<li>Starke mobile Erfahrung<\/li>\n<li>Live-Interaktionsfunktionen machen Spa\u00df und sind pers\u00f6nlich<\/li>\n<li>Gruppen-Video und 1-on-1-Chat-Unterst\u00fctzung<\/li>\n<li>Viele kommunale Veranstaltungen und Engagement<\/li>\n<\/ul>\n<p>Nachteile:<\/p>\n<ul>\n<li>Kann anfangs \u00fcberw\u00e4ltigend oder verwirrend sein<\/li>\n<li>Risiko von unangemessenen Inhalten oder Betrug<\/li>\n<li>Monetarisierungsvorst\u00f6\u00dfe k\u00f6nnen aggressiv wirken<\/li>\n<li>Hoher Datenverbrauch beim Live-Streaming<\/li>\n<li>Kostenpflichtige Funktionen f\u00fcr vollen Zugang in einigen Bereichen erforderlich<\/li>\n<\/ul>\n<h2>Ideale Anwendungsf\u00e4lle<\/h2>\n<p>Bigo Live ist ideal f\u00fcr:<\/p>\n<ul>\n<li>Angehende Streamer, die sich ein Publikum aufbauen wollen<\/li>\n<li>Fans von interaktiven, pers\u00f6nlichkeitsbezogenen Live-Inhalten<\/li>\n<li>Nutzer sozialer Netzwerke, die gerne private Videochats mit K\u00fcnstlern f\u00fchren<\/li>\n<li>Zuschauer, die Unterhaltung aus verschiedenen Kulturen erleben wollen<\/li>\n<li>Diejenigen, die soziale Interaktion in Echtzeit und mit Spielen suchen<\/li>\n<\/ul>\n<p>Es ist nicht ideal f\u00fcr:<\/p>\n<ul>\n<li>Menschen, die einen rein zuf\u00e4lligen, anonymen Chat suchen<\/li>\n<li>Nutzer, die empfindlich auf Aufforderungen zur Monetarisierung oder Druck durch Geschenke reagieren<\/li>\n<li>Personen unter 18 Jahren (aufgrund des reifen sozialen Charakters der Plattform)<\/li>\n<\/ul>\n<h2>Endg\u00fcltiges Urteil<\/h2>\n<p>Bigo Live ist eine funktionsreiche, weltweit beliebte Plattform, die soziales Live-Streaming mit interaktivem Video-Chat kombiniert. Es ist nicht dasselbe wie Omegle oder Chatroulette - es ist ausgefeilter, unterhaltungsorientierter und weitaus st\u00e4rker monetarisiert. F\u00fcr Kreative bietet es eine echte Chance, mit Inhalten Geld zu verdienen. F\u00fcr die Nutzer bietet es einen lebendigen, gemeinschaftsorientierten Raum, um mit Menschen auf der ganzen Welt in Kontakt zu treten.<\/p>\n<p>Es ist nicht perfekt - die Plattform k\u00e4mpft immer noch mit einigen Problemen bei der Moderation, und f\u00fcr ein optimales Erlebnis ist oft ein Premium-Zugang erforderlich - aber insgesamt ist Bigo Live eine herausragende App in der Kategorie der sozialen Videos.<\/p>\n<p>Ob Sie nun streamen, eine Verbindung herstellen oder einfach nur zuschauen wollen - das Bigo Live bringt die Stimmung zum Kochen.<\/p>","protected":false},"excerpt":{"rendered":"<p>In the growing popularity of online video platforms, one name has surged in global popularity over the last few years: Bigo Live. Also known simply as Bigo or Bigo TV, this platform is far more than just a random chat service. It&#8217;s a full-fledged live streaming social app that blends video broadcasting, real-time interaction, influencer [&hellip;]<\/p>\n","protected":false},"author":6,"featured_media":0,"parent":0,"menu_order":0,"comment_status":"closed","ping_status":"closed","template":"","meta":{"footnotes":""},"class_list":["post-12823","page","type-page","status-publish","hentry"],"yoast_head":"<!-- This site is optimized with the Yoast SEO plugin v27.4 - https:\/\/yoast.com\/product\/yoast-seo-wordpress\/ -->\n<title>Bigo - Live stream chat rooms on StrangerCam.com<\/title>\n<meta name=\"description\" content=\"Like Bigo? Come chat with more than 5.000.000 strangers on Stranger Cam for Free! Turn on your cam and find new friends &amp; maby a match!\" \/>\n<meta name=\"robots\" content=\"index, follow, max-snippet:-1, max-image-preview:large, max-video-preview:-1\" \/>\n<link rel=\"canonical\" href=\"https:\/\/strangercam.com\/de\/bigo\/\" \/>\n<meta property=\"og:locale\" content=\"de_DE\" \/>\n<meta property=\"og:type\" content=\"article\" \/>\n<meta property=\"og:title\" content=\"Bigo - Live stream chat rooms on StrangerCam.com\" \/>\n<meta property=\"og:description\" content=\"Like Bigo? Come chat with more than 5.000.000 strangers on Stranger Cam for Free! Turn on your cam and find new friends &amp; maby a match!\" \/>\n<meta property=\"og:url\" content=\"https:\/\/strangercam.com\/de\/bigo\/\" \/>\n<meta property=\"og:site_name\" content=\"Strangercam\" \/>\n<meta property=\"article:publisher\" content=\"https:\/\/www.facebook.com\/strangercam\" \/>\n<meta property=\"og:image\" content=\"https:\/\/strangercam.com\/wp-content\/uploads\/2021\/10\/Untitled-2.png\" \/>\n\t<meta property=\"og:image:width\" content=\"800\" \/>\n\t<meta property=\"og:image:height\" content=\"532\" \/>\n\t<meta property=\"og:image:type\" content=\"image\/png\" \/>\n<meta name=\"twitter:card\" content=\"summary_large_image\" \/>\n<meta name=\"twitter:site\" content=\"@strangercamapp\" \/>\n<meta name=\"twitter:label1\" content=\"Gesch\u00e4tzte Lesezeit\" \/>\n\t<meta name=\"twitter:data1\" content=\"7\u00a0Minuten\" \/>\n<script type=\"application\/ld+json\" class=\"yoast-schema-graph\">{\"@context\":\"https:\\\/\\\/schema.org\",\"@graph\":[{\"@type\":\"WebPage\",\"@id\":\"https:\\\/\\\/strangercam.com\\\/bigo\\\/\",\"url\":\"https:\\\/\\\/strangercam.com\\\/bigo\\\/\",\"name\":\"Bigo - Live stream chat rooms on StrangerCam.com\",\"isPartOf\":{\"@id\":\"https:\\\/\\\/strangercam.com\\\/#website\"},\"datePublished\":\"2025-05-01T20:41:55+00:00\",\"description\":\"Like Bigo? Come chat with more than 5.000.000 strangers on Stranger Cam for Free! Turn on your cam and find new friends & maby a match!\",\"breadcrumb\":{\"@id\":\"https:\\\/\\\/strangercam.com\\\/bigo\\\/#breadcrumb\"},\"inLanguage\":\"de\",\"potentialAction\":[{\"@type\":\"ReadAction\",\"target\":[\"https:\\\/\\\/strangercam.com\\\/bigo\\\/\"]}]},{\"@type\":\"BreadcrumbList\",\"@id\":\"https:\\\/\\\/strangercam.com\\\/bigo\\\/#breadcrumb\",\"itemListElement\":[{\"@type\":\"ListItem\",\"position\":1,\"name\":\"Home\",\"item\":\"https:\\\/\\\/strangercam.com\\\/\"},{\"@type\":\"ListItem\",\"position\":2,\"name\":\"Bigo\"}]},{\"@type\":\"WebSite\",\"@id\":\"https:\\\/\\\/strangercam.com\\\/#website\",\"url\":\"https:\\\/\\\/strangercam.com\\\/\",\"name\":\"Strangercam\",\"description\":\"Random Video Chat with Strangers\",\"publisher\":{\"@id\":\"https:\\\/\\\/strangercam.com\\\/#organization\"},\"alternateName\":\"Strangercam.com\",\"potentialAction\":[{\"@type\":\"SearchAction\",\"target\":{\"@type\":\"EntryPoint\",\"urlTemplate\":\"https:\\\/\\\/strangercam.com\\\/?s={search_term_string}\"},\"query-input\":{\"@type\":\"PropertyValueSpecification\",\"valueRequired\":true,\"valueName\":\"search_term_string\"}}],\"inLanguage\":\"de\"},{\"@type\":\"Organization\",\"@id\":\"https:\\\/\\\/strangercam.com\\\/#organization\",\"name\":\"Strangercam\",\"alternateName\":\"Strangercam.com\",\"url\":\"https:\\\/\\\/strangercam.com\\\/\",\"logo\":{\"@type\":\"ImageObject\",\"inLanguage\":\"de\",\"@id\":\"https:\\\/\\\/strangercam.com\\\/#\\\/schema\\\/logo\\\/image\\\/\",\"url\":\"https:\\\/\\\/strangercam.com\\\/wp-content\\\/uploads\\\/2020\\\/11\\\/cropped-new-favicon-black.png\",\"contentUrl\":\"https:\\\/\\\/strangercam.com\\\/wp-content\\\/uploads\\\/2020\\\/11\\\/cropped-new-favicon-black.png\",\"width\":512,\"height\":512,\"caption\":\"Strangercam\"},\"image\":{\"@id\":\"https:\\\/\\\/strangercam.com\\\/#\\\/schema\\\/logo\\\/image\\\/\"},\"sameAs\":[\"https:\\\/\\\/www.facebook.com\\\/strangercam\",\"https:\\\/\\\/x.com\\\/strangercamapp\"]}]}<\/script>\n<!-- \/ Yoast SEO plugin. -->","yoast_head_json":{"title":"Bigo - Live-Stream Chat-R\u00e4ume auf StrangerCam.com","description":"Magst du Bigo? Komm und chatte mit mehr als 5.000.000 Fremden auf Stranger Cam - kostenlos! Schalte deine Kamera ein und finde neue Freunde und vielleicht einen Partner!","robots":{"index":"index","follow":"follow","max-snippet":"max-snippet:-1","max-image-preview":"max-image-preview:large","max-video-preview":"max-video-preview:-1"},"canonical":"https:\/\/strangercam.com\/de\/bigo\/","og_locale":"de_DE","og_type":"article","og_title":"Bigo - Live stream chat rooms on StrangerCam.com","og_description":"Like Bigo? Come chat with more than 5.000.000 strangers on Stranger Cam for Free! Turn on your cam and find new friends & maby a match!","og_url":"https:\/\/strangercam.com\/de\/bigo\/","og_site_name":"Strangercam","article_publisher":"https:\/\/www.facebook.com\/strangercam","og_image":[{"width":800,"height":532,"url":"https:\/\/strangercam.com\/wp-content\/uploads\/2021\/10\/Untitled-2.png","type":"image\/png"}],"twitter_card":"summary_large_image","twitter_site":"@strangercamapp","twitter_misc":{"Gesch\u00e4tzte Lesezeit":"7\u00a0Minuten"},"schema":{"@context":"https:\/\/schema.org","@graph":[{"@type":"WebPage","@id":"https:\/\/strangercam.com\/bigo\/","url":"https:\/\/strangercam.com\/bigo\/","name":"Bigo - Live-Stream Chat-R\u00e4ume auf StrangerCam.com","isPartOf":{"@id":"https:\/\/strangercam.com\/#website"},"datePublished":"2025-05-01T20:41:55+00:00","description":"Magst du Bigo? Komm und chatte mit mehr als 5.000.000 Fremden auf Stranger Cam - kostenlos! Schalte deine Kamera ein und finde neue Freunde und vielleicht einen Partner!","breadcrumb":{"@id":"https:\/\/strangercam.com\/bigo\/#breadcrumb"},"inLanguage":"de","potentialAction":[{"@type":"ReadAction","target":["https:\/\/strangercam.com\/bigo\/"]}]},{"@type":"BreadcrumbList","@id":"https:\/\/strangercam.com\/bigo\/#breadcrumb","itemListElement":[{"@type":"ListItem","position":1,"name":"Home","item":"https:\/\/strangercam.com\/"},{"@type":"ListItem","position":2,"name":"Bigo"}]},{"@type":"WebSite","@id":"https:\/\/strangercam.com\/#website","url":"https:\/\/strangercam.com\/","name":"Strangercam","description":"Zuf\u00e4lliger Video-Chat mit Fremden","publisher":{"@id":"https:\/\/strangercam.com\/#organization"},"alternateName":"Strangercam.com","potentialAction":[{"@type":"SearchAction","target":{"@type":"EntryPoint","urlTemplate":"https:\/\/strangercam.com\/?s={search_term_string}"},"query-input":{"@type":"PropertyValueSpecification","valueRequired":true,"valueName":"search_term_string"}}],"inLanguage":"de"},{"@type":"Organization","@id":"https:\/\/strangercam.com\/#organization","name":"Strangercam","alternateName":"Strangercam.com","url":"https:\/\/strangercam.com\/","logo":{"@type":"ImageObject","inLanguage":"de","@id":"https:\/\/strangercam.com\/#\/schema\/logo\/image\/","url":"https:\/\/strangercam.com\/wp-content\/uploads\/2020\/11\/cropped-new-favicon-black.png","contentUrl":"https:\/\/strangercam.com\/wp-content\/uploads\/2020\/11\/cropped-new-favicon-black.png","width":512,"height":512,"caption":"Strangercam"},"image":{"@id":"https:\/\/strangercam.com\/#\/schema\/logo\/image\/"},"sameAs":["https:\/\/www.facebook.com\/strangercam","https:\/\/x.com\/strangercamapp"]}]}},"_links":{"self":[{"href":"https:\/\/strangercam.com\/de\/wp-json\/wp\/v2\/pages\/12823","targetHints":{"allow":["GET"]}}],"collection":[{"href":"https:\/\/strangercam.com\/de\/wp-json\/wp\/v2\/pages"}],"about":[{"href":"https:\/\/strangercam.com\/de\/wp-json\/wp\/v2\/types\/page"}],"author":[{"embeddable":true,"href":"https:\/\/strangercam.com\/de\/wp-json\/wp\/v2\/users\/6"}],"replies":[{"embeddable":true,"href":"https:\/\/strangercam.com\/de\/wp-json\/wp\/v2\/comments?post=12823"}],"version-history":[{"count":2,"href":"https:\/\/strangercam.com\/de\/wp-json\/wp\/v2\/pages\/12823\/revisions"}],"predecessor-version":[{"id":12825,"href":"https:\/\/strangercam.com\/de\/wp-json\/wp\/v2\/pages\/12823\/revisions\/12825"}],"wp:attachment":[{"href":"https:\/\/strangercam.com\/de\/wp-json\/wp\/v2\/media?parent=12823"}],"curies":[{"name":"wp","href":"https:\/\/api.w.org\/{rel}","templated":true}]}}