{"id":12815,"date":"2025-04-22T13:50:44","date_gmt":"2025-04-22T11:50:44","guid":{"rendered":"https:\/\/strangercam.com\/?page_id=12815"},"modified":"2025-04-22T13:50:44","modified_gmt":"2025-04-22T11:50:44","slug":"vanachat","status":"publish","type":"page","link":"https:\/\/strangercam.com\/de\/vanachat\/","title":{"rendered":"VanaChat"},"content":{"rendered":"<p>Die Welt der Zufallsvideos <a href=\"https:\/\/strangercam.com\/de\/chathub\/\">Chat<\/a> Anwendungen ist hart umk\u00e4mpft, mit Plattformen wie <a href=\"https:\/\/strangercam.com\/de\/omegle\/\">Omegle<\/a>, <a href=\"https:\/\/strangercam.com\/de\/chatroulette\/\">Chatroulette<\/a>, und neuere Namen wie ChatMatch k\u00e4mpfen um die Vorherrschaft. Aber hin und wieder betritt ein neuer Mitbewerber den Raum mit einem einzigartigen Ansatz. VanaChat ist einer dieser Namen. Es liegt irgendwo zwischen einem l\u00e4ssigen <a href=\"https:\/\/strangercam.com\/de\/bazoocam\/\">Nocken<\/a> Chat-Website und einer leichtgewichtigen sozialen App zieht VanaChat schnell die Aufmerksamkeit auf sich - aber lohnt sich die Nutzung wirklich?<\/p>\n<p>In dieser umfassenden Bewertung untersuchen wir alles, was VanaChat bietet: seine Funktionen, Benutzerfreundlichkeit, Zielgruppe, Sicherheitstools und wie es im Vergleich zu anderen beliebten Chat-Plattformen abschneidet.<\/p>\n<h2>Was ist VanaChat?<\/h2>\n<p>VanaChat ist eine browserbasierte Zufalls-Videochat-Plattform, die traditionelle Eins-zu-Eins-Videogespr\u00e4che mit leichten sozialen Entdeckungsfunktionen verbindet. Im Gegensatz zu \u00e4lteren Seiten, die sich nur auf den Zufall konzentrieren, f\u00fcgt VanaChat dem Erlebnis eine modernere soziale Ebene hinzu - mit optionalen Profilen, interessenbasiertem Matching und sogar einem leichten Reputationssystem.<\/p>\n<p>Das Mitte der 2020er Jahre gegr\u00fcndete Unternehmen VanaChat vermarktet sich selbst als \u201csicherer, freundlicher Raum f\u00fcr <a href=\"https:\/\/strangercam.com\/de\/coomeet\/\">treffen<\/a> neue Leute von Angesicht zu Angesicht kennenlernen\". W\u00e4hrend sich die Erfahrung im Kern immer noch um sofortige Webcam-basierte Interaktionen mit Fremden dreht, bem\u00fcht sich die Plattform, eine respektvollere und engagiertere Umgebung zu f\u00f6rdern.<\/p>\n<h2>Der Zweck von VanaChat<\/h2>\n<p>Das Hauptziel von VanaChat ist es, ein zuf\u00e4lliges Video-Chat-Erlebnis zu bieten, das sich menschlicher und weniger chaotisch anf\u00fchlt. Es soll Spa\u00df machen und spontan sein, aber ohne das z\u00fcgellose Trolling, die Nacktheit und den Spam, den man oft auf v\u00f6llig anonymen Plattformen findet.<\/p>\n<p>VanaChat ist ideal f\u00fcr:<\/p>\n<ul>\n<li>Menschen, die andere von Angesicht zu Angesicht in Echtzeit treffen wollen<\/li>\n<li>Nutzer, die nach lockeren Gespr\u00e4chen oder neuen Freundschaften suchen<\/li>\n<li>Sozial neugierige Nutzer, die gerne mit Fremden sprechen, aber lieber etwas mehr Kontrolle dar\u00fcber haben, mit wem sie in Kontakt treten<\/li>\n<li>Jeder, der eine sicherere, modernere Alternative zu unmoderierten Cam-Sites sucht<\/li>\n<\/ul>\n<p>Die Plattform ist keine Dating-App im eigentlichen Sinne, aber sie begr\u00fc\u00dft leichte Flirts und soziale Entdeckungen, insbesondere unter j\u00fcngeren Erwachsenen.<\/p>\n<h2>Wesentliche Merkmale<\/h2>\n<p>1. Eins-zu-Eins-Videochat<br \/>\nIm Kern bietet VanaChat schnelle, zuf\u00e4llige Video-Chats zwischen Nutzern. Ein Klick, und Sie sind mit jemandem verbunden. Die Video-Feeds sind reaktionsschnell und das Layout ist \u00fcbersichtlich, sodass das pers\u00f6nliche Erlebnis im Vordergrund steht.<\/p>\n<p>2. Interessenbasiertes Matching<br \/>\nDie Nutzer k\u00f6nnen aus einer Liste von Interessen w\u00e4hlen - von Filmen und Spielen bis hin zu Sprachen und Lifestyle - und die Plattform versucht, Menschen mit \u00e4hnlichen Vorlieben zu finden. Das ist zwar nicht so tiefgreifend wie bei algorithmusbasierten Dating-Apps, aber es reduziert die Zuf\u00e4lligkeit und hilft, sinnvollere Gespr\u00e4che zu f\u00fchren.<\/p>\n<p>3. Optionale Benutzerprofile<br \/>\nSie k\u00f6nnen ein einfaches Profil mit einem Anzeigenamen, Interessen und einem kurzen Lebenslauf erstellen. Sie k\u00f6nnen auch ein Profilbild hochladen. Profile sind zwar nicht erforderlich, aber Nutzer mit vollst\u00e4ndigen Profilen erhalten in der Regel mehr und h\u00e4ufigere Treffer.<\/p>\n<p>4. Reputationssystem<br \/>\nNach jedem Chat k\u00f6nnen die Nutzer ihre Erfahrungen bewerten. Mit der Zeit entsteht so ein weicher Reputationswert, der dabei hilft, qualitativ bessere Nutzer zu finden und Spammer oder Trolle zur\u00fcckzudr\u00e4ngen. Dieses System befindet sich zwar noch in der Betaphase, aber es ist vielversprechend, um die allgemeine Stimmung auf der Plattform zu verbessern.<\/p>\n<p>5. Chat-Kontrollen und Moderationstools<br \/>\nSie k\u00f6nnen Nutzer \u00fcberspringen, sie stumm schalten, unangemessenes Verhalten melden und jeden blockieren, mit dem Sie nicht mehr sprechen m\u00f6chten. Berichte werden von Moderatoren gepr\u00fcft und das System wird durch eine grundlegende KI-Inhaltspr\u00fcfung unterst\u00fctzt, um Nacktheit oder anst\u00f6\u00dfiges Verhalten zu erkennen.<\/p>\n<p>6. Optimierung von Desktop und Mobile<br \/>\nVanaChat funktioniert nahtlos in modernen Browsern sowohl auf dem Desktop als auch auf dem Handy. Es gibt noch keine spezielle App f\u00fcr Mobiltelefone, aber die mobile Browserfunktion ist reaktionsschnell und intuitiv. Keine Downloads erforderlich.<\/p>\n<p>7. Keine Registrierung erforderlich (aber erw\u00fcnscht)<br \/>\nSie k\u00f6nnen mit dem Chatten beginnen, ohne ein Konto zu erstellen, aber die Registrierung schaltet zus\u00e4tzliche Funktionen frei, wie z. B. das Filtern von Interessen, das Speichern Ihres Profils und den Zugriff auf Ihren Reputationswert.<\/p>\n<h2>Ist VanaChat kostenlos?<\/h2>\n<p>Ja, die Nutzung von VanaChat ist kostenlos, und Sie k\u00f6nnen auf die wichtigsten Videochat-Funktionen zugreifen, ohne einen Cent zu bezahlen. Allerdings gibt es einen Premium-Plan zur Verf\u00fcgung, die freigeschaltet wird:<\/p>\n<ul>\n<li>Verbessertes Matching nach Region oder Geschlecht<\/li>\n<li>Vorrangige Platzierung in der Chat-Warteschlange<\/li>\n<li>Ein werbefreies Erlebnis<\/li>\n<li>Optionen zur Profilanpassung<\/li>\n<\/ul>\n<p>Die Premium-Version ist preisg\u00fcnstig und kostet in der Regel zwischen $6 und $10 pro Monat, je nach Abonnementplan. F\u00fcr die meisten Benutzer ist die kostenlose Version vollkommen ausreichend, aber die Premium-Version ist ein gutes Angebot f\u00fcr diejenigen, die mehr Kontrolle und einen reibungsloseren Benutzerfluss w\u00fcnschen.<\/p>\n<h2>Wer benutzt VanaChat?<\/h2>\n<p>VanaChat hat eine wachsende Nutzerbasis in mehreren wichtigen Regionen:<\/p>\n<ul>\n<li>Vereinigte Staaten<\/li>\n<li>Kanada<\/li>\n<li>Vereinigtes K\u00f6nigreich<\/li>\n<li>Deutschland<\/li>\n<li>Brasilien<\/li>\n<li>Indien<\/li>\n<\/ul>\n<p>Die Mehrheit der Nutzer ist zwischen 18 und 34 Jahre alt, mit einer recht unterschiedlichen Mischung von Geschlechtern und Hintergr\u00fcnden. W\u00e4hrend die meisten die Plattform zum Spa\u00df und f\u00fcr zwanglose Unterhaltungen nutzen, scheint ein beachtlicher Teil der Nutzer wirklich daran interessiert zu sein, Freundschaften zu schlie\u00dfen oder Menschen mit gleichen Interessen zu finden.<\/p>\n<p>VanaChat ist besonders beliebt bei:<\/p>\n<ul>\n<li>College-Studenten<\/li>\n<li>Junge Berufst\u00e4tige<\/li>\n<li>Digitale Nomaden und Expats, die neue Menschen an neuen Orten kennenlernen m\u00f6chten<\/li>\n<li>Sprachsch\u00fcler, die mit Muttersprachlern \u00fcben m\u00f6chten<\/li>\n<\/ul>\n<h2>Sicherheit, Datenschutz und Moderation<\/h2>\n<p>Online-Chat-Plattformen haben oft Probleme mit der Sicherheit und Moderation, aber VanaChat nimmt das Thema ernst. Und so geht's:<\/p>\n<ul>\n<li>KI-gest\u00fctzte \u00dcberwachung: Die Plattform nutzt maschinelles Lernen, um automatisch Nacktheit oder anst\u00f6\u00dfige Gesten in Videostreams zu erkennen. Das ist zwar nicht perfekt, aber es reduziert die Exposition gegen\u00fcber expliziten Inhalten.<\/li>\n<li>Benutzerberichte und Moderation: Jeder Chat endet mit einer Feedback-Aufforderung, und Berichte werden innerhalb von 24 Stunden gepr\u00fcft.<\/li>\n<li>Reputations- und Bewertungssystem: Hilft, problematische Nutzer herauszufiltern und f\u00f6rdert mit der Zeit ein respektvolleres Verhalten.<\/li>\n<li>Keine pers\u00f6nlichen Daten erforderlich: Sie werden nicht nach Telefonnummern oder E-Mail-Adressen gefragt, es sei denn, Sie registrieren sich (und selbst dann ist es optional).<\/li>\n<\/ul>\n<p>VanaChat sammelt keine \u00fcberm\u00e4\u00dfigen Daten und erm\u00f6glicht es den Nutzern, so anonym zu bleiben, wie sie m\u00f6chten. Dennoch sollten die Nutzer ihren gesunden Menschenverstand walten lassen - geben Sie keine pers\u00f6nlichen Daten weiter, klicken Sie nicht auf Links und sprechen Sie nicht mit Nutzern, die Ihnen unangenehm sind.<\/p>\n<h2>Benutzererfahrung und Design<\/h2>\n<p>Die Oberfl\u00e4che von VanaChat ist erfrischend modern. Die Plattform ist visuell sauber, intuitiv und reaktionsschnell. Die Navigation ist einfach: Ein gro\u00dfer Videobildschirm dominiert die Benutzeroberfl\u00e4che, wobei die Chat-Steuerelemente und -Einstellungen ordentlich in den Seitenbereichen untergebracht sind. Es gibt keine \u00fcberladenen Banner, Popups oder st\u00f6rende Werbung, die den Fluss unterbrechen.<\/p>\n<p>Die Gesamt\u00e4sthetik ist jugendlich und freundlich, ohne zu sehr zu versuchen, eine bestimmte Bev\u00f6lkerungsgruppe anzusprechen. Es f\u00fchlt sich an wie ein Produkt, das f\u00fcr die zwanglose Interaktion entwickelt wurde - nicht f\u00fcr Inhalte f\u00fcr Erwachsene und nicht f\u00fcr die Partnersuche - was es zu einem guten Mittelweg macht.<\/p>\n<p>Die Seitenladezeiten sind schnell, die Videoqualit\u00e4t ist solide und die \u00dcberg\u00e4nge zwischen den Chats sind in den meisten F\u00e4llen reibungslos und ohne Verz\u00f6gerungen. Auf dem Handy f\u00fchlt sich die Plattform in Bezug auf Geschwindigkeit und Benutzerfreundlichkeit fast wie eine App an, was f\u00fcr ein browserbasiertes Erlebnis beeindruckend ist.<\/p>\n<h2>VanaChat im Vergleich zu anderen Chat-Plattformen<\/h2>\n<p>Werfen wir einen Blick darauf, wie VanaChat im Vergleich zu einigen anderen f\u00fchrenden Plattformen abschneidet:<\/p>\n<table>\n<thead>\n<tr>\n<th>Merkmal<\/th>\n<th>VanaChat<\/th>\n<th>Omegle<\/th>\n<th>ChatMatch<\/th>\n<th>Chatspin<\/th>\n<th>Emerald Chat<\/th>\n<\/tr>\n<\/thead>\n<tbody>\n<tr>\n<td>Video-Chat<\/td>\n<td>Ja<\/td>\n<td>Ja<\/td>\n<td>Ja<\/td>\n<td>Ja<\/td>\n<td>Ja<\/td>\n<\/tr>\n<tr>\n<td>Zinsabgleich<\/td>\n<td>Ja<\/td>\n<td>Nein<\/td>\n<td>Ja<\/td>\n<td>Ja<\/td>\n<td>Ja<\/td>\n<\/tr>\n<tr>\n<td>Profile (fakultativ)<\/td>\n<td>Ja<\/td>\n<td>Nein<\/td>\n<td>Optional<\/td>\n<td>Optional<\/td>\n<td>Ja<\/td>\n<\/tr>\n<tr>\n<td>Reputationssystem<\/td>\n<td>Ja<\/td>\n<td>Nein<\/td>\n<td>Nein<\/td>\n<td>Nein<\/td>\n<td>Ja<\/td>\n<\/tr>\n<tr>\n<td>Geschlecht\/Region-Filter<\/td>\n<td>Bezahlt<\/td>\n<td>Bezahlt<\/td>\n<td>Bezahlt<\/td>\n<td>Frei\/Bezahlt<\/td>\n<td>Ja<\/td>\n<\/tr>\n<tr>\n<td>Mobiloptimiert<\/td>\n<td>Ja<\/td>\n<td>M\u00e4\u00dfig<\/td>\n<td>Ja<\/td>\n<td>Ausgezeichnet<\/td>\n<td>Gut<\/td>\n<\/tr>\n<tr>\n<td>Moderations-Tools<\/td>\n<td>Stark<\/td>\n<td>Schwach<\/td>\n<td>M\u00e4\u00dfig<\/td>\n<td>Gut<\/td>\n<td>Stark<\/td>\n<\/tr>\n<tr>\n<td>Registrierung erforderlich<\/td>\n<td>Nein<\/td>\n<td>Nein<\/td>\n<td>Optional<\/td>\n<td>Optional<\/td>\n<td>Ja<\/td>\n<\/tr>\n<\/tbody>\n<\/table>\n<h2>Pro und Kontra<\/h2>\n<p>Vorteile:<\/p>\n<ul>\n<li>Kostenlos und ohne Anmeldung zu nutzen<\/li>\n<li>Saubere, moderne Oberfl\u00e4che mit schneller Leistung<\/li>\n<li>Interessenbasierter Abgleich verbessert die Gespr\u00e4chsqualit\u00e4t<\/li>\n<li>Das Reputationssystem belohnt gutes Verhalten<\/li>\n<li>Optionale Profile, ohne aufdringlich zu sein<\/li>\n<li>Aktive Moderation und Inhaltskontrolle<\/li>\n<li>Mobilfreundlich, ohne eine App zu ben\u00f6tigen<\/li>\n<\/ul>\n<p>Nachteile:<\/p>\n<ul>\n<li>Kleinerer Benutzerstamm als Plattformen wie Omegle<\/li>\n<li>Filter f\u00fcr Geschlecht und Region erfordern einen Aufpreis<\/li>\n<li>Immer noch gelegentliches unangemessenes Verhalten<\/li>\n<li>Kein eingebauter \u00dcbersetzer f\u00fcr internationale Chats<\/li>\n<li>Noch keine Gruppenchat- oder Mehrbenutzerfunktionen<\/li>\n<\/ul>\n<h2>Ideale Anwendungsf\u00e4lle<\/h2>\n<p>VanaChat ist perfekt f\u00fcr:<\/p>\n<ul>\n<li>Menschen, die einen pers\u00f6nlichen Video-Chat mit etwas mehr Struktur m\u00f6gen<\/li>\n<li>Nutzer auf der Suche nach spontanen, aber respektvollen Gespr\u00e4chen<\/li>\n<li>Zwangloses Beisammensein, leichtes Flirten und das Kennenlernen neuer Leute in aller Welt<\/li>\n<li>Diejenigen, die das Chaos auf unmoderierten Plattformen wie Omegle nicht m\u00f6gen<\/li>\n<\/ul>\n<p>Es ist nicht ideal f\u00fcr:<\/p>\n<ul>\n<li>Nutzer, die von Dating-Apps Kuratierung oder Matchmaking erwarten<\/li>\n<li>Diejenigen, die nach Gruppenchats oder themenbezogenen Chatr\u00e4umen suchen<\/li>\n<li>Personen, die rein anonyme, nur auf Text basierende Interaktionen bevorzugen<\/li>\n<\/ul>\n<h2>Endg\u00fcltiges Urteil<\/h2>\n<p>VanaChat ist eine erfrischende Erg\u00e4nzung der Videochat-Landschaft. Es kombiniert die Unmittelbarkeit von Zufalls-Chat-Plattformen mit einigen modernen Verbesserungen - Interessenfilter, Reputationssysteme und optionale Profile - die das Erlebnis angenehmer und benutzerfreundlicher machen.<\/p>\n<p>F\u00fcr diejenigen, die genug von Bots, Trollen oder NSFW-\u00dcberraschungen auf anderen Websites haben, bietet VanaChat eine sauberere, freundlichere und menschlichere Erfahrung. Es hat vielleicht nicht die schiere Menge an Nutzern wie die gro\u00dfen Plattformen, aber was ihm an Gr\u00f6\u00dfe fehlt, macht es durch Qualit\u00e4t wieder wett.<\/p>\n<p>Egal, ob Sie mit Fremden chatten, Freundschaften schlie\u00dfen oder sich einfach nur die Zeit auf eine gesellige Art und Weise vertreiben m\u00f6chten, VanaChat ist auf jeden Fall einen Blick wert.<\/p>","protected":false},"excerpt":{"rendered":"<p>The world of random video chat apps is highly competitive, with platforms like Omegle, Chatroulette, and newer names like ChatMatch fighting for dominance. But every now and then, a new contender enters the space with a unique approach. VanaChat is one of those names. Positioned somewhere between a casual cam chat site and a lightweight [&hellip;]<\/p>\n","protected":false},"author":6,"featured_media":0,"parent":0,"menu_order":0,"comment_status":"closed","ping_status":"closed","template":"","meta":{"footnotes":""},"class_list":["post-12815","page","type-page","status-publish","hentry"],"yoast_head":"<!-- This site is optimized with the Yoast SEO plugin v26.9 - https:\/\/yoast.com\/product\/yoast-seo-wordpress\/ -->\n<title>VanaChat - Live video chat with girls on StrangerCam.com<\/title>\n<meta name=\"description\" content=\"Like VanaChat? Come chat with more than 5.000.000 strangers on Stranger Cam for Free! Turn on your cam and find new friends &amp; maby a match!\" \/>\n<meta name=\"robots\" content=\"index, follow, max-snippet:-1, max-image-preview:large, max-video-preview:-1\" \/>\n<link rel=\"canonical\" href=\"https:\/\/strangercam.com\/de\/vanachat\/\" \/>\n<meta property=\"og:locale\" content=\"de_DE\" \/>\n<meta property=\"og:type\" content=\"article\" \/>\n<meta property=\"og:title\" content=\"VanaChat - Live video chat with girls on StrangerCam.com\" \/>\n<meta property=\"og:description\" content=\"Like VanaChat? Come chat with more than 5.000.000 strangers on Stranger Cam for Free! Turn on your cam and find new friends &amp; maby a match!\" \/>\n<meta property=\"og:url\" content=\"https:\/\/strangercam.com\/de\/vanachat\/\" \/>\n<meta property=\"og:site_name\" content=\"Strangercam\" \/>\n<meta property=\"article:publisher\" content=\"https:\/\/www.facebook.com\/strangercam\" \/>\n<meta property=\"og:image\" content=\"https:\/\/strangercam.com\/wp-content\/uploads\/2021\/10\/Untitled-2.png\" \/>\n\t<meta property=\"og:image:width\" content=\"800\" \/>\n\t<meta property=\"og:image:height\" content=\"532\" \/>\n\t<meta property=\"og:image:type\" content=\"image\/png\" \/>\n<meta name=\"twitter:card\" content=\"summary_large_image\" \/>\n<meta name=\"twitter:site\" content=\"@strangercamapp\" \/>\n<meta name=\"twitter:label1\" content=\"Gesch\u00e4tzte Lesezeit\" \/>\n\t<meta name=\"twitter:data1\" content=\"7\u00a0Minuten\" \/>\n<script type=\"application\/ld+json\" class=\"yoast-schema-graph\">{\"@context\":\"https:\/\/schema.org\",\"@graph\":[{\"@type\":\"WebPage\",\"@id\":\"https:\/\/strangercam.com\/vanachat\/\",\"url\":\"https:\/\/strangercam.com\/vanachat\/\",\"name\":\"VanaChat - Live video chat with girls on StrangerCam.com\",\"isPartOf\":{\"@id\":\"https:\/\/strangercam.com\/#website\"},\"datePublished\":\"2025-04-22T11:50:44+00:00\",\"description\":\"Like VanaChat? Come chat with more than 5.000.000 strangers on Stranger Cam for Free! Turn on your cam and find new friends & maby a match!\",\"breadcrumb\":{\"@id\":\"https:\/\/strangercam.com\/vanachat\/#breadcrumb\"},\"inLanguage\":\"de\",\"potentialAction\":[{\"@type\":\"ReadAction\",\"target\":[\"https:\/\/strangercam.com\/vanachat\/\"]}]},{\"@type\":\"BreadcrumbList\",\"@id\":\"https:\/\/strangercam.com\/vanachat\/#breadcrumb\",\"itemListElement\":[{\"@type\":\"ListItem\",\"position\":1,\"name\":\"Home\",\"item\":\"https:\/\/strangercam.com\/\"},{\"@type\":\"ListItem\",\"position\":2,\"name\":\"VanaChat\"}]},{\"@type\":\"WebSite\",\"@id\":\"https:\/\/strangercam.com\/#website\",\"url\":\"https:\/\/strangercam.com\/\",\"name\":\"Strangercam\",\"description\":\"Random Video Chat with Strangers\",\"publisher\":{\"@id\":\"https:\/\/strangercam.com\/#organization\"},\"alternateName\":\"Strangercam.com\",\"potentialAction\":[{\"@type\":\"SearchAction\",\"target\":{\"@type\":\"EntryPoint\",\"urlTemplate\":\"https:\/\/strangercam.com\/?s={search_term_string}\"},\"query-input\":{\"@type\":\"PropertyValueSpecification\",\"valueRequired\":true,\"valueName\":\"search_term_string\"}}],\"inLanguage\":\"de\"},{\"@type\":\"Organization\",\"@id\":\"https:\/\/strangercam.com\/#organization\",\"name\":\"Strangercam\",\"alternateName\":\"Strangercam.com\",\"url\":\"https:\/\/strangercam.com\/\",\"logo\":{\"@type\":\"ImageObject\",\"inLanguage\":\"de\",\"@id\":\"https:\/\/strangercam.com\/#\/schema\/logo\/image\/\",\"url\":\"https:\/\/strangercam.com\/wp-content\/uploads\/2020\/11\/cropped-new-favicon-black.png\",\"contentUrl\":\"https:\/\/strangercam.com\/wp-content\/uploads\/2020\/11\/cropped-new-favicon-black.png\",\"width\":512,\"height\":512,\"caption\":\"Strangercam\"},\"image\":{\"@id\":\"https:\/\/strangercam.com\/#\/schema\/logo\/image\/\"},\"sameAs\":[\"https:\/\/www.facebook.com\/strangercam\",\"https:\/\/x.com\/strangercamapp\"]}]}<\/script>\n<!-- \/ Yoast SEO plugin. -->","yoast_head_json":{"title":"VanaChat - Live-Video-Chat mit M\u00e4dchen auf StrangerCam.com","description":"Gef\u00e4llt dir VanaChat? Komm und chatte mit mehr als 5.000.000 Fremden auf Stranger Cam kostenlos! Schalte deine Kamera ein und finde neue Freunde und vielleicht einen Partner!","robots":{"index":"index","follow":"follow","max-snippet":"max-snippet:-1","max-image-preview":"max-image-preview:large","max-video-preview":"max-video-preview:-1"},"canonical":"https:\/\/strangercam.com\/de\/vanachat\/","og_locale":"de_DE","og_type":"article","og_title":"VanaChat - Live video chat with girls on StrangerCam.com","og_description":"Like VanaChat? Come chat with more than 5.000.000 strangers on Stranger Cam for Free! Turn on your cam and find new friends & maby a match!","og_url":"https:\/\/strangercam.com\/de\/vanachat\/","og_site_name":"Strangercam","article_publisher":"https:\/\/www.facebook.com\/strangercam","og_image":[{"width":800,"height":532,"url":"https:\/\/strangercam.com\/wp-content\/uploads\/2021\/10\/Untitled-2.png","type":"image\/png"}],"twitter_card":"summary_large_image","twitter_site":"@strangercamapp","twitter_misc":{"Gesch\u00e4tzte Lesezeit":"7\u00a0Minuten"},"schema":{"@context":"https:\/\/schema.org","@graph":[{"@type":"WebPage","@id":"https:\/\/strangercam.com\/vanachat\/","url":"https:\/\/strangercam.com\/vanachat\/","name":"VanaChat - Live-Video-Chat mit M\u00e4dchen auf StrangerCam.com","isPartOf":{"@id":"https:\/\/strangercam.com\/#website"},"datePublished":"2025-04-22T11:50:44+00:00","description":"Gef\u00e4llt dir VanaChat? Komm und chatte mit mehr als 5.000.000 Fremden auf Stranger Cam kostenlos! Schalte deine Kamera ein und finde neue Freunde und vielleicht einen Partner!","breadcrumb":{"@id":"https:\/\/strangercam.com\/vanachat\/#breadcrumb"},"inLanguage":"de","potentialAction":[{"@type":"ReadAction","target":["https:\/\/strangercam.com\/vanachat\/"]}]},{"@type":"BreadcrumbList","@id":"https:\/\/strangercam.com\/vanachat\/#breadcrumb","itemListElement":[{"@type":"ListItem","position":1,"name":"Home","item":"https:\/\/strangercam.com\/"},{"@type":"ListItem","position":2,"name":"VanaChat"}]},{"@type":"WebSite","@id":"https:\/\/strangercam.com\/#website","url":"https:\/\/strangercam.com\/","name":"Strangercam","description":"Zuf\u00e4lliger Video-Chat mit Fremden","publisher":{"@id":"https:\/\/strangercam.com\/#organization"},"alternateName":"Strangercam.com","potentialAction":[{"@type":"SearchAction","target":{"@type":"EntryPoint","urlTemplate":"https:\/\/strangercam.com\/?s={search_term_string}"},"query-input":{"@type":"PropertyValueSpecification","valueRequired":true,"valueName":"search_term_string"}}],"inLanguage":"de"},{"@type":"Organization","@id":"https:\/\/strangercam.com\/#organization","name":"Strangercam","alternateName":"Strangercam.com","url":"https:\/\/strangercam.com\/","logo":{"@type":"ImageObject","inLanguage":"de","@id":"https:\/\/strangercam.com\/#\/schema\/logo\/image\/","url":"https:\/\/strangercam.com\/wp-content\/uploads\/2020\/11\/cropped-new-favicon-black.png","contentUrl":"https:\/\/strangercam.com\/wp-content\/uploads\/2020\/11\/cropped-new-favicon-black.png","width":512,"height":512,"caption":"Strangercam"},"image":{"@id":"https:\/\/strangercam.com\/#\/schema\/logo\/image\/"},"sameAs":["https:\/\/www.facebook.com\/strangercam","https:\/\/x.com\/strangercamapp"]}]}},"_links":{"self":[{"href":"https:\/\/strangercam.com\/de\/wp-json\/wp\/v2\/pages\/12815","targetHints":{"allow":["GET"]}}],"collection":[{"href":"https:\/\/strangercam.com\/de\/wp-json\/wp\/v2\/pages"}],"about":[{"href":"https:\/\/strangercam.com\/de\/wp-json\/wp\/v2\/types\/page"}],"author":[{"embeddable":true,"href":"https:\/\/strangercam.com\/de\/wp-json\/wp\/v2\/users\/6"}],"replies":[{"embeddable":true,"href":"https:\/\/strangercam.com\/de\/wp-json\/wp\/v2\/comments?post=12815"}],"version-history":[{"count":2,"href":"https:\/\/strangercam.com\/de\/wp-json\/wp\/v2\/pages\/12815\/revisions"}],"predecessor-version":[{"id":12817,"href":"https:\/\/strangercam.com\/de\/wp-json\/wp\/v2\/pages\/12815\/revisions\/12817"}],"wp:attachment":[{"href":"https:\/\/strangercam.com\/de\/wp-json\/wp\/v2\/media?parent=12815"}],"curies":[{"name":"wp","href":"https:\/\/api.w.org\/{rel}","templated":true}]}}