{"id":12812,"date":"2025-04-22T13:45:21","date_gmt":"2025-04-22T11:45:21","guid":{"rendered":"https:\/\/strangercam.com\/?page_id=12812"},"modified":"2025-04-22T13:45:21","modified_gmt":"2025-04-22T11:45:21","slug":"chatmatch","status":"publish","type":"page","link":"https:\/\/strangercam.com\/de\/chatmatch\/","title":{"rendered":"ChatMatch"},"content":{"rendered":"<p>Da die Online <a href=\"https:\/\/strangercam.com\/de\/chathub\/\">Chat<\/a> Der Raum wird immer voller, und die Plattformen versuchen, sich mit intelligenteren Funktionen, saubererem Design und besserer Benutzerfreundlichkeit abzuheben. Eine Plattform, die sich einen Namen zu machen beginnt, ist ChatMatch - ein webbasierter Zufalls-Videochatdienst, der auf algorithmischen Abgleich und Echtzeit-Interaktion setzt, ohne dabei Kompromisse bei der Einfachheit einzugehen.<\/p>\n<p>Aber ist ChatMatch nur ein weiteres Gesicht in der Menge oder bringt es etwas Neues auf den Tisch? In diesem ausf\u00fchrlichen Testbericht erfahren Sie alles, was Sie \u00fcber ChatMatch wissen m\u00fcssen: wie es funktioniert, f\u00fcr wen es geeignet ist, was es bietet und ob es Ihre Zeit in der aktuellen Landschaft der Video-Chat-Apps wert ist.<\/p>\n<h2>Was ist ChatMatch?<\/h2>\n<p>ChatMatch ist eine Online-Plattform, die Fremde per Videochat miteinander verbindet, allerdings mit einem besonderen Clou: Anstatt v\u00f6llig zuf\u00e4llig zu sein wie <a href=\"https:\/\/strangercam.com\/de\/omegle\/\">Omegle<\/a> oder <a href=\"https:\/\/strangercam.com\/de\/chatroulette\/\">Chatroulette<\/a>ChatMatch f\u00fchrt intelligente Matching-Funktionen ein, die versuchen, Nutzer auf der Grundlage gemeinsamer Interessen, des Standorts oder der Geschlechtspr\u00e4ferenz zu paaren.<\/p>\n<p>ChatMatch wurde Anfang der 2020er Jahre ins Leben gerufen und hat sich langsam eine treue Basis von Nutzern aufgebaut, die etwas mehr als nur den reinen Zufall im Sinn haben. Es bietet ein Webcam-Erlebnis, das sich an Menschen richtet, die echte Kontakte kn\u00fcpfen wollen, sei es f\u00fcr eine Freundschaft, einen lockeren Flirt oder sogar ein Date.<\/p>\n<p>ChatMatch ist zwar keine vollwertige Dating-App, bewegt sich aber auf dem schmalen Grat zwischen Sofort-Videochat und leichter Partnervermittlung und ist damit ideal f\u00fcr Nutzer, die mehr als nur bedeutungslosen Smalltalk f\u00fchren wollen.<\/p>\n<h2>Was ist das Ziel von ChatMatch?<\/h2>\n<p>Das Hauptziel von ChatMatch ist es, sinnvollere Interaktionen in der Welt des Online-Videochats zu schaffen. Im Gegensatz zu herk\u00f6mmlichen Plattformen, bei denen die Nutzer nach dem Zufallsprinzip zusammengef\u00fchrt werden - was oft zu Fehlanpassungen oder kurzlebigen Chats f\u00fchrt - versucht ChatMatch, Ihnen eine bessere Chance zu geben, jemanden zu finden, mit dem Sie tats\u00e4chlich sprechen m\u00f6chten.<\/p>\n<p>Es ist gebaut f\u00fcr:<\/p>\n<ul>\n<li>Menschen, die schnelle Live-Verbindungen mit einem menschlichen Gesicht w\u00fcnschen<\/li>\n<li>Nutzer, die nach halbkuratierten Erfahrungen ohne vollst\u00e4ndige Dating-Profile suchen<\/li>\n<li>Personen, die genug von Trollen, Bots oder rein erwachsenenorientierten <a href=\"https:\/\/strangercam.com\/de\/bazoocam\/\">Nocken<\/a> Standorte<\/li>\n<li>Jeder, der offen ist f\u00fcr zwangloses Beisammensein, leichten Flirt oder potenzielle Dates<\/li>\n<\/ul>\n<h2>Wesentliche Merkmale<\/h2>\n<p>1. Sofortiger Videoabgleich<br \/>\nDas Herzst\u00fcck von ChatMatch ist der zuf\u00e4llige Videochat, bei dem Sie sofort mit einem anderen Benutzer zusammengebracht werden. Die Schnittstelle ist schlank und modern, mit Unterst\u00fctzung f\u00fcr HD-Video und klarem Audio. Im Gegensatz zu \u00e4lteren Plattformen, f\u00fchlt sich ChatMatch nicht veraltet oder klobig.<\/p>\n<p>2. \u00dcbereinstimmende Pr\u00e4ferenzen<br \/>\nDies ist der Punkt, an dem sich ChatMatch abhebt. Benutzer k\u00f6nnen Pr\u00e4ferenzen ausw\u00e4hlen, die auf:<\/p>\n<ul>\n<li>Geschlecht (m\u00e4nnlich, weiblich, oder alle)<\/li>\n<li>Region oder Sprache<\/li>\n<li>Gemeinsame Interessen (ausgew\u00e4hlt aus einer Tag- oder Kategorieliste)<\/li>\n<\/ul>\n<p>Diese Filter sind nicht perfekt, aber sie helfen, v\u00f6llig irrelevante \u00dcbereinstimmungen zu reduzieren und f\u00fchren zu besseren Gespr\u00e4chen.<\/p>\n<p>3. Text-Chat-Unterst\u00fctzung<br \/>\nSie sind noch nicht bereit, sofort auf Sendung zu gehen? Kein Problem! ChatMatch verf\u00fcgt \u00fcber eine integrierte Text-Chat-Option, die neben Video funktioniert und es den Nutzern erm\u00f6glicht, das Eis \u00fcber Nachrichten zu brechen, bevor sie von Angesicht zu Angesicht miteinander sprechen.<\/p>\n<p>4. Konto- und Profilsystem (fakultativ)<br \/>\nIm Gegensatz zu Plattformen wie Omegle k\u00f6nnen Sie bei ChatMatch optional ein Profil erstellen. Sie k\u00f6nnen ein Bild hochladen, Interessen ausw\u00e4hlen und sogar Ihr Instagram verlinken (wenn Sie m\u00f6chten). Die Erstellung eines Profils ist optional, aber wenn Sie eines erstellen, erh\u00f6hen sich Ihre Chancen, mit \u00e4hnlichen Nutzern zusammengebracht zu werden.<\/p>\n<p>5. Mobilfreundliches Design<br \/>\nChatMatch ist vollst\u00e4ndig f\u00fcr Mobilger\u00e4te optimiert. Es l\u00e4dt schnell, passt sich an kleinere Bildschirme an und beh\u00e4lt die Funktionalit\u00e4t auf den meisten Ger\u00e4ten bei. Es gibt zwar noch keine eigenst\u00e4ndige App, aber das mobile Browser-Erlebnis ist reibungslos und zug\u00e4nglich.<\/p>\n<p>6. Benutzer-Moderation und Berichterstattung<br \/>\nDie Plattform verf\u00fcgt \u00fcber integrierte Moderationstools, darunter:<\/p>\n<ul>\n<li>Eine Meldetaste f\u00fcr unangemessenes Verhalten<\/li>\n<li>Eine Blockfunktion<\/li>\n<li>KI-basierte Nacktheits- und Spam-Erkennung<\/li>\n<\/ul>\n<p>Kein System ist perfekt, aber ChatMatch leistet bessere Arbeit als die meisten anderen, wenn es darum geht, die Umgebung relativ sauber und respektvoll zu halten.<\/p>\n<h2>Ist ChatMatch kostenlos?<\/h2>\n<p>ChatMatch bietet ein Freemium-Modell.<\/p>\n<p>Kostenlose Benutzer k\u00f6nnen:<\/p>\n<ul>\n<li>An zuf\u00e4lligen Video-Chats teilnehmen<\/li>\n<li>Grundlegende Einstellungen f\u00fcr den Abgleich festlegen<\/li>\n<li>Nutzen Sie die Plattform ohne Zeitlimit<\/li>\n<\/ul>\n<p>Kostenpflichtige Nutzer erhalten Zugang zu:<\/p>\n<ul>\n<li>Verfeinerter Abgleich (einschlie\u00dflich erweiterter Filter nach Land, Sprache oder Interessen)<\/li>\n<li>Eine Boost-Funktion, die Sie an die Spitze der Warteschlange bringt<\/li>\n<li>Werbefreies Erlebnis<\/li>\n<li>Premium-Plakette und erh\u00f6hte Sichtbarkeit<\/li>\n<\/ul>\n<p>Das Premium-Abo ist preislich erschwinglich (in der Regel unter $10\/Monat), und obwohl es nicht notwendig ist, um die Plattform zu nutzen, ist es ein gutes Upgrade f\u00fcr Nutzer, die bessere Spiele und weniger Unterbrechungen w\u00fcnschen.<\/p>\n<h2>Wer benutzt ChatMatch?<\/h2>\n<p>ChatMatch hat eine ziemlich ausgewogene und internationale Nutzerbasis angezogen. Die Plattform ist beliebt in:<\/p>\n<ul>\n<li>Nord-Amerika<\/li>\n<li>Westeuropa<\/li>\n<li>S\u00fcdostasien<\/li>\n<\/ul>\n<p>In Bezug auf die Demografie:<\/p>\n<ul>\n<li>Die Nutzer sind in der Regel zwischen 18 und 35 Jahre alt.<\/li>\n<li>Ein relativ ausgewogenes Verh\u00e4ltnis zwischen M\u00e4nnern und Frauen (besser als bei vielen Wettbewerbern)<\/li>\n<li>Viele Nutzer sind offen f\u00fcr zwanglose Verabredungen oder Flirts, w\u00e4hrend andere nur zum Chatten da sind.<\/li>\n<\/ul>\n<p>Diese Vielfalt ist ein Teil des Reizes von ChatMatch - die Seite schafft es, zwanglos zu sein, ohne sch\u00e4big zu wirken, und sozial, ohne \u00fcberm\u00e4\u00dfig ernst zu sein.<\/p>\n<h2>Sicherheit und M\u00e4\u00dfigung<\/h2>\n<p>Online-Chat-Plattformen sind immer eine gemischte Sache, wenn es um die Sicherheit geht, aber ChatMatch handhabt es besser als viele andere.<\/p>\n<p>Hier ist, was es gut kann:<\/p>\n<ul>\n<li>Automatisierte Inhaltsfilterung zur Erkennung von Nacktheit oder anst\u00f6\u00dfigen Inhalten<\/li>\n<li>Benutzerberichte und Blockierwerkzeuge, die tats\u00e4chlich funktionieren<\/li>\n<li>Aktives Moderationsteam, das markierte Benutzer \u00fcberpr\u00fcft<\/li>\n<li>Sie m\u00fcssen keine pers\u00f6nlichen Daten weitergeben oder soziale Konten verbinden, es sei denn, Sie m\u00f6chten das.<\/li>\n<\/ul>\n<p>Wie bei jeder Chat-Plattform sollten die Nutzer jedoch die \u00fcblichen Vorsichtsma\u00dfnahmen treffen:<\/p>\n<ul>\n<li>Geben Sie keine privaten Daten weiter (E-Mail, Telefonnummer, Standort)<\/li>\n<li>Klicken Sie nicht auf verd\u00e4chtige Links<\/li>\n<li>Verwenden Sie die Block- und Berichtsfunktionen gro\u00dfz\u00fcgig<\/li>\n<li>Wenn Sie minderj\u00e4hrig sind, sollten Sie die Plattform meiden - sie ist ausschlie\u00dflich f\u00fcr Personen ab 18 Jahren bestimmt.<\/li>\n<\/ul>\n<h2>Benutzererfahrung und Schnittstelle<\/h2>\n<p>Das Design von ChatMatch ist eine seiner besten Eigenschaften. Es ist schlank, modern und \u00fcbersichtlich. Die Video-Feeds sind gro\u00df, die Schaltfl\u00e4chen sind intuitiv und die Einstellungen sind leicht zu finden. Egal, ob Sie es auf dem Desktop oder auf dem Handy verwenden, das Layout passt sich gut an, wobei der Schwerpunkt darauf liegt, alles ablenkungsfrei zu halten.<\/p>\n<p>Die Ladezeiten sind schnell, es gibt kaum Verz\u00f6gerungen, selbst bei langsameren Verbindungen, und insgesamt wirkt die Plattform stabil und professionell aufgebaut. Sie \u00fcberw\u00e4ltigt Sie nicht mit Pop-ups, Benachrichtigungen oder spammiger Werbung - eine erfrischende Abwechslung zu vielen anderen kostenlosen Chat-Plattformen.<\/p>\n<h2>ChatMatch im Vergleich zu anderen Chat-Plattformen<\/h2>\n<p>Schauen wir mal, wie ChatMatch im Vergleich zu einigen seiner beliebten Konkurrenten abschneidet:<\/p>\n<table>\n<thead>\n<tr>\n<th>Merkmal<\/th>\n<th>ChatMatch<\/th>\n<th>Omegle<\/th>\n<th>Chatroulette<\/th>\n<th>Chatspin<\/th>\n<th>Emerald Chat<\/th>\n<\/tr>\n<\/thead>\n<tbody>\n<tr>\n<td>Video-Chat<\/td>\n<td>Ja<\/td>\n<td>Ja<\/td>\n<td>Ja<\/td>\n<td>Ja<\/td>\n<td>Ja<\/td>\n<\/tr>\n<tr>\n<td>Passende Pr\u00e4ferenzen<\/td>\n<td>Ja<\/td>\n<td>Begrenzt<\/td>\n<td>Nein<\/td>\n<td>Ja<\/td>\n<td>Ja<\/td>\n<\/tr>\n<tr>\n<td>Text-Chat-Option<\/td>\n<td>Ja<\/td>\n<td>Ja<\/td>\n<td>Nein<\/td>\n<td>Ja<\/td>\n<td>Ja<\/td>\n<\/tr>\n<tr>\n<td>Registrierung erforderlich<\/td>\n<td>Optional<\/td>\n<td>Nein<\/td>\n<td>Nein<\/td>\n<td>Optional<\/td>\n<td>Ja<\/td>\n<\/tr>\n<tr>\n<td>Mobiloptimiert<\/td>\n<td>Ja<\/td>\n<td>Gut<\/td>\n<td>Messe<\/td>\n<td>Ausgezeichnet<\/td>\n<td>Gut<\/td>\n<\/tr>\n<tr>\n<td>Moderation<\/td>\n<td>Gut<\/td>\n<td>Schwach<\/td>\n<td>Minimal<\/td>\n<td>M\u00e4\u00dfig<\/td>\n<td>Gut<\/td>\n<\/tr>\n<tr>\n<td>Bezahlte Funktionen<\/td>\n<td>Optional<\/td>\n<td>Nein<\/td>\n<td>Nein<\/td>\n<td>Ja<\/td>\n<td>Ja<\/td>\n<\/tr>\n<\/tbody>\n<\/table>\n<p>Wie die Tabelle zeigt, bringt ChatMatch die Einfachheit von Omegle mit der Raffinesse von Plattformen wie Emerald Chat in Einklang und bietet Ihnen so das Beste aus beiden Welten.<\/p>\n<h2>Pro und Kontra<\/h2>\n<p>Profis<\/p>\n<ul>\n<li>Saubere und moderne Schnittstelle<\/li>\n<li>Passende Filter verbessern die Gespr\u00e4chsqualit\u00e4t<\/li>\n<li>Optionale Profile ohne Zwang zur Anmeldung<\/li>\n<li>Sicherere Umgebung als die meisten kostenlosen Videochat-Plattformen<\/li>\n<li>Text- und Video-Chat-Optionen verf\u00fcgbar<\/li>\n<li>Funktioniert gut auf Handy und Desktop<\/li>\n<li>Freemium-Modell mit wertvollen Premium-Upgrades<\/li>\n<\/ul>\n<p>Nachteile<\/p>\n<ul>\n<li>Gelegentlich noch unangemessene Inhalte<\/li>\n<li>Geschlechterfilter und Interessenabgleich sind nicht perfekt<\/li>\n<li>Noch keine eigenst\u00e4ndige mobile Anwendung<\/li>\n<li>Kleinerer Benutzerstamm als Omegle oder Chatroulette<\/li>\n<li>Nicht ideal f\u00fcr langfristige Dates oder den Aufbau einer Beziehung<\/li>\n<\/ul>\n<h2>Ideale Anwendungsf\u00e4lle<\/h2>\n<p>ChatMatch ist perfekt f\u00fcr:<\/p>\n<ul>\n<li>Menschen, die zwanglose soziale Videochats mit besserer \u00dcbereinstimmung als v\u00f6lliger Zuf\u00e4lligkeit w\u00fcnschen<\/li>\n<li>Benutzer, die einen leichten Flirt oder eine lustige Unterhaltung suchen<\/li>\n<li>Diejenigen, die eine sicherere, respektvollere Alternative zu anderen Videochat-Plattformen suchen<\/li>\n<li>Jeder, der chatten m\u00f6chte, ohne ein vollst\u00e4ndiges Profil zu erstellen oder eine App herunterzuladen<\/li>\n<\/ul>\n<p>Es ist nicht ideal f\u00fcr:<\/p>\n<ul>\n<li>Nutzer, die tiefe Beziehungen oder Kompatibilit\u00e4t auf Dating-App-Ebene erwarten<\/li>\n<li>Personen, die anonyme Nur-Text-Chats bevorzugen<\/li>\n<li>Diejenigen, die ein gro\u00dfes Nutzervolumen wie bei der Omegle suchen<\/li>\n<\/ul>\n<h2>Endg\u00fcltiges Urteil<\/h2>\n<p>ChatMatch ist eine der ausgewogensten und durchdachtesten Videochat-Plattformen auf dem Markt. Es gelingt ihr gut, Spontaneit\u00e4t mit einem Sinn f\u00fcr Struktur zu verbinden. Ob Sie nun dort sind, um <a href=\"https:\/\/strangercam.com\/de\/coomeet\/\">treffen<\/a> Wenn Sie neue Leute kennenlernen, flirten oder einfach nur mit jemandem au\u00dferhalb Ihres gewohnten Umfelds sprechen m\u00f6chten, bietet es eine reibungslose, sichere und angenehme Erfahrung.<\/p>\n<p>Die M\u00f6glichkeit, die Plattform kostenlos zu nutzen, gepaart mit n\u00fctzlichen (aber optionalen) Upgrades, macht sie f\u00fcr alle Arten von Nutzern zug\u00e4nglich. Sie versucht nicht, eine Dating-Website oder eine Social-Media-App zu sein - und diese Klarheit des Zwecks wirkt sich zu ihren Gunsten aus.<\/p>\n<h2>Ist ChatMatch einen Versuch wert?<\/h2>\n<p>Unbedingt. Wenn Sie mit der chaotischen, unmoderierten Atmosph\u00e4re \u00e4lterer Chat-Plattformen unzufrieden waren, bietet ChatMatch eine bessere Alternative. Es ist modern, gut aufgebaut und gibt Ihnen ein bisschen mehr Kontrolle dar\u00fcber, mit wem Sie chatten - ohne die Spontaneit\u00e4t zu ruinieren.<\/p>\n<p>Wenn Sie auf der Suche nach einer intelligenteren M\u00f6glichkeit sind, mit Fremden online zu chatten, sollten Sie ChatMatch auf Ihrem Radar haben.<\/p>","protected":false},"excerpt":{"rendered":"<p>As the online chat space becomes more crowded, platforms are racing to stand out with smarter features, cleaner designs, and better user experiences. One platform that\u2019s starting to make a name for itself is ChatMatch \u2014 a web-based random video chat service that leans into algorithmic matching and real-time interaction without compromising on simplicity. But [&hellip;]<\/p>\n","protected":false},"author":6,"featured_media":0,"parent":0,"menu_order":0,"comment_status":"closed","ping_status":"closed","template":"","meta":{"footnotes":""},"class_list":["post-12812","page","type-page","status-publish","hentry"],"yoast_head":"<!-- This site is optimized with the Yoast SEO plugin v26.9 - https:\/\/yoast.com\/product\/yoast-seo-wordpress\/ -->\n<title>ChatMatch - Live video chat with girls on StrangerCam.com<\/title>\n<meta name=\"description\" content=\"Like ChatMatch? Come chat with more than 5.000.000 strangers on Stranger Cam for Free! Turn on your cam and find new friends &amp; maby a match!\" \/>\n<meta name=\"robots\" content=\"index, follow, max-snippet:-1, max-image-preview:large, max-video-preview:-1\" \/>\n<link rel=\"canonical\" href=\"https:\/\/strangercam.com\/de\/chatmatch\/\" \/>\n<meta property=\"og:locale\" content=\"de_DE\" \/>\n<meta property=\"og:type\" content=\"article\" \/>\n<meta property=\"og:title\" content=\"ChatMatch - Live video chat with girls on StrangerCam.com\" \/>\n<meta property=\"og:description\" content=\"Like ChatMatch? Come chat with more than 5.000.000 strangers on Stranger Cam for Free! Turn on your cam and find new friends &amp; maby a match!\" \/>\n<meta property=\"og:url\" content=\"https:\/\/strangercam.com\/de\/chatmatch\/\" \/>\n<meta property=\"og:site_name\" content=\"Strangercam\" \/>\n<meta property=\"article:publisher\" content=\"https:\/\/www.facebook.com\/strangercam\" \/>\n<meta property=\"og:image\" content=\"https:\/\/strangercam.com\/wp-content\/uploads\/2021\/10\/Untitled-2.png\" \/>\n\t<meta property=\"og:image:width\" content=\"800\" \/>\n\t<meta property=\"og:image:height\" content=\"532\" \/>\n\t<meta property=\"og:image:type\" content=\"image\/png\" \/>\n<meta name=\"twitter:card\" content=\"summary_large_image\" \/>\n<meta name=\"twitter:site\" content=\"@strangercamapp\" \/>\n<meta name=\"twitter:label1\" content=\"Gesch\u00e4tzte Lesezeit\" \/>\n\t<meta name=\"twitter:data1\" content=\"7\u00a0Minuten\" \/>\n<script type=\"application\/ld+json\" class=\"yoast-schema-graph\">{\"@context\":\"https:\/\/schema.org\",\"@graph\":[{\"@type\":\"WebPage\",\"@id\":\"https:\/\/strangercam.com\/chatmatch\/\",\"url\":\"https:\/\/strangercam.com\/chatmatch\/\",\"name\":\"ChatMatch - Live video chat with girls on StrangerCam.com\",\"isPartOf\":{\"@id\":\"https:\/\/strangercam.com\/#website\"},\"datePublished\":\"2025-04-22T11:45:21+00:00\",\"description\":\"Like ChatMatch? Come chat with more than 5.000.000 strangers on Stranger Cam for Free! Turn on your cam and find new friends & maby a match!\",\"breadcrumb\":{\"@id\":\"https:\/\/strangercam.com\/chatmatch\/#breadcrumb\"},\"inLanguage\":\"de\",\"potentialAction\":[{\"@type\":\"ReadAction\",\"target\":[\"https:\/\/strangercam.com\/chatmatch\/\"]}]},{\"@type\":\"BreadcrumbList\",\"@id\":\"https:\/\/strangercam.com\/chatmatch\/#breadcrumb\",\"itemListElement\":[{\"@type\":\"ListItem\",\"position\":1,\"name\":\"Home\",\"item\":\"https:\/\/strangercam.com\/\"},{\"@type\":\"ListItem\",\"position\":2,\"name\":\"ChatMatch\"}]},{\"@type\":\"WebSite\",\"@id\":\"https:\/\/strangercam.com\/#website\",\"url\":\"https:\/\/strangercam.com\/\",\"name\":\"Strangercam\",\"description\":\"Random Video Chat with Strangers\",\"publisher\":{\"@id\":\"https:\/\/strangercam.com\/#organization\"},\"alternateName\":\"Strangercam.com\",\"potentialAction\":[{\"@type\":\"SearchAction\",\"target\":{\"@type\":\"EntryPoint\",\"urlTemplate\":\"https:\/\/strangercam.com\/?s={search_term_string}\"},\"query-input\":{\"@type\":\"PropertyValueSpecification\",\"valueRequired\":true,\"valueName\":\"search_term_string\"}}],\"inLanguage\":\"de\"},{\"@type\":\"Organization\",\"@id\":\"https:\/\/strangercam.com\/#organization\",\"name\":\"Strangercam\",\"alternateName\":\"Strangercam.com\",\"url\":\"https:\/\/strangercam.com\/\",\"logo\":{\"@type\":\"ImageObject\",\"inLanguage\":\"de\",\"@id\":\"https:\/\/strangercam.com\/#\/schema\/logo\/image\/\",\"url\":\"https:\/\/strangercam.com\/wp-content\/uploads\/2020\/11\/cropped-new-favicon-black.png\",\"contentUrl\":\"https:\/\/strangercam.com\/wp-content\/uploads\/2020\/11\/cropped-new-favicon-black.png\",\"width\":512,\"height\":512,\"caption\":\"Strangercam\"},\"image\":{\"@id\":\"https:\/\/strangercam.com\/#\/schema\/logo\/image\/\"},\"sameAs\":[\"https:\/\/www.facebook.com\/strangercam\",\"https:\/\/x.com\/strangercamapp\"]}]}<\/script>\n<!-- \/ Yoast SEO plugin. -->","yoast_head_json":{"title":"ChatMatch - Live-Video-Chat mit M\u00e4dchen auf StrangerCam.com","description":"M\u00f6gen Sie ChatMatch? Komm und chatte mit mehr als 5.000.000 Fremden auf Stranger Cam kostenlos! Schalte deine Kamera ein und finde neue Freunde und vielleicht einen Partner!","robots":{"index":"index","follow":"follow","max-snippet":"max-snippet:-1","max-image-preview":"max-image-preview:large","max-video-preview":"max-video-preview:-1"},"canonical":"https:\/\/strangercam.com\/de\/chatmatch\/","og_locale":"de_DE","og_type":"article","og_title":"ChatMatch - Live video chat with girls on StrangerCam.com","og_description":"Like ChatMatch? Come chat with more than 5.000.000 strangers on Stranger Cam for Free! Turn on your cam and find new friends & maby a match!","og_url":"https:\/\/strangercam.com\/de\/chatmatch\/","og_site_name":"Strangercam","article_publisher":"https:\/\/www.facebook.com\/strangercam","og_image":[{"width":800,"height":532,"url":"https:\/\/strangercam.com\/wp-content\/uploads\/2021\/10\/Untitled-2.png","type":"image\/png"}],"twitter_card":"summary_large_image","twitter_site":"@strangercamapp","twitter_misc":{"Gesch\u00e4tzte Lesezeit":"7\u00a0Minuten"},"schema":{"@context":"https:\/\/schema.org","@graph":[{"@type":"WebPage","@id":"https:\/\/strangercam.com\/chatmatch\/","url":"https:\/\/strangercam.com\/chatmatch\/","name":"ChatMatch - Live-Video-Chat mit M\u00e4dchen auf StrangerCam.com","isPartOf":{"@id":"https:\/\/strangercam.com\/#website"},"datePublished":"2025-04-22T11:45:21+00:00","description":"M\u00f6gen Sie ChatMatch? Komm und chatte mit mehr als 5.000.000 Fremden auf Stranger Cam kostenlos! Schalte deine Kamera ein und finde neue Freunde und vielleicht einen Partner!","breadcrumb":{"@id":"https:\/\/strangercam.com\/chatmatch\/#breadcrumb"},"inLanguage":"de","potentialAction":[{"@type":"ReadAction","target":["https:\/\/strangercam.com\/chatmatch\/"]}]},{"@type":"BreadcrumbList","@id":"https:\/\/strangercam.com\/chatmatch\/#breadcrumb","itemListElement":[{"@type":"ListItem","position":1,"name":"Home","item":"https:\/\/strangercam.com\/"},{"@type":"ListItem","position":2,"name":"ChatMatch"}]},{"@type":"WebSite","@id":"https:\/\/strangercam.com\/#website","url":"https:\/\/strangercam.com\/","name":"Strangercam","description":"Zuf\u00e4lliger Video-Chat mit Fremden","publisher":{"@id":"https:\/\/strangercam.com\/#organization"},"alternateName":"Strangercam.com","potentialAction":[{"@type":"SearchAction","target":{"@type":"EntryPoint","urlTemplate":"https:\/\/strangercam.com\/?s={search_term_string}"},"query-input":{"@type":"PropertyValueSpecification","valueRequired":true,"valueName":"search_term_string"}}],"inLanguage":"de"},{"@type":"Organization","@id":"https:\/\/strangercam.com\/#organization","name":"Strangercam","alternateName":"Strangercam.com","url":"https:\/\/strangercam.com\/","logo":{"@type":"ImageObject","inLanguage":"de","@id":"https:\/\/strangercam.com\/#\/schema\/logo\/image\/","url":"https:\/\/strangercam.com\/wp-content\/uploads\/2020\/11\/cropped-new-favicon-black.png","contentUrl":"https:\/\/strangercam.com\/wp-content\/uploads\/2020\/11\/cropped-new-favicon-black.png","width":512,"height":512,"caption":"Strangercam"},"image":{"@id":"https:\/\/strangercam.com\/#\/schema\/logo\/image\/"},"sameAs":["https:\/\/www.facebook.com\/strangercam","https:\/\/x.com\/strangercamapp"]}]}},"_links":{"self":[{"href":"https:\/\/strangercam.com\/de\/wp-json\/wp\/v2\/pages\/12812","targetHints":{"allow":["GET"]}}],"collection":[{"href":"https:\/\/strangercam.com\/de\/wp-json\/wp\/v2\/pages"}],"about":[{"href":"https:\/\/strangercam.com\/de\/wp-json\/wp\/v2\/types\/page"}],"author":[{"embeddable":true,"href":"https:\/\/strangercam.com\/de\/wp-json\/wp\/v2\/users\/6"}],"replies":[{"embeddable":true,"href":"https:\/\/strangercam.com\/de\/wp-json\/wp\/v2\/comments?post=12812"}],"version-history":[{"count":2,"href":"https:\/\/strangercam.com\/de\/wp-json\/wp\/v2\/pages\/12812\/revisions"}],"predecessor-version":[{"id":12814,"href":"https:\/\/strangercam.com\/de\/wp-json\/wp\/v2\/pages\/12812\/revisions\/12814"}],"wp:attachment":[{"href":"https:\/\/strangercam.com\/de\/wp-json\/wp\/v2\/media?parent=12812"}],"curies":[{"name":"wp","href":"https:\/\/api.w.org\/{rel}","templated":true}]}}