{"id":12808,"date":"2025-04-22T13:39:13","date_gmt":"2025-04-22T11:39:13","guid":{"rendered":"https:\/\/strangercam.com\/?page_id=12808"},"modified":"2025-04-22T13:39:25","modified_gmt":"2025-04-22T11:39:25","slug":"ifreechat","status":"publish","type":"page","link":"https:\/\/strangercam.com\/de\/ifreechat\/","title":{"rendered":"iFreeChat"},"content":{"rendered":"<p>In einer Welt, in der Video <a href=\"https:\/\/strangercam.com\/de\/chatroulette\/\">Chat<\/a> Apps werden zunehmend poliert, gefiltert und monetarisiert, aber es gibt eine kleine, aber anhaltende Nachfrage nach etwas mehr roh und minimalistisch. Hier kommt iFreeChat ins Spiel. Es ist nicht auff\u00e4llig, es ist nicht mit Hightech-Funktionen vollgestopft, und es kostet Sie keinen Cent. Aber bietet es einen echten Wert? Und - was noch wichtiger ist - ist es Ihre Zeit wert?<\/p>\n<p>In diesem ausf\u00fchrlichen Testbericht erfahren Sie alles, was Sie \u00fcber iFreeChat wissen m\u00fcssen: was es ist, wer es verwendet, wie es funktioniert, ob es sicher ist und wie es im Vergleich zur Konkurrenz abschneidet.<\/p>\n<h2>Was ist iFreeChat?<\/h2>\n<p>iFreeChat ist eine v\u00f6llig kostenlose Online-Chat-Plattform, die es Nutzern erm\u00f6glicht, mit Fremden aus der ganzen Welt textbasierte Einzelgespr\u00e4che zu f\u00fchren. Im Gegensatz zu moderneren Plattformen, die auf Videos, Filter oder Spiele setzen, ist iFreeChat ganz einfach: ein anonymer Text-Chat, ohne Anmeldung und ohne Bedingungen.<\/p>\n<p>Seit seiner Markteinf\u00fchrung in den fr\u00fchen 2010er Jahren hat das iFreeChat in aller Stille einen stetigen Strom von Nutzern erreicht, vor allem dank seines ultraleichten Designs, seiner schnellen Ladezeiten und seines barrierefreien Zugangs. Es geh\u00f6rt zur gleichen Klasse von Plattformen wie <a href=\"https:\/\/strangercam.com\/de\/omegle\/\">Omegle<\/a> (vor der Video-\u00c4ra) und <a href=\"https:\/\/strangercam.com\/de\/chatib\/\">Chatib<\/a>, und spricht diejenigen an, die die Atmosph\u00e4re eines Chatrooms der alten Schule der Interaktion per Webcam vorziehen.<\/p>\n<h2>Was ist der Zweck von iFreeChat?<\/h2>\n<p>Der Hauptzweck von iFreeChat besteht darin, spontane, anonyme Unterhaltungen zwischen Fremden zu erm\u00f6glichen. Egal, ob Sie sich die Zeit vertreiben, einen neuen Freund finden, mit jemandem am anderen Ende der Welt flirten oder einfach nur ein wenig menschliche Interaktion ohne Verpflichtungen genie\u00dfen m\u00f6chten, iFreeChat bietet Ihnen genau das auf die einfachste Art und Weise.<\/p>\n<p>Dies ist keine Plattform f\u00fcr langfristige Beziehungen, Dating-Profile oder kuratierte Social-Media-Pers\u00f6nlichkeiten. Sie ist f\u00fcr zwanglose Unterhaltungen in Echtzeit gedacht - und nichts weiter. Der Reiz liegt in der M\u00f6glichkeit, in ein Gespr\u00e4ch einzusteigen, ohne sich anzumelden, sich zu registrieren oder durch Werbung und Bezahlschranken zu navigieren.<\/p>\n<h2>Wesentliche Merkmale<\/h2>\n<p>Das iFreeChat ist zwar absichtlich nicht besonders umfangreich ausgestattet, aber es bietet dennoch einiges:<\/p>\n<p>1. Anonymer Sofort-Chat<br \/>\nSobald du auf der Homepage gelandet bist, bist du nur einen Klick davon entfernt, mit einem Fremden zu chatten. Sie m\u00fcssen sich nicht anmelden, kein Konto erstellen und keine E-Mail verifizieren. Sie klicken einfach auf \u201cChat starten\u201d und werden in Echtzeit mit einem anderen Nutzer zusammengebracht.<\/p>\n<p>2. Nur textbasierter Chat<br \/>\nIm Gegensatz zu vielen modernen Mitbewerbern unterst\u00fctzt das iFreeChat keinen Video- oder Audio-Chat. Die gesamte Kommunikation erfolgt \u00fcber reinen Text. Dies hat sowohl Vorteile (mehr Anonymit\u00e4t, weniger Druck, sein Gesicht zu zeigen) als auch Nachteile (weniger pers\u00f6nliche Verbindung, h\u00f6here Wahrscheinlichkeit von Trollen).<\/p>\n<p>3. Themen-Chatr\u00e4ume (begrenzt)<br \/>\nZus\u00e4tzlich zu den Einzelchats bietet iFreeChat einige \u00f6ffentliche Chatr\u00e4ume, die nach Themen wie \u201cZufall\u201d, \u201cTeen Chat\u201d, \u201cFlirt\u201d, \u201cAdult\u201d und \u201cInternational\u201d geordnet sind. Diese R\u00e4ume \u00e4hneln eher klassischen IRC-Nachrichtenbrettern als modernen Gruppen-Chatr\u00e4umen. Sie sind sehr einfach gehalten, bieten den Benutzern aber die M\u00f6glichkeit, sich an Gruppendiskussionen zu beteiligen.<\/p>\n<p>4. Keine Filter oder Abgleichpr\u00e4ferenzen<br \/>\nEs gibt keine Geschlechts-, Orts- oder Interessenfilter. Alles ist zuf\u00e4llig. Wenn Sie mit einer bestimmten Art von Person sprechen m\u00f6chten, ist dies nicht die richtige Plattform daf\u00fcr. Der Reiz liegt hier in der Unvorhersehbarkeit.<\/p>\n<p>5. Mobile und Desktop-kompatibel<br \/>\niFreeChat l\u00e4uft auf mobilen Ger\u00e4ten \u00fcber den Browser recht gut, obwohl die Benutzerfreundlichkeit auf dem Desktop besser ist. Es gibt keine spezielle App f\u00fcr Mobilger\u00e4te.<\/p>\n<p>6. Kein Download erforderlich<br \/>\nDa es webbasiert ist, m\u00fcssen Sie nichts installieren. Dies macht iFreeChat sehr zug\u00e4nglich, insbesondere f\u00fcr Benutzer auf \u00f6ffentlichen oder gemeinsam genutzten Computern.<\/p>\n<h2>Ist iFreeChat kostenlos?<\/h2>\n<p>Ja, iFreeChat ist 100% kostenlos zu verwenden. Es gibt keine versteckten Geb\u00fchren, Upgrades oder Mitgliedschaften. Sie m\u00fcssen sich nicht einmal registrieren. Die Website wird leicht durch Werbung finanziert, die nicht aufdringlich ist und das Chat-Erlebnis nicht beeintr\u00e4chtigt. Die fehlende Monetarisierung bringt jedoch auch einige Einschr\u00e4nkungen mit sich, insbesondere in Bezug auf Moderation und Sicherheitsfunktionen.<\/p>\n<h2>Wer verwendet iFreeChat?<\/h2>\n<p>Die Nutzerbasis von iFreeChat ist recht vielf\u00e4ltig. Nach unseren Beobachtungen fallen die meisten Nutzer in die folgenden Kategorien:<\/p>\n<ul>\n<li>Jugendliche und junge Erwachsene zwischen 15 und 30 Jahren<\/li>\n<li>Menschen auf der Suche nach einem leichten Flirt oder einer Online-Freundschaft<\/li>\n<li>Nutzer in Regionen mit begrenztem Zugang zu modernen Chat-Anwendungen<\/li>\n<li>Fans des anonymen Chats der alten Schule<\/li>\n<li>Nutzer, die sch\u00fcchtern sind oder ihre Privatsph\u00e4re sch\u00fctzen wollen und es vorziehen, kein Video zu verwenden<\/li>\n<\/ul>\n<p>Geografisch gesehen kommen die Nutzer aus der ganzen Welt, wobei die Vereinigten Staaten, Indien, das Vereinigte K\u00f6nigreich und Teile Europas und S\u00fcdostasiens stark vertreten sind. Da es kein Nutzerprofil oder Login gibt, ist es schwer, genaue demografische Daten zu erhalten, aber das Publikum ist tendenziell ziemlich international und leicht m\u00e4nnlich, besonders im privaten Chat-Modus.<\/p>\n<h2>Sicherheit und Datenschutz<\/h2>\n<p>Hier werden die Dinge ernster. Der gr\u00f6\u00dfte Nachteil von iFreeChat ist der Mangel an Moderation. Da es keine Registrierung gibt, gibt es auch keine Verantwortlichkeit, was zu unangemessenen Inhalten, Trolling und manchmal beleidigendem Verhalten f\u00fchren kann. Es gibt ein paar grundlegende Richtlinien und eine Schaltfl\u00e4che \"Benutzer melden\", aber diese scheinen nicht stark durchgesetzt oder \u00fcberwacht zu werden.<\/p>\n<p>F\u00fcr Nutzer, die Wert auf Privatsph\u00e4re und Anonymit\u00e4t legen, kann dies sowohl ein Plus als auch ein Minus sein. Einerseits geben Sie keine pers\u00f6nlichen Informationen preis. Andererseits k\u00f6nnen Sie auf Menschen treffen, die die Anonymit\u00e4t f\u00fcr negatives Verhalten missbrauchen.<\/p>\n<p>Im Folgenden finden Sie einige Sicherheitstipps zur Verwendung von iFreeChat:<\/p>\n<ul>\n<li>Geben Sie niemals pers\u00f6nliche Informationen weiter<\/li>\n<li>Vermeiden Sie das Anklicken von Links, die von anderen Benutzern gesendet wurden<\/li>\n<li>Verwenden Sie ein VPN, wenn Sie \u00fcber IP-Tracking besorgt sind<\/li>\n<li>Seien Sie darauf vorbereitet, das Gespr\u00e4ch schnell zu beenden, wenn es unangemessen wird.<\/li>\n<\/ul>\n<h2>Benutzererfahrung und Design<\/h2>\n<p>iFreeChat ist extrem leichtgewichtig. Das Design ist schlicht und einfach - keine modernen UI-Elemente, keine Avatare, keine Ladeanimationen. Die Oberfl\u00e4che besteht aus einer Chatbox, ein paar einfachen Schaltfl\u00e4chen und sonst nichts. Dadurch wird sie sehr schnell geladen, auch bei langsamen Verbindungen, und ist trotz ihrer Einfachheit \u00fcberraschend stabil.<\/p>\n<p>Das minimalistische Design hat zwar seinen Charme, aber manche Benutzer finden es vielleicht zu veraltet oder wenig einladend, vor allem im Vergleich zu visuell ausgefeilten Plattformen wie Chatspin oder <a href=\"https:\/\/strangercam.com\/de\/emerald-chat\/\">Smaragd<\/a> Chat. F\u00fcr Benutzer, die Wert auf Schnelligkeit und Einfachheit legen, ist es jedoch eine gute L\u00f6sung, die keine Ablenkung bietet.<\/p>\n<h2>iFreeChat im Vergleich zu anderen Chat-Plattformen<\/h2>\n<p>Um zu verstehen, wo iFreeChat in das \u00d6kosystem der Online-Chat-Plattformen passt, ist hier ein kurzer Vergleich mit einigen beliebten Alternativen:<\/p>\n<table>\n<thead>\n<tr>\n<th>Merkmal<\/th>\n<th>iFreeChat<\/th>\n<th>Omegle<\/th>\n<th>Chatib<\/th>\n<th>Chatrandom<\/th>\n<th>Emerald Chat<\/th>\n<\/tr>\n<\/thead>\n<tbody>\n<tr>\n<td>Text-Chat<\/td>\n<td>Ja<\/td>\n<td>Ja<\/td>\n<td>Ja<\/td>\n<td>Ja<\/td>\n<td>Ja<\/td>\n<\/tr>\n<tr>\n<td><a href=\"https:\/\/strangercam.com\/de\/coomeet\/\">Video-Chat<\/a><\/td>\n<td>Nein<\/td>\n<td>Ja<\/td>\n<td>Nein<\/td>\n<td>Ja<\/td>\n<td>Ja<\/td>\n<\/tr>\n<tr>\n<td>Anonyme Nutzung<\/td>\n<td>Ja<\/td>\n<td>Ja<\/td>\n<td>Ja<\/td>\n<td>Ja<\/td>\n<td>Optional<\/td>\n<\/tr>\n<tr>\n<td>Gender-Filter<\/td>\n<td>Nein<\/td>\n<td>Bezahlt<\/td>\n<td>Nein<\/td>\n<td>Bezahlt<\/td>\n<td>Ja<\/td>\n<\/tr>\n<tr>\n<td>Thema Chat-R\u00e4ume<\/td>\n<td>Begrenzt<\/td>\n<td>Nein<\/td>\n<td>Ja<\/td>\n<td>Nein<\/td>\n<td>Nein<\/td>\n<\/tr>\n<tr>\n<td>Moderation<\/td>\n<td>Minimal<\/td>\n<td>Minimal<\/td>\n<td>Minimal<\/td>\n<td>M\u00e4\u00dfig<\/td>\n<td>Gut<\/td>\n<\/tr>\n<tr>\n<td>Mobile Unterst\u00fctzung<\/td>\n<td>Okay<\/td>\n<td>Gut<\/td>\n<td>Okay<\/td>\n<td>Gut<\/td>\n<td>Gut<\/td>\n<\/tr>\n<tr>\n<td>Registrierung erforderlich<\/td>\n<td>Nein<\/td>\n<td>Nein<\/td>\n<td>Nein<\/td>\n<td>Nein<\/td>\n<td>Ja<\/td>\n<\/tr>\n<\/tbody>\n<\/table>\n<p>Das iFreeChat ist zwar nicht konkurrenzf\u00e4hig, was die Funktionen angeht, aber es kann sich durchaus sehen lassen, wenn es um schnelles, anonymes Chatten geht.<\/p>\n<h2>Pro und Kontra<\/h2>\n<p>Vorteile:<\/p>\n<ul>\n<li>V\u00f6llig kostenlos und anonym<\/li>\n<li>Keine Anmeldung oder Installation erforderlich<\/li>\n<li>Sofortiger Zugang zu Einzel- oder Gruppenchats<\/li>\n<li>Schnelles Laden, auch bei langsamen Netzen<\/li>\n<li>Funktioniert sowohl auf Desktop- als auch auf mobilen Browsern<\/li>\n<\/ul>\n<p>Nachteile:<\/p>\n<ul>\n<li>Veraltete Benutzeroberfl\u00e4che<\/li>\n<li>Keine Video- oder Audio-Optionen<\/li>\n<li>Keine Filter- oder Abgleichkontrollen<\/li>\n<li>Minimale Moderation und Potenzial f\u00fcr unangemessene Inhalte<\/li>\n<li>Begrenzte Aktivit\u00e4t im Themenraum<\/li>\n<li>Kann sich mit der Zeit repetitiv oder zuf\u00e4llig anf\u00fchlen<\/li>\n<\/ul>\n<h2>Ideale Anwendungsf\u00e4lle<\/h2>\n<p>iFreeChat ist am besten geeignet f\u00fcr:<\/p>\n<ul>\n<li>Nutzer, die eine reine Textinteraktion bevorzugen<\/li>\n<li>Menschen, die chatten m\u00f6chten, ohne pers\u00f6nliche Informationen preiszugeben<\/li>\n<li>Zwanglose, kurzfristige soziale Interaktion<\/li>\n<li>\u00c4ltere Nutzer, die fr\u00fcher gerne in Internet-Chatrooms waren und ein nostalgisches Erlebnis suchen<\/li>\n<\/ul>\n<p>Es ist nicht ideal f\u00fcr:<\/p>\n<ul>\n<li>Diejenigen, die einen Videochat oder andere ansprechende Formate suchen<\/li>\n<li>Nutzer, die Dating-Funktionen oder Matching-Algorithmen w\u00fcnschen<\/li>\n<li>Menschen, die einen kuratierten oder sicheren Gemeinschaftsraum suchen<\/li>\n<\/ul>\n<h2>Endg\u00fcltiges Urteil<\/h2>\n<p>iFreeChat ist ein R\u00fcckgriff auf eine einfachere \u00c4ra des Internets - eine \u00c4ra, in der das Chatten mit Fremden bedeutete, direkt in textbasierte Unterhaltungen einzutauchen, ohne Filter, ohne Profile und ohne Verpflichtungen. Diese Einfachheit ist seine gr\u00f6\u00dfte St\u00e4rke, aber auch seine gr\u00f6\u00dfte Schw\u00e4che.<\/p>\n<p>Wenn Sie etwas Ausgefeiltes, Soziales und Community-orientiertes suchen, gibt es bessere Optionen. Aber wenn Sie Wert auf Geschwindigkeit und Anonymit\u00e4t legen und Ihnen ein paar Ecken und Kanten nichts ausmachen, hat iFreeChat immer noch einen Platz in der Online-Chat-Welt.<\/p>\n<p>F\u00fcr Benutzer, die die alten Tage der IRC-\u00e4hnlichen Unterhaltungen vermissen oder einfach nur ein paar Minuten anonym chatten m\u00f6chten, ist es ein zuverl\u00e4ssiges (wenn auch einfaches) Tool, das auch im Zeitalter der Video-First-Apps noch funktioniert.<\/p>\n<h2>Tipps f\u00fcr ein besseres Erlebnis<\/h2>\n<ul>\n<li>Desktop verwenden f\u00fcr ein stabileres und benutzerfreundlicheres Layout<\/li>\n<li>Versuchen Sie n\u00e4chtliche Sitzungen f\u00fcr aktivere Nutzer<\/li>\n<li>Erwarten Sie keine tiefen oder dauerhaften Beziehungen - es geht eher um Spa\u00df und lockere Gespr\u00e4che<\/li>\n<li>Halten Sie die Erwartungen in Bezug auf M\u00e4\u00dfigung oder Sicherheit niedrig<\/li>\n<\/ul>\n<h2>Ist das iFreeChat sein Geld wert?<\/h2>\n<p>Kurz gesagt: Ja, wenn Sie auf Einfachheit und Anonymit\u00e4t Wert legen. Aber nein, wenn Sie eine fortschrittlichere, sicherere oder funktionsreichere Chat-Plattform suchen. Es h\u00e4ngt alles davon ab, welche Art von Online-Chat-Erlebnis Sie suchen.<\/p>","protected":false},"excerpt":{"rendered":"<p>In a world where video chat apps are becoming increasingly polished, filtered, and monetized, there\u2019s a small but persistent demand for something more raw and minimalist. That\u2019s where iFreeChat comes in. It\u2019s not flashy, it\u2019s not packed with high-tech features, and it won\u2019t cost you a cent. But does it offer real value? And more [&hellip;]<\/p>\n","protected":false},"author":6,"featured_media":0,"parent":0,"menu_order":0,"comment_status":"closed","ping_status":"closed","template":"","meta":{"footnotes":""},"class_list":["post-12808","page","type-page","status-publish","hentry"],"yoast_head":"<!-- This site is optimized with the Yoast SEO plugin v27.4 - https:\/\/yoast.com\/product\/yoast-seo-wordpress\/ -->\n<title>iFreeChat - Live video chat with girls on StrangerCam.com<\/title>\n<meta name=\"description\" content=\"Like iFreeChat? Come chat with more than 5.000.000 strangers on Stranger Cam for Free! Turn on your cam and find new friends &amp; maby a match!\" \/>\n<meta name=\"robots\" content=\"index, follow, max-snippet:-1, max-image-preview:large, max-video-preview:-1\" \/>\n<link rel=\"canonical\" href=\"https:\/\/strangercam.com\/de\/ifreechat\/\" \/>\n<meta property=\"og:locale\" content=\"de_DE\" \/>\n<meta property=\"og:type\" content=\"article\" \/>\n<meta property=\"og:title\" content=\"iFreeChat - Live video chat with girls on StrangerCam.com\" \/>\n<meta property=\"og:description\" content=\"Like iFreeChat? Come chat with more than 5.000.000 strangers on Stranger Cam for Free! Turn on your cam and find new friends &amp; maby a match!\" \/>\n<meta property=\"og:url\" content=\"https:\/\/strangercam.com\/de\/ifreechat\/\" \/>\n<meta property=\"og:site_name\" content=\"Strangercam\" \/>\n<meta property=\"article:publisher\" content=\"https:\/\/www.facebook.com\/strangercam\" \/>\n<meta property=\"article:modified_time\" content=\"2025-04-22T11:39:25+00:00\" \/>\n<meta property=\"og:image\" content=\"https:\/\/strangercam.com\/wp-content\/uploads\/2021\/10\/Untitled-2.png\" \/>\n\t<meta property=\"og:image:width\" content=\"800\" \/>\n\t<meta property=\"og:image:height\" content=\"532\" \/>\n\t<meta property=\"og:image:type\" content=\"image\/png\" \/>\n<meta name=\"twitter:card\" content=\"summary_large_image\" \/>\n<meta name=\"twitter:site\" content=\"@strangercamapp\" \/>\n<meta name=\"twitter:label1\" content=\"Gesch\u00e4tzte Lesezeit\" \/>\n\t<meta name=\"twitter:data1\" content=\"7\u00a0Minuten\" \/>\n<script type=\"application\/ld+json\" class=\"yoast-schema-graph\">{\"@context\":\"https:\\\/\\\/schema.org\",\"@graph\":[{\"@type\":\"WebPage\",\"@id\":\"https:\\\/\\\/strangercam.com\\\/ifreechat\\\/\",\"url\":\"https:\\\/\\\/strangercam.com\\\/ifreechat\\\/\",\"name\":\"iFreeChat - Live video chat with girls on StrangerCam.com\",\"isPartOf\":{\"@id\":\"https:\\\/\\\/strangercam.com\\\/#website\"},\"datePublished\":\"2025-04-22T11:39:13+00:00\",\"dateModified\":\"2025-04-22T11:39:25+00:00\",\"description\":\"Like iFreeChat? Come chat with more than 5.000.000 strangers on Stranger Cam for Free! Turn on your cam and find new friends & maby a match!\",\"breadcrumb\":{\"@id\":\"https:\\\/\\\/strangercam.com\\\/ifreechat\\\/#breadcrumb\"},\"inLanguage\":\"de\",\"potentialAction\":[{\"@type\":\"ReadAction\",\"target\":[\"https:\\\/\\\/strangercam.com\\\/ifreechat\\\/\"]}]},{\"@type\":\"BreadcrumbList\",\"@id\":\"https:\\\/\\\/strangercam.com\\\/ifreechat\\\/#breadcrumb\",\"itemListElement\":[{\"@type\":\"ListItem\",\"position\":1,\"name\":\"Home\",\"item\":\"https:\\\/\\\/strangercam.com\\\/\"},{\"@type\":\"ListItem\",\"position\":2,\"name\":\"iFreeChat\"}]},{\"@type\":\"WebSite\",\"@id\":\"https:\\\/\\\/strangercam.com\\\/#website\",\"url\":\"https:\\\/\\\/strangercam.com\\\/\",\"name\":\"Strangercam\",\"description\":\"Random Video Chat with Strangers\",\"publisher\":{\"@id\":\"https:\\\/\\\/strangercam.com\\\/#organization\"},\"alternateName\":\"Strangercam.com\",\"potentialAction\":[{\"@type\":\"SearchAction\",\"target\":{\"@type\":\"EntryPoint\",\"urlTemplate\":\"https:\\\/\\\/strangercam.com\\\/?s={search_term_string}\"},\"query-input\":{\"@type\":\"PropertyValueSpecification\",\"valueRequired\":true,\"valueName\":\"search_term_string\"}}],\"inLanguage\":\"de\"},{\"@type\":\"Organization\",\"@id\":\"https:\\\/\\\/strangercam.com\\\/#organization\",\"name\":\"Strangercam\",\"alternateName\":\"Strangercam.com\",\"url\":\"https:\\\/\\\/strangercam.com\\\/\",\"logo\":{\"@type\":\"ImageObject\",\"inLanguage\":\"de\",\"@id\":\"https:\\\/\\\/strangercam.com\\\/#\\\/schema\\\/logo\\\/image\\\/\",\"url\":\"https:\\\/\\\/strangercam.com\\\/wp-content\\\/uploads\\\/2020\\\/11\\\/cropped-new-favicon-black.png\",\"contentUrl\":\"https:\\\/\\\/strangercam.com\\\/wp-content\\\/uploads\\\/2020\\\/11\\\/cropped-new-favicon-black.png\",\"width\":512,\"height\":512,\"caption\":\"Strangercam\"},\"image\":{\"@id\":\"https:\\\/\\\/strangercam.com\\\/#\\\/schema\\\/logo\\\/image\\\/\"},\"sameAs\":[\"https:\\\/\\\/www.facebook.com\\\/strangercam\",\"https:\\\/\\\/x.com\\\/strangercamapp\"]}]}<\/script>\n<!-- \/ Yoast SEO plugin. -->","yoast_head_json":{"title":"iFreeChat - Live-Video-Chat mit M\u00e4dchen auf StrangerCam.com","description":"Gef\u00e4llt dir iFreeChat? Komm und chatte mit mehr als 5.000.000 Fremden auf Stranger Cam - kostenlos! Schalte deine Kamera ein und finde neue Freunde und vielleicht einen Partner!","robots":{"index":"index","follow":"follow","max-snippet":"max-snippet:-1","max-image-preview":"max-image-preview:large","max-video-preview":"max-video-preview:-1"},"canonical":"https:\/\/strangercam.com\/de\/ifreechat\/","og_locale":"de_DE","og_type":"article","og_title":"iFreeChat - Live video chat with girls on StrangerCam.com","og_description":"Like iFreeChat? Come chat with more than 5.000.000 strangers on Stranger Cam for Free! Turn on your cam and find new friends & maby a match!","og_url":"https:\/\/strangercam.com\/de\/ifreechat\/","og_site_name":"Strangercam","article_publisher":"https:\/\/www.facebook.com\/strangercam","article_modified_time":"2025-04-22T11:39:25+00:00","og_image":[{"width":800,"height":532,"url":"https:\/\/strangercam.com\/wp-content\/uploads\/2021\/10\/Untitled-2.png","type":"image\/png"}],"twitter_card":"summary_large_image","twitter_site":"@strangercamapp","twitter_misc":{"Gesch\u00e4tzte Lesezeit":"7\u00a0Minuten"},"schema":{"@context":"https:\/\/schema.org","@graph":[{"@type":"WebPage","@id":"https:\/\/strangercam.com\/ifreechat\/","url":"https:\/\/strangercam.com\/ifreechat\/","name":"iFreeChat - Live-Video-Chat mit M\u00e4dchen auf StrangerCam.com","isPartOf":{"@id":"https:\/\/strangercam.com\/#website"},"datePublished":"2025-04-22T11:39:13+00:00","dateModified":"2025-04-22T11:39:25+00:00","description":"Gef\u00e4llt dir iFreeChat? Komm und chatte mit mehr als 5.000.000 Fremden auf Stranger Cam - kostenlos! Schalte deine Kamera ein und finde neue Freunde und vielleicht einen Partner!","breadcrumb":{"@id":"https:\/\/strangercam.com\/ifreechat\/#breadcrumb"},"inLanguage":"de","potentialAction":[{"@type":"ReadAction","target":["https:\/\/strangercam.com\/ifreechat\/"]}]},{"@type":"BreadcrumbList","@id":"https:\/\/strangercam.com\/ifreechat\/#breadcrumb","itemListElement":[{"@type":"ListItem","position":1,"name":"Home","item":"https:\/\/strangercam.com\/"},{"@type":"ListItem","position":2,"name":"iFreeChat"}]},{"@type":"WebSite","@id":"https:\/\/strangercam.com\/#website","url":"https:\/\/strangercam.com\/","name":"Strangercam","description":"Zuf\u00e4lliger Video-Chat mit Fremden","publisher":{"@id":"https:\/\/strangercam.com\/#organization"},"alternateName":"Strangercam.com","potentialAction":[{"@type":"SearchAction","target":{"@type":"EntryPoint","urlTemplate":"https:\/\/strangercam.com\/?s={search_term_string}"},"query-input":{"@type":"PropertyValueSpecification","valueRequired":true,"valueName":"search_term_string"}}],"inLanguage":"de"},{"@type":"Organization","@id":"https:\/\/strangercam.com\/#organization","name":"Strangercam","alternateName":"Strangercam.com","url":"https:\/\/strangercam.com\/","logo":{"@type":"ImageObject","inLanguage":"de","@id":"https:\/\/strangercam.com\/#\/schema\/logo\/image\/","url":"https:\/\/strangercam.com\/wp-content\/uploads\/2020\/11\/cropped-new-favicon-black.png","contentUrl":"https:\/\/strangercam.com\/wp-content\/uploads\/2020\/11\/cropped-new-favicon-black.png","width":512,"height":512,"caption":"Strangercam"},"image":{"@id":"https:\/\/strangercam.com\/#\/schema\/logo\/image\/"},"sameAs":["https:\/\/www.facebook.com\/strangercam","https:\/\/x.com\/strangercamapp"]}]}},"_links":{"self":[{"href":"https:\/\/strangercam.com\/de\/wp-json\/wp\/v2\/pages\/12808","targetHints":{"allow":["GET"]}}],"collection":[{"href":"https:\/\/strangercam.com\/de\/wp-json\/wp\/v2\/pages"}],"about":[{"href":"https:\/\/strangercam.com\/de\/wp-json\/wp\/v2\/types\/page"}],"author":[{"embeddable":true,"href":"https:\/\/strangercam.com\/de\/wp-json\/wp\/v2\/users\/6"}],"replies":[{"embeddable":true,"href":"https:\/\/strangercam.com\/de\/wp-json\/wp\/v2\/comments?post=12808"}],"version-history":[{"count":1,"href":"https:\/\/strangercam.com\/de\/wp-json\/wp\/v2\/pages\/12808\/revisions"}],"predecessor-version":[{"id":12811,"href":"https:\/\/strangercam.com\/de\/wp-json\/wp\/v2\/pages\/12808\/revisions\/12811"}],"wp:attachment":[{"href":"https:\/\/strangercam.com\/de\/wp-json\/wp\/v2\/media?parent=12808"}],"curies":[{"name":"wp","href":"https:\/\/api.w.org\/{rel}","templated":true}]}}