{"id":12708,"date":"2025-02-07T13:30:21","date_gmt":"2025-02-07T11:30:21","guid":{"rendered":"https:\/\/strangercam.com\/?page_id=12708"},"modified":"2025-02-07T13:30:59","modified_gmt":"2025-02-07T11:30:59","slug":"tochato","status":"publish","type":"page","link":"https:\/\/strangercam.com\/de\/tochato\/","title":{"rendered":"Tochato"},"content":{"rendered":"<p>In der sich st\u00e4ndig weiterentwickelnden Landschaft der Online-Kommunikation hat sich Tochato zu einem herausragenden Ziel f\u00fcr diejenigen entwickelt, die spontane, textbasierte Verbindungen suchen. Mit dem Schwerpunkt auf Anonymit\u00e4t und Benutzerfreundlichkeit bietet Tochato eine Umgebung, in der Sie mit v\u00f6llig Fremden ins Gespr\u00e4ch kommen k\u00f6nnen - und vielleicht den einen oder anderen neuen Freund gewinnen. Wenn Sie die Einfachheit von Textchats gegen\u00fcber Videoanrufen bevorzugen, k\u00f6nnte Tochato der perfekte digitale Treffpunkt sein.<\/p>\n<h2>Was ist Tochato?<\/h2>\n<p>Im Kern ist das Tochato ein Zufallsgenerator <a href=\"https:\/\/strangercam.com\/de\/chathub\/\">Chat<\/a> Plattform, die Nutzer f\u00fcr Textgespr\u00e4che in Echtzeit zusammenbringt. Im Gegensatz zu vielen modernen Chat-Websites, die Video-Interaktionen in den Vordergrund stellen, geht Tochato zur\u00fcck zu den Grundlagen und stellt Text-Chats in den Mittelpunkt, um eine angenehmere und druck\u00e4rmere Umgebung zu schaffen.<\/p>\n<ul>\n<li>Anonyme Verbindungen: Da kein Video erforderlich ist, k\u00f6nnen Sie freier und ohne die \u00fcblichen visuellen Erwartungen chatten.<\/li>\n<li>Sofortiges Pairing: Verbinden Sie sich mit nur wenigen Klicks mit einem zuf\u00e4lligen Benutzer.<\/li>\n<li>Benutzerfreundliches Design: Die Benutzeroberfl\u00e4che ist einfach und \u00fcbersichtlich gestaltet, so dass sie auch f\u00fcr Anf\u00e4nger leicht zu bedienen ist.<\/li>\n<\/ul>\n<p>Tochato legt gro\u00dfen Wert auf Spontaneit\u00e4t. Jede Chatsitzung beginnt ohne Vorurteile - man wei\u00df nie, wen man vor sich hat. <a href=\"https:\/\/strangercam.com\/de\/coomeet\/\">treffen<\/a> oder welche Geschichten Sie erz\u00e4hlen werden. Diese Unvorhersehbarkeit macht den Reiz von Tochato aus. Es bietet den Nervenkitzel, neue Leute zu treffen, ohne langwierige Registrierungsprozesse oder komplizierte Einstellungen.<\/p>\n<h2>Ist die Nutzung von Tochato kostenlos?<\/h2>\n<p>Einer der gr\u00f6\u00dften Vorteile von Tochato ist seine Zug\u00e4nglichkeit. Die Plattform kann von jedem kostenlos genutzt werden. In der Regel gibt es keine Abonnementgeb\u00fchr oder einen Premium-Plan; Sie \u00f6ffnen einfach die Website und beginnen zu chatten. W\u00e4hrend einige Zufalls-Chat-Plattformen fortgeschrittene Funktionen hinter einer Bezahlschranke verbergen, bleibt Tochato ein kostenloser Ansatz, der es jedem Nutzer erm\u00f6glicht, zu chatten:<\/p>\n<ul>\n<li>Sofortige Verbindung mit zuf\u00e4lligen Fremden<\/li>\n<li>Unbegrenzte Textkonversationen f\u00fchren<\/li>\n<li>Erkundung verschiedener Chatroom-Optionen (falls verf\u00fcgbar)<\/li>\n<\/ul>\n<p>Da Tochato in erster Linie auf textbasierter Kommunikation beruht, erfordern die meisten Funktionen keine hohe Bandbreite oder spezielle Hardware - ein weiterer Vorteil, der die Sache sowohl kosteng\u00fcnstig als auch problemlos macht.<\/p>\n<h2>Wie man Tochato verwendet<\/h2>\n<p>Einer der Gr\u00fcnde, warum Tochato so beliebt geworden ist, ist seine m\u00fchelose Einrichtung. Hier ist ein kurzer \u00dcberblick \u00fcber die ersten Schritte:<\/p>\n<ol>\n<li>Besuchen Sie die Website<br \/>\nGehen Sie einfach auf die Tochato-Homepage. Normalerweise sehen Sie sofort die Option \"Chat starten\" oder \"Verbinden\".<\/li>\n<li>Den Chat betreten<br \/>\nKlicken Sie auf die Schaltfl\u00e4che, um einen zuf\u00e4lligen Text-Chat zu starten. Das System wird Sie sofort mit einem anderen Benutzer zusammenbringen.<\/li>\n<li>Anonym bleiben oder einen Spitznamen festlegen<br \/>\nW\u00e4hrend viele Nutzer die Anonymit\u00e4t genie\u00dfen, die sich daraus ergibt, dass sie \u00fcberhaupt keinen Namen verwenden, k\u00f6nnen Sie auf einigen Plattformen einen Spitznamen festlegen. Das ist ganz Ihnen \u00fcberlassen.<\/li>\n<li>Konversation beginnen<br \/>\nSobald Sie verbunden sind, senden Sie eine freundliche Begr\u00fc\u00dfung. Wenn das Gespr\u00e4ch nicht passt, k\u00f6nnen Sie normalerweise auf \"Weiter\" klicken, um zu einem anderen zuf\u00e4lligen Chatpartner zu wechseln.<\/li>\n<li>Beachten Sie die Leitlinien der Gemeinschaft<br \/>\nUm den Chat f\u00fcr alle angenehm zu gestalten, stellt Tochato oft grundlegende Regeln auf, wie z. B. kein Spamming oder Beleidigungen. Achten Sie darauf, diese Richtlinien einzuhalten, um eine positive Erfahrung f\u00fcr sich und andere zu erhalten.<\/li>\n<\/ol>\n<h2>Wof\u00fcr ist Tochato am besten geeignet?<\/h2>\n<p>Tochato gl\u00e4nzt als Plattform f\u00fcr spontane, unaufgeregte Textkonversationen. Das ist der Punkt, an dem es wirklich heraussticht:<\/p>\n<ul>\n<li>Anonymit\u00e4t und Komfort: Ohne die zus\u00e4tzliche Ebene des Videos ist es einfacher, anonym zu bleiben, was es den Menschen erm\u00f6glicht, sich zu \u00f6ffnen oder sich freier zu \u00e4u\u00dfern.<\/li>\n<li>Sofortige Verbindungen: Da Sie sofort zum n\u00e4chsten Chat \u00fcbergehen k\u00f6nnen, m\u00fcssen Sie nicht lange warten, bis jemand Ihrem Raum beitritt.<\/li>\n<li>L\u00e4ssige und einfache Schnittstelle: Perfekt f\u00fcr alle, die eine schnelle soziale Interaktion ohne den Schnickschnack (oder die Komplikationen) von <a href=\"https:\/\/strangercam.com\/de\/rabbit-video-chat\/\">Video-Chat<\/a>.<\/li>\n<li>Sprachkenntnisse \u00fcben: Textbasierte Plattformen eignen sich hervorragend, um eine neue Sprache in Echtzeit im Gespr\u00e4ch mit verschiedenen Sprechern aus aller Welt zu \u00fcben.<\/li>\n<\/ul>\n<p>Wenn Sie eine entspanntere Umgebung bevorzugen, in der das Aussehen und der Standort nicht im Mittelpunkt stehen, ist der reine Textansatz von Tochato wahrscheinlich genau das Richtige f\u00fcr Sie.<\/p>\n<h2>Hauptmerkmale von Tochato<\/h2>\n<p>Obwohl Tochato f\u00fcr seine Einfachheit bekannt ist, verf\u00fcgt es dennoch \u00fcber eine Vielzahl von Funktionen, die die Benutzerfreundlichkeit erh\u00f6hen:<\/p>\n<ul>\n<li>Zuf\u00e4lliges Pairing: Sie werden sofort mit Menschen aus verschiedenen Teilen der Welt zusammengebracht.<\/li>\n<li>Option f\u00fcr \"N\u00e4chste\" Benutzer: Wenn ein Gespr\u00e4ch nicht gut l\u00e4uft, k\u00f6nnen Sie schnell zu einem anderen Benutzer wechseln.<\/li>\n<li>Minimale Einrichtung: Keine zus\u00e4tzlichen Downloads oder komplizierte Installation erforderlich - \u00f6ffnen Sie einfach die Website und beginnen Sie zu chatten.<\/li>\n<li>Reaktionsf\u00e4higes Design: Tochato funktioniert oft sowohl auf Desktop- als auch auf Mobilger\u00e4ten reibungslos, sodass Sie auch unterwegs chatten k\u00f6nnen.<\/li>\n<li>Sicherheitsma\u00dfnahmen: Auch wenn die spezifischen Funktionen variieren k\u00f6nnen, bietet Tochato in der Regel eine Art von Moderations- oder Meldetool, um unangemessenes Verhalten zu melden.<\/li>\n<\/ul>\n<p>Da es kostenlos und unkompliziert ist, ist es eine gro\u00dfartige Plattform f\u00fcr schnelle, spontane Interaktionen - ohne die Erstellung von Konten oder komplizierten Benutzerprofilen.<\/p>\n<h2>Was sind die Alternativen zu Tochato?<\/h2>\n<p>Wenn Sie gerne textbasierte Zufalls-Chats f\u00fchren, gibt es einige alternative Plattformen, die Ihr Interesse wecken k\u00f6nnten. Seiten wie <a href=\"https:\/\/strangercam.com\/de\/omegle\/\">Omegle<\/a> oder <a href=\"https:\/\/strangercam.com\/de\/chatroulette\/\">Chatroulette<\/a> (obwohl sie auch Video-Optionen haben) bieten reine Text-Modi, w\u00e4hrend mehr Community-orientierte Websites Ihnen die M\u00f6glichkeit geben, an themenbasierten Chat-R\u00e4umen teilzunehmen. Der starke Fokus von Tochato auf Text statt Video hebt ihn jedoch von anderen ab, insbesondere f\u00fcr Benutzer, die Anonymit\u00e4t und Einfachheit bevorzugen.<\/p>\n<p>Es kann Spa\u00df machen, verschiedene Websites auszuprobieren und die ideale Chat-Community zu finden, aber Tochato bleibt die erste Wahl f\u00fcr alle, die unkomplizierte, zuf\u00e4llige Textunterhaltungen lieben.<\/p>\n<h2>Schlussfolgerung<\/h2>\n<p>Wenn Sie auf der Suche nach einer Plattform sind, auf der Sie spontane Textunterhaltungen mit v\u00f6llig Fremden f\u00fchren k\u00f6nnen, ohne sich mit dem Druck eines Videochats auseinandersetzen zu m\u00fcssen, ist Tochato einen Blick wert. Kostenlos, intuitiv und mit gerade genug Funktionen ausgestattet, um die Dinge interessant zu halten, f\u00e4ngt es den Nervenkitzel ein, neue Leute zu treffen, w\u00e4hrend es eine entspannte, anonyme Atmosph\u00e4re beibeh\u00e4lt. Probieren Sie Tochato aus, und Sie werden feststellen, dass bedeutungsvolle Verbindungen nur eine Textnachricht entfernt sind.<\/p>","protected":false},"excerpt":{"rendered":"<p>In the ever-evolving landscape of online communication, Tochato has emerged as a standout destination for those seeking spontaneous, text-based connections. With a focus on anonymity and user-friendliness, Tochato offers an environment where you can strike up a conversation with complete strangers\u2014and possibly walk away with a new friend or two. If you\u2019re someone who prefers [&hellip;]<\/p>\n","protected":false},"author":6,"featured_media":0,"parent":0,"menu_order":0,"comment_status":"closed","ping_status":"closed","template":"","meta":{"footnotes":""},"class_list":["post-12708","page","type-page","status-publish","hentry"],"yoast_head":"<!-- This site is optimized with the Yoast SEO plugin v26.9 - https:\/\/yoast.com\/product\/yoast-seo-wordpress\/ -->\n<title>Tochato - Free random chat with strangers on StrangerCam.com<\/title>\n<meta name=\"description\" content=\"Like Tochato? Come chat with more than 5.000.000 strangers on Stranger Cam for Free! Turn on your cam and find new friends &amp; maby a match!\" \/>\n<meta name=\"robots\" content=\"index, follow, max-snippet:-1, max-image-preview:large, max-video-preview:-1\" \/>\n<link rel=\"canonical\" href=\"https:\/\/strangercam.com\/de\/tochato\/\" \/>\n<meta property=\"og:locale\" content=\"de_DE\" \/>\n<meta property=\"og:type\" content=\"article\" \/>\n<meta property=\"og:title\" content=\"Tochato - Free random chat with strangers on StrangerCam.com\" \/>\n<meta property=\"og:description\" content=\"Like Tochato? Come chat with more than 5.000.000 strangers on Stranger Cam for Free! Turn on your cam and find new friends &amp; maby a match!\" \/>\n<meta property=\"og:url\" content=\"https:\/\/strangercam.com\/de\/tochato\/\" \/>\n<meta property=\"og:site_name\" content=\"Strangercam\" \/>\n<meta property=\"article:publisher\" content=\"https:\/\/www.facebook.com\/strangercam\" \/>\n<meta property=\"article:modified_time\" content=\"2025-02-07T11:30:59+00:00\" \/>\n<meta property=\"og:image\" content=\"https:\/\/strangercam.com\/wp-content\/uploads\/2021\/10\/Untitled-2.png\" \/>\n\t<meta property=\"og:image:width\" content=\"800\" \/>\n\t<meta property=\"og:image:height\" content=\"532\" \/>\n\t<meta property=\"og:image:type\" content=\"image\/png\" \/>\n<meta name=\"twitter:card\" content=\"summary_large_image\" \/>\n<meta name=\"twitter:site\" content=\"@strangercamapp\" \/>\n<meta name=\"twitter:label1\" content=\"Gesch\u00e4tzte Lesezeit\" \/>\n\t<meta name=\"twitter:data1\" content=\"4\u00a0Minuten\" \/>\n<script type=\"application\/ld+json\" class=\"yoast-schema-graph\">{\"@context\":\"https:\/\/schema.org\",\"@graph\":[{\"@type\":\"WebPage\",\"@id\":\"https:\/\/strangercam.com\/tochato\/\",\"url\":\"https:\/\/strangercam.com\/tochato\/\",\"name\":\"Tochato - Free random chat with strangers on StrangerCam.com\",\"isPartOf\":{\"@id\":\"https:\/\/strangercam.com\/#website\"},\"datePublished\":\"2025-02-07T11:30:21+00:00\",\"dateModified\":\"2025-02-07T11:30:59+00:00\",\"description\":\"Like Tochato? Come chat with more than 5.000.000 strangers on Stranger Cam for Free! Turn on your cam and find new friends & maby a match!\",\"breadcrumb\":{\"@id\":\"https:\/\/strangercam.com\/tochato\/#breadcrumb\"},\"inLanguage\":\"de\",\"potentialAction\":[{\"@type\":\"ReadAction\",\"target\":[\"https:\/\/strangercam.com\/tochato\/\"]}]},{\"@type\":\"BreadcrumbList\",\"@id\":\"https:\/\/strangercam.com\/tochato\/#breadcrumb\",\"itemListElement\":[{\"@type\":\"ListItem\",\"position\":1,\"name\":\"Home\",\"item\":\"https:\/\/strangercam.com\/\"},{\"@type\":\"ListItem\",\"position\":2,\"name\":\"Tochato\"}]},{\"@type\":\"WebSite\",\"@id\":\"https:\/\/strangercam.com\/#website\",\"url\":\"https:\/\/strangercam.com\/\",\"name\":\"Strangercam\",\"description\":\"Random Video Chat with Strangers\",\"publisher\":{\"@id\":\"https:\/\/strangercam.com\/#organization\"},\"alternateName\":\"Strangercam.com\",\"potentialAction\":[{\"@type\":\"SearchAction\",\"target\":{\"@type\":\"EntryPoint\",\"urlTemplate\":\"https:\/\/strangercam.com\/?s={search_term_string}\"},\"query-input\":{\"@type\":\"PropertyValueSpecification\",\"valueRequired\":true,\"valueName\":\"search_term_string\"}}],\"inLanguage\":\"de\"},{\"@type\":\"Organization\",\"@id\":\"https:\/\/strangercam.com\/#organization\",\"name\":\"Strangercam\",\"alternateName\":\"Strangercam.com\",\"url\":\"https:\/\/strangercam.com\/\",\"logo\":{\"@type\":\"ImageObject\",\"inLanguage\":\"de\",\"@id\":\"https:\/\/strangercam.com\/#\/schema\/logo\/image\/\",\"url\":\"https:\/\/strangercam.com\/wp-content\/uploads\/2020\/11\/cropped-new-favicon-black.png\",\"contentUrl\":\"https:\/\/strangercam.com\/wp-content\/uploads\/2020\/11\/cropped-new-favicon-black.png\",\"width\":512,\"height\":512,\"caption\":\"Strangercam\"},\"image\":{\"@id\":\"https:\/\/strangercam.com\/#\/schema\/logo\/image\/\"},\"sameAs\":[\"https:\/\/www.facebook.com\/strangercam\",\"https:\/\/x.com\/strangercamapp\"]}]}<\/script>\n<!-- \/ Yoast SEO plugin. -->","yoast_head_json":{"title":"Tochato - Kostenloser zuf\u00e4lliger Chat mit Fremden auf StrangerCam.com","description":"Magst du Tochato? Komm und chatte mit mehr als 5.000.000 Fremden auf Stranger Cam - kostenlos! Schalte deine Kamera ein und finde neue Freunde und vielleicht einen Partner!","robots":{"index":"index","follow":"follow","max-snippet":"max-snippet:-1","max-image-preview":"max-image-preview:large","max-video-preview":"max-video-preview:-1"},"canonical":"https:\/\/strangercam.com\/de\/tochato\/","og_locale":"de_DE","og_type":"article","og_title":"Tochato - Free random chat with strangers on StrangerCam.com","og_description":"Like Tochato? Come chat with more than 5.000.000 strangers on Stranger Cam for Free! Turn on your cam and find new friends & maby a match!","og_url":"https:\/\/strangercam.com\/de\/tochato\/","og_site_name":"Strangercam","article_publisher":"https:\/\/www.facebook.com\/strangercam","article_modified_time":"2025-02-07T11:30:59+00:00","og_image":[{"width":800,"height":532,"url":"https:\/\/strangercam.com\/wp-content\/uploads\/2021\/10\/Untitled-2.png","type":"image\/png"}],"twitter_card":"summary_large_image","twitter_site":"@strangercamapp","twitter_misc":{"Gesch\u00e4tzte Lesezeit":"4\u00a0Minuten"},"schema":{"@context":"https:\/\/schema.org","@graph":[{"@type":"WebPage","@id":"https:\/\/strangercam.com\/tochato\/","url":"https:\/\/strangercam.com\/tochato\/","name":"Tochato - Kostenloser zuf\u00e4lliger Chat mit Fremden auf StrangerCam.com","isPartOf":{"@id":"https:\/\/strangercam.com\/#website"},"datePublished":"2025-02-07T11:30:21+00:00","dateModified":"2025-02-07T11:30:59+00:00","description":"Magst du Tochato? Komm und chatte mit mehr als 5.000.000 Fremden auf Stranger Cam - kostenlos! Schalte deine Kamera ein und finde neue Freunde und vielleicht einen Partner!","breadcrumb":{"@id":"https:\/\/strangercam.com\/tochato\/#breadcrumb"},"inLanguage":"de","potentialAction":[{"@type":"ReadAction","target":["https:\/\/strangercam.com\/tochato\/"]}]},{"@type":"BreadcrumbList","@id":"https:\/\/strangercam.com\/tochato\/#breadcrumb","itemListElement":[{"@type":"ListItem","position":1,"name":"Home","item":"https:\/\/strangercam.com\/"},{"@type":"ListItem","position":2,"name":"Tochato"}]},{"@type":"WebSite","@id":"https:\/\/strangercam.com\/#website","url":"https:\/\/strangercam.com\/","name":"Strangercam","description":"Zuf\u00e4lliger Video-Chat mit Fremden","publisher":{"@id":"https:\/\/strangercam.com\/#organization"},"alternateName":"Strangercam.com","potentialAction":[{"@type":"SearchAction","target":{"@type":"EntryPoint","urlTemplate":"https:\/\/strangercam.com\/?s={search_term_string}"},"query-input":{"@type":"PropertyValueSpecification","valueRequired":true,"valueName":"search_term_string"}}],"inLanguage":"de"},{"@type":"Organization","@id":"https:\/\/strangercam.com\/#organization","name":"Strangercam","alternateName":"Strangercam.com","url":"https:\/\/strangercam.com\/","logo":{"@type":"ImageObject","inLanguage":"de","@id":"https:\/\/strangercam.com\/#\/schema\/logo\/image\/","url":"https:\/\/strangercam.com\/wp-content\/uploads\/2020\/11\/cropped-new-favicon-black.png","contentUrl":"https:\/\/strangercam.com\/wp-content\/uploads\/2020\/11\/cropped-new-favicon-black.png","width":512,"height":512,"caption":"Strangercam"},"image":{"@id":"https:\/\/strangercam.com\/#\/schema\/logo\/image\/"},"sameAs":["https:\/\/www.facebook.com\/strangercam","https:\/\/x.com\/strangercamapp"]}]}},"_links":{"self":[{"href":"https:\/\/strangercam.com\/de\/wp-json\/wp\/v2\/pages\/12708","targetHints":{"allow":["GET"]}}],"collection":[{"href":"https:\/\/strangercam.com\/de\/wp-json\/wp\/v2\/pages"}],"about":[{"href":"https:\/\/strangercam.com\/de\/wp-json\/wp\/v2\/types\/page"}],"author":[{"embeddable":true,"href":"https:\/\/strangercam.com\/de\/wp-json\/wp\/v2\/users\/6"}],"replies":[{"embeddable":true,"href":"https:\/\/strangercam.com\/de\/wp-json\/wp\/v2\/comments?post=12708"}],"version-history":[{"count":1,"href":"https:\/\/strangercam.com\/de\/wp-json\/wp\/v2\/pages\/12708\/revisions"}],"predecessor-version":[{"id":12709,"href":"https:\/\/strangercam.com\/de\/wp-json\/wp\/v2\/pages\/12708\/revisions\/12709"}],"wp:attachment":[{"href":"https:\/\/strangercam.com\/de\/wp-json\/wp\/v2\/media?parent=12708"}],"curies":[{"name":"wp","href":"https:\/\/api.w.org\/{rel}","templated":true}]}}