{"id":12702,"date":"2025-02-07T13:19:12","date_gmt":"2025-02-07T11:19:12","guid":{"rendered":"https:\/\/strangercam.com\/?page_id=12702"},"modified":"2025-02-07T13:21:09","modified_gmt":"2025-02-07T11:21:09","slug":"chattijd","status":"publish","type":"page","link":"https:\/\/strangercam.com\/de\/chattijd\/","title":{"rendered":"Chattijd"},"content":{"rendered":"<p>In der schnelllebigen Welt der Online-Kommunikation hat sich Chattijd schnell als lebendige und einnehmende Plattform etabliert, die Menschen aus allen Ecken der Welt miteinander verbindet. Egal, ob Sie auf der Suche nach zwanglosen Gespr\u00e4chen, bedeutungsvollen Freundschaften oder interaktiver Unterhaltung sind, diese in den Niederlanden ans\u00e4ssige Plattform bietet eine Vielzahl von M\u00f6glichkeiten, mit Gleichgesinnten in Kontakt zu treten.<\/p>\n<p>Join tauchen wir ein in die Welt von Chattijd und erkunden seine Funktionen, Vorteile und was es zu einem Favoriten f\u00fcr diejenigen macht, die dynamische Echtzeitgespr\u00e4che sch\u00e4tzen. Hier, jeder <a href=\"https:\/\/strangercam.com\/de\/chatroulette\/\">Chat<\/a> kann zu einer neuen Entdeckung f\u00fchren und ist damit mehr als nur eine weitere Online-Plattform - es ist eine globale Gemeinschaft, die auf echten Verbindungen und spannenden Interaktionen beruht.<\/p>\n<h2>Was ist Chattijd?<\/h2>\n<p>Bei der Navigation durch das st\u00e4ndig wachsende Universum der Online-Chat-Plattformen hebt sich Chattijd als ein frischer und aufregender Ort ab, um <a href=\"https:\/\/strangercam.com\/de\/coomeet\/\">treffen<\/a> und mit neuen Menschen zu interagieren. Im Gegensatz zu herk\u00f6mmlichen Messaging-Diensten legt Chattijd gro\u00dfen Wert auf die Schaffung authentischer Verbindungen und stellt sicher, dass sich jede Konversation sinnvoll und einnehmend anf\u00fchlt.<\/p>\n<p>In seinem Kern will Chattijd mehr sein als nur ein Chat-Portal. Es ist ein soziales <a href=\"https:\/\/strangercam.com\/de\/chathub\/\">Nabe<\/a> wo Freundschaften gedeihen k\u00f6nnen und jede Interaktion das Potenzial hat, zu einem unvergesslichen Erlebnis zu werden. Die Plattform integriert modernste Funktionen - vom sofortigen Live-Chat bis hin zu unterhaltsamen interaktiven Elementen -, die eine nahtlose und angenehme Konversation erm\u00f6glichen.<\/p>\n<ul>\n<li>Live-Chat-Optionen: Verbinden Sie sich sofort mit Nutzern auf der ganzen Welt.<\/li>\n<li>Anpassbare Profile: Bringen Sie sich selbst zum Ausdruck, indem Sie Ihr Profil so gestalten, dass es Ihre Pers\u00f6nlichkeit und Ihre Interessen widerspiegelt.<\/li>\n<li>Interaktive Aktivit\u00e4ten: Nehmen Sie an spielerischen Spielen und Quizfragen teil, die Gespr\u00e4che anregen und das Eis brechen helfen.<\/li>\n<\/ul>\n<p>Was Chattijd wirklich auszeichnet, ist sein Engagement f\u00fcr ein sicheres, integratives Umfeld. Das Team hinter Chattijd investiert in gro\u00dfem Umfang in sichere Technologien und Moderationsverfahren, um sicherzustellen, dass die Online-Sicherheit aller Nutzer oberste Priorit\u00e4t hat. Dieses Engagement f\u00fcr die Bereitstellung einer einladenden <a href=\"https:\/\/strangercam.com\/de\/mocospace\/\">Raum<\/a> hat Chattijd an die Spitze der Online-Chat-Dienste in den Niederlanden und dar\u00fcber hinaus katapultiert.<\/p>\n<p>Beim Erkunden der Plattform wird deutlich, dass Chattijd entwickelt wurde, um die Art und Weise, wie Menschen online kommunizieren, zu revolutionieren. Durch die Verschmelzung von sozialer Entdeckung und interaktiver Unterhaltung wird unser Konzept des Online-Chats neu gestaltet - einfache Unterhaltungen werden zu Gelegenheiten, zu lernen, zu wachsen und echte Verbindungen mit Menschen aus allen Lebensbereichen zu kn\u00fcpfen.<\/p>\n<h2>Ist Chattijd kostenlos zu verwenden?<\/h2>\n<p>Eine der h\u00e4ufigsten Fragen zu einem Online-Chatdienst ist, ob er kostenlos ist. Chattijd bietet Flexibilit\u00e4t, indem es sowohl kostenlose als auch kostenpflichtige Optionen anbietet, um den verschiedenen Nutzerpr\u00e4ferenzen und Budgets gerecht zu werden.<\/p>\n<ul>\n<li>Kostenlose Mitgliedschaft:\n<ul>\n<li>Senden und Empfangen von Nachrichten<\/li>\n<li>\u00d6ffentlichen Chatr\u00e4umen beitreten<\/li>\n<li>Benutzerprofile durchsuchen<\/li>\n<\/ul>\n<p>Mit einem kostenlosen Konto haben Sie Zugang zu den wichtigsten Funktionen, die Chattijd zu einer so anziehenden Community machen. Es ist eine gro\u00dfartige M\u00f6glichkeit, die Plattform zu erkunden, ohne sich finanziell zu verpflichten.<\/li>\n<li>Premium-Mitgliedschaft:<br \/>\nF\u00fcr Benutzer, die ein noch umfassenderes Erlebnis suchen, schaltet die Premium-Mitgliedschaft von Chattijd erweiterte Funktionen und Verg\u00fcnstigungen frei:<\/p>\n<ul>\n<li>Unbeschr\u00e4nkter Zugang zu allen Chatr\u00e4umen<\/li>\n<li>Erweiterte Suchfilter<\/li>\n<li>Ein werbefreies Erlebnis<\/li>\n<li>Vorrangige Kundenbetreuung<\/li>\n<\/ul>\n<\/li>\n<\/ul>\n<p>Nachstehend finden Sie einen kurzen \u00dcberblick \u00fcber die Kosten der Mitgliedschaft:<\/p>\n<table>\n<thead>\n<tr>\n<th>Mitgliedschaft<\/th>\n<th>Monatliche Kosten<\/th>\n<th>J\u00e4hrliche Kosten<\/th>\n<\/tr>\n<\/thead>\n<tbody>\n<tr>\n<td>Kostenlos<\/td>\n<td>$0<\/td>\n<td>$0<\/td>\n<\/tr>\n<tr>\n<td>Pr\u00e4mie<\/td>\n<td>$9.99<\/td>\n<td>$99.90<\/td>\n<\/tr>\n<\/tbody>\n<\/table>\n<p>Unabh\u00e4ngig davon, ob Sie sich f\u00fcr den kostenlosen Tarif oder ein Upgrade f\u00fcr zus\u00e4tzliche Funktionen entscheiden, verfolgt Chattijd das gleiche Ziel: eine lebendige und sichere Umgebung zu schaffen, in der Sie mit anderen in Kontakt treten, Erfahrungen austauschen und Spa\u00df haben k\u00f6nnen.<\/p>\n<h2>So verwenden Sie Chattijd<\/h2>\n<p>Die Verwendung von Chattijd ist unkompliziert, so dass jeder sofort mit dem Chatten beginnen kann. Hier finden Sie eine Schritt-f\u00fcr-Schritt-Anleitung f\u00fcr den Einstieg:<\/p>\n<ol>\n<li>Erstellen Sie Ihr Profil<br \/>\nBeginnen Sie mit der Registrierung f\u00fcr ein kostenloses Konto. Personalisieren Sie Ihr Profil mit einem Benutzernamen, einem Profilfoto und einer kurzen Beschreibung Ihrer Person. Heben Sie Ihre Interessen hervor, um sich von der Masse abzuheben und es gleichgesinnten Nutzern leichter zu machen, Sie zu finden.<\/li>\n<li>Chatr\u00e4ume erkunden<br \/>\nChattijd beherbergt eine Vielzahl von \u00f6ffentlichen Chatr\u00e4umen. Diese R\u00e4ume sind auf verschiedene Themen und Interessen ausgerichtet - von Musik und Spielen bis hin zu Reisen und zwanglosen Gespr\u00e4chen. Diese R\u00e4ume sind eine gute M\u00f6glichkeit, neue Leute kennenzulernen und interessante Diskussionen zu beginnen.<\/li>\n<li>Private Chats und Direktnachrichten<br \/>\nWenn Sie lieber konzentrierte Einzelgespr\u00e4che f\u00fchren m\u00f6chten, bietet Chattijd auch Direktnachrichten an. Nutzen Sie die Suchfunktion, um Nutzer zu finden, die Ihre Interessen teilen, oder beginnen Sie einfach einen privaten Chat mit jemandem, der in den \u00f6ffentlichen R\u00e4umen Ihre Aufmerksamkeit erregt.<\/li>\n<li>Interaktive Funktionen<br \/>\nNutzen Sie interaktive Spiele, Quizfragen und andere unterhaltsame Funktionen, um das Eis zu brechen. Diese Aktivit\u00e4ten k\u00f6nnen ein normales Gespr\u00e4ch in ein unvergessliches gemeinsames Erlebnis verwandeln und Ihnen helfen, eine nat\u00fcrlichere Verbindung aufzubauen.<\/li>\n<li>Upgrade auf Premium (optional)<br \/>\nWenn Sie sich nach mehr Funktionen sehnen, wie z. B. erweiterte Suchfilter, werbefreies Surfen und bevorzugte Unterst\u00fctzung, sollten Sie ein Premium-Abonnement in Betracht ziehen. Damit k\u00f6nnen Sie das volle Potenzial von Chattijd aussch\u00f6pfen und ein noch reibungsloseres und pers\u00f6nlicheres Chaterlebnis gew\u00e4hrleisten.<\/li>\n<\/ol>\n<h2>Wof\u00fcr ist Chattijd am besten geeignet?<\/h2>\n<p>Das Chattijd zeichnet sich durch verschiedene Eigenschaften aus, die es f\u00fcr ein breites Spektrum von Nutzern interessant machen:<\/p>\n<ol>\n<li>Echte Verbindungen f\u00f6rdern<br \/>\nMit dem Fokus auf Authentizit\u00e4t macht es Chattijd einfach, andere zu finden, die \u00e4hnliche Leidenschaften teilen. Egal, ob Sie auf der Suche nach Freundschaft, Unterst\u00fctzung oder mehr sind, die benutzerfreundliche Oberfl\u00e4che und die unterst\u00fctzende Community von Chattijd sind perfekt f\u00fcr die Pflege sinnvoller Beziehungen.<\/li>\n<li>Vielf\u00e4ltige Gespr\u00e4chsthemen<br \/>\nVon Hobby-Chatr\u00e4umen bis hin zu Echtzeit-Diskussionen \u00fcber aktuelle Ereignisse bietet die Plattform eine gro\u00dfe Auswahl an Gespr\u00e4chsanl\u00e4ssen. Diese Vielfalt sorgt daf\u00fcr, dass jeder Besuch auf Chattijd einzigartig und voller M\u00f6glichkeiten ist, neue Leute kennenzulernen.<\/li>\n<li>Sichere und einladende Umgebung<br \/>\nBei Chattijd steht die Online-Sicherheit an erster Stelle. Kontinuierliche Moderation und fortschrittliche Sicherheitsma\u00dfnahmen tragen dazu bei, einen Raum zu schaffen, in dem Sie frei chatten k\u00f6nnen, ohne sich Gedanken \u00fcber die Privatsph\u00e4re oder unerw\u00fcnschte Interaktionen zu machen.<\/li>\n<li>Unterhaltung durch Interaktivit\u00e4t<br \/>\nLangweilen Sie sich beim Austausch von reinem Text? Das Chattijd bietet spielerische Funktionen wie Spiele und Quizze, die Ihren Unterhaltungen eine unterhaltsame Wendung geben. Diese unterhaltsamen Erg\u00e4nzungen machen es einfacher, Kontakte zu kn\u00fcpfen und das Erlebnis frisch zu halten.<\/li>\n<\/ol>\n<p>Mit diesen St\u00e4rken im Hinterkopf ist Chattijd ideal geeignet f\u00fcr alle, die Spa\u00df und echte Interaktionen in einer sicheren Online-Umgebung suchen.<\/p>\n<h2>Welche Funktionen bietet die Chattijd?<\/h2>\n<p>Das Chattijd verf\u00fcgt \u00fcber eine Vielzahl von Funktionen, die Ihre Chats so angenehm und vielseitig wie m\u00f6glich machen sollen. Im Folgenden sind einige Highlights aufgef\u00fchrt:<\/p>\n<ul>\n<li>Anpassbare Profile<br \/>\nPers\u00f6nlicher Ausdruck ist ein wichtiger Bestandteil der Online-Interaktion. Mit Chattijd k\u00f6nnen Sie Ihr Profil so gestalten, dass es Ihr wahres Ich widerspiegelt, damit andere sehen, wof\u00fcr Sie sich begeistern.<\/li>\n<li>Live-Chat-Funktionalit\u00e4t<br \/>\nErleben Sie die sofortige Verbindung mit Menschen auf der ganzen Welt durch Echtzeit-Messaging. Es ist schnell, benutzerfreundlich und perfekt f\u00fcr spontane Unterhaltungen, die von unbeschwertem Gepl\u00e4nkel bis hin zu tiefgr\u00fcndigen Diskussionen reichen k\u00f6nnen.<\/li>\n<li>Interaktive Spiele und Quizze<br \/>\nF\u00fcr diejenigen, die ein bisschen mehr Spa\u00df lieben, brechen diese Funktionen m\u00fchelos das Eis. Fordern Sie einen neuen Freund zu einem schnellen Spiel heraus oder beantworten Sie gemeinsam Quizfragen, um gemeinsame Interessen zu finden.<\/li>\n<li>Erweiterte Sicherheitsma\u00dfnahmen<br \/>\nIhre Sicherheit ist entscheidend. Das Engagement von Chattijd f\u00fcr den Datenschutz und robuste Moderationstools sorgen daf\u00fcr, dass Sie sich vertrauensvoll engagieren k\u00f6nnen, weil Sie wissen, dass Ihre Unterhaltungen sicher sind.<\/li>\n<li>Flexible Mitgliedschaftsoptionen<br \/>\nOb Sie ein kostenloses Konto oder ein Premium-Abonnement bevorzugen, Chattijd bietet Ihnen mehrere M\u00f6glichkeiten, die Plattform zu nutzen. Kostenlose Nutzer k\u00f6nnen die meisten der wichtigsten Funktionen nutzen, w\u00e4hrend Premium-Abonnenten werbefreies Surfen, bevorzugten Support und erweiterte Suchfunktionen genie\u00dfen.<\/li>\n<\/ul>\n<p>Mit dieser umfassenden Ausstattung ist das Chattijd gut ger\u00fcstet, um verschiedene Geschm\u00e4cker und Anforderungen zu erf\u00fcllen und sicherzustellen, dass jedes Gespr\u00e4ch lohnend und m\u00fchelos ist.<\/p>\n<h2>Was sind Chattijd-Alternativen?<\/h2>\n<p>Chattijd hat sich zwar eine Nische als f\u00fchrender Online-Chatdienst geschaffen - insbesondere f\u00fcr Niederl\u00e4ndischsprachige -, ist aber nicht die einzige Plattform, auf der Sie Kontakte kn\u00fcpfen und einladende Gemeinschaften entdecken k\u00f6nnen. Andere Chat-Dienste bieten ihre eigene Art der Online-Interaktion und konzentrieren sich auf bestimmte Funktionen oder Demografien.<\/p>\n<p>Einige Plattformen betonen <a href=\"https:\/\/strangercam.com\/de\/rabbit-video-chat\/\">Video<\/a> anrufen, w\u00e4hrend andere sich auf themenbezogene Chatrooms oder Dating-Funktionen spezialisieren. Wenn Sie diese Alternativen erkunden, finden Sie vielleicht Seiten, die sich auf Nischenthemen oder spezielle Formen des Engagements konzentrieren. Die Mischung aus sicherer Echtzeit-Interaktion, benutzerfreundlichem Design und optionalen Premium-Funktionen macht Chattijd jedoch zu einer herausragenden Wahl f\u00fcr alle, die ein vielseitiges Chat-Erlebnis suchen.<\/p>\n<h2>Schlussfolgerung<\/h2>\n<p>Mit seiner Kombination aus robusten Sicherheitsma\u00dfnahmen, benutzerfreundlichen Funktionen und einer vielf\u00e4ltigen Community beweist Chattijd, dass Online-Chatten sowohl unterhaltsam als auch bereichernd sein kann. Ob Sie die kostenlose Mitgliedschaft w\u00e4hlen oder sich f\u00fcr die Premium-Vorteile entscheiden, Sie werden endlose M\u00f6glichkeiten finden, sich zu verbinden, zu teilen und neue Freundschaften zu entdecken. Tauchen Sie noch heute in Chattijd ein und erleben Sie eine Welt voller lebendiger Echtzeit-Unterhaltungen - ganz bequem von Ihrem Ger\u00e4t aus.<\/p>","protected":false},"excerpt":{"rendered":"<p>In the fast-paced world of online communication, Chattijd has quickly established itself as a lively and engaging platform connecting people from all corners of the globe. Whether you\u2019re searching for casual conversation, meaningful friendships, or interactive entertainment, this Dutch-based platform offers an array of opportunities to connect with like-minded individuals. Join us as we dive [&hellip;]<\/p>\n","protected":false},"author":6,"featured_media":0,"parent":0,"menu_order":0,"comment_status":"closed","ping_status":"closed","template":"","meta":{"footnotes":""},"class_list":["post-12702","page","type-page","status-publish","hentry"],"yoast_head":"<!-- This site is optimized with the Yoast SEO plugin v27.4 - https:\/\/yoast.com\/product\/yoast-seo-wordpress\/ -->\n<title>Chattijd - Free video chat with girls on StrangerCam.com<\/title>\n<meta name=\"description\" content=\"Like Chattijd? Come chat with more than 5.000.000 strangers on Stranger Cam for Free! Turn on your cam and find new friends &amp; maby a match!\" \/>\n<meta name=\"robots\" content=\"index, follow, max-snippet:-1, max-image-preview:large, max-video-preview:-1\" \/>\n<link rel=\"canonical\" href=\"https:\/\/strangercam.com\/de\/chattijd\/\" \/>\n<meta property=\"og:locale\" content=\"de_DE\" \/>\n<meta property=\"og:type\" content=\"article\" \/>\n<meta property=\"og:title\" content=\"Chattijd - Free video chat with girls on StrangerCam.com\" \/>\n<meta property=\"og:description\" content=\"Like Chattijd? Come chat with more than 5.000.000 strangers on Stranger Cam for Free! Turn on your cam and find new friends &amp; maby a match!\" \/>\n<meta property=\"og:url\" content=\"https:\/\/strangercam.com\/de\/chattijd\/\" \/>\n<meta property=\"og:site_name\" content=\"Strangercam\" \/>\n<meta property=\"article:publisher\" content=\"https:\/\/www.facebook.com\/strangercam\" \/>\n<meta property=\"article:modified_time\" content=\"2025-02-07T11:21:09+00:00\" \/>\n<meta property=\"og:image\" content=\"https:\/\/strangercam.com\/wp-content\/uploads\/2021\/10\/Untitled-2.png\" \/>\n\t<meta property=\"og:image:width\" content=\"800\" \/>\n\t<meta property=\"og:image:height\" content=\"532\" \/>\n\t<meta property=\"og:image:type\" content=\"image\/png\" \/>\n<meta name=\"twitter:card\" content=\"summary_large_image\" \/>\n<meta name=\"twitter:site\" content=\"@strangercamapp\" \/>\n<meta name=\"twitter:label1\" content=\"Gesch\u00e4tzte Lesezeit\" \/>\n\t<meta name=\"twitter:data1\" content=\"6\u00a0Minuten\" \/>\n<script type=\"application\/ld+json\" class=\"yoast-schema-graph\">{\"@context\":\"https:\\\/\\\/schema.org\",\"@graph\":[{\"@type\":\"WebPage\",\"@id\":\"https:\\\/\\\/strangercam.com\\\/chattijd\\\/\",\"url\":\"https:\\\/\\\/strangercam.com\\\/chattijd\\\/\",\"name\":\"Chattijd - Free video chat with girls on StrangerCam.com\",\"isPartOf\":{\"@id\":\"https:\\\/\\\/strangercam.com\\\/#website\"},\"datePublished\":\"2025-02-07T11:19:12+00:00\",\"dateModified\":\"2025-02-07T11:21:09+00:00\",\"description\":\"Like Chattijd? Come chat with more than 5.000.000 strangers on Stranger Cam for Free! Turn on your cam and find new friends & maby a match!\",\"breadcrumb\":{\"@id\":\"https:\\\/\\\/strangercam.com\\\/chattijd\\\/#breadcrumb\"},\"inLanguage\":\"de\",\"potentialAction\":[{\"@type\":\"ReadAction\",\"target\":[\"https:\\\/\\\/strangercam.com\\\/chattijd\\\/\"]}]},{\"@type\":\"BreadcrumbList\",\"@id\":\"https:\\\/\\\/strangercam.com\\\/chattijd\\\/#breadcrumb\",\"itemListElement\":[{\"@type\":\"ListItem\",\"position\":1,\"name\":\"Home\",\"item\":\"https:\\\/\\\/strangercam.com\\\/\"},{\"@type\":\"ListItem\",\"position\":2,\"name\":\"Chattijd\"}]},{\"@type\":\"WebSite\",\"@id\":\"https:\\\/\\\/strangercam.com\\\/#website\",\"url\":\"https:\\\/\\\/strangercam.com\\\/\",\"name\":\"Strangercam\",\"description\":\"Random Video Chat with Strangers\",\"publisher\":{\"@id\":\"https:\\\/\\\/strangercam.com\\\/#organization\"},\"alternateName\":\"Strangercam.com\",\"potentialAction\":[{\"@type\":\"SearchAction\",\"target\":{\"@type\":\"EntryPoint\",\"urlTemplate\":\"https:\\\/\\\/strangercam.com\\\/?s={search_term_string}\"},\"query-input\":{\"@type\":\"PropertyValueSpecification\",\"valueRequired\":true,\"valueName\":\"search_term_string\"}}],\"inLanguage\":\"de\"},{\"@type\":\"Organization\",\"@id\":\"https:\\\/\\\/strangercam.com\\\/#organization\",\"name\":\"Strangercam\",\"alternateName\":\"Strangercam.com\",\"url\":\"https:\\\/\\\/strangercam.com\\\/\",\"logo\":{\"@type\":\"ImageObject\",\"inLanguage\":\"de\",\"@id\":\"https:\\\/\\\/strangercam.com\\\/#\\\/schema\\\/logo\\\/image\\\/\",\"url\":\"https:\\\/\\\/strangercam.com\\\/wp-content\\\/uploads\\\/2020\\\/11\\\/cropped-new-favicon-black.png\",\"contentUrl\":\"https:\\\/\\\/strangercam.com\\\/wp-content\\\/uploads\\\/2020\\\/11\\\/cropped-new-favicon-black.png\",\"width\":512,\"height\":512,\"caption\":\"Strangercam\"},\"image\":{\"@id\":\"https:\\\/\\\/strangercam.com\\\/#\\\/schema\\\/logo\\\/image\\\/\"},\"sameAs\":[\"https:\\\/\\\/www.facebook.com\\\/strangercam\",\"https:\\\/\\\/x.com\\\/strangercamapp\"]}]}<\/script>\n<!-- \/ Yoast SEO plugin. -->","yoast_head_json":{"title":"Chattijd - Kostenloser Video-Chat mit Girls auf StrangerCam.com","description":"Gef\u00e4llt dir Chattijd? Komm und chatte mit mehr als 5.000.000 Fremden auf Stranger Cam - kostenlos! Schalte deine Kamera ein und finde neue Freunde und vielleicht einen Partner!","robots":{"index":"index","follow":"follow","max-snippet":"max-snippet:-1","max-image-preview":"max-image-preview:large","max-video-preview":"max-video-preview:-1"},"canonical":"https:\/\/strangercam.com\/de\/chattijd\/","og_locale":"de_DE","og_type":"article","og_title":"Chattijd - Free video chat with girls on StrangerCam.com","og_description":"Like Chattijd? Come chat with more than 5.000.000 strangers on Stranger Cam for Free! Turn on your cam and find new friends & maby a match!","og_url":"https:\/\/strangercam.com\/de\/chattijd\/","og_site_name":"Strangercam","article_publisher":"https:\/\/www.facebook.com\/strangercam","article_modified_time":"2025-02-07T11:21:09+00:00","og_image":[{"width":800,"height":532,"url":"https:\/\/strangercam.com\/wp-content\/uploads\/2021\/10\/Untitled-2.png","type":"image\/png"}],"twitter_card":"summary_large_image","twitter_site":"@strangercamapp","twitter_misc":{"Gesch\u00e4tzte Lesezeit":"6\u00a0Minuten"},"schema":{"@context":"https:\/\/schema.org","@graph":[{"@type":"WebPage","@id":"https:\/\/strangercam.com\/chattijd\/","url":"https:\/\/strangercam.com\/chattijd\/","name":"Chattijd - Kostenloser Video-Chat mit Girls auf StrangerCam.com","isPartOf":{"@id":"https:\/\/strangercam.com\/#website"},"datePublished":"2025-02-07T11:19:12+00:00","dateModified":"2025-02-07T11:21:09+00:00","description":"Gef\u00e4llt dir Chattijd? Komm und chatte mit mehr als 5.000.000 Fremden auf Stranger Cam - kostenlos! Schalte deine Kamera ein und finde neue Freunde und vielleicht einen Partner!","breadcrumb":{"@id":"https:\/\/strangercam.com\/chattijd\/#breadcrumb"},"inLanguage":"de","potentialAction":[{"@type":"ReadAction","target":["https:\/\/strangercam.com\/chattijd\/"]}]},{"@type":"BreadcrumbList","@id":"https:\/\/strangercam.com\/chattijd\/#breadcrumb","itemListElement":[{"@type":"ListItem","position":1,"name":"Home","item":"https:\/\/strangercam.com\/"},{"@type":"ListItem","position":2,"name":"Chattijd"}]},{"@type":"WebSite","@id":"https:\/\/strangercam.com\/#website","url":"https:\/\/strangercam.com\/","name":"Strangercam","description":"Zuf\u00e4lliger Video-Chat mit Fremden","publisher":{"@id":"https:\/\/strangercam.com\/#organization"},"alternateName":"Strangercam.com","potentialAction":[{"@type":"SearchAction","target":{"@type":"EntryPoint","urlTemplate":"https:\/\/strangercam.com\/?s={search_term_string}"},"query-input":{"@type":"PropertyValueSpecification","valueRequired":true,"valueName":"search_term_string"}}],"inLanguage":"de"},{"@type":"Organization","@id":"https:\/\/strangercam.com\/#organization","name":"Strangercam","alternateName":"Strangercam.com","url":"https:\/\/strangercam.com\/","logo":{"@type":"ImageObject","inLanguage":"de","@id":"https:\/\/strangercam.com\/#\/schema\/logo\/image\/","url":"https:\/\/strangercam.com\/wp-content\/uploads\/2020\/11\/cropped-new-favicon-black.png","contentUrl":"https:\/\/strangercam.com\/wp-content\/uploads\/2020\/11\/cropped-new-favicon-black.png","width":512,"height":512,"caption":"Strangercam"},"image":{"@id":"https:\/\/strangercam.com\/#\/schema\/logo\/image\/"},"sameAs":["https:\/\/www.facebook.com\/strangercam","https:\/\/x.com\/strangercamapp"]}]}},"_links":{"self":[{"href":"https:\/\/strangercam.com\/de\/wp-json\/wp\/v2\/pages\/12702","targetHints":{"allow":["GET"]}}],"collection":[{"href":"https:\/\/strangercam.com\/de\/wp-json\/wp\/v2\/pages"}],"about":[{"href":"https:\/\/strangercam.com\/de\/wp-json\/wp\/v2\/types\/page"}],"author":[{"embeddable":true,"href":"https:\/\/strangercam.com\/de\/wp-json\/wp\/v2\/users\/6"}],"replies":[{"embeddable":true,"href":"https:\/\/strangercam.com\/de\/wp-json\/wp\/v2\/comments?post=12702"}],"version-history":[{"count":3,"href":"https:\/\/strangercam.com\/de\/wp-json\/wp\/v2\/pages\/12702\/revisions"}],"predecessor-version":[{"id":12707,"href":"https:\/\/strangercam.com\/de\/wp-json\/wp\/v2\/pages\/12702\/revisions\/12707"}],"wp:attachment":[{"href":"https:\/\/strangercam.com\/de\/wp-json\/wp\/v2\/media?parent=12702"}],"curies":[{"name":"wp","href":"https:\/\/api.w.org\/{rel}","templated":true}]}}