{"id":12700,"date":"2025-02-07T13:15:10","date_gmt":"2025-02-07T11:15:10","guid":{"rendered":"https:\/\/strangercam.com\/?page_id=12700"},"modified":"2025-02-07T13:15:40","modified_gmt":"2025-02-07T11:15:40","slug":"omegla","status":"publish","type":"page","link":"https:\/\/strangercam.com\/de\/omegla\/","title":{"rendered":"Omegla"},"content":{"rendered":"<p>Mit dem Ausscheiden von Omegle wird eine Vielzahl neuer <a href=\"https:\/\/strangercam.com\/de\/rabbit-video-chat\/\">Video<\/a> <a href=\"https:\/\/strangercam.com\/de\/chatroulette\/\">Chat<\/a> sind Dienste entstanden, die diese L\u00fccke f\u00fcllen. Omegla ist eine solche Plattform, die sich von Omegles unkompliziertem Ansatz f\u00fcr zuf\u00e4llige Einzelgespr\u00e4che inspirieren l\u00e4sst. Egal, ob Sie auf der Suche nach einer schnellen Unterhaltung sind, neue Freunde auf der ganzen Welt suchen oder einfach nur neugierig auf die neuesten, von Omegle inspirierten Innovationen sind, Omegla bietet ein unterhaltsames und benutzerfreundliches Videoerlebnis. Im Folgenden finden Sie einen umfassenden \u00dcberblick \u00fcber die wichtigsten Funktionen des Omegla, seine Benutzeroberfl\u00e4che, Sicherheitsma\u00dfnahmen und den Vergleich mit anderen <a href=\"https:\/\/strangercam.com\/de\/omegle\/\">Omegle<\/a> Alternativen wie Uhmegle und Omegleweg.<\/p>\n<h2>\u00dcber Omegla<\/h2>\n<p>Omegla folgt dem klassischen Zufalls-Chat-System:<\/p>\n<ol>\n<li><strong>Unmittelbare Verbindungen<\/strong>\n<ul>\n<li>Nach einem kurzen Besuch der Website k\u00f6nnen Sie mit einem einzigen Klick oder Tippen eine Verbindung zu einem Fremden aus einem beliebigen Winkel der Welt herstellen.<\/li>\n<\/ul>\n<\/li>\n<li><strong>Anonymit\u00e4t zuerst<\/strong>\n<ul>\n<li>Da keine Registrierung erforderlich ist, k\u00f6nnen Sie direkt mit dem Chatten beginnen. Sie k\u00f6nnen ein einfaches Profil erstellen, wenn Sie dies w\u00fcnschen, aber das ist optional.<\/li>\n<\/ul>\n<\/li>\n<li><strong>One-on-One-Fokus<\/strong>\n<ul>\n<li>Omegla konzentriert sich auf <em>individuell<\/em> Verbindungen - hier gibt es keine gro\u00dfen Gruppenr\u00e4ume oder Konferenzfunktionen, was die charakteristische Einfachheit des Omegle widerspiegelt.<\/li>\n<\/ul>\n<\/li>\n<\/ol>\n<p>Dieser minimalistische Ansatz richtet sich an Nutzer, die einfach nur einsteigen wollen, <a href=\"https:\/\/strangercam.com\/de\/coomeet\/\">treffen<\/a> jemand Neues kennenlernen und entweder weiter chatten oder weiterziehen, wenn es nicht klappt.<\/p>\n<h2>Die wichtigsten Merkmale auf einen Blick<\/h2>\n<p>Die folgende Tabelle gibt einen \u00dcberblick \u00fcber die wichtigsten Tools und Funktionen, die das Nutzererlebnis von Omegla ausmachen:<\/p>\n<table>\n<thead>\n<tr>\n<th><strong>Merkmal<\/strong><\/th>\n<th><strong>Beschreibung<\/strong><\/th>\n<\/tr>\n<\/thead>\n<tbody>\n<tr>\n<td><strong>Zuf\u00e4lliges Matching<\/strong><\/td>\n<td>Verbinden Sie sich sofort mit einem zuf\u00e4lligen Benutzer f\u00fcr ein spontanes Gespr\u00e4ch.<\/td>\n<\/tr>\n<tr>\n<td><strong>Text-Chat-Option<\/strong><\/td>\n<td>Senden Sie Kurznachrichten in Verbindung mit Live-Videos, um die \u00dcbersichtlichkeit zu erh\u00f6hen.<\/td>\n<\/tr>\n<tr>\n<td><strong>Interesse Tags<\/strong><\/td>\n<td>F\u00fcgen Sie breit gef\u00e4cherte Interessen hinzu oder w\u00e4hlen Sie diese aus, um Ihre zuf\u00e4lligen Treffer etwas zu lenken.<\/td>\n<\/tr>\n<tr>\n<td><strong>\u00dcberspringen oder Weiter<\/strong><\/td>\n<td>Wechseln Sie nahtlos zu einem neuen Benutzer, wenn die aktuelle Verbindung nicht mehr passt.<\/td>\n<\/tr>\n<tr>\n<td><strong>Minimale Einrichtung<\/strong><\/td>\n<td>Keine umst\u00e4ndlichen Registrierungen oder komplizierten Einstellungen erforderlich.<\/td>\n<\/tr>\n<tr>\n<td><strong>Benutzer-Feedback-Tools<\/strong><\/td>\n<td>Bewerten oder melden Sie Benutzer, um die Community-Standards zu wahren.<\/td>\n<\/tr>\n<\/tbody>\n<\/table>\n<p>Omegla ist so konzipiert, dass es mit wenigen Funktionen auskommt, damit der Kern des Erlebnisses - das Gespr\u00e4ch mit Fremden - im Vordergrund steht.<\/p>\n<h2>Benutzeroberfl\u00e4che und Erfahrung<\/h2>\n<h3>Sauberes, schlankes Layout<\/h3>\n<ul>\n<li><strong>Gro\u00dfes Videofenster<\/strong>: In der Mitte des Bildschirms sehen Sie die Person, mit der Sie chatten, frei von \u00fcberfl\u00fcssigem Ballast.<\/li>\n<li><strong>Kleine Seitenleiste\/Panel<\/strong>: Die wichtigsten Bedienelemente - Start, Weiter, Text-Chat und Filter - sind \u00fcbersichtlich an der Seite angeordnet.<\/li>\n<li><strong>Vertraute Steuerelemente<\/strong>: Wenn Sie Omegle oder andere \u00e4hnliche Plattformen verwendet haben, werden Sie sich sofort an die Schnittstelle von Omegla gew\u00f6hnen.<\/li>\n<\/ul>\n<h3>Rasche Verbindungen<\/h3>\n<ul>\n<li><strong>Niedrige Latenzzeit<\/strong>: Die Hauptseite von Omegla wird schnell geladen, und es dauert nur einen Moment, um eine \u00dcbereinstimmung zu finden.<\/li>\n<li><strong>Adaptive Videoqualit\u00e4t<\/strong>: Das System erkennt Ihre Internetgeschwindigkeit, um das bestm\u00f6gliche Video ohne st\u00e4ndige Pufferung zu liefern.<\/li>\n<li><strong>Einfacher \u00dcbergang zum n\u00e4chsten Schritt<\/strong>: Der Wechsel von einem Benutzer zum anderen verursacht nur selten eine Verz\u00f6gerung, so dass Sie einfach weiter chatten k\u00f6nnen, bis Sie den richtigen Gespr\u00e4chspartner gefunden haben.<\/li>\n<\/ul>\n<h2>Sicherheit und M\u00e4\u00dfigung<\/h2>\n<p>Da zuf\u00e4llige Chats unberechenbar sein k\u00f6nnen, ergreift Omegla mehrere Ma\u00dfnahmen, um eine respektvollere Umgebung zu gew\u00e4hrleisten:<\/p>\n<ol>\n<li><strong>Bericht\/Block Funktion<\/strong>\n<ul>\n<li>Mit einem Klick k\u00f6nnen Sie jeden Nutzer melden, der gegen die Gemeinschaftsstandards verst\u00f6\u00dft. Das Moderationsteam \u00fcberpr\u00fcft die gemeldeten Sitzungen.<\/li>\n<\/ul>\n<\/li>\n<li><strong>Grundlegende Leitlinien f\u00fcr den Inhalt<\/strong>\n<ul>\n<li>Klare Regeln legen fest, welche Verhaltensweisen tabu sind, und geben der Nutzergemeinschaft einen vereinbarten Rahmen.<\/li>\n<\/ul>\n<\/li>\n<li><strong>Benutzer-Bewertungen<\/strong>\n<ul>\n<li>In einigen F\u00e4llen k\u00f6nnen Sie ein Feedback zu Ihren Begegnungen hinterlassen, was dazu beitr\u00e4gt, positive Interaktionen zu f\u00f6rdern und problematisches Verhalten auszusortieren.<\/li>\n<\/ul>\n<\/li>\n<\/ol>\n<p>Auch wenn keine Plattform Perfektion garantieren kann, f\u00f6rdern diese Werkzeuge eine sicherere <a href=\"https:\/\/strangercam.com\/de\/mocospace\/\">Raum<\/a> als die \"Free-for-All\"-Atmosph\u00e4re, die manchmal auf \u00e4lteren Zufalls-Chat-Plattformen herrschte.<\/p>\n<h2>Vergleiche mit anderen Omegle-Alternativen<\/h2>\n<p>Omegla ist nur einer von mehreren aufkommenden Omegle-\u00e4hnlichen Diensten, wie z. B. <strong>Uhmegle<\/strong> und <strong>Omegleweg<\/strong>. Nachfolgend finden Sie eine Momentaufnahme, wie sie sich in den wichtigsten Aspekten unterscheiden:<\/p>\n<table>\n<thead>\n<tr>\n<th><strong>Plattform<\/strong><\/th>\n<th><strong>Benutzerfreundlichkeit<\/strong><\/th>\n<th><strong>Video-Qualit\u00e4t<\/strong><\/th>\n<th><strong>Filter\/Tags<\/strong><\/th>\n<th><strong>Werkzeuge f\u00fcr die Berichterstattung<\/strong><\/th>\n<th><strong>Gr\u00f6\u00dfe der Benutzerbasis<\/strong><\/th>\n<\/tr>\n<\/thead>\n<tbody>\n<tr>\n<td><strong>Omegla<\/strong><\/td>\n<td>Sehr einfach<\/td>\n<td>Adaptives HD-Streaming<\/td>\n<td>Grundlegende Interessen<\/td>\n<td>Schnellbericht\/Block<\/td>\n<td>Rasches Wachstum<\/td>\n<\/tr>\n<tr>\n<td>Uhmegle<\/td>\n<td>Unkompliziert<\/td>\n<td>Im Allgemeinen stabil<\/td>\n<td>Ziemlich detailliert<\/td>\n<td>Handbuch-Review-Team<\/td>\n<td>Etablierte Benutzer<\/td>\n<\/tr>\n<tr>\n<td>Omegleweg<\/td>\n<td>Minimalistisch<\/td>\n<td>Solide (etwas Pufferung)<\/td>\n<td>Begrenzt<\/td>\n<td>Grundlegende Berichterstattung<\/td>\n<td>M\u00e4\u00dfig<\/td>\n<\/tr>\n<\/tbody>\n<\/table>\n<ul>\n<li><strong>Benutzerfreundlichkeit<\/strong>: Alle drei Plattformen haben einen schn\u00f6rkellosen Ansatz, aber die Oberfl\u00e4che von Omegla ist besonders \u00fcbersichtlich.<\/li>\n<li><strong>Video-Qualit\u00e4t<\/strong>: Omegla konzentriert sich auf adaptives Streaming und bietet eine recht konstante Leistung.<\/li>\n<li><strong>Filter\/Tags<\/strong>: Uhmegle bietet vielleicht mehr Details, aber Omegla's Grundinteressen-Tags halten die Dinge einfach.<\/li>\n<li><strong>Werkzeuge f\u00fcr die Berichterstattung<\/strong>: Omegla ist bekannt f\u00fcr seine unkomplizierte Blockier-\/Berichtstaste, die eine minimale Unterbrechung von Live-Sitzungen gew\u00e4hrleistet.<\/li>\n<\/ul>\n<h2>Demografische Daten und Aktivit\u00e4ten der Nutzer<\/h2>\n<h3>Wer verwendet Omegla?<\/h3>\n<ul>\n<li><strong>Prim\u00e4re Altersgruppe<\/strong>: Junge Erwachsene (18-35) machen einen gro\u00dfen Teil aus, aber auch \u00e4ltere Bev\u00f6lkerungsgruppen kommen f\u00fcr einen kurzen Chat vorbei.<\/li>\n<li><strong>Sprachen<\/strong>: \u00dcberwiegend englischsprachig, aber aufgrund der weltweiten Zug\u00e4nglichkeit gibt es auch eine gro\u00dfe Anzahl anderer Sprachen.<\/li>\n<li><strong>Globale Gemeinschaft<\/strong>: Starke Pr\u00e4senz in Nordamerika und Europa, mit wachsender Nutzerbasis in Teilen Asiens und S\u00fcdamerikas.<\/li>\n<\/ul>\n<h3>Trends in der Nutzung<\/h3>\n<ul>\n<li><strong>Hauptverkehrszeiten<\/strong>: Abends und am Wochenende, wenn die Menschen von der Arbeit oder der Schule abschalten.<\/li>\n<li><strong>Zwanglose Chats<\/strong>: Viele Nutzer sind nur zur Unterhaltung oder zum Zeitvertreib dort.<\/li>\n<li><strong>Gelegentliche tiefgr\u00fcndige Konversation<\/strong>: Manche Leute bleiben f\u00fcr sinnvollere Gespr\u00e4che - Hobbys, globale Ereignisse oder kulturellen Austausch - dabei.<\/li>\n<\/ul>\n<h2>Pro und Kontra<\/h2>\n<p>Im Folgenden finden Sie eine kurze Aufschl\u00fcsselung der St\u00e4rken von Omegla und der potenziellen Verbesserungsbereiche:<\/p>\n<table>\n<thead>\n<tr>\n<th><strong>Profis<\/strong><\/th>\n<th><strong>Nachteile<\/strong><\/th>\n<\/tr>\n<\/thead>\n<tbody>\n<tr>\n<td>\u2013 <strong>Sofortige Zufalls-Chats<\/strong>: Mit der Schnellstarttaste sind Sie schnell im Gespr\u00e4ch.<\/td>\n<td>\u2013 <strong>Potenziell unangemessene Inhalte<\/strong>: Der Zufall sorgt f\u00fcr \u00dcberraschungen.<\/td>\n<\/tr>\n<tr>\n<td>\u2013 <strong>Keine Registrierung erforderlich<\/strong>: Beitritt ohne Weitergabe pers\u00f6nlicher Daten.<\/td>\n<td>\u2013 <strong>Begrenzte Filterung<\/strong>: Mit einfachen Tags k\u00f6nnen Sie die Suche nur nach allgemeinen Themen eingrenzen.<\/td>\n<\/tr>\n<tr>\n<td>\u2013 <strong>Schnelle, stabile Verbindungen<\/strong>: Adaptives Streaming sorgt f\u00fcr reibungslose Anrufe.<\/td>\n<td>\u2013 <strong>Keine Profilanpassung<\/strong>: Diejenigen, die mehr Personalisierung w\u00fcnschen, k\u00f6nnten sich eingeschr\u00e4nkt f\u00fchlen.<\/td>\n<\/tr>\n<tr>\n<td>\u2013 <strong>Einfache Schnittstelle<\/strong>: Minimale Lernkurve f\u00fcr Neueinsteiger.<\/td>\n<td>\u2013 <strong>Vertrauen auf Benutzerberichte<\/strong>: Die Wirksamkeit der Moderation h\u00e4ngt von der Wachsamkeit der Gemeinschaft ab.<\/td>\n<\/tr>\n<\/tbody>\n<\/table>\n<h2>Vorgeschlagene k\u00fcnftige Erweiterungen<\/h2>\n<p>Omegla wird st\u00e4ndig weiterentwickelt, und die Nutzer geben h\u00e4ufig Feedback. Einige m\u00f6gliche Verbesserungen umfassen:<\/p>\n<ol>\n<li><strong>Erweiterte Interessenkategorien<\/strong>\n<ul>\n<li>Lassen Sie die Nutzer aus einer breiteren Palette von Interessen ausw\u00e4hlen, um die Relevanz von Verbindungen zu erh\u00f6hen.<\/li>\n<\/ul>\n<\/li>\n<li><strong>Optionaler Benutzername oder Profil<\/strong>\n<ul>\n<li>Bieten Sie etwas mehr Personalisierung f\u00fcr diejenigen, die Freundschaftsspiele verfolgen m\u00f6chten.<\/li>\n<\/ul>\n<\/li>\n<li><strong>Eingebaute \u00dcbersetzung<\/strong>\n<ul>\n<li>Erleichtern Sie sprach\u00fcbergreifende Konversationen f\u00fcr eine noch globalere Erfahrung.<\/li>\n<\/ul>\n<\/li>\n<li><strong>Sofortige Filterung f\u00fcr unangemessene Inhalte<\/strong>\n<ul>\n<li>KI-gest\u00fctzte Erkennung k\u00f6nnte dazu beitragen, explizites oder anst\u00f6\u00dfiges Verhalten schneller zu unterbinden.<\/li>\n<\/ul>\n<\/li>\n<\/ol>\n<h2>Erste Schritte: Eine Kurzanleitung<\/h2>\n<p>Sind Sie bereit, Omegla auszuprobieren? Hier ist ein kurzer Fahrplan:<\/p>\n<ol>\n<li><strong>Omegla besuchen<\/strong>: Geben Sie die Website direkt in einem g\u00e4ngigen Browser ein.<\/li>\n<li><strong>Kamera und Mikrofon zulassen<\/strong>: Erteilen Sie die erforderlichen Genehmigungen f\u00fcr Audio und Video.<\/li>\n<li><strong>Interessen w\u00e4hlen (optional)<\/strong>: W\u00e4hlen Sie einige allgemeine Tags aus, um den Zufallsabgleich zu steuern.<\/li>\n<li><strong>Klicken Sie auf 'Start'.<\/strong>: Sie werden schnell mit einem anderen Benutzer gepaart.<\/li>\n<li><strong>Chatten oder \u00fcberspringen<\/strong>: Wenn es nicht passt, klicken Sie auf \"Weiter\", um fortzufahren.<\/li>\n<li><strong>Block\/Bericht<\/strong>: Wenn ein Benutzer gegen die Richtlinien verst\u00f6\u00dft, kann er mit einem Klick einen Bericht erstellen.<\/li>\n<\/ol>\n<p>Sie sind innerhalb von Sekunden online und lernen neue Leute kennen - ohne langwierige Anmeldungen.<\/p>\n<h2>Schlussfolgerung<\/h2>\n<p>In einer Welt, in der das Fehlen des Omegle eine L\u00fccke f\u00fcr Fans des spontanen Videochats hinterlassen hat, positioniert sich Omegla als einfache, moderne Alternative. Seine minimale Benutzeroberfl\u00e4che, die schnellen Verbindungen und das Engagement f\u00fcr benutzerfreundliche Funktionen spiegeln die Essenz dessen wider, was das urspr\u00fcngliche Omegle so attraktiv machte.<\/p>\n<p>W\u00e4hrend die Moderation auf einer Zufallsplattform nie narrensicher ist, zielen die Melde- und Blockierwerkzeuge von Omegla darauf ab, eine positivere Atmosph\u00e4re zu schaffen. F\u00fcr diejenigen, die sich nach zuf\u00e4lligen, internationalen Interaktionen sehnen, ohne Konten erstellen oder durch unz\u00e4hlige Einstellungen navigieren zu m\u00fcssen, bietet Omegla eine ansprechende, schn\u00f6rkellose Erfahrung. Mit fortgesetzter Verfeinerung und reaktionsschneller Moderation hat es das Potenzial, sich einen festen Platz unter beliebten Omegle-Nachfolgern wie Uhmegle und Omegleweg zu erobern.<\/p>\n<p>Wenn Sie auf der Suche nach dem klassischen \"Fremden auf Knopfdruck\" sind, k\u00f6nnte Omegla Ihr n\u00e4chster Favorit sein, um Menschen aus der ganzen Welt kennenzulernen - ein spontaner Chat nach dem anderen.<\/p>","protected":false},"excerpt":{"rendered":"<p>With Omegle\u2019s departure, a variety of new video chat services have emerged to fill the gap. Omegla is one such platform, taking inspiration from Omegle\u2019s straightforward approach to random one-on-one chatting. Whether you\u2019re looking for a quick conversation, seeking new friends worldwide, or just curious about the latest Omegle-inspired innovations, Omegla aims to provide a [&hellip;]<\/p>\n","protected":false},"author":6,"featured_media":0,"parent":0,"menu_order":0,"comment_status":"closed","ping_status":"closed","template":"","meta":{"footnotes":""},"class_list":["post-12700","page","type-page","status-publish","hentry"],"yoast_head":"<!-- This site is optimized with the Yoast SEO plugin v27.4 - https:\/\/yoast.com\/product\/yoast-seo-wordpress\/ -->\n<title>Omegla - Free video chat with girls on StrangerCam.com<\/title>\n<meta name=\"description\" content=\"Like Omegla? Come chat with more than 5.000.000 strangers on Stranger Cam for Free! Turn on your cam and find new friends &amp; maby a match!\" \/>\n<meta name=\"robots\" content=\"index, follow, max-snippet:-1, max-image-preview:large, max-video-preview:-1\" \/>\n<link rel=\"canonical\" href=\"https:\/\/strangercam.com\/de\/omegla\/\" \/>\n<meta property=\"og:locale\" content=\"de_DE\" \/>\n<meta property=\"og:type\" content=\"article\" \/>\n<meta property=\"og:title\" content=\"Omegla - Free video chat with girls on StrangerCam.com\" \/>\n<meta property=\"og:description\" content=\"Like Omegla? Come chat with more than 5.000.000 strangers on Stranger Cam for Free! Turn on your cam and find new friends &amp; maby a match!\" \/>\n<meta property=\"og:url\" content=\"https:\/\/strangercam.com\/de\/omegla\/\" \/>\n<meta property=\"og:site_name\" content=\"Strangercam\" \/>\n<meta property=\"article:publisher\" content=\"https:\/\/www.facebook.com\/strangercam\" \/>\n<meta property=\"article:modified_time\" content=\"2025-02-07T11:15:40+00:00\" \/>\n<meta property=\"og:image\" content=\"https:\/\/strangercam.com\/wp-content\/uploads\/2021\/10\/Untitled-2.png\" \/>\n\t<meta property=\"og:image:width\" content=\"800\" \/>\n\t<meta property=\"og:image:height\" content=\"532\" \/>\n\t<meta property=\"og:image:type\" content=\"image\/png\" \/>\n<meta name=\"twitter:card\" content=\"summary_large_image\" \/>\n<meta name=\"twitter:site\" content=\"@strangercamapp\" \/>\n<meta name=\"twitter:label1\" content=\"Gesch\u00e4tzte Lesezeit\" \/>\n\t<meta name=\"twitter:data1\" content=\"6\u00a0Minuten\" \/>\n<script type=\"application\/ld+json\" class=\"yoast-schema-graph\">{\"@context\":\"https:\\\/\\\/schema.org\",\"@graph\":[{\"@type\":\"WebPage\",\"@id\":\"https:\\\/\\\/strangercam.com\\\/omegla\\\/\",\"url\":\"https:\\\/\\\/strangercam.com\\\/omegla\\\/\",\"name\":\"Omegla - Free video chat with girls on StrangerCam.com\",\"isPartOf\":{\"@id\":\"https:\\\/\\\/strangercam.com\\\/#website\"},\"datePublished\":\"2025-02-07T11:15:10+00:00\",\"dateModified\":\"2025-02-07T11:15:40+00:00\",\"description\":\"Like Omegla? Come chat with more than 5.000.000 strangers on Stranger Cam for Free! Turn on your cam and find new friends & maby a match!\",\"breadcrumb\":{\"@id\":\"https:\\\/\\\/strangercam.com\\\/omegla\\\/#breadcrumb\"},\"inLanguage\":\"de\",\"potentialAction\":[{\"@type\":\"ReadAction\",\"target\":[\"https:\\\/\\\/strangercam.com\\\/omegla\\\/\"]}]},{\"@type\":\"BreadcrumbList\",\"@id\":\"https:\\\/\\\/strangercam.com\\\/omegla\\\/#breadcrumb\",\"itemListElement\":[{\"@type\":\"ListItem\",\"position\":1,\"name\":\"Home\",\"item\":\"https:\\\/\\\/strangercam.com\\\/\"},{\"@type\":\"ListItem\",\"position\":2,\"name\":\"Omegla\"}]},{\"@type\":\"WebSite\",\"@id\":\"https:\\\/\\\/strangercam.com\\\/#website\",\"url\":\"https:\\\/\\\/strangercam.com\\\/\",\"name\":\"Strangercam\",\"description\":\"Random Video Chat with Strangers\",\"publisher\":{\"@id\":\"https:\\\/\\\/strangercam.com\\\/#organization\"},\"alternateName\":\"Strangercam.com\",\"potentialAction\":[{\"@type\":\"SearchAction\",\"target\":{\"@type\":\"EntryPoint\",\"urlTemplate\":\"https:\\\/\\\/strangercam.com\\\/?s={search_term_string}\"},\"query-input\":{\"@type\":\"PropertyValueSpecification\",\"valueRequired\":true,\"valueName\":\"search_term_string\"}}],\"inLanguage\":\"de\"},{\"@type\":\"Organization\",\"@id\":\"https:\\\/\\\/strangercam.com\\\/#organization\",\"name\":\"Strangercam\",\"alternateName\":\"Strangercam.com\",\"url\":\"https:\\\/\\\/strangercam.com\\\/\",\"logo\":{\"@type\":\"ImageObject\",\"inLanguage\":\"de\",\"@id\":\"https:\\\/\\\/strangercam.com\\\/#\\\/schema\\\/logo\\\/image\\\/\",\"url\":\"https:\\\/\\\/strangercam.com\\\/wp-content\\\/uploads\\\/2020\\\/11\\\/cropped-new-favicon-black.png\",\"contentUrl\":\"https:\\\/\\\/strangercam.com\\\/wp-content\\\/uploads\\\/2020\\\/11\\\/cropped-new-favicon-black.png\",\"width\":512,\"height\":512,\"caption\":\"Strangercam\"},\"image\":{\"@id\":\"https:\\\/\\\/strangercam.com\\\/#\\\/schema\\\/logo\\\/image\\\/\"},\"sameAs\":[\"https:\\\/\\\/www.facebook.com\\\/strangercam\",\"https:\\\/\\\/x.com\\\/strangercamapp\"]}]}<\/script>\n<!-- \/ Yoast SEO plugin. -->","yoast_head_json":{"title":"Omegla - Kostenloser Video-Chat mit M\u00e4dchen auf StrangerCam.com","description":"Magst du Omegla? Komm und chatte mit mehr als 5.000.000 Fremden auf Stranger Cam - kostenlos! Schalte deine Kamera ein und finde neue Freunde und vielleicht einen Partner!","robots":{"index":"index","follow":"follow","max-snippet":"max-snippet:-1","max-image-preview":"max-image-preview:large","max-video-preview":"max-video-preview:-1"},"canonical":"https:\/\/strangercam.com\/de\/omegla\/","og_locale":"de_DE","og_type":"article","og_title":"Omegla - Free video chat with girls on StrangerCam.com","og_description":"Like Omegla? Come chat with more than 5.000.000 strangers on Stranger Cam for Free! Turn on your cam and find new friends & maby a match!","og_url":"https:\/\/strangercam.com\/de\/omegla\/","og_site_name":"Strangercam","article_publisher":"https:\/\/www.facebook.com\/strangercam","article_modified_time":"2025-02-07T11:15:40+00:00","og_image":[{"width":800,"height":532,"url":"https:\/\/strangercam.com\/wp-content\/uploads\/2021\/10\/Untitled-2.png","type":"image\/png"}],"twitter_card":"summary_large_image","twitter_site":"@strangercamapp","twitter_misc":{"Gesch\u00e4tzte Lesezeit":"6\u00a0Minuten"},"schema":{"@context":"https:\/\/schema.org","@graph":[{"@type":"WebPage","@id":"https:\/\/strangercam.com\/omegla\/","url":"https:\/\/strangercam.com\/omegla\/","name":"Omegla - Kostenloser Video-Chat mit M\u00e4dchen auf StrangerCam.com","isPartOf":{"@id":"https:\/\/strangercam.com\/#website"},"datePublished":"2025-02-07T11:15:10+00:00","dateModified":"2025-02-07T11:15:40+00:00","description":"Magst du Omegla? Komm und chatte mit mehr als 5.000.000 Fremden auf Stranger Cam - kostenlos! Schalte deine Kamera ein und finde neue Freunde und vielleicht einen Partner!","breadcrumb":{"@id":"https:\/\/strangercam.com\/omegla\/#breadcrumb"},"inLanguage":"de","potentialAction":[{"@type":"ReadAction","target":["https:\/\/strangercam.com\/omegla\/"]}]},{"@type":"BreadcrumbList","@id":"https:\/\/strangercam.com\/omegla\/#breadcrumb","itemListElement":[{"@type":"ListItem","position":1,"name":"Home","item":"https:\/\/strangercam.com\/"},{"@type":"ListItem","position":2,"name":"Omegla"}]},{"@type":"WebSite","@id":"https:\/\/strangercam.com\/#website","url":"https:\/\/strangercam.com\/","name":"Strangercam","description":"Zuf\u00e4lliger Video-Chat mit Fremden","publisher":{"@id":"https:\/\/strangercam.com\/#organization"},"alternateName":"Strangercam.com","potentialAction":[{"@type":"SearchAction","target":{"@type":"EntryPoint","urlTemplate":"https:\/\/strangercam.com\/?s={search_term_string}"},"query-input":{"@type":"PropertyValueSpecification","valueRequired":true,"valueName":"search_term_string"}}],"inLanguage":"de"},{"@type":"Organization","@id":"https:\/\/strangercam.com\/#organization","name":"Strangercam","alternateName":"Strangercam.com","url":"https:\/\/strangercam.com\/","logo":{"@type":"ImageObject","inLanguage":"de","@id":"https:\/\/strangercam.com\/#\/schema\/logo\/image\/","url":"https:\/\/strangercam.com\/wp-content\/uploads\/2020\/11\/cropped-new-favicon-black.png","contentUrl":"https:\/\/strangercam.com\/wp-content\/uploads\/2020\/11\/cropped-new-favicon-black.png","width":512,"height":512,"caption":"Strangercam"},"image":{"@id":"https:\/\/strangercam.com\/#\/schema\/logo\/image\/"},"sameAs":["https:\/\/www.facebook.com\/strangercam","https:\/\/x.com\/strangercamapp"]}]}},"_links":{"self":[{"href":"https:\/\/strangercam.com\/de\/wp-json\/wp\/v2\/pages\/12700","targetHints":{"allow":["GET"]}}],"collection":[{"href":"https:\/\/strangercam.com\/de\/wp-json\/wp\/v2\/pages"}],"about":[{"href":"https:\/\/strangercam.com\/de\/wp-json\/wp\/v2\/types\/page"}],"author":[{"embeddable":true,"href":"https:\/\/strangercam.com\/de\/wp-json\/wp\/v2\/users\/6"}],"replies":[{"embeddable":true,"href":"https:\/\/strangercam.com\/de\/wp-json\/wp\/v2\/comments?post=12700"}],"version-history":[{"count":1,"href":"https:\/\/strangercam.com\/de\/wp-json\/wp\/v2\/pages\/12700\/revisions"}],"predecessor-version":[{"id":12701,"href":"https:\/\/strangercam.com\/de\/wp-json\/wp\/v2\/pages\/12700\/revisions\/12701"}],"wp:attachment":[{"href":"https:\/\/strangercam.com\/de\/wp-json\/wp\/v2\/media?parent=12700"}],"curies":[{"name":"wp","href":"https:\/\/api.w.org\/{rel}","templated":true}]}}