{"id":12683,"date":"2025-01-29T10:35:45","date_gmt":"2025-01-29T08:35:45","guid":{"rendered":"https:\/\/strangercam.com\/?page_id=12683"},"modified":"2025-02-04T09:27:22","modified_gmt":"2025-02-04T07:27:22","slug":"pink-video-chat","status":"publish","type":"page","link":"https:\/\/strangercam.com\/de\/pink-video-chat\/","title":{"rendered":"Rosa Video-Chat"},"content":{"rendered":"<p>Suchen Sie nach einer lebendigen, spontanen Art, die <a href=\"https:\/\/strangercam.com\/de\/coomeet\/\">treffen<\/a> neue Leute online? Rosa Video <a href=\"https:\/\/strangercam.com\/de\/chatroulette\/\">Chat<\/a> bietet eine unterhaltsame Alternative zu Plattformen wie Chatrandom und konzentriert sich auf zuf\u00e4llige Videoverbindungen, die neue Gespr\u00e4che auf der ganzen Welt anregen. In diesem Leitfaden erkunden wir die wichtigsten Funktionen von Pink Video Chat, wie es sich von anderen Zufalls-Chat-Seiten abhebt und was es zu einer sicheren und unterhaltsamen Option f\u00fcr diejenigen macht, die schnelle soziale Begegnungen lieben.<\/p>\n<h2>Wesentliche Merkmale<\/h2>\n<p>Rosa <a href=\"https:\/\/strangercam.com\/de\/rabbit-video-chat\/\">Video-Chat<\/a> bietet eine einfache, aber ansprechende Methode, um mit Fremden in Echtzeit in Kontakt zu treten. Von der benutzerfreundlichen Oberfl\u00e4che bis hin zu kreativen Add-ons sollen Unterhaltungen Spa\u00df machen und sicher sein.<\/p>\n<ul>\n<li><strong>Zuf\u00e4lliger Videoabgleich<\/strong>: Verbinden Sie sich sofort mit Fremden und starten Sie lockere Videochats.<\/li>\n<li><strong>Eisbrecher-Effekte<\/strong>: Peppen Sie Unterhaltungen mit spielerischen Masken, Filtern und anderen visuellen Elementen auf.<\/li>\n<li><strong>Schnelle Navigation<\/strong>: Wechseln Sie schnell von einem Chat zum n\u00e4chsten, damit Sie mehr Zeit mit Gespr\u00e4chen und weniger mit Warten verbringen.<\/li>\n<li><strong>Mobil-optimiert<\/strong>: Ob auf dem Smartphone oder dem Desktop, genie\u00dfen Sie nahtlose Videochats ohne Qualit\u00e4tseinbu\u00dfen.<\/li>\n<\/ul>\n<h2>Zuf\u00e4llige Video-Chat-Erfahrung<\/h2>\n<p>Der Reiz von Pink Video Chat liegt vor allem darin, dass man mit einem Klick auf eine Schaltfl\u00e4che mit Fremden in Kontakt treten kann.<\/p>\n<h3>Sofortige Verbindungen<\/h3>\n<p>Sobald Sie auf \u201cStart\u201d klicken, findet der Algorithmus von Pink Video Chat schnell einen Partner, der f\u00fcr ein Videogespr\u00e4ch bereit ist. Sie brauchen keine langen Profile oder komplizierten Filter - nur einen spontanen Dialog.<\/p>\n<h3>Automatisch n\u00e4chste Option<\/h3>\n<p>Wenn die aktuelle Konversation nicht zustande kommt, k\u00f6nnen Sie mit einem einzigen Tipp auf \"Weiter\" eine neue Verbindung herstellen, um das Tempo beizubehalten und mehr Menschen zu entdecken.<\/p>\n<h3>Globale Gemeinschaft<\/h3>\n<p>Die Nutzerbasis von Pink Video Chat erstreckt sich \u00fcber die ganze Welt und gibt Ihnen die M\u00f6glichkeit, mit Menschen unterschiedlicher Herkunft zu chatten. Es ist perfekt, um neue Sprachen zu lernen oder internationale Kulturen in einem freundlichen Format von Angesicht zu Angesicht zu erkunden.<\/p>\n<h2>Lustige Extras<\/h2>\n<p>Neben der unverzichtbaren Zufalls-Chat-Funktion bietet Pink Video Chat spannende Zusatzfunktionen, um das Engagement zu steigern und das Eis zu brechen.<\/p>\n<table>\n<thead>\n<tr>\n<th>Merkmal<\/th>\n<th>Beschreibung<\/th>\n<\/tr>\n<\/thead>\n<tbody>\n<tr>\n<td><strong>Digitale Masken und Filter<\/strong><\/td>\n<td>Verwandeln Sie Ihr Aussehen auf dem Bildschirm mit witzigen Overlays, lustigen H\u00fcten oder animierten Effekten.<\/td>\n<\/tr>\n<tr>\n<td><strong>Text-Chat-Integration<\/strong><\/td>\n<td>Tippen Sie Kurznachrichten oder teilen Sie Links, wenn Sie anfangs nicht vor der Kamera sprechen m\u00f6chten.<\/td>\n<\/tr>\n<tr>\n<td><strong>Schnappschuss-Werkzeug<\/strong><\/td>\n<td>Halten Sie (mit Ihrem Einverst\u00e4ndnis) unvergessliche Momente fest, die Sie nach der Sitzung noch einmal betrachten k\u00f6nnen.<\/td>\n<\/tr>\n<tr>\n<td><strong>Interesse Tags<\/strong><\/td>\n<td>Geben Sie Schl\u00fcsselw\u00f6rter ein (Musik, Sport, Reisen), damit die Plattform relevantere Treffer vorschlagen kann.<\/td>\n<\/tr>\n<\/tbody>\n<\/table>\n<h2>Benutzeroberfl\u00e4che und Erfahrung<\/h2>\n<p>Das Layout von Pink Video Chat zielt darauf ab, \u00fcberschaubar zu sein, die Un\u00fcbersichtlichkeit zu reduzieren und einfache Interaktionen in den Vordergrund zu stellen.<\/p>\n<h3>Gestaltung und Navigation<\/h3>\n<ul>\n<li><strong>Minimalistische Einrichtung<\/strong>: \u00dcbersichtliche Schaltfl\u00e4chen f\u00fcr \"Start\", \"Stopp\" und \"Weiter\" helfen Ihnen, die Kontrolle \u00fcber Ihre Verbindungen zu behalten.<\/li>\n<li><strong>Icon-basierte Men\u00fcs<\/strong>: Schnelles Auffinden von Zusatzfunktionen wie Filter, Text-Chat und Berichtfunktionen.<\/li>\n<li><strong>Reaktionsf\u00e4higes Layout<\/strong>: Funktioniert sowohl auf mobilen Ger\u00e4ten als auch auf Desktops und sorgt daf\u00fcr, dass Chats auf jedem Bildschirm gut aussehen.<\/li>\n<\/ul>\n<h3>Profil &amp; Anpassung<\/h3>\n<ul>\n<li><strong>Optionale Benutzernamen<\/strong>: Erstellen Sie ein kurzes Profil, wenn Sie wiederkehrende Besucher w\u00fcnschen, oder bleiben Sie anonym, um Ihre Privatsph\u00e4re zu wahren.<\/li>\n<li><strong>Pr\u00e4ferenzen f\u00fcr Benachrichtigungen<\/strong>: Kontrollieren Sie Benachrichtigungen \u00fcber Freundschaftsanfragen oder neue Funktionen.<\/li>\n<li><strong>Datenschutz-Einstellungen<\/strong>: Schr\u00e4nken Sie die Standortfreigabe ein und stellen Sie ein, welche Informationen f\u00fcr andere sichtbar sind.<\/li>\n<\/ul>\n<h2>Leistung<\/h2>\n<p>F\u00fcr jede <a href=\"https:\/\/strangercam.com\/de\/chathub\/\">zuf\u00e4lliger Video-Chat<\/a> Plattform, Geschwindigkeit und Zuverl\u00e4ssigkeit sind entscheidend. Pink Video Chat verbindet Qualit\u00e4t mit benutzerfreundlichem Design.<\/p>\n<h3>Stabile Verbindungen<\/h3>\n<ul>\n<li><strong>Optimierte Server<\/strong>: Entwickelt f\u00fcr geringere Verz\u00f6gerungen und nat\u00fcrlich wirkende Gespr\u00e4che.<\/li>\n<li><strong>Adaptive Streaming-Qualit\u00e4t<\/strong>: Passt die Aufl\u00f6sung automatisch an Ihre Internet-Bandbreite an.<\/li>\n<li><strong>Datenfreundlicher mobiler Modus<\/strong>: Optionen f\u00fcr eine geringere Datennutzung in Mobilfunknetzen sorgen f\u00fcr reibungslose Videos.<\/li>\n<\/ul>\n<h2>Sicherheit und M\u00e4\u00dfigung<\/h2>\n<p>Zuf\u00e4llige Videochats k\u00f6nnen Nutzer unangemessenen Interaktionen aussetzen, weshalb Pink Video Chat auf Moderation Wert legt.<\/p>\n<h3>\u00dcberwachung durch die Gemeinschaft<\/h3>\n<ul>\n<li><strong>Bericht &amp; Block<\/strong>: Melden Sie Benutzer, die gegen die Regeln versto\u00dfen, und blockieren Sie zuk\u00fcnftige Kontakte, um eine angenehme Erfahrung zu gew\u00e4hrleisten.<\/li>\n<li><strong>AI-Filterung<\/strong>: Automatisierte Systeme erkennen und begrenzen explizite oder missbr\u00e4uchliche Inhalte fr\u00fchzeitig.<\/li>\n<li><strong>Menschliche Moderation<\/strong>: Ein spezielles Unterst\u00fctzungsteam untersucht schwerwiegende Meldungen f\u00fcr zus\u00e4tzliche Schutzma\u00dfnahmen.<\/li>\n<\/ul>\n<h3>Datenschutz-Garantie<\/h3>\n<ul>\n<li><strong>Anonyme Video-Chats<\/strong>: Keine Verpflichtung zur Weitergabe pers\u00f6nlicher Daten oder zur Verkn\u00fcpfung mit Profilen in sozialen Medien.<\/li>\n<li><strong>Sichere Datenverarbeitung<\/strong>: Die Grundverschl\u00fcsselung dient dem Schutz von Kontodaten und Sitzungsinformationen.<\/li>\n<li><strong>Mindestalterspolitik<\/strong>: Benutzer unter 18 Jahren sind eingeschr\u00e4nkt, um die Einhaltung der Jugendschutzbestimmungen zu gew\u00e4hrleisten.<\/li>\n<\/ul>\n<h2>Monetarisierung und Upgrades<\/h2>\n<p>Pink Video Chat bietet seine wichtigsten Anpassungsfunktionen f\u00fcr <a href=\"https:\/\/strangercam.com\/de\/chat4free\/\">kostenlos<\/a>aber optionale bezahlte Verg\u00fcnstigungen k\u00f6nnen Ihre Erfahrung verbessern.<\/p>\n<h3>Abonnement-Optionen<\/h3>\n<ul>\n<li><strong>Werbefreier Modus<\/strong>: Eliminieren Sie Pop-ups und Werbebanner f\u00fcr eine ununterbrochene Chatumgebung.<\/li>\n<li><strong>Exklusive Filter<\/strong>: Schalte hochwertige Effekte und Hintergr\u00fcnde frei, um vor der Kamera aufzufallen.<\/li>\n<li><strong>Fortgeschrittenes Matchmaking<\/strong>: Verfeinern Sie Ihre Interessen-Tags f\u00fcr genauere Paarungen.<\/li>\n<\/ul>\n<h3>Belohnungen und Kredite<\/h3>\n<ul>\n<li><strong>Treue-Stufen<\/strong>: Sammeln Sie bei h\u00e4ufiger Nutzung Punkte, die Sie f\u00fcr In-App-Boni oder Rabatte einl\u00f6sen k\u00f6nnen.<\/li>\n<li><strong>Anreize f\u00fcr Empfehlungen<\/strong>: Laden Sie Freunde zu Pink Video Chat ein und verdienen Sie Credits, die Sie f\u00fcr Premium-Funktionen ausgeben k\u00f6nnen.<\/li>\n<\/ul>\n<h2>Marktpositionierung<\/h2>\n<p>Pink Video Chat hebt sich als lebendige Alternative zu Plattformen wie Chatrandom ab. Es lebt von zwanglosen, unvorhersehbaren Begegnungen und bietet gleichzeitig gen\u00fcgend Sicherheitsma\u00dfnahmen und Anpassungsm\u00f6glichkeiten, um ein breites Publikum zufriedenzustellen.<\/p>\n<h3>Demografische Daten der Nutzer<\/h3>\n<ul>\n<li><strong>Altersspanne<\/strong>: Vorrangig 18-35, aber offen f\u00fcr Erwachsene jeden Alters.<\/li>\n<li><strong>Interessen<\/strong>: Ideal f\u00fcr zwanglose Unterhaltungen, kulturellen Austausch, Sprach\u00fcbungen und alles, was dazwischen liegt.<\/li>\n<li><strong>Spitzennutzung<\/strong>: Abends und an den Wochenenden ist der Andrang am gr\u00f6\u00dften, wenn man sich in entspannter Atmosph\u00e4re unterhalten will.<\/li>\n<\/ul>\n<h3>Globale Reichweite<\/h3>\n<ul>\n<li><strong>Internationale Benutzerbasis<\/strong>: Treffen Sie Fremde aus unz\u00e4hligen L\u00e4ndern und erweitern Sie Ihre Weltanschauung mit einem Chat nach dem anderen.<\/li>\n<li><strong>Mehrsprachige Schnittstelle<\/strong>: W\u00e4hlen Sie eine von mehreren Sprachoptionen f\u00fcr ein lokalisiertes Erlebnis.<\/li>\n<\/ul>\n<h2>Pro und Kontra<\/h2>\n<p>Im Folgenden finden Sie eine kurze \u00dcbersicht \u00fcber die St\u00e4rken und m\u00f6glichen Nachteile von Pink Video Chat:<\/p>\n<table>\n<thead>\n<tr>\n<th>Profis<\/th>\n<th>Nachteile<\/th>\n<\/tr>\n<\/thead>\n<tbody>\n<tr>\n<td>\n<ul>\n<li>Zuf\u00e4llige Sofort-Verbindungen<\/li>\n<li>Einfaches, intuitives Layout<\/li>\n<li>Verspielte Filter und Effekte<\/li>\n<li>Robuste Moderationswerkzeuge<\/li>\n<li>Handytaugliche Leistung<\/li>\n<\/ul>\n<\/td>\n<td>\n<ul>\n<li>M\u00f6gliche Exposition gegen\u00fcber unangemessenen Inhalten (wenn auch moderiert)<\/li>\n<li>Hohe Internet-Anforderungen f\u00fcr beste Videoqualit\u00e4t<\/li>\n<li>Begrenzte Profil- und Zinsoptionen auf der kostenlosen Ebene<\/li>\n<li>Konkurrenz durch gr\u00f6\u00dfere, etablierte Plattformen<\/li>\n<\/ul>\n<\/td>\n<\/tr>\n<\/tbody>\n<\/table>\n<h2>Schlussfolgerung<\/h2>\n<p>Pink Video Chat bietet ein spielerisches, zuf\u00e4lliges Video-Chat-Erlebnis, das f\u00fcr alle geeignet ist, die sich nach spontanen sozialen Begegnungen sehnen. Als Alternative zu Chatrandom bietet es ein ausgewogenes Verh\u00e4ltnis zwischen Einfachheit und Vergn\u00fcgen, indem es lustige Funktionen wie digitale Masken und Interessenmarkierungen sowie wichtige Sicherheitsma\u00dfnahmen wie das Melden und Sperren von Kontakten einbezieht. Egal, ob Sie neue Freunde kennenlernen, eine zweite Sprache \u00fcben oder sich einfach in einer dynamischen Online-Community die Zeit vertreiben m\u00f6chten, Pink Video Chat hat viel zu bieten.<br \/>\nMit einer \u00fcbersichtlichen Benutzeroberfl\u00e4che, mobiler Kompatibilit\u00e4t und einer moderierten Chat-Umgebung hebt sich Pink Video Chat als ein lebendiger Konkurrent in der Welt der zuf\u00e4lligen Video-Chat-Seiten ab. Probieren Sie es aus und entdecken Sie, wen Sie auf der anderen Seite Ihres n\u00e4chsten Klicks treffen werden!<\/p>","protected":false},"excerpt":{"rendered":"<p>Are you looking for a lively, spontaneous way to meet new people online? Pink Video Chat offers a fun alternative to platforms like Chatrandom, focusing on random video connections that spark fresh conversations across the globe. In this guide, we\u2019ll explore Pink Video Chat\u2019s primary features, how it stands out from other random chat sites, [&hellip;]<\/p>\n","protected":false},"author":6,"featured_media":0,"parent":0,"menu_order":0,"comment_status":"closed","ping_status":"closed","template":"","meta":{"footnotes":""},"class_list":["post-12683","page","type-page","status-publish","hentry"],"yoast_head":"<!-- This site is optimized with the Yoast SEO plugin v27.4 - https:\/\/yoast.com\/product\/yoast-seo-wordpress\/ -->\n<title>Pink Video Chat - Chat with people on StrangerCam.com<\/title>\n<meta name=\"description\" content=\"Like Pink Video Chat? Come chat with more than 5.000.000 strangers on Stranger Cam for Free! Turn on your cam and find new friends &amp; maby a match!\" \/>\n<meta name=\"robots\" content=\"index, follow, max-snippet:-1, max-image-preview:large, max-video-preview:-1\" \/>\n<link rel=\"canonical\" href=\"https:\/\/strangercam.com\/de\/pink-video-chat\/\" \/>\n<meta property=\"og:locale\" content=\"de_DE\" \/>\n<meta property=\"og:type\" content=\"article\" \/>\n<meta property=\"og:title\" content=\"Pink Video Chat - Chat with people on StrangerCam.com\" \/>\n<meta property=\"og:description\" content=\"Like Pink Video Chat? Come chat with more than 5.000.000 strangers on Stranger Cam for Free! Turn on your cam and find new friends &amp; maby a match!\" \/>\n<meta property=\"og:url\" content=\"https:\/\/strangercam.com\/de\/pink-video-chat\/\" \/>\n<meta property=\"og:site_name\" content=\"Strangercam\" \/>\n<meta property=\"article:publisher\" content=\"https:\/\/www.facebook.com\/strangercam\" \/>\n<meta property=\"article:modified_time\" content=\"2025-02-04T07:27:22+00:00\" \/>\n<meta property=\"og:image\" content=\"https:\/\/strangercam.com\/wp-content\/uploads\/2021\/10\/Untitled-2.png\" \/>\n\t<meta property=\"og:image:width\" content=\"800\" \/>\n\t<meta property=\"og:image:height\" content=\"532\" \/>\n\t<meta property=\"og:image:type\" content=\"image\/png\" \/>\n<meta name=\"twitter:card\" content=\"summary_large_image\" \/>\n<meta name=\"twitter:site\" content=\"@strangercamapp\" \/>\n<meta name=\"twitter:label1\" content=\"Gesch\u00e4tzte Lesezeit\" \/>\n\t<meta name=\"twitter:data1\" content=\"5\u00a0Minuten\" \/>\n<script type=\"application\/ld+json\" class=\"yoast-schema-graph\">{\"@context\":\"https:\\\/\\\/schema.org\",\"@graph\":[{\"@type\":\"WebPage\",\"@id\":\"https:\\\/\\\/strangercam.com\\\/pink-video-chat\\\/\",\"url\":\"https:\\\/\\\/strangercam.com\\\/pink-video-chat\\\/\",\"name\":\"Pink Video Chat - Chat with people on StrangerCam.com\",\"isPartOf\":{\"@id\":\"https:\\\/\\\/strangercam.com\\\/#website\"},\"datePublished\":\"2025-01-29T08:35:45+00:00\",\"dateModified\":\"2025-02-04T07:27:22+00:00\",\"description\":\"Like Pink Video Chat? Come chat with more than 5.000.000 strangers on Stranger Cam for Free! Turn on your cam and find new friends & maby a match!\",\"breadcrumb\":{\"@id\":\"https:\\\/\\\/strangercam.com\\\/pink-video-chat\\\/#breadcrumb\"},\"inLanguage\":\"de\",\"potentialAction\":[{\"@type\":\"ReadAction\",\"target\":[\"https:\\\/\\\/strangercam.com\\\/pink-video-chat\\\/\"]}]},{\"@type\":\"BreadcrumbList\",\"@id\":\"https:\\\/\\\/strangercam.com\\\/pink-video-chat\\\/#breadcrumb\",\"itemListElement\":[{\"@type\":\"ListItem\",\"position\":1,\"name\":\"Home\",\"item\":\"https:\\\/\\\/strangercam.com\\\/\"},{\"@type\":\"ListItem\",\"position\":2,\"name\":\"Pink Video Chat\"}]},{\"@type\":\"WebSite\",\"@id\":\"https:\\\/\\\/strangercam.com\\\/#website\",\"url\":\"https:\\\/\\\/strangercam.com\\\/\",\"name\":\"Strangercam\",\"description\":\"Random Video Chat with Strangers\",\"publisher\":{\"@id\":\"https:\\\/\\\/strangercam.com\\\/#organization\"},\"alternateName\":\"Strangercam.com\",\"potentialAction\":[{\"@type\":\"SearchAction\",\"target\":{\"@type\":\"EntryPoint\",\"urlTemplate\":\"https:\\\/\\\/strangercam.com\\\/?s={search_term_string}\"},\"query-input\":{\"@type\":\"PropertyValueSpecification\",\"valueRequired\":true,\"valueName\":\"search_term_string\"}}],\"inLanguage\":\"de\"},{\"@type\":\"Organization\",\"@id\":\"https:\\\/\\\/strangercam.com\\\/#organization\",\"name\":\"Strangercam\",\"alternateName\":\"Strangercam.com\",\"url\":\"https:\\\/\\\/strangercam.com\\\/\",\"logo\":{\"@type\":\"ImageObject\",\"inLanguage\":\"de\",\"@id\":\"https:\\\/\\\/strangercam.com\\\/#\\\/schema\\\/logo\\\/image\\\/\",\"url\":\"https:\\\/\\\/strangercam.com\\\/wp-content\\\/uploads\\\/2020\\\/11\\\/cropped-new-favicon-black.png\",\"contentUrl\":\"https:\\\/\\\/strangercam.com\\\/wp-content\\\/uploads\\\/2020\\\/11\\\/cropped-new-favicon-black.png\",\"width\":512,\"height\":512,\"caption\":\"Strangercam\"},\"image\":{\"@id\":\"https:\\\/\\\/strangercam.com\\\/#\\\/schema\\\/logo\\\/image\\\/\"},\"sameAs\":[\"https:\\\/\\\/www.facebook.com\\\/strangercam\",\"https:\\\/\\\/x.com\\\/strangercamapp\"]}]}<\/script>\n<!-- \/ Yoast SEO plugin. -->","yoast_head_json":{"title":"Pink Video Chat - Chatte mit Leuten auf StrangerCam.com","description":"Magst du Pink Video Chat? Komm und chatte mit mehr als 5.000.000 Fremden auf Stranger Cam kostenlos! Schalte deine Kamera ein und finde neue Freunde und vielleicht einen Partner!","robots":{"index":"index","follow":"follow","max-snippet":"max-snippet:-1","max-image-preview":"max-image-preview:large","max-video-preview":"max-video-preview:-1"},"canonical":"https:\/\/strangercam.com\/de\/pink-video-chat\/","og_locale":"de_DE","og_type":"article","og_title":"Pink Video Chat - Chat with people on StrangerCam.com","og_description":"Like Pink Video Chat? Come chat with more than 5.000.000 strangers on Stranger Cam for Free! Turn on your cam and find new friends & maby a match!","og_url":"https:\/\/strangercam.com\/de\/pink-video-chat\/","og_site_name":"Strangercam","article_publisher":"https:\/\/www.facebook.com\/strangercam","article_modified_time":"2025-02-04T07:27:22+00:00","og_image":[{"width":800,"height":532,"url":"https:\/\/strangercam.com\/wp-content\/uploads\/2021\/10\/Untitled-2.png","type":"image\/png"}],"twitter_card":"summary_large_image","twitter_site":"@strangercamapp","twitter_misc":{"Gesch\u00e4tzte Lesezeit":"5\u00a0Minuten"},"schema":{"@context":"https:\/\/schema.org","@graph":[{"@type":"WebPage","@id":"https:\/\/strangercam.com\/pink-video-chat\/","url":"https:\/\/strangercam.com\/pink-video-chat\/","name":"Pink Video Chat - Chatte mit Leuten auf StrangerCam.com","isPartOf":{"@id":"https:\/\/strangercam.com\/#website"},"datePublished":"2025-01-29T08:35:45+00:00","dateModified":"2025-02-04T07:27:22+00:00","description":"Magst du Pink Video Chat? Komm und chatte mit mehr als 5.000.000 Fremden auf Stranger Cam kostenlos! Schalte deine Kamera ein und finde neue Freunde und vielleicht einen Partner!","breadcrumb":{"@id":"https:\/\/strangercam.com\/pink-video-chat\/#breadcrumb"},"inLanguage":"de","potentialAction":[{"@type":"ReadAction","target":["https:\/\/strangercam.com\/pink-video-chat\/"]}]},{"@type":"BreadcrumbList","@id":"https:\/\/strangercam.com\/pink-video-chat\/#breadcrumb","itemListElement":[{"@type":"ListItem","position":1,"name":"Home","item":"https:\/\/strangercam.com\/"},{"@type":"ListItem","position":2,"name":"Pink Video Chat"}]},{"@type":"WebSite","@id":"https:\/\/strangercam.com\/#website","url":"https:\/\/strangercam.com\/","name":"Strangercam","description":"Zuf\u00e4lliger Video-Chat mit Fremden","publisher":{"@id":"https:\/\/strangercam.com\/#organization"},"alternateName":"Strangercam.com","potentialAction":[{"@type":"SearchAction","target":{"@type":"EntryPoint","urlTemplate":"https:\/\/strangercam.com\/?s={search_term_string}"},"query-input":{"@type":"PropertyValueSpecification","valueRequired":true,"valueName":"search_term_string"}}],"inLanguage":"de"},{"@type":"Organization","@id":"https:\/\/strangercam.com\/#organization","name":"Strangercam","alternateName":"Strangercam.com","url":"https:\/\/strangercam.com\/","logo":{"@type":"ImageObject","inLanguage":"de","@id":"https:\/\/strangercam.com\/#\/schema\/logo\/image\/","url":"https:\/\/strangercam.com\/wp-content\/uploads\/2020\/11\/cropped-new-favicon-black.png","contentUrl":"https:\/\/strangercam.com\/wp-content\/uploads\/2020\/11\/cropped-new-favicon-black.png","width":512,"height":512,"caption":"Strangercam"},"image":{"@id":"https:\/\/strangercam.com\/#\/schema\/logo\/image\/"},"sameAs":["https:\/\/www.facebook.com\/strangercam","https:\/\/x.com\/strangercamapp"]}]}},"_links":{"self":[{"href":"https:\/\/strangercam.com\/de\/wp-json\/wp\/v2\/pages\/12683","targetHints":{"allow":["GET"]}}],"collection":[{"href":"https:\/\/strangercam.com\/de\/wp-json\/wp\/v2\/pages"}],"about":[{"href":"https:\/\/strangercam.com\/de\/wp-json\/wp\/v2\/types\/page"}],"author":[{"embeddable":true,"href":"https:\/\/strangercam.com\/de\/wp-json\/wp\/v2\/users\/6"}],"replies":[{"embeddable":true,"href":"https:\/\/strangercam.com\/de\/wp-json\/wp\/v2\/comments?post=12683"}],"version-history":[{"count":1,"href":"https:\/\/strangercam.com\/de\/wp-json\/wp\/v2\/pages\/12683\/revisions"}],"predecessor-version":[{"id":12684,"href":"https:\/\/strangercam.com\/de\/wp-json\/wp\/v2\/pages\/12683\/revisions\/12684"}],"wp:attachment":[{"href":"https:\/\/strangercam.com\/de\/wp-json\/wp\/v2\/media?parent=12683"}],"curies":[{"name":"wp","href":"https:\/\/api.w.org\/{rel}","templated":true}]}}