{"id":12587,"date":"2024-11-08T12:02:12","date_gmt":"2024-11-08T10:02:12","guid":{"rendered":"https:\/\/strangercam.com\/?page_id=12587"},"modified":"2025-02-04T09:36:39","modified_gmt":"2025-02-04T07:36:39","slug":"rabbit-video-chat","status":"publish","type":"page","link":"https:\/\/strangercam.com\/de\/rabbit-video-chat\/","title":{"rendered":"Kaninchen-Videochat"},"content":{"rendered":"<p>Sind Sie auf der Suche nach einer lebendigen und spontanen Methode, um online neue Leute kennenzulernen? Kaninchen Video <a href=\"https:\/\/strangercam.com\/de\/chatroulette\/\">Chat<\/a> bietet ein Chatroulette-\u00e4hnliches Erlebnis, bei dem Sie mit Fremden aus der ganzen Welt zusammenkommen, um sich von Angesicht zu Angesicht zu unterhalten. Im Folgenden erfahren Sie, was Rabbit Video Chat auszeichnet, wie es sich von anderen Zufalls-Chat-Seiten unterscheidet und warum es eine gute Wahl f\u00fcr schnelle und lebendige soziale Kontakte ist.<\/p>\n<h2>Wesentliche Merkmale<\/h2>\n<p>Kaninchen <a href=\"https:\/\/strangercam.com\/de\/coomeet\/\">Video-Chat<\/a> legt den Schwerpunkt auf Einfachheit und Unterhaltung und hilft Ihnen, ohne unn\u00f6tige H\u00fcrden direkt in Videogespr\u00e4che einzusteigen. Seine Funktionen umfassen:<\/p>\n<ul>\n<li><strong>Zuf\u00e4lliger Videoabgleich<\/strong>: Verbinde dich sofort mit Fremden auf der ganzen Welt f\u00fcr authentische Einzelgespr\u00e4che.<\/li>\n<li><strong>Fun-Filter &amp; Effekte<\/strong>: Bringen Sie mit witzigen digitalen Masken und spielerischen \u00dcberlagerungen Spannung in Ihre Unterhaltungen.<\/li>\n<li><strong>Schnelle Navigation<\/strong>: Bewege dich schnell zwischen den Spielen, um immer wieder neue Leute zu treffen.<\/li>\n<li><strong>Mobil-optimiert<\/strong>: Genie\u00dfen Sie reibungslose Videochats sowohl auf Smartphones als auch auf Desktops.<\/li>\n<\/ul>\n<h2>Zuf\u00e4llige Video-Chat-Erfahrung<\/h2>\n<p>Rabbit Video Chat bringt Sie sofort mit neuen Personen zusammen, so dass Sie mehr Zeit mit Gespr\u00e4chen und weniger mit Warten verbringen.<\/p>\n<h3>Sofortiges Pairing<\/h3>\n<p>Tippen Sie auf die Schaltfl\u00e4che \"Start\", und der Algorithmus der Plattform verbindet Sie schnell mit einem anderen Nutzer, der ein Gespr\u00e4ch sucht. Es geht um Spontaneit\u00e4t - keine umfangreichen Profile oder komplizierten Schritte erforderlich.<\/p>\n<h3>Auto N\u00e4chste<\/h3>\n<p>Ihr aktueller Partner passt nicht zu Ihnen? Dr\u00fccken Sie einfach auf \"Weiter\", um weiterzugehen. So k\u00f6nnen Sie in einer schnellen Umgebung den richtigen Partner f\u00fcr sich finden.<\/p>\n<h3>Globale Gemeinschaft<\/h3>\n<p>Die Nutzerbasis von Rabbit Video Chat erstreckt sich \u00fcber alle Kontinente und bietet zahlreiche M\u00f6glichkeiten, andere Kulturen kennenzulernen und vielleicht sogar eine neue Sprache zu lernen.<\/p>\n<h2>Lustige Extras<\/h2>\n<p>Diese Plattform geht \u00fcber Standardanrufe hinaus und bietet zus\u00e4tzliche Funktionen, die das zuf\u00e4llige Chat-Erlebnis aufpeppen:<\/p>\n<table>\n<thead>\n<tr>\n<th>Merkmal<\/th>\n<th>Beschreibung<\/th>\n<\/tr>\n<\/thead>\n<tbody>\n<tr>\n<td><strong>Digitale Filter und Masken<\/strong><\/td>\n<td>Bringen Sie mit lustigen visuellen Effekten Humor oder Kreativit\u00e4t in Gespr\u00e4che.<\/td>\n<\/tr>\n<tr>\n<td><strong>Text-Chat-Integration<\/strong><\/td>\n<td>Schreiben Sie Kurznachrichten oder teilen Sie Links, wenn Ihnen das Sprechen anfangs zu pers\u00f6nlich erscheint.<\/td>\n<\/tr>\n<tr>\n<td><strong>Schnappschuss-Werkzeug<\/strong><\/td>\n<td>Halten Sie (mit dem Einverst\u00e4ndnis Ihres Chatpartners) unvergessliche Momente fest, um sie sp\u00e4ter noch einmal zu betrachten.<\/td>\n<\/tr>\n<tr>\n<td><strong>Interesse Tags<\/strong><\/td>\n<td>Kennzeichnen Sie Chats mit Themen (Musik, Reisen, Spiele) f\u00fcr eine bessere Kompatibilit\u00e4t mit neuen Matches.<\/td>\n<\/tr>\n<\/tbody>\n<\/table>\n<h2>Benutzeroberfl\u00e4che und Erfahrung<\/h2>\n<p>Rabbit Video Chat ist bestrebt, eine klare, unkomplizierte Schnittstelle zu bieten, die den Fokus auf Ihre <a href=\"https:\/\/strangercam.com\/de\/mili\/\">live<\/a> Video.<\/p>\n<h3>Gestaltung und Navigation<\/h3>\n<ul>\n<li><strong>Minimalistische Steuerelemente<\/strong>: Deutlich gekennzeichnete Schaltfl\u00e4chen f\u00fcr \u201cStart\u201d, \u201cStop\u201d und \u201cWeiter\u201d erleichtern die Verwaltung von Chats.<\/li>\n<li><strong>Icon-basierte Men\u00fcs<\/strong>: Filter, Text-Chat und andere Funktionen sind \u00fcber intuitive Icons zug\u00e4nglich.<\/li>\n<li><strong>Reaktionsf\u00e4higes Layout<\/strong>: Von Smartphones bis zu gro\u00dfen Monitoren passt sich die Schnittstelle reibungslos an.<\/li>\n<\/ul>\n<h3>Personalisierung<\/h3>\n<ul>\n<li><strong>Optionale Profile<\/strong>: Verwenden Sie einen Spitznamen oder bleiben Sie anonym, um Ihre Privatsph\u00e4re zu sch\u00fctzen.<\/li>\n<li><strong>Pr\u00e4ferenzen f\u00fcr Benachrichtigungen<\/strong>: W\u00e4hlen Sie, wie Sie Freundschaftsanfragen oder Updates erhalten.<\/li>\n<li><strong>Datenschutz-Einstellungen<\/strong>: Steuern Sie die Standortfreigabe und verwalten Sie, welche Details f\u00fcr andere sichtbar sind.<\/li>\n<\/ul>\n<h2>Leistung<\/h2>\n<p>Schnelle, stabile Verbindungen sind f\u00fcr jede Live-Video-App unerl\u00e4sslich, und Rabbit Video Chat arbeitet daran, ein zuverl\u00e4ssiges Erlebnis zu bieten:<\/p>\n<h3>Optimierte Server<\/h3>\n<ul>\n<li><strong>Reduzierte Verz\u00f6gerung<\/strong>: Eine effiziente Infrastruktur sorgt f\u00fcr minimale Latenzzeiten bei Videoanrufen.<\/li>\n<li><strong>Adaptive Qualit\u00e4t<\/strong>: Die Videoaufl\u00f6sung passt sich an Ihre Internetgeschwindigkeit an, um Unterbrechungen zu minimieren.<\/li>\n<li><strong>Dateneffizienter Modus<\/strong>: Mobile Nutzer k\u00f6nnen Einstellungen f\u00fcr eine geringere Datennutzung aktivieren.<\/li>\n<\/ul>\n<h2>Sicherheit und M\u00e4\u00dfigung<\/h2>\n<p>Zuf\u00e4llige Videochats k\u00f6nnen unerwartete Inhalte bringen, daher enth\u00e4lt Rabbit Video Chat mehrere Sicherheitsma\u00dfnahmen:<\/p>\n<h3>Gemeinschaftliche Aufsichtsbeh\u00f6rde<\/h3>\n<ul>\n<li><strong>Werkzeuge f\u00fcr Berichte und Sperren<\/strong>: Markieren Sie unangemessene Benutzer schnell und blockieren Sie sie f\u00fcr zuk\u00fcnftige Begegnungen.<\/li>\n<li><strong>AI-Moderation<\/strong>: Automatisierte Systeme \u00fcberwachen explizites oder sch\u00e4dliches Verhalten in Echtzeit.<\/li>\n<li><strong>Menschliches Moderationsteam<\/strong>: Die Mitarbeiter \u00fcberpr\u00fcfen die gemeldeten Probleme, um die Plattform einladend zu halten.<\/li>\n<\/ul>\n<h3>Datenschutz-Kontrollen<\/h3>\n<ul>\n<li><strong>Anonyme Schnittstelle<\/strong>: Chatten Sie, ohne pers\u00f6nliche Daten preiszugeben.<\/li>\n<li><strong>Verschl\u00fcsselte Datenspeicherung<\/strong>: Die Grundverschl\u00fcsselung sch\u00fctzt sensible Kontodaten.<\/li>\n<li><strong>Altersbeschr\u00e4nkungen<\/strong>: Die Alters\u00fcberpr\u00fcfung tr\u00e4gt zum Schutz von Minderj\u00e4hrigen bei.<\/li>\n<\/ul>\n<h2>Monetarisierung und Upgrades<\/h2>\n<p>Rabbit Video Chat ist zwar weitgehend <a href=\"https:\/\/strangercam.com\/de\/chat4free\/\">kostenlos<\/a> zu verwenden, bietet es auch Premium-Funktionen:<\/p>\n<h3>Premium Verg\u00fcnstigungen<\/h3>\n<ul>\n<li><strong>Werbefreies Surfen<\/strong>: Entfernen Sie Werbung f\u00fcr ununterbrochenes Chatten.<\/li>\n<li><strong>Exklusive Effekte<\/strong>: Schalten Sie spezielle Filter und Hintergr\u00fcnde frei.<\/li>\n<li><strong>Erweitertes Matching<\/strong>: Passen Sie Ihre Interessen-Tags und Standortfilter an.<\/li>\n<\/ul>\n<h3>Belohnungssysteme<\/h3>\n<ul>\n<li><strong>Treuepunkte<\/strong>: Verdienen Sie durch h\u00e4ufige Nutzung Credits, die Sie f\u00fcr Premiumartikel einl\u00f6sen k\u00f6nnen.<\/li>\n<li><strong>Empfehlungsvorteile<\/strong>: Laden Sie Freunde ein und erhalten Sie f\u00fcr jede erfolgreiche Anmeldung Bonusleistungen.<\/li>\n<\/ul>\n<h2>Marktpositionierung<\/h2>\n<p>Rabbit Video Chat dient als lebendige Alternative zu den etablierten <a href=\"https:\/\/strangercam.com\/de\/chathub\/\">zuf\u00e4lliger Video-Chat<\/a> Plattformen, die sich auf die benutzerfreundliche Oberfl\u00e4che und den robusten Moderationsansatz st\u00fctzen.<\/p>\n<h3>Demografische Daten der Nutzer<\/h3>\n<ul>\n<li><strong>Altersspanne<\/strong>: \u00dcberwiegend 18-35 Jahre alt, obwohl Erwachsene jeden Alters teilnehmen.<\/li>\n<li><strong>Hauptinteressen<\/strong>: Gelegenheitsgespr\u00e4che, kultureller Austausch, Sprachpraxis.<\/li>\n<li><strong>Hauptverkehrszeiten<\/strong>: Nachts und an den Wochenenden ist das Nutzeraufkommen am h\u00f6chsten.<\/li>\n<\/ul>\n<h3>Globale Reichweite<\/h3>\n<ul>\n<li><strong>Internationale Benutzer<\/strong>: Mit Menschen aus verschiedenen L\u00e4ndern und mit unterschiedlichem Hintergrund in Kontakt treten.<\/li>\n<li><strong>Mehrsprachige Schnittstelle<\/strong>: Wechseln Sie zu den verschiedenen Sprachoptionen f\u00fcr eine lokalisierte Erfahrung.<\/li>\n<\/ul>\n<h2>Pro und Kontra<\/h2>\n<p>Hier ein kurzer \u00dcberblick \u00fcber die Vorteile und m\u00f6glichen Einschr\u00e4nkungen von Rabbit Video Chat:<\/p>\n<table>\n<thead>\n<tr>\n<th>Profis<\/th>\n<th>Nachteile<\/th>\n<\/tr>\n<\/thead>\n<tbody>\n<tr>\n<td>\n<ul>\n<li>Schnelle zuf\u00e4llige Verbindungen<\/li>\n<li>Unkomplizierte Benutzeroberfl\u00e4che<\/li>\n<li>Unterhaltsame Filter und Effekte<\/li>\n<li>Dedizierte Moderations- und Sicherheitstools<\/li>\n<li>Funktioniert gut auf mobilen Ger\u00e4ten<\/li>\n<\/ul>\n<\/td>\n<td>\n<ul>\n<li>Gelegentliche Exposition gegen\u00fcber unerw\u00fcnschten Inhalten<\/li>\n<li>Erfordert stabiles Internet f\u00fcr beste Qualit\u00e4t<\/li>\n<li>Weniger kostenlose Funktionen im Vergleich zu kostenpflichtigen Upgrades<\/li>\n<li>Konkurriert mit gr\u00f6\u00dferen, renommierten Plattformen<\/li>\n<\/ul>\n<\/td>\n<\/tr>\n<\/tbody>\n<\/table>\n<h2>Schlussfolgerung<\/h2>\n<p>Rabbit Video Chat ist eine anregende, benutzerfreundliche Option, wenn Sie gerne Fremde durch zuf\u00e4llige Videoanrufe treffen. Sein einfaches Design, die integrative globale Community und die robusten Moderationswerkzeuge machen es zu einer soliden Wahl f\u00fcr schnelle Chats, Sprach\u00fcbungen oder unterhaltsame Begegnungen in Echtzeit. Egal, ob Sie neu im Bereich zuf\u00e4lliger Videochats sind oder ein erfahrener Profi, Rabbit Video Chat ist eine unkomplizierte und zuverl\u00e4ssige M\u00f6glichkeit, mit Menschen aus allen Gesellschaftsschichten in Kontakt zu treten - nur einen Klick entfernt.<\/p>","protected":false},"excerpt":{"rendered":"<p>Are you looking for a spirited and spontaneous way to connect with new people online? Rabbit Video Chat delivers a chatroulette-style experience, pairing you with strangers from across the globe for fun face-to-face encounters. Below, we explore Rabbit Video Chat\u2019s standout features, how it differs from other random chat sites, and why it\u2019s a go-to [&hellip;]<\/p>\n","protected":false},"author":6,"featured_media":0,"parent":0,"menu_order":0,"comment_status":"closed","ping_status":"closed","template":"","meta":{"footnotes":""},"class_list":["post-12587","page","type-page","status-publish","hentry"],"yoast_head":"<!-- This site is optimized with the Yoast SEO plugin v26.9 - https:\/\/yoast.com\/product\/yoast-seo-wordpress\/ -->\n<title>Rabbit Video Chat - Free Video Chat Rooms - StrangerCam.com<\/title>\n<meta name=\"description\" content=\"Discover Chamet, the ultimate online platform connecting you to free video chat rooms and live streams. Join Chamet today!\" \/>\n<meta name=\"robots\" content=\"index, follow, max-snippet:-1, max-image-preview:large, max-video-preview:-1\" \/>\n<link rel=\"canonical\" href=\"https:\/\/strangercam.com\/de\/rabbit-video-chat\/\" \/>\n<meta property=\"og:locale\" content=\"de_DE\" \/>\n<meta property=\"og:type\" content=\"article\" \/>\n<meta property=\"og:title\" content=\"Rabbit Video Chat - Free Video Chat Rooms - StrangerCam.com\" \/>\n<meta property=\"og:description\" content=\"Discover Chamet, the ultimate online platform connecting you to free video chat rooms and live streams. Join Chamet today!\" \/>\n<meta property=\"og:url\" content=\"https:\/\/strangercam.com\/de\/rabbit-video-chat\/\" \/>\n<meta property=\"og:site_name\" content=\"Strangercam\" \/>\n<meta property=\"article:publisher\" content=\"https:\/\/www.facebook.com\/strangercam\" \/>\n<meta property=\"article:modified_time\" content=\"2025-02-04T07:36:39+00:00\" \/>\n<meta property=\"og:image\" content=\"https:\/\/strangercam.com\/wp-content\/uploads\/2021\/10\/Untitled-2.png\" \/>\n\t<meta property=\"og:image:width\" content=\"800\" \/>\n\t<meta property=\"og:image:height\" content=\"532\" \/>\n\t<meta property=\"og:image:type\" content=\"image\/png\" \/>\n<meta name=\"twitter:card\" content=\"summary_large_image\" \/>\n<meta name=\"twitter:site\" content=\"@strangercamapp\" \/>\n<meta name=\"twitter:label1\" content=\"Gesch\u00e4tzte Lesezeit\" \/>\n\t<meta name=\"twitter:data1\" content=\"4\u00a0Minuten\" \/>\n<script type=\"application\/ld+json\" class=\"yoast-schema-graph\">{\"@context\":\"https:\/\/schema.org\",\"@graph\":[{\"@type\":\"WebPage\",\"@id\":\"https:\/\/strangercam.com\/rabbit-video-chat\/\",\"url\":\"https:\/\/strangercam.com\/rabbit-video-chat\/\",\"name\":\"Rabbit Video Chat - Free Video Chat Rooms - StrangerCam.com\",\"isPartOf\":{\"@id\":\"https:\/\/strangercam.com\/#website\"},\"datePublished\":\"2024-11-08T10:02:12+00:00\",\"dateModified\":\"2025-02-04T07:36:39+00:00\",\"description\":\"Discover Chamet, the ultimate online platform connecting you to free video chat rooms and live streams. Join Chamet today!\",\"breadcrumb\":{\"@id\":\"https:\/\/strangercam.com\/rabbit-video-chat\/#breadcrumb\"},\"inLanguage\":\"de\",\"potentialAction\":[{\"@type\":\"ReadAction\",\"target\":[\"https:\/\/strangercam.com\/rabbit-video-chat\/\"]}]},{\"@type\":\"BreadcrumbList\",\"@id\":\"https:\/\/strangercam.com\/rabbit-video-chat\/#breadcrumb\",\"itemListElement\":[{\"@type\":\"ListItem\",\"position\":1,\"name\":\"Home\",\"item\":\"https:\/\/strangercam.com\/\"},{\"@type\":\"ListItem\",\"position\":2,\"name\":\"Rabbit Video Chat\"}]},{\"@type\":\"WebSite\",\"@id\":\"https:\/\/strangercam.com\/#website\",\"url\":\"https:\/\/strangercam.com\/\",\"name\":\"Strangercam\",\"description\":\"Random Video Chat with Strangers\",\"publisher\":{\"@id\":\"https:\/\/strangercam.com\/#organization\"},\"alternateName\":\"Strangercam.com\",\"potentialAction\":[{\"@type\":\"SearchAction\",\"target\":{\"@type\":\"EntryPoint\",\"urlTemplate\":\"https:\/\/strangercam.com\/?s={search_term_string}\"},\"query-input\":{\"@type\":\"PropertyValueSpecification\",\"valueRequired\":true,\"valueName\":\"search_term_string\"}}],\"inLanguage\":\"de\"},{\"@type\":\"Organization\",\"@id\":\"https:\/\/strangercam.com\/#organization\",\"name\":\"Strangercam\",\"alternateName\":\"Strangercam.com\",\"url\":\"https:\/\/strangercam.com\/\",\"logo\":{\"@type\":\"ImageObject\",\"inLanguage\":\"de\",\"@id\":\"https:\/\/strangercam.com\/#\/schema\/logo\/image\/\",\"url\":\"https:\/\/strangercam.com\/wp-content\/uploads\/2020\/11\/cropped-new-favicon-black.png\",\"contentUrl\":\"https:\/\/strangercam.com\/wp-content\/uploads\/2020\/11\/cropped-new-favicon-black.png\",\"width\":512,\"height\":512,\"caption\":\"Strangercam\"},\"image\":{\"@id\":\"https:\/\/strangercam.com\/#\/schema\/logo\/image\/\"},\"sameAs\":[\"https:\/\/www.facebook.com\/strangercam\",\"https:\/\/x.com\/strangercamapp\"]}]}<\/script>\n<!-- \/ Yoast SEO plugin. -->","yoast_head_json":{"title":"Rabbit Video Chat - Kostenlose Video Chat R\u00e4ume - StrangerCam.com","description":"Entdecken Sie Chamet, die ultimative Online-Plattform, die Sie mit kostenlosen Video-Chatr\u00e4umen und Live-Streams verbindet. Werden Sie noch heute Mitglied bei Chamet!","robots":{"index":"index","follow":"follow","max-snippet":"max-snippet:-1","max-image-preview":"max-image-preview:large","max-video-preview":"max-video-preview:-1"},"canonical":"https:\/\/strangercam.com\/de\/rabbit-video-chat\/","og_locale":"de_DE","og_type":"article","og_title":"Rabbit Video Chat - Free Video Chat Rooms - StrangerCam.com","og_description":"Discover Chamet, the ultimate online platform connecting you to free video chat rooms and live streams. Join Chamet today!","og_url":"https:\/\/strangercam.com\/de\/rabbit-video-chat\/","og_site_name":"Strangercam","article_publisher":"https:\/\/www.facebook.com\/strangercam","article_modified_time":"2025-02-04T07:36:39+00:00","og_image":[{"width":800,"height":532,"url":"https:\/\/strangercam.com\/wp-content\/uploads\/2021\/10\/Untitled-2.png","type":"image\/png"}],"twitter_card":"summary_large_image","twitter_site":"@strangercamapp","twitter_misc":{"Gesch\u00e4tzte Lesezeit":"4\u00a0Minuten"},"schema":{"@context":"https:\/\/schema.org","@graph":[{"@type":"WebPage","@id":"https:\/\/strangercam.com\/rabbit-video-chat\/","url":"https:\/\/strangercam.com\/rabbit-video-chat\/","name":"Rabbit Video Chat - Kostenlose Video Chat R\u00e4ume - StrangerCam.com","isPartOf":{"@id":"https:\/\/strangercam.com\/#website"},"datePublished":"2024-11-08T10:02:12+00:00","dateModified":"2025-02-04T07:36:39+00:00","description":"Entdecken Sie Chamet, die ultimative Online-Plattform, die Sie mit kostenlosen Video-Chatr\u00e4umen und Live-Streams verbindet. Werden Sie noch heute Mitglied bei Chamet!","breadcrumb":{"@id":"https:\/\/strangercam.com\/rabbit-video-chat\/#breadcrumb"},"inLanguage":"de","potentialAction":[{"@type":"ReadAction","target":["https:\/\/strangercam.com\/rabbit-video-chat\/"]}]},{"@type":"BreadcrumbList","@id":"https:\/\/strangercam.com\/rabbit-video-chat\/#breadcrumb","itemListElement":[{"@type":"ListItem","position":1,"name":"Home","item":"https:\/\/strangercam.com\/"},{"@type":"ListItem","position":2,"name":"Rabbit Video Chat"}]},{"@type":"WebSite","@id":"https:\/\/strangercam.com\/#website","url":"https:\/\/strangercam.com\/","name":"Strangercam","description":"Zuf\u00e4lliger Video-Chat mit Fremden","publisher":{"@id":"https:\/\/strangercam.com\/#organization"},"alternateName":"Strangercam.com","potentialAction":[{"@type":"SearchAction","target":{"@type":"EntryPoint","urlTemplate":"https:\/\/strangercam.com\/?s={search_term_string}"},"query-input":{"@type":"PropertyValueSpecification","valueRequired":true,"valueName":"search_term_string"}}],"inLanguage":"de"},{"@type":"Organization","@id":"https:\/\/strangercam.com\/#organization","name":"Strangercam","alternateName":"Strangercam.com","url":"https:\/\/strangercam.com\/","logo":{"@type":"ImageObject","inLanguage":"de","@id":"https:\/\/strangercam.com\/#\/schema\/logo\/image\/","url":"https:\/\/strangercam.com\/wp-content\/uploads\/2020\/11\/cropped-new-favicon-black.png","contentUrl":"https:\/\/strangercam.com\/wp-content\/uploads\/2020\/11\/cropped-new-favicon-black.png","width":512,"height":512,"caption":"Strangercam"},"image":{"@id":"https:\/\/strangercam.com\/#\/schema\/logo\/image\/"},"sameAs":["https:\/\/www.facebook.com\/strangercam","https:\/\/x.com\/strangercamapp"]}]}},"_links":{"self":[{"href":"https:\/\/strangercam.com\/de\/wp-json\/wp\/v2\/pages\/12587","targetHints":{"allow":["GET"]}}],"collection":[{"href":"https:\/\/strangercam.com\/de\/wp-json\/wp\/v2\/pages"}],"about":[{"href":"https:\/\/strangercam.com\/de\/wp-json\/wp\/v2\/types\/page"}],"author":[{"embeddable":true,"href":"https:\/\/strangercam.com\/de\/wp-json\/wp\/v2\/users\/6"}],"replies":[{"embeddable":true,"href":"https:\/\/strangercam.com\/de\/wp-json\/wp\/v2\/comments?post=12587"}],"version-history":[{"count":3,"href":"https:\/\/strangercam.com\/de\/wp-json\/wp\/v2\/pages\/12587\/revisions"}],"predecessor-version":[{"id":12689,"href":"https:\/\/strangercam.com\/de\/wp-json\/wp\/v2\/pages\/12587\/revisions\/12689"}],"wp:attachment":[{"href":"https:\/\/strangercam.com\/de\/wp-json\/wp\/v2\/media?parent=12587"}],"curies":[{"name":"wp","href":"https:\/\/api.w.org\/{rel}","templated":true}]}}