{"id":12565,"date":"2024-10-07T10:40:10","date_gmt":"2024-10-07T08:40:10","guid":{"rendered":"https:\/\/strangercam.com\/?page_id=12565"},"modified":"2025-02-04T09:34:08","modified_gmt":"2025-02-04T07:34:08","slug":"chamet","status":"publish","type":"page","link":"https:\/\/strangercam.com\/de\/chamet\/","title":{"rendered":"Chamet"},"content":{"rendered":"<p>Sind Sie auf der Suche nach einem lebendigen Video <a href=\"https:\/\/strangercam.com\/de\/chatroulette\/\">Chat<\/a> Anwendung zu <a href=\"https:\/\/strangercam.com\/de\/coomeet\/\">treffen<\/a> neue Leute kennenlernen, sich in Echtzeit unterhalten oder einfach nur neue Kulturen entdecken? Chamet bietet eine interaktive Plattform f\u00fcr pers\u00f6nliche Videoanrufe, Live-Streams und Gruppenchats, die Nutzer auf der ganzen Welt zusammenbringt. In diesem detaillierten \u00dcberblick gehen wir auf die wichtigsten Funktionen von Chamet ein, wie es funktioniert und was es von anderen Anbietern unterscheidet. <a href=\"https:\/\/strangercam.com\/de\/rabbit-video-chat\/\">Video-Chat<\/a> Anwendungen auf dem Markt.<\/p>\n<h2>Was ist Chamet?<\/h2>\n<p>Chamet ist ein <strong>Video-Chat-Anwendung<\/strong> ist sowohl auf iOS- als auch auf Android-Ger\u00e4ten verf\u00fcgbar. Sein Hauptaugenmerk liegt auf der Unterst\u00fctzung der Nutzer:<\/p>\n<ul>\n<li><strong>Neue Leute kennenlernen<\/strong>: Entdecken Sie neue Gesichter aus aller Welt.<\/li>\n<li><strong>F\u00fchren Sie sinnvolle Chats<\/strong>: F\u00fchren Sie Gespr\u00e4che \u00fcber Live-Videoanrufe oder Gruppensitzungen.<\/li>\n<li><strong>Echtzeit-\u00dcbersetzungen genie\u00dfen<\/strong>: \u00dcberwinden Sie Sprachbarrieren und kn\u00fcpfen Sie Kontakte zu einer internationalen Gemeinschaft.<\/li>\n<li><strong>Verschiedene Kulturen erforschen<\/strong>: Gewinnen Sie Einblicke in verschiedene Lebensstile und Hintergr\u00fcnde.<\/li>\n<\/ul>\n<p>Chamet kombiniert die Spontaneit\u00e4t eines zuf\u00e4lligen Videochats mit benutzerfreundlichen Funktionen wie Interessenmarkierungen, virtuellen Geschenken und In-App-W\u00e4hrung, um das Gesamterlebnis zu verbessern.<\/p>\n<h2>Wesentliche Merkmale<\/h2>\n<h3>1. Live-Videoanrufe<\/h3>\n<p>Der Kern von Chamet ist <strong>Video-Chats unter vier Augen<\/strong> die es Ihnen erm\u00f6glichen, sofort mit neuen Leuten in Kontakt zu treten. Sie k\u00f6nnen einen Anruf mit einem einfachen Tippen starten, und wenn das Gespr\u00e4ch nicht Ihr Interesse weckt, k\u00f6nnen Sie schnell einen anderen Partner finden.<\/p>\n<h3>2. Globaler Abgleich<\/h3>\n<p>Chamet bringt Sie mit Nutzern aus verschiedenen L\u00e4ndern zusammen und sorgt so f\u00fcr eine echte <strong>Weltgemeinschaft<\/strong>. Dies ist ideal f\u00fcr alle, die neue Sprachen \u00fcben oder verschiedene Kulturen aus erster Hand kennenlernen m\u00f6chten.<\/p>\n<h3>3. \u00dcbersetzung in Echtzeit<\/h3>\n<p>Um Sprachbarrieren zu \u00fcberwinden, bietet das Chamet einen integrierten \u00dcbersetzer, der Nachrichten w\u00e4hrend Ihrer Videoanrufe automatisch \u00fcbersetzen kann. Diese Funktion tr\u00e4gt zu einer reibungsloseren Konversation bei, unabh\u00e4ngig von Ihrer Muttersprache.<\/p>\n<h3>4. Gruppen-Live-Streams<\/h3>\n<p>Zus\u00e4tzlich zu Einzelgespr\u00e4chen unterst\u00fctzt das Chamet auch Gruppen-Livestreams, bei denen mehrere Benutzer einem virtuellen \u201cRaum\u201d beitreten k\u00f6nnen. Die Moderatoren k\u00f6nnen sich mit ihrem Publikum austauschen, was ideal ist f\u00fcr:<\/p>\n<ul>\n<li><strong>Virtuelle Partys<\/strong><\/li>\n<li><strong>Q&amp;A-Sitzungen<\/strong><\/li>\n<li><strong>Sprachaustauschgruppen<\/strong><\/li>\n<li><strong>Zwangloses Zusammensein mit Freunden<\/strong><\/li>\n<\/ul>\n<h3>5. Virtuelle Geschenke und In-App-W\u00e4hrung<\/h3>\n<p>Chamet enth\u00e4lt eine virtuelle Wirtschaft mit k\u00e4uflichen <strong>M\u00fcnzen<\/strong>. Diese M\u00fcnzen k\u00f6nnen verwendet werden, um Spa\u00df <strong>virtuelle Geschenke<\/strong>-wie Sticker und Spezialeffekte - an Gastgeber oder neue Freunde. Geschenke sorgen f\u00fcr mehr Interaktion und helfen den Nutzern, in \u00fcberf\u00fcllten Livestreams hervorzustechen.<\/p>\n<h2>Wie Chamet funktioniert<\/h2>\n<h3>1. Schnelle Registrierung<\/h3>\n<p>Benutzer k\u00f6nnen <strong>sich einschreiben<\/strong> durch verschiedene Methoden, wie z. B.:<\/p>\n<ul>\n<li>\u00dcberpr\u00fcfung der Rufnummer<\/li>\n<li>Konten bei sozialen Medien (wie Facebook oder Google)<\/li>\n<\/ul>\n<p>Nach der Registrierung k\u00f6nnen Sie ein kurzes Profil erstellen und es mit Fotos oder einem kurzen Lebenslauf personalisieren.<\/p>\n<h3>2. Profileinrichtung und -abgleich<\/h3>\n<p>Nach der Anmeldung haben Sie die M\u00f6glichkeit, sich zu registrieren:<\/p>\n<ul>\n<li><strong>Einstellungen w\u00e4hlen<\/strong> (z. B. Sprachen oder Interessen)<\/li>\n<li><strong>Aktivieren der standortbasierten Suche<\/strong> f\u00fcr mehr lokalisierte Chats<\/li>\n<li><strong>Verwenden Sie Interessen-Tags<\/strong> um mit Nutzern zusammenzukommen, die Ihre Hobbys teilen<\/li>\n<\/ul>\n<p>Der Algorithmus von Chamet hilft Ihnen dann, mit den Nutzern in Echtzeit in Kontakt zu treten.<\/p>\n<h3>3. In-App-Sicherheitsma\u00dfnahmen<\/h3>\n<p>Bevor eine Videositzung beginnt, bietet Chamet grundlegende Moderations- und Verifizierungstools, um sicherzustellen, dass die Nutzer der Plattform die Community-Richtlinien einhalten.<\/p>\n<h2>Sicherheit und M\u00e4\u00dfigung<\/h2>\n<p><a href=\"https:\/\/strangercam.com\/de\/chathub\/\">Zuf\u00e4lliger Video-Chat<\/a> Anwendungen k\u00f6nnen manchmal auf unangemessene oder sch\u00e4dliche Inhalte sto\u00dfen. Chamet geht dieses Problem an:<\/p>\n<ul>\n<li><strong>KI-gest\u00fctzte Inhaltsfilterung<\/strong>: Das System erkennt automatisch eindeutiges oder problematisches Verhalten.<\/li>\n<li><strong>Meldung und Sperrung<\/strong>: Die Nutzer k\u00f6nnen Verst\u00f6\u00dfe einfach melden und sie f\u00fcr zuk\u00fcnftige Kontakte sperren.<\/li>\n<li><strong>Leitlinien der Gemeinschaft<\/strong>: Chamet setzt die Regeln gegen explizites oder sch\u00e4dliches Verhalten durch, wobei bei wiederholten Verst\u00f6\u00dfen eine Sperrung des Kontos m\u00f6glich ist.<\/li>\n<\/ul>\n<h2>Vor- und Nachteile von Chamet<\/h2>\n<p>Wie jede Plattform hat auch Chamet seine Vor- und Nachteile. Hier ist eine kurze Zusammenfassung:<\/p>\n<table>\n<thead>\n<tr>\n<th>Profis<\/th>\n<th>Nachteile<\/th>\n<\/tr>\n<\/thead>\n<tbody>\n<tr>\n<td>\n<ul>\n<li>Echtzeit-\u00dcbersetzung zum Abbau von Sprachbarrieren<\/li>\n<li>Eine Vielzahl von Funktionen, darunter Gruppenstreams und virtuelle Geschenke<\/li>\n<li>Einfache Anmeldung mit mehreren Registrierungsoptionen<\/li>\n<li>Starke globale Nutzerbasis f\u00fcr vielf\u00e4ltige Interaktionen<\/li>\n<li>Integrierte Moderationswerkzeuge f\u00fcr sicherere Unterhaltungen<\/li>\n<\/ul>\n<\/td>\n<td>\n<ul>\n<li>Einige Funktionen sind hinter In-App-K\u00e4ufen verborgen<\/li>\n<li>M\u00f6glichkeit, auf unangemessene Inhalte zu sto\u00dfen (wenn auch moderiert)<\/li>\n<li>H\u00f6herer Datenverbrauch f\u00fcr HD-Videoanrufe<\/li>\n<li>M\u00fcnzbasierte Wirtschaft kann zu h\u00e4ufigen Ausgaben anregen<\/li>\n<\/ul>\n<\/td>\n<\/tr>\n<\/tbody>\n<\/table>\n<h2>Tipps f\u00fcr eine optimale Nutzung von Chamet<\/h2>\n<h3>1. Vervollst\u00e4ndigen Sie Ihr Profil<\/h3>\n<p>F\u00fcgen Sie ein aussagekr\u00e4ftiges Profilbild hinzu und geben Sie Interessen oder gesprochene Sprachen an. So erh\u00f6hen Sie Ihre Chancen, ein Gespr\u00e4ch zu f\u00fchren und eine Beziehung aufzubauen.<\/p>\n<h3>2. Real-Time-\u00dcbersetzung klug einsetzen<\/h3>\n<p>\u00dcben Sie aktives Zuh\u00f6ren und nutzen Sie die \u00dcbersetzungsfunktion, um Nuancen zu verstehen. So werden Ihre Videoanrufe reibungsloser und lohnender.<\/p>\n<h3>3. Nutzen Sie die Vorteile von Gruppen-Livestreams<\/h3>\n<p>Nehmen Sie an einer Gruppensitzung zu einem Thema teil, das Sie interessiert, oder veranstalten Sie eine solche. Auf diese Weise k\u00f6nnen Sie Gleichgesinnte finden und lebhafte Diskussionen anregen.<\/p>\n<h3>4. Sicher online bleiben<\/h3>\n<ul>\n<li>Vermeiden Sie es, pers\u00f6nliche Informationen (Adresse, finanzielle Details) in \u00f6ffentlichen Streams zu teilen.<\/li>\n<li>Melden Sie verd\u00e4chtiges oder anst\u00f6\u00dfiges Verhalten sofort.<\/li>\n<\/ul>\n<h2>Vergleiche mit anderen Video-Chat-Anwendungen<\/h2>\n<p>Chamet konkurriert auf einem \u00fcberf\u00fcllten Markt mit beliebten Video-Chat-Apps. Es unterscheidet sich durch:<\/p>\n<ul>\n<li><strong>Echtzeit-\u00dcbersetzungen<\/strong>: So werden kultur\u00fcbergreifende Chats zum Kinderspiel.<\/li>\n<li><strong>Gruppen-Live-Streams<\/strong>: Erm\u00f6glicht Interaktionen zwischen mehreren Nutzern, w\u00e4hrend viele andere Apps nur Einzelgespr\u00e4che zulassen.<\/li>\n<li><strong>Interaktive virtuelle Geschenke<\/strong>: Eine unterhaltsame Art, seine Wertsch\u00e4tzung zu zeigen oder sich von anderen Betrachtern abzuheben.<\/li>\n<\/ul>\n<h2>Schlussfolgerung<\/h2>\n<p>Chamet sticht in der Videochat-App hervor <a href=\"https:\/\/strangercam.com\/de\/mocospace\/\">Raum<\/a> durch die Kombination einer globalen Community mit interaktiven Funktionen wie Live-\u00dcbersetzungen, virtuellen Geschenken und Gruppenstreams. Ganz gleich, ob Sie Freundschaften \u00fcber Kontinente hinweg kn\u00fcpfen, Ihre Sprachkenntnisse verbessern oder einfach eine neue Art des sozialen Engagements ausprobieren m\u00f6chten, Chamet bietet Ihnen zahlreiche M\u00f6glichkeiten, in Echtzeit in Kontakt zu treten.<br \/>\nDurch die Betonung von Sicherheit und Spa\u00df spricht Chamet eine breite Benutzerbasis an - von gelegentlichen Chattern bis hin zu Social-Media-Fans, die eine pers\u00f6nlichere Form der Online-Interaktion suchen. Wenn Sie bereit sind, neue digitale Freundschaften zu schlie\u00dfen und virtuelle Kulturen auf der ganzen Welt zu erkunden, probieren Sie Chamet aus und sehen Sie, wer am anderen Ende Ihres n\u00e4chsten Videoanrufs wartet.<\/p>","protected":false},"excerpt":{"rendered":"<p>Are you searching for a lively video chat app to meet new people, engage in real-time conversations, or simply explore new cultures? Chamet offers an interactive platform for one-on-one video calls, live streams, and group chats, bringing users together across the globe. In this detailed overview, we\u2019ll delve into Chamet\u2019s key features, how it works, [&hellip;]<\/p>\n","protected":false},"author":6,"featured_media":0,"parent":0,"menu_order":0,"comment_status":"closed","ping_status":"closed","template":"","meta":{"footnotes":""},"class_list":["post-12565","page","type-page","status-publish","hentry"],"yoast_head":"<!-- This site is optimized with the Yoast SEO plugin v26.9 - https:\/\/yoast.com\/product\/yoast-seo-wordpress\/ -->\n<title>Chamet - Global Video Connections &amp; Chat - StrangerCam.com<\/title>\n<meta name=\"description\" content=\"Discover Chamet, the ultimate online platform connecting you to free video chat rooms and live streams. Join Chamet today!\" \/>\n<meta name=\"robots\" content=\"index, follow, max-snippet:-1, max-image-preview:large, max-video-preview:-1\" \/>\n<link rel=\"canonical\" href=\"https:\/\/strangercam.com\/de\/chamet\/\" \/>\n<meta property=\"og:locale\" content=\"de_DE\" \/>\n<meta property=\"og:type\" content=\"article\" \/>\n<meta property=\"og:title\" content=\"Chamet - Global Video Connections &amp; Chat - StrangerCam.com\" \/>\n<meta property=\"og:description\" content=\"Discover Chamet, the ultimate online platform connecting you to free video chat rooms and live streams. Join Chamet today!\" \/>\n<meta property=\"og:url\" content=\"https:\/\/strangercam.com\/de\/chamet\/\" \/>\n<meta property=\"og:site_name\" content=\"Strangercam\" \/>\n<meta property=\"article:publisher\" content=\"https:\/\/www.facebook.com\/strangercam\" \/>\n<meta property=\"article:modified_time\" content=\"2025-02-04T07:34:08+00:00\" \/>\n<meta property=\"og:image\" content=\"https:\/\/strangercam.com\/wp-content\/uploads\/2021\/10\/Untitled-2.png\" \/>\n\t<meta property=\"og:image:width\" content=\"800\" \/>\n\t<meta property=\"og:image:height\" content=\"532\" \/>\n\t<meta property=\"og:image:type\" content=\"image\/png\" \/>\n<meta name=\"twitter:card\" content=\"summary_large_image\" \/>\n<meta name=\"twitter:site\" content=\"@strangercamapp\" \/>\n<meta name=\"twitter:label1\" content=\"Gesch\u00e4tzte Lesezeit\" \/>\n\t<meta name=\"twitter:data1\" content=\"4\u00a0Minuten\" \/>\n<script type=\"application\/ld+json\" class=\"yoast-schema-graph\">{\"@context\":\"https:\/\/schema.org\",\"@graph\":[{\"@type\":\"WebPage\",\"@id\":\"https:\/\/strangercam.com\/chamet\/\",\"url\":\"https:\/\/strangercam.com\/chamet\/\",\"name\":\"Chamet - Global Video Connections & Chat - StrangerCam.com\",\"isPartOf\":{\"@id\":\"https:\/\/strangercam.com\/#website\"},\"datePublished\":\"2024-10-07T08:40:10+00:00\",\"dateModified\":\"2025-02-04T07:34:08+00:00\",\"description\":\"Discover Chamet, the ultimate online platform connecting you to free video chat rooms and live streams. Join Chamet today!\",\"breadcrumb\":{\"@id\":\"https:\/\/strangercam.com\/chamet\/#breadcrumb\"},\"inLanguage\":\"de\",\"potentialAction\":[{\"@type\":\"ReadAction\",\"target\":[\"https:\/\/strangercam.com\/chamet\/\"]}]},{\"@type\":\"BreadcrumbList\",\"@id\":\"https:\/\/strangercam.com\/chamet\/#breadcrumb\",\"itemListElement\":[{\"@type\":\"ListItem\",\"position\":1,\"name\":\"Home\",\"item\":\"https:\/\/strangercam.com\/\"},{\"@type\":\"ListItem\",\"position\":2,\"name\":\"Chamet\"}]},{\"@type\":\"WebSite\",\"@id\":\"https:\/\/strangercam.com\/#website\",\"url\":\"https:\/\/strangercam.com\/\",\"name\":\"Strangercam\",\"description\":\"Random Video Chat with Strangers\",\"publisher\":{\"@id\":\"https:\/\/strangercam.com\/#organization\"},\"alternateName\":\"Strangercam.com\",\"potentialAction\":[{\"@type\":\"SearchAction\",\"target\":{\"@type\":\"EntryPoint\",\"urlTemplate\":\"https:\/\/strangercam.com\/?s={search_term_string}\"},\"query-input\":{\"@type\":\"PropertyValueSpecification\",\"valueRequired\":true,\"valueName\":\"search_term_string\"}}],\"inLanguage\":\"de\"},{\"@type\":\"Organization\",\"@id\":\"https:\/\/strangercam.com\/#organization\",\"name\":\"Strangercam\",\"alternateName\":\"Strangercam.com\",\"url\":\"https:\/\/strangercam.com\/\",\"logo\":{\"@type\":\"ImageObject\",\"inLanguage\":\"de\",\"@id\":\"https:\/\/strangercam.com\/#\/schema\/logo\/image\/\",\"url\":\"https:\/\/strangercam.com\/wp-content\/uploads\/2020\/11\/cropped-new-favicon-black.png\",\"contentUrl\":\"https:\/\/strangercam.com\/wp-content\/uploads\/2020\/11\/cropped-new-favicon-black.png\",\"width\":512,\"height\":512,\"caption\":\"Strangercam\"},\"image\":{\"@id\":\"https:\/\/strangercam.com\/#\/schema\/logo\/image\/\"},\"sameAs\":[\"https:\/\/www.facebook.com\/strangercam\",\"https:\/\/x.com\/strangercamapp\"]}]}<\/script>\n<!-- \/ Yoast SEO plugin. -->","yoast_head_json":{"title":"Chamet - Globale Video-Verbindungen &amp; Chat - StrangerCam.com","description":"Entdecken Sie Chamet, die ultimative Online-Plattform, die Sie mit kostenlosen Video-Chatr\u00e4umen und Live-Streams verbindet. Werden Sie noch heute Mitglied bei Chamet!","robots":{"index":"index","follow":"follow","max-snippet":"max-snippet:-1","max-image-preview":"max-image-preview:large","max-video-preview":"max-video-preview:-1"},"canonical":"https:\/\/strangercam.com\/de\/chamet\/","og_locale":"de_DE","og_type":"article","og_title":"Chamet - Global Video Connections & Chat - StrangerCam.com","og_description":"Discover Chamet, the ultimate online platform connecting you to free video chat rooms and live streams. Join Chamet today!","og_url":"https:\/\/strangercam.com\/de\/chamet\/","og_site_name":"Strangercam","article_publisher":"https:\/\/www.facebook.com\/strangercam","article_modified_time":"2025-02-04T07:34:08+00:00","og_image":[{"width":800,"height":532,"url":"https:\/\/strangercam.com\/wp-content\/uploads\/2021\/10\/Untitled-2.png","type":"image\/png"}],"twitter_card":"summary_large_image","twitter_site":"@strangercamapp","twitter_misc":{"Gesch\u00e4tzte Lesezeit":"4\u00a0Minuten"},"schema":{"@context":"https:\/\/schema.org","@graph":[{"@type":"WebPage","@id":"https:\/\/strangercam.com\/chamet\/","url":"https:\/\/strangercam.com\/chamet\/","name":"Chamet - Globale Video-Verbindungen &amp; Chat - StrangerCam.com","isPartOf":{"@id":"https:\/\/strangercam.com\/#website"},"datePublished":"2024-10-07T08:40:10+00:00","dateModified":"2025-02-04T07:34:08+00:00","description":"Entdecken Sie Chamet, die ultimative Online-Plattform, die Sie mit kostenlosen Video-Chatr\u00e4umen und Live-Streams verbindet. Werden Sie noch heute Mitglied bei Chamet!","breadcrumb":{"@id":"https:\/\/strangercam.com\/chamet\/#breadcrumb"},"inLanguage":"de","potentialAction":[{"@type":"ReadAction","target":["https:\/\/strangercam.com\/chamet\/"]}]},{"@type":"BreadcrumbList","@id":"https:\/\/strangercam.com\/chamet\/#breadcrumb","itemListElement":[{"@type":"ListItem","position":1,"name":"Home","item":"https:\/\/strangercam.com\/"},{"@type":"ListItem","position":2,"name":"Chamet"}]},{"@type":"WebSite","@id":"https:\/\/strangercam.com\/#website","url":"https:\/\/strangercam.com\/","name":"Strangercam","description":"Zuf\u00e4lliger Video-Chat mit Fremden","publisher":{"@id":"https:\/\/strangercam.com\/#organization"},"alternateName":"Strangercam.com","potentialAction":[{"@type":"SearchAction","target":{"@type":"EntryPoint","urlTemplate":"https:\/\/strangercam.com\/?s={search_term_string}"},"query-input":{"@type":"PropertyValueSpecification","valueRequired":true,"valueName":"search_term_string"}}],"inLanguage":"de"},{"@type":"Organization","@id":"https:\/\/strangercam.com\/#organization","name":"Strangercam","alternateName":"Strangercam.com","url":"https:\/\/strangercam.com\/","logo":{"@type":"ImageObject","inLanguage":"de","@id":"https:\/\/strangercam.com\/#\/schema\/logo\/image\/","url":"https:\/\/strangercam.com\/wp-content\/uploads\/2020\/11\/cropped-new-favicon-black.png","contentUrl":"https:\/\/strangercam.com\/wp-content\/uploads\/2020\/11\/cropped-new-favicon-black.png","width":512,"height":512,"caption":"Strangercam"},"image":{"@id":"https:\/\/strangercam.com\/#\/schema\/logo\/image\/"},"sameAs":["https:\/\/www.facebook.com\/strangercam","https:\/\/x.com\/strangercamapp"]}]}},"_links":{"self":[{"href":"https:\/\/strangercam.com\/de\/wp-json\/wp\/v2\/pages\/12565","targetHints":{"allow":["GET"]}}],"collection":[{"href":"https:\/\/strangercam.com\/de\/wp-json\/wp\/v2\/pages"}],"about":[{"href":"https:\/\/strangercam.com\/de\/wp-json\/wp\/v2\/types\/page"}],"author":[{"embeddable":true,"href":"https:\/\/strangercam.com\/de\/wp-json\/wp\/v2\/users\/6"}],"replies":[{"embeddable":true,"href":"https:\/\/strangercam.com\/de\/wp-json\/wp\/v2\/comments?post=12565"}],"version-history":[{"count":2,"href":"https:\/\/strangercam.com\/de\/wp-json\/wp\/v2\/pages\/12565\/revisions"}],"predecessor-version":[{"id":12688,"href":"https:\/\/strangercam.com\/de\/wp-json\/wp\/v2\/pages\/12565\/revisions\/12688"}],"wp:attachment":[{"href":"https:\/\/strangercam.com\/de\/wp-json\/wp\/v2\/media?parent=12565"}],"curies":[{"name":"wp","href":"https:\/\/api.w.org\/{rel}","templated":true}]}}