{"id":12485,"date":"2024-09-30T12:13:20","date_gmt":"2024-09-30T10:13:20","guid":{"rendered":"https:\/\/strangercam.com\/?page_id=12485"},"modified":"2025-06-16T13:29:26","modified_gmt":"2025-06-16T11:29:26","slug":"chatrandom","status":"publish","type":"page","link":"https:\/\/strangercam.com\/de\/chatrandom\/","title":{"rendered":"Chatrandom"},"content":{"rendered":"<p>Chatrandom ist eine Plattform, die es Nutzern erm\u00f6glicht, mit Fremden auf der ganzen Welt zuf\u00e4llige Videochats zu f\u00fchren, um dem wachsenden Interesse an der Begegnung mit neuen Menschen und dem Kennenlernen verschiedener Kulturen Rechnung zu tragen. Dieser Bericht untersucht verschiedene Aspekte von Chatrandom, einschlie\u00dflich seiner Funktionen, Benutzererfahrung, Preisoptionen, Sicherheitsma\u00dfnahmen und Vergleich mit Konkurrenten.<\/p>\n<h2>\u00dcberblick \u00fcber Chatrandom<\/h2>\n<p>Das 2011 gegr\u00fcndete Unternehmen Chatrandom hat sich schnell zu einem bedeutenden Akteur auf dem Gebiet der Zufallsvideos entwickelt. <a href=\"https:\/\/strangercam.com\/de\/chatroulette\/\">Chat<\/a> Plattformen. Es wurde geschaffen, um spontane Interaktionen im realen Leben in einer Online-Umgebung nachzuahmen, geografische Barrieren zu \u00fcberwinden und Menschen zusammenzubringen. Mit Millionen von Nutzern weltweit bietet Chatrandom eine zug\u00e4ngliche M\u00f6glichkeit f\u00fcr Einzelpersonen, sich zu verbinden, zu kommunizieren und verschiedene Perspektiven zu erkunden.<\/p>\n<h2>Wesentliche Merkmale<\/h2>\n<h3>Random Video Chat mit Fremden<\/h3>\n<p>Das Hauptmerkmal von Chatrandom ist seine Zufallsfunktion <a href=\"https:\/\/strangercam.com\/de\/coomeet\/\">Video-Chat<\/a>, die Nutzer mit Fremden f\u00fcr pers\u00f6nliche Videogespr\u00e4che zusammenbringt. Diese Funktion ist auf Einfachheit und Benutzerfreundlichkeit ausgelegt - Nutzer k\u00f6nnen mit nur einem Klick und ohne Registrierung mit dem Chatten beginnen.<\/p>\n<h3>Filter f\u00fcr Geschlecht und Ort<\/h3>\n<p>Um die Personalisierung zu verbessern, bietet Chatrandom Filter an, die es den Nutzern erm\u00f6glichen, das Geschlecht und den Ort der Personen, mit denen sie in Kontakt treten m\u00f6chten, anzugeben. Diese Filter sind besonders n\u00fctzlich f\u00fcr diejenigen, die eine neue Sprache \u00fcben oder sich mit Menschen aus einer bestimmten Region verbinden m\u00f6chten.<\/p>\n<h3>Mehrere Chat-Modi<\/h3>\n<p>Chatrandom bietet verschiedene Chat-Modi, um unterschiedlichen Vorlieben gerecht zu werden:<\/p>\n<ul>\n<li><strong>Cam4 Chat<\/strong>: Erm\u00f6glicht Gruppen-Videochats mit bis zu vier Nutzern gleichzeitig und f\u00f6rdert so eine gemeinschaftliche Atmosph\u00e4re.<\/li>\n<li><strong>Schwulen-Chat<\/strong>: Ein spezieller Bereich f\u00fcr schwule M\u00e4nner, um Kontakte zu kn\u00fcpfen und ein sicheres und einladendes Umfeld f\u00fcr die LGBTQ+ Community zu schaffen.<\/li>\n<li><strong>Chat-R\u00e4ume<\/strong>: Thematische Chat-R\u00e4ume, in denen Nutzer an Gruppendiskussionen \u00fcber gemeinsame Interessen oder Themen teilnehmen k\u00f6nnen.<\/li>\n<li><strong>Text-Chat<\/strong>: Eine Option f\u00fcr Nutzer, die Nachrichten \u00fcber Video bevorzugen, die anonyme Unterhaltungen ohne Webcam erm\u00f6glicht.<\/li>\n<\/ul>\n<h3>Mobile Kompatibilit\u00e4t<\/h3>\n<p>Chatrandom hat die Bedeutung der Mobilit\u00e4t erkannt und bietet eine mobile Anwendung an, die sowohl mit iOS- als auch mit Android-Ger\u00e4ten kompatibel ist. Die App beh\u00e4lt alle Funktionen der Desktop-Version bei und erm\u00f6glicht es den Nutzern, sich von \u00fcberall und zu jeder Zeit zu verbinden.<\/p>\n<h3>Sprachliche Unterst\u00fctzung<\/h3>\n<p>Chatrandom unterst\u00fctzt mehrere Sprachen und ist damit f\u00fcr ein weltweites Publikum zug\u00e4nglich. Die Benutzer k\u00f6nnen ihre bevorzugte Sprache ausw\u00e4hlen, was die Benutzerfreundlichkeit verbessert und die Attraktivit\u00e4t der Plattform steigert.<\/p>\n<h2>Benutzererfahrung<\/h2>\n<h3>Schnittstelle und Design<\/h3>\n<p>Chatrandom verf\u00fcgt \u00fcber eine saubere und intuitive Benutzeroberfl\u00e4che. Das Layout ist geradlinig und die wichtigsten Funktionen sind vom Hauptbildschirm aus leicht zug\u00e4nglich. Diese Einfachheit sorgt daf\u00fcr, dass auch Erstnutzer die Plattform ohne Schwierigkeiten bedienen k\u00f6nnen.<\/p>\n<h3>Registrierung und Zug\u00e4nglichkeit<\/h3>\n<p>Eine der St\u00e4rken der Plattform ist ihre Zug\u00e4nglichkeit. Die Nutzer k\u00f6nnen die grundlegenden Funktionen ohne Registrierung nutzen, wodurch die Einstiegsh\u00fcrden beseitigt werden. F\u00fcr diejenigen, die sich f\u00fcr erweiterte Funktionen oder Personalisierung interessieren, ist der Registrierungsprozess schnell und erfordert nur wenige Informationen.<\/p>\n<h3>Leistung und Verl\u00e4sslichkeit<\/h3>\n<p>Chatrandom ist auf Leistung optimiert und bietet hochwertiges Videostreaming mit minimaler Verz\u00f6gerung. Die Server der Plattform sind robust und in der Lage, eine gro\u00dfe Anzahl von gleichzeitigen Nutzern ohne nennenswerte Ausfallzeiten oder Leistungsprobleme zu verarbeiten.<\/p>\n<h2>Preisgestaltung und Abonnementoptionen<\/h2>\n<p>W\u00e4hrend viele der Funktionen von Chatrandom kostenlos verf\u00fcgbar sind, bietet die Plattform ein Premium-Abonnement namens <strong>Chatrandom Plus<\/strong> f\u00fcr Nutzer, die ein verbessertes Erlebnis suchen.<\/p>\n<h3>Chatrandom Plus Vorteile<\/h3>\n<ul>\n<li><strong>Erweiterte Filter<\/strong>: Zugang zu spezifischeren Geschlechts- und Ortsfiltern, einschlie\u00dflich der M\u00f6glichkeit, mehrere L\u00e4nder auszuw\u00e4hlen.<\/li>\n<li><strong>Werbefreie Erfahrung<\/strong>: Entfernt alle Werbeeinblendungen und erm\u00f6glicht so eine unterbrechungsfreie Nutzung.<\/li>\n<li><strong>VIP-Ausweis<\/strong>: Ein unverwechselbares Abzeichen, das den Premium-Status des Nutzers innerhalb der Community hervorhebt.<\/li>\n<li><strong>Vorrangige Unterst\u00fctzung<\/strong>: Schnellere Reaktionszeiten des Kundensupport-Teams.<\/li>\n<\/ul>\n<h3>Abonnement-Pl\u00e4ne<\/h3>\n<p>Chatrandom Plus bietet flexible Abonnementoptionen:<\/p>\n<ul>\n<li><strong>Monatlicher Plan<\/strong>: Ideal f\u00fcr Nutzer, die die Premium-Funktionen ausprobieren m\u00f6chten, ohne sich langfristig zu binden.<\/li>\n<li><strong>Vierteljahresplan<\/strong>: Bietet einen erm\u00e4\u00dfigten Tarif im Vergleich zum Monatstarif.<\/li>\n<li><strong>Jahresplan<\/strong>: Bietet das beste Preis-Leistungs-Verh\u00e4ltnis f\u00fcr Langzeitnutzer, mit erheblichen Einsparungen gegen\u00fcber dem monatlichen Tarif.<\/li>\n<\/ul>\n<p>Die Preise sind wettbewerbsf\u00e4hig und spiegeln den zus\u00e4tzlichen Wert der Premiumfunktionen wider.<\/p>\n<h2>Pro und Kontra<\/h2>\n<h3>Profis<\/h3>\n<ul>\n<li><strong>Benutzerfreundliches Interface<\/strong>: Das einfache Design gew\u00e4hrleistet eine einfache Nutzung f\u00fcr alle Benutzer.<\/li>\n<li><strong>Keine obligatorische Registrierung<\/strong>: Sofortiger Zugang zu den Grundfunktionen, ohne dass ein Konto erforderlich ist.<\/li>\n<li><strong>Globale Konnektivit\u00e4t<\/strong>: Verbindet Nutzer auf der ganzen Welt und f\u00f6rdert so den kulturellen Austausch und vielf\u00e4ltige Interaktionen.<\/li>\n<li><strong>Vielf\u00e4ltige Chat-Modi<\/strong>: Es gibt mehrere Optionen f\u00fcr verschiedene Vorlieben, darunter Gruppenchats und Textnachrichten.<\/li>\n<li><strong>Mobile App Verf\u00fcgbarkeit<\/strong>: Die volle Funktionalit\u00e4t auf mobilen Ger\u00e4ten verbessert die Zug\u00e4nglichkeit.<\/li>\n<\/ul>\n<h3>Nachteile<\/h3>\n<ul>\n<li><strong>Eingeschr\u00e4nkte Funktionen f\u00fcr kostenlose Benutzer<\/strong>: F\u00fcr erweiterte Filter und einige Chat-Modi ist ein Premium-Abonnement erforderlich.<\/li>\n<li><strong>Inkonsequente Moderation<\/strong>: Trotz aller Bem\u00fchungen kann es vorkommen, dass unangemessene Inhalte oder Verhaltensweisen durchrutschen.<\/li>\n<li><strong>Werbeanzeigen in der kostenlosen Version<\/strong>: Werbung kann aufdringlich sein und das Nutzererlebnis st\u00f6ren.<\/li>\n<li><strong>Potenzielle Bedenken in Bezug auf den Datenschutz<\/strong>: Wie bei jeder Online-Plattform m\u00fcssen die Nutzer vorsichtig sein, wenn sie pers\u00f6nliche Informationen weitergeben.<\/li>\n<\/ul>\n<h2>Benutzersicherheit und Datenschutz<\/h2>\n<h3>Moderationsrichtlinien<\/h3>\n<p>Chatrandom besch\u00e4ftigt ein Team von Moderatoren und automatischen Systemen, um die Plattform auf unangemessene Inhalte und Verhaltensweisen zu \u00fcberwachen. Benutzer k\u00f6nnen Verst\u00f6\u00dfe melden, und in der Regel wird schnell gehandelt, um eine sichere Umgebung zu erhalten.<\/p>\n<h3>Ma\u00dfnahmen zum Schutz der Privatsph\u00e4re<\/h3>\n<ul>\n<li><strong>Anonymes Chatten<\/strong>: Die Nutzer m\u00fcssen keine pers\u00f6nlichen Daten angeben, um grundlegende Funktionen zu nutzen.<\/li>\n<li><strong>Datenschutz<\/strong>: Chatrandom h\u00e4lt sich an die Datenschutzgesetze und -bestimmungen, um den Schutz der Benutzerdaten zu gew\u00e4hrleisten.<\/li>\n<li><strong>Sperrung und Berichterstattung<\/strong>: Die Nutzer haben die M\u00f6glichkeit, andere zu blockieren und Fehlverhalten direkt \u00fcber die Plattform zu melden.<\/li>\n<\/ul>\n<h3>Tipps f\u00fcr Benutzer<\/h3>\n<ul>\n<li><strong>Pers\u00f6nliche Informationen sch\u00fctzen<\/strong>: Vermeiden Sie die Weitergabe sensibler Daten wie vollst\u00e4ndiger Name, Adresse oder finanzielle Informationen.<\/li>\n<li><strong>Verwenden Sie Filter mit Bedacht<\/strong>: Nutzen Sie die verf\u00fcgbaren Filter, um sich mit Nutzern zu verbinden, die Ihren Pr\u00e4ferenzen entsprechen, was die Sicherheit erh\u00f6hen kann.<\/li>\n<li><strong>Vorsichtig sein<\/strong>: Vertrauen Sie auf Ihren Instinkt und unterbrechen Sie jedes Gespr\u00e4ch, das Ihnen Unbehagen bereitet.<\/li>\n<\/ul>\n<h2>Vergleich mit Wettbewerbern<\/h2>\n<h3>Chatrandom vs. Omegle<\/h3>\n<ul>\n<li><strong>Eigenschaften<\/strong>: Das Chatrandom bietet mehr Funktionen, z. B. mehrere Chat-Modi und erweiterte Filter, w\u00e4hrend <a href=\"https:\/\/strangercam.com\/de\/omegle\/\">Omegle<\/a> konzentriert sich in erster Linie auf einfache Zufalls-Chats.<\/li>\n<li><strong>Benutzeroberfl\u00e4che<\/strong>: Das Interface von Chatrandom ist moderner und benutzerfreundlicher als das minimalistische Design von Omegle.<\/li>\n<li><strong>Mobile App<\/strong>: Chatrandom bietet eine mobile App, die eine bessere Zug\u00e4nglichkeit bietet, w\u00e4hrend Omegle auf Webbrowser beschr\u00e4nkt ist.<\/li>\n<\/ul>\n<h3>Chatrandom vs. Chatroulette<\/h3>\n<ul>\n<li><strong>Gr\u00f6\u00dfe der Gemeinschaft<\/strong>: Beide Plattformen haben einen gro\u00dfen Nutzerstamm, aber Chatrandom hat oft eine h\u00f6here Anzahl von aktiven Nutzern zu einem bestimmten Zeitpunkt.<\/li>\n<li><strong>Sicherheitsma\u00dfnahmen<\/strong>: Chatrandom hat solidere Moderations- und Meldesysteme eingerichtet.<\/li>\n<li><strong>Zus\u00e4tzliche Merkmale<\/strong>: Chatrandom's mehrere Chat-Modi und Filter bieten eine ma\u00dfgeschneiderte Erfahrung im Vergleich zu Chatroulette's geradlinige zuf\u00e4llige Chat-Angebot.<\/li>\n<\/ul>\n<h3>Chatrandom vs. Tinychat<\/h3>\n<ul>\n<li><strong>Chat-Modi<\/strong>: <a href=\"https:\/\/strangercam.com\/de\/tinychat\/\">Tinychat<\/a> konzentriert sich auf Gruppenvideochats und Live-Streaming, w\u00e4hrend Chatrandom sowohl Einzel- als auch Gruppenchats anbietet.<\/li>\n<li><strong>Benutzerbasis<\/strong>: Chatrandom hat eine vielf\u00e4ltigere globale Nutzerbasis, was die M\u00f6glichkeiten f\u00fcr internationale Verbindungen verbessert.<\/li>\n<li><strong>Benutzerfreundlichkeit<\/strong>: Die Tatsache, dass sich Chatrandom f\u00fcr die grundlegenden Funktionen nicht registrieren muss, macht es f\u00fcr neue Benutzer leichter zug\u00e4nglich.<\/li>\n<\/ul>\n<h2>Schlussfolgerung<\/h2>\n<p>Chatrandom hebt sich von der Masse der <a href=\"https:\/\/strangercam.com\/de\/chathub\/\">zuf\u00e4lliger Video-Chat<\/a> Plattformen, indem es eine benutzerfreundliche Oberfl\u00e4che, eine Vielzahl von Chat-Modi und Funktionen bietet, die sich an ein vielf\u00e4ltiges Publikum richten. Das Engagement, Menschen auf der ganzen Welt miteinander zu verbinden, wird durch die Sprachunterst\u00fctzung und die gro\u00dfe Nutzerbasis deutlich. Auch wenn es noch Verbesserungsm\u00f6glichkeiten gibt, insbesondere bei der Moderation und der Erweiterung der kostenlosen Funktionen, bietet Chatrandom einen wertvollen Service f\u00fcr alle, die sich spontan unterhalten und ihren Horizont erweitern m\u00f6chten. Egal, ob Sie auf der Suche nach neuen Freundschaften, Sprach\u00fcbungen oder einfach einem unterhaltsamen Zeitvertreib sind, Chatrandom ist eine Plattform, die es wert ist, entdeckt zu werden.<\/p>","protected":false},"excerpt":{"rendered":"<p>Chatrandom is a platform that enables users to engage in random video chats with strangers worldwide, addressing the growing interest in meeting new people and experiencing diverse cultures. This review examines various aspects of Chatrandom, including its features, user experience, pricing options, safety measures, and comparison with competitors. Overview of Chatrandom Established in 2011, Chatrandom [&hellip;]<\/p>\n","protected":false},"author":7,"featured_media":0,"parent":0,"menu_order":0,"comment_status":"closed","ping_status":"closed","template":"","meta":{"footnotes":""},"class_list":["post-12485","page","type-page","status-publish","hentry"],"yoast_head":"<!-- This site is optimized with the Yoast SEO plugin v26.9 - https:\/\/yoast.com\/product\/yoast-seo-wordpress\/ -->\n<title>Chatrandom - Alternatives &amp; Reviews of Chat Sites - StrangerCam<\/title>\n<meta name=\"description\" content=\"Discover the best Video Chat Sites, complete with ratings and reviews. Enjoy free cam chats that let you meet new people.\" \/>\n<meta name=\"robots\" content=\"index, follow, max-snippet:-1, max-image-preview:large, max-video-preview:-1\" \/>\n<link rel=\"canonical\" href=\"https:\/\/strangercam.com\/de\/chatrandom\/\" \/>\n<meta property=\"og:locale\" content=\"de_DE\" \/>\n<meta property=\"og:type\" content=\"article\" \/>\n<meta property=\"og:title\" content=\"Chatrandom - Alternatives &amp; Reviews of Chat Sites - StrangerCam\" \/>\n<meta property=\"og:description\" content=\"Discover the best Video Chat Sites, complete with ratings and reviews. Enjoy free cam chats that let you meet new people.\" \/>\n<meta property=\"og:url\" content=\"https:\/\/strangercam.com\/de\/chatrandom\/\" \/>\n<meta property=\"og:site_name\" content=\"Strangercam\" \/>\n<meta property=\"article:publisher\" content=\"https:\/\/www.facebook.com\/strangercam\" \/>\n<meta property=\"article:modified_time\" content=\"2025-06-16T11:29:26+00:00\" \/>\n<meta property=\"og:image\" content=\"https:\/\/strangercam.com\/wp-content\/uploads\/2021\/10\/Untitled-2.png\" \/>\n\t<meta property=\"og:image:width\" content=\"800\" \/>\n\t<meta property=\"og:image:height\" content=\"532\" \/>\n\t<meta property=\"og:image:type\" content=\"image\/png\" \/>\n<meta name=\"twitter:card\" content=\"summary_large_image\" \/>\n<meta name=\"twitter:site\" content=\"@strangercamapp\" \/>\n<meta name=\"twitter:label1\" content=\"Gesch\u00e4tzte Lesezeit\" \/>\n\t<meta name=\"twitter:data1\" content=\"6\u00a0Minuten\" \/>\n<script type=\"application\/ld+json\" class=\"yoast-schema-graph\">{\"@context\":\"https:\/\/schema.org\",\"@graph\":[{\"@type\":\"WebPage\",\"@id\":\"https:\/\/strangercam.com\/chatrandom\/\",\"url\":\"https:\/\/strangercam.com\/chatrandom\/\",\"name\":\"Chatrandom - Alternatives & Reviews of Chat Sites - StrangerCam\",\"isPartOf\":{\"@id\":\"https:\/\/strangercam.com\/#website\"},\"datePublished\":\"2024-09-30T10:13:20+00:00\",\"dateModified\":\"2025-06-16T11:29:26+00:00\",\"description\":\"Discover the best Video Chat Sites, complete with ratings and reviews. Enjoy free cam chats that let you meet new people.\",\"breadcrumb\":{\"@id\":\"https:\/\/strangercam.com\/chatrandom\/#breadcrumb\"},\"inLanguage\":\"de\",\"potentialAction\":[{\"@type\":\"ReadAction\",\"target\":[\"https:\/\/strangercam.com\/chatrandom\/\"]}]},{\"@type\":\"BreadcrumbList\",\"@id\":\"https:\/\/strangercam.com\/chatrandom\/#breadcrumb\",\"itemListElement\":[{\"@type\":\"ListItem\",\"position\":1,\"name\":\"Home\",\"item\":\"https:\/\/strangercam.com\/\"},{\"@type\":\"ListItem\",\"position\":2,\"name\":\"Chatrandom\"}]},{\"@type\":\"WebSite\",\"@id\":\"https:\/\/strangercam.com\/#website\",\"url\":\"https:\/\/strangercam.com\/\",\"name\":\"Strangercam\",\"description\":\"Random Video Chat with Strangers\",\"publisher\":{\"@id\":\"https:\/\/strangercam.com\/#organization\"},\"alternateName\":\"Strangercam.com\",\"potentialAction\":[{\"@type\":\"SearchAction\",\"target\":{\"@type\":\"EntryPoint\",\"urlTemplate\":\"https:\/\/strangercam.com\/?s={search_term_string}\"},\"query-input\":{\"@type\":\"PropertyValueSpecification\",\"valueRequired\":true,\"valueName\":\"search_term_string\"}}],\"inLanguage\":\"de\"},{\"@type\":\"Organization\",\"@id\":\"https:\/\/strangercam.com\/#organization\",\"name\":\"Strangercam\",\"alternateName\":\"Strangercam.com\",\"url\":\"https:\/\/strangercam.com\/\",\"logo\":{\"@type\":\"ImageObject\",\"inLanguage\":\"de\",\"@id\":\"https:\/\/strangercam.com\/#\/schema\/logo\/image\/\",\"url\":\"https:\/\/strangercam.com\/wp-content\/uploads\/2020\/11\/cropped-new-favicon-black.png\",\"contentUrl\":\"https:\/\/strangercam.com\/wp-content\/uploads\/2020\/11\/cropped-new-favicon-black.png\",\"width\":512,\"height\":512,\"caption\":\"Strangercam\"},\"image\":{\"@id\":\"https:\/\/strangercam.com\/#\/schema\/logo\/image\/\"},\"sameAs\":[\"https:\/\/www.facebook.com\/strangercam\",\"https:\/\/x.com\/strangercamapp\"]}]}<\/script>\n<!-- \/ Yoast SEO plugin. -->","yoast_head_json":{"title":"Chatrandom - Alternativen &amp; Bewertungen von Chat-Seiten - StrangerCam","description":"Entdecken Sie die besten Video-Chat-Seiten mit Bewertungen und Rezensionen. Genie\u00dfen Sie kostenlose Cam-Chats, bei denen Sie neue Leute kennenlernen k\u00f6nnen.","robots":{"index":"index","follow":"follow","max-snippet":"max-snippet:-1","max-image-preview":"max-image-preview:large","max-video-preview":"max-video-preview:-1"},"canonical":"https:\/\/strangercam.com\/de\/chatrandom\/","og_locale":"de_DE","og_type":"article","og_title":"Chatrandom - Alternatives & Reviews of Chat Sites - StrangerCam","og_description":"Discover the best Video Chat Sites, complete with ratings and reviews. Enjoy free cam chats that let you meet new people.","og_url":"https:\/\/strangercam.com\/de\/chatrandom\/","og_site_name":"Strangercam","article_publisher":"https:\/\/www.facebook.com\/strangercam","article_modified_time":"2025-06-16T11:29:26+00:00","og_image":[{"width":800,"height":532,"url":"https:\/\/strangercam.com\/wp-content\/uploads\/2021\/10\/Untitled-2.png","type":"image\/png"}],"twitter_card":"summary_large_image","twitter_site":"@strangercamapp","twitter_misc":{"Gesch\u00e4tzte Lesezeit":"6\u00a0Minuten"},"schema":{"@context":"https:\/\/schema.org","@graph":[{"@type":"WebPage","@id":"https:\/\/strangercam.com\/chatrandom\/","url":"https:\/\/strangercam.com\/chatrandom\/","name":"Chatrandom - Alternativen &amp; Bewertungen von Chat-Seiten - StrangerCam","isPartOf":{"@id":"https:\/\/strangercam.com\/#website"},"datePublished":"2024-09-30T10:13:20+00:00","dateModified":"2025-06-16T11:29:26+00:00","description":"Entdecken Sie die besten Video-Chat-Seiten mit Bewertungen und Rezensionen. Genie\u00dfen Sie kostenlose Cam-Chats, bei denen Sie neue Leute kennenlernen k\u00f6nnen.","breadcrumb":{"@id":"https:\/\/strangercam.com\/chatrandom\/#breadcrumb"},"inLanguage":"de","potentialAction":[{"@type":"ReadAction","target":["https:\/\/strangercam.com\/chatrandom\/"]}]},{"@type":"BreadcrumbList","@id":"https:\/\/strangercam.com\/chatrandom\/#breadcrumb","itemListElement":[{"@type":"ListItem","position":1,"name":"Home","item":"https:\/\/strangercam.com\/"},{"@type":"ListItem","position":2,"name":"Chatrandom"}]},{"@type":"WebSite","@id":"https:\/\/strangercam.com\/#website","url":"https:\/\/strangercam.com\/","name":"Strangercam","description":"Zuf\u00e4lliger Video-Chat mit Fremden","publisher":{"@id":"https:\/\/strangercam.com\/#organization"},"alternateName":"Strangercam.com","potentialAction":[{"@type":"SearchAction","target":{"@type":"EntryPoint","urlTemplate":"https:\/\/strangercam.com\/?s={search_term_string}"},"query-input":{"@type":"PropertyValueSpecification","valueRequired":true,"valueName":"search_term_string"}}],"inLanguage":"de"},{"@type":"Organization","@id":"https:\/\/strangercam.com\/#organization","name":"Strangercam","alternateName":"Strangercam.com","url":"https:\/\/strangercam.com\/","logo":{"@type":"ImageObject","inLanguage":"de","@id":"https:\/\/strangercam.com\/#\/schema\/logo\/image\/","url":"https:\/\/strangercam.com\/wp-content\/uploads\/2020\/11\/cropped-new-favicon-black.png","contentUrl":"https:\/\/strangercam.com\/wp-content\/uploads\/2020\/11\/cropped-new-favicon-black.png","width":512,"height":512,"caption":"Strangercam"},"image":{"@id":"https:\/\/strangercam.com\/#\/schema\/logo\/image\/"},"sameAs":["https:\/\/www.facebook.com\/strangercam","https:\/\/x.com\/strangercamapp"]}]}},"_links":{"self":[{"href":"https:\/\/strangercam.com\/de\/wp-json\/wp\/v2\/pages\/12485","targetHints":{"allow":["GET"]}}],"collection":[{"href":"https:\/\/strangercam.com\/de\/wp-json\/wp\/v2\/pages"}],"about":[{"href":"https:\/\/strangercam.com\/de\/wp-json\/wp\/v2\/types\/page"}],"author":[{"embeddable":true,"href":"https:\/\/strangercam.com\/de\/wp-json\/wp\/v2\/users\/7"}],"replies":[{"embeddable":true,"href":"https:\/\/strangercam.com\/de\/wp-json\/wp\/v2\/comments?post=12485"}],"version-history":[{"count":1,"href":"https:\/\/strangercam.com\/de\/wp-json\/wp\/v2\/pages\/12485\/revisions"}],"predecessor-version":[{"id":12865,"href":"https:\/\/strangercam.com\/de\/wp-json\/wp\/v2\/pages\/12485\/revisions\/12865"}],"wp:attachment":[{"href":"https:\/\/strangercam.com\/de\/wp-json\/wp\/v2\/media?parent=12485"}],"curies":[{"name":"wp","href":"https:\/\/api.w.org\/{rel}","templated":true}]}}