{"id":12412,"date":"2024-06-10T14:11:06","date_gmt":"2024-06-10T12:11:06","guid":{"rendered":"https:\/\/strangercam.com\/?page_id=12412"},"modified":"2024-06-10T14:12:03","modified_gmt":"2024-06-10T12:12:03","slug":"mixu","status":"publish","type":"page","link":"https:\/\/strangercam.com\/de\/mixu\/","title":{"rendered":"Mixu"},"content":{"rendered":"<p data-pm-slice=\"1 1 []\">Sie sind also neugierig auf Mixu? Dann lassen Sie uns in die Welt der Zufallsvideos eintauchen <a href=\"https:\/\/strangercam.com\/de\/chatroulette\/\">Chat<\/a> Webseiten. Mixu, \u00e4hnlich wie seine Gegenst\u00fccke wie StrangerCam, Chatrandom, und <a href=\"https:\/\/strangercam.com\/de\/emerald-chat\/\">Smaragd<\/a> Chat bietet Nutzern den Nervenkitzel, mit Fremden durch Live-Video-Interaktionen in Kontakt zu treten. Es geht um die Aufregung des Unerwarteten, wo jeder Chat eine neue Erfahrung bringt.<\/p>\n<p>Bei Mixu sind die M\u00f6glichkeiten endlos, w\u00e4hrend wir durch das virtuelle Reich der spontanen Gespr\u00e4che und zuf\u00e4lligen Begegnungen navigieren. Egal, ob Sie auf der Suche nach neuen Freundschaften, spannenden Diskussionen oder einfach nur nach einem Moment des Spa\u00dfes sind, Mixu ist Ihr Tor zu einer Welt der ungeschriebenen Verbindungen. Join Sie uns, wenn wir die dynamische Landschaft des Online-Videochats erkunden und den Nervenkitzel genie\u00dfen, mit nur einem Klick neue Gesichter zu treffen.<\/p>\n<h2 id=\"overview-of-mixu\">\u00dcberblick \u00fcber Mixu<\/h2>\n<h3 id=\"what-is-mixu\">Was ist Mixu?<\/h3>\n<p>Mixu ist ein Zufallsgenerator <a href=\"https:\/\/strangercam.com\/de\/coomeet\/\">Video-Chat<\/a> Website, die den Nutzern den Nervenkitzel bietet, mit Fremden durch Live-Video-Interaktionen in Kontakt zu treten. \u00c4hnlich wie Plattformen wie StrangerCam, Chatrandom und Emerald Chat bietet Mixu einen Raum f\u00fcr spontane Gespr\u00e4che und zuf\u00e4llige Begegnungen in der virtuellen Welt des Online-Videochats. Die Nutzer k\u00f6nnen sich an Diskussionen beteiligen, neue Freundschaften schlie\u00dfen und in der unvorhersehbaren Chat-Umgebung Spa\u00df haben.<\/p>\n<ul class=\"list-disc list-outside leading-3 -mt-2 tight\" data-tight=\"true\">\n<li class=\"leading-normal -mb-2\">Zuf\u00e4llige Videochats: Mit dem Mixu k\u00f6nnen Benutzer zuf\u00e4llige Videochats mit Fremden f\u00fchren, was jeder Interaktion ein spannendes und unvorhersehbares Element verleiht.<\/li>\n<li class=\"leading-normal -mb-2\">Virtuelle Freundschaften: Die Nutzer haben die M\u00f6glichkeit, \u00fcber die Videochat-Funktion der Plattform neue Freundschaften mit Menschen aus der ganzen Welt zu schlie\u00dfen.<\/li>\n<li class=\"leading-normal -mb-2\">Diskussionsforen: Mixu bietet Diskussionsforen, in denen sich die Nutzer an Unterhaltungen zu verschiedenen Themen beteiligen k\u00f6nnen, was das soziale Erlebnis auf der Website verbessert.<\/li>\n<li class=\"leading-normal -mb-2\">Privatsph\u00e4re-Einstellungen: Die Plattform bietet Datenschutzeinstellungen, mit denen die Nutzer ihre Sichtbarkeit und ihre Interaktionen w\u00e4hrend der Nutzung des Dienstes kontrollieren k\u00f6nnen.<\/li>\n<li class=\"leading-normal -mb-2\">Benutzerfreundliches Interface: Das Mixu verf\u00fcgt \u00fcber eine benutzerfreundliche Oberfl\u00e4che, die es den Benutzern leicht macht, auf der Website zu navigieren und nahtlose Videochats zu genie\u00dfen.<\/li>\n<\/ul>\n<p>Im Wesentlichen richtet sich Mixu an Personen, die spontane, ansprechende und interaktive Online-Interaktionen durch seine <a href=\"https:\/\/strangercam.com\/de\/chathub\/\">zuf\u00e4lliger Video-Chat<\/a> F\u00e4higkeiten.<\/p>\n<h2 id=\"user-experience-with-mixu\">Benutzererfahrung mit Mixu<\/h2>\n<h3 id=\"interface-and-usability\">Schnittstelle und Benutzerfreundlichkeit<\/h3>\n<p>Wenn es um die Benutzerfreundlichkeit von Mixu geht, liegt der Schwerpunkt wie bei anderen zuf\u00e4lligen Video-Chat-Websites wie StrangerCam, Chatrandom und Emerald Chat auf Einfachheit und Benutzerfreundlichkeit. Die Benutzeroberfl\u00e4che von Mixu ist so gestaltet, dass sie intuitiv ist und es den Benutzern erm\u00f6glicht, sich schnell und problemlos auf der Plattform zurechtzufinden. Dank des benutzerfreundlichen Layouts k\u00f6nnen die Benutzer leicht auf Funktionen wie das Starten eines zuf\u00e4lligen Videochats, das Anpassen von Einstellungen und das F\u00fchren von Gespr\u00e4chen mit Fremden zugreifen.<\/p>\n<h3 id=\"community-and-interaction-features\">Community- und Interaktionsfunktionen<\/h3>\n<p>Was die Community- und Interaktionsfunktionen angeht, bietet Mixu \u00e4hnliche Funktionen wie andere Video-Chat-Websites. Die Nutzer k\u00f6nnen sich mit Personen aus der ganzen Welt verbinden, spontane Gespr\u00e4che f\u00fchren und virtuelle Freundschaften schlie\u00dfen. Die Plattform bietet Nutzern die M\u00f6glichkeit, durch Live-Videochats zu interagieren und so ein Gef\u00fchl der Gemeinschaft und Verbundenheit in der Online-Welt zu f\u00f6rdern. Dar\u00fcber hinaus kann Mixu Funktionen wie Diskussionsforen zu verschiedenen Themen anbieten, die das Nutzererlebnis insgesamt verbessern, indem sie M\u00f6glichkeiten f\u00fcr anregende Gespr\u00e4che und Interaktionen bieten.<\/p>\n<h2 id=\"comparing-mixu-with-other-platforms\">Vergleich von Mixu mit anderen Plattformen<\/h2>\n<h3 id=\"similarities-to-major-platforms\">\u00c4hnlichkeiten mit wichtigen Plattformen<\/h3>\n<p>Bei der Bewertung von Mixu im Vergleich zu gro\u00dfen Plattformen wie StrangerCam, Chatrandom und Emerald Chat k\u00f6nnen wir mehrere wichtige \u00c4hnlichkeiten feststellen. Erstens arbeiten alle diese Plattformen als zuf\u00e4llige Videochat-Websites, die Verbindungen zwischen Nutzern und Fremden erm\u00f6glichen. Sie haben das gemeinsame Ziel, einen Raum f\u00fcr ansprechende Interaktionen durch Live-Videogespr\u00e4che zu schaffen.<\/p>\n<p>In Bezug auf die Benutzerfreundlichkeit konzentriert sich Mixu, wie seine Gegenst\u00fccke, auf Einfachheit und Benutzerfreundlichkeit bei der Gestaltung der Benutzeroberfl\u00e4che. Das Navigieren auf der Plattform, das Starten von zuf\u00e4lligen Videochats, das Anpassen von Einstellungen und das F\u00fchren von Gespr\u00e4chen mit Fremden sind Funktionen, die auf allen Plattformen gleich sind. Die Nutzer k\u00f6nnen eine nahtlose und unkomplizierte Erfahrung erwarten, wenn sie auf Mixu interagieren, \u00e4hnlich wie auf den anderen gro\u00dfen Plattformen.<\/p>\n<p>Dar\u00fcber hinaus erm\u00f6glichen diese Plattformen globale Verbindungen, die es Nutzern aus aller Welt erlauben, miteinander zu interagieren und virtuelle Freundschaften zu schlie\u00dfen. Die M\u00f6glichkeit, mit Menschen unterschiedlicher Herkunft und Kultur in Kontakt zu treten, ist ein gemeinsames Merkmal von Mixu und anderen gro\u00dfen Plattformen. Diese globale Reichweite erh\u00f6ht das Potenzial f\u00fcr spontane und bereichernde Unterhaltungen und f\u00f6rdert das Gemeinschaftsgef\u00fchl im Online-Raum.<\/p>\n<h3 id=\"unique-elements-of-mixu\">Einzigartige Elemente von Mixu<\/h3>\n<p>W\u00e4hrend Mixu viele \u00c4hnlichkeiten mit anderen gro\u00dfen Plattformen in der Zufallsvideochat-Nische aufweist, enth\u00e4lt es auch einzigartige Elemente, die es von anderen unterscheiden. Ein Unterscheidungsmerkmal von Mixu k\u00f6nnte sein Ansatz zum Aufbau einer Community innerhalb der Plattform sein. Es werden zwar keine spezifischen Details genannt, aber Mixu k\u00f6nnte Community-Funktionen wie Diskussionsforen zu verschiedenen Themen anbieten. Diese Funktionen k\u00f6nnten die Interaktion zwischen den Nutzern verbessern, M\u00f6glichkeiten f\u00fcr ein tieferes Engagement bieten und das Zugeh\u00f6rigkeitsgef\u00fchl der Nutzer f\u00f6rdern.<\/p>\n<p>Dar\u00fcber hinaus k\u00f6nnte sich Mixu durch personalisierte Benutzererfahrungen oder innovative Tools, die auf anderen Plattformen nicht zu finden sind, abheben. Diese einzigartigen Elemente k\u00f6nnten dazu beitragen, Mixu zu einer herausragenden Wahl f\u00fcr Personen zu machen, die zuf\u00e4llige Video-Chat-Erfahrungen suchen, die etwas Zus\u00e4tzliches oder Anderes bieten als die Standardangebote im Bereich der Online-Interaktion.<\/p>\n<p>Obwohl Mixu als Zufalls-Videochat-Website eng mit gro\u00dfen Plattformen wie StrangerCam, Chatrandom und Emerald Chat verbunden ist, kann es sich von diesen unterscheiden und Nutzer ansprechen, die eine einzigartige und fesselnde Online-Interaktionserfahrung suchen.<\/p>\n<h2 id=\"future-developments\">K\u00fcnftige Entwicklungen<\/h2>\n<h3 id=\"anticipated-updates\">Voraussichtliche Updates<\/h3>\n<p>Wenn wir die zuk\u00fcnftigen Entwicklungen von Mixu betrachten, k\u00f6nnen wir, wie bei anderen zuf\u00e4lligen Video-Chat-Websites wie StrangerCam, Chatrandom und Emerald Chat, laufende Verbesserungen der Plattform erwarten. Diese Aktualisierungen konzentrieren sich oft auf die Verbesserung der Benutzerfreundlichkeit, das Hinzuf\u00fcgen neuer Funktionen und die Verbesserung der allgemeinen Funktionalit\u00e4t. Regelm\u00e4\u00dfige Wartung und Aktualisierungen sind entscheidend daf\u00fcr, dass die Plattform in der dynamischen Online-Interaktionslandschaft wettbewerbsf\u00e4hig bleibt. Die Nutzer k\u00f6nnen mit regelm\u00e4\u00dfigen Updates rechnen, die darauf abzielen, das Video-Chat-Erlebnis zu verfeinern, die Sicherheitsma\u00dfnahmen zu verbessern und m\u00f6glicherweise neue M\u00f6glichkeiten zur Kontaktaufnahme mit Fremden einzuf\u00fchren.<\/p>\n<h3 id=\"potential-market-expansions\">Potenzielle Markterweiterungen<\/h3>\n<p>Im Hinblick auf potenzielle Markterweiterungen k\u00f6nnte Mixu, \u00e4hnlich wie seine Gegenst\u00fccke StrangerCam, Chatrandom und Emerald Chat, M\u00f6glichkeiten zur Erweiterung seiner Nutzerbasis und zum Erreichen neuer Bev\u00f6lkerungsgruppen pr\u00fcfen. Eine Markterweiterung k\u00f6nnte darin bestehen, bestimmte geografische Regionen, demografische Segmente oder Nischengemeinschaften anzusprechen, um das Engagement der Nutzer und die Popularit\u00e4t der Plattform zu steigern. Wenn Mixu die unterschiedlichen Bed\u00fcrfnisse der Nutzer weltweit versteht, k\u00f6nnte es seine Dienste auf verschiedene kulturelle Pr\u00e4ferenzen, Sprachen oder soziale Dynamiken zuschneiden und so seine globale Reichweite vergr\u00f6\u00dfern und eine st\u00e4rkere Pr\u00e4senz auf dem Markt f\u00fcr Online-Interaktionen aufbauen.<\/p>\n<h2 id=\"conclusion\">Schlussfolgerung<\/h2>\n<p>Mixu hebt sich im Bereich der zuf\u00e4lligen Video-Chat-Websites durch eine benutzerfreundliche Oberfl\u00e4che und einzigartige Community-Funktionen ab. Mit Blick auf die Zukunft erwarten wir weitere Verbesserungen der Benutzerfreundlichkeit und zus\u00e4tzliche Funktionen, um mit den sich entwickelnden Trends in der Online-Interaktion Schritt zu halten. Mit dem Fokus auf globale Verbindungen und personalisierte Interaktionen wird Mixu auch in Zukunft Nutzer fesseln, die sich mit Fremden unterhalten wollen. Das Engagement der Plattform f\u00fcr Innovation und Inklusivit\u00e4t macht sie zur ersten Wahl f\u00fcr alle, die ein besonderes Online-Interaktionserlebnis suchen. Bleiben Sie auf dem Laufenden, denn Mixu ist bestrebt, seine Reichweite zu vergr\u00f6\u00dfern und ein vielf\u00e4ltiges Publikum weltweit anzusprechen.<\/p>\n<h2 id=\"frequently-asked-questions\">H\u00e4ufig gestellte Fragen<\/h2>\n<h3 id=\"what-is-mixu\">Was ist Mixu?<\/h3>\n<p>Mixu ist eine zuf\u00e4llige Videochat-Webseite, die Nutzer mit Fremden verbindet, damit sie sich austauschen k\u00f6nnen. Es konzentriert sich auf Einfachheit, so dass Benutzer Video-Chats starten, Einstellungen anpassen und sich einfach unterhalten k\u00f6nnen.<\/p>\n<h3 id=\"how-does-mixu-differ-from-other-random-video-chat-platforms\">Wie unterscheidet sich Mixu von anderen Video-Chat-Plattformen?<\/h3>\n<p>Mixu bietet einzigartige Elemente wie potenzielle Community-Funktionen und personalisierte Nutzererfahrungen und hebt sich damit von anderen Plattformen in dieser Nische ab.<\/p>\n<h3 id=\"what-can-users-expect-in-the-future-of-mixu\">Was k\u00f6nnen die Nutzer in Zukunft von Mixu erwarten?<\/h3>\n<p>K\u00fcnftige Entwicklungen k\u00f6nnen die Benutzerfreundlichkeit erh\u00f6hen, neue Funktionen hinzuf\u00fcgen und die Funktionalit\u00e4t durch regelm\u00e4\u00dfige Updates verbessern. Markterweiterungen k\u00f6nnen auf bestimmte demografische Gruppen oder geografische Regionen abzielen, um die Nutzerbasis zu erweitern und die Popularit\u00e4t zu steigern.<\/p>","protected":false},"excerpt":{"rendered":"<p>So, you&#8217;re curious about Mixu? Well, let&#8217;s dive into the world of random video chat websites. Mixu, much like its counterparts such as StrangerCam, Chatrandom, and Emerald Chat, offers users the thrill of connecting with strangers through live video interactions. It&#8217;s all about the excitement of the unexpected, where every chat brings a new experience. [&hellip;]<\/p>\n","protected":false},"author":6,"featured_media":12413,"parent":0,"menu_order":0,"comment_status":"closed","ping_status":"closed","template":"","meta":{"footnotes":""},"class_list":["post-12412","page","type-page","status-publish","has-post-thumbnail","hentry"],"yoast_head":"<!-- This site is optimized with the Yoast SEO plugin v26.9 - https:\/\/yoast.com\/product\/yoast-seo-wordpress\/ -->\n<title>Mixu Random Video Chat - StrangerCam.com<\/title>\n<meta name=\"description\" content=\"Like Mixu? Come chat with more than 5.000.000 strangers on Stranger Cam for Free! Turn on your cam and find new friends &amp; maby a match!\" \/>\n<meta name=\"robots\" content=\"index, follow, max-snippet:-1, max-image-preview:large, max-video-preview:-1\" \/>\n<link rel=\"canonical\" href=\"https:\/\/strangercam.com\/de\/mixu\/\" \/>\n<meta property=\"og:locale\" content=\"de_DE\" \/>\n<meta property=\"og:type\" content=\"article\" \/>\n<meta property=\"og:title\" content=\"Mixu Random Video Chat - StrangerCam.com\" \/>\n<meta property=\"og:description\" content=\"Like Mixu? Come chat with more than 5.000.000 strangers on Stranger Cam for Free! Turn on your cam and find new friends &amp; maby a match!\" \/>\n<meta property=\"og:url\" content=\"https:\/\/strangercam.com\/de\/mixu\/\" \/>\n<meta property=\"og:site_name\" content=\"Strangercam\" \/>\n<meta property=\"article:publisher\" content=\"https:\/\/www.facebook.com\/strangercam\" \/>\n<meta property=\"article:modified_time\" content=\"2024-06-10T12:12:03+00:00\" \/>\n<meta property=\"og:image\" content=\"https:\/\/strangercam.com\/wp-content\/uploads\/2024\/06\/Mixu.webp\" \/>\n\t<meta property=\"og:image:width\" content=\"721\" \/>\n\t<meta property=\"og:image:height\" content=\"305\" \/>\n\t<meta property=\"og:image:type\" content=\"image\/webp\" \/>\n<meta name=\"twitter:card\" content=\"summary_large_image\" \/>\n<meta name=\"twitter:site\" content=\"@strangercamapp\" \/>\n<meta name=\"twitter:label1\" content=\"Gesch\u00e4tzte Lesezeit\" \/>\n\t<meta name=\"twitter:data1\" content=\"6\u00a0Minuten\" \/>\n<script type=\"application\/ld+json\" class=\"yoast-schema-graph\">{\"@context\":\"https:\/\/schema.org\",\"@graph\":[{\"@type\":\"WebPage\",\"@id\":\"https:\/\/strangercam.com\/mixu\/\",\"url\":\"https:\/\/strangercam.com\/mixu\/\",\"name\":\"Mixu Random Video Chat - StrangerCam.com\",\"isPartOf\":{\"@id\":\"https:\/\/strangercam.com\/#website\"},\"primaryImageOfPage\":{\"@id\":\"https:\/\/strangercam.com\/mixu\/#primaryimage\"},\"image\":{\"@id\":\"https:\/\/strangercam.com\/mixu\/#primaryimage\"},\"thumbnailUrl\":\"https:\/\/strangercam.com\/wp-content\/uploads\/2024\/06\/Mixu.webp\",\"datePublished\":\"2024-06-10T12:11:06+00:00\",\"dateModified\":\"2024-06-10T12:12:03+00:00\",\"description\":\"Like Mixu? Come chat with more than 5.000.000 strangers on Stranger Cam for Free! Turn on your cam and find new friends & maby a match!\",\"breadcrumb\":{\"@id\":\"https:\/\/strangercam.com\/mixu\/#breadcrumb\"},\"inLanguage\":\"de\",\"potentialAction\":[{\"@type\":\"ReadAction\",\"target\":[\"https:\/\/strangercam.com\/mixu\/\"]}]},{\"@type\":\"ImageObject\",\"inLanguage\":\"de\",\"@id\":\"https:\/\/strangercam.com\/mixu\/#primaryimage\",\"url\":\"https:\/\/strangercam.com\/wp-content\/uploads\/2024\/06\/Mixu.webp\",\"contentUrl\":\"https:\/\/strangercam.com\/wp-content\/uploads\/2024\/06\/Mixu.webp\",\"width\":721,\"height\":305},{\"@type\":\"BreadcrumbList\",\"@id\":\"https:\/\/strangercam.com\/mixu\/#breadcrumb\",\"itemListElement\":[{\"@type\":\"ListItem\",\"position\":1,\"name\":\"Home\",\"item\":\"https:\/\/strangercam.com\/\"},{\"@type\":\"ListItem\",\"position\":2,\"name\":\"Mixu\"}]},{\"@type\":\"WebSite\",\"@id\":\"https:\/\/strangercam.com\/#website\",\"url\":\"https:\/\/strangercam.com\/\",\"name\":\"Strangercam\",\"description\":\"Random Video Chat with Strangers\",\"publisher\":{\"@id\":\"https:\/\/strangercam.com\/#organization\"},\"alternateName\":\"Strangercam.com\",\"potentialAction\":[{\"@type\":\"SearchAction\",\"target\":{\"@type\":\"EntryPoint\",\"urlTemplate\":\"https:\/\/strangercam.com\/?s={search_term_string}\"},\"query-input\":{\"@type\":\"PropertyValueSpecification\",\"valueRequired\":true,\"valueName\":\"search_term_string\"}}],\"inLanguage\":\"de\"},{\"@type\":\"Organization\",\"@id\":\"https:\/\/strangercam.com\/#organization\",\"name\":\"Strangercam\",\"alternateName\":\"Strangercam.com\",\"url\":\"https:\/\/strangercam.com\/\",\"logo\":{\"@type\":\"ImageObject\",\"inLanguage\":\"de\",\"@id\":\"https:\/\/strangercam.com\/#\/schema\/logo\/image\/\",\"url\":\"https:\/\/strangercam.com\/wp-content\/uploads\/2020\/11\/cropped-new-favicon-black.png\",\"contentUrl\":\"https:\/\/strangercam.com\/wp-content\/uploads\/2020\/11\/cropped-new-favicon-black.png\",\"width\":512,\"height\":512,\"caption\":\"Strangercam\"},\"image\":{\"@id\":\"https:\/\/strangercam.com\/#\/schema\/logo\/image\/\"},\"sameAs\":[\"https:\/\/www.facebook.com\/strangercam\",\"https:\/\/x.com\/strangercamapp\"]}]}<\/script>\n<!-- \/ Yoast SEO plugin. -->","yoast_head_json":{"title":"Mixu Random Video Chat - StrangerCam.com","description":"Magst du Mixu? Komm und chatte mit mehr als 5.000.000 Fremden auf Stranger Cam - kostenlos! Schalte deine Kamera ein und finde neue Freunde und vielleicht einen Partner!","robots":{"index":"index","follow":"follow","max-snippet":"max-snippet:-1","max-image-preview":"max-image-preview:large","max-video-preview":"max-video-preview:-1"},"canonical":"https:\/\/strangercam.com\/de\/mixu\/","og_locale":"de_DE","og_type":"article","og_title":"Mixu Random Video Chat - StrangerCam.com","og_description":"Like Mixu? Come chat with more than 5.000.000 strangers on Stranger Cam for Free! Turn on your cam and find new friends & maby a match!","og_url":"https:\/\/strangercam.com\/de\/mixu\/","og_site_name":"Strangercam","article_publisher":"https:\/\/www.facebook.com\/strangercam","article_modified_time":"2024-06-10T12:12:03+00:00","og_image":[{"width":721,"height":305,"url":"https:\/\/strangercam.com\/wp-content\/uploads\/2024\/06\/Mixu.webp","type":"image\/webp"}],"twitter_card":"summary_large_image","twitter_site":"@strangercamapp","twitter_misc":{"Gesch\u00e4tzte Lesezeit":"6\u00a0Minuten"},"schema":{"@context":"https:\/\/schema.org","@graph":[{"@type":"WebPage","@id":"https:\/\/strangercam.com\/mixu\/","url":"https:\/\/strangercam.com\/mixu\/","name":"Mixu Random Video Chat - StrangerCam.com","isPartOf":{"@id":"https:\/\/strangercam.com\/#website"},"primaryImageOfPage":{"@id":"https:\/\/strangercam.com\/mixu\/#primaryimage"},"image":{"@id":"https:\/\/strangercam.com\/mixu\/#primaryimage"},"thumbnailUrl":"https:\/\/strangercam.com\/wp-content\/uploads\/2024\/06\/Mixu.webp","datePublished":"2024-06-10T12:11:06+00:00","dateModified":"2024-06-10T12:12:03+00:00","description":"Magst du Mixu? Komm und chatte mit mehr als 5.000.000 Fremden auf Stranger Cam - kostenlos! Schalte deine Kamera ein und finde neue Freunde und vielleicht einen Partner!","breadcrumb":{"@id":"https:\/\/strangercam.com\/mixu\/#breadcrumb"},"inLanguage":"de","potentialAction":[{"@type":"ReadAction","target":["https:\/\/strangercam.com\/mixu\/"]}]},{"@type":"ImageObject","inLanguage":"de","@id":"https:\/\/strangercam.com\/mixu\/#primaryimage","url":"https:\/\/strangercam.com\/wp-content\/uploads\/2024\/06\/Mixu.webp","contentUrl":"https:\/\/strangercam.com\/wp-content\/uploads\/2024\/06\/Mixu.webp","width":721,"height":305},{"@type":"BreadcrumbList","@id":"https:\/\/strangercam.com\/mixu\/#breadcrumb","itemListElement":[{"@type":"ListItem","position":1,"name":"Home","item":"https:\/\/strangercam.com\/"},{"@type":"ListItem","position":2,"name":"Mixu"}]},{"@type":"WebSite","@id":"https:\/\/strangercam.com\/#website","url":"https:\/\/strangercam.com\/","name":"Strangercam","description":"Zuf\u00e4lliger Video-Chat mit Fremden","publisher":{"@id":"https:\/\/strangercam.com\/#organization"},"alternateName":"Strangercam.com","potentialAction":[{"@type":"SearchAction","target":{"@type":"EntryPoint","urlTemplate":"https:\/\/strangercam.com\/?s={search_term_string}"},"query-input":{"@type":"PropertyValueSpecification","valueRequired":true,"valueName":"search_term_string"}}],"inLanguage":"de"},{"@type":"Organization","@id":"https:\/\/strangercam.com\/#organization","name":"Strangercam","alternateName":"Strangercam.com","url":"https:\/\/strangercam.com\/","logo":{"@type":"ImageObject","inLanguage":"de","@id":"https:\/\/strangercam.com\/#\/schema\/logo\/image\/","url":"https:\/\/strangercam.com\/wp-content\/uploads\/2020\/11\/cropped-new-favicon-black.png","contentUrl":"https:\/\/strangercam.com\/wp-content\/uploads\/2020\/11\/cropped-new-favicon-black.png","width":512,"height":512,"caption":"Strangercam"},"image":{"@id":"https:\/\/strangercam.com\/#\/schema\/logo\/image\/"},"sameAs":["https:\/\/www.facebook.com\/strangercam","https:\/\/x.com\/strangercamapp"]}]}},"_links":{"self":[{"href":"https:\/\/strangercam.com\/de\/wp-json\/wp\/v2\/pages\/12412","targetHints":{"allow":["GET"]}}],"collection":[{"href":"https:\/\/strangercam.com\/de\/wp-json\/wp\/v2\/pages"}],"about":[{"href":"https:\/\/strangercam.com\/de\/wp-json\/wp\/v2\/types\/page"}],"author":[{"embeddable":true,"href":"https:\/\/strangercam.com\/de\/wp-json\/wp\/v2\/users\/6"}],"replies":[{"embeddable":true,"href":"https:\/\/strangercam.com\/de\/wp-json\/wp\/v2\/comments?post=12412"}],"version-history":[{"count":0,"href":"https:\/\/strangercam.com\/de\/wp-json\/wp\/v2\/pages\/12412\/revisions"}],"wp:featuredmedia":[{"embeddable":true,"href":"https:\/\/strangercam.com\/de\/wp-json\/wp\/v2\/media\/12413"}],"wp:attachment":[{"href":"https:\/\/strangercam.com\/de\/wp-json\/wp\/v2\/media?parent=12412"}],"curies":[{"name":"wp","href":"https:\/\/api.w.org\/{rel}","templated":true}]}}