{"id":12254,"date":"2025-09-29T10:09:11","date_gmt":"2025-09-29T08:09:11","guid":{"rendered":"https:\/\/strangercam.com\/?page_id=12254"},"modified":"2025-09-29T12:07:57","modified_gmt":"2025-09-29T10:07:57","slug":"amerikanischer-zufalls-videoanruf","status":"publish","type":"page","link":"https:\/\/strangercam.com\/de\/american-random-video-call\/","title":{"rendered":"Amerikanischer Zufalls-Videoanruf"},"content":{"rendered":"<p>Suchen Sie nach einer amerikanischen Plattform f\u00fcr zuf\u00e4llige Videoanrufe? Dann sind Sie hier genau richtig. Im Jahr 2025 suchen Tausende von Menschen nach M\u00f6glichkeiten, sofort mit Fremden in den Vereinigten Staaten in Kontakt zu treten - sei es, um neue Freunde zu finden, zwanglose Gespr\u00e4che zu f\u00fchren oder einfach die amerikanische Kultur online zu erkunden. Im Gegensatz zu herk\u00f6mmlichen Dating-Apps oder sozialen Netzwerken k\u00f6nnen Sie auf Plattformen f\u00fcr zuf\u00e4llige Videoanrufe echte Menschen in Sekundenschnelle von Angesicht zu Angesicht kennenlernen.<\/p>\n<p>Mit Diensten wie StrangerCam k\u00f6nnen Sie sofort an einem zuf\u00e4lligen amerikanischen Videoanruf teilnehmen. Keine Anmeldung, keine Geb\u00fchren, kein Warten - nur sofortige Videogespr\u00e4che mit Menschen in den USA und dar\u00fcber hinaus.<\/p>\n<p>In diesem Leitfaden erfahren Sie alles, was Sie wissen m\u00fcssen: was amerikanische Zufallsvideogespr\u00e4che sind, warum sie so beliebt sind, wie sie funktionieren, auf welche Funktionen Sie achten sollten, ein Vergleich der wichtigsten Plattformen, Sicherheitstipps und warum StrangerCam heute eine der besten Optionen ist.<\/p>\n<h2>Was ist ein amerikanischer Zufalls-Videoanruf?<\/h2>\n<p>Ein amerikanischer Zufalls-Videoanruf ist ein Online-Videoanruf unter vier Augen. <a href=\"https:\/\/strangercam.com\/de\/chathub\/\">Chat<\/a> die Sie mit Fremden in den Vereinigten Staaten zusammenbringt. Die Erfahrung ist einfach:<\/p>\n<ul>\n<li>Sie klicken auf eine Schaltfl\u00e4che.<\/li>\n<li>Sie werden sofort mit einer neuen Person in den USA zusammengebracht.<\/li>\n<li>Sie k\u00f6nnen von Angesicht zu Angesicht \u00fcber Ihre Webcam und Ihr Mikrofon sprechen.<\/li>\n<li>Gef\u00e4llt Ihnen das Spiel nicht? Klicken Sie einfach auf Weiter, um fortzufahren.<\/li>\n<\/ul>\n<p>Anders als bei Dating-Apps muss man nicht auf ein Match warten oder lange Biografien schreiben. Es ist direkt, macht Spa\u00df und ist unvorhersehbar.<\/p>\n<h2>Warum Menschen American Random Video Call lieben<\/h2>\n<p>Der Reiz, mit Fremden in den USA in Kontakt zu treten, liegt auf der Hand:<\/p>\n<ul>\n<li>Kulturelle Neugierde: Treffen Sie Amerikaner aus verschiedenen Staaten, mit unterschiedlichem Hintergrund und Lebensstil.<\/li>\n<li>Englisch \u00fcben: Viele internationale Nutzer nutzen amerikanische Zufalls-Videoanrufe, um ihre Sprachkenntnisse zu verbessern.<\/li>\n<li>Freundschaft &amp; Flirten: Ob Sie sich zwanglos unterhalten oder spielerisch flirten m\u00f6chten, der Zufalls-Chat ist perfekt.<\/li>\n<li>Spontaneit\u00e4t: Jeder Anruf ist anders - Sie wissen nie, wen Sie als N\u00e4chstes treffen werden.<\/li>\n<li>Zug\u00e4nglichkeit: Es ist kostenlos, sofort und erfordert keine Anmeldung.<\/li>\n<\/ul>\n<h2>Wie funktioniert der amerikanische Zufalls-Videoanruf?<\/h2>\n<p>Es sind nur ein paar Schritte n\u00f6tig:<\/p>\n<ol>\n<li>\u00d6ffnen Sie die Plattform (wie StrangerCam).<\/li>\n<li>Erlauben Sie den Zugriff auf Kamera und Mikrofon.<\/li>\n<li>Klicken Sie auf \"Videoanruf starten\".<\/li>\n<li>Sie werden sofort mit einem Fremden in Amerika zusammengebracht.<\/li>\n<li>Klicken Sie jederzeit auf \"Weiter\", um jemand Neues kennenzulernen.<\/li>\n<\/ol>\n<p>Das war's - schnell, einfach und immer kostenlos.<\/p>\n<h2>Merkmale einer amerikanischen Plattform f\u00fcr zuf\u00e4llige Videoanrufe<\/h2>\n<p>Nicht alle Plattformen bieten das gleiche Erlebnis. Hier ist das Wichtigste:<\/p>\n<ul>\n<li>Standort-Filter: M\u00f6glichkeit der gezielten Suche nach Nutzern in den USA.<\/li>\n<li>Freier Zugang: Unbegrenzte Nutzung ohne versteckte Paywalls.<\/li>\n<li>Keine Anmeldung: Sofortiges Chatten ohne Konto.<\/li>\n<li>Mobilfreundlich: Funktioniert reibungslos auf iOS und Android.<\/li>\n<li>Sichere Moderation: Schutz vor Bots und unangemessenen Inhalten.<\/li>\n<li>Videoqualit\u00e4t: Klares Bild und Ton f\u00fcr echte Verbindungen.<\/li>\n<\/ul>\n<h2>Die besten amerikanischen Plattformen f\u00fcr zuf\u00e4llige Videoanrufe im Jahr 2025<\/h2>\n<p>Hier ein Vergleich der derzeit beliebtesten Dienste:<\/p>\n<table>\n<thead>\n<tr>\n<th>Plattform<\/th>\n<th align=\"center\">Freier Zugang<\/th>\n<th align=\"center\">Standortfilter USA<\/th>\n<th align=\"center\">Anmeldung erforderlich<\/th>\n<th align=\"center\">Mobile Unterst\u00fctzung<\/th>\n<th align=\"center\">Moderation<\/th>\n<th>Anmerkungen<\/th>\n<\/tr>\n<\/thead>\n<tbody>\n<tr>\n<td>StrangerCam<\/td>\n<td align=\"center\">\u2705<\/td>\n<td align=\"center\">\u2705 (Frei)<\/td>\n<td align=\"center\">\u274c<\/td>\n<td align=\"center\">\u2705<\/td>\n<td align=\"center\">\u2705<\/td>\n<td>Insgesamt am besten: kostenlos, mit Fokus auf die USA<\/td>\n<\/tr>\n<tr>\n<td><a href=\"https:\/\/strangercam.com\/de\/chatroulette\/\">Chatroulette<\/a><\/td>\n<td align=\"center\">\u2705<\/td>\n<td align=\"center\">\u274c<\/td>\n<td align=\"center\">\u274c<\/td>\n<td align=\"center\">\u2705<\/td>\n<td align=\"center\">\u2705<\/td>\n<td>Klassisch, nur zuf\u00e4llig<\/td>\n<\/tr>\n<tr>\n<td>Chatrandom<\/td>\n<td align=\"center\">\u2705<\/td>\n<td align=\"center\">\u2705 (Bezahlt)<\/td>\n<td align=\"center\">\u274c<\/td>\n<td align=\"center\">\u2705<\/td>\n<td align=\"center\">\u2705<\/td>\n<td>Beliebt, aber Upgrades kosten<\/td>\n<\/tr>\n<tr>\n<td><a href=\"https:\/\/strangercam.com\/de\/ometv\/\">OmeTV<\/a><\/td>\n<td align=\"center\">\u2705<\/td>\n<td align=\"center\">\u274c<\/td>\n<td align=\"center\">\u274c<\/td>\n<td align=\"center\">\u2705<\/td>\n<td align=\"center\">\u2705<\/td>\n<td>App-basiert, globaler Fokus<\/td>\n<\/tr>\n<tr>\n<td>Shagle<\/td>\n<td align=\"center\">\u2705<\/td>\n<td align=\"center\">\u2705 (Bezahlt)<\/td>\n<td align=\"center\">\u274c<\/td>\n<td align=\"center\">\u2705<\/td>\n<td align=\"center\">\u2705<\/td>\n<td>Premiumfunktionen gesperrt<\/td>\n<\/tr>\n<tr>\n<td><a href=\"https:\/\/strangercam.com\/de\/coomeet\/\">CooMeet<\/a><\/td>\n<td align=\"center\">\u274c (Versuch)<\/td>\n<td align=\"center\">\u2705<\/td>\n<td align=\"center\">\u2705<\/td>\n<td align=\"center\">\u2705<\/td>\n<td align=\"center\">\u2705<\/td>\n<td>Bezahlte, auf M\u00e4nner und Frauen ausgerichtete Treffen<\/td>\n<\/tr>\n<\/tbody>\n<\/table>\n<p>StrangerCam ist eine der wenigen Plattformen, die kostenlose, zuf\u00e4llige Videoanrufe speziell mit Amerikanern anbietet - ohne Anmeldung und unbegrenzte Nutzung.<\/p>\n<h2>Warum StrangerCam die beste Wahl ist<\/h2>\n<p>Hier ist, warum StrangerCam ist perfekt f\u00fcr alle, die \"American random video call\" suchen:<\/p>\n<ul>\n<li>V\u00f6llig kostenlos und unbegrenzt - keine Testversionen oder Kreditsysteme.<\/li>\n<li>USA Location Matching - Treffen Sie echte Menschen in den Vereinigten Staaten.<\/li>\n<li>Keine Anmeldung erforderlich - Bleiben Sie anonym und fangen Sie sofort an.<\/li>\n<li>Sicher und moderiert - St\u00e4rkere Sicherheit als die alten Plattformen des Typs Omegle.<\/li>\n<li>Mobile &amp; Desktop Ready - Funktioniert \u00fcberall und jederzeit.<\/li>\n<li>Vielf\u00e4ltiger Nutzerkreis - Treffen Sie Amerikaner von K\u00fcste zu K\u00fcste.<\/li>\n<\/ul>\n<h2>Echte Anwenderberichte<\/h2>\n<blockquote><p>\"Ich wollte mein Englisch \u00fcben und suchte nach amerikanischen zuf\u00e4lligen Videoanrufen. StrangerCam hat mich innerhalb weniger Minuten mit Leuten aus New York und Kalifornien verbunden.\"<br \/>\n- Daniel, 24 (Spanien)<\/p><\/blockquote>\n<blockquote><p>\"Es macht so viel Spa\u00df, zuf\u00e4llige Amerikaner zu treffen - manchmal ist es zwanglos, manchmal flirtend, immer aufregend.<br \/>\n- Sophia, 21 (Kanada)<\/p><\/blockquote>\n<blockquote><p>\"Im Gegensatz zu anderen Websites ist diese wirklich kostenlos. Keine Anmeldung, keine Tricks.\"<br \/>\n- Ryan, 29 (USA)<\/p><\/blockquote>\n<blockquote><p>\"Ich hatte bereits tolle Gespr\u00e4che mit Leuten aus Texas, Florida und Chicago. Es f\u00fchlt sich echt und sicher an.\"<br \/>\n- Leah, 20 (Deutschland)<\/p><\/blockquote>\n<h2>Sicherheitstipps f\u00fcr amerikanische Zufalls-Videoanrufe<\/h2>\n<p>Auch wenn es Spa\u00df macht, mit Fremden in den USA zu chatten, sollten Sie sich immer absichern:<\/p>\n<ul>\n<li>Geben Sie niemals pers\u00f6nliche Informationen weiter (Telefon, Adresse, Arbeitsplatz).<\/li>\n<li>Vermeiden Sie verd\u00e4chtige Links in Chats.<\/li>\n<li>Verwenden Sie \u00dcberspringen\/Blockieren, wenn Ihnen jemand Unbehagen bereitet.<\/li>\n<li>\u00dcberpr\u00fcfen Sie Ihren Hintergrund, bevor Sie Ihre Webcam einschalten.<\/li>\n<li>Verwenden Sie einen Spitznamen anstelle Ihres richtigen Namens.<\/li>\n<li>Respektieren Sie die Altersregeln der Plattform - wenn Sie unter 18 sind, benutzen Sie keinen Chat f\u00fcr Erwachsene.<\/li>\n<\/ul>\n<h2>Der Einstieg - Schritt f\u00fcr Schritt<\/h2>\n<p>Hier erfahren Sie, wie Sie Ihren ersten amerikanischen Zufalls-Videoanruf starten:<\/p>\n<ol>\n<li>\u00d6ffnen Sie StrangerCam in Ihrem Browser oder auf Ihrem Handy.<\/li>\n<li>Erlauben Sie den Zugriff auf Kamera und Mikrofon.<\/li>\n<li>W\u00e4hlen Sie den Filter USA (falls verf\u00fcgbar).<\/li>\n<li>Klicken Sie auf Chat starten.<\/li>\n<li>Treffen Sie sofort einen amerikanischen Fremden.<\/li>\n<li>Dr\u00fccken Sie jederzeit auf \"Weiter\", wenn Sie jemand Neues kennenlernen m\u00f6chten.<\/li>\n<\/ol>\n<p>Im Jahr 2025 ist die Nachfrage nach zuf\u00e4lligen amerikanischen Videoanrufen so hoch wie nie zuvor. Menschen auf der ganzen Welt sind neugierig darauf, mit Amerikanern in Kontakt zu treten, um Freundschaft, Spa\u00df und kulturellen Austausch zu pflegen.<\/p>\n<p>Plattformen wie StrangerCam machen es einfach: kostenlose, sofortige und sichere Videoanrufe mit echten Menschen in den USA. Keine Anmeldung, keine versteckten Geb\u00fchren - nur spontane Verbindungen mit Amerikanern auf Knopfdruck.<\/p>\n<p>Bereit, jemand Neues kennenzulernen? Starten Sie noch heute Ihren amerikanischen Zufalls-Videoanruf und sehen Sie, mit wem Sie sich als N\u00e4chstes treffen werden.<\/p>","protected":false},"excerpt":{"rendered":"<p>Looking for an American random video call platform? You\u2019re in the right place. In 2025, thousands of people search for ways to connect instantly with strangers in the United States\u2014whether to make new friends, enjoy casual conversations, or simply explore American culture online. Unlike traditional dating apps or social networks, random video call platforms let [&hellip;]<\/p>\n","protected":false},"author":8,"featured_media":0,"parent":0,"menu_order":0,"comment_status":"closed","ping_status":"closed","template":"","meta":{"footnotes":""},"class_list":["post-12254","page","type-page","status-publish","hentry"],"yoast_head":"<!-- This site is optimized with the Yoast SEO plugin v27.4 - https:\/\/yoast.com\/product\/yoast-seo-wordpress\/ -->\n<title>American Random Video Call with Video Chat on Strangercam.com<\/title>\n<meta name=\"description\" content=\"Liking American Random Video Call? Join millions on StrangerCam.com! Start a random video chat, turn on your cam, and meet strangers instantly.\" \/>\n<meta name=\"robots\" content=\"index, follow, max-snippet:-1, max-image-preview:large, max-video-preview:-1\" \/>\n<link rel=\"canonical\" href=\"https:\/\/strangercam.com\/de\/amerikanischer-zufalls-videoanruf\/\" \/>\n<meta property=\"og:locale\" content=\"de_DE\" \/>\n<meta property=\"og:type\" content=\"article\" \/>\n<meta property=\"og:title\" content=\"American Random Video Call with Video Chat on Strangercam.com\" \/>\n<meta property=\"og:description\" content=\"Liking American Random Video Call? Join millions on StrangerCam.com! Start a random video chat, turn on your cam, and meet strangers instantly.\" \/>\n<meta property=\"og:url\" content=\"https:\/\/strangercam.com\/de\/amerikanischer-zufalls-videoanruf\/\" \/>\n<meta property=\"og:site_name\" content=\"Strangercam\" \/>\n<meta property=\"article:publisher\" content=\"https:\/\/www.facebook.com\/strangercam\" \/>\n<meta property=\"article:modified_time\" content=\"2025-09-29T10:07:57+00:00\" \/>\n<meta property=\"og:image\" content=\"https:\/\/strangercam.com\/wp-content\/uploads\/2021\/10\/Untitled-2.png\" \/>\n\t<meta property=\"og:image:width\" content=\"800\" \/>\n\t<meta property=\"og:image:height\" content=\"532\" \/>\n\t<meta property=\"og:image:type\" content=\"image\/png\" \/>\n<meta name=\"twitter:card\" content=\"summary_large_image\" \/>\n<meta name=\"twitter:site\" content=\"@strangercamapp\" \/>\n<meta name=\"twitter:label1\" content=\"Gesch\u00e4tzte Lesezeit\" \/>\n\t<meta name=\"twitter:data1\" content=\"4\u00a0Minuten\" \/>\n<script type=\"application\/ld+json\" class=\"yoast-schema-graph\">{\"@context\":\"https:\\\/\\\/schema.org\",\"@graph\":[{\"@type\":\"WebPage\",\"@id\":\"https:\\\/\\\/strangercam.com\\\/american-random-video-call\\\/\",\"url\":\"https:\\\/\\\/strangercam.com\\\/american-random-video-call\\\/\",\"name\":\"American Random Video Call with Video Chat on Strangercam.com\",\"isPartOf\":{\"@id\":\"https:\\\/\\\/strangercam.com\\\/#website\"},\"datePublished\":\"2025-09-29T08:09:11+00:00\",\"dateModified\":\"2025-09-29T10:07:57+00:00\",\"description\":\"Liking American Random Video Call? Join millions on StrangerCam.com! Start a random video chat, turn on your cam, and meet strangers instantly.\",\"breadcrumb\":{\"@id\":\"https:\\\/\\\/strangercam.com\\\/american-random-video-call\\\/#breadcrumb\"},\"inLanguage\":\"de\",\"potentialAction\":[{\"@type\":\"ReadAction\",\"target\":[\"https:\\\/\\\/strangercam.com\\\/american-random-video-call\\\/\"]}]},{\"@type\":\"BreadcrumbList\",\"@id\":\"https:\\\/\\\/strangercam.com\\\/american-random-video-call\\\/#breadcrumb\",\"itemListElement\":[{\"@type\":\"ListItem\",\"position\":1,\"name\":\"Home\",\"item\":\"https:\\\/\\\/strangercam.com\\\/\"},{\"@type\":\"ListItem\",\"position\":2,\"name\":\"American Random Video Call\"}]},{\"@type\":\"WebSite\",\"@id\":\"https:\\\/\\\/strangercam.com\\\/#website\",\"url\":\"https:\\\/\\\/strangercam.com\\\/\",\"name\":\"Strangercam\",\"description\":\"Random Video Chat with Strangers\",\"publisher\":{\"@id\":\"https:\\\/\\\/strangercam.com\\\/#organization\"},\"alternateName\":\"Strangercam.com\",\"potentialAction\":[{\"@type\":\"SearchAction\",\"target\":{\"@type\":\"EntryPoint\",\"urlTemplate\":\"https:\\\/\\\/strangercam.com\\\/?s={search_term_string}\"},\"query-input\":{\"@type\":\"PropertyValueSpecification\",\"valueRequired\":true,\"valueName\":\"search_term_string\"}}],\"inLanguage\":\"de\"},{\"@type\":\"Organization\",\"@id\":\"https:\\\/\\\/strangercam.com\\\/#organization\",\"name\":\"Strangercam\",\"alternateName\":\"Strangercam.com\",\"url\":\"https:\\\/\\\/strangercam.com\\\/\",\"logo\":{\"@type\":\"ImageObject\",\"inLanguage\":\"de\",\"@id\":\"https:\\\/\\\/strangercam.com\\\/#\\\/schema\\\/logo\\\/image\\\/\",\"url\":\"https:\\\/\\\/strangercam.com\\\/wp-content\\\/uploads\\\/2020\\\/11\\\/cropped-new-favicon-black.png\",\"contentUrl\":\"https:\\\/\\\/strangercam.com\\\/wp-content\\\/uploads\\\/2020\\\/11\\\/cropped-new-favicon-black.png\",\"width\":512,\"height\":512,\"caption\":\"Strangercam\"},\"image\":{\"@id\":\"https:\\\/\\\/strangercam.com\\\/#\\\/schema\\\/logo\\\/image\\\/\"},\"sameAs\":[\"https:\\\/\\\/www.facebook.com\\\/strangercam\",\"https:\\\/\\\/x.com\\\/strangercamapp\"]}]}<\/script>\n<!-- \/ Yoast SEO plugin. -->","yoast_head_json":{"title":"Amerikanischer Zufalls-Videoanruf mit Video-Chat auf Strangercam.com","description":"M\u00f6gen Sie American Random Video Call? Join Millionen auf StrangerCam.com! Starten Sie einen zuf\u00e4lligen Video-Chat, schalten Sie Ihre Cam ein und treffen Sie sofort Fremde.","robots":{"index":"index","follow":"follow","max-snippet":"max-snippet:-1","max-image-preview":"max-image-preview:large","max-video-preview":"max-video-preview:-1"},"canonical":"https:\/\/strangercam.com\/de\/amerikanischer-zufalls-videoanruf\/","og_locale":"de_DE","og_type":"article","og_title":"American Random Video Call with Video Chat on Strangercam.com","og_description":"Liking American Random Video Call? Join millions on StrangerCam.com! Start a random video chat, turn on your cam, and meet strangers instantly.","og_url":"https:\/\/strangercam.com\/de\/amerikanischer-zufalls-videoanruf\/","og_site_name":"Strangercam","article_publisher":"https:\/\/www.facebook.com\/strangercam","article_modified_time":"2025-09-29T10:07:57+00:00","og_image":[{"width":800,"height":532,"url":"https:\/\/strangercam.com\/wp-content\/uploads\/2021\/10\/Untitled-2.png","type":"image\/png"}],"twitter_card":"summary_large_image","twitter_site":"@strangercamapp","twitter_misc":{"Gesch\u00e4tzte Lesezeit":"4\u00a0Minuten"},"schema":{"@context":"https:\/\/schema.org","@graph":[{"@type":"WebPage","@id":"https:\/\/strangercam.com\/american-random-video-call\/","url":"https:\/\/strangercam.com\/american-random-video-call\/","name":"Amerikanischer Zufalls-Videoanruf mit Video-Chat auf Strangercam.com","isPartOf":{"@id":"https:\/\/strangercam.com\/#website"},"datePublished":"2025-09-29T08:09:11+00:00","dateModified":"2025-09-29T10:07:57+00:00","description":"M\u00f6gen Sie American Random Video Call? Join Millionen auf StrangerCam.com! Starten Sie einen zuf\u00e4lligen Video-Chat, schalten Sie Ihre Cam ein und treffen Sie sofort Fremde.","breadcrumb":{"@id":"https:\/\/strangercam.com\/american-random-video-call\/#breadcrumb"},"inLanguage":"de","potentialAction":[{"@type":"ReadAction","target":["https:\/\/strangercam.com\/american-random-video-call\/"]}]},{"@type":"BreadcrumbList","@id":"https:\/\/strangercam.com\/american-random-video-call\/#breadcrumb","itemListElement":[{"@type":"ListItem","position":1,"name":"Home","item":"https:\/\/strangercam.com\/"},{"@type":"ListItem","position":2,"name":"American Random Video Call"}]},{"@type":"WebSite","@id":"https:\/\/strangercam.com\/#website","url":"https:\/\/strangercam.com\/","name":"Strangercam","description":"Zuf\u00e4lliger Video-Chat mit Fremden","publisher":{"@id":"https:\/\/strangercam.com\/#organization"},"alternateName":"Strangercam.com","potentialAction":[{"@type":"SearchAction","target":{"@type":"EntryPoint","urlTemplate":"https:\/\/strangercam.com\/?s={search_term_string}"},"query-input":{"@type":"PropertyValueSpecification","valueRequired":true,"valueName":"search_term_string"}}],"inLanguage":"de"},{"@type":"Organization","@id":"https:\/\/strangercam.com\/#organization","name":"Strangercam","alternateName":"Strangercam.com","url":"https:\/\/strangercam.com\/","logo":{"@type":"ImageObject","inLanguage":"de","@id":"https:\/\/strangercam.com\/#\/schema\/logo\/image\/","url":"https:\/\/strangercam.com\/wp-content\/uploads\/2020\/11\/cropped-new-favicon-black.png","contentUrl":"https:\/\/strangercam.com\/wp-content\/uploads\/2020\/11\/cropped-new-favicon-black.png","width":512,"height":512,"caption":"Strangercam"},"image":{"@id":"https:\/\/strangercam.com\/#\/schema\/logo\/image\/"},"sameAs":["https:\/\/www.facebook.com\/strangercam","https:\/\/x.com\/strangercamapp"]}]}},"_links":{"self":[{"href":"https:\/\/strangercam.com\/de\/wp-json\/wp\/v2\/pages\/12254","targetHints":{"allow":["GET"]}}],"collection":[{"href":"https:\/\/strangercam.com\/de\/wp-json\/wp\/v2\/pages"}],"about":[{"href":"https:\/\/strangercam.com\/de\/wp-json\/wp\/v2\/types\/page"}],"author":[{"embeddable":true,"href":"https:\/\/strangercam.com\/de\/wp-json\/wp\/v2\/users\/8"}],"replies":[{"embeddable":true,"href":"https:\/\/strangercam.com\/de\/wp-json\/wp\/v2\/comments?post=12254"}],"version-history":[{"count":2,"href":"https:\/\/strangercam.com\/de\/wp-json\/wp\/v2\/pages\/12254\/revisions"}],"predecessor-version":[{"id":13051,"href":"https:\/\/strangercam.com\/de\/wp-json\/wp\/v2\/pages\/12254\/revisions\/13051"}],"wp:attachment":[{"href":"https:\/\/strangercam.com\/de\/wp-json\/wp\/v2\/media?parent=12254"}],"curies":[{"name":"wp","href":"https:\/\/api.w.org\/{rel}","templated":true}]}}