{"id":11954,"date":"2025-07-24T09:21:22","date_gmt":"2025-07-24T07:21:22","guid":{"rendered":"https:\/\/strangercam.com\/?page_id=11954"},"modified":"2025-07-24T09:26:04","modified_gmt":"2025-07-24T07:26:04","slug":"luckycrush","status":"publish","type":"page","link":"https:\/\/strangercam.com\/de\/luckycrush\/","title":{"rendered":"LuckyCrush"},"content":{"rendered":"<p>In einer Welt des endlosen Wischens und der oberfl\u00e4chlichen Textchats bringen Plattformen wie LuckyCrush das Online-Dating und den zuf\u00e4lligen Video-Chat auf den Kopf, indem sie sich auf Live-Kontakte mit Fremden des anderen Geschlechts konzentrieren. LuckyCrush ist nicht nur eine weitere <a href=\"https:\/\/strangercam.com\/de\/bazoocam\/\">Nocken<\/a> Es handelt sich um eine einzigartige, spielerische Plattform, die M\u00e4nner und Frauen (und umgekehrt) aus der ganzen Welt f\u00fcr sofortige, private Videogespr\u00e4che zusammenbringt, bei denen die Grenzen zwischen Speed-Dating und Flirt-Cam verschwimmen. <a href=\"https:\/\/strangercam.com\/de\/chatroulette\/\">roulette<\/a>.<\/p>\n<p>Aber ist LuckyCrush das einzig Wahre? Wie funktioniert es, f\u00fcr wen ist es geeignet, und ist es Ihre Zeit und Ihr Geld wert? In diesem ausf\u00fchrlichen Bericht erfahren Sie alles, was Sie \u00fcber LuckyCrush im Jahr 2025 wissen m\u00fcssen: Funktionen, Nutzerzahlen, Preise, Sicherheit und wie es sich von der wachsenden Zahl von Video-Chat-Seiten abhebt.<\/p>\n<h2>Was ist LuckyCrush?<\/h2>\n<p>LuckyCrush ist eine innovative Zufalls-Videochat-Website, die M\u00e4nner und Frauen in privaten Live-Videogespr\u00e4chen zusammenbringt. Im Gegensatz zu den meisten Zufalls-Chat-Plattformen, die jeden mit jedem zusammenbringen, verbindet LuckyCrush nur M\u00e4nner mit Frauen und Frauen mit M\u00e4nnern und schafft so eine Umgebung, die zu gleichen Teilen aus Flirten, Dating und Spa\u00df besteht.<\/p>\n<p>Die Plattform ist browserbasiert, funktioniert weltweit und verspricht sofortigen Zugang - keine langwierige Anmeldung, kein Swipen und keine Profile, die ausgef\u00fcllt werden m\u00fcssen. Egal, ob Sie auf der Suche nach einem schnellen Flirt, einem neuen Freund oder sogar einer digitalen Romanze sind, LuckyCrush bietet eine moderne Variante des Speed-Datings mit Echtzeit-Video.<\/p>\n<h2>Was ist der Zweck von LuckyCrush?<\/h2>\n<p>LuckyCrush wurde gegr\u00fcndet, um zwei gro\u00dfe L\u00fccken in der Online-Chat- und Dating-Welt zu schlie\u00dfen:<\/p>\n<ul>\n<li>Das Fehlen eines echten M\u00e4nner-Frauen-Matchings auf den meisten Zufalls-Chat-Seiten<\/li>\n<li>Die Nachfrage nach spontanen, ungeschriebenen und pers\u00f6nlichen Videointeraktionen<\/li>\n<\/ul>\n<p>Seine Mission ist es, schnell und m\u00fchelos Singles auf der ganzen Welt zu treffen und mit ihnen zu flirten, in einem Format, das sich wie eine Mischung aus Speed-Dating und dem urspr\u00fcnglichen Chat-Roulette anf\u00fchlt - aber auf Menschen zugeschnitten ist, die nach Chemie suchen, nicht nur nach einer lockeren Unterhaltung.<\/p>\n<p>Egal, ob Sie Spa\u00df haben, flirten, eine andere Sprache \u00fcben oder neue Kontakte aus anderen Kulturen kn\u00fcpfen wollen, LuckyCrush macht es in Sekundenschnelle m\u00f6glich.<\/p>\n<h2>Wesentliche Merkmale<\/h2>\n<p>1. Eins-zu-eins-Videochat, immer Mann-Frau<br \/>\nDas Hauptmerkmal von LuckyCrush ist sein Algorithmus zur Geschlechterzuordnung: M\u00e4nner werden immer mit Frauen zusammengebracht und umgekehrt. Dies ist einzigartig unter <a href=\"https:\/\/strangercam.com\/de\/cam-zu-cam-chat\/\">Cam-Chat<\/a> Plattformen und tr\u00e4gt zur Aufrechterhaltung von Gleichgewicht und Engagement bei.<\/p>\n<p>2. Sofortiges Matching, keine Registrierung erforderlich<br \/>\nNachdem Sie Ihr Geschlecht ausgew\u00e4hlt haben, k\u00f6nnen Sie sofort mit dem Chatten beginnen. Der Vorgang ist sofort und anonym - keine langwierige Anmeldung oder \u00dcberpr\u00fcfung erforderlich.<\/p>\n<p>3. Schnelles \u00dcberspringen und zuf\u00e4llige Paarbildung<br \/>\nWenn Sie mit Ihrem Spiel nicht zufrieden sind, klicken Sie einfach auf \"Weiter\", um eine neue Verbindung herzustellen. Es gibt keine Strafe f\u00fcr das \u00dcberspringen und kein Warten in Warteschlangen.<\/p>\n<p>4. Globale Reichweite<br \/>\nLuckyCrush ist wirklich international und verbindet Menschen aus \u00fcber 100 L\u00e4ndern. Das macht es zu einem gro\u00dfartigen Ort f\u00fcr kultur\u00fcbergreifende Gespr\u00e4che, Sprachaustausch oder einfach nur um zu sehen, wie das Dating in anderen Teilen der Welt ist.<\/p>\n<p>5. Eingebauter Text-Chat<br \/>\nNeben Videos k\u00f6nnen Sie im Chat-Fenster auch Textnachrichten versenden. Dies ist n\u00fctzlich, um das Eis zu brechen, Links zu teilen oder in einer anderen Sprache zu kommunizieren.<\/p>\n<p>6. Anonymit\u00e4t und Datenschutz<br \/>\nSie m\u00fcssen niemals Ihren echten Namen, Ihre E-Mail-Adresse oder pers\u00f6nliche Daten angeben. Nur Ihre Webcam wird ben\u00f6tigt, und Sie bleiben anonym, bis Sie sich entscheiden, mehr zu teilen.<\/p>\n<p>7. Kostenpflichtige und kostenlose Optionen<br \/>\nNeue Nutzer erhalten kostenlose Testminuten, um die Plattform auszuprobieren. Danach m\u00fcssen f\u00fcr das weitere Chatten Guthaben oder Minuten gekauft werden, sodass LuckyCrush nach der ersten Testphase ein minutenabh\u00e4ngiger Dienst ist.<\/p>\n<h2>Ist LuckyCrush kostenlos?<\/h2>\n<p>LuckyCrush kann kostenlos ausprobiert werden - alle neuen Nutzer erhalten einige Minuten kostenlose Chat-Zeit, um die Plattform kennenzulernen. Um jedoch nach der Testphase weiter zu chatten, m\u00fcssen die Nutzer Guthaben kaufen, das sie w\u00e4hrend der Video-Chats minutenweise ausgeben.<\/p>\n<p>Das Preismodell der Plattform garantiert echte Nutzer und schreckt Bots, Spam und Trolling ab. Bezahlte Funktionen umfassen:<\/p>\n<ul>\n<li>Fortsetzung des Videochats nach der Probezeit<\/li>\n<li>Uneingeschr\u00e4nkter Zugang zu neuen Spielen<\/li>\n<li>Abgleich mit h\u00f6herer Priorit\u00e4t<\/li>\n<\/ul>\n<p>Die Preise sind f\u00fcr die Branche wettbewerbsf\u00e4hig und werden auf der Website deutlich angegeben. Oft gibt es Bonuspakete und saisonale Angebote f\u00fcr zus\u00e4tzlichen Nutzen.<\/p>\n<h2>Wer benutzt LuckyCrush?<\/h2>\n<p>LuckyCrush hat schnell einen vielf\u00e4ltigen, internationalen Nutzerstamm aufgebaut, zu dem auch andere Unternehmen geh\u00f6ren:<\/p>\n<ul>\n<li>M\u00e4nner und Frauen im Alter von 18-40 Jahren (die meisten sind zwischen 18 und 35)<\/li>\n<li>Nutzer aus Nordamerika, Europa, S\u00fcdamerika, Indien, der T\u00fcrkei, S\u00fcdostasien und anderen L\u00e4ndern<\/li>\n<li>Menschen, die lustige, flirtende oder sogar romantische Videobegegnungen suchen<\/li>\n<li>Sprachsch\u00fcler, Reisende und Neugierige, die andere Kulturen kennenlernen m\u00f6chten<\/li>\n<\/ul>\n<p>LuckyCrush ist besonders attraktiv f\u00fcr Singles, Expats und Menschen, die nach einer Erfahrung suchen, die Speed-Dating und den Nervenkitzel zuf\u00e4lliger Live-Interaktionen miteinander verbindet. Da M\u00e4nner und Frauen immer zusammen sind, ist das Geschlechterverh\u00e4ltnis ausgeglichener als bei den meisten Zufalls-Cam-Seiten.<\/p>\n<h2>Sicherheit, Datenschutz und Moderation<\/h2>\n<p>LuckyCrush ist so konzipiert, dass es f\u00fcr eine Live-Cam-Plattform so sicher und privat wie m\u00f6glich ist:<\/p>\n<h3>Datenschutz<\/h3>\n<ul>\n<li>Keine Namen, E-Mail-Adressen oder Sozialkonten erforderlich<\/li>\n<li>Zum Chatten ist nur der Zugang zu Webcam und Mikrofon erforderlich.<\/li>\n<li>Es wird kein Profil erstellt, es sei denn, Sie m\u00f6chten \u00dcbereinstimmungen speichern<\/li>\n<\/ul>\n<h3>Moderation<\/h3>\n<ul>\n<li>Berichts- und Sperrwerkzeuge sind jederzeit verf\u00fcgbar<\/li>\n<li>Menschliche Moderation hilft bei der Entfernung von missbr\u00e4uchlichen, spammigen oder gef\u00e4lschten Benutzern<\/li>\n<li>Gemeinschaftsrichtlinien f\u00f6rdern respektvolles Flirten und positives Verhalten<\/li>\n<li>Vor allem weibliche Nutzer profitieren von zus\u00e4tzlichen Sicherheitstools, um Bel\u00e4stigungen zu blockieren oder zu melden<\/li>\n<\/ul>\n<h3>Benutzersteuerung<\/h3>\n<ul>\n<li>Sofortiges \u00dcberspringen oder Beenden eines Chats<\/li>\n<li>Geben Sie so viele oder so wenige pers\u00f6nliche Informationen weiter, wie Sie m\u00f6chten<\/li>\n<li>Kontrolle der Kamera- und Mikrofonberechtigungen zu jeder Zeit<\/li>\n<\/ul>\n<p>LuckyCrush ist nur f\u00fcr Erwachsene (ab 18 Jahren), und es wird empfohlen, keine sensiblen Informationen weiterzugeben oder zu anderen Plattformen zu wechseln, solange man sich dort nicht wohl f\u00fchlt.<\/p>\n<h2>Benutzererfahrung und Design<\/h2>\n<p>LuckyCrush ist eine der ausgefeiltesten und benutzerfreundlichsten Zufalls-Video-Chat-Seiten:<\/p>\n<ul>\n<li>Die Homepage ist mit einer \u00fcbersichtlichen Starttaste und einer Geschlechterauswahl ausgestattet<\/li>\n<li>Video-Chat-Fenster sind gro\u00df und reaktionsschnell und funktionieren sowohl auf Desktop- als auch auf mobilen Browsern<\/li>\n<li>Die Steuerelemente zum \u00dcberspringen, Stummschalten, Melden und Beenden von Chats sind intuitiv und leicht zu finden<\/li>\n<li>Minimale Ladezeiten und nahezu sofortiger Abgleich zwischen den Nutzern<\/li>\n<li>Einfaches, \u00fcbersichtliches Layout mit klaren Preisinformationen und Hilfsressourcen<\/li>\n<\/ul>\n<p>Die Website ist f\u00fcr Geschwindigkeit und Datenschutz optimiert, ohne l\u00e4stige Werbung oder Pop-ups, die Sie ausbremsen.<\/p>\n<h2>LuckyCrush im Vergleich zu anderen Video-Chat-Seiten<\/h2>\n<p>Wie schneidet LuckyCrush im Vergleich zu anderen Top-Cam-Chat- und Zufallsvideodating-Seiten ab?<\/p>\n<table>\n<thead>\n<tr>\n<th>Merkmal<\/th>\n<th>LuckyCrush<\/th>\n<th><a href=\"https:\/\/strangercam.com\/de\/omegle\/\">Omegle<\/a> (geschlossen)<\/th>\n<th>Chatrandom<\/th>\n<th><a href=\"https:\/\/strangercam.com\/de\/coomeet\/\">CooMeet<\/a><\/th>\n<th>Chatspin<\/th>\n<\/tr>\n<\/thead>\n<tbody>\n<tr>\n<td>Gender Matching<\/td>\n<td>Ja<\/td>\n<td>Nein<\/td>\n<td>Nein<\/td>\n<td>Ja<\/td>\n<td>Ja<\/td>\n<\/tr>\n<tr>\n<td>Registrierung erforderlich<\/td>\n<td>Nein<\/td>\n<td>Nein<\/td>\n<td>Optional<\/td>\n<td>Ja<\/td>\n<td>Optional<\/td>\n<\/tr>\n<tr>\n<td>Frei zu verwenden<\/td>\n<td>Nur zur Probe<\/td>\n<td>Ja<\/td>\n<td>Ja\/Bezahlt<\/td>\n<td>Nur zur Probe<\/td>\n<td>Ja\/Bezahlt<\/td>\n<\/tr>\n<tr>\n<td>Eins-zu-eins-Videochat<\/td>\n<td>Ja<\/td>\n<td>Ja<\/td>\n<td>Ja<\/td>\n<td>Ja<\/td>\n<td>Ja<\/td>\n<\/tr>\n<tr>\n<td>Internationale Abdeckung<\/td>\n<td>Ja<\/td>\n<td>Ja<\/td>\n<td>Ja<\/td>\n<td>Ja<\/td>\n<td>Ja<\/td>\n<\/tr>\n<tr>\n<td>Bezahlte Upgrades<\/td>\n<td>Ja<\/td>\n<td>Nein<\/td>\n<td>Ja<\/td>\n<td>Ja<\/td>\n<td>Ja<\/td>\n<\/tr>\n<tr>\n<td>Moderations-Tools<\/td>\n<td>Stark<\/td>\n<td>Grundlegend<\/td>\n<td>M\u00e4\u00dfig<\/td>\n<td>Stark<\/td>\n<td>M\u00e4\u00dfig<\/td>\n<\/tr>\n<\/tbody>\n<\/table>\n<p>Zusammenfassung: LuckyCrush hebt sich durch seine m\u00e4nnlich-weiblichen Videomatches, seine Pay-per-Minute-Struktur und sein Premium-Level-Design ab und bietet eine andere Erfahrung als Websites, die einfach jeden mit jedem verbinden.<\/p>\n<h2>Pro und Kontra<\/h2>\n<p>Vorteile:<\/p>\n<ul>\n<li>Video-Chat f\u00fcr M\u00e4nner und Frauen, ideal zum Flirten<\/li>\n<li>Kostenlose Testversion zum Testen der Plattform<\/li>\n<li>Globale Reichweite mit vielf\u00e4ltigen Nutzern<\/li>\n<li>Keine Registrierung oder pers\u00f6nliche Daten erforderlich<\/li>\n<li>Modernes, responsives Design f\u00fcr Desktop und Handy<\/li>\n<li>Starke Sicherheits- und Berichtsfunktionen<\/li>\n<\/ul>\n<p>Nachteile:<\/p>\n<ul>\n<li>F\u00fcr die weitere Nutzung sind kostenpflichtige Credits erforderlich (Pay-per-Minute)<\/li>\n<li>Keine gleichgeschlechtliche Paarung (derzeit nur m\u00e4nnlich-weiblich)<\/li>\n<li>Keine Profile oder Freundeslisten zur Nachverfolgung<\/li>\n<li>Manche Nutzer verlassen Chats schnell oder \u00fcberspringen sie h\u00e4ufig<\/li>\n<li>Sie m\u00fcssen mindestens 18 Jahre alt sein, um teilnehmen zu k\u00f6nnen.<\/li>\n<\/ul>\n<h2>Ideale Anwendungsf\u00e4lle<\/h2>\n<p>LuckyCrush ist perfekt f\u00fcr:<\/p>\n<ul>\n<li>Singles auf der Suche nach sofortigem Video-Speed-Dating oder Flirten<\/li>\n<li>Erwachsene, die Menschen aus anderen Kulturen in Echtzeit kennenlernen m\u00f6chten<\/li>\n<li>Sprachsch\u00fcler und Reisende, die an einem globalen Chat interessiert sind<\/li>\n<li>Nutzer, die Wert auf Privatsph\u00e4re, Spontaneit\u00e4t und direkte menschliche Kontakte legen<\/li>\n<\/ul>\n<p>Es ist weniger ideal f\u00fcr:<\/p>\n<ul>\n<li>Menschen, die einen v\u00f6llig kostenlosen, unbegrenzten Chat suchen<\/li>\n<li>Benutzer, die sich nicht wohl f\u00fchlen, wenn sie gefilmt werden oder vor der Kamera stehen<\/li>\n<li>Diejenigen, die eine langfristige, profilbasierte Partnersuche suchen<\/li>\n<li>Benutzer unter 18 Jahren (nur f\u00fcr Erwachsene)<\/li>\n<\/ul>\n<p>LuckyCrush ist eine Ausnahmeerscheinung in der Nische des zuf\u00e4lligen Videochats und der Partnersuche und bietet eine einzigartige Mischung aus Geschwindigkeit, Privatsph\u00e4re und echten Flirts. Durch die Konzentration auf m\u00e4nnliche und weibliche Paare und die Bereitstellung eines ausgefeilten, sicheren Benutzererlebnisses ist LuckyCrush dort erfolgreich, wo viele generische Cam-Chat-Plattformen versagen.<\/p>\n<p>Mit sofortigem Zugang, globaler Abdeckung und einem fairen Testsystem ist LuckyCrush f\u00fcr jeden, der an schnellen, flirtenden und authentischen Online-Kontakten im Jahr 2025 interessiert ist, absolut einen Versuch wert. Wenn Sie das endlose Swipen satt haben und echte Chemie von Angesicht zu Angesicht erleben wollen, ist dies eine der besten Plattformen, die es derzeit gibt.<\/p>","protected":false},"excerpt":{"rendered":"<p>In a world of endless swiping and shallow text chats, platforms like LuckyCrush are shaking up online dating and random video chat by focusing on live, one-on-one connections with strangers of the opposite sex. LuckyCrush isn\u2019t just another cam chat site\u2014it\u2019s a unique, gamified platform designed to pair men with women (and vice versa) from [&hellip;]<\/p>\n","protected":false},"author":6,"featured_media":0,"parent":0,"menu_order":0,"comment_status":"closed","ping_status":"closed","template":"","meta":{"footnotes":""},"class_list":["post-11954","page","type-page","status-publish","hentry"],"yoast_head":"<!-- This site is optimized with the Yoast SEO plugin v26.9 - https:\/\/yoast.com\/product\/yoast-seo-wordpress\/ -->\n<title>LuckyCrush - Live Video Chat with Random People - StrangerCam<\/title>\n<meta name=\"description\" content=\"Like LuckyCrush? Come chat with more than 5.000.000 strangers on Stranger Cam for Free! Turn on your cam and find new friends &amp; maby a match!\" \/>\n<meta name=\"robots\" content=\"index, follow, max-snippet:-1, max-image-preview:large, max-video-preview:-1\" \/>\n<link rel=\"canonical\" href=\"https:\/\/strangercam.com\/de\/luckycrush\/\" \/>\n<meta property=\"og:locale\" content=\"de_DE\" \/>\n<meta property=\"og:type\" content=\"article\" \/>\n<meta property=\"og:title\" content=\"LuckyCrush - Live Video Chat with Random People - StrangerCam\" \/>\n<meta property=\"og:description\" content=\"Like LuckyCrush? Come chat with more than 5.000.000 strangers on Stranger Cam for Free! Turn on your cam and find new friends &amp; maby a match!\" \/>\n<meta property=\"og:url\" content=\"https:\/\/strangercam.com\/de\/luckycrush\/\" \/>\n<meta property=\"og:site_name\" content=\"Strangercam\" \/>\n<meta property=\"article:publisher\" content=\"https:\/\/www.facebook.com\/strangercam\" \/>\n<meta property=\"article:modified_time\" content=\"2025-07-24T07:26:04+00:00\" \/>\n<meta property=\"og:image\" content=\"https:\/\/strangercam.com\/wp-content\/uploads\/2021\/10\/Untitled-2.png\" \/>\n\t<meta property=\"og:image:width\" content=\"800\" \/>\n\t<meta property=\"og:image:height\" content=\"532\" \/>\n\t<meta property=\"og:image:type\" content=\"image\/png\" \/>\n<meta name=\"twitter:card\" content=\"summary_large_image\" \/>\n<meta name=\"twitter:site\" content=\"@strangercamapp\" \/>\n<meta name=\"twitter:label1\" content=\"Gesch\u00e4tzte Lesezeit\" \/>\n\t<meta name=\"twitter:data1\" content=\"6\u00a0Minuten\" \/>\n<script type=\"application\/ld+json\" class=\"yoast-schema-graph\">{\"@context\":\"https:\/\/schema.org\",\"@graph\":[{\"@type\":\"WebPage\",\"@id\":\"https:\/\/strangercam.com\/luckycrush\/\",\"url\":\"https:\/\/strangercam.com\/luckycrush\/\",\"name\":\"LuckyCrush - Live Video Chat with Random People - StrangerCam\",\"isPartOf\":{\"@id\":\"https:\/\/strangercam.com\/#website\"},\"datePublished\":\"2025-07-24T07:21:22+00:00\",\"dateModified\":\"2025-07-24T07:26:04+00:00\",\"description\":\"Like LuckyCrush? Come chat with more than 5.000.000 strangers on Stranger Cam for Free! Turn on your cam and find new friends & maby a match!\",\"breadcrumb\":{\"@id\":\"https:\/\/strangercam.com\/luckycrush\/#breadcrumb\"},\"inLanguage\":\"de\",\"potentialAction\":[{\"@type\":\"ReadAction\",\"target\":[\"https:\/\/strangercam.com\/luckycrush\/\"]}]},{\"@type\":\"BreadcrumbList\",\"@id\":\"https:\/\/strangercam.com\/luckycrush\/#breadcrumb\",\"itemListElement\":[{\"@type\":\"ListItem\",\"position\":1,\"name\":\"Home\",\"item\":\"https:\/\/strangercam.com\/\"},{\"@type\":\"ListItem\",\"position\":2,\"name\":\"LuckyCrush\"}]},{\"@type\":\"WebSite\",\"@id\":\"https:\/\/strangercam.com\/#website\",\"url\":\"https:\/\/strangercam.com\/\",\"name\":\"Strangercam\",\"description\":\"Random Video Chat with Strangers\",\"publisher\":{\"@id\":\"https:\/\/strangercam.com\/#organization\"},\"alternateName\":\"Strangercam.com\",\"potentialAction\":[{\"@type\":\"SearchAction\",\"target\":{\"@type\":\"EntryPoint\",\"urlTemplate\":\"https:\/\/strangercam.com\/?s={search_term_string}\"},\"query-input\":{\"@type\":\"PropertyValueSpecification\",\"valueRequired\":true,\"valueName\":\"search_term_string\"}}],\"inLanguage\":\"de\"},{\"@type\":\"Organization\",\"@id\":\"https:\/\/strangercam.com\/#organization\",\"name\":\"Strangercam\",\"alternateName\":\"Strangercam.com\",\"url\":\"https:\/\/strangercam.com\/\",\"logo\":{\"@type\":\"ImageObject\",\"inLanguage\":\"de\",\"@id\":\"https:\/\/strangercam.com\/#\/schema\/logo\/image\/\",\"url\":\"https:\/\/strangercam.com\/wp-content\/uploads\/2020\/11\/cropped-new-favicon-black.png\",\"contentUrl\":\"https:\/\/strangercam.com\/wp-content\/uploads\/2020\/11\/cropped-new-favicon-black.png\",\"width\":512,\"height\":512,\"caption\":\"Strangercam\"},\"image\":{\"@id\":\"https:\/\/strangercam.com\/#\/schema\/logo\/image\/\"},\"sameAs\":[\"https:\/\/www.facebook.com\/strangercam\",\"https:\/\/x.com\/strangercamapp\"]}]}<\/script>\n<!-- \/ Yoast SEO plugin. -->","yoast_head_json":{"title":"LuckyCrush - Live-Video-Chat mit zuf\u00e4lligen Personen - StrangerCam","description":"Magst du LuckyCrush? Chatte mit mehr als 5.000.000 Fremden auf Stranger Cam - kostenlos! Schalte deine Kamera ein und finde neue Freunde und vielleicht einen Partner!","robots":{"index":"index","follow":"follow","max-snippet":"max-snippet:-1","max-image-preview":"max-image-preview:large","max-video-preview":"max-video-preview:-1"},"canonical":"https:\/\/strangercam.com\/de\/luckycrush\/","og_locale":"de_DE","og_type":"article","og_title":"LuckyCrush - Live Video Chat with Random People - StrangerCam","og_description":"Like LuckyCrush? Come chat with more than 5.000.000 strangers on Stranger Cam for Free! Turn on your cam and find new friends & maby a match!","og_url":"https:\/\/strangercam.com\/de\/luckycrush\/","og_site_name":"Strangercam","article_publisher":"https:\/\/www.facebook.com\/strangercam","article_modified_time":"2025-07-24T07:26:04+00:00","og_image":[{"width":800,"height":532,"url":"https:\/\/strangercam.com\/wp-content\/uploads\/2021\/10\/Untitled-2.png","type":"image\/png"}],"twitter_card":"summary_large_image","twitter_site":"@strangercamapp","twitter_misc":{"Gesch\u00e4tzte Lesezeit":"6\u00a0Minuten"},"schema":{"@context":"https:\/\/schema.org","@graph":[{"@type":"WebPage","@id":"https:\/\/strangercam.com\/luckycrush\/","url":"https:\/\/strangercam.com\/luckycrush\/","name":"LuckyCrush - Live-Video-Chat mit zuf\u00e4lligen Personen - StrangerCam","isPartOf":{"@id":"https:\/\/strangercam.com\/#website"},"datePublished":"2025-07-24T07:21:22+00:00","dateModified":"2025-07-24T07:26:04+00:00","description":"Magst du LuckyCrush? Chatte mit mehr als 5.000.000 Fremden auf Stranger Cam - kostenlos! Schalte deine Kamera ein und finde neue Freunde und vielleicht einen Partner!","breadcrumb":{"@id":"https:\/\/strangercam.com\/luckycrush\/#breadcrumb"},"inLanguage":"de","potentialAction":[{"@type":"ReadAction","target":["https:\/\/strangercam.com\/luckycrush\/"]}]},{"@type":"BreadcrumbList","@id":"https:\/\/strangercam.com\/luckycrush\/#breadcrumb","itemListElement":[{"@type":"ListItem","position":1,"name":"Home","item":"https:\/\/strangercam.com\/"},{"@type":"ListItem","position":2,"name":"LuckyCrush"}]},{"@type":"WebSite","@id":"https:\/\/strangercam.com\/#website","url":"https:\/\/strangercam.com\/","name":"Strangercam","description":"Zuf\u00e4lliger Video-Chat mit Fremden","publisher":{"@id":"https:\/\/strangercam.com\/#organization"},"alternateName":"Strangercam.com","potentialAction":[{"@type":"SearchAction","target":{"@type":"EntryPoint","urlTemplate":"https:\/\/strangercam.com\/?s={search_term_string}"},"query-input":{"@type":"PropertyValueSpecification","valueRequired":true,"valueName":"search_term_string"}}],"inLanguage":"de"},{"@type":"Organization","@id":"https:\/\/strangercam.com\/#organization","name":"Strangercam","alternateName":"Strangercam.com","url":"https:\/\/strangercam.com\/","logo":{"@type":"ImageObject","inLanguage":"de","@id":"https:\/\/strangercam.com\/#\/schema\/logo\/image\/","url":"https:\/\/strangercam.com\/wp-content\/uploads\/2020\/11\/cropped-new-favicon-black.png","contentUrl":"https:\/\/strangercam.com\/wp-content\/uploads\/2020\/11\/cropped-new-favicon-black.png","width":512,"height":512,"caption":"Strangercam"},"image":{"@id":"https:\/\/strangercam.com\/#\/schema\/logo\/image\/"},"sameAs":["https:\/\/www.facebook.com\/strangercam","https:\/\/x.com\/strangercamapp"]}]}},"_links":{"self":[{"href":"https:\/\/strangercam.com\/de\/wp-json\/wp\/v2\/pages\/11954","targetHints":{"allow":["GET"]}}],"collection":[{"href":"https:\/\/strangercam.com\/de\/wp-json\/wp\/v2\/pages"}],"about":[{"href":"https:\/\/strangercam.com\/de\/wp-json\/wp\/v2\/types\/page"}],"author":[{"embeddable":true,"href":"https:\/\/strangercam.com\/de\/wp-json\/wp\/v2\/users\/6"}],"replies":[{"embeddable":true,"href":"https:\/\/strangercam.com\/de\/wp-json\/wp\/v2\/comments?post=11954"}],"version-history":[{"count":1,"href":"https:\/\/strangercam.com\/de\/wp-json\/wp\/v2\/pages\/11954\/revisions"}],"predecessor-version":[{"id":12919,"href":"https:\/\/strangercam.com\/de\/wp-json\/wp\/v2\/pages\/11954\/revisions\/12919"}],"wp:attachment":[{"href":"https:\/\/strangercam.com\/de\/wp-json\/wp\/v2\/media?parent=11954"}],"curies":[{"name":"wp","href":"https:\/\/api.w.org\/{rel}","templated":true}]}}