{"id":11922,"date":"2023-10-23T10:00:20","date_gmt":"2023-10-23T08:00:20","guid":{"rendered":"https:\/\/strangercam.com\/?page_id=11922"},"modified":"2023-10-23T12:31:54","modified_gmt":"2023-10-23T10:31:54","slug":"strangermeetup","status":"publish","type":"page","link":"https:\/\/strangercam.com\/de\/strangermeetup\/","title":{"rendered":"StrangerMeetup"},"content":{"rendered":"<p>StrangerMeetup hat sich in der \u00fcberf\u00fcllten Welt der Online <a href=\"https:\/\/strangercam.com\/de\/chatroulette\/\">Chat<\/a> Plattformen als beliebte Wahl f\u00fcr diejenigen, die anonyme Gespr\u00e4che f\u00fchren m\u00f6chten. Im Gegensatz zu vielen Social-Media-Plattformen, auf denen pers\u00f6nliche Profile, Geschichten und Bilder dominieren, bietet StrangerMeetup eine neue Perspektive. Hier liegt der Schwerpunkt auf der Interaktion in Echtzeit ohne den Ballast der Identit\u00e4t, was die Plattform zu einem attraktiven <a href=\"https:\/\/strangercam.com\/de\/mocospace\/\">Raum<\/a> f\u00fcr diejenigen, die Wert auf ihre Privatsph\u00e4re legen oder einfach eine Pause von der \u00fcblichen Online-Dynamik w\u00fcnschen.<\/p>\n<p>Im Kern ist die Plattform darauf ausgelegt, echte Verbindungen zwischen Menschen mit unterschiedlichem Hintergrund zu erm\u00f6glichen. Die benutzerfreundliche Oberfl\u00e4che und der Fokus auf Anonymit\u00e4t bedeuten, dass die Teilnehmer ohne die \u00c4ngste, die oft mit digitalen Interaktionen verbunden sind, in Gespr\u00e4che eintauchen k\u00f6nnen. Die Anziehungskraft liegt auf der Hand: eine Gelegenheit, den Horizont zu erweitern, von anderen zu lernen oder einfach nur einen zwanglosen Chat zu genie\u00dfen, und das alles im beruhigenden Mantel der Anonymit\u00e4t.<\/p>\n<p>Doch wie alle Plattformen hat auch StrangerMeetup seine T\u00fccken und Besonderheiten. F\u00fcr diejenigen, die neu auf der Plattform sind oder in Erw\u00e4gung ziehen, sie auszuprobieren, ist es wichtig, ihre Nuancen, Vorteile und m\u00f6glichen Nachteile zu verstehen. Das digitale Zeitalter hat zahllose M\u00f6glichkeiten der Kommunikation hervorgebracht, und StrangerMeetup mit seiner Mischung aus Einfachheit und Anonymit\u00e4t hat sich mit Sicherheit durchgesetzt.<\/p>\n<h2>Was ist StrangerMeetup?<\/h2>\n<p>StrangerMeetup ist eine Online-Chat-Plattform, die Nutzern die M\u00f6glichkeit bietet, sich anonym mit Personen aus verschiedenen Teilen der Welt zu unterhalten. Im Gegensatz zu herk\u00f6mmlichen Social-Media-Plattformen, bei denen pers\u00f6nliche Details, Fotos und Geschichten oft im Vordergrund stehen, dreht sich bei StrangerMeetup alles um Echtzeit-Interaktionen ohne pers\u00f6nliche Identit\u00e4tsmarker. Diese Betonung der Anonymit\u00e4t macht es zu einer einzigartigen digitalen Umgebung, die es den Nutzern erm\u00f6glicht, ohne die konventionellen Barrieren oder Bef\u00fcrchtungen zu kommunizieren, die mit ihren realen Pers\u00f6nlichkeiten verbunden sind.<\/p>\n<p>Das Design der Plattform beg\u00fcnstigt spontane und echte Verbindungen. Dank der benutzerfreundlichen Oberfl\u00e4che k\u00f6nnen die Teilnehmer unabh\u00e4ngig von ihren technischen F\u00e4higkeiten m\u00fchelos Gespr\u00e4che initiieren und aufrechterhalten. Dadurch wird sichergestellt, dass der Schwerpunkt auf dem Austausch von Ideen, Geschichten oder zwanglosen Gespr\u00e4chen liegt, was eine reiche Palette an Interaktionen erm\u00f6glicht, die sowohl aufschlussreich als auch unterhaltsam sein k\u00f6nnen.<\/p>\n<p>Im Grunde ist StrangerMeetup ein modernes digitales Rendezvous, bei dem der Nervenkitzel, jemanden Neues kennenzulernen, mit der Sicherheit und Privatsph\u00e4re einer Online-Umgebung kombiniert wird. Ob auf der Suche nach neuen Freundschaften, zwanglosen Chats oder einem Einblick in andere Perspektiven, die Nutzer str\u00f6men zu StrangerMeetup wegen der einzigartigen Mischung aus Anonymit\u00e4t und echter menschlicher Verbindung.<\/p>\n<h2>Merkmale von StrangerMeetup<\/h2>\n<p>StrangerMeetup, mit seiner eindeutigen Position im Bereich der Online-Chat-Plattformen, bietet eine Vielzahl von Funktionen, die es von seinen Mitbewerbern unterscheiden. Diese Funktionen wurden sorgf\u00e4ltig entwickelt, um die Benutzererfahrung zu verbessern und gleichzeitig Anonymit\u00e4t und Benutzerfreundlichkeit in den Vordergrund zu stellen.<\/p>\n<ol>\n<li><strong>Benutzeranonymit\u00e4t:<\/strong> Das Herzst\u00fcck von StrangerMeetup ist seine Verpflichtung zur Anonymit\u00e4t der Nutzer. Im Gegensatz zu vielen anderen Plattformen ist es nicht erforderlich, dass die Nutzer pers\u00f6nliche Daten oder Fotos angeben. Dadurch wird sichergestellt, dass die Gespr\u00e4che privat bleiben und die Identit\u00e4ten gesch\u00fctzt werden.<\/li>\n<li><strong>Chat in Echtzeit:<\/strong> Die Plattform verf\u00fcgt \u00fcber ein nahtloses Echtzeit-Chat-System. Die Nutzer k\u00f6nnen ohne Verz\u00f6gerungen in Gespr\u00e4che eintauchen, so dass ein reibungsloser und sofortiger Diskussionsfluss gew\u00e4hrleistet ist.<\/li>\n<li><strong>Globale Nutzerbasis:<\/strong> StrangerMeetup bietet die M\u00f6glichkeit, mit Menschen aus der ganzen Welt in Kontakt zu treten. Diese internationale Reichweite erm\u00f6glicht es den Nutzern, Einblicke in andere Kulturen, Traditionen und Perspektiven zu gewinnen.<\/li>\n<li><strong>Benutzerfreundliche Schnittstelle:<\/strong> Das Design von StrangerMeetup ist intuitiv, so dass sich auch technisch weniger versierte Personen problemlos auf der Plattform zurechtfinden und diese nutzen k\u00f6nnen.<\/li>\n<li><strong>Sicherheitsma\u00dfnahmen:<\/strong> Die Plattform hat mehrere Sicherheitsfunktionen eingef\u00fchrt. Nutzer k\u00f6nnen andere, die unangemessenes Verhalten zeigen, melden oder blockieren, um sicherzustellen, dass die Chatumgebung respektvoll und sicher bleibt.<\/li>\n<li><strong>Private Chat-R\u00e4ume:<\/strong> Neben zuf\u00e4lligen Chat-Paarungen bietet StrangerMeetup auch private Chatr\u00e4ume. Diese Funktion erm\u00f6glicht es den Nutzern, konzentriertere Diskussionen ohne Unterbrechungen zu f\u00fchren.<\/li>\n<li><strong>Mobile Kompatibilit\u00e4t:<\/strong> Da StrangerMeetup die Bedeutung der Erreichbarkeit von unterwegs erkannt hat, ist es mit mobilen Ger\u00e4ten kompatibel, so dass die Benutzer jederzeit und \u00fcberall chatten k\u00f6nnen.<\/li>\n<\/ol>\n<table>\n<thead>\n<tr>\n<th>Merkmal<\/th>\n<th>Beschreibung<\/th>\n<\/tr>\n<\/thead>\n<tbody>\n<tr>\n<td>Benutzeranonymit\u00e4t<\/td>\n<td>Pers\u00f6nliche Daten oder Fotos sind nicht erforderlich; private Unterhaltungen und gesch\u00fctzte Identit\u00e4ten sind gew\u00e4hrleistet.<\/td>\n<\/tr>\n<tr>\n<td>Chat in Echtzeit<\/td>\n<td>Nahtloses und sofortiges Chat-System f\u00fcr reibungslose Diskussionen.<\/td>\n<\/tr>\n<tr>\n<td>Globale Benutzerbasis<\/td>\n<td>Kn\u00fcpfen Sie Kontakte zu Menschen mit unterschiedlichem Hintergrund und aus verschiedenen Kulturen.<\/td>\n<\/tr>\n<tr>\n<td>Benutzerfreundliche Schnittstelle<\/td>\n<td>Intuitives Design f\u00fcr einfache Navigation und Nutzung.<\/td>\n<\/tr>\n<tr>\n<td>Sicherheitsma\u00dfnahmen<\/td>\n<td>Optionen zum Melden oder Blockieren von unangemessenem Verhalten, um eine sichere Chatumgebung zu gew\u00e4hrleisten.<\/td>\n<\/tr>\n<tr>\n<td>Private Chat-R\u00e4ume<\/td>\n<td>F\u00fchren Sie gezielte Diskussionen in privaten Chatr\u00e4umen.<\/td>\n<\/tr>\n<tr>\n<td>Mobile Kompatibilit\u00e4t<\/td>\n<td>Chatten Sie unterwegs mit Kompatibilit\u00e4t auf verschiedenen mobilen Ger\u00e4ten.<\/td>\n<\/tr>\n<\/tbody>\n<\/table>\n<h2>Tipps zur sicheren Verwendung von StrangerMeetup<\/h2>\n<p>Das Navigieren in der digitalen Landschaft von Online-Chat-Plattformen wie StrangerMeetup erfordert sowohl Neugierde als auch Vorsicht. Die Plattform legt zwar gro\u00dfen Wert auf Anonymit\u00e4t und bietet Funktionen zur Verbesserung der Benutzersicherheit, aber jeder Einzelne muss auch pers\u00f6nliche Ma\u00dfnahmen ergreifen, um seine eigene Sicherheit und sein Wohlbefinden zu gew\u00e4hrleisten. Hier sind einige Tipps, die Sie bei der sicheren Nutzung von StrangerMeetup beachten sollten:<\/p>\n<ol>\n<li><strong>Pers\u00f6nliche Informationen sch\u00fctzen:<\/strong> Die Verlockung der Anonymit\u00e4t kann manchmal dazu f\u00fchren, dass die Wachsamkeit nachl\u00e4sst. Es ist wichtig, vorsichtig zu sein und keine pers\u00f6nlichen Daten wie echte Namen, Adressen, Telefonnummern oder finanzielle Informationen preiszugeben.<\/li>\n<li><strong>Verwenden Sie einen eindeutigen Benutzernamen:<\/strong> W\u00e4hlen Sie einen Benutzernamen, den Sie auf anderen Plattformen noch nicht verwendet haben. Dadurch wird es f\u00fcr jemanden schwieriger, Ihre Online-Aktivit\u00e4ten nachzuverfolgen oder Ihre StrangerMeetup-Identit\u00e4t mit anderen Online-Profilen zu verkn\u00fcpfen.<\/li>\n<li><strong>Vertrauen Sie auf Ihre Instinkte:<\/strong> Wenn Ihnen eine Unterhaltung unangenehm ist oder das Verhalten einer Person verd\u00e4chtig erscheint, sollten Sie Ihrem Instinkt vertrauen. Es ist immer in Ordnung, einen Chat zu beenden oder einen Nutzer zu blockieren, wenn Sie sich unwohl f\u00fchlen.<\/li>\n<li><strong>Verwenden Sie die Berichtsfunktion:<\/strong> Sollten Sie unangemessenes Verhalten feststellen, nutzen Sie die Meldefunktion der Plattform. Dies hilft nicht nur Ihnen, sondern auch der Community, indem Sie auf m\u00f6gliche Probleme hinweisen.<\/li>\n<li><strong>Vermeiden Sie es, auf unbekannte Links zu klicken:<\/strong> In Chatrooms werden manchmal b\u00f6sartige Links verbreitet. Es ist ratsam, nicht auf Links von Fremden zu klicken, da sie zu sch\u00e4dlichen Websites f\u00fchren oder Malware auf Ihr Ger\u00e4t herunterladen k\u00f6nnten.<\/li>\n<li><strong>Begegnungen im wirklichen Leben:<\/strong> Sollten Sie sich aus irgendeinem Grund dazu entschlie\u00dfen <a href=\"https:\/\/strangercam.com\/de\/coomeet\/\">treffen<\/a> Wenn Sie jemanden von StrangerMeetup im echten Leben treffen m\u00f6chten, w\u00e4hlen Sie immer einen \u00f6ffentlichen Ort, informieren Sie eine Person Ihres Vertrauens \u00fcber das Treffen und sorgen Sie zuerst f\u00fcr Ihre eigene Sicherheit.<\/li>\n<li><strong>Bilden Sie sich selbst:<\/strong> Machen Sie sich mit den Richtlinien und Sicherheitsma\u00dfnahmen von StrangerMeetup vertraut. Je mehr Sie \u00fcber die Richtlinien der Plattform wissen, desto besser sind Sie ger\u00fcstet, um sicher zu navigieren.<\/li>\n<li><strong>Bleiben Sie auf dem Laufenden:<\/strong> Stellen Sie sicher, dass Sie immer die neueste Version von StrangerMeetup verwenden, wenn Sie eine mobile oder Desktop-Anwendung verwenden. Updates enthalten oft Sicherheitsverbesserungen.<\/li>\n<\/ol>\n<p>W\u00e4hrend StrangerMeetup einen einzigartigen Raum f\u00fcr anonyme Gespr\u00e4che bietet, ist es f\u00fcr die Nutzer wichtig, die Sicherheitsfunktionen der Plattform mit pers\u00f6nlicher Wachsamkeit zu kombinieren. Das Gleichgewicht zwischen dem Nervenkitzel, neue Leute zu treffen, und dem Bewusstsein f\u00fcr digitale Sicherheit sorgt f\u00fcr eine positive und sichere Erfahrung.<\/p>\n<h2>Schlussfolgerung<\/h2>\n<p>StrangerMeetup ist ein bemerkenswertes Zeugnis f\u00fcr die sich entwickelnde Natur der menschlichen Interaktion im digitalen Zeitalter. Bietet eine <a href=\"https:\/\/strangercam.com\/de\/chat-avenue\/\">avenue<\/a> f\u00fcr anonyme Chats in Echtzeit \u00fcberbr\u00fcckt sie die Kluft zwischen Kulturen, Ideologien und pers\u00f6nlichen Erfahrungen aus aller Welt. Doch wie bei allen digitalen Plattformen besteht auch hier die doppelte Herausforderung, die Sicherheit zu gew\u00e4hrleisten und gleichzeitig das Wesen des Internets zu bewahren. <a href=\"https:\/\/strangercam.com\/de\/chat4free\/\">kostenlos<\/a> Kommunikation. Durch die Verkn\u00fcpfung der Sicherheitsfunktionen der Plattform mit pers\u00f6nlichen Vorsichtsma\u00dfnahmen k\u00f6nnen die Nutzer eine Welt der vielf\u00e4ltigen Interaktionen erschlie\u00dfen und so Verbindungen und Verst\u00e4ndnis in einer ansonsten fragmentierten digitalen Welt f\u00f6rdern. Zusammenfassend l\u00e4sst sich sagen, dass StrangerMeetup nicht nur die Vernetzung unserer globalisierten Welt widerspiegelt, sondern auch die st\u00e4ndige Notwendigkeit der Wachsamkeit im weiten Feld der Online-Interaktionen unterstreicht.<\/p>","protected":false},"excerpt":{"rendered":"<p>StrangerMeetup has positioned itself in the crowded realm of online chat platforms as a popular choice for those looking to engage in anonymous conversations. Unlike many social media platforms where personal profiles, histories, and pictures dominate, StrangerMeetup offers a fresh perspective. Here, the emphasis is on real-time interaction without the baggage of identity, making it [&hellip;]<\/p>\n","protected":false},"author":6,"featured_media":559,"parent":0,"menu_order":0,"comment_status":"closed","ping_status":"closed","template":"","meta":{"footnotes":""},"class_list":["post-11922","page","type-page","status-publish","has-post-thumbnail","hentry"],"yoast_head":"<!-- This site is optimized with the Yoast SEO plugin v26.9 - https:\/\/yoast.com\/product\/yoast-seo-wordpress\/ -->\n<title>StrangerMeetup - Chat with strangers on StrangerCam.com<\/title>\n<meta name=\"description\" content=\"Like StrangerMeetup? Come chat with more than 5.000.000 strangers on Stranger Cam for Free! Turn on your cam and find new friends &amp; maby a match!\" \/>\n<meta name=\"robots\" content=\"index, follow, max-snippet:-1, max-image-preview:large, max-video-preview:-1\" \/>\n<link rel=\"canonical\" href=\"https:\/\/strangercam.com\/de\/strangermeetup\/\" \/>\n<meta property=\"og:locale\" content=\"de_DE\" \/>\n<meta property=\"og:type\" content=\"article\" \/>\n<meta property=\"og:title\" content=\"StrangerMeetup - Chat with strangers on StrangerCam.com\" \/>\n<meta property=\"og:description\" content=\"Like StrangerMeetup? Come chat with more than 5.000.000 strangers on Stranger Cam for Free! Turn on your cam and find new friends &amp; maby a match!\" \/>\n<meta property=\"og:url\" content=\"https:\/\/strangercam.com\/de\/strangermeetup\/\" \/>\n<meta property=\"og:site_name\" content=\"Strangercam\" \/>\n<meta property=\"article:publisher\" content=\"https:\/\/www.facebook.com\/strangercam\" \/>\n<meta property=\"article:modified_time\" content=\"2023-10-23T10:31:54+00:00\" \/>\n<meta property=\"og:image\" content=\"https:\/\/strangercam.com\/wp-content\/uploads\/2020\/11\/stranger-cam-1.png\" \/>\n\t<meta property=\"og:image:width\" content=\"800\" \/>\n\t<meta property=\"og:image:height\" content=\"800\" \/>\n\t<meta property=\"og:image:type\" content=\"image\/png\" \/>\n<meta name=\"twitter:card\" content=\"summary_large_image\" \/>\n<meta name=\"twitter:site\" content=\"@strangercamapp\" \/>\n<meta name=\"twitter:label1\" content=\"Gesch\u00e4tzte Lesezeit\" \/>\n\t<meta name=\"twitter:data1\" content=\"6\u00a0Minuten\" \/>\n<script type=\"application\/ld+json\" class=\"yoast-schema-graph\">{\"@context\":\"https:\/\/schema.org\",\"@graph\":[{\"@type\":\"WebPage\",\"@id\":\"https:\/\/strangercam.com\/strangermeetup\/\",\"url\":\"https:\/\/strangercam.com\/strangermeetup\/\",\"name\":\"StrangerMeetup - Chat with strangers on StrangerCam.com\",\"isPartOf\":{\"@id\":\"https:\/\/strangercam.com\/#website\"},\"primaryImageOfPage\":{\"@id\":\"https:\/\/strangercam.com\/strangermeetup\/#primaryimage\"},\"image\":{\"@id\":\"https:\/\/strangercam.com\/strangermeetup\/#primaryimage\"},\"thumbnailUrl\":\"https:\/\/strangercam.com\/wp-content\/uploads\/2020\/11\/stranger-cam-1.png\",\"datePublished\":\"2023-10-23T08:00:20+00:00\",\"dateModified\":\"2023-10-23T10:31:54+00:00\",\"description\":\"Like StrangerMeetup? Come chat with more than 5.000.000 strangers on Stranger Cam for Free! Turn on your cam and find new friends & maby a match!\",\"breadcrumb\":{\"@id\":\"https:\/\/strangercam.com\/strangermeetup\/#breadcrumb\"},\"inLanguage\":\"de\",\"potentialAction\":[{\"@type\":\"ReadAction\",\"target\":[\"https:\/\/strangercam.com\/strangermeetup\/\"]}]},{\"@type\":\"ImageObject\",\"inLanguage\":\"de\",\"@id\":\"https:\/\/strangercam.com\/strangermeetup\/#primaryimage\",\"url\":\"https:\/\/strangercam.com\/wp-content\/uploads\/2020\/11\/stranger-cam-1.png\",\"contentUrl\":\"https:\/\/strangercam.com\/wp-content\/uploads\/2020\/11\/stranger-cam-1.png\",\"width\":800,\"height\":800,\"caption\":\"stranger cam random video chat\"},{\"@type\":\"BreadcrumbList\",\"@id\":\"https:\/\/strangercam.com\/strangermeetup\/#breadcrumb\",\"itemListElement\":[{\"@type\":\"ListItem\",\"position\":1,\"name\":\"Home\",\"item\":\"https:\/\/strangercam.com\/\"},{\"@type\":\"ListItem\",\"position\":2,\"name\":\"StrangerMeetup\"}]},{\"@type\":\"WebSite\",\"@id\":\"https:\/\/strangercam.com\/#website\",\"url\":\"https:\/\/strangercam.com\/\",\"name\":\"Strangercam\",\"description\":\"Random Video Chat with Strangers\",\"publisher\":{\"@id\":\"https:\/\/strangercam.com\/#organization\"},\"alternateName\":\"Strangercam.com\",\"potentialAction\":[{\"@type\":\"SearchAction\",\"target\":{\"@type\":\"EntryPoint\",\"urlTemplate\":\"https:\/\/strangercam.com\/?s={search_term_string}\"},\"query-input\":{\"@type\":\"PropertyValueSpecification\",\"valueRequired\":true,\"valueName\":\"search_term_string\"}}],\"inLanguage\":\"de\"},{\"@type\":\"Organization\",\"@id\":\"https:\/\/strangercam.com\/#organization\",\"name\":\"Strangercam\",\"alternateName\":\"Strangercam.com\",\"url\":\"https:\/\/strangercam.com\/\",\"logo\":{\"@type\":\"ImageObject\",\"inLanguage\":\"de\",\"@id\":\"https:\/\/strangercam.com\/#\/schema\/logo\/image\/\",\"url\":\"https:\/\/strangercam.com\/wp-content\/uploads\/2020\/11\/cropped-new-favicon-black.png\",\"contentUrl\":\"https:\/\/strangercam.com\/wp-content\/uploads\/2020\/11\/cropped-new-favicon-black.png\",\"width\":512,\"height\":512,\"caption\":\"Strangercam\"},\"image\":{\"@id\":\"https:\/\/strangercam.com\/#\/schema\/logo\/image\/\"},\"sameAs\":[\"https:\/\/www.facebook.com\/strangercam\",\"https:\/\/x.com\/strangercamapp\"]}]}<\/script>\n<!-- \/ Yoast SEO plugin. -->","yoast_head_json":{"title":"StrangerMeetup - Chatte mit Fremden auf StrangerCam.com","description":"Gef\u00e4llt Ihnen StrangerMeetup? Komm und chatte mit mehr als 5.000.000 Fremden auf Stranger Cam kostenlos! Schalte deine Kamera ein und finde neue Freunde und vielleicht einen Partner!","robots":{"index":"index","follow":"follow","max-snippet":"max-snippet:-1","max-image-preview":"max-image-preview:large","max-video-preview":"max-video-preview:-1"},"canonical":"https:\/\/strangercam.com\/de\/strangermeetup\/","og_locale":"de_DE","og_type":"article","og_title":"StrangerMeetup - Chat with strangers on StrangerCam.com","og_description":"Like StrangerMeetup? Come chat with more than 5.000.000 strangers on Stranger Cam for Free! Turn on your cam and find new friends & maby a match!","og_url":"https:\/\/strangercam.com\/de\/strangermeetup\/","og_site_name":"Strangercam","article_publisher":"https:\/\/www.facebook.com\/strangercam","article_modified_time":"2023-10-23T10:31:54+00:00","og_image":[{"width":800,"height":800,"url":"https:\/\/strangercam.com\/wp-content\/uploads\/2020\/11\/stranger-cam-1.png","type":"image\/png"}],"twitter_card":"summary_large_image","twitter_site":"@strangercamapp","twitter_misc":{"Gesch\u00e4tzte Lesezeit":"6\u00a0Minuten"},"schema":{"@context":"https:\/\/schema.org","@graph":[{"@type":"WebPage","@id":"https:\/\/strangercam.com\/strangermeetup\/","url":"https:\/\/strangercam.com\/strangermeetup\/","name":"StrangerMeetup - Chatte mit Fremden auf StrangerCam.com","isPartOf":{"@id":"https:\/\/strangercam.com\/#website"},"primaryImageOfPage":{"@id":"https:\/\/strangercam.com\/strangermeetup\/#primaryimage"},"image":{"@id":"https:\/\/strangercam.com\/strangermeetup\/#primaryimage"},"thumbnailUrl":"https:\/\/strangercam.com\/wp-content\/uploads\/2020\/11\/stranger-cam-1.png","datePublished":"2023-10-23T08:00:20+00:00","dateModified":"2023-10-23T10:31:54+00:00","description":"Gef\u00e4llt Ihnen StrangerMeetup? Komm und chatte mit mehr als 5.000.000 Fremden auf Stranger Cam kostenlos! Schalte deine Kamera ein und finde neue Freunde und vielleicht einen Partner!","breadcrumb":{"@id":"https:\/\/strangercam.com\/strangermeetup\/#breadcrumb"},"inLanguage":"de","potentialAction":[{"@type":"ReadAction","target":["https:\/\/strangercam.com\/strangermeetup\/"]}]},{"@type":"ImageObject","inLanguage":"de","@id":"https:\/\/strangercam.com\/strangermeetup\/#primaryimage","url":"https:\/\/strangercam.com\/wp-content\/uploads\/2020\/11\/stranger-cam-1.png","contentUrl":"https:\/\/strangercam.com\/wp-content\/uploads\/2020\/11\/stranger-cam-1.png","width":800,"height":800,"caption":"stranger cam random video chat"},{"@type":"BreadcrumbList","@id":"https:\/\/strangercam.com\/strangermeetup\/#breadcrumb","itemListElement":[{"@type":"ListItem","position":1,"name":"Home","item":"https:\/\/strangercam.com\/"},{"@type":"ListItem","position":2,"name":"StrangerMeetup"}]},{"@type":"WebSite","@id":"https:\/\/strangercam.com\/#website","url":"https:\/\/strangercam.com\/","name":"Strangercam","description":"Zuf\u00e4lliger Video-Chat mit Fremden","publisher":{"@id":"https:\/\/strangercam.com\/#organization"},"alternateName":"Strangercam.com","potentialAction":[{"@type":"SearchAction","target":{"@type":"EntryPoint","urlTemplate":"https:\/\/strangercam.com\/?s={search_term_string}"},"query-input":{"@type":"PropertyValueSpecification","valueRequired":true,"valueName":"search_term_string"}}],"inLanguage":"de"},{"@type":"Organization","@id":"https:\/\/strangercam.com\/#organization","name":"Strangercam","alternateName":"Strangercam.com","url":"https:\/\/strangercam.com\/","logo":{"@type":"ImageObject","inLanguage":"de","@id":"https:\/\/strangercam.com\/#\/schema\/logo\/image\/","url":"https:\/\/strangercam.com\/wp-content\/uploads\/2020\/11\/cropped-new-favicon-black.png","contentUrl":"https:\/\/strangercam.com\/wp-content\/uploads\/2020\/11\/cropped-new-favicon-black.png","width":512,"height":512,"caption":"Strangercam"},"image":{"@id":"https:\/\/strangercam.com\/#\/schema\/logo\/image\/"},"sameAs":["https:\/\/www.facebook.com\/strangercam","https:\/\/x.com\/strangercamapp"]}]}},"_links":{"self":[{"href":"https:\/\/strangercam.com\/de\/wp-json\/wp\/v2\/pages\/11922","targetHints":{"allow":["GET"]}}],"collection":[{"href":"https:\/\/strangercam.com\/de\/wp-json\/wp\/v2\/pages"}],"about":[{"href":"https:\/\/strangercam.com\/de\/wp-json\/wp\/v2\/types\/page"}],"author":[{"embeddable":true,"href":"https:\/\/strangercam.com\/de\/wp-json\/wp\/v2\/users\/6"}],"replies":[{"embeddable":true,"href":"https:\/\/strangercam.com\/de\/wp-json\/wp\/v2\/comments?post=11922"}],"version-history":[{"count":0,"href":"https:\/\/strangercam.com\/de\/wp-json\/wp\/v2\/pages\/11922\/revisions"}],"wp:featuredmedia":[{"embeddable":true,"href":"https:\/\/strangercam.com\/de\/wp-json\/wp\/v2\/media\/559"}],"wp:attachment":[{"href":"https:\/\/strangercam.com\/de\/wp-json\/wp\/v2\/media?parent=11922"}],"curies":[{"name":"wp","href":"https:\/\/api.w.org\/{rel}","templated":true}]}}