{"id":11273,"date":"2022-08-11T20:04:37","date_gmt":"2022-08-11T18:04:37","guid":{"rendered":"https:\/\/strangercam.com\/?page_id=11273"},"modified":"2023-08-21T11:40:07","modified_gmt":"2023-08-21T09:40:07","slug":"321chat","status":"publish","type":"page","link":"https:\/\/strangercam.com\/de\/321chat\/","title":{"rendered":"321Schm\u00e4tzer"},"content":{"rendered":"<p>Wir alle kennen das Gef\u00fchl der Unbeholfenheit, wenn wir uns in einer gesellschaftlichen Situation befinden und niemanden kennen. Selbst wenn andere Menschen dabei sind, kann es sich so anf\u00fchlen, als w\u00e4ren wir die Einzigen im Raum. Aber was w\u00e4re, wenn es eine M\u00f6glichkeit g\u00e4be, mit Fremden zu sprechen, ohne dass dies mit Unbehagen oder Stress verbunden ist?<\/p>\n<p>Wir stellen vor: <a href=\"https:\/\/strangercam.com\/de\/strangermeetup\/\">321Schm\u00e4tzer<\/a>, a <a href=\"https:\/\/strangercam.com\/de\/chatroulette\/\">Chat<\/a> Website, auf der du mit Menschen aus der ganzen Welt in Kontakt treten kannst. Ob du einen neuen Freund suchst oder einfach nur \u00fcber deine Hobbys plaudern willst, 321chat ist der perfekte Ort f\u00fcr dich.<\/p>\n<h2>Was ist 321chat?<\/h2>\n<p>321chat ist eine Website, die eine Plattform bietet, auf der man mit Fremden chatten kann. Die Website wurde entwickelt, um anonyme Gespr\u00e4che zwischen zwei Personen zu erm\u00f6glichen.<\/p>\n<p>Bei 321chat ist keine Registrierung oder Angabe pers\u00f6nlicher Daten erforderlich. Alles, was Sie tun m\u00fcssen, ist einen Benutzernamen zu w\u00e4hlen und mit dem Chatten zu beginnen.<\/p>\n<p>Die Unterhaltungen auf 321chat sind v\u00f6llig anonym. Das bedeutet, dass du sagen kannst, was du willst, ohne dir Sorgen zu machen, dass du verurteilt wirst.<\/p>\n<p>321chat ist ein gro\u00dfartiger Ort, um \u00fcber alles M\u00f6gliche zu reden. Du kannst \u00fcber deinen Tag, deine Hobbys, deine Gedanken und alles andere reden, wor\u00fcber du reden m\u00f6chtest.<\/p>\n<p>Wenn du dich einsam f\u00fchlst oder einfach nur jemanden zum Reden suchst, ist 321chat der perfekte Ort f\u00fcr dich. Du kannst Menschen finden, die deine Interessen teilen und neue Beziehungen aufbauen.<\/p>\n<h2>Wie funktioniert der 321chat?<\/h2>\n<p>321chat ist eine Website, auf der du mit Fremden aus der ganzen Welt chatten kannst.<\/p>\n<p>Sie k\u00f6nnen den Chat beginnen, indem Sie Ihren Namen eingeben und einen Chatraum ausw\u00e4hlen. Sobald Sie im Chat-Raum sind, k\u00f6nnen Sie die anderen Benutzer im Raum sehen und mit ihnen chatten.<\/p>\n<p>Die Unterhaltungen in 321chat sind anonym, was bedeutet, dass du sagen kannst, was du willst, ohne dir Sorgen machen zu m\u00fcssen, beurteilt zu werden.<\/p>\n<p>321chat ist eine gute M\u00f6glichkeit, um <a href=\"https:\/\/strangercam.com\/de\/coomeet\/\">treffen<\/a> neue Leute kennenlernen und neue Freunde finden. Es ist auch eine gro\u00dfartige M\u00f6glichkeit, etwas \u00fcber andere Kulturen zu erfahren und seine Englischkenntnisse zu verbessern.<\/p>\n<h2>Wie man eine Unterhaltung auf 321chat beginnt<\/h2>\n<p>Ein Gespr\u00e4ch auf 321chat zu beginnen kann einfach sein, wenn man wei\u00df, wie man es angehen muss. Der Schl\u00fcssel ist, Sie selbst zu sein und keine Angst zu haben, Fragen zu stellen.<\/p>\n<p>Wenn Sie zum ersten Mal mit jemandem chatten, ist es wichtig, dass Sie sich vorstellen. Dadurch f\u00fchlt sich die andere Person wohler, wenn sie mit Ihnen spricht. Sobald Sie sich vorgestellt haben, k\u00f6nnen Sie anfangen, Fragen \u00fcber die andere Person zu stellen.<\/p>\n<p>Es ist auch wichtig, ein aktiver Zuh\u00f6rer zu sein, wenn man mit jemandem chattet. Das bedeutet, dass Sie darauf achten sollten, was die andere Person sagt, und versuchen, sich am Gespr\u00e4ch zu beteiligen. Warten Sie nicht einfach, bis Sie an der Reihe sind!<\/p>\n<p>Wenn Sie nicht wissen, was Sie sagen sollen, k\u00f6nnen Sie die andere Person nach ihren Hobbys oder Interessen fragen. Menschen lieben es, \u00fcber sich selbst zu sprechen, daher ist dies eine gute M\u00f6glichkeit, das Gespr\u00e4ch in Gang zu bringen.<\/p>\n<p>Und schlie\u00dflich: Vergessen Sie nicht, Spa\u00df zu haben! Chatten mit Fremden kann eine gro\u00dfartige M\u00f6glichkeit sein, neue Freunde zu finden, also haben Sie Spa\u00df und keine Angst, Sie selbst zu sein.<\/p>\n<h2>Was tun, wenn du dich auf 321chat sch\u00fcchtern f\u00fchlst?<\/h2>\n<p>Wenn du dich auf 321chat sch\u00fcchtern f\u00fchlst, mach dir keine Sorgen! Es gibt eine Menge Dinge, die Sie tun k\u00f6nnen, um die Erfahrung angenehmer zu machen.<\/p>\n<p>Atmen Sie erst einmal tief durch und entspannen Sie sich. Es ist wichtig, sich daran zu erinnern, dass alle hier sind, um sich zu unterhalten und Spa\u00df zu haben. Es gibt keinen Grund, nerv\u00f6s zu sein.<\/p>\n<p>Zweitens: Chatten Sie zun\u00e4chst mit Personen, die sich im selben Raum wie Sie befinden. Auf diese Weise k\u00f6nnen Sie sie ein wenig kennenlernen, bevor Sie zu privaten Chats \u00fcbergehen.<\/p>\n<p>Drittens: Versuchen Sie, Sie selbst zu sein! Seien Sie freundlich und offen, und die Leute werden darauf reagieren. Scheuen Sie sich nicht, Fragen zu stellen oder ein Gespr\u00e4ch zu beginnen.<\/p>\n<p>Viertens: Wenn du dich einmal unwohl f\u00fchlst, kannst du den Chatraum jederzeit verlassen. Niemand wird dich zwingen zu bleiben, wenn du dich nicht wohl f\u00fchlst.<\/p>\n<p>Also, probieren Sie 321chat aus! Wir versprechen dir, dass du eine gute Zeit haben wirst.<\/p>\n<h2>Welche Vorteile hat es, mit Fremden auf 321chat zu sprechen?<\/h2>\n<p>Wir alle kennen das Gef\u00fchl des Unbehagens, wenn wir uns in einer sozialen Situation befinden, in der wir niemanden kennen. Es liegt in der menschlichen Natur, mit anderen in Kontakt treten zu wollen, und manchmal ist der beste Weg, dies zu tun, ein Gespr\u00e4ch mit Fremden.<\/p>\n<p>Es hat tats\u00e4chlich einige Vorteile, sich auf 321chat mit Fremden zu unterhalten. Zum einen kannst du so deine sozialen F\u00e4higkeiten trainieren. Wenn du sch\u00fcchtern oder introvertiert bist, kann ein Gespr\u00e4ch mit Fremden eine gute M\u00f6glichkeit sein, dein Selbstvertrauen zu st\u00e4rken.<\/p>\n<p>Es kann dir auch helfen, deinen sozialen Kreis zu erweitern. Man wei\u00df ja nie, vielleicht lernst du auf 321chat jemanden kennen, der ein guter Freund oder sogar mehr wird.<\/p>\n<p>Ein Gespr\u00e4ch mit Fremden kann auch eine gute M\u00f6glichkeit sein, etwas \u00fcber neue Kulturen und Erfahrungen zu erfahren. Sie werden \u00fcberrascht sein, wie viel Sie \u00fcber jemanden erfahren k\u00f6nnen, wenn Sie sich nur ein paar Minuten mit ihm unterhalten.<\/p>\n<p>Wenn Sie also das n\u00e4chste Mal auf 321chat sind, scheuen Sie sich nicht, ein Gespr\u00e4ch mit jemandem zu beginnen. Vielleicht ist es die beste Entscheidung, die Sie je getroffen haben!<\/p>\n<h2>Vor- und Nachteile von 321chat<\/h2>\n<p>Zu den Vorteilen von 321chat geh\u00f6rt, dass es sich um eine kostenlose und sichere Chatseite handelt, dass sie eine gro\u00dfe Nutzerbasis hat und in vielen Sprachen verf\u00fcgbar ist. Au\u00dferdem bietet 321chat Funktionen wie Gruppenchat, VoIP-Anrufe und Dateifreigabe.<\/p>\n<p>Zu den Nachteilen von 321chat geh\u00f6rt jedoch, dass es schwierig sein kann, Freunde auf der Seite zu finden, und dass sie manchmal langsam sein kann.<\/p>\n<h2>Wie kann man das Beste aus 321chat machen?<\/h2>\n<p>321chat ist eine gro\u00dfartige M\u00f6glichkeit, neue Freunde zu finden und mit Menschen aus der ganzen Welt in Kontakt zu treten. Es ist auch eine tolle M\u00f6glichkeit, sich mit Fremden zu unterhalten, was wirklich Spa\u00df machen kann!<\/p>\n<p>Es gibt ein paar Dinge, die Sie tun k\u00f6nnen, um das Beste aus 321chat zu machen:<\/p>\n<ol>\n<li>Nutzen Sie den Chat, um sich zwanglos mit Fremden zu unterhalten. Dies ist eine gute M\u00f6glichkeit, mehr \u00fcber sie zu erfahren und m\u00f6glicherweise eine Freundschaft zu beginnen.<\/li>\n<li>Nutzen Sie den Chat, um Informationen oder Ratschl\u00e4ge zu erhalten. Wenn Sie Informationen zu einem bestimmten Thema suchen, kann die Nutzung des Chats eine schnellere und einfachere M\u00f6glichkeit sein als die Suche im Internet.<\/li>\n<li>Nutzen Sie den Chat als Gelegenheit, Ihr gesprochenes Englisch zu \u00fcben. Man wei\u00df nie, wann man Englisch in einem Vorstellungsgespr\u00e4ch oder einer Unterhaltung au\u00dferhalb von 321chat verwenden muss!<\/li>\n<\/ol>\n<h2>Ist die Verwendung sicher?<\/h2>\n<p>Es besteht kein Zweifel daran, dass es Spa\u00df macht und aufregend ist, sich mit Fremden im Chat zu unterhalten. Es ist jedoch wichtig, sich daran zu erinnern, dass es immer noch lebenswichtig ist, Vorsicht walten zu lassen, wenn man sich an Chat-Gespr\u00e4chen beteiligt.<\/p>\n<p>Eines der gr\u00f6\u00dften Sicherheitsprobleme bei der Nutzung von Chats ist Cybermobbing. Cybermobbing bezieht sich auf jede Art von Online- oder Offline-Bel\u00e4stigung, die zwischen Personen stattfindet, die sich gegenseitig kennen. Dazu kann das Versenden verletzender Nachrichten geh\u00f6ren, sich \u00fcber jemanden lustig zu machen oder peinliche Fotos zu posten.<\/p>\n<p>Es ist wichtig, daran zu denken, dass Sie es in einer \u00f6ffentlichen Einrichtung mit Menschen zu tun haben, die Sie nicht kennen. <a href=\"https:\/\/strangercam.com\/de\/mocospace\/\">Raum<\/a>. Das bedeutet, dass sie jederzeit ver\u00e4rgert oder w\u00fctend auf Sie sein k\u00f6nnen. Wenn Sie sich unwohl oder bedroht f\u00fchlen, beenden Sie bitte sofort die Kommunikation mit dieser Person.<\/p>\n<h2>Vorbeugende Ma\u00dfnahmen bei der Nutzung von Video-Chat nach dem Zufallsprinzip<\/h2>\n<p>Eine der besten M\u00f6glichkeiten, sich vor Angriffen oder Bel\u00e4stigungen zu sch\u00fctzen, ist die Nutzung <a href=\"https:\/\/strangercam.com\/de\/chathub\/\">zuf\u00e4lliger Video-Chat<\/a> ist es, proaktive Ma\u00dfnahmen zu ergreifen. Hier sind einige Tipps, die Sie beachten sollten:<\/p>\n<ol>\n<li>Verwenden Sie immer ein VPN, wenn Sie zuf\u00e4llige Videochats nutzen. Ein VPN verschl\u00fcsselt Ihre Daten und sch\u00fctzt sie davor, von anderen Personen im Netzwerk gesehen zu werden. So k\u00f6nnen Sie m\u00f6gliche Angriffe oder Bel\u00e4stigungen vermeiden.<\/li>\n<li>Verwenden Sie immer einen anderen Benutzernamen und ein anderes Passwort f\u00fcr jedes beliebige Videochat-Konto, das Sie erstellen. Auf diese Weise kann jemand, der Sie angreift oder bel\u00e4stigt, nicht auf Ihre anderen Konten mit diesem Benutzernamen und Passwort zugreifen.<\/li>\n<li>Geben Sie in zuf\u00e4lligen Videochats keine pers\u00f6nlichen Informationen wie Ihren vollst\u00e4ndigen Namen oder Ihre Adresse an Fremde weiter. Wenn jemand Sie angreift oder bel\u00e4stigt, kann er auf diese Weise mehr \u00fcber Sie herausfinden.<\/li>\n<\/ol>\n<p>Wenn Sie die folgenden Vorsichtsma\u00dfnahmen beachten, k\u00f6nnen Sie sicherstellen, dass Sie eine sichere und angenehme Erfahrung mit zuf\u00e4lligen Videochats machen<\/p>\n<h2>Schlussfolgerung<\/h2>\n<p>321chat ist eine gro\u00dfartige Ressource f\u00fcr Leute, die Freundschaften schlie\u00dfen oder neue finden wollen. Der Chatraum ist rund um die Uhr ge\u00f6ffnet, und du kannst ihm beitreten, indem du deine Stadt oder dein Land eingibst und auf den Link klickst. Sobald du eingeloggt bist, kannst du einfach mit jedem chatten, der interessant aussieht! Sie werden nie wissen, welche Art von Freundschaften Sie auf diese Weise schlie\u00dfen k\u00f6nnen.<\/p>","protected":false},"excerpt":{"rendered":"<p>We all know that feeling of awkwardness when we&#8217;re in a social situation and we don&#8217;t know anyone. Even if there are other people around, it can feel like we&#8217;re the only ones in the room. But what if there was a way to talk to strangers that didn&#8217;t involve any of the awkwardness or [&hellip;]<\/p>\n","protected":false},"author":6,"featured_media":559,"parent":0,"menu_order":0,"comment_status":"closed","ping_status":"closed","template":"","meta":{"footnotes":""},"class_list":["post-11273","page","type-page","status-publish","has-post-thumbnail","hentry"],"yoast_head":"<!-- This site is optimized with the Yoast SEO plugin v27.4 - https:\/\/yoast.com\/product\/yoast-seo-wordpress\/ -->\n<title>321chat - Chat with strangers on StrangerCam.com<\/title>\n<meta name=\"description\" content=\"Like 321chat? Come chat with more than 5.000.000 strangers on Stranger Cam for Free! Turn on your cam and find new friends &amp; maby a match!\" \/>\n<meta name=\"robots\" content=\"index, follow, max-snippet:-1, max-image-preview:large, max-video-preview:-1\" \/>\n<link rel=\"canonical\" href=\"https:\/\/strangercam.com\/de\/321chat\/\" \/>\n<meta property=\"og:locale\" content=\"de_DE\" \/>\n<meta property=\"og:type\" content=\"article\" \/>\n<meta property=\"og:title\" content=\"321chat - Chat with strangers on StrangerCam.com\" \/>\n<meta property=\"og:description\" content=\"Like 321chat? Come chat with more than 5.000.000 strangers on Stranger Cam for Free! Turn on your cam and find new friends &amp; maby a match!\" \/>\n<meta property=\"og:url\" content=\"https:\/\/strangercam.com\/de\/321chat\/\" \/>\n<meta property=\"og:site_name\" content=\"Strangercam\" \/>\n<meta property=\"article:publisher\" content=\"https:\/\/www.facebook.com\/strangercam\" \/>\n<meta property=\"article:modified_time\" content=\"2023-08-21T09:40:07+00:00\" \/>\n<meta property=\"og:image\" content=\"https:\/\/strangercam.com\/wp-content\/uploads\/2020\/11\/stranger-cam-1.png\" \/>\n\t<meta property=\"og:image:width\" content=\"800\" \/>\n\t<meta property=\"og:image:height\" content=\"800\" \/>\n\t<meta property=\"og:image:type\" content=\"image\/png\" \/>\n<meta name=\"twitter:card\" content=\"summary_large_image\" \/>\n<meta name=\"twitter:site\" content=\"@strangercamapp\" \/>\n<meta name=\"twitter:label1\" content=\"Gesch\u00e4tzte Lesezeit\" \/>\n\t<meta name=\"twitter:data1\" content=\"7\u00a0Minuten\" \/>\n<script type=\"application\/ld+json\" class=\"yoast-schema-graph\">{\"@context\":\"https:\\\/\\\/schema.org\",\"@graph\":[{\"@type\":\"WebPage\",\"@id\":\"https:\\\/\\\/strangercam.com\\\/321chat\\\/\",\"url\":\"https:\\\/\\\/strangercam.com\\\/321chat\\\/\",\"name\":\"321chat - Chat with strangers on StrangerCam.com\",\"isPartOf\":{\"@id\":\"https:\\\/\\\/strangercam.com\\\/#website\"},\"primaryImageOfPage\":{\"@id\":\"https:\\\/\\\/strangercam.com\\\/321chat\\\/#primaryimage\"},\"image\":{\"@id\":\"https:\\\/\\\/strangercam.com\\\/321chat\\\/#primaryimage\"},\"thumbnailUrl\":\"https:\\\/\\\/strangercam.com\\\/wp-content\\\/uploads\\\/2020\\\/11\\\/stranger-cam-1.png\",\"datePublished\":\"2022-08-11T18:04:37+00:00\",\"dateModified\":\"2023-08-21T09:40:07+00:00\",\"description\":\"Like 321chat? Come chat with more than 5.000.000 strangers on Stranger Cam for Free! Turn on your cam and find new friends & maby a match!\",\"breadcrumb\":{\"@id\":\"https:\\\/\\\/strangercam.com\\\/321chat\\\/#breadcrumb\"},\"inLanguage\":\"de\",\"potentialAction\":[{\"@type\":\"ReadAction\",\"target\":[\"https:\\\/\\\/strangercam.com\\\/321chat\\\/\"]}]},{\"@type\":\"ImageObject\",\"inLanguage\":\"de\",\"@id\":\"https:\\\/\\\/strangercam.com\\\/321chat\\\/#primaryimage\",\"url\":\"https:\\\/\\\/strangercam.com\\\/wp-content\\\/uploads\\\/2020\\\/11\\\/stranger-cam-1.png\",\"contentUrl\":\"https:\\\/\\\/strangercam.com\\\/wp-content\\\/uploads\\\/2020\\\/11\\\/stranger-cam-1.png\",\"width\":800,\"height\":800,\"caption\":\"stranger cam random video chat\"},{\"@type\":\"BreadcrumbList\",\"@id\":\"https:\\\/\\\/strangercam.com\\\/321chat\\\/#breadcrumb\",\"itemListElement\":[{\"@type\":\"ListItem\",\"position\":1,\"name\":\"Home\",\"item\":\"https:\\\/\\\/strangercam.com\\\/\"},{\"@type\":\"ListItem\",\"position\":2,\"name\":\"321chat\"}]},{\"@type\":\"WebSite\",\"@id\":\"https:\\\/\\\/strangercam.com\\\/#website\",\"url\":\"https:\\\/\\\/strangercam.com\\\/\",\"name\":\"Strangercam\",\"description\":\"Random Video Chat with Strangers\",\"publisher\":{\"@id\":\"https:\\\/\\\/strangercam.com\\\/#organization\"},\"alternateName\":\"Strangercam.com\",\"potentialAction\":[{\"@type\":\"SearchAction\",\"target\":{\"@type\":\"EntryPoint\",\"urlTemplate\":\"https:\\\/\\\/strangercam.com\\\/?s={search_term_string}\"},\"query-input\":{\"@type\":\"PropertyValueSpecification\",\"valueRequired\":true,\"valueName\":\"search_term_string\"}}],\"inLanguage\":\"de\"},{\"@type\":\"Organization\",\"@id\":\"https:\\\/\\\/strangercam.com\\\/#organization\",\"name\":\"Strangercam\",\"alternateName\":\"Strangercam.com\",\"url\":\"https:\\\/\\\/strangercam.com\\\/\",\"logo\":{\"@type\":\"ImageObject\",\"inLanguage\":\"de\",\"@id\":\"https:\\\/\\\/strangercam.com\\\/#\\\/schema\\\/logo\\\/image\\\/\",\"url\":\"https:\\\/\\\/strangercam.com\\\/wp-content\\\/uploads\\\/2020\\\/11\\\/cropped-new-favicon-black.png\",\"contentUrl\":\"https:\\\/\\\/strangercam.com\\\/wp-content\\\/uploads\\\/2020\\\/11\\\/cropped-new-favicon-black.png\",\"width\":512,\"height\":512,\"caption\":\"Strangercam\"},\"image\":{\"@id\":\"https:\\\/\\\/strangercam.com\\\/#\\\/schema\\\/logo\\\/image\\\/\"},\"sameAs\":[\"https:\\\/\\\/www.facebook.com\\\/strangercam\",\"https:\\\/\\\/x.com\\\/strangercamapp\"]}]}<\/script>\n<!-- \/ Yoast SEO plugin. -->","yoast_head_json":{"title":"321chat - Chatte mit Fremden auf StrangerCam.com","description":"Magst du 321chat? Komm und chatte mit mehr als 5.000.000 Fremden auf Stranger Cam kostenlos! Schalte deine Kamera ein und finde neue Freunde und vielleicht einen Partner!","robots":{"index":"index","follow":"follow","max-snippet":"max-snippet:-1","max-image-preview":"max-image-preview:large","max-video-preview":"max-video-preview:-1"},"canonical":"https:\/\/strangercam.com\/de\/321chat\/","og_locale":"de_DE","og_type":"article","og_title":"321chat - Chat with strangers on StrangerCam.com","og_description":"Like 321chat? Come chat with more than 5.000.000 strangers on Stranger Cam for Free! Turn on your cam and find new friends & maby a match!","og_url":"https:\/\/strangercam.com\/de\/321chat\/","og_site_name":"Strangercam","article_publisher":"https:\/\/www.facebook.com\/strangercam","article_modified_time":"2023-08-21T09:40:07+00:00","og_image":[{"width":800,"height":800,"url":"https:\/\/strangercam.com\/wp-content\/uploads\/2020\/11\/stranger-cam-1.png","type":"image\/png"}],"twitter_card":"summary_large_image","twitter_site":"@strangercamapp","twitter_misc":{"Gesch\u00e4tzte Lesezeit":"7\u00a0Minuten"},"schema":{"@context":"https:\/\/schema.org","@graph":[{"@type":"WebPage","@id":"https:\/\/strangercam.com\/321chat\/","url":"https:\/\/strangercam.com\/321chat\/","name":"321chat - Chatte mit Fremden auf StrangerCam.com","isPartOf":{"@id":"https:\/\/strangercam.com\/#website"},"primaryImageOfPage":{"@id":"https:\/\/strangercam.com\/321chat\/#primaryimage"},"image":{"@id":"https:\/\/strangercam.com\/321chat\/#primaryimage"},"thumbnailUrl":"https:\/\/strangercam.com\/wp-content\/uploads\/2020\/11\/stranger-cam-1.png","datePublished":"2022-08-11T18:04:37+00:00","dateModified":"2023-08-21T09:40:07+00:00","description":"Magst du 321chat? Komm und chatte mit mehr als 5.000.000 Fremden auf Stranger Cam kostenlos! Schalte deine Kamera ein und finde neue Freunde und vielleicht einen Partner!","breadcrumb":{"@id":"https:\/\/strangercam.com\/321chat\/#breadcrumb"},"inLanguage":"de","potentialAction":[{"@type":"ReadAction","target":["https:\/\/strangercam.com\/321chat\/"]}]},{"@type":"ImageObject","inLanguage":"de","@id":"https:\/\/strangercam.com\/321chat\/#primaryimage","url":"https:\/\/strangercam.com\/wp-content\/uploads\/2020\/11\/stranger-cam-1.png","contentUrl":"https:\/\/strangercam.com\/wp-content\/uploads\/2020\/11\/stranger-cam-1.png","width":800,"height":800,"caption":"stranger cam random video chat"},{"@type":"BreadcrumbList","@id":"https:\/\/strangercam.com\/321chat\/#breadcrumb","itemListElement":[{"@type":"ListItem","position":1,"name":"Home","item":"https:\/\/strangercam.com\/"},{"@type":"ListItem","position":2,"name":"321chat"}]},{"@type":"WebSite","@id":"https:\/\/strangercam.com\/#website","url":"https:\/\/strangercam.com\/","name":"Strangercam","description":"Zuf\u00e4lliger Video-Chat mit Fremden","publisher":{"@id":"https:\/\/strangercam.com\/#organization"},"alternateName":"Strangercam.com","potentialAction":[{"@type":"SearchAction","target":{"@type":"EntryPoint","urlTemplate":"https:\/\/strangercam.com\/?s={search_term_string}"},"query-input":{"@type":"PropertyValueSpecification","valueRequired":true,"valueName":"search_term_string"}}],"inLanguage":"de"},{"@type":"Organization","@id":"https:\/\/strangercam.com\/#organization","name":"Strangercam","alternateName":"Strangercam.com","url":"https:\/\/strangercam.com\/","logo":{"@type":"ImageObject","inLanguage":"de","@id":"https:\/\/strangercam.com\/#\/schema\/logo\/image\/","url":"https:\/\/strangercam.com\/wp-content\/uploads\/2020\/11\/cropped-new-favicon-black.png","contentUrl":"https:\/\/strangercam.com\/wp-content\/uploads\/2020\/11\/cropped-new-favicon-black.png","width":512,"height":512,"caption":"Strangercam"},"image":{"@id":"https:\/\/strangercam.com\/#\/schema\/logo\/image\/"},"sameAs":["https:\/\/www.facebook.com\/strangercam","https:\/\/x.com\/strangercamapp"]}]}},"_links":{"self":[{"href":"https:\/\/strangercam.com\/de\/wp-json\/wp\/v2\/pages\/11273","targetHints":{"allow":["GET"]}}],"collection":[{"href":"https:\/\/strangercam.com\/de\/wp-json\/wp\/v2\/pages"}],"about":[{"href":"https:\/\/strangercam.com\/de\/wp-json\/wp\/v2\/types\/page"}],"author":[{"embeddable":true,"href":"https:\/\/strangercam.com\/de\/wp-json\/wp\/v2\/users\/6"}],"replies":[{"embeddable":true,"href":"https:\/\/strangercam.com\/de\/wp-json\/wp\/v2\/comments?post=11273"}],"version-history":[{"count":0,"href":"https:\/\/strangercam.com\/de\/wp-json\/wp\/v2\/pages\/11273\/revisions"}],"wp:featuredmedia":[{"embeddable":true,"href":"https:\/\/strangercam.com\/de\/wp-json\/wp\/v2\/media\/559"}],"wp:attachment":[{"href":"https:\/\/strangercam.com\/de\/wp-json\/wp\/v2\/media?parent=11273"}],"curies":[{"name":"wp","href":"https:\/\/api.w.org\/{rel}","templated":true}]}}