{"id":11248,"date":"2022-08-11T19:57:16","date_gmt":"2022-08-11T17:57:16","guid":{"rendered":"https:\/\/strangercam.com\/?page_id=11248"},"modified":"2023-08-21T12:38:41","modified_gmt":"2023-08-21T10:38:41","slug":"spinchat","status":"publish","type":"page","link":"https:\/\/strangercam.com\/de\/spinchat\/","title":{"rendered":"Spinchat"},"content":{"rendered":"<p>Wenn du dich einsam f\u00fchlst oder einfach nur mit jemandem reden willst, ist SpinChat ein gro\u00dfartiger Ort, um das zu tun. Diese <a href=\"https:\/\/strangercam.com\/de\/chatroulette\/\">Chat<\/a> Website k\u00f6nnen Sie mit Fremden auf der ganzen Welt sprechen, und man wei\u00df nie, mit wem Sie vielleicht <a href=\"https:\/\/strangercam.com\/de\/coomeet\/\">treffen<\/a>. Vielleicht lernen Sie einen neuen Freund kennen oder finden sogar Ihren Seelenverwandten. Warum es also nicht einmal versuchen?<\/p>\n<h2>Was ist der Spinchat?<\/h2>\n<p>SpinChat ist ein <a href=\"https:\/\/strangercam.com\/de\/chathub\/\">zuf\u00e4lliger Video-Chat<\/a> Website, auf der Sie mit Fremden aus der ganzen Welt chatten k\u00f6nnen. Es ist eine tolle M\u00f6glichkeit, neue Leute kennenzulernen und neue Freunde zu finden. Du kannst SpinChat auch nutzen, um Liebe zu finden oder einfach nur um Spa\u00df zu haben.<\/p>\n<h2>Wie benutzt man spinchat?<\/h2>\n<p>Wenn du nach einer lustigen und einfachen M\u00f6glichkeit suchst, neue Leute kennenzulernen, solltest du spinchat ausprobieren! Hier erf\u00e4hrst du, wie du es benutzen kannst:<\/p>\n<ul>\n<li style=\"font-weight: 400;\" aria-level=\"1\">Rufen Sie die Spinchat-Website auf und erstellen Sie ein Konto.<\/li>\n<li style=\"font-weight: 400;\" aria-level=\"1\">Sobald Sie eingeloggt sind, k\u00f6nnen Sie eine Liste aller verf\u00fcgbaren Chatr\u00e4ume sehen.<\/li>\n<li style=\"font-weight: 400;\" aria-level=\"1\">W\u00e4hlen Sie den Raum, der Sie interessiert, und beginnen Sie zu chatten!<\/li>\n<li style=\"font-weight: 400;\" aria-level=\"1\">Um die Sache noch interessanter zu machen, sollten Sie den anonymen Modus verwenden, damit Ihre Identit\u00e4t verborgen bleibt.<\/li>\n<li style=\"font-weight: 400;\" aria-level=\"1\">Viel Spa\u00df und neue Freunde!<\/li>\n<\/ul>\n<h2>Die Vorteile der Nutzung von Spinchat<\/h2>\n<p>Die Nutzung von spinchat bietet viele Vorteile, darunter die M\u00f6glichkeit, mit Menschen aus aller Welt in Kontakt zu treten. Mit spinchat k\u00f6nnen Sie sich mit Fremden in einer sicheren Umgebung unterhalten. Dies kann eine gute M\u00f6glichkeit sein, neue Freunde zu finden oder sogar einen romantischen Partner zu finden. Au\u00dferdem ist der Spinchat eine gute M\u00f6glichkeit, etwas \u00fcber andere Kulturen zu erfahren und Einblicke in verschiedene Teile der Welt zu bekommen.<\/p>\n<h2>Die Gefahren der Nutzung von Spinchat<\/h2>\n<p>Es gibt viele Gefahren, die mit der Nutzung von Spinchat, einer Social-Networking-Site, die es Nutzern erm\u00f6glicht, mit Fremden zu kommunizieren, verbunden sind. Einige dieser Gefahren sind:<\/p>\n<ul>\n<li style=\"font-weight: 400;\" aria-level=\"1\">Raubtiere: Es gibt Raubtiere, die Spinchat nutzen, um Kinder und schutzbed\u00fcrftige Erwachsene auszuspionieren. Sie k\u00f6nnen vorgeben, jemand zu sein, der sie nicht sind, um Ihr Vertrauen zu gewinnen und Sie dann emotional oder sexuell auszubeuten.<\/li>\n<li style=\"font-weight: 400;\" aria-level=\"1\">Cybermobbing: Es kann sein, dass du im Spinchat von jemandem gemobbt wirst, der dich nicht mag oder nicht mit dir \u00fcbereinstimmt. Das kann sehr verletzend sein und dazu f\u00fchren, dass du dich isoliert f\u00fchlst.<\/li>\n<li style=\"font-weight: 400;\" aria-level=\"1\">Betrug und Abzocke: Es gibt auch Betr\u00fcger im Spinchat, die versuchen, dich dazu zu bringen, ihnen Geld oder pers\u00f6nliche Informationen zu geben. Sie k\u00f6nnen sich als jemand anderes ausgeben, um Ihr Vertrauen zu gewinnen und Sie dann zu bestehlen.<\/li>\n<li style=\"font-weight: 400;\" aria-level=\"1\">Viren und Malware: Sie k\u00f6nnen auch versehentlich Viren oder Malware auf Ihren Computer herunterladen, wenn Sie Spinchat benutzen. Diese k\u00f6nnen Ihren Computer besch\u00e4digen und Ihre pers\u00f6nlichen Daten in Gefahr bringen.<\/li>\n<li style=\"font-weight: 400;\" aria-level=\"1\">Sucht: Manche Menschen werden s\u00fcchtig nach Spinchat und verbringen ihre ganze Zeit damit, mit Fremden zu chatten, anstatt produktivere Dinge zu tun. Dies kann zu Problemen im wirklichen Leben f\u00fchren, wie z. B. dem Verlust von Arbeitsm\u00f6glichkeiten oder der Vernachl\u00e4ssigung von Freunden und Familienmitgliedern.<\/li>\n<\/ul>\n<h2>Vor- und Nachteile von Spinchat<\/h2>\n<p>Wenn Sie nach einer M\u00f6glichkeit suchen, mit Menschen aus der ganzen Welt in Kontakt zu treten, dann fragen Sie sich vielleicht, ob SpinChat die richtige Plattform f\u00fcr Sie ist. In diesem Blogbeitrag werfen wir einen Blick auf die Vor- und Nachteile der Nutzung von SpinChat, damit Sie selbst entscheiden k\u00f6nnen, ob es das Richtige f\u00fcr Sie ist.<\/p>\n<p>Der Vorteil von SpinChat ist, dass man auf diese Weise mit Menschen aus der ganzen Welt in Kontakt treten kann. Sie k\u00f6nnen Chat-R\u00e4umen zu einer Vielzahl von Themen beitreten oder Ihren eigenen Chat-Raum er\u00f6ffnen und andere Personen einladen, sich Ihnen anzuschlie\u00dfen. Sie k\u00f6nnen auch private Nachrichten an andere Benutzer auf der Plattform senden.<\/p>\n<p>Ein weiterer Vorteil von SpinChat ist, dass die Nutzung der Plattform kostenlos ist. Sie brauchen nichts zu bezahlen, um sich anzumelden oder die Funktionen der Website zu nutzen.<\/p>\n<p>Die Nutzung von SpinChat hat jedoch auch einige Nachteile. Ein Nachteil ist, dass die Website keine Funktionen hat, die Ihnen helfen, die Personen, mit denen Sie sprechen, zu \u00fcberpr\u00fcfen. Das bedeutet, dass Sie mit jemandem sprechen k\u00f6nnten, der nicht der ist, f\u00fcr den er sich ausgibt, oder der b\u00f6se Absichten hat.<\/p>\n<p>Ein weiterer potenzieller Nachteil ist, dass SpinChat keine aktive Kundenbetreuung bietet.<\/p>\n<h2>Wie macht man das Beste aus dem Spinchat?<\/h2>\n<p>Wenn du dich mit Fremden unterhalten und neue Freunde finden willst, ist der Spinchat ein guter Anfang. Hier sind ein paar Tipps, die dir helfen, das Beste aus deiner Erfahrung zu machen:<\/p>\n<ul>\n<li style=\"font-weight: 400;\" aria-level=\"1\">Seien Sie Sie selbst - Sie brauchen sich nicht zu verstellen oder sich wie jemand zu verhalten, der Sie nicht sind. Seien Sie einfach Sie selbst und Sie werden feststellen, dass es viel einfacher ist, mit anderen in Kontakt zu treten.<\/li>\n<li style=\"font-weight: 400;\" aria-level=\"1\">Stellen Sie Fragen - Menschen lieben es, \u00fcber sich selbst zu sprechen, also stellen Sie viele Fragen, um das Gespr\u00e4ch in Gang zu bringen.<\/li>\n<li style=\"font-weight: 400;\" aria-level=\"1\">Seien Sie respektvoll - denken Sie daran, dass jeder, mit dem Sie chatten, ein echter Mensch ist, genau wie Sie, also behandeln Sie ihn mit Respekt und H\u00f6flichkeit.<\/li>\n<li style=\"font-weight: 400;\" aria-level=\"1\">\u00a0Viel Spa\u00df! - Chatten mit neuen Leuten kann sehr angenehm sein, also entspannen Sie sich und haben Sie Spa\u00df!<\/li>\n<\/ul>\n<h2>Was soll man mit Fremden beim Videochat besprechen?<\/h2>\n<p>In der heutigen Welt kann man sich leicht abgeh\u00e4ngt und allein f\u00fchlen. Mit all der Technologie, die uns zur Verf\u00fcgung steht, ist es leicht, durch das Leben zu gehen, ohne jemals wirklich mit jemandem auf einer tieferen Ebene in Kontakt zu treten. Deshalb ist der Videochat eine gro\u00dfartige M\u00f6glichkeit, mit anderen in Kontakt zu treten.<\/p>\n<p>Wenn Sie sich mit Fremden \u00fcber <a href=\"https:\/\/strangercam.com\/de\/rabbit-video-chat\/\">Video-Chat<\/a>gibt es unendlich viele M\u00f6glichkeiten f\u00fcr interessante Gespr\u00e4che. Ganz gleich, ob Sie \u00fcber aktuelle Ereignisse, Popkultur oder Ihren Alltag sprechen m\u00f6chten, es gibt sicher etwas, wor\u00fcber Sie sich unterhalten k\u00f6nnen. Und wer wei\u00df? Vielleicht finden Sie dabei einen neuen Freund.<\/p>\n<h2>Warum ist spinchat so beliebt zuf\u00e4llige Video-Chat-Plattform?<\/h2>\n<p>Es gibt viele Gr\u00fcnde, warum Spinchat eine so beliebte Zufalls-Videochat-Plattform ist. Ein Grund ist, dass es kostenlos zu benutzen ist. Ein weiterer Grund ist, dass es einfach zu bedienen ist und keine Registrierung erfordert. Und schlie\u00dflich bietet es den Nutzern eine gro\u00dfartige M\u00f6glichkeit, neue Leute kennenzulernen und neue Freundschaften zu schlie\u00dfen.<\/p>\n<h2>Wie man im Spinchat sicher bleibt<\/h2>\n<p>Spinchat ist eine gro\u00dfartige Plattform, um neue Leute kennenzulernen und Freundschaften zu schlie\u00dfen. Es ist jedoch wichtig, sicher zu sein, wenn man online mit Fremden spricht. Hier sind ein paar Tipps, die dir helfen, im Spinchat sicher zu bleiben:<\/p>\n<ul>\n<li style=\"font-weight: 400;\" aria-level=\"1\">Geben Sie keine pers\u00f6nlichen Informationen preis. Dazu geh\u00f6ren Ihr vollst\u00e4ndiger Name, Ihre Adresse, Telefonnummer usw.<\/li>\n<li style=\"font-weight: 400;\" aria-level=\"1\">Wenn Sie sich bei jemandem unwohl f\u00fchlen, blockieren Sie ihn und melden Sie ihn den Moderatoren.<\/li>\n<li style=\"font-weight: 400;\" aria-level=\"1\">Treffen Sie sich nicht mit jemandem, den Sie <a href=\"https:\/\/strangercam.com\/de\/chamet\/\">traf<\/a> online und pers\u00f6nlich.<\/li>\n<li style=\"font-weight: 400;\" aria-level=\"1\">Verwenden Sie die Funktion f\u00fcr private Nachrichten, um mit Personen zu sprechen, die Sie kennen und denen Sie vertrauen.<\/li>\n<\/ul>\n<p>Wenn du diese einfachen Sicherheitstipps befolgst, kannst du eine tolle Zeit im Spinchat haben und dabei sicher sein.<\/p>\n<h2>Schlussfolgerung<\/h2>\n<p>Eines der besten Dinge an den sozialen Medien ist die M\u00f6glichkeit, mit Gleichgesinnten aus der ganzen Welt in Kontakt zu treten. Egal, ob Sie auf der Suche nach Freundschaft, beruflichem Rat oder einfach nur nach jemandem zum Chatten sind, es gibt eine Vielzahl von Communities, die Ihren Bed\u00fcrfnissen entsprechen. Ein gro\u00dfartiges Beispiel ist spinchat - eine Plattform, die es Nutzern erm\u00f6glicht, sich mit Fremden per Videochat zu unterhalten. Wenn du dich jemals verloren f\u00fchlst und nicht wei\u00dft, wohin du dich wenden sollst, probiere spinchat aus!<\/p>","protected":false},"excerpt":{"rendered":"<p>If you&#8217;re feeling lonely or just want to talk to someone, SpinChat is a great place to do it. This chat site lets you talk to strangers all over the world, and you never know who you might meet. You might make a new friend, or even find your soulmate. So why not give it [&hellip;]<\/p>\n","protected":false},"author":6,"featured_media":559,"parent":0,"menu_order":0,"comment_status":"closed","ping_status":"closed","template":"","meta":{"footnotes":""},"class_list":["post-11248","page","type-page","status-publish","has-post-thumbnail","hentry"],"yoast_head":"<!-- This site is optimized with the Yoast SEO plugin v27.4 - https:\/\/yoast.com\/product\/yoast-seo-wordpress\/ -->\n<title>Spinchat - Chat with strangers on StrangerCam.com<\/title>\n<meta name=\"description\" content=\"Like Spinchat? Come chat with more than 5.000.000 strangers on Stranger Cam for Free! Turn on your cam and find new friends &amp; maby a match!\" \/>\n<meta name=\"robots\" content=\"index, follow, max-snippet:-1, max-image-preview:large, max-video-preview:-1\" \/>\n<link rel=\"canonical\" href=\"https:\/\/strangercam.com\/de\/spinchat\/\" \/>\n<meta property=\"og:locale\" content=\"de_DE\" \/>\n<meta property=\"og:type\" content=\"article\" \/>\n<meta property=\"og:title\" content=\"Spinchat - Chat with strangers on StrangerCam.com\" \/>\n<meta property=\"og:description\" content=\"Like Spinchat? Come chat with more than 5.000.000 strangers on Stranger Cam for Free! Turn on your cam and find new friends &amp; maby a match!\" \/>\n<meta property=\"og:url\" content=\"https:\/\/strangercam.com\/de\/spinchat\/\" \/>\n<meta property=\"og:site_name\" content=\"Strangercam\" \/>\n<meta property=\"article:publisher\" content=\"https:\/\/www.facebook.com\/strangercam\" \/>\n<meta property=\"article:modified_time\" content=\"2023-08-21T10:38:41+00:00\" \/>\n<meta property=\"og:image\" content=\"https:\/\/strangercam.com\/wp-content\/uploads\/2020\/11\/stranger-cam-1.png\" \/>\n\t<meta property=\"og:image:width\" content=\"800\" \/>\n\t<meta property=\"og:image:height\" content=\"800\" \/>\n\t<meta property=\"og:image:type\" content=\"image\/png\" \/>\n<meta name=\"twitter:card\" content=\"summary_large_image\" \/>\n<meta name=\"twitter:site\" content=\"@strangercamapp\" \/>\n<meta name=\"twitter:label1\" content=\"Gesch\u00e4tzte Lesezeit\" \/>\n\t<meta name=\"twitter:data1\" content=\"6\u00a0Minuten\" \/>\n<script type=\"application\/ld+json\" class=\"yoast-schema-graph\">{\"@context\":\"https:\\\/\\\/schema.org\",\"@graph\":[{\"@type\":\"WebPage\",\"@id\":\"https:\\\/\\\/strangercam.com\\\/spinchat\\\/\",\"url\":\"https:\\\/\\\/strangercam.com\\\/spinchat\\\/\",\"name\":\"Spinchat - Chat with strangers on StrangerCam.com\",\"isPartOf\":{\"@id\":\"https:\\\/\\\/strangercam.com\\\/#website\"},\"primaryImageOfPage\":{\"@id\":\"https:\\\/\\\/strangercam.com\\\/spinchat\\\/#primaryimage\"},\"image\":{\"@id\":\"https:\\\/\\\/strangercam.com\\\/spinchat\\\/#primaryimage\"},\"thumbnailUrl\":\"https:\\\/\\\/strangercam.com\\\/wp-content\\\/uploads\\\/2020\\\/11\\\/stranger-cam-1.png\",\"datePublished\":\"2022-08-11T17:57:16+00:00\",\"dateModified\":\"2023-08-21T10:38:41+00:00\",\"description\":\"Like Spinchat? Come chat with more than 5.000.000 strangers on Stranger Cam for Free! Turn on your cam and find new friends & maby a match!\",\"breadcrumb\":{\"@id\":\"https:\\\/\\\/strangercam.com\\\/spinchat\\\/#breadcrumb\"},\"inLanguage\":\"de\",\"potentialAction\":[{\"@type\":\"ReadAction\",\"target\":[\"https:\\\/\\\/strangercam.com\\\/spinchat\\\/\"]}]},{\"@type\":\"ImageObject\",\"inLanguage\":\"de\",\"@id\":\"https:\\\/\\\/strangercam.com\\\/spinchat\\\/#primaryimage\",\"url\":\"https:\\\/\\\/strangercam.com\\\/wp-content\\\/uploads\\\/2020\\\/11\\\/stranger-cam-1.png\",\"contentUrl\":\"https:\\\/\\\/strangercam.com\\\/wp-content\\\/uploads\\\/2020\\\/11\\\/stranger-cam-1.png\",\"width\":800,\"height\":800,\"caption\":\"stranger cam random video chat\"},{\"@type\":\"BreadcrumbList\",\"@id\":\"https:\\\/\\\/strangercam.com\\\/spinchat\\\/#breadcrumb\",\"itemListElement\":[{\"@type\":\"ListItem\",\"position\":1,\"name\":\"Home\",\"item\":\"https:\\\/\\\/strangercam.com\\\/\"},{\"@type\":\"ListItem\",\"position\":2,\"name\":\"Spinchat\"}]},{\"@type\":\"WebSite\",\"@id\":\"https:\\\/\\\/strangercam.com\\\/#website\",\"url\":\"https:\\\/\\\/strangercam.com\\\/\",\"name\":\"Strangercam\",\"description\":\"Random Video Chat with Strangers\",\"publisher\":{\"@id\":\"https:\\\/\\\/strangercam.com\\\/#organization\"},\"alternateName\":\"Strangercam.com\",\"potentialAction\":[{\"@type\":\"SearchAction\",\"target\":{\"@type\":\"EntryPoint\",\"urlTemplate\":\"https:\\\/\\\/strangercam.com\\\/?s={search_term_string}\"},\"query-input\":{\"@type\":\"PropertyValueSpecification\",\"valueRequired\":true,\"valueName\":\"search_term_string\"}}],\"inLanguage\":\"de\"},{\"@type\":\"Organization\",\"@id\":\"https:\\\/\\\/strangercam.com\\\/#organization\",\"name\":\"Strangercam\",\"alternateName\":\"Strangercam.com\",\"url\":\"https:\\\/\\\/strangercam.com\\\/\",\"logo\":{\"@type\":\"ImageObject\",\"inLanguage\":\"de\",\"@id\":\"https:\\\/\\\/strangercam.com\\\/#\\\/schema\\\/logo\\\/image\\\/\",\"url\":\"https:\\\/\\\/strangercam.com\\\/wp-content\\\/uploads\\\/2020\\\/11\\\/cropped-new-favicon-black.png\",\"contentUrl\":\"https:\\\/\\\/strangercam.com\\\/wp-content\\\/uploads\\\/2020\\\/11\\\/cropped-new-favicon-black.png\",\"width\":512,\"height\":512,\"caption\":\"Strangercam\"},\"image\":{\"@id\":\"https:\\\/\\\/strangercam.com\\\/#\\\/schema\\\/logo\\\/image\\\/\"},\"sameAs\":[\"https:\\\/\\\/www.facebook.com\\\/strangercam\",\"https:\\\/\\\/x.com\\\/strangercamapp\"]}]}<\/script>\n<!-- \/ Yoast SEO plugin. -->","yoast_head_json":{"title":"Spinchat - Chatte mit Fremden auf StrangerCam.com","description":"Gef\u00e4llt dir Spinchat? Komm und chatte mit mehr als 5.000.000 Fremden auf Stranger Cam kostenlos! Schalte deine Kamera ein und finde neue Freunde und vielleicht einen Partner!","robots":{"index":"index","follow":"follow","max-snippet":"max-snippet:-1","max-image-preview":"max-image-preview:large","max-video-preview":"max-video-preview:-1"},"canonical":"https:\/\/strangercam.com\/de\/spinchat\/","og_locale":"de_DE","og_type":"article","og_title":"Spinchat - Chat with strangers on StrangerCam.com","og_description":"Like Spinchat? Come chat with more than 5.000.000 strangers on Stranger Cam for Free! Turn on your cam and find new friends & maby a match!","og_url":"https:\/\/strangercam.com\/de\/spinchat\/","og_site_name":"Strangercam","article_publisher":"https:\/\/www.facebook.com\/strangercam","article_modified_time":"2023-08-21T10:38:41+00:00","og_image":[{"width":800,"height":800,"url":"https:\/\/strangercam.com\/wp-content\/uploads\/2020\/11\/stranger-cam-1.png","type":"image\/png"}],"twitter_card":"summary_large_image","twitter_site":"@strangercamapp","twitter_misc":{"Gesch\u00e4tzte Lesezeit":"6\u00a0Minuten"},"schema":{"@context":"https:\/\/schema.org","@graph":[{"@type":"WebPage","@id":"https:\/\/strangercam.com\/spinchat\/","url":"https:\/\/strangercam.com\/spinchat\/","name":"Spinchat - Chatte mit Fremden auf StrangerCam.com","isPartOf":{"@id":"https:\/\/strangercam.com\/#website"},"primaryImageOfPage":{"@id":"https:\/\/strangercam.com\/spinchat\/#primaryimage"},"image":{"@id":"https:\/\/strangercam.com\/spinchat\/#primaryimage"},"thumbnailUrl":"https:\/\/strangercam.com\/wp-content\/uploads\/2020\/11\/stranger-cam-1.png","datePublished":"2022-08-11T17:57:16+00:00","dateModified":"2023-08-21T10:38:41+00:00","description":"Gef\u00e4llt dir Spinchat? Komm und chatte mit mehr als 5.000.000 Fremden auf Stranger Cam kostenlos! Schalte deine Kamera ein und finde neue Freunde und vielleicht einen Partner!","breadcrumb":{"@id":"https:\/\/strangercam.com\/spinchat\/#breadcrumb"},"inLanguage":"de","potentialAction":[{"@type":"ReadAction","target":["https:\/\/strangercam.com\/spinchat\/"]}]},{"@type":"ImageObject","inLanguage":"de","@id":"https:\/\/strangercam.com\/spinchat\/#primaryimage","url":"https:\/\/strangercam.com\/wp-content\/uploads\/2020\/11\/stranger-cam-1.png","contentUrl":"https:\/\/strangercam.com\/wp-content\/uploads\/2020\/11\/stranger-cam-1.png","width":800,"height":800,"caption":"stranger cam random video chat"},{"@type":"BreadcrumbList","@id":"https:\/\/strangercam.com\/spinchat\/#breadcrumb","itemListElement":[{"@type":"ListItem","position":1,"name":"Home","item":"https:\/\/strangercam.com\/"},{"@type":"ListItem","position":2,"name":"Spinchat"}]},{"@type":"WebSite","@id":"https:\/\/strangercam.com\/#website","url":"https:\/\/strangercam.com\/","name":"Strangercam","description":"Zuf\u00e4lliger Video-Chat mit Fremden","publisher":{"@id":"https:\/\/strangercam.com\/#organization"},"alternateName":"Strangercam.com","potentialAction":[{"@type":"SearchAction","target":{"@type":"EntryPoint","urlTemplate":"https:\/\/strangercam.com\/?s={search_term_string}"},"query-input":{"@type":"PropertyValueSpecification","valueRequired":true,"valueName":"search_term_string"}}],"inLanguage":"de"},{"@type":"Organization","@id":"https:\/\/strangercam.com\/#organization","name":"Strangercam","alternateName":"Strangercam.com","url":"https:\/\/strangercam.com\/","logo":{"@type":"ImageObject","inLanguage":"de","@id":"https:\/\/strangercam.com\/#\/schema\/logo\/image\/","url":"https:\/\/strangercam.com\/wp-content\/uploads\/2020\/11\/cropped-new-favicon-black.png","contentUrl":"https:\/\/strangercam.com\/wp-content\/uploads\/2020\/11\/cropped-new-favicon-black.png","width":512,"height":512,"caption":"Strangercam"},"image":{"@id":"https:\/\/strangercam.com\/#\/schema\/logo\/image\/"},"sameAs":["https:\/\/www.facebook.com\/strangercam","https:\/\/x.com\/strangercamapp"]}]}},"_links":{"self":[{"href":"https:\/\/strangercam.com\/de\/wp-json\/wp\/v2\/pages\/11248","targetHints":{"allow":["GET"]}}],"collection":[{"href":"https:\/\/strangercam.com\/de\/wp-json\/wp\/v2\/pages"}],"about":[{"href":"https:\/\/strangercam.com\/de\/wp-json\/wp\/v2\/types\/page"}],"author":[{"embeddable":true,"href":"https:\/\/strangercam.com\/de\/wp-json\/wp\/v2\/users\/6"}],"replies":[{"embeddable":true,"href":"https:\/\/strangercam.com\/de\/wp-json\/wp\/v2\/comments?post=11248"}],"version-history":[{"count":0,"href":"https:\/\/strangercam.com\/de\/wp-json\/wp\/v2\/pages\/11248\/revisions"}],"wp:featuredmedia":[{"embeddable":true,"href":"https:\/\/strangercam.com\/de\/wp-json\/wp\/v2\/media\/559"}],"wp:attachment":[{"href":"https:\/\/strangercam.com\/de\/wp-json\/wp\/v2\/media?parent=11248"}],"curies":[{"name":"wp","href":"https:\/\/api.w.org\/{rel}","templated":true}]}}