{"id":11194,"date":"2022-08-11T15:50:53","date_gmt":"2022-08-11T13:50:53","guid":{"rendered":"https:\/\/strangercam.com\/?page_id=11194"},"modified":"2023-08-21T11:40:39","modified_gmt":"2023-08-21T09:40:39","slug":"camskip","status":"publish","type":"page","link":"https:\/\/strangercam.com\/de\/camskip\/","title":{"rendered":"Camskip"},"content":{"rendered":"<p>Haben Sie sich schon einmal gew\u00fcnscht, Sie k\u00f6nnten den ganzen Smalltalk einfach \u00fcberspringen und zu dem Teil kommen, der Spa\u00df macht, wenn Sie neue Leute kennenlernen? Nun, daf\u00fcr gibt es jetzt eine App! Camskip ist eine neue Dating-App, mit der Sie genau das tun k\u00f6nnen. <a href=\"https:\/\/strangercam.com\/de\/coomeet\/\">treffen<\/a> neue Menschen und <a href=\"https:\/\/strangercam.com\/de\/flingster\/\">flirten<\/a> mit Fremden, ohne den ganzen \u00c4rger.<\/p>\n<h2>Was ist camskip?<\/h2>\n<p>camskip ist ein neuer Zufallsgenerator <a href=\"https:\/\/strangercam.com\/de\/chatroulette\/\">Chat<\/a> Plattform, auf der Sie neue Leute kennenlernen und mit Fremden flirten k\u00f6nnen. Die Plattform wird bei den Nutzern immer beliebter. Das Konzept der Plattform ist einfach: Sie k\u00f6nnen entweder einem bestehenden Chatraum beitreten oder Ihren eigenen erstellen und andere dazu einladen. Sobald Sie in einem Chatraum sind, k\u00f6nnen Sie mit anderen Nutzern flirten. Wenn jemand Ihr Interesse geweckt hat, k\u00f6nnen Sie ihn zu Ihrer Freundesliste hinzuf\u00fcgen und weiter mit ihm chatten.<\/p>\n<h2>So verwenden Sie camskip<\/h2>\n<p>Wenn du neue Leute kennenlernen und mit Fremden flirten willst, ist camskip die perfekte Plattform f\u00fcr dich. Hier ist eine kurze Anleitung, wie man camskip benutzt:<\/p>\n<ol>\n<li>Registrieren Sie sich f\u00fcr ein kostenloses Konto. Sie m\u00fcssen eine g\u00fcltige E-Mail-Adresse angeben und einen Benutzernamen und ein Passwort erstellen.<\/li>\n<li>Sobald Sie eingeloggt sind, k\u00f6nnen Sie mit jedem chatten, der online ist. Klicken Sie dazu einfach auf die Schaltfl\u00e4che \"Chat\" oben auf der Seite.<\/li>\n<li>Wenn Sie jemanden sehen, der Ihnen gef\u00e4llt, k\u00f6nnen Sie ihm eine private Nachricht schicken, indem Sie auf die Schaltfl\u00e4che \"Nachricht\" klicken.<\/li>\n<li>Um mit jemandem zu flirten, klicken Sie auf die Schaltfl\u00e4che \"Flirten\". Dadurch wird der Person eine Flirtnachricht gesendet, die sie entweder annehmen oder ablehnen kann.<\/li>\n<li>Wenn Sie die Sache auf die n\u00e4chste Stufe heben m\u00f6chten, k\u00f6nnen Sie sie zu Ihrer \"Freundesliste\" hinzuf\u00fcgen, indem Sie auf die Schaltfl\u00e4che \"Freund hinzuf\u00fcgen\" klicken. Auf diese Weise k\u00f6nnen Sie jederzeit mit ihnen chatten, wenn sie online sind.<\/li>\n<\/ol>\n<h2>Vor- und Nachteile von camskip<\/h2>\n<p>Es gibt sowohl Vor- als auch Nachteile des Cammings. Zu den positiven Aspekten geh\u00f6ren die M\u00f6glichkeit, von zu Hause aus Geld zu verdienen, die Flexibilit\u00e4t, zu arbeiten, wann man will, und die M\u00f6glichkeit, mit Menschen aus der ganzen Welt in Kontakt zu treten. Die Kehrseite der Medaille ist, dass Camming ziemlich s\u00fcchtig machen kann und zu finanziellen Schwierigkeiten f\u00fchren kann, wenn man nicht sorgf\u00e4ltig damit umgeht.<\/p>\n<p>Camskip hat eine Reihe von Vorteilen gegen\u00fcber anderen Methoden der Online-Kommunikation. Der vielleicht offensichtlichste Vorteil ist, dass die Nutzung kostenlos ist. Das bedeutet, dass jeder, der eine Internetverbindung hat, camskip nutzen kann, ohne irgendwelche Geb\u00fchren zu zahlen.<\/p>\n<p>Ein weiterer Vorteil von camskip ist, dass es den Nutzern eine intimere Form der Kommunikation bietet als andere Methoden wie Chatrooms oder Foren. Der Grund daf\u00fcr ist, dass die Nutzer die Gesichter der anderen sehen k\u00f6nnen, w\u00e4hrend sie miteinander sprechen. Dies kann dazu beitragen, Vertrauen und Beziehungen zwischen den Nutzern aufzubauen.<\/p>\n<p>Allerdings gibt es auch einige Nachteile, die mit camskip verbunden sind. Einer davon ist, dass es ziemlich schwierig sein kann, Leute zu finden, mit denen man auf camskip sprechen m\u00f6chte. Das liegt daran, dass die Seite darauf angewiesen ist, dass sich die Nutzer gegenseitig \u00fcber Schl\u00fcsselw\u00f6rter und Tags finden. Daher kann es recht schwierig sein, auf camskip jemanden zu finden, der Ihre Interessen teilt.<\/p>\n<h2>Was Sie bei der Nutzung von camskip erwartet<\/h2>\n<p>Wenn Sie camskip benutzen, k\u00f6nnen Sie erwarten, neue Leute aus der ganzen Welt zu treffen. Du wirst mit ihnen chatten und flirten k\u00f6nnen. Vielleicht finden Sie sich sogar in einer Beziehung mit jemandem, den Sie auf camskip kennengelernt haben.<\/p>\n<h2>Warum ist camskip eine so beliebte Plattform f\u00fcr zuf\u00e4llige Videochats?<\/h2>\n<p>Seit dem Start Anfang 2020 hat sich camskip zu einer der beliebtesten Plattformen f\u00fcr zuf\u00e4llige Videochats im Internet entwickelt. Es gibt ein paar wichtige Gr\u00fcnde, warum camskip so beliebt ist:<\/p>\n<ul>\n<li style=\"font-weight: 400;\" aria-level=\"1\">Die Nutzung von Camskip ist v\u00f6llig kostenlos - es gibt keine versteckten Geb\u00fchren oder Kosten.<\/li>\n<li style=\"font-weight: 400;\" aria-level=\"1\">Camskip ist super einfach zu bedienen - alles was Sie brauchen ist eine Webkamera und eine Internetverbindung.<\/li>\n<li style=\"font-weight: 400;\" aria-level=\"1\">Camskip bietet eine Vielzahl von Funktionen, darunter die M\u00f6glichkeit, neue Leute kennenzulernen und mit Fremden zu flirten.<\/li>\n<li style=\"font-weight: 400;\" aria-level=\"1\">Camskip ist in mehreren Sprachen verf\u00fcgbar, so dass Nutzer aus der ganzen Welt in den Genuss der Software kommen.<\/li>\n<li style=\"font-weight: 400;\" aria-level=\"1\">Camskip f\u00fcgt st\u00e4ndig neue Funktionen hinzu und verbessert die Benutzerfreundlichkeit.<\/li>\n<\/ul>\n<p>Wenn du auf der Suche nach einer lustigen und einfachen M\u00f6glichkeit bist, neue Leute kennenzulernen und mit Fremden zu flirten, dann ist camskip definitiv einen Blick wert!<\/p>\n<h2>So nutzen Sie camskip optimal<\/h2>\n<p>Es besteht kein Zweifel, dass Camskip eine gro\u00dfartige M\u00f6glichkeit ist, neue Leute kennenzulernen und mit Fremden zu flirten. Aber wenn Sie wirklich das Beste aus diesem sozialen Netzwerk machen wollen, gibt es ein paar Dinge, die Sie beachten sollten.<\/p>\n<p>Denken Sie zun\u00e4chst daran, sicher zu sein. Geben Sie keine pers\u00f6nlichen Informationen an Personen weiter, die Sie nicht kennen, und seien Sie vorsichtig mit dem, was Sie in Chatr\u00e4umen sagen. Man wei\u00df nie, wer am anderen Ende lauern k\u00f6nnte.<\/p>\n<p>Zweitens: Nutzen Sie alle Funktionen, die camskip zu bieten hat. Verwenden Sie die Suchfunktion, um Menschen mit \u00e4hnlichen Interessen zu finden, treten Sie Gruppen bei und beteiligen Sie sich an Diskussionen. Je mehr Sie mit anderen interagieren, desto wahrscheinlicher ist es, dass Sie jemanden Besonderes finden.<\/p>\n<p>Und schlie\u00dflich: Haben Sie Spa\u00df! Flirten und neue Leute kennenlernen kann sehr viel Spa\u00df machen, also nehmen Sie sich nicht zu ernst. Entspannen Sie sich und genie\u00dfen Sie die Erfahrung, und Sie werden sicher eine gute Zeit haben.<\/p>\n<h2>Welche Art von Menschen k\u00f6nnen Sie auf einer beliebigen Videochat-Plattform erwarten?<\/h2>\n<p>Die Menschen, die Sie auf jeder <a href=\"https:\/\/strangercam.com\/de\/chathub\/\">zuf\u00e4lliger Video-Chat<\/a> Plattform wird eine gemischte Gruppe sein. Einige werden freundlich und offen sein, w\u00e4hrend andere eher zur\u00fcckhaltend sein werden. Vielleicht treffen Sie auch Menschen aus allen Lebensbereichen, einschlie\u00dflich verschiedener Kulturen und Hintergr\u00fcnde.<\/p>\n<p>Wenn Sie auf der Suche nach Liebe oder einfach nur ein bisschen Spa\u00df sind, werden Sie auf einer zuf\u00e4lligen Videochat-Plattform wie camskip bestimmt f\u00fcndig. Man wei\u00df nie, wen man auf diesen Plattformen trifft - es k\u00f6nnte ein v\u00f6llig Fremder von \u00fcberall auf der Welt sein. Aber eines ist sicher: Du wirst eine Menge Spa\u00df beim Flirten und Chatten mit neuen Leuten auf camskip haben.<\/p>\n<h2>Ist die Verwendung sicher?<\/h2>\n<p>Wenn du erw\u00e4gst, CamSkip zu nutzen, um neue Leute kennenzulernen und mit Fremden zu flirten, fragst du dich vielleicht, ob es sicher ist, die Seite zu nutzen. Auch wenn es keine Garantie daf\u00fcr gibt, dass du eine positive Erfahrung mit der Seite machen wirst, gibt es einige Dinge, die du tun kannst, um deine Sicherheit zu gew\u00e4hrleisten. Nehmen Sie sich zun\u00e4chst etwas Zeit, um die Sicherheitstipps auf der Website zu lesen. Diese Tipps k\u00f6nnen Ihnen dabei helfen, potenzielle Gefahrenbereiche zu vermeiden und sicherzustellen, dass Sie wissen, wie Sie sich bei der Nutzung der Website sicher verhalten k\u00f6nnen. Achten Sie au\u00dferdem darauf, dass Sie mit Fremden nur an \u00f6ffentlichen Orten chatten. So verringern Sie das Risiko, jemanden zu treffen, der vielleicht nicht so vertrauensw\u00fcrdig ist, wie Sie es sich w\u00fcnschen. Und schlie\u00dflich sollten Sie auf Ihr Bauchgef\u00fchl vertrauen. Wenn Ihnen etwas an der Person, mit der Sie chatten, nicht gef\u00e4llt, ist es wahrscheinlich am besten, wenn Sie zu einer anderen Person wechseln. Wenn du diese einfachen Sicherheitstipps befolgst, kannst du sicherstellen, dass deine Erfahrung mit CamSkip eine positive ist.<\/p>\n<h2>Vorbeugende Ma\u00dfnahmen bei der Nutzung von Video-Chat nach dem Zufallsprinzip<\/h2>\n<p>Wenn Sie einen zuf\u00e4lligen Videochat nutzen, k\u00f6nnen Sie einige Ma\u00dfnahmen ergreifen, um negative Erfahrungen zu vermeiden. Achten Sie zun\u00e4chst darauf, dass Sie sich nur mit Personen verbinden, die Sie kennen und denen Sie vertrauen. Wenn Sie die Person, mit der Sie sich verbinden wollen, nicht kennen, stellen Sie sicher, dass Sie sich vorher informieren. Zweitens: Geben Sie keine pers\u00f6nlichen Informationen weiter und beteiligen Sie sich nicht an Aktivit\u00e4ten, die zu Identit\u00e4tsdiebstahl oder Betrug f\u00fchren k\u00f6nnten. Schlie\u00dflich sollten Sie immer vorsichtig sein, wenn Sie jemanden zum ersten Mal pers\u00f6nlich treffen. Wenn m\u00f6glich, sollten Sie sich an einem \u00f6ffentlichen Ort treffen und jemanden mitnehmen. Wenn Sie diese einfachen Tipps befolgen, k\u00f6nnen Sie sicherstellen, dass Ihre Erfahrungen mit zuf\u00e4lligen Videochats positiv sind.<\/p>\n<h2>Alternative zu camskip<\/h2>\n<p>Es gibt viele Alternativen zu Camskip. Egal, ob Sie auf der Suche nach einer flirtenden Erfahrung sind oder einfach nur neue Leute kennenlernen wollen, es gibt eine Option f\u00fcr Sie. Hier sind einige der besten Alternativen zu camskip:<\/p>\n<ol>\n<li><a href=\"https:\/\/strangercam.com\/de\/omegle\/\">Omegle<\/a>: Diese Seite \u00e4hnelt camskip insofern, als dass man hier mit Fremden chatten kann. Es gibt jedoch auch einen Bereich, in dem man mit anderen flirten kann. Dies macht es gro\u00dfartig f\u00fcr diejenigen, die f\u00fcr eine flirty Erfahrung suchen.<\/li>\n<li>Chatrandom: Diese Seite \u00e4hnelt camskip insofern, als sie es Ihnen erm\u00f6glicht, mit Fremden zu chatten. Allerdings gibt es hier auch einen Bereich, in dem man mit anderen flirten kann. Das macht es gro\u00dfartig f\u00fcr diejenigen, die auf der Suche nach einem Flirt-Erlebnis sind.<\/li>\n<li>DirtyRoulette: Diese Seite \u00e4hnelt camskip insofern, als sie es Ihnen erm\u00f6glicht, mit Fremden zu chatten. Allerdings gibt es hier auch einen Bereich, in dem man mit anderen flirten kann. Das macht sie gro\u00dfartig f\u00fcr diejenigen, die nach einer flirtenden Erfahrung suchen.<\/li>\n<\/ol>\n<h2>Schlussfolgerung<\/h2>\n<p>Wenn Sie auf der Suche nach einer neuen M\u00f6glichkeit sind, Leute kennenzulernen und mit Fremden zu flirten, ist camskip definitiv einen Blick wert. Die App ist kostenlos und einfach zu navigieren, was sie zu einer gro\u00dfartigen Option f\u00fcr alle macht, die neugierig auf Online-Dating sind oder einfach mit Menschen aus der ganzen Welt chatten wollen. Egal, ob du auf der Suche nach Freundschaft oder mehr bist, camskip kann dir helfen, mit Gleichgesinnten in einer sicheren und lustigen Umgebung in Kontakt zu treten. Warum also nicht noch heute einen Versuch wagen?<\/p>","protected":false},"excerpt":{"rendered":"<p>Have you ever wished you could just skip past all the small talk and get to the fun part of meeting new people? Well, now there&#8217;s an app for that! Camskip is a new dating app that allows you to do just that &#8211; meet new people and flirt with strangers, without all the hassle. [&hellip;]<\/p>\n","protected":false},"author":6,"featured_media":559,"parent":0,"menu_order":0,"comment_status":"closed","ping_status":"closed","template":"","meta":{"footnotes":""},"class_list":["post-11194","page","type-page","status-publish","has-post-thumbnail","hentry"],"yoast_head":"<!-- This site is optimized with the Yoast SEO plugin v26.9 - https:\/\/yoast.com\/product\/yoast-seo-wordpress\/ -->\n<title>Camskip - Chat with strangers on StrangerCam.com<\/title>\n<meta name=\"description\" content=\"Like Camskip? Come chat with more than 5.000.000 strangers on Stranger Cam for Free! Turn on your cam and find new friends &amp; maby a match!\" \/>\n<meta name=\"robots\" content=\"index, follow, max-snippet:-1, max-image-preview:large, max-video-preview:-1\" \/>\n<link rel=\"canonical\" href=\"https:\/\/strangercam.com\/de\/camskip\/\" \/>\n<meta property=\"og:locale\" content=\"de_DE\" \/>\n<meta property=\"og:type\" content=\"article\" \/>\n<meta property=\"og:title\" content=\"Camskip - Chat with strangers on StrangerCam.com\" \/>\n<meta property=\"og:description\" content=\"Like Camskip? Come chat with more than 5.000.000 strangers on Stranger Cam for Free! Turn on your cam and find new friends &amp; maby a match!\" \/>\n<meta property=\"og:url\" content=\"https:\/\/strangercam.com\/de\/camskip\/\" \/>\n<meta property=\"og:site_name\" content=\"Strangercam\" \/>\n<meta property=\"article:publisher\" content=\"https:\/\/www.facebook.com\/strangercam\" \/>\n<meta property=\"article:modified_time\" content=\"2023-08-21T09:40:39+00:00\" \/>\n<meta property=\"og:image\" content=\"https:\/\/strangercam.com\/wp-content\/uploads\/2020\/11\/stranger-cam-1.png\" \/>\n\t<meta property=\"og:image:width\" content=\"800\" \/>\n\t<meta property=\"og:image:height\" content=\"800\" \/>\n\t<meta property=\"og:image:type\" content=\"image\/png\" \/>\n<meta name=\"twitter:card\" content=\"summary_large_image\" \/>\n<meta name=\"twitter:site\" content=\"@strangercamapp\" \/>\n<meta name=\"twitter:label1\" content=\"Gesch\u00e4tzte Lesezeit\" \/>\n\t<meta name=\"twitter:data1\" content=\"7\u00a0Minuten\" \/>\n<script type=\"application\/ld+json\" class=\"yoast-schema-graph\">{\"@context\":\"https:\/\/schema.org\",\"@graph\":[{\"@type\":\"WebPage\",\"@id\":\"https:\/\/strangercam.com\/camskip\/\",\"url\":\"https:\/\/strangercam.com\/camskip\/\",\"name\":\"Camskip - Chat with strangers on StrangerCam.com\",\"isPartOf\":{\"@id\":\"https:\/\/strangercam.com\/#website\"},\"primaryImageOfPage\":{\"@id\":\"https:\/\/strangercam.com\/camskip\/#primaryimage\"},\"image\":{\"@id\":\"https:\/\/strangercam.com\/camskip\/#primaryimage\"},\"thumbnailUrl\":\"https:\/\/strangercam.com\/wp-content\/uploads\/2020\/11\/stranger-cam-1.png\",\"datePublished\":\"2022-08-11T13:50:53+00:00\",\"dateModified\":\"2023-08-21T09:40:39+00:00\",\"description\":\"Like Camskip? Come chat with more than 5.000.000 strangers on Stranger Cam for Free! Turn on your cam and find new friends & maby a match!\",\"breadcrumb\":{\"@id\":\"https:\/\/strangercam.com\/camskip\/#breadcrumb\"},\"inLanguage\":\"de\",\"potentialAction\":[{\"@type\":\"ReadAction\",\"target\":[\"https:\/\/strangercam.com\/camskip\/\"]}]},{\"@type\":\"ImageObject\",\"inLanguage\":\"de\",\"@id\":\"https:\/\/strangercam.com\/camskip\/#primaryimage\",\"url\":\"https:\/\/strangercam.com\/wp-content\/uploads\/2020\/11\/stranger-cam-1.png\",\"contentUrl\":\"https:\/\/strangercam.com\/wp-content\/uploads\/2020\/11\/stranger-cam-1.png\",\"width\":800,\"height\":800,\"caption\":\"stranger cam random video chat\"},{\"@type\":\"BreadcrumbList\",\"@id\":\"https:\/\/strangercam.com\/camskip\/#breadcrumb\",\"itemListElement\":[{\"@type\":\"ListItem\",\"position\":1,\"name\":\"Home\",\"item\":\"https:\/\/strangercam.com\/\"},{\"@type\":\"ListItem\",\"position\":2,\"name\":\"Camskip\"}]},{\"@type\":\"WebSite\",\"@id\":\"https:\/\/strangercam.com\/#website\",\"url\":\"https:\/\/strangercam.com\/\",\"name\":\"Strangercam\",\"description\":\"Random Video Chat with Strangers\",\"publisher\":{\"@id\":\"https:\/\/strangercam.com\/#organization\"},\"alternateName\":\"Strangercam.com\",\"potentialAction\":[{\"@type\":\"SearchAction\",\"target\":{\"@type\":\"EntryPoint\",\"urlTemplate\":\"https:\/\/strangercam.com\/?s={search_term_string}\"},\"query-input\":{\"@type\":\"PropertyValueSpecification\",\"valueRequired\":true,\"valueName\":\"search_term_string\"}}],\"inLanguage\":\"de\"},{\"@type\":\"Organization\",\"@id\":\"https:\/\/strangercam.com\/#organization\",\"name\":\"Strangercam\",\"alternateName\":\"Strangercam.com\",\"url\":\"https:\/\/strangercam.com\/\",\"logo\":{\"@type\":\"ImageObject\",\"inLanguage\":\"de\",\"@id\":\"https:\/\/strangercam.com\/#\/schema\/logo\/image\/\",\"url\":\"https:\/\/strangercam.com\/wp-content\/uploads\/2020\/11\/cropped-new-favicon-black.png\",\"contentUrl\":\"https:\/\/strangercam.com\/wp-content\/uploads\/2020\/11\/cropped-new-favicon-black.png\",\"width\":512,\"height\":512,\"caption\":\"Strangercam\"},\"image\":{\"@id\":\"https:\/\/strangercam.com\/#\/schema\/logo\/image\/\"},\"sameAs\":[\"https:\/\/www.facebook.com\/strangercam\",\"https:\/\/x.com\/strangercamapp\"]}]}<\/script>\n<!-- \/ Yoast SEO plugin. -->","yoast_head_json":{"title":"Camskip - Chatte mit Fremden auf StrangerCam.com","description":"Gef\u00e4llt dir Camskip? Komm und chatte mit mehr als 5.000.000 Fremden auf Stranger Cam kostenlos! Schalte deine Kamera ein und finde neue Freunde und vielleicht einen Partner!","robots":{"index":"index","follow":"follow","max-snippet":"max-snippet:-1","max-image-preview":"max-image-preview:large","max-video-preview":"max-video-preview:-1"},"canonical":"https:\/\/strangercam.com\/de\/camskip\/","og_locale":"de_DE","og_type":"article","og_title":"Camskip - Chat with strangers on StrangerCam.com","og_description":"Like Camskip? Come chat with more than 5.000.000 strangers on Stranger Cam for Free! Turn on your cam and find new friends & maby a match!","og_url":"https:\/\/strangercam.com\/de\/camskip\/","og_site_name":"Strangercam","article_publisher":"https:\/\/www.facebook.com\/strangercam","article_modified_time":"2023-08-21T09:40:39+00:00","og_image":[{"width":800,"height":800,"url":"https:\/\/strangercam.com\/wp-content\/uploads\/2020\/11\/stranger-cam-1.png","type":"image\/png"}],"twitter_card":"summary_large_image","twitter_site":"@strangercamapp","twitter_misc":{"Gesch\u00e4tzte Lesezeit":"7\u00a0Minuten"},"schema":{"@context":"https:\/\/schema.org","@graph":[{"@type":"WebPage","@id":"https:\/\/strangercam.com\/camskip\/","url":"https:\/\/strangercam.com\/camskip\/","name":"Camskip - Chatte mit Fremden auf StrangerCam.com","isPartOf":{"@id":"https:\/\/strangercam.com\/#website"},"primaryImageOfPage":{"@id":"https:\/\/strangercam.com\/camskip\/#primaryimage"},"image":{"@id":"https:\/\/strangercam.com\/camskip\/#primaryimage"},"thumbnailUrl":"https:\/\/strangercam.com\/wp-content\/uploads\/2020\/11\/stranger-cam-1.png","datePublished":"2022-08-11T13:50:53+00:00","dateModified":"2023-08-21T09:40:39+00:00","description":"Gef\u00e4llt dir Camskip? Komm und chatte mit mehr als 5.000.000 Fremden auf Stranger Cam kostenlos! Schalte deine Kamera ein und finde neue Freunde und vielleicht einen Partner!","breadcrumb":{"@id":"https:\/\/strangercam.com\/camskip\/#breadcrumb"},"inLanguage":"de","potentialAction":[{"@type":"ReadAction","target":["https:\/\/strangercam.com\/camskip\/"]}]},{"@type":"ImageObject","inLanguage":"de","@id":"https:\/\/strangercam.com\/camskip\/#primaryimage","url":"https:\/\/strangercam.com\/wp-content\/uploads\/2020\/11\/stranger-cam-1.png","contentUrl":"https:\/\/strangercam.com\/wp-content\/uploads\/2020\/11\/stranger-cam-1.png","width":800,"height":800,"caption":"stranger cam random video chat"},{"@type":"BreadcrumbList","@id":"https:\/\/strangercam.com\/camskip\/#breadcrumb","itemListElement":[{"@type":"ListItem","position":1,"name":"Home","item":"https:\/\/strangercam.com\/"},{"@type":"ListItem","position":2,"name":"Camskip"}]},{"@type":"WebSite","@id":"https:\/\/strangercam.com\/#website","url":"https:\/\/strangercam.com\/","name":"Strangercam","description":"Zuf\u00e4lliger Video-Chat mit Fremden","publisher":{"@id":"https:\/\/strangercam.com\/#organization"},"alternateName":"Strangercam.com","potentialAction":[{"@type":"SearchAction","target":{"@type":"EntryPoint","urlTemplate":"https:\/\/strangercam.com\/?s={search_term_string}"},"query-input":{"@type":"PropertyValueSpecification","valueRequired":true,"valueName":"search_term_string"}}],"inLanguage":"de"},{"@type":"Organization","@id":"https:\/\/strangercam.com\/#organization","name":"Strangercam","alternateName":"Strangercam.com","url":"https:\/\/strangercam.com\/","logo":{"@type":"ImageObject","inLanguage":"de","@id":"https:\/\/strangercam.com\/#\/schema\/logo\/image\/","url":"https:\/\/strangercam.com\/wp-content\/uploads\/2020\/11\/cropped-new-favicon-black.png","contentUrl":"https:\/\/strangercam.com\/wp-content\/uploads\/2020\/11\/cropped-new-favicon-black.png","width":512,"height":512,"caption":"Strangercam"},"image":{"@id":"https:\/\/strangercam.com\/#\/schema\/logo\/image\/"},"sameAs":["https:\/\/www.facebook.com\/strangercam","https:\/\/x.com\/strangercamapp"]}]}},"_links":{"self":[{"href":"https:\/\/strangercam.com\/de\/wp-json\/wp\/v2\/pages\/11194","targetHints":{"allow":["GET"]}}],"collection":[{"href":"https:\/\/strangercam.com\/de\/wp-json\/wp\/v2\/pages"}],"about":[{"href":"https:\/\/strangercam.com\/de\/wp-json\/wp\/v2\/types\/page"}],"author":[{"embeddable":true,"href":"https:\/\/strangercam.com\/de\/wp-json\/wp\/v2\/users\/6"}],"replies":[{"embeddable":true,"href":"https:\/\/strangercam.com\/de\/wp-json\/wp\/v2\/comments?post=11194"}],"version-history":[{"count":0,"href":"https:\/\/strangercam.com\/de\/wp-json\/wp\/v2\/pages\/11194\/revisions"}],"wp:featuredmedia":[{"embeddable":true,"href":"https:\/\/strangercam.com\/de\/wp-json\/wp\/v2\/media\/559"}],"wp:attachment":[{"href":"https:\/\/strangercam.com\/de\/wp-json\/wp\/v2\/media?parent=11194"}],"curies":[{"name":"wp","href":"https:\/\/api.w.org\/{rel}","templated":true}]}}