{"id":11142,"date":"2022-08-11T15:06:21","date_gmt":"2022-08-11T13:06:21","guid":{"rendered":"https:\/\/strangercam.com\/?page_id=11142"},"modified":"2023-08-21T11:40:39","modified_gmt":"2023-08-21T09:40:39","slug":"camki","status":"publish","type":"page","link":"https:\/\/strangercam.com\/de\/camki\/","title":{"rendered":"Camki"},"content":{"rendered":"<p>Heutzutage gibt es viele Online-Chat-Plattformen. Unter ihnen ist Camki eine zuverl\u00e4ssige Online-Chat-Plattform, die ihren Nutzern verschiedene Funktionen bietet. Einige dieser Funktionen sind die Unterst\u00fctzung von Audio- und Videoanrufen, Instant Messaging, Dateifreigabe, etc.<\/p>\n<h2>Was ist Camki?<\/h2>\n<p>Camki ist eine neue Online-Chat-Plattform, die in letzter Zeit an Popularit\u00e4t gewonnen hat. Es ist eine zuverl\u00e4ssige und benutzerfreundliche Plattform, die ihren Nutzern viele Funktionen bietet. Camki ist ein gro\u00dfartiger Ort, um mit Freunden und Familienmitgliedern in Kontakt zu treten, aber auch um <a href=\"https:\/\/strangercam.com\/de\/coomeet\/\">treffen<\/a> neue Leute aus der ganzen Welt. Auch f\u00fcr Unternehmen ist die Plattform ideal, da sie mit Kunden und Klienten in Echtzeit kommunizieren k\u00f6nnen.<\/p>\n<h2>Wie wird Camki verwendet?<\/h2>\n<p>Wenn Sie auf der Suche nach einer zuverl\u00e4ssigen Online-Chat-Plattform sind, ist Camki die perfekte Wahl. Camki ist einfach zu bedienen und bietet eine Vielzahl von Funktionen, die es zu einer guten Wahl f\u00fcr Online-Chats machen. Hier sind einige Tipps, wie Sie Camki nutzen k\u00f6nnen:<\/p>\n<ul>\n<li style=\"font-weight: 400;\" aria-level=\"1\">Um mit der Nutzung von Camki zu beginnen, melden Sie sich f\u00fcr ein kostenloses Konto an. Sie m\u00fcssen Ihren Namen und Ihre E-Mail-Adresse angeben und ein Passwort erstellen.<\/li>\n<li style=\"font-weight: 400;\" aria-level=\"1\">Sobald Sie Ihr Konto erstellt haben, melden Sie sich an und klicken Sie auf die Schaltfl\u00e4che \"Raum erstellen\".<\/li>\n<li style=\"font-weight: 400;\" aria-level=\"1\">Geben Sie einen Raumnamen und ein Passwort ein (optional).<\/li>\n<li style=\"font-weight: 400;\" aria-level=\"1\">Um den Chat zu starten, klicken Sie auf die Schaltfl\u00e4che \"Chat starten\". Sie k\u00f6nnen auch dieCamki Web-App verwenden, um <a href=\"https:\/\/strangercam.com\/de\/chathub\/\">Chat<\/a> mit zuf\u00e4lligen Fremden.<\/li>\n<\/ul>\n<h2>Die Vorteile der Verwendung von Camki<\/h2>\n<p>Es gibt viele Vorteile, wenn Sie Camki als Ihre Online-Chat-Plattform nutzen. Hier sind nur einige der Gr\u00fcnde, warum Camki die beste Wahl f\u00fcr Sie ist:<\/p>\n<ol>\n<li style=\"font-weight: 400;\" aria-level=\"1\">Camki ist unglaublich benutzerfreundlich und einfach zu bedienen. Sie brauchen keine besonderen technischen Kenntnisse, um loszulegen - melden Sie sich einfach an und beginnen Sie zu chatten!<\/li>\n<li style=\"font-weight: 400;\" aria-level=\"1\">Camki ist absolut sicher und vertraulich. Alle Ihre Unterhaltungen sind privat und werden niemals an Dritte weitergegeben.<\/li>\n<li style=\"font-weight: 400;\" aria-level=\"1\">Die Nutzung von Camki ist v\u00f6llig kostenlos. Es gibt keine versteckten Kosten oder Geb\u00fchren - Sie k\u00f6nnen so lange chatten, wie Sie m\u00f6chten, ohne einen Cent auszugeben.<\/li>\n<li style=\"font-weight: 400;\" aria-level=\"1\">Camki bietet eine gro\u00dfe Auswahl an Funktionen und Optionen, so dass Sie Ihr Chaterlebnis ganz nach Ihren W\u00fcnschen gestalten k\u00f6nnen. Sie k\u00f6nnen aus einer Vielzahl von Avataren, Hintergr\u00fcnden und Schriftarten w\u00e4hlen und sogar Spezialeffekte zu Ihren Chats hinzuf\u00fcgen.<\/li>\n<li style=\"font-weight: 400;\" aria-level=\"1\">Camki wird st\u00e4ndig erweitert und verbessert. Wir f\u00fcgen st\u00e4ndig neue Funktionen hinzu und nehmen Verbesserungen vor, die auf dem Feedback unserer Nutzer basieren. So k\u00f6nnen Sie sicher sein, dass Camki immer das bestm\u00f6gliche Chat-Erlebnis bietet.<\/li>\n<\/ol>\n<h2>Die Nachteile der Verwendung von Camki<\/h2>\n<p>Es gibt einige Nachteile bei der Verwendung von Camki, derer sich die Nutzer bewusst sein sollten. Erstens ist die Plattform nicht so sicher wie einige der anderen Optionen auf dem Markt. Das bedeutet, dass Ihre Gespr\u00e4che gehackt oder abgeh\u00f6rt werden k\u00f6nnten. Au\u00dferdem bietet Camki im Vergleich zu anderen Plattformen nicht viele Funktionen, so dass Sie m\u00f6glicherweise in Ihren M\u00f6glichkeiten eingeschr\u00e4nkt sind.<\/p>\n<h2>Wesentliche Merkmale des Camki<\/h2>\n<p>Wenn Sie auf der Suche nach einer zuverl\u00e4ssigen Online-Chat-Plattform sind, ist Camki die perfekte Wahl. Sie bietet eine Vielzahl von Funktionen, die sie von anderen Chat-Plattformen abhebt. Hier sind einige der wichtigsten Funktionen von Camki:<\/p>\n<ul>\n<li style=\"font-weight: 400;\" aria-level=\"1\">Camki ist unglaublich benutzerfreundlich und einfach zu bedienen. Selbst wenn Sie mit Chat-Plattformen nicht vertraut sind, werden Sie innerhalb weniger Minuten herausfinden, wie Sie Camki nutzen k\u00f6nnen.<\/li>\n<li style=\"font-weight: 400;\" aria-level=\"1\">Camki bietet ein hohes Ma\u00df an Sicherheit und Datenschutz. Alle Ihre Unterhaltungen und Chats sind gesch\u00fctzt und niemand kann auf sie zugreifen, es sei denn, Sie geben ihnen die Erlaubnis dazu.<\/li>\n<li style=\"font-weight: 400;\" aria-level=\"1\">Camki ist eine gro\u00dfartige Plattform f\u00fcr Networking und das Kennenlernen neuer Leute. Sie k\u00f6nnen Menschen mit \u00e4hnlichen Interessen wie Sie finden und sich leicht mit ihnen verbinden.<\/li>\n<li style=\"font-weight: 400;\" aria-level=\"1\">Camki bietet auch eine Reihe von Funktionen, mit denen Sie Ihr Chaterlebnis individuell gestalten k\u00f6nnen. Sie k\u00f6nnen zum Beispiel die Schriftgr\u00f6\u00dfe, die Farbe und den Hintergrund Ihres Chat-Fensters \u00e4ndern, um es pers\u00f6nlicher zu gestalten.<\/li>\n<\/ul>\n<p>Wenn Sie auf der Suche nach einer zuverl\u00e4ssigen und funktionsreichen Online-Chat-Plattform sind, ist Camki die perfekte Wahl!<\/p>\n<h2>Wie kann ich das Beste aus Camki herausholen?<\/h2>\n<p>Wenn Sie auf der Suche nach einer zuverl\u00e4ssigen Online-Chat-Plattform sind, ist Camki definitiv einen Blick wert. Mit seiner benutzerfreundlichen Oberfl\u00e4che und einer breiten Palette von Funktionen macht es Camki einfach, mit Freunden und Familienmitgliedern in Verbindung zu bleiben, egal wo auf der Welt sie sich befinden. Hier sind einige Tipps, wie Sie das Beste aus Camki herausholen k\u00f6nnen:<\/p>\n<ol>\n<li style=\"font-weight: 400;\" aria-level=\"1\">Verwenden Sie die Suchfunktion, um Personen zu finden, die Sie kennen oder die Sie treffen m\u00f6chten. Sie k\u00f6nnen nach Personen anhand ihres Benutzernamens, ihrer E-Mail-Adresse oder sogar nach ihrem Standort suchen.<\/li>\n<li style=\"font-weight: 400;\" aria-level=\"1\">Wenn Sie jemanden gefunden haben, mit dem Sie chatten m\u00f6chten, klicken Sie einfach auf dessen Namen und beginnen Sie zu chatten. Mit Camki k\u00f6nnen Sie auch Videoanrufe t\u00e4tigen, damit Sie das Gef\u00fchl haben, von Angesicht zu Angesicht zu sprechen, egal wo Sie sind.<\/li>\n<li style=\"font-weight: 400;\" aria-level=\"1\">Vergessen Sie nicht, die anderen Funktionen des Camki zu nutzen, z. B. den Gruppenchat und die gemeinsame Nutzung von Dateien. Diese k\u00f6nnen sehr n\u00fctzlich sein, wenn Sie mit Freunden an einem Projekt arbeiten oder schnell und einfach eine gro\u00dfe Datei freigeben m\u00fcssen.<\/li>\n<li style=\"font-weight: 400;\" aria-level=\"1\">Und zu guter Letzt: Viel Spa\u00df! Camki ist eine gro\u00dfartige M\u00f6glichkeit, mit den Menschen, die Ihnen wichtig sind, in Verbindung zu bleiben, also stellen Sie sicher, dass Sie Spa\u00df haben, w\u00e4hrend Sie es benutzen<\/li>\n<\/ol>\n<h2>Ist die Verwendung sicher?<\/h2>\n<p>Wenn es um Online-Chat-Plattformen geht, stellt sich immer die Frage nach der Sicherheit. Ist es sicher, Camki zu benutzen? Die Antwort lautet: Ja! Camki ist eine zuverl\u00e4ssige Online-Chat-Plattform, die Sicherheit und Datenschutz ernst nimmt. Alle Chats auf Camki sind Ende-zu-Ende verschl\u00fcsselt, was bedeutet, dass nur der Sender und der Empf\u00e4nger die Nachrichten lesen k\u00f6nnen. Dar\u00fcber hinaus sammelt und speichert Camki keine Benutzerdaten. Sie k\u00f6nnen sich also darauf verlassen, dass Ihre Unterhaltungen privat und sicher sind.<\/p>\n<h2>Vorbeugende Ma\u00dfnahmen bei der Verwendung von Camki<\/h2>\n<p>Wir alle wissen, wie wichtig es ist, bei der Nutzung sozialer Medien und anderer Online-Plattformen vorsichtig zu sein. Das Gleiche gilt f\u00fcr Camki, eine Online-Chat-Plattform. Hier sind einige vorbeugende Ma\u00dfnahmen, die Sie bei der Nutzung von Camki ergreifen sollten:<\/p>\n<ol>\n<li style=\"font-weight: 400;\" aria-level=\"1\">Geben Sie Ihre pers\u00f6nlichen Daten an niemanden auf Camki weiter. Dazu geh\u00f6ren Ihr vollst\u00e4ndiger Name, Ihre Adresse, Telefonnummer, E-Mail-Adresse usw.<\/li>\n<li style=\"font-weight: 400;\" aria-level=\"1\">Seien Sie vorsichtig mit den Links, auf die Sie bei der Verwendung von Camki klicken. Einige Links k\u00f6nnen b\u00f6sartig sein und Sie zu Phishing-Websites f\u00fchren oder Malware auf Ihr Ger\u00e4t herunterladen.<\/li>\n<li style=\"font-weight: 400;\" aria-level=\"1\">Beteiligen Sie sich nicht an illegalen Aktivit\u00e4ten auf Camki. Dazu geh\u00f6ren das Teilen von urheberrechtlich gesch\u00fctztem Material oder Cybermobbing.<\/li>\n<li style=\"font-weight: 400;\" aria-level=\"1\">Wenn Sie verd\u00e4chtige Aktivit\u00e4ten auf Camki bemerken, melden Sie diese sofort den Administratoren der Plattform.<\/li>\n<\/ol>\n<p>Wenn Sie diese einfachen Richtlinien befolgen, k\u00f6nnen Sie eine sichere und angenehme Erfahrung bei der Nutzung von Camki gew\u00e4hrleisten!<\/p>\n<h2>Alternativen zu Camki<\/h2>\n<p>Wenn es um Online-Plattformen f\u00fcr zuf\u00e4llige Videochats geht, ist Camki eine der zuverl\u00e4ssigsten Optionen da drau\u00dfen. Es gibt jedoch auch andere Plattformen, die \u00e4hnliche Merkmale und Funktionen bieten. Hier sind einige Alternativen zu Camki, die Sie vielleicht in Betracht ziehen m\u00f6chten:<\/p>\n<p><a href=\"https:\/\/strangercam.com\/de\/omegle\/\">Omegle<\/a>: Omegle ist eine der bekanntesten zuf\u00e4lligen Videochat-Plattformen. Sie bietet eine Vielzahl von Funktionen, darunter Text- und Videochats, und ist auf einer Vielzahl von Ger\u00e4ten verf\u00fcgbar.<\/p>\n<p><a href=\"https:\/\/strangercam.com\/de\/chatroulette\/\">Chatroulette<\/a>: Chatroulette ist eine weitere beliebte Videochat-Plattform, die es Ihnen erm\u00f6glicht, mit Menschen aus der ganzen Welt in Kontakt zu treten. Sie bietet eine Vielzahl von Funktionen, darunter die M\u00f6glichkeit, mit Menschen aus bestimmten L\u00e4ndern zu chatten.<\/p>\n<p><a href=\"https:\/\/strangercam.com\/de\/bazoocam\/\">Bazoocam<\/a>: Bazoocam ist eine weitere zuf\u00e4llige Video-Chat-Plattform, die eine Vielzahl von Funktionen bietet, darunter die M\u00f6glichkeit, mit Menschen aus bestimmten L\u00e4ndern zu chatten.<\/p>\n<h2>Schlussfolgerung<\/h2>\n<p>Wir hoffen, dass Ihnen unser Artikel \u00fcber Camki, eine zuverl\u00e4ssige Online-Chat-Plattform, gefallen hat. Egal, ob Sie auf der Suche nach einer neuen M\u00f6glichkeit sind, mit Ihren Freunden zu kommunizieren, oder ob Sie einfach nur neugierig sind, was Camki zu bieten hat, wir denken, Sie werden von den Funktionen beeindruckt sein. Wenn Sie Fragen oder Kommentare haben, k\u00f6nnen Sie diese gerne in dem unten stehenden Abschnitt hinterlassen.<\/p>","protected":false},"excerpt":{"rendered":"<p>There are many online chatting platforms available today. Among them, Camki is a reliable online chatting platform that offers various features to its users. Some of these features include audio and video call support, instant messaging, file sharing, etc. What is Camki? Camki is a new online chatting platform that has been gaining popularity lately. [&hellip;]<\/p>\n","protected":false},"author":6,"featured_media":559,"parent":0,"menu_order":0,"comment_status":"closed","ping_status":"closed","template":"","meta":{"footnotes":""},"class_list":["post-11142","page","type-page","status-publish","has-post-thumbnail","hentry"],"yoast_head":"<!-- This site is optimized with the Yoast SEO plugin v26.9 - https:\/\/yoast.com\/product\/yoast-seo-wordpress\/ -->\n<title>Camki - Chat with strangers on StrangerCam.com<\/title>\n<meta name=\"description\" content=\"Like Camki? Come chat with more than 5.000.000 strangers on Stranger Cam for Free! Turn on your cam and find new friends &amp; maby a match!\" \/>\n<meta name=\"robots\" content=\"index, follow, max-snippet:-1, max-image-preview:large, max-video-preview:-1\" \/>\n<link rel=\"canonical\" href=\"https:\/\/strangercam.com\/de\/camki\/\" \/>\n<meta property=\"og:locale\" content=\"de_DE\" \/>\n<meta property=\"og:type\" content=\"article\" \/>\n<meta property=\"og:title\" content=\"Camki - Chat with strangers on StrangerCam.com\" \/>\n<meta property=\"og:description\" content=\"Like Camki? Come chat with more than 5.000.000 strangers on Stranger Cam for Free! Turn on your cam and find new friends &amp; maby a match!\" \/>\n<meta property=\"og:url\" content=\"https:\/\/strangercam.com\/de\/camki\/\" \/>\n<meta property=\"og:site_name\" content=\"Strangercam\" \/>\n<meta property=\"article:publisher\" content=\"https:\/\/www.facebook.com\/strangercam\" \/>\n<meta property=\"article:modified_time\" content=\"2023-08-21T09:40:39+00:00\" \/>\n<meta property=\"og:image\" content=\"https:\/\/strangercam.com\/wp-content\/uploads\/2020\/11\/stranger-cam-1.png\" \/>\n\t<meta property=\"og:image:width\" content=\"800\" \/>\n\t<meta property=\"og:image:height\" content=\"800\" \/>\n\t<meta property=\"og:image:type\" content=\"image\/png\" \/>\n<meta name=\"twitter:card\" content=\"summary_large_image\" \/>\n<meta name=\"twitter:site\" content=\"@strangercamapp\" \/>\n<meta name=\"twitter:label1\" content=\"Gesch\u00e4tzte Lesezeit\" \/>\n\t<meta name=\"twitter:data1\" content=\"6\u00a0Minuten\" \/>\n<script type=\"application\/ld+json\" class=\"yoast-schema-graph\">{\"@context\":\"https:\/\/schema.org\",\"@graph\":[{\"@type\":\"WebPage\",\"@id\":\"https:\/\/strangercam.com\/camki\/\",\"url\":\"https:\/\/strangercam.com\/camki\/\",\"name\":\"Camki - Chat with strangers on StrangerCam.com\",\"isPartOf\":{\"@id\":\"https:\/\/strangercam.com\/#website\"},\"primaryImageOfPage\":{\"@id\":\"https:\/\/strangercam.com\/camki\/#primaryimage\"},\"image\":{\"@id\":\"https:\/\/strangercam.com\/camki\/#primaryimage\"},\"thumbnailUrl\":\"https:\/\/strangercam.com\/wp-content\/uploads\/2020\/11\/stranger-cam-1.png\",\"datePublished\":\"2022-08-11T13:06:21+00:00\",\"dateModified\":\"2023-08-21T09:40:39+00:00\",\"description\":\"Like Camki? Come chat with more than 5.000.000 strangers on Stranger Cam for Free! Turn on your cam and find new friends & maby a match!\",\"breadcrumb\":{\"@id\":\"https:\/\/strangercam.com\/camki\/#breadcrumb\"},\"inLanguage\":\"de\",\"potentialAction\":[{\"@type\":\"ReadAction\",\"target\":[\"https:\/\/strangercam.com\/camki\/\"]}]},{\"@type\":\"ImageObject\",\"inLanguage\":\"de\",\"@id\":\"https:\/\/strangercam.com\/camki\/#primaryimage\",\"url\":\"https:\/\/strangercam.com\/wp-content\/uploads\/2020\/11\/stranger-cam-1.png\",\"contentUrl\":\"https:\/\/strangercam.com\/wp-content\/uploads\/2020\/11\/stranger-cam-1.png\",\"width\":800,\"height\":800,\"caption\":\"stranger cam random video chat\"},{\"@type\":\"BreadcrumbList\",\"@id\":\"https:\/\/strangercam.com\/camki\/#breadcrumb\",\"itemListElement\":[{\"@type\":\"ListItem\",\"position\":1,\"name\":\"Home\",\"item\":\"https:\/\/strangercam.com\/\"},{\"@type\":\"ListItem\",\"position\":2,\"name\":\"Camki\"}]},{\"@type\":\"WebSite\",\"@id\":\"https:\/\/strangercam.com\/#website\",\"url\":\"https:\/\/strangercam.com\/\",\"name\":\"Strangercam\",\"description\":\"Random Video Chat with Strangers\",\"publisher\":{\"@id\":\"https:\/\/strangercam.com\/#organization\"},\"alternateName\":\"Strangercam.com\",\"potentialAction\":[{\"@type\":\"SearchAction\",\"target\":{\"@type\":\"EntryPoint\",\"urlTemplate\":\"https:\/\/strangercam.com\/?s={search_term_string}\"},\"query-input\":{\"@type\":\"PropertyValueSpecification\",\"valueRequired\":true,\"valueName\":\"search_term_string\"}}],\"inLanguage\":\"de\"},{\"@type\":\"Organization\",\"@id\":\"https:\/\/strangercam.com\/#organization\",\"name\":\"Strangercam\",\"alternateName\":\"Strangercam.com\",\"url\":\"https:\/\/strangercam.com\/\",\"logo\":{\"@type\":\"ImageObject\",\"inLanguage\":\"de\",\"@id\":\"https:\/\/strangercam.com\/#\/schema\/logo\/image\/\",\"url\":\"https:\/\/strangercam.com\/wp-content\/uploads\/2020\/11\/cropped-new-favicon-black.png\",\"contentUrl\":\"https:\/\/strangercam.com\/wp-content\/uploads\/2020\/11\/cropped-new-favicon-black.png\",\"width\":512,\"height\":512,\"caption\":\"Strangercam\"},\"image\":{\"@id\":\"https:\/\/strangercam.com\/#\/schema\/logo\/image\/\"},\"sameAs\":[\"https:\/\/www.facebook.com\/strangercam\",\"https:\/\/x.com\/strangercamapp\"]}]}<\/script>\n<!-- \/ Yoast SEO plugin. -->","yoast_head_json":{"title":"Camki - Chatte mit Fremden auf StrangerCam.com","description":"Gef\u00e4llt dir Camki? Komm und chatte mit mehr als 5.000.000 Fremden auf Stranger Cam - kostenlos! Schalte deine Kamera ein und finde neue Freunde und vielleicht einen Partner!","robots":{"index":"index","follow":"follow","max-snippet":"max-snippet:-1","max-image-preview":"max-image-preview:large","max-video-preview":"max-video-preview:-1"},"canonical":"https:\/\/strangercam.com\/de\/camki\/","og_locale":"de_DE","og_type":"article","og_title":"Camki - Chat with strangers on StrangerCam.com","og_description":"Like Camki? Come chat with more than 5.000.000 strangers on Stranger Cam for Free! Turn on your cam and find new friends & maby a match!","og_url":"https:\/\/strangercam.com\/de\/camki\/","og_site_name":"Strangercam","article_publisher":"https:\/\/www.facebook.com\/strangercam","article_modified_time":"2023-08-21T09:40:39+00:00","og_image":[{"width":800,"height":800,"url":"https:\/\/strangercam.com\/wp-content\/uploads\/2020\/11\/stranger-cam-1.png","type":"image\/png"}],"twitter_card":"summary_large_image","twitter_site":"@strangercamapp","twitter_misc":{"Gesch\u00e4tzte Lesezeit":"6\u00a0Minuten"},"schema":{"@context":"https:\/\/schema.org","@graph":[{"@type":"WebPage","@id":"https:\/\/strangercam.com\/camki\/","url":"https:\/\/strangercam.com\/camki\/","name":"Camki - Chatte mit Fremden auf StrangerCam.com","isPartOf":{"@id":"https:\/\/strangercam.com\/#website"},"primaryImageOfPage":{"@id":"https:\/\/strangercam.com\/camki\/#primaryimage"},"image":{"@id":"https:\/\/strangercam.com\/camki\/#primaryimage"},"thumbnailUrl":"https:\/\/strangercam.com\/wp-content\/uploads\/2020\/11\/stranger-cam-1.png","datePublished":"2022-08-11T13:06:21+00:00","dateModified":"2023-08-21T09:40:39+00:00","description":"Gef\u00e4llt dir Camki? Komm und chatte mit mehr als 5.000.000 Fremden auf Stranger Cam - kostenlos! Schalte deine Kamera ein und finde neue Freunde und vielleicht einen Partner!","breadcrumb":{"@id":"https:\/\/strangercam.com\/camki\/#breadcrumb"},"inLanguage":"de","potentialAction":[{"@type":"ReadAction","target":["https:\/\/strangercam.com\/camki\/"]}]},{"@type":"ImageObject","inLanguage":"de","@id":"https:\/\/strangercam.com\/camki\/#primaryimage","url":"https:\/\/strangercam.com\/wp-content\/uploads\/2020\/11\/stranger-cam-1.png","contentUrl":"https:\/\/strangercam.com\/wp-content\/uploads\/2020\/11\/stranger-cam-1.png","width":800,"height":800,"caption":"stranger cam random video chat"},{"@type":"BreadcrumbList","@id":"https:\/\/strangercam.com\/camki\/#breadcrumb","itemListElement":[{"@type":"ListItem","position":1,"name":"Home","item":"https:\/\/strangercam.com\/"},{"@type":"ListItem","position":2,"name":"Camki"}]},{"@type":"WebSite","@id":"https:\/\/strangercam.com\/#website","url":"https:\/\/strangercam.com\/","name":"Strangercam","description":"Zuf\u00e4lliger Video-Chat mit Fremden","publisher":{"@id":"https:\/\/strangercam.com\/#organization"},"alternateName":"Strangercam.com","potentialAction":[{"@type":"SearchAction","target":{"@type":"EntryPoint","urlTemplate":"https:\/\/strangercam.com\/?s={search_term_string}"},"query-input":{"@type":"PropertyValueSpecification","valueRequired":true,"valueName":"search_term_string"}}],"inLanguage":"de"},{"@type":"Organization","@id":"https:\/\/strangercam.com\/#organization","name":"Strangercam","alternateName":"Strangercam.com","url":"https:\/\/strangercam.com\/","logo":{"@type":"ImageObject","inLanguage":"de","@id":"https:\/\/strangercam.com\/#\/schema\/logo\/image\/","url":"https:\/\/strangercam.com\/wp-content\/uploads\/2020\/11\/cropped-new-favicon-black.png","contentUrl":"https:\/\/strangercam.com\/wp-content\/uploads\/2020\/11\/cropped-new-favicon-black.png","width":512,"height":512,"caption":"Strangercam"},"image":{"@id":"https:\/\/strangercam.com\/#\/schema\/logo\/image\/"},"sameAs":["https:\/\/www.facebook.com\/strangercam","https:\/\/x.com\/strangercamapp"]}]}},"_links":{"self":[{"href":"https:\/\/strangercam.com\/de\/wp-json\/wp\/v2\/pages\/11142","targetHints":{"allow":["GET"]}}],"collection":[{"href":"https:\/\/strangercam.com\/de\/wp-json\/wp\/v2\/pages"}],"about":[{"href":"https:\/\/strangercam.com\/de\/wp-json\/wp\/v2\/types\/page"}],"author":[{"embeddable":true,"href":"https:\/\/strangercam.com\/de\/wp-json\/wp\/v2\/users\/6"}],"replies":[{"embeddable":true,"href":"https:\/\/strangercam.com\/de\/wp-json\/wp\/v2\/comments?post=11142"}],"version-history":[{"count":0,"href":"https:\/\/strangercam.com\/de\/wp-json\/wp\/v2\/pages\/11142\/revisions"}],"wp:featuredmedia":[{"embeddable":true,"href":"https:\/\/strangercam.com\/de\/wp-json\/wp\/v2\/media\/559"}],"wp:attachment":[{"href":"https:\/\/strangercam.com\/de\/wp-json\/wp\/v2\/media?parent=11142"}],"curies":[{"name":"wp","href":"https:\/\/api.w.org\/{rel}","templated":true}]}}