{"id":10069,"date":"2022-05-30T14:07:33","date_gmt":"2022-05-30T12:07:33","guid":{"rendered":"https:\/\/strangercam.com\/?page_id=10069"},"modified":"2023-08-21T11:40:39","modified_gmt":"2023-08-21T09:40:39","slug":"camfrog","status":"publish","type":"page","link":"https:\/\/strangercam.com\/de\/camfrog\/","title":{"rendered":"Camfrog"},"content":{"rendered":"<p>Camshare bringt Camfrog auf den Markt, eine <a href=\"https:\/\/strangercam.com\/de\/rabbit-video-chat\/\">Video<\/a> <a href=\"https:\/\/strangercam.com\/de\/chatroulette\/\">Chat<\/a> und Online-Messaging-Client, im Oktober 2003. Es erm\u00f6glicht den Verbrauchern <a href=\"https:\/\/strangercam.com\/de\/coomeet\/\">Video-Chat<\/a> mit Menschen auf der ganzen Welt und findet Mitstreiter in Chatrooms. Camfrog-Nutzer mit hohem Internetzugang k\u00f6nnen ihre eigenen Videokonferenzgruppen erstellen und verwalten.<\/p>\n<h3>Hauptmerkmale von Camfrog.com<\/h3>\n<p>Im Folgenden finden Sie einige der wichtigsten Funktionen der Dating-App:<\/p>\n<ul>\n<li>Camfrog ist eine kostenlose Videokonferenz-Community, in der Sie \u00fcber unsere Live-Webcam-Chat-Seiten (auf jedem Ger\u00e4t!) Freunde aus der ganzen Welt finden k\u00f6nnen.<\/li>\n<li>Nehmen Sie an unseren Live-Video-Diskussionsforen teil und Sie werden im Handumdrehen neue Freunde finden!<\/li>\n<li>In einem anderen unserer Hunderte von Live-Stream-Chat-Seiten, <a href=\"https:\/\/strangercam.com\/de\/video-chat-mit-fremden\/\">Video-Chat mit Fremden<\/a> in Ihren bevorzugten Gruppenchats, debattieren Sie \u00fcber Themen, f\u00fchren Sie Videokonferenzen mit Freunden durch und mischen Sie sich unter Bekannte und attraktive Signale.<\/li>\n<li>Sie k\u00f6nnen inkognito sein und mit jedem auf Camfrog videochatten, oder Sie k\u00f6nnen sich in unseren \u00f6ffentlichen Videochat-R\u00e4umen mit Ihren Freunden treffen.<\/li>\n<li>In Online-Videogespr\u00e4chen, die Sie interessieren, k\u00f6nnen Sie eine endlose Anzahl von hochwertigen Live-Kameras sehen. Hunderte von Menschen k\u00f6nnen gleichzeitig gesehen werden, also machen Sie sich bereit, sich zu am\u00fcsieren!<\/li>\n<\/ul>\n<h3>Die Kamera ist kein wesentliches Hilfsmittel f\u00fcr die Teilnahme an Text-, Sprach- oder Videochats.<\/h3>\n<p>Camfrog Video Chat ist eine moderne Chatsoftware, die es bis zu Zehntausenden von Personen erm\u00f6glicht, in Echtzeit an Video-, Sprach- und Textchats teilzunehmen. Das Programm erm\u00f6glicht es Ihnen, andere Chat-Raum-Mitglieder gleichzeitig zu sehen, zu sprechen und zu schreiben. F\u00fcr alle Videochats ist keine Webcam erforderlich, so dass Sie auch dann teilnehmen k\u00f6nnen, wenn Sie keine haben. Camfrog-Chatr\u00e4ume k\u00f6nnen privat oder \u00f6ffentlich sein, und Sie k\u00f6nnen von ihnen aus Handys oder Festnetztelefone kontaktieren.<\/p>\n<h3>Tools sch\u00fctzen die Minderj\u00e4hrigen vor der Preisgabe von Informationen oder dem Beitritt zu irrelevanten Chatr\u00e4umen.<\/h3>\n<p>Bei der Nutzung von Instant Messenger sch\u00fctzt eine Vielzahl von \u00dcberwachungssoftware in Camfrog Video Chat Minderj\u00e4hrige effektiv davor, zu viele pers\u00f6nliche Informationen preiszugeben und bestimmten Chatr\u00e4umen beizutreten. Datenschutz und Sicherheit, Video und Audio, Archiv, Sprachen und Hotkeys geh\u00f6ren zu den weiteren Optionen, die in dem Skype-Konkurrenten zur Verf\u00fcgung stehen.<\/p>\n<h3>Schlussfolgerung<\/h3>\n<p>Sie k\u00f6nnen mit Fremden sprechen, eine Webcam und eine Live-\u00dcbertragung einrichten, um \u00fcber Ihre Hobbys zu sprechen und sich der \u00d6ffentlichkeit vorzustellen, oder an einem Video-Chat von Kamera zu Kamera teilnehmen, um ein pers\u00f6nlicheres Gespr\u00e4ch zu f\u00fchren, wenn Sie kamerascheu sind. Beginnen Sie <a href=\"https:\/\/strangercam.com\/de\/shagle\/\">Erwachsene<\/a> Chatten, um echte Freundschaften zu schlie\u00dfen. Experimentieren Sie in unseren Zufalls-Chatr\u00e4umen!<\/p>","protected":false},"excerpt":{"rendered":"<p>Camshare launched Camfrog, a video chat and online messaging client, in October 2003. It enables consumers to video chat with people all around the world and finds companions in chat rooms. Camfrog consumers with high internet can create and manage their own videoconferencing groups. Main Features of Camfrog.com Following are some of the top features [&hellip;]<\/p>\n","protected":false},"author":6,"featured_media":559,"parent":0,"menu_order":0,"comment_status":"closed","ping_status":"closed","template":"","meta":{"footnotes":""},"class_list":["post-10069","page","type-page","status-publish","has-post-thumbnail","hentry"],"yoast_head":"<!-- This site is optimized with the Yoast SEO plugin v26.9 - https:\/\/yoast.com\/product\/yoast-seo-wordpress\/ -->\n<title>Camfrog - Chat Roulette Anonymously - Cam on StrangerCam.com<\/title>\n<meta name=\"description\" content=\"Like Camfrog? Come chat with more than 5.000.000 strangers on Stranger Cam for Free! Turn on your cam and find new friends &amp; maby a match!\" \/>\n<meta name=\"robots\" content=\"index, follow, max-snippet:-1, max-image-preview:large, max-video-preview:-1\" \/>\n<link rel=\"canonical\" href=\"https:\/\/strangercam.com\/de\/camfrog\/\" \/>\n<meta property=\"og:locale\" content=\"de_DE\" \/>\n<meta property=\"og:type\" content=\"article\" \/>\n<meta property=\"og:title\" content=\"Camfrog - Chat Roulette Anonymously - Cam on StrangerCam.com\" \/>\n<meta property=\"og:description\" content=\"Like Camfrog? Come chat with more than 5.000.000 strangers on Stranger Cam for Free! Turn on your cam and find new friends &amp; maby a match!\" \/>\n<meta property=\"og:url\" content=\"https:\/\/strangercam.com\/de\/camfrog\/\" \/>\n<meta property=\"og:site_name\" content=\"Strangercam\" \/>\n<meta property=\"article:publisher\" content=\"https:\/\/www.facebook.com\/strangercam\" \/>\n<meta property=\"article:modified_time\" content=\"2023-08-21T09:40:39+00:00\" \/>\n<meta property=\"og:image\" content=\"https:\/\/strangercam.com\/wp-content\/uploads\/2020\/11\/stranger-cam-1.png\" \/>\n\t<meta property=\"og:image:width\" content=\"800\" \/>\n\t<meta property=\"og:image:height\" content=\"800\" \/>\n\t<meta property=\"og:image:type\" content=\"image\/png\" \/>\n<meta name=\"twitter:card\" content=\"summary_large_image\" \/>\n<meta name=\"twitter:site\" content=\"@strangercamapp\" \/>\n<meta name=\"twitter:label1\" content=\"Gesch\u00e4tzte Lesezeit\" \/>\n\t<meta name=\"twitter:data1\" content=\"2\u00a0Minuten\" \/>\n<script type=\"application\/ld+json\" class=\"yoast-schema-graph\">{\"@context\":\"https:\/\/schema.org\",\"@graph\":[{\"@type\":\"WebPage\",\"@id\":\"https:\/\/strangercam.com\/camfrog\/\",\"url\":\"https:\/\/strangercam.com\/camfrog\/\",\"name\":\"Camfrog - Chat Roulette Anonymously - Cam on StrangerCam.com\",\"isPartOf\":{\"@id\":\"https:\/\/strangercam.com\/#website\"},\"primaryImageOfPage\":{\"@id\":\"https:\/\/strangercam.com\/camfrog\/#primaryimage\"},\"image\":{\"@id\":\"https:\/\/strangercam.com\/camfrog\/#primaryimage\"},\"thumbnailUrl\":\"https:\/\/strangercam.com\/wp-content\/uploads\/2020\/11\/stranger-cam-1.png\",\"datePublished\":\"2022-05-30T12:07:33+00:00\",\"dateModified\":\"2023-08-21T09:40:39+00:00\",\"description\":\"Like Camfrog? Come chat with more than 5.000.000 strangers on Stranger Cam for Free! Turn on your cam and find new friends & maby a match!\",\"breadcrumb\":{\"@id\":\"https:\/\/strangercam.com\/camfrog\/#breadcrumb\"},\"inLanguage\":\"de\",\"potentialAction\":[{\"@type\":\"ReadAction\",\"target\":[\"https:\/\/strangercam.com\/camfrog\/\"]}]},{\"@type\":\"ImageObject\",\"inLanguage\":\"de\",\"@id\":\"https:\/\/strangercam.com\/camfrog\/#primaryimage\",\"url\":\"https:\/\/strangercam.com\/wp-content\/uploads\/2020\/11\/stranger-cam-1.png\",\"contentUrl\":\"https:\/\/strangercam.com\/wp-content\/uploads\/2020\/11\/stranger-cam-1.png\",\"width\":800,\"height\":800,\"caption\":\"stranger cam random video chat\"},{\"@type\":\"BreadcrumbList\",\"@id\":\"https:\/\/strangercam.com\/camfrog\/#breadcrumb\",\"itemListElement\":[{\"@type\":\"ListItem\",\"position\":1,\"name\":\"Home\",\"item\":\"https:\/\/strangercam.com\/\"},{\"@type\":\"ListItem\",\"position\":2,\"name\":\"Camfrog\"}]},{\"@type\":\"WebSite\",\"@id\":\"https:\/\/strangercam.com\/#website\",\"url\":\"https:\/\/strangercam.com\/\",\"name\":\"Strangercam\",\"description\":\"Random Video Chat with Strangers\",\"publisher\":{\"@id\":\"https:\/\/strangercam.com\/#organization\"},\"alternateName\":\"Strangercam.com\",\"potentialAction\":[{\"@type\":\"SearchAction\",\"target\":{\"@type\":\"EntryPoint\",\"urlTemplate\":\"https:\/\/strangercam.com\/?s={search_term_string}\"},\"query-input\":{\"@type\":\"PropertyValueSpecification\",\"valueRequired\":true,\"valueName\":\"search_term_string\"}}],\"inLanguage\":\"de\"},{\"@type\":\"Organization\",\"@id\":\"https:\/\/strangercam.com\/#organization\",\"name\":\"Strangercam\",\"alternateName\":\"Strangercam.com\",\"url\":\"https:\/\/strangercam.com\/\",\"logo\":{\"@type\":\"ImageObject\",\"inLanguage\":\"de\",\"@id\":\"https:\/\/strangercam.com\/#\/schema\/logo\/image\/\",\"url\":\"https:\/\/strangercam.com\/wp-content\/uploads\/2020\/11\/cropped-new-favicon-black.png\",\"contentUrl\":\"https:\/\/strangercam.com\/wp-content\/uploads\/2020\/11\/cropped-new-favicon-black.png\",\"width\":512,\"height\":512,\"caption\":\"Strangercam\"},\"image\":{\"@id\":\"https:\/\/strangercam.com\/#\/schema\/logo\/image\/\"},\"sameAs\":[\"https:\/\/www.facebook.com\/strangercam\",\"https:\/\/x.com\/strangercamapp\"]}]}<\/script>\n<!-- \/ Yoast SEO plugin. -->","yoast_head_json":{"title":"Camfrog - Chat Roulette Anonym - Cam auf StrangerCam.com","description":"Gef\u00e4llt dir Camfrog? Komm und chatte mit mehr als 5.000.000 Fremden auf Stranger Cam kostenlos! Schalte deine Kamera ein und finde neue Freunde und vielleicht einen Partner!","robots":{"index":"index","follow":"follow","max-snippet":"max-snippet:-1","max-image-preview":"max-image-preview:large","max-video-preview":"max-video-preview:-1"},"canonical":"https:\/\/strangercam.com\/de\/camfrog\/","og_locale":"de_DE","og_type":"article","og_title":"Camfrog - Chat Roulette Anonymously - Cam on StrangerCam.com","og_description":"Like Camfrog? Come chat with more than 5.000.000 strangers on Stranger Cam for Free! Turn on your cam and find new friends & maby a match!","og_url":"https:\/\/strangercam.com\/de\/camfrog\/","og_site_name":"Strangercam","article_publisher":"https:\/\/www.facebook.com\/strangercam","article_modified_time":"2023-08-21T09:40:39+00:00","og_image":[{"width":800,"height":800,"url":"https:\/\/strangercam.com\/wp-content\/uploads\/2020\/11\/stranger-cam-1.png","type":"image\/png"}],"twitter_card":"summary_large_image","twitter_site":"@strangercamapp","twitter_misc":{"Gesch\u00e4tzte Lesezeit":"2\u00a0Minuten"},"schema":{"@context":"https:\/\/schema.org","@graph":[{"@type":"WebPage","@id":"https:\/\/strangercam.com\/camfrog\/","url":"https:\/\/strangercam.com\/camfrog\/","name":"Camfrog - Chat Roulette Anonym - Cam auf StrangerCam.com","isPartOf":{"@id":"https:\/\/strangercam.com\/#website"},"primaryImageOfPage":{"@id":"https:\/\/strangercam.com\/camfrog\/#primaryimage"},"image":{"@id":"https:\/\/strangercam.com\/camfrog\/#primaryimage"},"thumbnailUrl":"https:\/\/strangercam.com\/wp-content\/uploads\/2020\/11\/stranger-cam-1.png","datePublished":"2022-05-30T12:07:33+00:00","dateModified":"2023-08-21T09:40:39+00:00","description":"Gef\u00e4llt dir Camfrog? Komm und chatte mit mehr als 5.000.000 Fremden auf Stranger Cam kostenlos! Schalte deine Kamera ein und finde neue Freunde und vielleicht einen Partner!","breadcrumb":{"@id":"https:\/\/strangercam.com\/camfrog\/#breadcrumb"},"inLanguage":"de","potentialAction":[{"@type":"ReadAction","target":["https:\/\/strangercam.com\/camfrog\/"]}]},{"@type":"ImageObject","inLanguage":"de","@id":"https:\/\/strangercam.com\/camfrog\/#primaryimage","url":"https:\/\/strangercam.com\/wp-content\/uploads\/2020\/11\/stranger-cam-1.png","contentUrl":"https:\/\/strangercam.com\/wp-content\/uploads\/2020\/11\/stranger-cam-1.png","width":800,"height":800,"caption":"stranger cam random video chat"},{"@type":"BreadcrumbList","@id":"https:\/\/strangercam.com\/camfrog\/#breadcrumb","itemListElement":[{"@type":"ListItem","position":1,"name":"Home","item":"https:\/\/strangercam.com\/"},{"@type":"ListItem","position":2,"name":"Camfrog"}]},{"@type":"WebSite","@id":"https:\/\/strangercam.com\/#website","url":"https:\/\/strangercam.com\/","name":"Strangercam","description":"Zuf\u00e4lliger Video-Chat mit Fremden","publisher":{"@id":"https:\/\/strangercam.com\/#organization"},"alternateName":"Strangercam.com","potentialAction":[{"@type":"SearchAction","target":{"@type":"EntryPoint","urlTemplate":"https:\/\/strangercam.com\/?s={search_term_string}"},"query-input":{"@type":"PropertyValueSpecification","valueRequired":true,"valueName":"search_term_string"}}],"inLanguage":"de"},{"@type":"Organization","@id":"https:\/\/strangercam.com\/#organization","name":"Strangercam","alternateName":"Strangercam.com","url":"https:\/\/strangercam.com\/","logo":{"@type":"ImageObject","inLanguage":"de","@id":"https:\/\/strangercam.com\/#\/schema\/logo\/image\/","url":"https:\/\/strangercam.com\/wp-content\/uploads\/2020\/11\/cropped-new-favicon-black.png","contentUrl":"https:\/\/strangercam.com\/wp-content\/uploads\/2020\/11\/cropped-new-favicon-black.png","width":512,"height":512,"caption":"Strangercam"},"image":{"@id":"https:\/\/strangercam.com\/#\/schema\/logo\/image\/"},"sameAs":["https:\/\/www.facebook.com\/strangercam","https:\/\/x.com\/strangercamapp"]}]}},"_links":{"self":[{"href":"https:\/\/strangercam.com\/de\/wp-json\/wp\/v2\/pages\/10069","targetHints":{"allow":["GET"]}}],"collection":[{"href":"https:\/\/strangercam.com\/de\/wp-json\/wp\/v2\/pages"}],"about":[{"href":"https:\/\/strangercam.com\/de\/wp-json\/wp\/v2\/types\/page"}],"author":[{"embeddable":true,"href":"https:\/\/strangercam.com\/de\/wp-json\/wp\/v2\/users\/6"}],"replies":[{"embeddable":true,"href":"https:\/\/strangercam.com\/de\/wp-json\/wp\/v2\/comments?post=10069"}],"version-history":[{"count":0,"href":"https:\/\/strangercam.com\/de\/wp-json\/wp\/v2\/pages\/10069\/revisions"}],"wp:featuredmedia":[{"embeddable":true,"href":"https:\/\/strangercam.com\/de\/wp-json\/wp\/v2\/media\/559"}],"wp:attachment":[{"href":"https:\/\/strangercam.com\/de\/wp-json\/wp\/v2\/media?parent=10069"}],"curies":[{"name":"wp","href":"https:\/\/api.w.org\/{rel}","templated":true}]}}