{"id":1004,"date":"2021-01-10T16:44:29","date_gmt":"2021-01-10T14:44:29","guid":{"rendered":"https:\/\/strangercam.com\/?page_id=1004"},"modified":"2023-08-21T12:24:41","modified_gmt":"2023-08-21T10:24:41","slug":"emerald-chat","status":"publish","type":"page","link":"https:\/\/strangercam.com\/de\/emerald-chat\/","title":{"rendered":"Emerald Chat"},"content":{"rendered":"<p>Die meisten Menschen sind heute sehr besch\u00e4ftigt, um ihre Ziele zu erreichen. Infolgedessen f\u00e4llt es ihnen schwer, neue Freunde zu finden, mit denen sie ihre Gef\u00fchle und andere Dinge teilen k\u00f6nnen. Da die Technologien von Tag zu Tag schneller werden, ist es ein einfacher Prozess, mit Fremden in Kontakt zu treten und neue Beziehungen aufzubauen. Heutzutage gibt es Webplattformen und mobile Anwendungen, die darauf abzielen, die Erwartungen der Nutzer zu erf\u00fcllen, die <a href=\"https:\/\/strangercam.com\/de\/chatroulette\/\">Chat<\/a> mit anderen leicht. Gleichzeitig ist es notwendig, sie mit gro\u00dfer Aufmerksamkeit zu bewerten, um das Richtige zu w\u00e4hlen.<\/p>\n<h2>Smaragd-Webplattform zum Kennenlernen neuer Leute<\/h2>\n<p>Emerald ist eine Webplattform, die dazu dient, schnell neue Leute online kennenzulernen. Die Plattform erm\u00f6glicht es den Nutzern, so schnell wie m\u00f6glich interessante Personen aus verschiedenen Bereichen des Lebens zu finden. Es gibt M\u00f6glichkeiten, mit Menschen in Kontakt zu treten, die \u00e4hnliche Interessen haben. Jeder, der mit fremden Menschen chatten m\u00f6chte, kann diese Plattform nutzen, da sie die besten Funktionen bietet. In der Tat ist die Plattform das richtige Ziel f\u00fcr diejenigen, die ihren speziellen einen in einfachen Schritten identifizieren wollen. Gleichzeitig sollten die Benutzer die Anweisungen sorgf\u00e4ltig lesen, bevor sie Chats starten.<\/p>\n<h2>Wie funktioniert das?<\/h2>\n<p>EmeraldChat ist angeblich die Alternative zu <a href=\"https:\/\/strangercam.com\/de\/omegle\/\">Omegle<\/a> und seine Benutzeroberfl\u00e4che ist ziemlich gleich. Wie bei Omegle sind nicht allzu viele Informationen f\u00fcr die Registrierung erforderlich und Sie k\u00f6nnen eine <a href=\"https:\/\/strangercam.com\/de\/video-chat-mit-fremden\/\">Video-Chat mit Fremden<\/a> frei.<\/p>\n<p>Um den Videochat mit Fremden zu beginnen, m\u00fcssen Sie auf die Startseite gehen und auf die Schaltfl\u00e4che \"Start\" klicken. Dann w\u00e4hlen Sie das Geschlecht m\u00e4nnlich-weiblich, andere nach, dass Sie aufgefordert werden, die eine Option aus w\u00e4hlen<\/p>\n<ul>\n<li>Eins-zu-eins Text-Chat<\/li>\n<li><a href=\"https:\/\/strangercam.com\/de\/rabbit-video-chat\/\">Video-Chat<\/a><\/li>\n<li>Gruppenchat<\/li>\n<\/ul>\n<h3>Eins-zu-eins-Text-Chat:<\/h3>\n<p>Im Einzel-Chat haben Sie die M\u00f6glichkeit, nur mit einer Person zu chatten. Sie k\u00f6nnen diese Person aus 13 verschiedenen Hashtags ausw\u00e4hlen, und sobald Sie auf den Hashtag Ihres Interesses klicken, findet Emerald eine \u00dcbereinstimmung f\u00fcr Sie, und dann k\u00f6nnen Sie anfangen, mit dieser Person zu chatten.<\/p>\n<h3>Video-Chat<\/h3>\n<p>Bei einem pers\u00f6nlichen Text-Chat k\u00f6nnen Sie nur mit einer Person per Text chatten. Wenn Sie die andere Person \u00fcber eine Webcam sehen m\u00f6chten, m\u00fcssen Sie die Option Video-Chat w\u00e4hlen. Viele Menschen bevorzugen diese Option und m\u00f6chten mit Fremden per Video chatten. Hier kann man gute Freunde oder eine Romanze finden, oder man kann die rechtzeitige Begleitung genie\u00dfen. Bei der Nutzung von Video-Chat sollte man vorsichtig sein und niemals pers\u00f6nliche Informationen oder \u00e4hnliches an Fremde weitergeben, da viele Online-Betr\u00fcger immer auf der Suche nach unschuldigen Menschen sind, um sie zu betr\u00fcgen.<\/p>\n<h3>Gruppen-Chat<\/h3>\n<p>Die Emerald-Gruppenchat-Funktionen bieten den Nutzern die M\u00f6glichkeit, verschiedenen Gruppen mit gemeinsamen Interessen beizutreten. Benutzer k\u00f6nnen Gruppenchats beitreten, indem sie die Hashtags ihres Interesses ausw\u00e4hlen.<\/p>\n<h2>Welche Funktionen bietet die Emerald-Webplattform?<\/h2>\n<p>Die Webplattform erm\u00f6glicht es den Benutzern, Gespr\u00e4che mit Textnachrichten und Videochats zu f\u00fchren, um eine bessere Erfahrung zu gew\u00e4hrleisten. Dar\u00fcber hinaus erm\u00f6glicht die Smaragd-Chat-Webplattform den Nutzern, Fotos und Mediendateien ohne Schwierigkeiten zu teilen. Die Nutzer k\u00f6nnen auf dieser Plattform sogar nach Geschlecht und Ort filtern, wenn sie das m\u00f6chten. <a href=\"https:\/\/strangercam.com\/de\/coomeet\/\">treffen<\/a> neue Leute. Der Anmeldeprozess ist einfach und erm\u00f6glicht es einer Person, nach guten Freunden aus verschiedenen Teilen der Welt zu suchen. Da die Nutzung der Webplattform kostenlos ist, kann man so schnell wie m\u00f6glich mit anderen in Kontakt treten.<\/p>\n<h2>Funktionen der Smaragd-Chat-App<\/h2>\n<p>Die App befindet sich derzeit in der Entwicklungsphase und wird mit einzigartigen Funktionen aufwarten. Einige davon sind leichtgewichtig, individuell anpassbar, h\u00e4ufige Updates, Vollzeit-Moderation und ausgezeichneter Support. Sie wird auf allen mobilen Ger\u00e4ten funktionieren und es den Nutzern erm\u00f6glichen, mit hoher Geschwindigkeit mit anderen zu telefonieren. Diejenigen, die mehr \u00fcber die Details wissen wollen, k\u00f6nnen die offizielle Website besuchen, die helfen kann, jemanden zu finden, der ausgezeichnete Qualit\u00e4ten hat. Die Smaragd-Chat-Webplattform erm\u00f6glicht es, neue Beziehungen an verschiedenen Orten aufzubauen und alles in einer sicheren Umgebung zu teilen. Auf der anderen Seite, ist es zwingend erforderlich, die Bedingungen und Konditionen richtig zu lesen, bevor Sie die Plattform.<\/p>\n<h2>Preisgestaltung<\/h2>\n<p>Emerald ist eine Videochat-App f\u00fcr Fremde, die ihre Basisdienste kostenlos anbietet. Aber Sie k\u00f6nnen jederzeit eine Mitgliedschaft erwerben und einige zus\u00e4tzliche Vorteile genie\u00dfen. Es bietet zwei Arten von Mitgliedschaftsprogrammen.<\/p>\n<ul>\n<li>Emerald-Gold-Mitgliedschaft<\/li>\n<li>Ruhmeshalle der Smaragde<\/li>\n<\/ul>\n<h3>Emerald-Gold-Mitgliedschaft<\/h3>\n<p>Emerald-Nutzer k\u00f6nnen eine Gold-Mitgliedschaft abschlie\u00dfen, indem sie 3,89$ pro Monat zahlen. Emerald-Gold-Mitglieder k\u00f6nnen viele Premium-Funktionen nutzen, darunter Geschlechtsfilter und ein blaues H\u00e4kchen neben den Namen der Nutzer.<\/p>\n<h3>Ruhmeshalle der Smaragde<\/h3>\n<p>Emerald-Benutzer k\u00f6nnen in die Emerald-Ruhmeshalle gelangen, indem sie 8.89$ pro Monat bezahlen. Emerald Hall of Fame Benutzerprofil erscheinen in den Top-Ergebnissen und bekommt viele Freundschaftsanfragen und schlie\u00dflich viele Chancen t Chat mit Menschen auf der ganzen Welt.<\/p>\n<h2>Ist die Verwendung sicher?<\/h2>\n<p>Viele Menschen nutzen heute Videochat-Apps, um neue Freunde zu finden, eine Romanze zu erleben oder ihre Zeit zu vertreiben. Aber viele fremde Video-Chat-Apps sind \u00fcberhaupt nicht sicher, sie sind entweder voll von Online-Betr\u00fcgern und unangemessenen Inhalten oder es besteht ein Risiko f\u00fcr die Privatsph\u00e4re. EmeraldChat wird behauptet, die Alternative von Omegle und dem kopierten Omegle in allem zu sein, aber hier scheinen sie zu fehlen. Da es nicht erforderlich ist, Emeralds mobile App ist noch in der Entwicklungsphase noch k\u00f6nnen Sie es verwenden und hat die gleiche benutzerfreundliche Dashboard als seine Website.<\/p>","protected":false},"excerpt":{"rendered":"<p>Most people are having a busy lifestyle today to accomplish their goals. As a result, they find it difficult to make new friends for sharing their emotions and other things. With technologies are growing fast day by day, it becomes a simple process to connect with strangers easily that can help build new relationships. Nowadays, [&hellip;]<\/p>\n","protected":false},"author":6,"featured_media":559,"parent":0,"menu_order":0,"comment_status":"closed","ping_status":"closed","template":"","meta":{"footnotes":""},"class_list":["post-1004","page","type-page","status-publish","has-post-thumbnail","hentry"],"yoast_head":"<!-- This site is optimized with the Yoast SEO plugin v26.9 - https:\/\/yoast.com\/product\/yoast-seo-wordpress\/ -->\n<title>Emerald Chat - Cam with Strangers on StrangerCam.com<\/title>\n<meta name=\"description\" content=\"Like Emerald Chat? Come chat with more than 5.000.000 strangers on Stranger Cam for Free! Turn on your cam and find new friends!\" \/>\n<meta name=\"robots\" content=\"index, follow, max-snippet:-1, max-image-preview:large, max-video-preview:-1\" \/>\n<link rel=\"canonical\" href=\"https:\/\/strangercam.com\/de\/emerald-chat\/\" \/>\n<meta property=\"og:locale\" content=\"de_DE\" \/>\n<meta property=\"og:type\" content=\"article\" \/>\n<meta property=\"og:title\" content=\"Emerald Chat - Cam with Strangers on StrangerCam.com\" \/>\n<meta property=\"og:description\" content=\"Like Emerald Chat? Come chat with more than 5.000.000 strangers on Stranger Cam for Free! Turn on your cam and find new friends!\" \/>\n<meta property=\"og:url\" content=\"https:\/\/strangercam.com\/de\/emerald-chat\/\" \/>\n<meta property=\"og:site_name\" content=\"Strangercam\" \/>\n<meta property=\"article:publisher\" content=\"https:\/\/www.facebook.com\/strangercam\" \/>\n<meta property=\"article:modified_time\" content=\"2023-08-21T10:24:41+00:00\" \/>\n<meta property=\"og:image\" content=\"https:\/\/strangercam.com\/wp-content\/uploads\/2020\/11\/stranger-cam-1.png\" \/>\n\t<meta property=\"og:image:width\" content=\"800\" \/>\n\t<meta property=\"og:image:height\" content=\"800\" \/>\n\t<meta property=\"og:image:type\" content=\"image\/png\" \/>\n<meta name=\"twitter:card\" content=\"summary_large_image\" \/>\n<meta name=\"twitter:site\" content=\"@strangercamapp\" \/>\n<meta name=\"twitter:label1\" content=\"Gesch\u00e4tzte Lesezeit\" \/>\n\t<meta name=\"twitter:data1\" content=\"5\u00a0Minuten\" \/>\n<script type=\"application\/ld+json\" class=\"yoast-schema-graph\">{\"@context\":\"https:\/\/schema.org\",\"@graph\":[{\"@type\":\"WebPage\",\"@id\":\"https:\/\/strangercam.com\/emerald-chat\/\",\"url\":\"https:\/\/strangercam.com\/emerald-chat\/\",\"name\":\"Emerald Chat - Cam with Strangers on StrangerCam.com\",\"isPartOf\":{\"@id\":\"https:\/\/strangercam.com\/#website\"},\"primaryImageOfPage\":{\"@id\":\"https:\/\/strangercam.com\/emerald-chat\/#primaryimage\"},\"image\":{\"@id\":\"https:\/\/strangercam.com\/emerald-chat\/#primaryimage\"},\"thumbnailUrl\":\"https:\/\/strangercam.com\/wp-content\/uploads\/2020\/11\/stranger-cam-1.png\",\"datePublished\":\"2021-01-10T14:44:29+00:00\",\"dateModified\":\"2023-08-21T10:24:41+00:00\",\"description\":\"Like Emerald Chat? Come chat with more than 5.000.000 strangers on Stranger Cam for Free! Turn on your cam and find new friends!\",\"breadcrumb\":{\"@id\":\"https:\/\/strangercam.com\/emerald-chat\/#breadcrumb\"},\"inLanguage\":\"de\",\"potentialAction\":[{\"@type\":\"ReadAction\",\"target\":[\"https:\/\/strangercam.com\/emerald-chat\/\"]}]},{\"@type\":\"ImageObject\",\"inLanguage\":\"de\",\"@id\":\"https:\/\/strangercam.com\/emerald-chat\/#primaryimage\",\"url\":\"https:\/\/strangercam.com\/wp-content\/uploads\/2020\/11\/stranger-cam-1.png\",\"contentUrl\":\"https:\/\/strangercam.com\/wp-content\/uploads\/2020\/11\/stranger-cam-1.png\",\"width\":800,\"height\":800,\"caption\":\"stranger cam random video chat\"},{\"@type\":\"BreadcrumbList\",\"@id\":\"https:\/\/strangercam.com\/emerald-chat\/#breadcrumb\",\"itemListElement\":[{\"@type\":\"ListItem\",\"position\":1,\"name\":\"Home\",\"item\":\"https:\/\/strangercam.com\/\"},{\"@type\":\"ListItem\",\"position\":2,\"name\":\"Emerald Chat\"}]},{\"@type\":\"WebSite\",\"@id\":\"https:\/\/strangercam.com\/#website\",\"url\":\"https:\/\/strangercam.com\/\",\"name\":\"Strangercam\",\"description\":\"Random Video Chat with Strangers\",\"publisher\":{\"@id\":\"https:\/\/strangercam.com\/#organization\"},\"alternateName\":\"Strangercam.com\",\"potentialAction\":[{\"@type\":\"SearchAction\",\"target\":{\"@type\":\"EntryPoint\",\"urlTemplate\":\"https:\/\/strangercam.com\/?s={search_term_string}\"},\"query-input\":{\"@type\":\"PropertyValueSpecification\",\"valueRequired\":true,\"valueName\":\"search_term_string\"}}],\"inLanguage\":\"de\"},{\"@type\":\"Organization\",\"@id\":\"https:\/\/strangercam.com\/#organization\",\"name\":\"Strangercam\",\"alternateName\":\"Strangercam.com\",\"url\":\"https:\/\/strangercam.com\/\",\"logo\":{\"@type\":\"ImageObject\",\"inLanguage\":\"de\",\"@id\":\"https:\/\/strangercam.com\/#\/schema\/logo\/image\/\",\"url\":\"https:\/\/strangercam.com\/wp-content\/uploads\/2020\/11\/cropped-new-favicon-black.png\",\"contentUrl\":\"https:\/\/strangercam.com\/wp-content\/uploads\/2020\/11\/cropped-new-favicon-black.png\",\"width\":512,\"height\":512,\"caption\":\"Strangercam\"},\"image\":{\"@id\":\"https:\/\/strangercam.com\/#\/schema\/logo\/image\/\"},\"sameAs\":[\"https:\/\/www.facebook.com\/strangercam\",\"https:\/\/x.com\/strangercamapp\"]}]}<\/script>\n<!-- \/ Yoast SEO plugin. -->","yoast_head_json":{"title":"Emerald Chat - Cam with Strangers auf StrangerCam.com","description":"Gef\u00e4llt dir Emerald Chat? Chatte mit mehr als 5.000.000 Fremden auf Stranger Cam - kostenlos! Schalte deine Kamera ein und finde neue Freunde!","robots":{"index":"index","follow":"follow","max-snippet":"max-snippet:-1","max-image-preview":"max-image-preview:large","max-video-preview":"max-video-preview:-1"},"canonical":"https:\/\/strangercam.com\/de\/emerald-chat\/","og_locale":"de_DE","og_type":"article","og_title":"Emerald Chat - Cam with Strangers on StrangerCam.com","og_description":"Like Emerald Chat? Come chat with more than 5.000.000 strangers on Stranger Cam for Free! Turn on your cam and find new friends!","og_url":"https:\/\/strangercam.com\/de\/emerald-chat\/","og_site_name":"Strangercam","article_publisher":"https:\/\/www.facebook.com\/strangercam","article_modified_time":"2023-08-21T10:24:41+00:00","og_image":[{"width":800,"height":800,"url":"https:\/\/strangercam.com\/wp-content\/uploads\/2020\/11\/stranger-cam-1.png","type":"image\/png"}],"twitter_card":"summary_large_image","twitter_site":"@strangercamapp","twitter_misc":{"Gesch\u00e4tzte Lesezeit":"5\u00a0Minuten"},"schema":{"@context":"https:\/\/schema.org","@graph":[{"@type":"WebPage","@id":"https:\/\/strangercam.com\/emerald-chat\/","url":"https:\/\/strangercam.com\/emerald-chat\/","name":"Emerald Chat - Cam with Strangers auf StrangerCam.com","isPartOf":{"@id":"https:\/\/strangercam.com\/#website"},"primaryImageOfPage":{"@id":"https:\/\/strangercam.com\/emerald-chat\/#primaryimage"},"image":{"@id":"https:\/\/strangercam.com\/emerald-chat\/#primaryimage"},"thumbnailUrl":"https:\/\/strangercam.com\/wp-content\/uploads\/2020\/11\/stranger-cam-1.png","datePublished":"2021-01-10T14:44:29+00:00","dateModified":"2023-08-21T10:24:41+00:00","description":"Gef\u00e4llt dir Emerald Chat? Chatte mit mehr als 5.000.000 Fremden auf Stranger Cam - kostenlos! Schalte deine Kamera ein und finde neue Freunde!","breadcrumb":{"@id":"https:\/\/strangercam.com\/emerald-chat\/#breadcrumb"},"inLanguage":"de","potentialAction":[{"@type":"ReadAction","target":["https:\/\/strangercam.com\/emerald-chat\/"]}]},{"@type":"ImageObject","inLanguage":"de","@id":"https:\/\/strangercam.com\/emerald-chat\/#primaryimage","url":"https:\/\/strangercam.com\/wp-content\/uploads\/2020\/11\/stranger-cam-1.png","contentUrl":"https:\/\/strangercam.com\/wp-content\/uploads\/2020\/11\/stranger-cam-1.png","width":800,"height":800,"caption":"stranger cam random video chat"},{"@type":"BreadcrumbList","@id":"https:\/\/strangercam.com\/emerald-chat\/#breadcrumb","itemListElement":[{"@type":"ListItem","position":1,"name":"Home","item":"https:\/\/strangercam.com\/"},{"@type":"ListItem","position":2,"name":"Emerald Chat"}]},{"@type":"WebSite","@id":"https:\/\/strangercam.com\/#website","url":"https:\/\/strangercam.com\/","name":"Strangercam","description":"Zuf\u00e4lliger Video-Chat mit Fremden","publisher":{"@id":"https:\/\/strangercam.com\/#organization"},"alternateName":"Strangercam.com","potentialAction":[{"@type":"SearchAction","target":{"@type":"EntryPoint","urlTemplate":"https:\/\/strangercam.com\/?s={search_term_string}"},"query-input":{"@type":"PropertyValueSpecification","valueRequired":true,"valueName":"search_term_string"}}],"inLanguage":"de"},{"@type":"Organization","@id":"https:\/\/strangercam.com\/#organization","name":"Strangercam","alternateName":"Strangercam.com","url":"https:\/\/strangercam.com\/","logo":{"@type":"ImageObject","inLanguage":"de","@id":"https:\/\/strangercam.com\/#\/schema\/logo\/image\/","url":"https:\/\/strangercam.com\/wp-content\/uploads\/2020\/11\/cropped-new-favicon-black.png","contentUrl":"https:\/\/strangercam.com\/wp-content\/uploads\/2020\/11\/cropped-new-favicon-black.png","width":512,"height":512,"caption":"Strangercam"},"image":{"@id":"https:\/\/strangercam.com\/#\/schema\/logo\/image\/"},"sameAs":["https:\/\/www.facebook.com\/strangercam","https:\/\/x.com\/strangercamapp"]}]}},"_links":{"self":[{"href":"https:\/\/strangercam.com\/de\/wp-json\/wp\/v2\/pages\/1004","targetHints":{"allow":["GET"]}}],"collection":[{"href":"https:\/\/strangercam.com\/de\/wp-json\/wp\/v2\/pages"}],"about":[{"href":"https:\/\/strangercam.com\/de\/wp-json\/wp\/v2\/types\/page"}],"author":[{"embeddable":true,"href":"https:\/\/strangercam.com\/de\/wp-json\/wp\/v2\/users\/6"}],"replies":[{"embeddable":true,"href":"https:\/\/strangercam.com\/de\/wp-json\/wp\/v2\/comments?post=1004"}],"version-history":[{"count":0,"href":"https:\/\/strangercam.com\/de\/wp-json\/wp\/v2\/pages\/1004\/revisions"}],"wp:featuredmedia":[{"embeddable":true,"href":"https:\/\/strangercam.com\/de\/wp-json\/wp\/v2\/media\/559"}],"wp:attachment":[{"href":"https:\/\/strangercam.com\/de\/wp-json\/wp\/v2\/media?parent=1004"}],"curies":[{"name":"wp","href":"https:\/\/api.w.org\/{rel}","templated":true}]}}