{"id":10021,"date":"2022-05-30T13:39:35","date_gmt":"2022-05-30T11:39:35","guid":{"rendered":"https:\/\/strangercam.com\/?page_id=10021"},"modified":"2023-08-21T12:38:00","modified_gmt":"2023-08-21T10:38:00","slug":"randochat","status":"publish","type":"page","link":"https:\/\/strangercam.com\/de\/randochat\/","title":{"rendered":"Randochat"},"content":{"rendered":"<p>RandoChat ist eine zuf\u00e4llige <a href=\"https:\/\/strangercam.com\/de\/chatroulette\/\">Chat<\/a> Programm, das es Ihnen erm\u00f6glicht <a href=\"https:\/\/strangercam.com\/de\/coomeet\/\">treffen<\/a> neue Leute anonym kennenlernen. Es ist nicht n\u00f6tig, ein Konto einzurichten oder sich anzumelden. Mit einem einzigen Fingertipp k\u00f6nnen Sie ein Gespr\u00e4ch unter vier Augen beginnen. Die Website bietet eine einfach zu bedienende Plattform f\u00fcr die Online-Interaktion mit neuen Leuten. Das Randochat bietet einen erstklassigen Kundendienst.<\/p>\n<h3>Wie benutzt man die Randochat Dating App?<\/h3>\n<p>Sie k\u00f6nnen die Smartphone-Anwendung nutzen, die es Ihnen erm\u00f6glicht, mit anderen Nutzern, die sich f\u00fcr das System angemeldet haben, zu kommunizieren. Die Nutzer m\u00fcssen keine Geb\u00fchren zahlen, um die interessanten Funktionen der Website nutzen zu k\u00f6nnen. Sie ist vollst\u00e4ndig <a href=\"https:\/\/strangercam.com\/de\/chat4free\/\">kostenlos<\/a> f\u00fcr die Nutzer. Eine Registrierung ist nicht erforderlich. Dieses Paket funktioniert \u00e4hnlich wie ein Standard-SMS-Dienst und erm\u00f6glicht es Ihnen, sowohl Text als auch Bilder zu \u00fcbermitteln. Durch die Zuf\u00e4lligkeit dieses Systems macht die Nutzung viel Spa\u00df.<\/p>\n<h3>Hauptmerkmale der Website Randochat<\/h3>\n<p>Im Folgenden finden Sie einige der wichtigsten Merkmale des Randochat:<\/p>\n<ul>\n<li>Mach RandoChat zu deinem Kumpel. Interagiere mit neuen Leuten w\u00e4hrend <a href=\"https:\/\/strangercam.com\/de\/chatingly\/\">Chatten<\/a> Anonym! Dieser Dienst ist v\u00f6llig kostenlos.<\/li>\n<li>Keine Aufbewahrung der Daten. Ihre Unterhaltungen werden nur f\u00fcr eine begrenzte Zeit auf unseren Servern gespeichert und werden entfernt, sobald sie an Ihren Chat-Kontakt gesendet wurden.<\/li>\n<li>Um diese Software zu nutzen, m\u00fcssen Sie mindestens 18 Jahre alt sein. Sie d\u00fcrfen keine unangemessenen Inhalte hochladen, wie z. B. Nacktheit, rassistisches oder beleidigendes Material. Wenn Sie gegen unsere Bedingungen versto\u00dfen, kann Ihr Konto auf unbestimmte Zeit gesperrt werden.<\/li>\n<li>Datensicherheit. Zu wissen, wie die Entwickler Ihre Daten erfassen und weitergeben, ist der erste Schritt zur Sicherheit. Ihre Datenschutz- und Vertraulichkeitspraktiken k\u00f6nnen sich unterscheiden, je nachdem, wie Sie die Website nutzen, wo Sie <a href=\"https:\/\/strangercam.com\/de\/mili\/\">live<\/a>und wie alt Sie sind. Diese Informationen wurden vom Entwickler zur Verf\u00fcgung gestellt, der sie in Zukunft aktualisieren kann.<\/li>\n<li>Es findet keine Weitergabe von Daten an Dritte statt. Die Website gibt die Daten nicht an Werbetreibende weiter, die sie f\u00fcr verschiedene Zwecke verwenden k\u00f6nnen. Sie k\u00f6nnen mehr \u00fcber die Erkl\u00e4rungen zur Weitergabe erfahren, indem Sie sich mit dem Kundendienst in Verbindung setzen.<\/li>\n<li>Diese Datentypen k\u00f6nnen von dieser App erfasst werden. Das bedeutet, dass die Website keine Ihrer pers\u00f6nlichen Informationen, Fotos oder Videos weitergibt oder speichert. Bei der \u00dcbertragung werden die Daten verschl\u00fcsselt.<\/li>\n<li>L\u00f6schung der Daten. Wenn Sie mit den online ver\u00f6ffentlichten Daten nicht einverstanden sind, k\u00f6nnen Sie die L\u00f6schung Ihrer Daten beantragen.<\/li>\n<\/ul>\n<h3>Schlussfolgerung<\/h3>\n<p>Das Randochat ist eine hervorragende Plattform, um mit den richtigen Leuten online zu interagieren. Sie k\u00f6nnen die Filter f\u00fcr das Erreichen der Person, die Sie verehren k\u00f6nnen, verwenden und eine tolle Zeit zusammen verbringen.<\/p>","protected":false},"excerpt":{"rendered":"<p>RandoChat is a random chat program that allows you to meet new people anonymously. There is no need to establish an account or log in. With a single tap, you may start a one-on-one conversation. The website offers an easy-to-use platform for interacting with new people online. The Randochat offers the highest quality customer support [&hellip;]<\/p>\n","protected":false},"author":6,"featured_media":559,"parent":0,"menu_order":0,"comment_status":"closed","ping_status":"closed","template":"","meta":{"footnotes":""},"class_list":["post-10021","page","type-page","status-publish","has-post-thumbnail","hentry"],"yoast_head":"<!-- This site is optimized with the Yoast SEO plugin v27.4 - https:\/\/yoast.com\/product\/yoast-seo-wordpress\/ -->\n<title>Randochat - Chat Roulette Anonymously - Cam on StrangerCam.com<\/title>\n<meta name=\"description\" content=\"Like Randochat? Come chat with more than 5.000.000 strangers on Stranger Cam for Free! Turn on your cam and find new friends &amp; maby a match!\" \/>\n<meta name=\"robots\" content=\"index, follow, max-snippet:-1, max-image-preview:large, max-video-preview:-1\" \/>\n<link rel=\"canonical\" href=\"https:\/\/strangercam.com\/de\/randochat\/\" \/>\n<meta property=\"og:locale\" content=\"de_DE\" \/>\n<meta property=\"og:type\" content=\"article\" \/>\n<meta property=\"og:title\" content=\"Randochat - Chat Roulette Anonymously - Cam on StrangerCam.com\" \/>\n<meta property=\"og:description\" content=\"Like Randochat? Come chat with more than 5.000.000 strangers on Stranger Cam for Free! Turn on your cam and find new friends &amp; maby a match!\" \/>\n<meta property=\"og:url\" content=\"https:\/\/strangercam.com\/de\/randochat\/\" \/>\n<meta property=\"og:site_name\" content=\"Strangercam\" \/>\n<meta property=\"article:publisher\" content=\"https:\/\/www.facebook.com\/strangercam\" \/>\n<meta property=\"article:modified_time\" content=\"2023-08-21T10:38:00+00:00\" \/>\n<meta property=\"og:image\" content=\"https:\/\/strangercam.com\/wp-content\/uploads\/2020\/11\/stranger-cam-1.png\" \/>\n\t<meta property=\"og:image:width\" content=\"800\" \/>\n\t<meta property=\"og:image:height\" content=\"800\" \/>\n\t<meta property=\"og:image:type\" content=\"image\/png\" \/>\n<meta name=\"twitter:card\" content=\"summary_large_image\" \/>\n<meta name=\"twitter:site\" content=\"@strangercamapp\" \/>\n<meta name=\"twitter:label1\" content=\"Gesch\u00e4tzte Lesezeit\" \/>\n\t<meta name=\"twitter:data1\" content=\"2\u00a0Minuten\" \/>\n<script type=\"application\/ld+json\" class=\"yoast-schema-graph\">{\"@context\":\"https:\\\/\\\/schema.org\",\"@graph\":[{\"@type\":\"WebPage\",\"@id\":\"https:\\\/\\\/strangercam.com\\\/randochat\\\/\",\"url\":\"https:\\\/\\\/strangercam.com\\\/randochat\\\/\",\"name\":\"Randochat - Chat Roulette Anonymously - Cam on StrangerCam.com\",\"isPartOf\":{\"@id\":\"https:\\\/\\\/strangercam.com\\\/#website\"},\"primaryImageOfPage\":{\"@id\":\"https:\\\/\\\/strangercam.com\\\/randochat\\\/#primaryimage\"},\"image\":{\"@id\":\"https:\\\/\\\/strangercam.com\\\/randochat\\\/#primaryimage\"},\"thumbnailUrl\":\"https:\\\/\\\/strangercam.com\\\/wp-content\\\/uploads\\\/2020\\\/11\\\/stranger-cam-1.png\",\"datePublished\":\"2022-05-30T11:39:35+00:00\",\"dateModified\":\"2023-08-21T10:38:00+00:00\",\"description\":\"Like Randochat? Come chat with more than 5.000.000 strangers on Stranger Cam for Free! Turn on your cam and find new friends & maby a match!\",\"breadcrumb\":{\"@id\":\"https:\\\/\\\/strangercam.com\\\/randochat\\\/#breadcrumb\"},\"inLanguage\":\"de\",\"potentialAction\":[{\"@type\":\"ReadAction\",\"target\":[\"https:\\\/\\\/strangercam.com\\\/randochat\\\/\"]}]},{\"@type\":\"ImageObject\",\"inLanguage\":\"de\",\"@id\":\"https:\\\/\\\/strangercam.com\\\/randochat\\\/#primaryimage\",\"url\":\"https:\\\/\\\/strangercam.com\\\/wp-content\\\/uploads\\\/2020\\\/11\\\/stranger-cam-1.png\",\"contentUrl\":\"https:\\\/\\\/strangercam.com\\\/wp-content\\\/uploads\\\/2020\\\/11\\\/stranger-cam-1.png\",\"width\":800,\"height\":800,\"caption\":\"stranger cam random video chat\"},{\"@type\":\"BreadcrumbList\",\"@id\":\"https:\\\/\\\/strangercam.com\\\/randochat\\\/#breadcrumb\",\"itemListElement\":[{\"@type\":\"ListItem\",\"position\":1,\"name\":\"Home\",\"item\":\"https:\\\/\\\/strangercam.com\\\/\"},{\"@type\":\"ListItem\",\"position\":2,\"name\":\"Randochat\"}]},{\"@type\":\"WebSite\",\"@id\":\"https:\\\/\\\/strangercam.com\\\/#website\",\"url\":\"https:\\\/\\\/strangercam.com\\\/\",\"name\":\"Strangercam\",\"description\":\"Random Video Chat with Strangers\",\"publisher\":{\"@id\":\"https:\\\/\\\/strangercam.com\\\/#organization\"},\"alternateName\":\"Strangercam.com\",\"potentialAction\":[{\"@type\":\"SearchAction\",\"target\":{\"@type\":\"EntryPoint\",\"urlTemplate\":\"https:\\\/\\\/strangercam.com\\\/?s={search_term_string}\"},\"query-input\":{\"@type\":\"PropertyValueSpecification\",\"valueRequired\":true,\"valueName\":\"search_term_string\"}}],\"inLanguage\":\"de\"},{\"@type\":\"Organization\",\"@id\":\"https:\\\/\\\/strangercam.com\\\/#organization\",\"name\":\"Strangercam\",\"alternateName\":\"Strangercam.com\",\"url\":\"https:\\\/\\\/strangercam.com\\\/\",\"logo\":{\"@type\":\"ImageObject\",\"inLanguage\":\"de\",\"@id\":\"https:\\\/\\\/strangercam.com\\\/#\\\/schema\\\/logo\\\/image\\\/\",\"url\":\"https:\\\/\\\/strangercam.com\\\/wp-content\\\/uploads\\\/2020\\\/11\\\/cropped-new-favicon-black.png\",\"contentUrl\":\"https:\\\/\\\/strangercam.com\\\/wp-content\\\/uploads\\\/2020\\\/11\\\/cropped-new-favicon-black.png\",\"width\":512,\"height\":512,\"caption\":\"Strangercam\"},\"image\":{\"@id\":\"https:\\\/\\\/strangercam.com\\\/#\\\/schema\\\/logo\\\/image\\\/\"},\"sameAs\":[\"https:\\\/\\\/www.facebook.com\\\/strangercam\",\"https:\\\/\\\/x.com\\\/strangercamapp\"]}]}<\/script>\n<!-- \/ Yoast SEO plugin. -->","yoast_head_json":{"title":"Randochat - Chat Roulette Anonym - Cam auf StrangerCam.com","description":"Gef\u00e4llt dir Randochat? Komm und chatte mit mehr als 5.000.000 Fremden auf Stranger Cam kostenlos! Schalte deine Kamera ein und finde neue Freunde und vielleicht einen Partner!","robots":{"index":"index","follow":"follow","max-snippet":"max-snippet:-1","max-image-preview":"max-image-preview:large","max-video-preview":"max-video-preview:-1"},"canonical":"https:\/\/strangercam.com\/de\/randochat\/","og_locale":"de_DE","og_type":"article","og_title":"Randochat - Chat Roulette Anonymously - Cam on StrangerCam.com","og_description":"Like Randochat? Come chat with more than 5.000.000 strangers on Stranger Cam for Free! Turn on your cam and find new friends & maby a match!","og_url":"https:\/\/strangercam.com\/de\/randochat\/","og_site_name":"Strangercam","article_publisher":"https:\/\/www.facebook.com\/strangercam","article_modified_time":"2023-08-21T10:38:00+00:00","og_image":[{"width":800,"height":800,"url":"https:\/\/strangercam.com\/wp-content\/uploads\/2020\/11\/stranger-cam-1.png","type":"image\/png"}],"twitter_card":"summary_large_image","twitter_site":"@strangercamapp","twitter_misc":{"Gesch\u00e4tzte Lesezeit":"2\u00a0Minuten"},"schema":{"@context":"https:\/\/schema.org","@graph":[{"@type":"WebPage","@id":"https:\/\/strangercam.com\/randochat\/","url":"https:\/\/strangercam.com\/randochat\/","name":"Randochat - Chat Roulette Anonym - Cam auf StrangerCam.com","isPartOf":{"@id":"https:\/\/strangercam.com\/#website"},"primaryImageOfPage":{"@id":"https:\/\/strangercam.com\/randochat\/#primaryimage"},"image":{"@id":"https:\/\/strangercam.com\/randochat\/#primaryimage"},"thumbnailUrl":"https:\/\/strangercam.com\/wp-content\/uploads\/2020\/11\/stranger-cam-1.png","datePublished":"2022-05-30T11:39:35+00:00","dateModified":"2023-08-21T10:38:00+00:00","description":"Gef\u00e4llt dir Randochat? Komm und chatte mit mehr als 5.000.000 Fremden auf Stranger Cam kostenlos! Schalte deine Kamera ein und finde neue Freunde und vielleicht einen Partner!","breadcrumb":{"@id":"https:\/\/strangercam.com\/randochat\/#breadcrumb"},"inLanguage":"de","potentialAction":[{"@type":"ReadAction","target":["https:\/\/strangercam.com\/randochat\/"]}]},{"@type":"ImageObject","inLanguage":"de","@id":"https:\/\/strangercam.com\/randochat\/#primaryimage","url":"https:\/\/strangercam.com\/wp-content\/uploads\/2020\/11\/stranger-cam-1.png","contentUrl":"https:\/\/strangercam.com\/wp-content\/uploads\/2020\/11\/stranger-cam-1.png","width":800,"height":800,"caption":"stranger cam random video chat"},{"@type":"BreadcrumbList","@id":"https:\/\/strangercam.com\/randochat\/#breadcrumb","itemListElement":[{"@type":"ListItem","position":1,"name":"Home","item":"https:\/\/strangercam.com\/"},{"@type":"ListItem","position":2,"name":"Randochat"}]},{"@type":"WebSite","@id":"https:\/\/strangercam.com\/#website","url":"https:\/\/strangercam.com\/","name":"Strangercam","description":"Zuf\u00e4lliger Video-Chat mit Fremden","publisher":{"@id":"https:\/\/strangercam.com\/#organization"},"alternateName":"Strangercam.com","potentialAction":[{"@type":"SearchAction","target":{"@type":"EntryPoint","urlTemplate":"https:\/\/strangercam.com\/?s={search_term_string}"},"query-input":{"@type":"PropertyValueSpecification","valueRequired":true,"valueName":"search_term_string"}}],"inLanguage":"de"},{"@type":"Organization","@id":"https:\/\/strangercam.com\/#organization","name":"Strangercam","alternateName":"Strangercam.com","url":"https:\/\/strangercam.com\/","logo":{"@type":"ImageObject","inLanguage":"de","@id":"https:\/\/strangercam.com\/#\/schema\/logo\/image\/","url":"https:\/\/strangercam.com\/wp-content\/uploads\/2020\/11\/cropped-new-favicon-black.png","contentUrl":"https:\/\/strangercam.com\/wp-content\/uploads\/2020\/11\/cropped-new-favicon-black.png","width":512,"height":512,"caption":"Strangercam"},"image":{"@id":"https:\/\/strangercam.com\/#\/schema\/logo\/image\/"},"sameAs":["https:\/\/www.facebook.com\/strangercam","https:\/\/x.com\/strangercamapp"]}]}},"_links":{"self":[{"href":"https:\/\/strangercam.com\/de\/wp-json\/wp\/v2\/pages\/10021","targetHints":{"allow":["GET"]}}],"collection":[{"href":"https:\/\/strangercam.com\/de\/wp-json\/wp\/v2\/pages"}],"about":[{"href":"https:\/\/strangercam.com\/de\/wp-json\/wp\/v2\/types\/page"}],"author":[{"embeddable":true,"href":"https:\/\/strangercam.com\/de\/wp-json\/wp\/v2\/users\/6"}],"replies":[{"embeddable":true,"href":"https:\/\/strangercam.com\/de\/wp-json\/wp\/v2\/comments?post=10021"}],"version-history":[{"count":0,"href":"https:\/\/strangercam.com\/de\/wp-json\/wp\/v2\/pages\/10021\/revisions"}],"wp:featuredmedia":[{"embeddable":true,"href":"https:\/\/strangercam.com\/de\/wp-json\/wp\/v2\/media\/559"}],"wp:attachment":[{"href":"https:\/\/strangercam.com\/de\/wp-json\/wp\/v2\/media?parent=10021"}],"curies":[{"name":"wp","href":"https:\/\/api.w.org\/{rel}","templated":true}]}}