{"id":9038,"date":"2025-09-29T10:37:31","date_gmt":"2025-09-29T08:37:31","guid":{"rendered":"https:\/\/strangercam.com\/?page_id=9038"},"modified":"2025-09-29T12:03:57","modified_gmt":"2025-09-29T10:03:57","slug":"gratis-online-chat","status":"publish","type":"page","link":"https:\/\/strangercam.com\/da\/gratis-online-chat\/","title":{"rendered":"Gratis online chat"},"content":{"rendered":"<p>S\u00f8ger du efter gratis online <a href=\"https:\/\/strangercam.com\/da\/chathub\/\">Chat<\/a>? Du er ikke alene. Millioner af mennesker skriver hver m\u00e5ned de samme ord i Google og leder efter en hurtig, sikker og gratis m\u00e5de at <a href=\"https:\/\/strangercam.com\/da\/coomeet\/\">m\u00f8des<\/a> nye mennesker online. I mods\u00e6tning til sociale netv\u00e6rk eller datingapps, der kr\u00e6ver langvarige tilmeldinger, giver gratis online chatplatforme dig mulighed for at komme i kontakt med det samme - uden besv\u00e6r.<\/p>\n<p>I 2025 g\u00f8r platforme som StrangerCam det nemmere end nogensinde at begynde at chatte gratis, uden downloads eller skjulte omkostninger. Uanset om du \u00f8nsker afslappede samtaler, globale venskaber eller en let flirt, er gratis onlinechat stadig en af de mest sp\u00e6ndende m\u00e5der at komme i kontakt med andre p\u00e5 nettet.<\/p>\n<p>Denne guide d\u00e6kker alt, hvad du har brug for at vide: hvad gratis onlinechat er, hvorfor det er s\u00e5 popul\u00e6rt, hvordan det fungerer, dets historie, hvilke funktioner der betyder mest, de bedste platforme, sikkerhedstips, og hvorfor StrangerCam er en af de bedste muligheder i dag.<\/p>\n<h2>Hvad er gratis online chat?<\/h2>\n<p>Gratis onlinechat henviser til digitale platforme, hvor du kan tale med folk med det samme via tekst eller video uden at betale gebyrer eller oprette lange profiler. Ideen er enkel: Du klikker p\u00e5 en knap, og s\u00e5 er du i kontakt med en ny person - n\u00e5r som helst og hvor som helst.<\/p>\n<p>I mods\u00e6tning til traditionelle sociale medier eller datingapps handler gratis chatplatforme om spontanitet. De kr\u00e6ver ikke swiping, algoritmer eller kuraterede profiler. I stedet giver de mulighed for interaktion i realtid med fremmede fra hele verden.<\/p>\n<h2>Hvorfor folk elsker gratis online chat<\/h2>\n<p>Udtrykket \"gratis online chat\" er blevet ved med at v\u00e6re popul\u00e6rt i \u00e5rtier, fordi:<\/p>\n<ul>\n<li>\u00d8jeblikkelig forbindelse: Ingen ventetid p\u00e5 match eller svar.<\/li>\n<li>Globale venskaber: M\u00f8d mennesker fra over 100 lande.<\/li>\n<li>Forskellige former for samtaler: Fra afslappet drilleri til dybere samtaler.<\/li>\n<li>Overkommelige priser: Virkelig fri adgang, ingen skjulte betalingsmure.<\/li>\n<li>Spontanitet: Hver chat er unik og uforudsigelig.<\/li>\n<li>Fleksibilitet: Mulighed for tekst eller live videochat.<\/li>\n<\/ul>\n<p>Det er den perfekte blanding af sjov, autenticitet og tilg\u00e6ngelighed.<\/p>\n<h2>S\u00e5dan fungerer gratis online chat<\/h2>\n<p>Processen er enkel:<\/p>\n<ol>\n<li>\u00c5bn en chatplatform som StrangerCam.<\/li>\n<li>V\u00e6lg chattilstand (tekstchat eller video).<\/li>\n<li>Giv adgang til kamera\/mikrofon til video.<\/li>\n<li>Klik p\u00e5 \"Start chat\".<\/li>\n<li>Kom straks i kontakt med nogen i hele verden.<\/li>\n<li>Klik p\u00e5 \"N\u00e6ste\" n\u00e5r som helst for at m\u00f8de en ny.<\/li>\n<\/ol>\n<p>Nogle sider tilf\u00f8jer ogs\u00e5 funktioner som filtre, gruppechatrum eller overs\u00e6ttelsesv\u00e6rkt\u00f8jer.<\/p>\n<h2>Funktioner, du skal kigge efter<\/h2>\n<p>N\u00e5r du v\u00e6lger en gratis online chatside, skal du s\u00f8rge for, at den indeholder:<\/p>\n<ul>\n<li>Virkelig fri adgang - Undg\u00e5 sider, der skjuler funktioner bag betalingsmure.<\/li>\n<li>Ingen tilmelding n\u00f8dvendig - v\u00e6r anonym, opret forbindelse med det samme.<\/li>\n<li>Video- og tekstmuligheder - Fleksibilitet til forskellige stemninger.<\/li>\n<li>Mobilvenligt design - smidigt p\u00e5 telefoner og tablets.<\/li>\n<li>St\u00e6rk moderation - sikrere end gammeldags chatrooms.<\/li>\n<li>Global brugerbase - Flere mennesker betyder mere sjov.<\/li>\n<\/ul>\n<h2>Bedste gratis online chat-platforme i 2025<\/h2>\n<p>Her er en sammenligning af de bedste gratis chatsider i dag:<\/p>\n<table>\n<thead>\n<tr>\n<th>Platform<\/th>\n<th align=\"center\">Fri adgang<\/th>\n<th align=\"center\">Tilmelding n\u00f8dvendig<\/th>\n<th align=\"center\">Videochat<\/th>\n<th align=\"center\">Mobil support<\/th>\n<th align=\"center\">Moderation<\/th>\n<th>Noter<\/th>\n<\/tr>\n<\/thead>\n<tbody>\n<tr>\n<td>StrangerCam<\/td>\n<td align=\"center\">\u2705<\/td>\n<td align=\"center\">\u274c<\/td>\n<td align=\"center\">\u2705<\/td>\n<td align=\"center\">\u2705<\/td>\n<td align=\"center\">\u2705<\/td>\n<td>Bedste valg: gratis, \u00f8jeblikkelig, sikker<\/td>\n<\/tr>\n<tr>\n<td><a href=\"https:\/\/strangercam.com\/da\/chatroulette\/\">Chatroulette<\/a><\/td>\n<td align=\"center\">\u2705<\/td>\n<td align=\"center\">\u274c<\/td>\n<td align=\"center\">\u2705<\/td>\n<td align=\"center\">\u2705<\/td>\n<td align=\"center\">\u2705<\/td>\n<td>Klassiske, men begr\u00e6nsede funktioner<\/td>\n<\/tr>\n<tr>\n<td>Chatrandom<\/td>\n<td align=\"center\">\u2705<\/td>\n<td align=\"center\">\u274c<\/td>\n<td align=\"center\">\u2705<\/td>\n<td align=\"center\">\u2705<\/td>\n<td align=\"center\">\u2705<\/td>\n<td>Stor brugerbase, skubber til opgraderinger<\/td>\n<\/tr>\n<tr>\n<td><a href=\"https:\/\/strangercam.com\/da\/ometv\/\">OmeTV<\/a><\/td>\n<td align=\"center\">\u2705<\/td>\n<td align=\"center\">\u274c<\/td>\n<td align=\"center\">\u2705<\/td>\n<td align=\"center\">\u2705<\/td>\n<td align=\"center\">\u2705<\/td>\n<td>Mobil-f\u00f8rste app til tilf\u00e6ldig chat<\/td>\n<\/tr>\n<tr>\n<td>Shagle<\/td>\n<td align=\"center\">\u2705<\/td>\n<td align=\"center\">\u274c<\/td>\n<td align=\"center\">\u2705<\/td>\n<td align=\"center\">\u2705<\/td>\n<td align=\"center\">\u2705<\/td>\n<td>Gratis adgang, premiumfiltre l\u00e5st<\/td>\n<\/tr>\n<tr>\n<td>WireClub<\/td>\n<td align=\"center\">\u2705<\/td>\n<td align=\"center\">\u2705<\/td>\n<td align=\"center\">\u274c<\/td>\n<td align=\"center\">\u2705<\/td>\n<td align=\"center\">\u2705<\/td>\n<td>Mere traditionelle tekst-chatrooms<\/td>\n<\/tr>\n<\/tbody>\n<\/table>\n<p>StrangerCam er en af de f\u00e5 platforme, der kombinerer gratis ubegr\u00e6nset adgang, ingen tilmelding og b\u00e5de video- og tekstchatmuligheder.<\/p>\n<h2>Hvorfor StrangerCam er den bedste gratis online chat-mulighed<\/h2>\n<p>Her er grunden til, at StrangerCam er det bedste valg til gratis onlinechat i 2025:<\/p>\n<h3>1. Helt gratis<\/h3>\n<p>Ingen skjulte omkostninger, fors\u00f8g eller kreditsystemer.<\/p>\n<h3>2. Ingen tilmelding p\u00e5kr\u00e6vet<\/h3>\n<p>V\u00e6r anonym og chat med det samme.<\/p>\n<h3>3. Indstillinger for tekst + video<\/h3>\n<p>Skift mellem tilstande afh\u00e6ngigt af dit komfortniveau.<\/p>\n<h3>4. Sikker og modereret<\/h3>\n<p>Bedre sikkerhedsv\u00e6rkt\u00f8jer end gammeldags chatrooms.<\/p>\n<h3>5. Klar til mobil og desktop<\/h3>\n<p>Optimeret til alle enheder.<\/p>\n<h3>6. Global r\u00e6kkevidde<\/h3>\n<p>M\u00f8d mennesker fra mere end 100 lande, 24\/7.<\/p>\n<h2>\u00c6gte brugerudtalelser<\/h2>\n<blockquote><p>\"Jeg s\u00f8gte p\u00e5 Free Online Chat og fandt StrangerCam. Det var \u00f8jeblikkeligt, sjovt, og jeg m\u00f8dte mennesker fra hele verden.\"<br \/>\n- Jake, 25 \u00e5r<\/p><\/blockquote>\n<blockquote><p>\"Jeg kan godt lide, at jeg ikke skal tilmelde mig eller give personlige oplysninger. Det er virkelig gratis.\"<br \/>\n- Sophia, 22 \u00e5r<\/p><\/blockquote>\n<blockquote><p>\"Det f\u00f8les trygt og enkelt. Spring over-knappen g\u00f8r det nemt at komme videre.\"<br \/>\n- Ryan, 30 \u00e5r<\/p><\/blockquote>\n<blockquote><p>\"I mods\u00e6tning til gamle chatrooms f\u00f8les dette moderne og modereret. Gratis onlinechat virker endelig.\"<br \/>\n- Emma, 20 \u00e5r<\/p><\/blockquote>\n<h2>Psykologien bag gratis online chat<\/h2>\n<p>Hvorfor er gratis onlinechat stadig s\u00e5 popul\u00e6rt i 2025? Den udnytter tre universelle menneskelige behov:<\/p>\n<ol>\n<li>\u00d8jeblikkelig tilfredsstillelse: Vi vil have \u00f8jeblikkelig forbindelse uden at vente.<\/li>\n<li>Nyhed: Hver fremmed bringer en ny samtale og holder tingene sp\u00e6ndende.<\/li>\n<li>Overkommelige priser: Tilf\u00f8jelsen \"gratis\" g\u00f8r det tilg\u00e6ngeligt for alle, hvor som helst.<\/li>\n<\/ol>\n<p>Det forklarer, hvorfor udtrykket forbliver h\u00f8jt s\u00f8gt \u00e5r efter \u00e5r.<\/p>\n<h2>Sikkerhedstips til gratis online chat<\/h2>\n<p>Selv om det er sjovt at chatte online, b\u00f8r sikkerheden altid komme i f\u00f8rste r\u00e6kke:<\/p>\n<ul>\n<li>Del aldrig personlige oplysninger (telefon, adresse, arbejdsplads).<\/li>\n<li>Undg\u00e5 at klikke p\u00e5 links fra fremmede.<\/li>\n<li>Brug Skip\/Block, hvis nogen g\u00f8r dig utilpas.<\/li>\n<li>Tjek din kamerabaggrund, f\u00f8r du g\u00e5r live.<\/li>\n<li>Hold dig til \u00f8genavne, ikke rigtige navne.<\/li>\n<li>Respekter aldersgr\u00e6nser - brug ikke voksenchat, hvis du er under 18.<\/li>\n<\/ul>\n<h2>S\u00e5dan kommer du i gang - trin for trin<\/h2>\n<p>Det tager kun f\u00e5 sekunder at starte en gratis onlinechat:<\/p>\n<ol>\n<li>\u00c5bn StrangerCam i din browser eller p\u00e5 din enhed.<\/li>\n<li>V\u00e6lg din chattilstand: tekst eller video.<\/li>\n<li>Tillad adgang til kamera\/mikrofon (til video).<\/li>\n<li>Klik p\u00e5 Start chat.<\/li>\n<li>M\u00f8d nye mennesker med det samme - tryk p\u00e5 Next n\u00e5r som helst for at skifte.<\/li>\n<\/ol>\n<p>I 2025 er gratis onlinechat stadig en af de hurtigste, enkleste og sjoveste m\u00e5der at m\u00f8de folk p\u00e5 online. I mods\u00e6tning til datingapps eller sociale medier er det \u00f8jeblikkeligt, globalt og spontant.<\/p>\n<p>Platforme som StrangerCam g\u00f8r det bedre end nogensinde: virkelig gratis, sikkert og fyldt med rigtige brugere fra hele verden. Uanset om du leder efter venner, afslappet sjov eller bare en samtale til at bek\u00e6mpe kedsomhed, er gratis onlinechat altid kun et klik v\u00e6k.<\/p>\n<p>Er du klar til at komme i kontakt? Start en gratis onlinechat i dag, og find ud af, hvem du kan m\u00f8de n\u00e6ste gang.<\/p>","protected":false},"excerpt":{"rendered":"<p>Are you searching for Free Online Chat? You\u2019re not alone. Millions of people every month type those exact words into Google, looking for a quick, safe, and free way to meet new people online. Unlike social networks or dating apps that require lengthy signups, free online chat platforms let you connect instantly\u2014without the hassle. In [&hellip;]<\/p>\n","protected":false},"author":8,"featured_media":0,"parent":0,"menu_order":0,"comment_status":"closed","ping_status":"closed","template":"","meta":{"footnotes":""},"class_list":["post-9038","page","type-page","status-publish","hentry"],"yoast_head":"<!-- This site is optimized with the Yoast SEO plugin v26.9 - https:\/\/yoast.com\/product\/yoast-seo-wordpress\/ -->\n<title>Free Online Chat with Video Chat on Strangercam.com<\/title>\n<meta name=\"description\" content=\"Liking Free Online Chat? Join millions on StrangerCam.com! Start a random video chat, turn on your cam, and meet strangers instantly.\" \/>\n<meta name=\"robots\" content=\"index, follow, max-snippet:-1, max-image-preview:large, max-video-preview:-1\" \/>\n<link rel=\"canonical\" href=\"https:\/\/strangercam.com\/da\/gratis-online-chat\/\" \/>\n<meta property=\"og:locale\" content=\"da_DK\" \/>\n<meta property=\"og:type\" content=\"article\" \/>\n<meta property=\"og:title\" content=\"Free Online Chat with Video Chat on Strangercam.com\" \/>\n<meta property=\"og:description\" content=\"Liking Free Online Chat? Join millions on StrangerCam.com! Start a random video chat, turn on your cam, and meet strangers instantly.\" \/>\n<meta property=\"og:url\" content=\"https:\/\/strangercam.com\/da\/gratis-online-chat\/\" \/>\n<meta property=\"og:site_name\" content=\"Strangercam\" \/>\n<meta property=\"article:publisher\" content=\"https:\/\/www.facebook.com\/strangercam\" \/>\n<meta property=\"article:modified_time\" content=\"2025-09-29T10:03:57+00:00\" \/>\n<meta property=\"og:image\" content=\"https:\/\/strangercam.com\/wp-content\/uploads\/2021\/10\/Untitled-2.png\" \/>\n\t<meta property=\"og:image:width\" content=\"800\" \/>\n\t<meta property=\"og:image:height\" content=\"532\" \/>\n\t<meta property=\"og:image:type\" content=\"image\/png\" \/>\n<meta name=\"twitter:card\" content=\"summary_large_image\" \/>\n<meta name=\"twitter:site\" content=\"@strangercamapp\" \/>\n<meta name=\"twitter:label1\" content=\"Estimeret l\u00e6setid\" \/>\n\t<meta name=\"twitter:data1\" content=\"4 minutter\" \/>\n<script type=\"application\/ld+json\" class=\"yoast-schema-graph\">{\"@context\":\"https:\/\/schema.org\",\"@graph\":[{\"@type\":\"WebPage\",\"@id\":\"https:\/\/strangercam.com\/free-online-chat\/\",\"url\":\"https:\/\/strangercam.com\/free-online-chat\/\",\"name\":\"Free Online Chat with Video Chat on Strangercam.com\",\"isPartOf\":{\"@id\":\"https:\/\/strangercam.com\/#website\"},\"datePublished\":\"2025-09-29T08:37:31+00:00\",\"dateModified\":\"2025-09-29T10:03:57+00:00\",\"description\":\"Liking Free Online Chat? Join millions on StrangerCam.com! Start a random video chat, turn on your cam, and meet strangers instantly.\",\"breadcrumb\":{\"@id\":\"https:\/\/strangercam.com\/free-online-chat\/#breadcrumb\"},\"inLanguage\":\"da-DK\",\"potentialAction\":[{\"@type\":\"ReadAction\",\"target\":[\"https:\/\/strangercam.com\/free-online-chat\/\"]}]},{\"@type\":\"BreadcrumbList\",\"@id\":\"https:\/\/strangercam.com\/free-online-chat\/#breadcrumb\",\"itemListElement\":[{\"@type\":\"ListItem\",\"position\":1,\"name\":\"Home\",\"item\":\"https:\/\/strangercam.com\/\"},{\"@type\":\"ListItem\",\"position\":2,\"name\":\"Free Online Chat\"}]},{\"@type\":\"WebSite\",\"@id\":\"https:\/\/strangercam.com\/#website\",\"url\":\"https:\/\/strangercam.com\/\",\"name\":\"Strangercam\",\"description\":\"Random Video Chat with Strangers\",\"publisher\":{\"@id\":\"https:\/\/strangercam.com\/#organization\"},\"alternateName\":\"Strangercam.com\",\"potentialAction\":[{\"@type\":\"SearchAction\",\"target\":{\"@type\":\"EntryPoint\",\"urlTemplate\":\"https:\/\/strangercam.com\/?s={search_term_string}\"},\"query-input\":{\"@type\":\"PropertyValueSpecification\",\"valueRequired\":true,\"valueName\":\"search_term_string\"}}],\"inLanguage\":\"da-DK\"},{\"@type\":\"Organization\",\"@id\":\"https:\/\/strangercam.com\/#organization\",\"name\":\"Strangercam\",\"alternateName\":\"Strangercam.com\",\"url\":\"https:\/\/strangercam.com\/\",\"logo\":{\"@type\":\"ImageObject\",\"inLanguage\":\"da-DK\",\"@id\":\"https:\/\/strangercam.com\/#\/schema\/logo\/image\/\",\"url\":\"https:\/\/strangercam.com\/wp-content\/uploads\/2020\/11\/cropped-new-favicon-black.png\",\"contentUrl\":\"https:\/\/strangercam.com\/wp-content\/uploads\/2020\/11\/cropped-new-favicon-black.png\",\"width\":512,\"height\":512,\"caption\":\"Strangercam\"},\"image\":{\"@id\":\"https:\/\/strangercam.com\/#\/schema\/logo\/image\/\"},\"sameAs\":[\"https:\/\/www.facebook.com\/strangercam\",\"https:\/\/x.com\/strangercamapp\"]}]}<\/script>\n<!-- \/ Yoast SEO plugin. -->","yoast_head_json":{"title":"Gratis online chat med videochat p\u00e5 Strangercam.com","description":"Kan du lide gratis online chat? Join millioner p\u00e5 StrangerCam.com! Start en tilf\u00e6ldig videochat, t\u00e6nd for dit kamera, og m\u00f8d fremmede med det samme.","robots":{"index":"index","follow":"follow","max-snippet":"max-snippet:-1","max-image-preview":"max-image-preview:large","max-video-preview":"max-video-preview:-1"},"canonical":"https:\/\/strangercam.com\/da\/gratis-online-chat\/","og_locale":"da_DK","og_type":"article","og_title":"Free Online Chat with Video Chat on Strangercam.com","og_description":"Liking Free Online Chat? Join millions on StrangerCam.com! Start a random video chat, turn on your cam, and meet strangers instantly.","og_url":"https:\/\/strangercam.com\/da\/gratis-online-chat\/","og_site_name":"Strangercam","article_publisher":"https:\/\/www.facebook.com\/strangercam","article_modified_time":"2025-09-29T10:03:57+00:00","og_image":[{"width":800,"height":532,"url":"https:\/\/strangercam.com\/wp-content\/uploads\/2021\/10\/Untitled-2.png","type":"image\/png"}],"twitter_card":"summary_large_image","twitter_site":"@strangercamapp","twitter_misc":{"Estimeret l\u00e6setid":"4 minutter"},"schema":{"@context":"https:\/\/schema.org","@graph":[{"@type":"WebPage","@id":"https:\/\/strangercam.com\/free-online-chat\/","url":"https:\/\/strangercam.com\/free-online-chat\/","name":"Gratis online chat med videochat p\u00e5 Strangercam.com","isPartOf":{"@id":"https:\/\/strangercam.com\/#website"},"datePublished":"2025-09-29T08:37:31+00:00","dateModified":"2025-09-29T10:03:57+00:00","description":"Kan du lide gratis online chat? Join millioner p\u00e5 StrangerCam.com! Start en tilf\u00e6ldig videochat, t\u00e6nd for dit kamera, og m\u00f8d fremmede med det samme.","breadcrumb":{"@id":"https:\/\/strangercam.com\/free-online-chat\/#breadcrumb"},"inLanguage":"da-DK","potentialAction":[{"@type":"ReadAction","target":["https:\/\/strangercam.com\/free-online-chat\/"]}]},{"@type":"BreadcrumbList","@id":"https:\/\/strangercam.com\/free-online-chat\/#breadcrumb","itemListElement":[{"@type":"ListItem","position":1,"name":"Home","item":"https:\/\/strangercam.com\/"},{"@type":"ListItem","position":2,"name":"Free Online Chat"}]},{"@type":"WebSite","@id":"https:\/\/strangercam.com\/#website","url":"https:\/\/strangercam.com\/","name":"Strangercam","description":"Tilf\u00e6ldig videochat med fremmede","publisher":{"@id":"https:\/\/strangercam.com\/#organization"},"alternateName":"Strangercam.com","potentialAction":[{"@type":"SearchAction","target":{"@type":"EntryPoint","urlTemplate":"https:\/\/strangercam.com\/?s={search_term_string}"},"query-input":{"@type":"PropertyValueSpecification","valueRequired":true,"valueName":"search_term_string"}}],"inLanguage":"da-DK"},{"@type":"Organization","@id":"https:\/\/strangercam.com\/#organization","name":"Strangercam","alternateName":"Strangercam.com","url":"https:\/\/strangercam.com\/","logo":{"@type":"ImageObject","inLanguage":"da-DK","@id":"https:\/\/strangercam.com\/#\/schema\/logo\/image\/","url":"https:\/\/strangercam.com\/wp-content\/uploads\/2020\/11\/cropped-new-favicon-black.png","contentUrl":"https:\/\/strangercam.com\/wp-content\/uploads\/2020\/11\/cropped-new-favicon-black.png","width":512,"height":512,"caption":"Strangercam"},"image":{"@id":"https:\/\/strangercam.com\/#\/schema\/logo\/image\/"},"sameAs":["https:\/\/www.facebook.com\/strangercam","https:\/\/x.com\/strangercamapp"]}]}},"_links":{"self":[{"href":"https:\/\/strangercam.com\/da\/wp-json\/wp\/v2\/pages\/9038","targetHints":{"allow":["GET"]}}],"collection":[{"href":"https:\/\/strangercam.com\/da\/wp-json\/wp\/v2\/pages"}],"about":[{"href":"https:\/\/strangercam.com\/da\/wp-json\/wp\/v2\/types\/page"}],"author":[{"embeddable":true,"href":"https:\/\/strangercam.com\/da\/wp-json\/wp\/v2\/users\/8"}],"replies":[{"embeddable":true,"href":"https:\/\/strangercam.com\/da\/wp-json\/wp\/v2\/comments?post=9038"}],"version-history":[{"count":2,"href":"https:\/\/strangercam.com\/da\/wp-json\/wp\/v2\/pages\/9038\/revisions"}],"predecessor-version":[{"id":13049,"href":"https:\/\/strangercam.com\/da\/wp-json\/wp\/v2\/pages\/9038\/revisions\/13049"}],"wp:attachment":[{"href":"https:\/\/strangercam.com\/da\/wp-json\/wp\/v2\/media?parent=9038"}],"curies":[{"name":"wp","href":"https:\/\/api.w.org\/{rel}","templated":true}]}}