{"id":881,"date":"2020-12-02T19:15:37","date_gmt":"2020-12-02T17:15:37","guid":{"rendered":"https:\/\/strangercam.com\/?page_id=881"},"modified":"2023-08-21T12:34:45","modified_gmt":"2023-08-21T10:34:45","slug":"ometv","status":"publish","type":"page","link":"https:\/\/strangercam.com\/da\/ometv\/","title":{"rendered":"OmeTV"},"content":{"rendered":"<p>OmeTV er en <a href=\"https:\/\/strangercam.com\/da\/rabbit-video-chat\/\">video<\/a> <a href=\"https:\/\/strangercam.com\/da\/chatroulette\/\">chat<\/a> hjemmeside og app, som du kan bruge til at tale med fremmede. Denne hjemmeside giver dig mulighed for at tale med en tilf\u00e6ldig fremmed med blot et klik p\u00e5 en knap. Hjemmesiden siger, at det er det bedste alternativ til <a href=\"https:\/\/strangercam.com\/da\/omegle\/\">Omegle<\/a> Tv. Appen til OmeTv er tilg\u00e6ngelig til Android og iOS.<\/p>\n<p>Dag eller nat, det er ligegyldigt, s\u00e5 l\u00e6nge du vil chatte; OmeTv er der for at give dig mange muligheder. Omkring 10 millioner mennesker er registreret p\u00e5 OmeTv. Du kan chatte frit med disse mennesker. Platformen giver dig ogs\u00e5 mulighed for at v\u00e6lge og vrage mellem millioner af mennesker.<\/p>\n<p>Deres eneste form\u00e5l er at f\u00e5 folk til at <a href=\"https:\/\/strangercam.com\/da\/coomeet\/\">m\u00f8des<\/a> flere og flere mennesker; de kan drikke kaffe virtuelt hjemmefra eller dele deres f\u00f8lelser med dem. Med denne app vil du aldrig f\u00f8le dig alene. Den giver dig mulighed for at f\u00e5 nye venner.<\/p>\n<h3>Aldersgr\u00e6nse p\u00e5 OmeTV - fulgt eller ignoreret?<\/h3>\n<p>En af de mest foruroligende ting ved appen er, at selv om den informerer om, at brugeren skal v\u00e6re 18+, er der ingen verifikation, der validerer dette. Det har vist sig, at appen blev brugt af mange teenagere under 18 \u00e5r.<\/p>\n<p>Du beh\u00f8ver ikke en konto p\u00e5 OmeTv; du skal bare logge ind via Facebook, og s\u00e5 er du klar til at chatte med en tilf\u00e6ldig fremmed.<\/p>\n<h3>Hvad kan f\u00e5 dig udelukket?<\/h3>\n<p>Appen kommer med flere begr\u00e6nsninger. Hvis du udf\u00f8rer de handlinger, der er n\u00e6vnt nedenfor, kan du blive udelukket.<\/p>\n<ul>\n<li style=\"font-weight: 400;\" aria-level=\"1\">Anmodning om virtuel <a href=\"https:\/\/strangercam.com\/da\/shagle\/\">sex<\/a> eller n\u00f8genhed.<\/li>\n<li style=\"font-weight: 400;\" aria-level=\"1\">Visning af anst\u00f8delige billeder og videoer.<\/li>\n<li style=\"font-weight: 400;\" aria-level=\"1\">Respektl\u00f8se aktiviteter som vulgaritet, forn\u00e6rmelser mod religion eller race, depressive kommentarer osv.<\/li>\n<li style=\"font-weight: 400;\" aria-level=\"1\">Spamming er ikke tilladt. Appen forbyder dig at dele links til andre hjemmesider.<\/li>\n<\/ul>\n<h3>Vilk\u00e5r og betingelser<\/h3>\n<p>OmeTv har tydeligt n\u00e6vnt, at de kan bruge din video overalt. If\u00f8lge deres vilk\u00e5r og betingelser kan du beholde ophavsretten, men har ingen indflydelse p\u00e5, hvad og hvor indholdet af dine videoer vil blive streamet.<\/p>\n<p>OmeTv er ikke klar til at p\u00e5tage sig noget ansvar. De siger, at brugerne er eneansvarlige for alt, hvad der m\u00e5tte g\u00e5 galt.<\/p>\n<h3>Fortrolighedspolitik<\/h3>\n<p>Virksomheden er forpligtet til at beskytte dine personlige oplysninger og sikre retten til privatlivets fred. Privatlivets fred er en grundl\u00e6ggende rettighed for ethvert menneske. Overtr\u00e6delse af denne ret f\u00f8rer til mange komplikationer. For at undg\u00e5 s\u00e5danne vanskeligheder har OmeTv fra f\u00f8rste dag udviklet denne strenge strategi.<\/p>\n<p>Hjemmesiden tager ansvar for at behandle dine data, s\u00e5 l\u00e6nge de fungerer som dataansvarlig. De kan have brug for grundl\u00e6ggende oplysninger som dit profilbillede, navn, telefonnummer, adresse og tidszone, n\u00e5r du opretter en profil fra en konto p\u00e5 et socialt medie.<\/p>\n<p>Hjemmesiden har ikke til hensigt at f\u00e5 andre oplysninger eller adgang til dine data end dette. Det g\u00f8res endda for at g\u00f8re din oplevelse p\u00e5 hjemmesiden mere smidig.<\/p>\n<p>Dine personlige oplysninger kan blive delt med f\u00f8lgende;<\/p>\n<ul>\n<li style=\"font-weight: 400;\" aria-level=\"1\">Fordi det er en dating-app, kan dine personlige oplysninger som f.eks. dit navn, din alder, dit k\u00f8n, din placering og dine offentlige billeder v\u00e6re synlige for andre brugere.<\/li>\n<li style=\"font-weight: 400;\" aria-level=\"1\">Hjemmesiden kan videregive dine personlige oplysninger og data til forsikringsselskaber. Disse data kan ogs\u00e5 deles med banker og professionelle r\u00e5dgivere med henblik p\u00e5 d\u00e6kning af forsikringssummer og h\u00e5ndtering af omkostninger.<\/li>\n<li style=\"font-weight: 400;\" aria-level=\"1\">Dine transaktionsdata vil blive delt med hjemmesidens betalingsudbydere som Google, PayPal, Interkassa, SecurionPay, Apple og SMSBILL.<\/li>\n<\/ul>\n<h3>Andre problemer<\/h3>\n<p>Der er visse funktioner i appen, som er problematiske. Den har en spiontilstand, hvor en tredje person kan lytte med i en privat chat. Spycam er en betydelig risiko for den enkeltes privatliv. Da det er anonymt, kan det f\u00e5 det v\u00e6rste frem i folk. Det kan endda bruges til afpresning.<\/p>\n<p>Desuden er det kun et par dusin moderatorer, der kontrollerer indholdet. De er ikke nok til at opdage, om en massiv trafik p\u00e5 10 millioner er sikker. Det siges ofte, at mere omfattende trafik er bedre for datingsider. Men det er ogs\u00e5 en udfordring at styre den trafik. Mange hackere og kriminelle kan ogs\u00e5 slutte sig til platformen p\u00e5 grund af den ringe kontrol og balance.<\/p>\n<p>18+ restriktionerne ser ud til at v\u00e6re frav\u00e6rende p\u00e5 hjemmesiden. Mange teenagere under 18 \u00e5r har tilmeldt sig hjemmesiden. De er alle eksponeret for den ydre verden. Det kan v\u00e6re farligt for dem, da det er let at manipulere b\u00f8rn i denne alder.<\/p>\n<h3>Trustpilot-anmeldelser<\/h3>\n<p>Mange mennesker p\u00e5 Trustpilot har klaget over, at de er blevet udelukket p\u00e5 grund af andres handlinger. De beder ogs\u00e5 om donationer for at oph\u00e6ve udelukkelsen. Det viser virksomhedens lyssky natur.<\/p>\n<p>Men der er altid en anden side af historien. Du kan bruge hjemmesiden til selv at finde den side!<\/p>\n<h3>Klageprocedure<\/h3>\n<p>Du er ikke alene!<\/p>\n<p>OmeTv er et sikkert sted for alle. Hvis noget eller nogen generer dig, kan du klage over dem til medarbejderne. Denne funktion er indf\u00f8rt for at f\u00e5 folk til at f\u00f8le sig trygge, n\u00e5r de bruger OmeTv.<\/p>\n<p>Du kan indgive en klage over enhver bruger, som du mener overtr\u00e6der platformens roller. For at g\u00f8re din klage mere effektiv kan du vedh\u00e6fte sk\u00e6rmbilleder af chatten og andre relaterede oplysninger for at g\u00f8re det lettere for myndighederne at finde, identificere og l\u00f8se problemet.<\/p>\n<p>Hvis der modtages for mange klager over en bruger, vil hjemmesiden automatisk udelukke vedkommende fra at bruge sine tjenester. Det sker for at sikre andre brugeres sikkerhed. Men f\u00f8r der tages alvorlige skridt, analyseres alt omhyggeligt.<\/p>\n<h3>Bruge det eller ej?<\/h3>\n<p>Vi mener, at brugernes privatliv b\u00f8r prioriteres. Hvis ikke, b\u00f8r det i det mindste respekteres!<\/p>\n<p>Men det lader til, at OmeTv ikke er villig til at g\u00f8re det. Det er n\u00e6vnt i deres privatlivspolitik, at de kan dele dine data med tredjeparter. At kompromittere dine data er ikke en mulighed. Derfor er det bedre at undg\u00e5 det.<\/p>\n<p>I stedet kan du bruge <a href=\"https:\/\/strangercam.com\/da\/\">Strangercam<\/a>. Det er et bedre og mere p\u00e5lideligt online videochatrum. Du kan m\u00f8de nye mennesker og chatte med dem. Og du beh\u00f8ver ikke at bekymre dig om dine data og dit privatliv, fordi stangercam giver maksimal sikkerhed og beskytter dine data.<\/p>\n<h3>Konklusion<\/h3>\n<p>Der er mange sp\u00f8rgsm\u00e5l vedr\u00f8rende denne hjemmeside. Det er blevet sagt, at <a href=\"https:\/\/play.google.com\/\">Google Play<\/a>\u00a0og App Store b\u00f8r screene s\u00e5danne apps. De b\u00f8r ikke tillade, at apps, der ikke validerer alderen korrekt og er uden for\u00e6ldrekontrol, tilf\u00f8jes p\u00e5 deres platforme.<\/p>\n<p>En forbedring af deres privatlivspolitik kan \u00f8ge deres trov\u00e6rdighed. Men indtil videre er der andre mere sikre muligheder p\u00e5 markedet at v\u00e6lge imellem.<\/p>","protected":false},"excerpt":{"rendered":"<p>OmeTV is a video chat website and app using which you can talk to strangers. This website allows you to talk to any random stranger with just a click of a button. The website says that it is the best alternative to Omegle Tv. The app for OmeTv is available for android and iOS. Day [&hellip;]<\/p>\n","protected":false},"author":6,"featured_media":559,"parent":0,"menu_order":0,"comment_status":"closed","ping_status":"closed","template":"","meta":{"footnotes":""},"class_list":["post-881","page","type-page","status-publish","has-post-thumbnail","hentry"],"yoast_head":"<!-- This site is optimized with the Yoast SEO plugin v27.4 - https:\/\/yoast.com\/product\/yoast-seo-wordpress\/ -->\n<title>OmeTV - Omegle Random Chat Alternative on StrangerCam.com<\/title>\n<meta name=\"description\" content=\"Like OmeTV? Come chat with more than 5.000.000 strangers on Stranger Cam for Free! Turn on your cam and find new friends &amp; maby a match!\" \/>\n<meta name=\"robots\" content=\"index, follow, max-snippet:-1, max-image-preview:large, max-video-preview:-1\" \/>\n<link rel=\"canonical\" href=\"https:\/\/strangercam.com\/da\/ometv\/\" \/>\n<meta property=\"og:locale\" content=\"da_DK\" \/>\n<meta property=\"og:type\" content=\"article\" \/>\n<meta property=\"og:title\" content=\"OmeTV - Omegle Random Chat Alternative on StrangerCam.com\" \/>\n<meta property=\"og:description\" content=\"Like OmeTV? Come chat with more than 5.000.000 strangers on Stranger Cam for Free! Turn on your cam and find new friends &amp; maby a match!\" \/>\n<meta property=\"og:url\" content=\"https:\/\/strangercam.com\/da\/ometv\/\" \/>\n<meta property=\"og:site_name\" content=\"Strangercam\" \/>\n<meta property=\"article:publisher\" content=\"https:\/\/www.facebook.com\/strangercam\" \/>\n<meta property=\"article:modified_time\" content=\"2023-08-21T10:34:45+00:00\" \/>\n<meta property=\"og:image\" content=\"https:\/\/strangercam.com\/wp-content\/uploads\/2020\/11\/stranger-cam-1.png\" \/>\n\t<meta property=\"og:image:width\" content=\"800\" \/>\n\t<meta property=\"og:image:height\" content=\"800\" \/>\n\t<meta property=\"og:image:type\" content=\"image\/png\" \/>\n<meta name=\"twitter:card\" content=\"summary_large_image\" \/>\n<meta name=\"twitter:site\" content=\"@strangercamapp\" \/>\n<meta name=\"twitter:label1\" content=\"Estimeret l\u00e6setid\" \/>\n\t<meta name=\"twitter:data1\" content=\"5 minutter\" \/>\n<script type=\"application\/ld+json\" class=\"yoast-schema-graph\">{\"@context\":\"https:\\\/\\\/schema.org\",\"@graph\":[{\"@type\":\"WebPage\",\"@id\":\"https:\\\/\\\/strangercam.com\\\/ometv\\\/\",\"url\":\"https:\\\/\\\/strangercam.com\\\/ometv\\\/\",\"name\":\"OmeTV - Omegle Random Chat Alternative on StrangerCam.com\",\"isPartOf\":{\"@id\":\"https:\\\/\\\/strangercam.com\\\/#website\"},\"primaryImageOfPage\":{\"@id\":\"https:\\\/\\\/strangercam.com\\\/ometv\\\/#primaryimage\"},\"image\":{\"@id\":\"https:\\\/\\\/strangercam.com\\\/ometv\\\/#primaryimage\"},\"thumbnailUrl\":\"https:\\\/\\\/strangercam.com\\\/wp-content\\\/uploads\\\/2020\\\/11\\\/stranger-cam-1.png\",\"datePublished\":\"2020-12-02T17:15:37+00:00\",\"dateModified\":\"2023-08-21T10:34:45+00:00\",\"description\":\"Like OmeTV? Come chat with more than 5.000.000 strangers on Stranger Cam for Free! Turn on your cam and find new friends & maby a match!\",\"breadcrumb\":{\"@id\":\"https:\\\/\\\/strangercam.com\\\/ometv\\\/#breadcrumb\"},\"inLanguage\":\"da-DK\",\"potentialAction\":[{\"@type\":\"ReadAction\",\"target\":[\"https:\\\/\\\/strangercam.com\\\/ometv\\\/\"]}]},{\"@type\":\"ImageObject\",\"inLanguage\":\"da-DK\",\"@id\":\"https:\\\/\\\/strangercam.com\\\/ometv\\\/#primaryimage\",\"url\":\"https:\\\/\\\/strangercam.com\\\/wp-content\\\/uploads\\\/2020\\\/11\\\/stranger-cam-1.png\",\"contentUrl\":\"https:\\\/\\\/strangercam.com\\\/wp-content\\\/uploads\\\/2020\\\/11\\\/stranger-cam-1.png\",\"width\":800,\"height\":800,\"caption\":\"stranger cam random video chat\"},{\"@type\":\"BreadcrumbList\",\"@id\":\"https:\\\/\\\/strangercam.com\\\/ometv\\\/#breadcrumb\",\"itemListElement\":[{\"@type\":\"ListItem\",\"position\":1,\"name\":\"Home\",\"item\":\"https:\\\/\\\/strangercam.com\\\/\"},{\"@type\":\"ListItem\",\"position\":2,\"name\":\"OmeTV\"}]},{\"@type\":\"WebSite\",\"@id\":\"https:\\\/\\\/strangercam.com\\\/#website\",\"url\":\"https:\\\/\\\/strangercam.com\\\/\",\"name\":\"Strangercam\",\"description\":\"Random Video Chat with Strangers\",\"publisher\":{\"@id\":\"https:\\\/\\\/strangercam.com\\\/#organization\"},\"alternateName\":\"Strangercam.com\",\"potentialAction\":[{\"@type\":\"SearchAction\",\"target\":{\"@type\":\"EntryPoint\",\"urlTemplate\":\"https:\\\/\\\/strangercam.com\\\/?s={search_term_string}\"},\"query-input\":{\"@type\":\"PropertyValueSpecification\",\"valueRequired\":true,\"valueName\":\"search_term_string\"}}],\"inLanguage\":\"da-DK\"},{\"@type\":\"Organization\",\"@id\":\"https:\\\/\\\/strangercam.com\\\/#organization\",\"name\":\"Strangercam\",\"alternateName\":\"Strangercam.com\",\"url\":\"https:\\\/\\\/strangercam.com\\\/\",\"logo\":{\"@type\":\"ImageObject\",\"inLanguage\":\"da-DK\",\"@id\":\"https:\\\/\\\/strangercam.com\\\/#\\\/schema\\\/logo\\\/image\\\/\",\"url\":\"https:\\\/\\\/strangercam.com\\\/wp-content\\\/uploads\\\/2020\\\/11\\\/cropped-new-favicon-black.png\",\"contentUrl\":\"https:\\\/\\\/strangercam.com\\\/wp-content\\\/uploads\\\/2020\\\/11\\\/cropped-new-favicon-black.png\",\"width\":512,\"height\":512,\"caption\":\"Strangercam\"},\"image\":{\"@id\":\"https:\\\/\\\/strangercam.com\\\/#\\\/schema\\\/logo\\\/image\\\/\"},\"sameAs\":[\"https:\\\/\\\/www.facebook.com\\\/strangercam\",\"https:\\\/\\\/x.com\\\/strangercamapp\"]}]}<\/script>\n<!-- \/ Yoast SEO plugin. -->","yoast_head_json":{"title":"OmeTV - Omegle Tilf\u00e6ldig Chat Alternative p\u00e5 StrangerCam.com","description":"Kan du lide OmeTV? Kom og chat med mere end 5.000.000 fremmede p\u00e5 Stranger Cam helt gratis! T\u00e6nd for dit kamera og find nye venner og m\u00e5ske et match!","robots":{"index":"index","follow":"follow","max-snippet":"max-snippet:-1","max-image-preview":"max-image-preview:large","max-video-preview":"max-video-preview:-1"},"canonical":"https:\/\/strangercam.com\/da\/ometv\/","og_locale":"da_DK","og_type":"article","og_title":"OmeTV - Omegle Random Chat Alternative on StrangerCam.com","og_description":"Like OmeTV? Come chat with more than 5.000.000 strangers on Stranger Cam for Free! Turn on your cam and find new friends & maby a match!","og_url":"https:\/\/strangercam.com\/da\/ometv\/","og_site_name":"Strangercam","article_publisher":"https:\/\/www.facebook.com\/strangercam","article_modified_time":"2023-08-21T10:34:45+00:00","og_image":[{"width":800,"height":800,"url":"https:\/\/strangercam.com\/wp-content\/uploads\/2020\/11\/stranger-cam-1.png","type":"image\/png"}],"twitter_card":"summary_large_image","twitter_site":"@strangercamapp","twitter_misc":{"Estimeret l\u00e6setid":"5 minutter"},"schema":{"@context":"https:\/\/schema.org","@graph":[{"@type":"WebPage","@id":"https:\/\/strangercam.com\/ometv\/","url":"https:\/\/strangercam.com\/ometv\/","name":"OmeTV - Omegle Tilf\u00e6ldig Chat Alternative p\u00e5 StrangerCam.com","isPartOf":{"@id":"https:\/\/strangercam.com\/#website"},"primaryImageOfPage":{"@id":"https:\/\/strangercam.com\/ometv\/#primaryimage"},"image":{"@id":"https:\/\/strangercam.com\/ometv\/#primaryimage"},"thumbnailUrl":"https:\/\/strangercam.com\/wp-content\/uploads\/2020\/11\/stranger-cam-1.png","datePublished":"2020-12-02T17:15:37+00:00","dateModified":"2023-08-21T10:34:45+00:00","description":"Kan du lide OmeTV? Kom og chat med mere end 5.000.000 fremmede p\u00e5 Stranger Cam helt gratis! T\u00e6nd for dit kamera og find nye venner og m\u00e5ske et match!","breadcrumb":{"@id":"https:\/\/strangercam.com\/ometv\/#breadcrumb"},"inLanguage":"da-DK","potentialAction":[{"@type":"ReadAction","target":["https:\/\/strangercam.com\/ometv\/"]}]},{"@type":"ImageObject","inLanguage":"da-DK","@id":"https:\/\/strangercam.com\/ometv\/#primaryimage","url":"https:\/\/strangercam.com\/wp-content\/uploads\/2020\/11\/stranger-cam-1.png","contentUrl":"https:\/\/strangercam.com\/wp-content\/uploads\/2020\/11\/stranger-cam-1.png","width":800,"height":800,"caption":"stranger cam random video chat"},{"@type":"BreadcrumbList","@id":"https:\/\/strangercam.com\/ometv\/#breadcrumb","itemListElement":[{"@type":"ListItem","position":1,"name":"Home","item":"https:\/\/strangercam.com\/"},{"@type":"ListItem","position":2,"name":"OmeTV"}]},{"@type":"WebSite","@id":"https:\/\/strangercam.com\/#website","url":"https:\/\/strangercam.com\/","name":"Strangercam","description":"Tilf\u00e6ldig videochat med fremmede","publisher":{"@id":"https:\/\/strangercam.com\/#organization"},"alternateName":"Strangercam.com","potentialAction":[{"@type":"SearchAction","target":{"@type":"EntryPoint","urlTemplate":"https:\/\/strangercam.com\/?s={search_term_string}"},"query-input":{"@type":"PropertyValueSpecification","valueRequired":true,"valueName":"search_term_string"}}],"inLanguage":"da-DK"},{"@type":"Organization","@id":"https:\/\/strangercam.com\/#organization","name":"Strangercam","alternateName":"Strangercam.com","url":"https:\/\/strangercam.com\/","logo":{"@type":"ImageObject","inLanguage":"da-DK","@id":"https:\/\/strangercam.com\/#\/schema\/logo\/image\/","url":"https:\/\/strangercam.com\/wp-content\/uploads\/2020\/11\/cropped-new-favicon-black.png","contentUrl":"https:\/\/strangercam.com\/wp-content\/uploads\/2020\/11\/cropped-new-favicon-black.png","width":512,"height":512,"caption":"Strangercam"},"image":{"@id":"https:\/\/strangercam.com\/#\/schema\/logo\/image\/"},"sameAs":["https:\/\/www.facebook.com\/strangercam","https:\/\/x.com\/strangercamapp"]}]}},"_links":{"self":[{"href":"https:\/\/strangercam.com\/da\/wp-json\/wp\/v2\/pages\/881","targetHints":{"allow":["GET"]}}],"collection":[{"href":"https:\/\/strangercam.com\/da\/wp-json\/wp\/v2\/pages"}],"about":[{"href":"https:\/\/strangercam.com\/da\/wp-json\/wp\/v2\/types\/page"}],"author":[{"embeddable":true,"href":"https:\/\/strangercam.com\/da\/wp-json\/wp\/v2\/users\/6"}],"replies":[{"embeddable":true,"href":"https:\/\/strangercam.com\/da\/wp-json\/wp\/v2\/comments?post=881"}],"version-history":[{"count":0,"href":"https:\/\/strangercam.com\/da\/wp-json\/wp\/v2\/pages\/881\/revisions"}],"wp:featuredmedia":[{"embeddable":true,"href":"https:\/\/strangercam.com\/da\/wp-json\/wp\/v2\/media\/559"}],"wp:attachment":[{"href":"https:\/\/strangercam.com\/da\/wp-json\/wp\/v2\/media?parent=881"}],"curies":[{"name":"wp","href":"https:\/\/api.w.org\/{rel}","templated":true}]}}