{"id":8588,"date":"2021-10-18T11:30:39","date_gmt":"2021-10-18T09:30:39","guid":{"rendered":"https:\/\/strangercam.com\/?page_id=8588"},"modified":"2023-08-21T12:47:57","modified_gmt":"2023-08-21T10:47:57","slug":"wireclub","status":"publish","type":"page","link":"https:\/\/strangercam.com\/da\/wireclub\/","title":{"rendered":"Wireclub"},"content":{"rendered":"<p>Det kan v\u00e6re, at du har h\u00f8rt dine venner prale af at have flere online <a href=\"https:\/\/strangercam.com\/da\/chatroulette\/\">chat<\/a> konti og f\u00e5 nye venner. Det er godt nok til at lokke dig til at pr\u00f8ve at \u00e5bne en konto hos wireclub for at begynde at chatte med ligesindede. Du vil helt sikkert nyde oplevelsen og sp\u00e6ndingen ved at chatte online med fremmede. Det er noget, der ikke kan forklares, men m\u00e6rkes personligt.<\/p>\n<p>Har du nogensinde t\u00e6nkt p\u00e5 at f\u00e5 nye venner p\u00e5 tv\u00e6rs af verden? Hvis ikke, er det p\u00e5 tide at overveje denne fantastiske oplevelse. Det er s\u00e5 godt bare at t\u00e6nke p\u00e5 at have en person, som du kan diskutere alt med uden frygt. Wireclub giver dig denne fantastiske mulighed.<br \/>\nWireclub giver dig mulighed for at v\u00e6lge mellem hundredvis af gratis chatrum. Du kan ogs\u00e5 n\u00e5 dine beskeder og chatrum. Andre mennesker vil deltage i dit chatrum, og du kan tale med dem.<\/p>\n<p>S\u00e5 hvad venter du p\u00e5? G\u00e5 ind og tilmeld dig med det samme!<\/p>\n<h2>Brug af chatsessioner<\/h2>\n<p>Selv om man kan chatte p\u00e5 mobiltelefoner, er det ret sj\u00e6ldent, at man st\u00f8der p\u00e5 nogen, man ikke kender i sit netv\u00e6rk. Desuden betyder det, at man skal betale en stor regning for at ringe til venner i udlandet. Men med online chatrum kan du komme til at chatte gratis.<br \/>\nNogle portaler som Wireclub tillader ogs\u00e5 <a href=\"https:\/\/strangercam.com\/da\/rabbit-video-chat\/\">video<\/a> chatte. Det betyder, at I begge kan se hinanden i realtid og chatte uden at blive forstyrret. Du beh\u00f8ver heller ikke at bekymre dig om oppustede telefonregninger. Alt er tilg\u00e6ngeligt her. Du kan ringe til hvem som helst uden at bekymre dig om store regninger.<\/p>\n<h2>Anonym tilstand<\/h2>\n<p>Det er nemt at chatte med folk, vi kender. Men man har set, at folk ofte bliver skuffede, n\u00e5r de pr\u00f8ver at dele deres egentlige v\u00e6sen og \u00e6rlige f\u00f8lelser med andre mennesker omkring dem. Det er en trist virkelighed.<\/p>\n<p>Wireclub har gjort en fremragende indsats for at eliminere dette problem. De giver s\u00e5danne mennesker en fremragende mulighed for at tale med hvem som helst uden frygt. Du kan v\u00e6lge det land, du er interesseret i, og det k\u00f8n, du \u00f8nsker. Derefter vil du blive sendt videre til den mest egnede person i henhold til dine beskrevne pr\u00e6ferencer.<\/p>\n<p>Du kan derefter tale med den p\u00e5g\u00e6ldende person i en fuldst\u00e6ndig anonym tilstand. De ved ikke, hvem du er, og de vil aldrig finde ud af det. S\u00e5 det er din sikkerhed. <a href=\"https:\/\/strangercam.com\/da\/mocospace\/\">plads<\/a>. Sig, hvad du har lyst til at sige, og sp\u00f8rg, hvad du har lyst til at sp\u00f8rge om!<\/p>\n<h2>Udbudte faciliteter<\/h2>\n<p>Online chatrum giver dig mulighed for at chatte gratis med kendte og fremmede. Nogle kr\u00e6ver m\u00e5ske, at du betaler et mindre bel\u00f8b for at kunne chatte privat om de emner, du \u00f8nsker. F\u00f8rst vil det v\u00e6re klogt af dig at lave noget research og tilmelde dig en velrenommeret portal som wireclub. P\u00e5 den m\u00e5de kan du v\u00e6re sikker og fri for alle bekymringer.<\/p>\n<h2>Gratis live chat<\/h2>\n<p>Gratis <a href=\"https:\/\/strangercam.com\/da\/mili\/\">leve<\/a> chat? Det er kun Wireclub, der kan g\u00f8re det!<\/p>\n<p>Ja, du l\u00e6ste rigtigt! Gratis livechat med mennesker over hele verden. Du beh\u00f8ver ikke bekymre dig om din kontosaldo. Det eneste, du skal bekymre dig om, er at finde den rigtige person at tale med!<\/p>\n<p>Hver online chatplatform tilbyder noget unikt, og det unikke, som Wireclub tilbyder, er dens gratis live chat-faciliteter. Alt er gratis. Du skal bare bruge denne fantastiske mulighed til din fordel.<\/p>\n<p>Gratis livechat er en chatmulighed i realtid. Vores system finder et passende match til dig. Wireclub s\u00e6tter dig i forbindelse med den person, der sidder i den anden ende, n\u00e5r du har besluttet dig for at chatte med personen. Der er ingen omkostninger forbundet med hele denne proces. Du kan nyde alt dette gratis.<\/p>\n<h2>Tag passende forholdsregler<\/h2>\n<p>At tale med en fremmed for f\u00f8rste gang kan virke ret interessant. Men lad dig ikke rive med. Lad v\u00e6re med at underholde fremmede ved at give dem dine oplysninger, f.eks. dit kontaktnummer eller din adresse. Flere tilf\u00e6lde kan bringe dig i akavede situationer p\u00e5 grund af forkerte beslutninger. Hvis det er f\u00f8rste gang, du bes\u00f8ger en ny chatportal, s\u00e5 pr\u00f8v kun at holde dig til kendte mennesker. N\u00e5r du afslutter chatsessionen, skal du huske at slette cookies og sessionshistorik fra din smartphone eller laptop. Der kan v\u00e6re aflyttere, som spejder efter uskyldige mennesker. De venter m\u00e5ske t\u00e5lmodigt p\u00e5 at frar\u00f8ve dig dine vitale data som bankkonto, kreditkortoplysninger og andre vigtige oplysninger.<\/p>\n<p>N\u00e5r du chatter, skal du s\u00f8rge for ikke at bruge en anden browser til at f\u00e5 adgang til dit kreditkort eller din bankkonto, da det ikke vil v\u00e6re sikkert. Hvis du har f\u00e5et en ny ven, kan du n\u00f8jes med at stemmechatte eller sms'e med vedkommende. Undg\u00e5 at <a href=\"https:\/\/strangercam.com\/da\/bazoocam\/\">cam<\/a> sessioner.<\/p>\n<p>Hvis du tager passende forholdsregler, kan du v\u00e6re sikker og nyde at f\u00e5 nye online-venner.<\/p>\n<h2>Gratis chatrum<\/h2>\n<p>Hvad kan v\u00e6re bedre end at f\u00e5 ting, du \u00f8nsker dig, gratis!<\/p>\n<p>Det er det, der g\u00f8r Wireclub til en utrolig og brugerorienteret online videochatplatform. Du kan chatte gratis i rummene. Alt, hvad du beh\u00f8ver, er at logge ind. Der er tusindvis af mennesker i et enkelt chatrum. Hvis du ikke er til menneskem\u00e6ngder, kan du ogs\u00e5 finde dig selv i et mindre overfyldt chatrum. Der er masser af muligheder at v\u00e6lge imellem alt efter dine behov og \u00f8nsker.<\/p>\n<p>Gratis chatrum er en fantastisk kilde til afslapning. Du kan chatte med hvem som helst og dele dine f\u00f8lelser og tanker uden at v\u00e6re bange for at blive d\u00f8mt. Disse chatrum giver en sund oplevelse af at chatte med fremmede.<\/p>","protected":false},"excerpt":{"rendered":"<p>It could be that you have heard your friends boasting of having several online chat accounts and making new friends. It is good enough to lure you to try opening an account with wireclub to initiate chatting with like-minded people. You are sure to enjoy the experience and thrill that you are to derive from [&hellip;]<\/p>\n","protected":false},"author":6,"featured_media":559,"parent":0,"menu_order":0,"comment_status":"closed","ping_status":"closed","template":"","meta":{"footnotes":""},"class_list":["post-8588","page","type-page","status-publish","has-post-thumbnail","hentry"],"yoast_head":"<!-- This site is optimized with the Yoast SEO plugin v26.9 - https:\/\/yoast.com\/product\/yoast-seo-wordpress\/ -->\n<title>Wireclub - Anonymous Chat For Two - Cam on StrangerCam.com<\/title>\n<meta name=\"description\" content=\"Like Wireclub? Come chat with more than 5.000.000 strangers on Stranger Cam for Free! Turn on your cam and find new friends &amp; maby a match!\" \/>\n<meta name=\"robots\" content=\"index, follow, max-snippet:-1, max-image-preview:large, max-video-preview:-1\" \/>\n<link rel=\"canonical\" href=\"https:\/\/strangercam.com\/da\/wireclub\/\" \/>\n<meta property=\"og:locale\" content=\"da_DK\" \/>\n<meta property=\"og:type\" content=\"article\" \/>\n<meta property=\"og:title\" content=\"Wireclub - Anonymous Chat For Two - Cam on StrangerCam.com\" \/>\n<meta property=\"og:description\" content=\"Like Wireclub? Come chat with more than 5.000.000 strangers on Stranger Cam for Free! Turn on your cam and find new friends &amp; maby a match!\" \/>\n<meta property=\"og:url\" content=\"https:\/\/strangercam.com\/da\/wireclub\/\" \/>\n<meta property=\"og:site_name\" content=\"Strangercam\" \/>\n<meta property=\"article:publisher\" content=\"https:\/\/www.facebook.com\/strangercam\" \/>\n<meta property=\"article:modified_time\" content=\"2023-08-21T10:47:57+00:00\" \/>\n<meta property=\"og:image\" content=\"https:\/\/strangercam.com\/wp-content\/uploads\/2020\/11\/stranger-cam-1.png\" \/>\n\t<meta property=\"og:image:width\" content=\"800\" \/>\n\t<meta property=\"og:image:height\" content=\"800\" \/>\n\t<meta property=\"og:image:type\" content=\"image\/png\" \/>\n<meta name=\"twitter:card\" content=\"summary_large_image\" \/>\n<meta name=\"twitter:site\" content=\"@strangercamapp\" \/>\n<meta name=\"twitter:label1\" content=\"Estimeret l\u00e6setid\" \/>\n\t<meta name=\"twitter:data1\" content=\"4 minutter\" \/>\n<script type=\"application\/ld+json\" class=\"yoast-schema-graph\">{\"@context\":\"https:\/\/schema.org\",\"@graph\":[{\"@type\":\"WebPage\",\"@id\":\"https:\/\/strangercam.com\/wireclub\/\",\"url\":\"https:\/\/strangercam.com\/wireclub\/\",\"name\":\"Wireclub - Anonymous Chat For Two - Cam on StrangerCam.com\",\"isPartOf\":{\"@id\":\"https:\/\/strangercam.com\/#website\"},\"primaryImageOfPage\":{\"@id\":\"https:\/\/strangercam.com\/wireclub\/#primaryimage\"},\"image\":{\"@id\":\"https:\/\/strangercam.com\/wireclub\/#primaryimage\"},\"thumbnailUrl\":\"https:\/\/strangercam.com\/wp-content\/uploads\/2020\/11\/stranger-cam-1.png\",\"datePublished\":\"2021-10-18T09:30:39+00:00\",\"dateModified\":\"2023-08-21T10:47:57+00:00\",\"description\":\"Like Wireclub? Come chat with more than 5.000.000 strangers on Stranger Cam for Free! Turn on your cam and find new friends & maby a match!\",\"breadcrumb\":{\"@id\":\"https:\/\/strangercam.com\/wireclub\/#breadcrumb\"},\"inLanguage\":\"da-DK\",\"potentialAction\":[{\"@type\":\"ReadAction\",\"target\":[\"https:\/\/strangercam.com\/wireclub\/\"]}]},{\"@type\":\"ImageObject\",\"inLanguage\":\"da-DK\",\"@id\":\"https:\/\/strangercam.com\/wireclub\/#primaryimage\",\"url\":\"https:\/\/strangercam.com\/wp-content\/uploads\/2020\/11\/stranger-cam-1.png\",\"contentUrl\":\"https:\/\/strangercam.com\/wp-content\/uploads\/2020\/11\/stranger-cam-1.png\",\"width\":800,\"height\":800,\"caption\":\"stranger cam random video chat\"},{\"@type\":\"BreadcrumbList\",\"@id\":\"https:\/\/strangercam.com\/wireclub\/#breadcrumb\",\"itemListElement\":[{\"@type\":\"ListItem\",\"position\":1,\"name\":\"Home\",\"item\":\"https:\/\/strangercam.com\/\"},{\"@type\":\"ListItem\",\"position\":2,\"name\":\"Wireclub\"}]},{\"@type\":\"WebSite\",\"@id\":\"https:\/\/strangercam.com\/#website\",\"url\":\"https:\/\/strangercam.com\/\",\"name\":\"Strangercam\",\"description\":\"Random Video Chat with Strangers\",\"publisher\":{\"@id\":\"https:\/\/strangercam.com\/#organization\"},\"alternateName\":\"Strangercam.com\",\"potentialAction\":[{\"@type\":\"SearchAction\",\"target\":{\"@type\":\"EntryPoint\",\"urlTemplate\":\"https:\/\/strangercam.com\/?s={search_term_string}\"},\"query-input\":{\"@type\":\"PropertyValueSpecification\",\"valueRequired\":true,\"valueName\":\"search_term_string\"}}],\"inLanguage\":\"da-DK\"},{\"@type\":\"Organization\",\"@id\":\"https:\/\/strangercam.com\/#organization\",\"name\":\"Strangercam\",\"alternateName\":\"Strangercam.com\",\"url\":\"https:\/\/strangercam.com\/\",\"logo\":{\"@type\":\"ImageObject\",\"inLanguage\":\"da-DK\",\"@id\":\"https:\/\/strangercam.com\/#\/schema\/logo\/image\/\",\"url\":\"https:\/\/strangercam.com\/wp-content\/uploads\/2020\/11\/cropped-new-favicon-black.png\",\"contentUrl\":\"https:\/\/strangercam.com\/wp-content\/uploads\/2020\/11\/cropped-new-favicon-black.png\",\"width\":512,\"height\":512,\"caption\":\"Strangercam\"},\"image\":{\"@id\":\"https:\/\/strangercam.com\/#\/schema\/logo\/image\/\"},\"sameAs\":[\"https:\/\/www.facebook.com\/strangercam\",\"https:\/\/x.com\/strangercamapp\"]}]}<\/script>\n<!-- \/ Yoast SEO plugin. -->","yoast_head_json":{"title":"Wireclub - Anonym chat for to - Cam p\u00e5 StrangerCam.com","description":"Kan du lide Wireclub? Kom og chat med mere end 5.000.000 fremmede p\u00e5 Stranger Cam helt gratis! T\u00e6nd for dit kamera og find nye venner og m\u00e5ske et match!","robots":{"index":"index","follow":"follow","max-snippet":"max-snippet:-1","max-image-preview":"max-image-preview:large","max-video-preview":"max-video-preview:-1"},"canonical":"https:\/\/strangercam.com\/da\/wireclub\/","og_locale":"da_DK","og_type":"article","og_title":"Wireclub - Anonymous Chat For Two - Cam on StrangerCam.com","og_description":"Like Wireclub? Come chat with more than 5.000.000 strangers on Stranger Cam for Free! Turn on your cam and find new friends & maby a match!","og_url":"https:\/\/strangercam.com\/da\/wireclub\/","og_site_name":"Strangercam","article_publisher":"https:\/\/www.facebook.com\/strangercam","article_modified_time":"2023-08-21T10:47:57+00:00","og_image":[{"width":800,"height":800,"url":"https:\/\/strangercam.com\/wp-content\/uploads\/2020\/11\/stranger-cam-1.png","type":"image\/png"}],"twitter_card":"summary_large_image","twitter_site":"@strangercamapp","twitter_misc":{"Estimeret l\u00e6setid":"4 minutter"},"schema":{"@context":"https:\/\/schema.org","@graph":[{"@type":"WebPage","@id":"https:\/\/strangercam.com\/wireclub\/","url":"https:\/\/strangercam.com\/wireclub\/","name":"Wireclub - Anonym chat for to - Cam p\u00e5 StrangerCam.com","isPartOf":{"@id":"https:\/\/strangercam.com\/#website"},"primaryImageOfPage":{"@id":"https:\/\/strangercam.com\/wireclub\/#primaryimage"},"image":{"@id":"https:\/\/strangercam.com\/wireclub\/#primaryimage"},"thumbnailUrl":"https:\/\/strangercam.com\/wp-content\/uploads\/2020\/11\/stranger-cam-1.png","datePublished":"2021-10-18T09:30:39+00:00","dateModified":"2023-08-21T10:47:57+00:00","description":"Kan du lide Wireclub? Kom og chat med mere end 5.000.000 fremmede p\u00e5 Stranger Cam helt gratis! T\u00e6nd for dit kamera og find nye venner og m\u00e5ske et match!","breadcrumb":{"@id":"https:\/\/strangercam.com\/wireclub\/#breadcrumb"},"inLanguage":"da-DK","potentialAction":[{"@type":"ReadAction","target":["https:\/\/strangercam.com\/wireclub\/"]}]},{"@type":"ImageObject","inLanguage":"da-DK","@id":"https:\/\/strangercam.com\/wireclub\/#primaryimage","url":"https:\/\/strangercam.com\/wp-content\/uploads\/2020\/11\/stranger-cam-1.png","contentUrl":"https:\/\/strangercam.com\/wp-content\/uploads\/2020\/11\/stranger-cam-1.png","width":800,"height":800,"caption":"stranger cam random video chat"},{"@type":"BreadcrumbList","@id":"https:\/\/strangercam.com\/wireclub\/#breadcrumb","itemListElement":[{"@type":"ListItem","position":1,"name":"Home","item":"https:\/\/strangercam.com\/"},{"@type":"ListItem","position":2,"name":"Wireclub"}]},{"@type":"WebSite","@id":"https:\/\/strangercam.com\/#website","url":"https:\/\/strangercam.com\/","name":"Strangercam","description":"Tilf\u00e6ldig videochat med fremmede","publisher":{"@id":"https:\/\/strangercam.com\/#organization"},"alternateName":"Strangercam.com","potentialAction":[{"@type":"SearchAction","target":{"@type":"EntryPoint","urlTemplate":"https:\/\/strangercam.com\/?s={search_term_string}"},"query-input":{"@type":"PropertyValueSpecification","valueRequired":true,"valueName":"search_term_string"}}],"inLanguage":"da-DK"},{"@type":"Organization","@id":"https:\/\/strangercam.com\/#organization","name":"Strangercam","alternateName":"Strangercam.com","url":"https:\/\/strangercam.com\/","logo":{"@type":"ImageObject","inLanguage":"da-DK","@id":"https:\/\/strangercam.com\/#\/schema\/logo\/image\/","url":"https:\/\/strangercam.com\/wp-content\/uploads\/2020\/11\/cropped-new-favicon-black.png","contentUrl":"https:\/\/strangercam.com\/wp-content\/uploads\/2020\/11\/cropped-new-favicon-black.png","width":512,"height":512,"caption":"Strangercam"},"image":{"@id":"https:\/\/strangercam.com\/#\/schema\/logo\/image\/"},"sameAs":["https:\/\/www.facebook.com\/strangercam","https:\/\/x.com\/strangercamapp"]}]}},"_links":{"self":[{"href":"https:\/\/strangercam.com\/da\/wp-json\/wp\/v2\/pages\/8588","targetHints":{"allow":["GET"]}}],"collection":[{"href":"https:\/\/strangercam.com\/da\/wp-json\/wp\/v2\/pages"}],"about":[{"href":"https:\/\/strangercam.com\/da\/wp-json\/wp\/v2\/types\/page"}],"author":[{"embeddable":true,"href":"https:\/\/strangercam.com\/da\/wp-json\/wp\/v2\/users\/6"}],"replies":[{"embeddable":true,"href":"https:\/\/strangercam.com\/da\/wp-json\/wp\/v2\/comments?post=8588"}],"version-history":[{"count":0,"href":"https:\/\/strangercam.com\/da\/wp-json\/wp\/v2\/pages\/8588\/revisions"}],"wp:featuredmedia":[{"embeddable":true,"href":"https:\/\/strangercam.com\/da\/wp-json\/wp\/v2\/media\/559"}],"wp:attachment":[{"href":"https:\/\/strangercam.com\/da\/wp-json\/wp\/v2\/media?parent=8588"}],"curies":[{"name":"wp","href":"https:\/\/api.w.org\/{rel}","templated":true}]}}