{"id":8446,"date":"2021-10-06T19:55:53","date_gmt":"2021-10-06T17:55:53","guid":{"rendered":"https:\/\/strangercam.com\/?page_id=8446"},"modified":"2023-08-04T11:12:26","modified_gmt":"2023-08-04T09:12:26","slug":"kontakt","status":"publish","type":"page","link":"https:\/\/strangercam.com\/da\/contact\/","title":{"rendered":"Kontakt os"},"content":{"rendered":"<p>Hvis du har brug for hj\u00e6lp eller har sp\u00f8rgsm\u00e5l om vores service, er vi her for at hj\u00e6lpe! Men f\u00f8r du kontakter os, foresl\u00e5r vi, at du gennemg\u00e5r svarene p\u00e5 vores oftest stillede sp\u00f8rgsm\u00e5l nedenfor. Vi har fundet ud af, at mange brugere finder de l\u00f8sninger, de leder efter, uden at skulle vente p\u00e5 et svar fra vores team.<\/p>\n<h2>Ofte stillede sp\u00f8rgsm\u00e5l (FAQ)<\/h2>\n<p><strong>1. Bliver mit k\u00f8b automatisk fornyet?<\/strong><\/p>\n<p>Ja, dit k\u00f8b fornyes automatisk, hvis du har tegnet et abonnement p\u00e5 <a href=\"https:\/\/strangercam.com\/da\/\">Strangercam<\/a> Premium. Hvis du \u00f8nsker at opsige dit abonnement, skal du g\u00e5 til vores <a href=\"http:\/\/cs.segpay.com\/\">Brugerdefineret supportside<\/a> og indtast dine betalingsoplysninger. Du vil derefter kunne annullere fornyelsen af dit abonnement. Hvis du har k\u00f8bt en Diamonds-pakke, vil du ikke blive faktureret igen, da det er et engangsk\u00f8b.<\/p>\n<p><strong>2. Kan jeg slette min konto?<\/strong><\/p>\n<p>I \u00f8jeblikket kan du ikke slette din konto, fordi vi ikke gemmer eller opbevarer nogen personlige data. Vi forbedrer l\u00f8bende vores systemer, og vi planl\u00e6gger at inkludere en mulighed for at slette profiler i fremtiden.<\/p>\n<p><strong>3. Kan jeg f\u00e5 fjernet blokeringen?<\/strong><\/p>\n<p>N\u00e5r vores review-team p\u00e5 Strangercam.com har blokeret en bruger, er beslutningen endelig, og der kan ikke anmodes om oph\u00e6velse af blokeringen.<\/p>\n<p><strong>4. Kan jeg f\u00e5 pengene tilbage?<\/strong><\/p>\n<p>Vi beder dig venligst om at henvise til <a href=\"https:\/\/strangercam.com\/da\/tilbagebetaling\/\">refusionspolitik tilg\u00e6ngelig p\u00e5 vores hjemmeside<\/a>. Denne politik giver klare retningslinjer for de situationer, hvor vi kan udstede en refusion efter et k\u00f8b.<\/p>\n<h3>Har du stadig brug for hj\u00e6lp?<\/h3>\n<p>Hvis dit sp\u00f8rgsm\u00e5l ikke er d\u00e6kket af ovenst\u00e5ende, er du velkommen til at kontakte os via formularen nedenfor. Vi bestr\u00e6ber os p\u00e5 at besvare alle henvendelser s\u00e5 hurtigt som muligt, men der kan g\u00e5 op til 24 timer, f\u00f8r du f\u00e5r svar. Vi s\u00e6tter pris p\u00e5 din t\u00e5lmodighed og ser frem til at hj\u00e6lpe dig!<\/p>","protected":false},"excerpt":{"rendered":"<p>If you need assistance or have any questions about our service, we&#8217;re here to help! But before you reach out, we suggest you review the answers to our most frequently asked questions below. We&#8217;ve found that many users find the solutions they&#8217;re looking for without having to wait for a response from our team. Frequently [&hellip;]<\/p>\n","protected":false},"author":1,"featured_media":0,"parent":0,"menu_order":0,"comment_status":"closed","ping_status":"closed","template":"","meta":{"footnotes":""},"class_list":["post-8446","page","type-page","status-publish","hentry"],"yoast_head":"<!-- This site is optimized with the Yoast SEO plugin v27.4 - https:\/\/yoast.com\/product\/yoast-seo-wordpress\/ -->\n<title>Contact Us - Strangercam<\/title>\n<meta name=\"robots\" content=\"index, follow, max-snippet:-1, max-image-preview:large, max-video-preview:-1\" \/>\n<link rel=\"canonical\" href=\"https:\/\/strangercam.com\/da\/kontakt\/\" \/>\n<meta property=\"og:locale\" content=\"da_DK\" \/>\n<meta property=\"og:type\" content=\"article\" \/>\n<meta property=\"og:title\" content=\"Contact Us - Strangercam\" \/>\n<meta property=\"og:description\" content=\"If you need assistance or have any questions about our service, we&#8217;re here to help! But before you reach out, we suggest you review the answers to our most frequently asked questions below. We&#8217;ve found that many users find the solutions they&#8217;re looking for without having to wait for a response from our team. Frequently [&hellip;]\" \/>\n<meta property=\"og:url\" content=\"https:\/\/strangercam.com\/da\/kontakt\/\" \/>\n<meta property=\"og:site_name\" content=\"Strangercam\" \/>\n<meta property=\"article:publisher\" content=\"https:\/\/www.facebook.com\/strangercam\" \/>\n<meta property=\"article:modified_time\" content=\"2023-08-04T09:12:26+00:00\" \/>\n<meta property=\"og:image\" content=\"https:\/\/strangercam.com\/wp-content\/uploads\/2021\/10\/Untitled-2.png\" \/>\n\t<meta property=\"og:image:width\" content=\"800\" \/>\n\t<meta property=\"og:image:height\" content=\"532\" \/>\n\t<meta property=\"og:image:type\" content=\"image\/png\" \/>\n<meta name=\"twitter:card\" content=\"summary_large_image\" \/>\n<meta name=\"twitter:site\" content=\"@strangercamapp\" \/>\n<meta name=\"twitter:label1\" content=\"Estimeret l\u00e6setid\" \/>\n\t<meta name=\"twitter:data1\" content=\"2 minutter\" \/>\n<script type=\"application\/ld+json\" class=\"yoast-schema-graph\">{\"@context\":\"https:\\\/\\\/schema.org\",\"@graph\":[{\"@type\":\"WebPage\",\"@id\":\"https:\\\/\\\/strangercam.com\\\/contact\\\/\",\"url\":\"https:\\\/\\\/strangercam.com\\\/contact\\\/\",\"name\":\"Contact Us - Strangercam\",\"isPartOf\":{\"@id\":\"https:\\\/\\\/strangercam.com\\\/#website\"},\"datePublished\":\"2021-10-06T17:55:53+00:00\",\"dateModified\":\"2023-08-04T09:12:26+00:00\",\"breadcrumb\":{\"@id\":\"https:\\\/\\\/strangercam.com\\\/contact\\\/#breadcrumb\"},\"inLanguage\":\"da-DK\",\"potentialAction\":[{\"@type\":\"ReadAction\",\"target\":[\"https:\\\/\\\/strangercam.com\\\/contact\\\/\"]}]},{\"@type\":\"BreadcrumbList\",\"@id\":\"https:\\\/\\\/strangercam.com\\\/contact\\\/#breadcrumb\",\"itemListElement\":[{\"@type\":\"ListItem\",\"position\":1,\"name\":\"Home\",\"item\":\"https:\\\/\\\/strangercam.com\\\/\"},{\"@type\":\"ListItem\",\"position\":2,\"name\":\"Contact Us\"}]},{\"@type\":\"WebSite\",\"@id\":\"https:\\\/\\\/strangercam.com\\\/#website\",\"url\":\"https:\\\/\\\/strangercam.com\\\/\",\"name\":\"Strangercam\",\"description\":\"Random Video Chat with Strangers\",\"publisher\":{\"@id\":\"https:\\\/\\\/strangercam.com\\\/#organization\"},\"alternateName\":\"Strangercam.com\",\"potentialAction\":[{\"@type\":\"SearchAction\",\"target\":{\"@type\":\"EntryPoint\",\"urlTemplate\":\"https:\\\/\\\/strangercam.com\\\/?s={search_term_string}\"},\"query-input\":{\"@type\":\"PropertyValueSpecification\",\"valueRequired\":true,\"valueName\":\"search_term_string\"}}],\"inLanguage\":\"da-DK\"},{\"@type\":\"Organization\",\"@id\":\"https:\\\/\\\/strangercam.com\\\/#organization\",\"name\":\"Strangercam\",\"alternateName\":\"Strangercam.com\",\"url\":\"https:\\\/\\\/strangercam.com\\\/\",\"logo\":{\"@type\":\"ImageObject\",\"inLanguage\":\"da-DK\",\"@id\":\"https:\\\/\\\/strangercam.com\\\/#\\\/schema\\\/logo\\\/image\\\/\",\"url\":\"https:\\\/\\\/strangercam.com\\\/wp-content\\\/uploads\\\/2020\\\/11\\\/cropped-new-favicon-black.png\",\"contentUrl\":\"https:\\\/\\\/strangercam.com\\\/wp-content\\\/uploads\\\/2020\\\/11\\\/cropped-new-favicon-black.png\",\"width\":512,\"height\":512,\"caption\":\"Strangercam\"},\"image\":{\"@id\":\"https:\\\/\\\/strangercam.com\\\/#\\\/schema\\\/logo\\\/image\\\/\"},\"sameAs\":[\"https:\\\/\\\/www.facebook.com\\\/strangercam\",\"https:\\\/\\\/x.com\\\/strangercamapp\"]}]}<\/script>\n<!-- \/ Yoast SEO plugin. -->","yoast_head_json":{"title":"Kontakt os - Strangercam","robots":{"index":"index","follow":"follow","max-snippet":"max-snippet:-1","max-image-preview":"max-image-preview:large","max-video-preview":"max-video-preview:-1"},"canonical":"https:\/\/strangercam.com\/da\/kontakt\/","og_locale":"da_DK","og_type":"article","og_title":"Contact Us - Strangercam","og_description":"If you need assistance or have any questions about our service, we&#8217;re here to help! But before you reach out, we suggest you review the answers to our most frequently asked questions below. We&#8217;ve found that many users find the solutions they&#8217;re looking for without having to wait for a response from our team. Frequently [&hellip;]","og_url":"https:\/\/strangercam.com\/da\/kontakt\/","og_site_name":"Strangercam","article_publisher":"https:\/\/www.facebook.com\/strangercam","article_modified_time":"2023-08-04T09:12:26+00:00","og_image":[{"width":800,"height":532,"url":"https:\/\/strangercam.com\/wp-content\/uploads\/2021\/10\/Untitled-2.png","type":"image\/png"}],"twitter_card":"summary_large_image","twitter_site":"@strangercamapp","twitter_misc":{"Estimeret l\u00e6setid":"2 minutter"},"schema":{"@context":"https:\/\/schema.org","@graph":[{"@type":"WebPage","@id":"https:\/\/strangercam.com\/contact\/","url":"https:\/\/strangercam.com\/contact\/","name":"Kontakt os - Strangercam","isPartOf":{"@id":"https:\/\/strangercam.com\/#website"},"datePublished":"2021-10-06T17:55:53+00:00","dateModified":"2023-08-04T09:12:26+00:00","breadcrumb":{"@id":"https:\/\/strangercam.com\/contact\/#breadcrumb"},"inLanguage":"da-DK","potentialAction":[{"@type":"ReadAction","target":["https:\/\/strangercam.com\/contact\/"]}]},{"@type":"BreadcrumbList","@id":"https:\/\/strangercam.com\/contact\/#breadcrumb","itemListElement":[{"@type":"ListItem","position":1,"name":"Home","item":"https:\/\/strangercam.com\/"},{"@type":"ListItem","position":2,"name":"Contact Us"}]},{"@type":"WebSite","@id":"https:\/\/strangercam.com\/#website","url":"https:\/\/strangercam.com\/","name":"Strangercam","description":"Tilf\u00e6ldig videochat med fremmede","publisher":{"@id":"https:\/\/strangercam.com\/#organization"},"alternateName":"Strangercam.com","potentialAction":[{"@type":"SearchAction","target":{"@type":"EntryPoint","urlTemplate":"https:\/\/strangercam.com\/?s={search_term_string}"},"query-input":{"@type":"PropertyValueSpecification","valueRequired":true,"valueName":"search_term_string"}}],"inLanguage":"da-DK"},{"@type":"Organization","@id":"https:\/\/strangercam.com\/#organization","name":"Strangercam","alternateName":"Strangercam.com","url":"https:\/\/strangercam.com\/","logo":{"@type":"ImageObject","inLanguage":"da-DK","@id":"https:\/\/strangercam.com\/#\/schema\/logo\/image\/","url":"https:\/\/strangercam.com\/wp-content\/uploads\/2020\/11\/cropped-new-favicon-black.png","contentUrl":"https:\/\/strangercam.com\/wp-content\/uploads\/2020\/11\/cropped-new-favicon-black.png","width":512,"height":512,"caption":"Strangercam"},"image":{"@id":"https:\/\/strangercam.com\/#\/schema\/logo\/image\/"},"sameAs":["https:\/\/www.facebook.com\/strangercam","https:\/\/x.com\/strangercamapp"]}]}},"_links":{"self":[{"href":"https:\/\/strangercam.com\/da\/wp-json\/wp\/v2\/pages\/8446","targetHints":{"allow":["GET"]}}],"collection":[{"href":"https:\/\/strangercam.com\/da\/wp-json\/wp\/v2\/pages"}],"about":[{"href":"https:\/\/strangercam.com\/da\/wp-json\/wp\/v2\/types\/page"}],"author":[{"embeddable":true,"href":"https:\/\/strangercam.com\/da\/wp-json\/wp\/v2\/users\/1"}],"replies":[{"embeddable":true,"href":"https:\/\/strangercam.com\/da\/wp-json\/wp\/v2\/comments?post=8446"}],"version-history":[{"count":0,"href":"https:\/\/strangercam.com\/da\/wp-json\/wp\/v2\/pages\/8446\/revisions"}],"wp:attachment":[{"href":"https:\/\/strangercam.com\/da\/wp-json\/wp\/v2\/media?parent=8446"}],"curies":[{"name":"wp","href":"https:\/\/api.w.org\/{rel}","templated":true}]}}