{"id":8386,"date":"2024-09-19T11:35:24","date_gmt":"2024-09-19T09:35:24","guid":{"rendered":"https:\/\/strangercam.com\/?page_id=8386"},"modified":"2024-09-19T11:37:00","modified_gmt":"2024-09-19T09:37:00","slug":"chat-avenue","status":"publish","type":"page","link":"https:\/\/strangercam.com\/da\/chat-avenue\/","title":{"rendered":"Chat Avenue"},"content":{"rendered":"<p><a href=\"https:\/\/strangercam.com\/da\/chatroulette\/\">Chat<\/a> Avenue, ogs\u00e5 kendt som Chat Ave, er en af de \u00e6ldste og mest popul\u00e6re online chatplatforme, der findes i dag. Den blev etableret i 2000 og er vokset til et levende f\u00e6llesskab, hvor millioner af mennesker fra hele verden m\u00f8des for at tale sammen, f\u00e5 nye venner og dele oplevelser. Med over 7 millioner bes\u00f8gende hver m\u00e5ned tilbyder Chat Avenue et dynamisk milj\u00f8 for b\u00e5de nye og erfarne chat-entusiaster.<\/p>\n<h2>Hvad er Chat Avenue?<\/h2>\n<p>Chat Avenue er en online platform, der giver brugerne adgang til gratis chatrum, der d\u00e6kker en bred vifte af emner og interesser. Fra afslappede samtaler til mere fokuserede diskussioner - Chat Avenue har noget for enhver smag. Platformen er designet til at v\u00e6re brugervenlig og tilg\u00e6ngelig for folk i alle aldre og baggrunde, hvilket g\u00f8r det nemt for alle at deltage og begynde at chatte med det samme.<\/p>\n<h2>Hvorfor v\u00e6lge Chat Avenue?<\/h2>\n<p>Der er flere grunde til, at Chat Avenue skiller sig ud som en f\u00f8rende online chatplatform:<\/p>\n<ul>\n<li><strong>Diverse chatrum:<\/strong> Med 20 forskellige chatrum at v\u00e6lge imellem kan du finde det, der passer perfekt til dine interesser. Uanset om du er til musik, sport, teknologi eller leder efter aldersspecifikke chatrum, er der en <a href=\"https:\/\/strangercam.com\/da\/mocospace\/\">plads<\/a> for dig.<\/li>\n<li><strong>Brugervenlig gr\u00e6nseflade:<\/strong> Platformen er designet til alle, uanset alder eller teknologisk ekspertise. Det enkle layout g\u00f8r det nemt at navigere og komme i gang med at chatte uden problemer.<\/li>\n<li><strong>Det globale f\u00e6llesskab:<\/strong> Kom i kontakt med tusindvis af mennesker fra forskellige lande, kulturer og baggrunde. Udvid din horisont og l\u00e6r nye perspektiver ved at deltage i samtaler med mennesker fra hele verden.<\/li>\n<li><strong>Privatliv og anonymitet:<\/strong> Chat Avenue giver dig mulighed for at logge ind som \u201cg\u00e6stebruger\u201d, hvilket sikrer, at din identitet forbliver fortrolig. Du beh\u00f8ver ikke at angive en e-mailadresse, profiler p\u00e5 sociale medier eller andre personlige oplysninger for at begynde at chatte.<\/li>\n<li><strong>Gratis at bruge:<\/strong> Chat Avenue er helt gratis. Du kan deltage i ethvert chatrum uden gebyrer eller skjulte afgifter.<\/li>\n<\/ul>\n<h2>S\u00e5dan bruger du Chat Avenue<\/h2>\n<p>Det er enkelt og ligetil at bruge Chat Avenue. Her er en trin-for-trin-guide:<\/p>\n<ol>\n<li><strong>Bes\u00f8g hjemmesiden:<\/strong> G\u00e5 til Chat Avenue's hjemmeside.<\/li>\n<li><strong>V\u00e6lg et chatrum:<\/strong> Gennemse de 20 tilg\u00e6ngelige chatrum, og v\u00e6lg et, der passer til dine interesser. Valgmulighederne omfatter teenagechat, voksenchat, musikchat, sportschat, teknologichat, datingchat, LGBTQ+-chat og meget mere.<\/li>\n<li><strong>Indtast et brugernavn:<\/strong> Du kan logge ind som g\u00e6st ved blot at v\u00e6lge et brugernavn. Det er ikke n\u00f8dvendigt at registrere sig eller give personlige oplysninger.<\/li>\n<li><strong>Begynd at chatte:<\/strong> N\u00e5r du har indtastet dit brugernavn, bliver du sendt videre til chatrummet, hvor du kan begynde at interagere med andre brugere med det samme.<\/li>\n<\/ol>\n<h2>Tilg\u00e6ngelige chatrum<\/h2>\n<p>For at hj\u00e6lpe dig med at finde dit ideelle chatrum er her en oversigt over de tilg\u00e6ngelige muligheder:<\/p>\n<ul>\n<li><strong>Teen chat:<\/strong> Designet til brugere i alderen 13-19 \u00e5r og giver et sikkert sted at komme i kontakt med j\u00e6vnaldrende.<\/li>\n<li><strong>Chat for voksne:<\/strong> \u00c5ben for brugere over 18 \u00e5r til modne samtaler om forskellige emner.<\/li>\n<li><strong>Musikchat:<\/strong> Diskuter dine yndlingskunstnere, -album og -genrer med andre musikentusiaster.<\/li>\n<li><strong>Sports-chat:<\/strong> G\u00e5 i dialog med fans af forskellige sportsgrene, del h\u00f8jdepunkter fra kampe, og diskuter kommende begivenheder.<\/li>\n<li><strong>Chat om teknologi:<\/strong> Tal om de nyeste gadgets, software og teknologiske trends.<\/li>\n<li><strong>Dating chat:<\/strong> <a href=\"https:\/\/strangercam.com\/da\/coomeet\/\">M\u00f8des<\/a> nye mennesker p\u00e5 udkig efter forhold eller venskaber.<\/li>\n<li><strong>LGBTQ+ chat:<\/strong> Et st\u00f8ttende rum for medlemmer af LGBTQ+-milj\u00f8et, hvor de kan komme i kontakt med hinanden og dele erfaringer.<\/li>\n<li><strong>Generel chat:<\/strong> Til afslappede samtaler om mange forskellige emner med en mangfoldig gruppe mennesker.<\/li>\n<li><strong>Andre interessebaserede rum:<\/strong> Herunder, men ikke begr\u00e6nset til, videospilchat, animechat og meget mere.<\/li>\n<\/ul>\n<h2>Tips til at f\u00e5 mest muligt ud af Chat Avenue<\/h2>\n<p>For at forbedre din oplevelse p\u00e5 Chat Avenue kan du overveje f\u00f8lgende tips:<\/p>\n<ul>\n<li><strong>Tag initiativ til samtaler:<\/strong> T\u00f8v ikke med at starte en chat med et simpelt \u201cHej\u201d eller \u201cHej\u201d. At tage det f\u00f8rste skridt kan f\u00f8re til engagerede og meningsfulde diskussioner.<\/li>\n<li><strong>V\u00e6r fordomsfri:<\/strong> Omfavn samfundets mangfoldighed. Mennesker med forskellige baggrunde bidrager til rige og oplysende samtaler.<\/li>\n<li><strong>Respekter andre:<\/strong> Tilg\u00e5 altid interaktioner med h\u00f8flighed og forst\u00e5else. Det skaber et positivt milj\u00f8 for alle.<\/li>\n<li><strong>H\u00e5ndter afvisninger p\u00e5 en god m\u00e5de:<\/strong> Det er ikke sikkert, at alle reagerer eller deler de samme interesser, og det er okay. G\u00e5 videre til nye forbindelser uden at tage det personligt.<\/li>\n<li><strong>\u00d8velse g\u00f8r mester:<\/strong> Jo mere du engagerer dig, jo mere tryg bliver du. Med tiden vil det f\u00f8les mere naturligt og behageligt at chatte.<\/li>\n<\/ul>\n<h2>At overvinde almindelig frygt<\/h2>\n<p>Det kan v\u00e6re skr\u00e6mmende at starte samtaler med fremmede online, is\u00e6r hvis det er nyt for dig. Her er nogle m\u00e5der at overvinde almindelig frygt p\u00e5:<\/p>\n<ul>\n<li><strong>Bek\u00e6mpelse af angst:<\/strong> Det er normalt at v\u00e6re nerv\u00f8s, n\u00e5r man starter. Husk, at alle har v\u00e6ret nybegyndere engang, og de fleste brugere er venlige og \u00e5bne for samtale.<\/li>\n<li><strong>V\u00e6r dig selv:<\/strong> Med autenticitet kommer man langt. \u00c6gte interaktioner f\u00f8rer ofte til meningsfulde forbindelser og venskaber.<\/li>\n<li><strong>Forbliv positiv:<\/strong> Fokuser p\u00e5 at nyde oplevelsen i stedet for at bekymre dig om resultatet. Hav det sjovt med dine samtaler, og lad v\u00e6re med at stresse over mindre tilbageslag.<\/li>\n<li><strong>Frygt ikke at blive afvist:<\/strong> Ikke alle interaktioner vil f\u00f8re til en varig forbindelse, og det er helt i orden. Bevar en positiv indstilling og forts\u00e6t med at engagere dig i andre.<\/li>\n<\/ul>\n<h2>Omfavn mangfoldighed p\u00e5 Chat Avenue<\/h2>\n<p>Chat Avenue hylder mangfoldighed og rummelighed. Platformen tilbyder specialiserede chatrum, der henvender sig til forskellige interesser og f\u00e6llesskaber, hvilket sikrer, at alle kan finde et sted, hvor de f\u00f8ler sig godt tilpas:<\/p>\n<ul>\n<li><strong>Interessebaserede rum:<\/strong> Kom i kontakt med folk, der deler dine hobbyer eller passioner, f.eks. musik, sport, teknologi eller spil.<\/li>\n<li><strong>F\u00e6llesrum:<\/strong> G\u00e5 i dialog med specifikke grupper og f\u00e6llesskaber i et st\u00f8ttende milj\u00f8, herunder LGBTQ+ chatrum og andre minoritetsgrupper.<\/li>\n<li><strong>Aldersspecifikke v\u00e6relser:<\/strong> Uanset om du er teenager eller voksen, er der alderssvarende chatrum, der er designet til at sikre sikkerhed og relevans.<\/li>\n<\/ul>\n<h2>Sikkerhed og m\u00e5dehold<\/h2>\n<p>Din sikkerhed er en prioritet p\u00e5 Chat Avenue. Platformen har flere funktioner p\u00e5 plads for at sikre en sikker og forn\u00f8jelig oplevelse:<\/p>\n<ul>\n<li><strong>Aktive moderatorer:<\/strong> Hvert chatrum overv\u00e5ges af moderatorer, som arbejder p\u00e5 at opretholde et respektfuldt milj\u00f8 ved at h\u00e5ndh\u00e6ve f\u00e6llesskabets retningslinjer.<\/li>\n<li><strong>Rapporteringssystem:<\/strong> Brugere kan rapportere upassende adf\u00e6rd, chikane eller brud p\u00e5 reglerne, som straks behandles af moderationsteamet.<\/li>\n<li><strong>Overholdelse af retningslinjer:<\/strong> Alle brugere forventes at overholde f\u00e6llesskabets retningslinjer for at skabe en positiv atmosf\u00e6re. Respektl\u00f8s eller skadelig adf\u00e6rd tolereres ikke.<\/li>\n<\/ul>\n<h2>Ofte stillede sp\u00f8rgsm\u00e5l<\/h2>\n<p>Her er nogle ofte stillede sp\u00f8rgsm\u00e5l om Chat Avenue:<\/p>\n<p><strong>Q: Er Chat Avenue gratis at bruge?<\/strong><\/p>\n<p>A: Ja, Chat Avenue er helt gratis. Du kan deltage i alle chatrum uden gebyrer eller afgifter.<\/p>\n<p><strong>Q: Skal jeg registrere en konto?<\/strong><\/p>\n<p>A: Der kr\u00e6ves ingen registrering. Du kan logge ind som g\u00e6st ved at v\u00e6lge et brugernavn, s\u00e5 du kan forblive anonym.<\/p>\n<p><strong>Q: Kan jeg bruge Chat Avenue p\u00e5 min mobile enhed?<\/strong><\/p>\n<p>A: Ja, Chat Avenue er tilg\u00e6ngelig p\u00e5 b\u00e5de desktop- og mobilbrowsere, hvilket g\u00f8r det nemt at chatte, uanset hvor du er.<\/p>\n<p><strong>Q: Er Chat Avenue sikker?<\/strong><\/p>\n<p>A: Chat Avenue har foranstaltninger p\u00e5 plads for at sikre brugernes sikkerhed, herunder aktive moderations- og rapporteringssystemer. Det er dog altid vigtigt at udvise forsigtighed og ikke dele personlige oplysninger online.<\/p>\n<p><strong>Q: Hvad skal jeg g\u00f8re, hvis jeg oplever upassende adf\u00e6rd?<\/strong><\/p>\n<p>Svar: Du kan rapportere brugeren til moderatorerne, som vil tage de n\u00f8dvendige skridt. Det er vigtigt at holde f\u00e6llesskabet sikkert og respektfuldt.<\/p>\n<h2>Udtalelser<\/h2>\n<p>Her er nogle erfaringer, som Chat Avenue-brugere har delt:<\/p>\n<p><em>\"Jeg har <a href=\"https:\/\/strangercam.com\/da\/chamet\/\">met<\/a> s\u00e5 mange fantastiske mennesker p\u00e5 Chat Avenue. Det er utroligt, hvor nemt det er at komme i kontakt med andre, der deler mine interesser!\u201d<\/em> - Alex T.<\/p>\n<p><em>\u201cSom en, der er genert i det virkelige liv, har Chat Ave givet mig selvtillid til at starte samtaler og f\u00e5 nye venner.\u201d<\/em> - Maria S.<\/p>\n<p><em>\u201cMangfoldigheden p\u00e5 Chat Avenue er fantastisk. Jeg har l\u00e6rt s\u00e5 meget af folk fra hele verden.\u201d<\/em> - Jamal K.<\/p>\n<h2>Yderligere ressourcer<\/h2>\n<p>Du kan f\u00e5 flere oplysninger og tips om onlinechat i disse ressourcer:<\/p>\n<ul>\n<li><strong>Tips til sikker online-chat:<\/strong> L\u00e6r, hvordan du beskytter dig selv og f\u00e5r en sikker chatoplevelse.<\/li>\n<li><strong>S\u00e5dan f\u00e5r du venner online:<\/strong> Opdag strategier til at opbygge meningsfulde forbindelser over internettet.<\/li>\n<li><strong>Fordelene ved onlinef\u00e6llesskaber:<\/strong> Udforsk, hvordan onlineplatforme som Chat Avenue kan berige dit sociale liv.<\/li>\n<\/ul>\n<h2>F\u00f8lg Chat Avenue p\u00e5 sociale medier<\/h2>\n<p>Hold dig opdateret med de seneste nyheder og opdateringer ved at f\u00f8lge Chat Avenue p\u00e5 de sociale medier:<\/p>\n<ul>\n<li><strong>Facebook<\/strong><\/li>\n<li><strong>Twitter<\/strong><\/li>\n<li><strong>Instagram<\/strong><\/li>\n<\/ul>\n<h2>Konklusion<\/h2>\n<p>Chat Avenue er din indgang til en verden af samtaler og venskaber. Det brugervenlige design, engagementet i privatlivets fred og det mangfoldige f\u00e6llesskab g\u00f8r det til en ideel platform for alle, der \u00f8nsker at komme i kontakt med andre online. Uanset om du s\u00f8ger afslappede chats, meningsfulde diskussioner eller blot \u00f8nsker at m\u00f8de nye mennesker, har Chat Avenue noget at tilbyde. S\u00e5 hvorfor vente? Bliv en del af Chat Avenue-f\u00e6llesskabet i dag, og begynd at udforske de uendelige muligheder! Med blot et par klik kan du dykke ned i engagerende diskussioner og m\u00f8de fascinerende mennesker fra alle samfundslag. Chat Avenue byder dig velkommen til en verden, hvor kommunikation ikke kender nogen gr\u00e6nser.<\/p>\n<h2>Deltag i Chat Avenue i dag og udvid din verden<\/h2>\n<p>Med sit omfattende udvalg af chatrum og sin globale brugerbase giver Chat Avenue en enest\u00e5ende mulighed for at udvide din horisont. Uanset om du \u00f8nsker at f\u00e5 nye venner, dele dine interesser eller bare nyde en afslappet samtale, er Chat Avenue stedet at v\u00e6re. Husk, at kommunikation er n\u00f8glen til at opbygge forbindelser, og Chat Avenue g\u00f8r det nemmere end nogensinde at n\u00e5 ud og komme i kontakt med andre. S\u00e5 log p\u00e5, v\u00e6lg et chatrum, og start din rejse i dag!<\/p>","protected":false},"excerpt":{"rendered":"<p>Chat Avenue, also known as Chat Ave, is one of the oldest and most popular online chat platforms available today. Established in 2000, it has grown into a vibrant community where millions of people from around the globe come together to converse, make new friends, and share experiences. With over 7 million visitors each month, [&hellip;]<\/p>\n","protected":false},"author":6,"featured_media":0,"parent":0,"menu_order":0,"comment_status":"closed","ping_status":"closed","template":"","meta":{"footnotes":""},"class_list":["post-8386","page","type-page","status-publish","hentry"],"yoast_head":"<!-- This site is optimized with the Yoast SEO plugin v26.9 - https:\/\/yoast.com\/product\/yoast-seo-wordpress\/ -->\n<title>Chat Avenue - Free Video Chat Rooms - StrangerCam.com<\/title>\n<meta name=\"description\" content=\"Discover Chat Avenue, the ultimate online platform connecting you to free chat rooms and a global community. Join Chat Ave today!\" \/>\n<meta name=\"robots\" content=\"index, follow, max-snippet:-1, max-image-preview:large, max-video-preview:-1\" \/>\n<link rel=\"canonical\" href=\"https:\/\/strangercam.com\/da\/chat-avenue\/\" \/>\n<meta property=\"og:locale\" content=\"da_DK\" \/>\n<meta property=\"og:type\" content=\"article\" \/>\n<meta property=\"og:title\" content=\"Chat Avenue - Free Video Chat Rooms - StrangerCam.com\" \/>\n<meta property=\"og:description\" content=\"Discover Chat Avenue, the ultimate online platform connecting you to free chat rooms and a global community. Join Chat Ave today!\" \/>\n<meta property=\"og:url\" content=\"https:\/\/strangercam.com\/da\/chat-avenue\/\" \/>\n<meta property=\"og:site_name\" content=\"Strangercam\" \/>\n<meta property=\"article:publisher\" content=\"https:\/\/www.facebook.com\/strangercam\" \/>\n<meta property=\"article:modified_time\" content=\"2024-09-19T09:37:00+00:00\" \/>\n<meta property=\"og:image\" content=\"https:\/\/strangercam.com\/wp-content\/uploads\/2021\/10\/Untitled-2.png\" \/>\n\t<meta property=\"og:image:width\" content=\"800\" \/>\n\t<meta property=\"og:image:height\" content=\"532\" \/>\n\t<meta property=\"og:image:type\" content=\"image\/png\" \/>\n<meta name=\"twitter:card\" content=\"summary_large_image\" \/>\n<meta name=\"twitter:site\" content=\"@strangercamapp\" \/>\n<meta name=\"twitter:label1\" content=\"Estimeret l\u00e6setid\" \/>\n\t<meta name=\"twitter:data1\" content=\"7 minutter\" \/>\n<script type=\"application\/ld+json\" class=\"yoast-schema-graph\">{\"@context\":\"https:\/\/schema.org\",\"@graph\":[{\"@type\":\"WebPage\",\"@id\":\"https:\/\/strangercam.com\/chat-avenue\/\",\"url\":\"https:\/\/strangercam.com\/chat-avenue\/\",\"name\":\"Chat Avenue - Free Video Chat Rooms - StrangerCam.com\",\"isPartOf\":{\"@id\":\"https:\/\/strangercam.com\/#website\"},\"datePublished\":\"2024-09-19T09:35:24+00:00\",\"dateModified\":\"2024-09-19T09:37:00+00:00\",\"description\":\"Discover Chat Avenue, the ultimate online platform connecting you to free chat rooms and a global community. Join Chat Ave today!\",\"breadcrumb\":{\"@id\":\"https:\/\/strangercam.com\/chat-avenue\/#breadcrumb\"},\"inLanguage\":\"da-DK\",\"potentialAction\":[{\"@type\":\"ReadAction\",\"target\":[\"https:\/\/strangercam.com\/chat-avenue\/\"]}]},{\"@type\":\"BreadcrumbList\",\"@id\":\"https:\/\/strangercam.com\/chat-avenue\/#breadcrumb\",\"itemListElement\":[{\"@type\":\"ListItem\",\"position\":1,\"name\":\"Home\",\"item\":\"https:\/\/strangercam.com\/\"},{\"@type\":\"ListItem\",\"position\":2,\"name\":\"Chat Avenue\"}]},{\"@type\":\"WebSite\",\"@id\":\"https:\/\/strangercam.com\/#website\",\"url\":\"https:\/\/strangercam.com\/\",\"name\":\"Strangercam\",\"description\":\"Random Video Chat with Strangers\",\"publisher\":{\"@id\":\"https:\/\/strangercam.com\/#organization\"},\"alternateName\":\"Strangercam.com\",\"potentialAction\":[{\"@type\":\"SearchAction\",\"target\":{\"@type\":\"EntryPoint\",\"urlTemplate\":\"https:\/\/strangercam.com\/?s={search_term_string}\"},\"query-input\":{\"@type\":\"PropertyValueSpecification\",\"valueRequired\":true,\"valueName\":\"search_term_string\"}}],\"inLanguage\":\"da-DK\"},{\"@type\":\"Organization\",\"@id\":\"https:\/\/strangercam.com\/#organization\",\"name\":\"Strangercam\",\"alternateName\":\"Strangercam.com\",\"url\":\"https:\/\/strangercam.com\/\",\"logo\":{\"@type\":\"ImageObject\",\"inLanguage\":\"da-DK\",\"@id\":\"https:\/\/strangercam.com\/#\/schema\/logo\/image\/\",\"url\":\"https:\/\/strangercam.com\/wp-content\/uploads\/2020\/11\/cropped-new-favicon-black.png\",\"contentUrl\":\"https:\/\/strangercam.com\/wp-content\/uploads\/2020\/11\/cropped-new-favicon-black.png\",\"width\":512,\"height\":512,\"caption\":\"Strangercam\"},\"image\":{\"@id\":\"https:\/\/strangercam.com\/#\/schema\/logo\/image\/\"},\"sameAs\":[\"https:\/\/www.facebook.com\/strangercam\",\"https:\/\/x.com\/strangercamapp\"]}]}<\/script>\n<!-- \/ Yoast SEO plugin. -->","yoast_head_json":{"title":"Chat Avenue - Gratis videochatrum - StrangerCam.com","description":"Oplev Chat Avenue, den ultimative online platform, der forbinder dig med gratis chatrum og et globalt f\u00e6llesskab. Bliv medlem af Chat Ave i dag!","robots":{"index":"index","follow":"follow","max-snippet":"max-snippet:-1","max-image-preview":"max-image-preview:large","max-video-preview":"max-video-preview:-1"},"canonical":"https:\/\/strangercam.com\/da\/chat-avenue\/","og_locale":"da_DK","og_type":"article","og_title":"Chat Avenue - Free Video Chat Rooms - StrangerCam.com","og_description":"Discover Chat Avenue, the ultimate online platform connecting you to free chat rooms and a global community. Join Chat Ave today!","og_url":"https:\/\/strangercam.com\/da\/chat-avenue\/","og_site_name":"Strangercam","article_publisher":"https:\/\/www.facebook.com\/strangercam","article_modified_time":"2024-09-19T09:37:00+00:00","og_image":[{"width":800,"height":532,"url":"https:\/\/strangercam.com\/wp-content\/uploads\/2021\/10\/Untitled-2.png","type":"image\/png"}],"twitter_card":"summary_large_image","twitter_site":"@strangercamapp","twitter_misc":{"Estimeret l\u00e6setid":"7 minutter"},"schema":{"@context":"https:\/\/schema.org","@graph":[{"@type":"WebPage","@id":"https:\/\/strangercam.com\/chat-avenue\/","url":"https:\/\/strangercam.com\/chat-avenue\/","name":"Chat Avenue - Gratis videochatrum - StrangerCam.com","isPartOf":{"@id":"https:\/\/strangercam.com\/#website"},"datePublished":"2024-09-19T09:35:24+00:00","dateModified":"2024-09-19T09:37:00+00:00","description":"Oplev Chat Avenue, den ultimative online platform, der forbinder dig med gratis chatrum og et globalt f\u00e6llesskab. Bliv medlem af Chat Ave i dag!","breadcrumb":{"@id":"https:\/\/strangercam.com\/chat-avenue\/#breadcrumb"},"inLanguage":"da-DK","potentialAction":[{"@type":"ReadAction","target":["https:\/\/strangercam.com\/chat-avenue\/"]}]},{"@type":"BreadcrumbList","@id":"https:\/\/strangercam.com\/chat-avenue\/#breadcrumb","itemListElement":[{"@type":"ListItem","position":1,"name":"Home","item":"https:\/\/strangercam.com\/"},{"@type":"ListItem","position":2,"name":"Chat Avenue"}]},{"@type":"WebSite","@id":"https:\/\/strangercam.com\/#website","url":"https:\/\/strangercam.com\/","name":"Strangercam","description":"Tilf\u00e6ldig videochat med fremmede","publisher":{"@id":"https:\/\/strangercam.com\/#organization"},"alternateName":"Strangercam.com","potentialAction":[{"@type":"SearchAction","target":{"@type":"EntryPoint","urlTemplate":"https:\/\/strangercam.com\/?s={search_term_string}"},"query-input":{"@type":"PropertyValueSpecification","valueRequired":true,"valueName":"search_term_string"}}],"inLanguage":"da-DK"},{"@type":"Organization","@id":"https:\/\/strangercam.com\/#organization","name":"Strangercam","alternateName":"Strangercam.com","url":"https:\/\/strangercam.com\/","logo":{"@type":"ImageObject","inLanguage":"da-DK","@id":"https:\/\/strangercam.com\/#\/schema\/logo\/image\/","url":"https:\/\/strangercam.com\/wp-content\/uploads\/2020\/11\/cropped-new-favicon-black.png","contentUrl":"https:\/\/strangercam.com\/wp-content\/uploads\/2020\/11\/cropped-new-favicon-black.png","width":512,"height":512,"caption":"Strangercam"},"image":{"@id":"https:\/\/strangercam.com\/#\/schema\/logo\/image\/"},"sameAs":["https:\/\/www.facebook.com\/strangercam","https:\/\/x.com\/strangercamapp"]}]}},"_links":{"self":[{"href":"https:\/\/strangercam.com\/da\/wp-json\/wp\/v2\/pages\/8386","targetHints":{"allow":["GET"]}}],"collection":[{"href":"https:\/\/strangercam.com\/da\/wp-json\/wp\/v2\/pages"}],"about":[{"href":"https:\/\/strangercam.com\/da\/wp-json\/wp\/v2\/types\/page"}],"author":[{"embeddable":true,"href":"https:\/\/strangercam.com\/da\/wp-json\/wp\/v2\/users\/6"}],"replies":[{"embeddable":true,"href":"https:\/\/strangercam.com\/da\/wp-json\/wp\/v2\/comments?post=8386"}],"version-history":[{"count":0,"href":"https:\/\/strangercam.com\/da\/wp-json\/wp\/v2\/pages\/8386\/revisions"}],"wp:attachment":[{"href":"https:\/\/strangercam.com\/da\/wp-json\/wp\/v2\/media?parent=8386"}],"curies":[{"name":"wp","href":"https:\/\/api.w.org\/{rel}","templated":true}]}}