{"id":80,"date":"2020-04-09T18:35:29","date_gmt":"2020-04-09T16:35:29","guid":{"rendered":"https:\/\/strangercam.com\/?page_id=80"},"modified":"2023-08-21T11:40:39","modified_gmt":"2023-08-21T09:40:39","slug":"chat-alternative","status":"publish","type":"page","link":"https:\/\/strangercam.com\/da\/chat-alternative\/","title":{"rendered":"Chat Alternative"},"content":{"rendered":"<p><a href=\"https:\/\/strangercam.com\/da\/chatroulette\/\">Chat<\/a> Alternativ mobilapp er ideel til dem, der \u00f8nsker at <a href=\"https:\/\/strangercam.com\/da\/coomeet\/\">m\u00f8des<\/a> tilf\u00e6ldige fremmede i forskellige dele af verden med lethed. Det giver brugerne mulighed for at have en <a href=\"https:\/\/strangercam.com\/da\/rabbit-video-chat\/\">videochat<\/a> med andre fra deres hjem. Desuden finder appen tusindvis af nye mennesker hver dag for at sikre den bedste oplevelse. En anden ting er, at appen viser, hvordan man kan have samtaler ansigt til ansigt med andre, der bor langt v\u00e6k fra et sted.<\/p>\n<p>Desuden giver appen metoder til at indsn\u00e6vre resultaterne, n\u00e5r nogen \u00f8nsker at chatte med udvalgte fremmede<a href=\"https:\/\/cashpotresulttoday.com\/\">.<\/a> Du kan v\u00e6lge det k\u00f8n og den placering, du \u00f8nsker. Der er mange fordele ved at v\u00e6lge k\u00f8n og sted. Nogle gange vil du m\u00e5ske gerne tale med fremmede fra et bestemt land og med en bestemt oprindelse. Ved at v\u00e6lge det land, du \u00f8nsker, kan du tale med de mennesker, du gerne vil.<\/p>\n<h2>Grunde til at bruge Chat Alternative-appen<\/h2>\n<h3>1. Giver brugerne mulighed for at chatte med andre anonymt<\/h3>\n<p>Den prim\u00e6re fordel ved Chat Alternative-appen er, at den giver brugerne mulighed for at chatte med andre anonymt uden at oprette en konto.<a href=\"https:\/\/nlcbplaywheresults.com\/\">.<\/a> Faktisk giver appen mulighed for blot at trykke p\u00e5 knappen, s\u00e5 en person nemt kan begynde at gennemse onlinebrugere. N\u00e5r du har tillid til, at den anden person aldrig vil finde ud af, hvem du er, er det det \u00f8jeblik, hvor du begynder at nyde online videochat.<\/p>\n<h3>2. Chat Alternative har de hurtigst indl\u00e6ste kameraer med den bedste kvalitet<\/h3>\n<p>Chat Alternative-appen kommer med den hurtigste indl\u00e6sning <a href=\"https:\/\/strangercam.com\/da\/camzey\/\">kameraer<\/a> der giver brugerne mulighed for at m\u00f8de flere mennesker p\u00e5 kort tid. Faktisk giver det mulighed for at m\u00f8de mange fremmede, der kan hj\u00e6lpe med at n\u00e5 m\u00e5l.<\/p>\n<p>Folk siger, at kvalitet ikke betyder noget, men det er ikke sandt. En video af god kvalitet er n\u00f8dvendig for at kommunikere effektivt. Du kan ikke kommunikere bedre med den person, der sidder i den anden ende, uden ordentlig videokvalitet.<\/p>\n<h4>V\u00e6lg det land, du \u00f8nsker<\/h4>\n<p>At v\u00e6lge det land, du \u00f8nsker, er den st\u00f8rste fordel ved denne chat-app. F\u00f8r du starter en videochat, kan du v\u00e6lge det land, du \u00f8nsker. N\u00e5r du v\u00e6lger landet, leder appens intelligente system dig hen til trafikken i det p\u00e5g\u00e6ldende land. Din sk\u00e6rm begynder til sidst at vise folk fra det p\u00e5g\u00e6ldende land. Du kan tale med de fremmede i det p\u00e5g\u00e6ldende land.<\/p>\n<p>S\u00e5 kan du v\u00e6lge de mennesker, du bedst kan lide. Tal med dem, som du vil. Vi giver dig funktioner til at booste din samtale. Hvis du synes, det er interessant, kan du forts\u00e6tte samtalen; hvis ikke, kan du springe videre til den n\u00e6ste!<\/p>\n<h4>Rapporter, hvis du oplever problemer<\/h4>\n<p>Den prim\u00e6re bekymring hos folk, der bruger online-chatplatforme, er privatlivets fred og problemer, hvis nogen g\u00f8r noget upassende. Det er f\u00f8rst og fremmest misforst\u00e5elser om online-chatplatforme. Hvis noget lignende sker i det virkelige liv, mens du bruger den online Chat Alternative-mobilapp, kan du rapportere det direkte til myndighederne.<\/p>\n<p>Det er en effektiv m\u00e5de at holde folk inden for gr\u00e6nserne p\u00e5, for n\u00e5r det bliver rapporteret, kan du ikke bruge platformen igen. Du vil blive blokeret for evigt.<\/p>\n<h3>3. Chat Alternative er helt gratis<\/h3>\n<p>Appen er helt gratis for brugerne, s\u00e5 de kan bringe deres sociale liv videre. Desuden bidrager den endnu mere til at chatte med andre om forskellige emner baseret p\u00e5 deres interesser. Den gratis videochattjeneste giver brugerne mulighed for at chatte i lang tid uden begr\u00e6nsninger.<\/p>\n<p>Der er ingen klodsede kontrakter og in-app-k\u00f8b. Det er gratis at bruge for alle og overalt!<\/p>\n<h3>4. Chat Alternative er sjovt<\/h3>\n<p>Der er flere og flere tilf\u00e6lde af depression efter covid-19-pandemien og nedlukningen. Alle har brug for en flugt. Det er vigtigt at genoplive den tabte energi og finde en ny kurs i livet. Du er velkommen til at tale med fremmede uden bekymringer.<\/p>\n<p>Chat alternative app giver dig en fantastisk mulighed for at slappe af i dit sind. Du kan chatte med fremmede for at slippe af med dine byrder. Tal med fremmede og del dine erfaringer med dem. Du kan ogs\u00e5 lytte til deres erfaringer og l\u00e6re af dem. Om ikke andet kan du tale om den seneste Netflix-s\u00e6son.<\/p>\n<h3>5. Giver mere sikkerhed<\/h3>\n<p>ChatAlternative-appen er den eneste app, der giver brugerne sikkerhedsfunktioner, n\u00e5r de vil interagere med andre. Det er den mest popul\u00e6re G-vurderede\u00a0<a href=\"https:\/\/strangercam.com\/da\/bazoocam\/\">cam<\/a> chattjeneste, der er tilg\u00e6ngelig p\u00e5 de markeder, der ikke besk\u00e6ftiger sig med grafik. Desuden giver appen folk mulighed for at g\u00e5 ind i et chatrum med mere beskyttelse. Mange teenagere nyder ogs\u00e5 at bruge tjenesten, hvilket giver dem mulighed for at sikre en bedre chatoplevelse.<\/p>\n<h2>Hvordan downloader jeg appen?<\/h2>\n<p>Brugerne kan downloade Chat Alternative-appen direkte fra Google Play-butikken og installere den p\u00e5 deres smartphones eller andre enheder i enkle trin. Appen giver brugerne mulighed for blot at trykke p\u00e5 startknappen og v\u00e6lge potentielle fremmede ud fra valgene. Derudover fungerer appen eksternt til at f\u00e5 venner efter behov. Det er muligt at kommunikere med andre hurtigere efter installation af appen. De, der \u00f8nsker at installere appen, b\u00f8r vide mere om kravene i detaljer.<\/p>\n<h2>Konklusion<\/h2>\n<p>Chat Alternative-mobilappen er en god mulighed for at tale med fremmede. Den er helt gratis for alle. Alt, hvad du beh\u00f8ver, er en aktiv internetforbindelse. V\u00e6lg sprog, v\u00e6lg region og v\u00e6lg det k\u00f8n, du er interesseret i, og s\u00e5 er du klar...! En fast privatlivspolitik sammen med en brugervenlig gr\u00e6nseflade g\u00f8r denne app fantastisk!<\/p>","protected":false},"excerpt":{"rendered":"<p>Chat Alternative mobile app is ideal for those who want to meet random strangers in various parts of the world with ease. It allows users to have a video chat with others from their homes. Moreover, the app finds thousands of new people daily to ensure the best experience. Another thing is that the app [&hellip;]<\/p>\n","protected":false},"author":6,"featured_media":559,"parent":0,"menu_order":0,"comment_status":"closed","ping_status":"closed","template":"","meta":{"footnotes":""},"class_list":["post-80","page","type-page","status-publish","has-post-thumbnail","hentry"],"yoast_head":"<!-- This site is optimized with the Yoast SEO plugin v26.9 - https:\/\/yoast.com\/product\/yoast-seo-wordpress\/ -->\n<title>Chat Alternative - Cam with Strangers on StrangerCam.com<\/title>\n<meta name=\"description\" content=\"Like Chat Alternative? Come chat with more than 5.000.000 strangers on Stranger Cam for Free! Turn on your cam and find new friends!\" \/>\n<meta name=\"robots\" content=\"index, follow, max-snippet:-1, max-image-preview:large, max-video-preview:-1\" \/>\n<link rel=\"canonical\" href=\"https:\/\/strangercam.com\/da\/chat-alternative\/\" \/>\n<meta property=\"og:locale\" content=\"da_DK\" \/>\n<meta property=\"og:type\" content=\"article\" \/>\n<meta property=\"og:title\" content=\"Chat Alternative - Cam with Strangers on StrangerCam.com\" \/>\n<meta property=\"og:description\" content=\"Like Chat Alternative? Come chat with more than 5.000.000 strangers on Stranger Cam for Free! Turn on your cam and find new friends!\" \/>\n<meta property=\"og:url\" content=\"https:\/\/strangercam.com\/da\/chat-alternative\/\" \/>\n<meta property=\"og:site_name\" content=\"Strangercam\" \/>\n<meta property=\"article:publisher\" content=\"https:\/\/www.facebook.com\/strangercam\" \/>\n<meta property=\"article:modified_time\" content=\"2023-08-21T09:40:39+00:00\" \/>\n<meta property=\"og:image\" content=\"https:\/\/strangercam.com\/wp-content\/uploads\/2020\/11\/stranger-cam-1.png\" \/>\n\t<meta property=\"og:image:width\" content=\"800\" \/>\n\t<meta property=\"og:image:height\" content=\"800\" \/>\n\t<meta property=\"og:image:type\" content=\"image\/png\" \/>\n<meta name=\"twitter:card\" content=\"summary_large_image\" \/>\n<meta name=\"twitter:site\" content=\"@strangercamapp\" \/>\n<meta name=\"twitter:label1\" content=\"Estimeret l\u00e6setid\" \/>\n\t<meta name=\"twitter:data1\" content=\"4 minutter\" \/>\n<script type=\"application\/ld+json\" class=\"yoast-schema-graph\">{\"@context\":\"https:\/\/schema.org\",\"@graph\":[{\"@type\":\"WebPage\",\"@id\":\"https:\/\/strangercam.com\/chat-alternative\/\",\"url\":\"https:\/\/strangercam.com\/chat-alternative\/\",\"name\":\"Chat Alternative - Cam with Strangers on StrangerCam.com\",\"isPartOf\":{\"@id\":\"https:\/\/strangercam.com\/#website\"},\"primaryImageOfPage\":{\"@id\":\"https:\/\/strangercam.com\/chat-alternative\/#primaryimage\"},\"image\":{\"@id\":\"https:\/\/strangercam.com\/chat-alternative\/#primaryimage\"},\"thumbnailUrl\":\"https:\/\/strangercam.com\/wp-content\/uploads\/2020\/11\/stranger-cam-1.png\",\"datePublished\":\"2020-04-09T16:35:29+00:00\",\"dateModified\":\"2023-08-21T09:40:39+00:00\",\"description\":\"Like Chat Alternative? Come chat with more than 5.000.000 strangers on Stranger Cam for Free! Turn on your cam and find new friends!\",\"breadcrumb\":{\"@id\":\"https:\/\/strangercam.com\/chat-alternative\/#breadcrumb\"},\"inLanguage\":\"da-DK\",\"potentialAction\":[{\"@type\":\"ReadAction\",\"target\":[\"https:\/\/strangercam.com\/chat-alternative\/\"]}]},{\"@type\":\"ImageObject\",\"inLanguage\":\"da-DK\",\"@id\":\"https:\/\/strangercam.com\/chat-alternative\/#primaryimage\",\"url\":\"https:\/\/strangercam.com\/wp-content\/uploads\/2020\/11\/stranger-cam-1.png\",\"contentUrl\":\"https:\/\/strangercam.com\/wp-content\/uploads\/2020\/11\/stranger-cam-1.png\",\"width\":800,\"height\":800,\"caption\":\"stranger cam random video chat\"},{\"@type\":\"BreadcrumbList\",\"@id\":\"https:\/\/strangercam.com\/chat-alternative\/#breadcrumb\",\"itemListElement\":[{\"@type\":\"ListItem\",\"position\":1,\"name\":\"Home\",\"item\":\"https:\/\/strangercam.com\/\"},{\"@type\":\"ListItem\",\"position\":2,\"name\":\"Chat Alternative\"}]},{\"@type\":\"WebSite\",\"@id\":\"https:\/\/strangercam.com\/#website\",\"url\":\"https:\/\/strangercam.com\/\",\"name\":\"Strangercam\",\"description\":\"Random Video Chat with Strangers\",\"publisher\":{\"@id\":\"https:\/\/strangercam.com\/#organization\"},\"alternateName\":\"Strangercam.com\",\"potentialAction\":[{\"@type\":\"SearchAction\",\"target\":{\"@type\":\"EntryPoint\",\"urlTemplate\":\"https:\/\/strangercam.com\/?s={search_term_string}\"},\"query-input\":{\"@type\":\"PropertyValueSpecification\",\"valueRequired\":true,\"valueName\":\"search_term_string\"}}],\"inLanguage\":\"da-DK\"},{\"@type\":\"Organization\",\"@id\":\"https:\/\/strangercam.com\/#organization\",\"name\":\"Strangercam\",\"alternateName\":\"Strangercam.com\",\"url\":\"https:\/\/strangercam.com\/\",\"logo\":{\"@type\":\"ImageObject\",\"inLanguage\":\"da-DK\",\"@id\":\"https:\/\/strangercam.com\/#\/schema\/logo\/image\/\",\"url\":\"https:\/\/strangercam.com\/wp-content\/uploads\/2020\/11\/cropped-new-favicon-black.png\",\"contentUrl\":\"https:\/\/strangercam.com\/wp-content\/uploads\/2020\/11\/cropped-new-favicon-black.png\",\"width\":512,\"height\":512,\"caption\":\"Strangercam\"},\"image\":{\"@id\":\"https:\/\/strangercam.com\/#\/schema\/logo\/image\/\"},\"sameAs\":[\"https:\/\/www.facebook.com\/strangercam\",\"https:\/\/x.com\/strangercamapp\"]}]}<\/script>\n<!-- \/ Yoast SEO plugin. -->","yoast_head_json":{"title":"Chat Alternative - Cam med fremmede p\u00e5 StrangerCam.com","description":"Kan du lide Chat Alternative? Kom og chat med mere end 5.000.000 fremmede p\u00e5 Stranger Cam helt gratis! T\u00e6nd for dit kamera, og find nye venner!","robots":{"index":"index","follow":"follow","max-snippet":"max-snippet:-1","max-image-preview":"max-image-preview:large","max-video-preview":"max-video-preview:-1"},"canonical":"https:\/\/strangercam.com\/da\/chat-alternative\/","og_locale":"da_DK","og_type":"article","og_title":"Chat Alternative - Cam with Strangers on StrangerCam.com","og_description":"Like Chat Alternative? Come chat with more than 5.000.000 strangers on Stranger Cam for Free! Turn on your cam and find new friends!","og_url":"https:\/\/strangercam.com\/da\/chat-alternative\/","og_site_name":"Strangercam","article_publisher":"https:\/\/www.facebook.com\/strangercam","article_modified_time":"2023-08-21T09:40:39+00:00","og_image":[{"width":800,"height":800,"url":"https:\/\/strangercam.com\/wp-content\/uploads\/2020\/11\/stranger-cam-1.png","type":"image\/png"}],"twitter_card":"summary_large_image","twitter_site":"@strangercamapp","twitter_misc":{"Estimeret l\u00e6setid":"4 minutter"},"schema":{"@context":"https:\/\/schema.org","@graph":[{"@type":"WebPage","@id":"https:\/\/strangercam.com\/chat-alternative\/","url":"https:\/\/strangercam.com\/chat-alternative\/","name":"Chat Alternative - Cam med fremmede p\u00e5 StrangerCam.com","isPartOf":{"@id":"https:\/\/strangercam.com\/#website"},"primaryImageOfPage":{"@id":"https:\/\/strangercam.com\/chat-alternative\/#primaryimage"},"image":{"@id":"https:\/\/strangercam.com\/chat-alternative\/#primaryimage"},"thumbnailUrl":"https:\/\/strangercam.com\/wp-content\/uploads\/2020\/11\/stranger-cam-1.png","datePublished":"2020-04-09T16:35:29+00:00","dateModified":"2023-08-21T09:40:39+00:00","description":"Kan du lide Chat Alternative? Kom og chat med mere end 5.000.000 fremmede p\u00e5 Stranger Cam helt gratis! T\u00e6nd for dit kamera, og find nye venner!","breadcrumb":{"@id":"https:\/\/strangercam.com\/chat-alternative\/#breadcrumb"},"inLanguage":"da-DK","potentialAction":[{"@type":"ReadAction","target":["https:\/\/strangercam.com\/chat-alternative\/"]}]},{"@type":"ImageObject","inLanguage":"da-DK","@id":"https:\/\/strangercam.com\/chat-alternative\/#primaryimage","url":"https:\/\/strangercam.com\/wp-content\/uploads\/2020\/11\/stranger-cam-1.png","contentUrl":"https:\/\/strangercam.com\/wp-content\/uploads\/2020\/11\/stranger-cam-1.png","width":800,"height":800,"caption":"stranger cam random video chat"},{"@type":"BreadcrumbList","@id":"https:\/\/strangercam.com\/chat-alternative\/#breadcrumb","itemListElement":[{"@type":"ListItem","position":1,"name":"Home","item":"https:\/\/strangercam.com\/"},{"@type":"ListItem","position":2,"name":"Chat Alternative"}]},{"@type":"WebSite","@id":"https:\/\/strangercam.com\/#website","url":"https:\/\/strangercam.com\/","name":"Strangercam","description":"Tilf\u00e6ldig videochat med fremmede","publisher":{"@id":"https:\/\/strangercam.com\/#organization"},"alternateName":"Strangercam.com","potentialAction":[{"@type":"SearchAction","target":{"@type":"EntryPoint","urlTemplate":"https:\/\/strangercam.com\/?s={search_term_string}"},"query-input":{"@type":"PropertyValueSpecification","valueRequired":true,"valueName":"search_term_string"}}],"inLanguage":"da-DK"},{"@type":"Organization","@id":"https:\/\/strangercam.com\/#organization","name":"Strangercam","alternateName":"Strangercam.com","url":"https:\/\/strangercam.com\/","logo":{"@type":"ImageObject","inLanguage":"da-DK","@id":"https:\/\/strangercam.com\/#\/schema\/logo\/image\/","url":"https:\/\/strangercam.com\/wp-content\/uploads\/2020\/11\/cropped-new-favicon-black.png","contentUrl":"https:\/\/strangercam.com\/wp-content\/uploads\/2020\/11\/cropped-new-favicon-black.png","width":512,"height":512,"caption":"Strangercam"},"image":{"@id":"https:\/\/strangercam.com\/#\/schema\/logo\/image\/"},"sameAs":["https:\/\/www.facebook.com\/strangercam","https:\/\/x.com\/strangercamapp"]}]}},"_links":{"self":[{"href":"https:\/\/strangercam.com\/da\/wp-json\/wp\/v2\/pages\/80","targetHints":{"allow":["GET"]}}],"collection":[{"href":"https:\/\/strangercam.com\/da\/wp-json\/wp\/v2\/pages"}],"about":[{"href":"https:\/\/strangercam.com\/da\/wp-json\/wp\/v2\/types\/page"}],"author":[{"embeddable":true,"href":"https:\/\/strangercam.com\/da\/wp-json\/wp\/v2\/users\/6"}],"replies":[{"embeddable":true,"href":"https:\/\/strangercam.com\/da\/wp-json\/wp\/v2\/comments?post=80"}],"version-history":[{"count":0,"href":"https:\/\/strangercam.com\/da\/wp-json\/wp\/v2\/pages\/80\/revisions"}],"wp:featuredmedia":[{"embeddable":true,"href":"https:\/\/strangercam.com\/da\/wp-json\/wp\/v2\/media\/559"}],"wp:attachment":[{"href":"https:\/\/strangercam.com\/da\/wp-json\/wp\/v2\/media?parent=80"}],"curies":[{"name":"wp","href":"https:\/\/api.w.org\/{rel}","templated":true}]}}