{"id":7627,"date":"2021-09-09T14:07:26","date_gmt":"2021-09-09T12:07:26","guid":{"rendered":"https:\/\/strangercam.com\/?page_id=7627"},"modified":"2023-08-21T11:40:39","modified_gmt":"2023-08-21T09:40:39","slug":"chateasy","status":"publish","type":"page","link":"https:\/\/strangercam.com\/da\/chateasy\/","title":{"rendered":"Chateasy"},"content":{"rendered":"<h2>Hvad er fordelene og funktionerne ved Chateasy?<\/h2>\n<p>Fremkomsten af h\u00f8jhastighedsinternet og mange <a href=\"https:\/\/strangercam.com\/da\/chatingly\/\">Chatter<\/a> portaler har fuldst\u00e6ndig \u00e6ndret, hvordan folk interagerer med <a href=\"https:\/\/strangercam.com\/da\/1v1-chat\/\">en<\/a> en anden. I dag kan man se, at folk har mere travlt med deres smartphones end med at chatte med andre. Online-chat har mange fordele. Det giver dig mulighed for at m\u00f8de mennesker med samme interesser, booster din selvtillid og giver dig mulighed for at v\u00e6re sammen med dine n\u00e6re og k\u00e6re. Teenagere i den kvalificerede alder og voksne kan nyde godt af de fordele, der tilbydes af <b>let som en leg<\/b>. Men du skal tage passende forholdsregler for at v\u00e6re sikker.<\/p>\n<p><i>Fordele ved at chatte online<\/i><\/p>\n<ul>\n<li style=\"font-weight: 400;\" aria-level=\"1\"><a href=\"https:\/\/strangercam.com\/da\/coomeet\/\">M\u00f8des<\/a> nye mennesker: Dette er en af de mest \u00e5benlyse fordele ved online chat-portaler. Du kan m\u00f8de dem online, n\u00e5r du vil, og n\u00e5r som helst p\u00e5 dagen eller natten. Du kan ogs\u00e5 v\u00e6lge en hvilken som helst portal efter eget valg og interessegruppe. Det bedste er, at du kan n\u00e5 dette m\u00e5l uden at skulle forlade dit hjem. Du skal blot bruge din b\u00e6rbare computer eller telefon til at komme i kontakt med andre gennem <b>let som en leg<\/b>.<\/li>\n<li style=\"font-weight: 400;\" aria-level=\"1\">Selvv\u00e6rd og selvtillid: At chatte med fremmede online \u00f8ger dit selvv\u00e6rd og din selvtillid. Det g\u00e6lder i endnu h\u00f8jere grad, hvis du har et knust hjerte og f\u00f8ler dig ensom. Nogle f\u00e5 betragter onlinechat som et plaster p\u00e5 s\u00e5ret. Nogle fremmede kan hj\u00e6lpe dig med at f\u00e5 det vidunderlige smil tilbage, som du m\u00e5ske har mistet efter en skilsmisse eller en elskedes d\u00f8d.<\/li>\n<li style=\"font-weight: 400;\" aria-level=\"1\">Hold kontakten ved lige: Der er meget store chancer for at udvikle gode relationer gennem <b>let som en leg<\/b>. Det betyder, at du kan blive venner med personer i alle aldre og af alle k\u00f8n fra alle dele af verden. Onlineportaler giver dig mulighed for at holde forbindelsen hjemmefra eller endda, n\u00e5r du er p\u00e5 farten. Du skal bare have adgang til en smartphone og en internetforbindelse sammen med et gyldigt ID for at f\u00e5 adgang til din konto p\u00e5 onlineportalen. Du kan <a href=\"https:\/\/strangercam.com\/da\/chatroulette\/\">chat<\/a> i flere timer uden at skulle bekymre sig om lange regninger. Sandheden er, at moderne teknologi har gjort afstandene kortere.<\/li>\n<li style=\"font-weight: 400;\" aria-level=\"1\">Kom i kontakt med folk, der har samme interesser: Hvis du s\u00f8ger lidt, vil du helt sikkert st\u00f8de p\u00e5 mange sociale netv\u00e6rkssider med forskellige kategorier. De giver dig mulighed for <a href=\"https:\/\/strangercam.com\/da\/only2chat\/\">for at chatte<\/a> afh\u00e6ngigt af dine specifikke interesser. Det omfatter ogs\u00e5 sportsfora, indsamlingsfora, g\u00f8r-det-selv-fora, forretningsfora osv. Listen er simpelthen uendelig, og det er mulighederne ogs\u00e5. Du kan v\u00e6lge alt efter dit aktuelle hum\u00f8r.<\/li>\n<\/ul>\n<p>F\u00e5 forbindelse til <b>let som en leg<\/b> giver dig mulighed for at f\u00e5 ny viden, teknikker og information, som interesserer dig.<\/p>","protected":false},"excerpt":{"rendered":"<p>What benefits are the benefits and features of Chateasy? The advent of high speed internet and numerous chatting portals have completely changed how people interact with one another. These days, people can be seen to be busier with their smartphones charting with others. Online chatting does offer numerous benefits. It allows you to come across [&hellip;]<\/p>\n","protected":false},"author":6,"featured_media":559,"parent":0,"menu_order":0,"comment_status":"closed","ping_status":"closed","template":"","meta":{"footnotes":""},"class_list":["post-7627","page","type-page","status-publish","has-post-thumbnail","hentry"],"yoast_head":"<!-- This site is optimized with the Yoast SEO plugin v27.4 - https:\/\/yoast.com\/product\/yoast-seo-wordpress\/ -->\n<title>Chateasy - Anonymous Chat For Two - Cam on StrangerCam.com<\/title>\n<meta name=\"description\" content=\"Like Chateasy? Come chat with more than 5.000.000 strangers on Stranger Cam for Free! Turn on your cam and find new friends &amp; maby a match!\" \/>\n<meta name=\"robots\" content=\"index, follow, max-snippet:-1, max-image-preview:large, max-video-preview:-1\" \/>\n<link rel=\"canonical\" href=\"https:\/\/strangercam.com\/da\/chateasy\/\" \/>\n<meta property=\"og:locale\" content=\"da_DK\" \/>\n<meta property=\"og:type\" content=\"article\" \/>\n<meta property=\"og:title\" content=\"Chateasy - Anonymous Chat For Two - Cam on StrangerCam.com\" \/>\n<meta property=\"og:description\" content=\"Like Chateasy? Come chat with more than 5.000.000 strangers on Stranger Cam for Free! Turn on your cam and find new friends &amp; maby a match!\" \/>\n<meta property=\"og:url\" content=\"https:\/\/strangercam.com\/da\/chateasy\/\" \/>\n<meta property=\"og:site_name\" content=\"Strangercam\" \/>\n<meta property=\"article:publisher\" content=\"https:\/\/www.facebook.com\/strangercam\" \/>\n<meta property=\"article:modified_time\" content=\"2023-08-21T09:40:39+00:00\" \/>\n<meta property=\"og:image\" content=\"https:\/\/strangercam.com\/wp-content\/uploads\/2020\/11\/stranger-cam-1.png\" \/>\n\t<meta property=\"og:image:width\" content=\"800\" \/>\n\t<meta property=\"og:image:height\" content=\"800\" \/>\n\t<meta property=\"og:image:type\" content=\"image\/png\" \/>\n<meta name=\"twitter:card\" content=\"summary_large_image\" \/>\n<meta name=\"twitter:site\" content=\"@strangercamapp\" \/>\n<meta name=\"twitter:label1\" content=\"Estimeret l\u00e6setid\" \/>\n\t<meta name=\"twitter:data1\" content=\"2 minutter\" \/>\n<script type=\"application\/ld+json\" class=\"yoast-schema-graph\">{\"@context\":\"https:\\\/\\\/schema.org\",\"@graph\":[{\"@type\":\"WebPage\",\"@id\":\"https:\\\/\\\/strangercam.com\\\/chateasy\\\/\",\"url\":\"https:\\\/\\\/strangercam.com\\\/chateasy\\\/\",\"name\":\"Chateasy - Anonymous Chat For Two - Cam on StrangerCam.com\",\"isPartOf\":{\"@id\":\"https:\\\/\\\/strangercam.com\\\/#website\"},\"primaryImageOfPage\":{\"@id\":\"https:\\\/\\\/strangercam.com\\\/chateasy\\\/#primaryimage\"},\"image\":{\"@id\":\"https:\\\/\\\/strangercam.com\\\/chateasy\\\/#primaryimage\"},\"thumbnailUrl\":\"https:\\\/\\\/strangercam.com\\\/wp-content\\\/uploads\\\/2020\\\/11\\\/stranger-cam-1.png\",\"datePublished\":\"2021-09-09T12:07:26+00:00\",\"dateModified\":\"2023-08-21T09:40:39+00:00\",\"description\":\"Like Chateasy? Come chat with more than 5.000.000 strangers on Stranger Cam for Free! Turn on your cam and find new friends & maby a match!\",\"breadcrumb\":{\"@id\":\"https:\\\/\\\/strangercam.com\\\/chateasy\\\/#breadcrumb\"},\"inLanguage\":\"da-DK\",\"potentialAction\":[{\"@type\":\"ReadAction\",\"target\":[\"https:\\\/\\\/strangercam.com\\\/chateasy\\\/\"]}]},{\"@type\":\"ImageObject\",\"inLanguage\":\"da-DK\",\"@id\":\"https:\\\/\\\/strangercam.com\\\/chateasy\\\/#primaryimage\",\"url\":\"https:\\\/\\\/strangercam.com\\\/wp-content\\\/uploads\\\/2020\\\/11\\\/stranger-cam-1.png\",\"contentUrl\":\"https:\\\/\\\/strangercam.com\\\/wp-content\\\/uploads\\\/2020\\\/11\\\/stranger-cam-1.png\",\"width\":800,\"height\":800,\"caption\":\"stranger cam random video chat\"},{\"@type\":\"BreadcrumbList\",\"@id\":\"https:\\\/\\\/strangercam.com\\\/chateasy\\\/#breadcrumb\",\"itemListElement\":[{\"@type\":\"ListItem\",\"position\":1,\"name\":\"Home\",\"item\":\"https:\\\/\\\/strangercam.com\\\/\"},{\"@type\":\"ListItem\",\"position\":2,\"name\":\"Chateasy\"}]},{\"@type\":\"WebSite\",\"@id\":\"https:\\\/\\\/strangercam.com\\\/#website\",\"url\":\"https:\\\/\\\/strangercam.com\\\/\",\"name\":\"Strangercam\",\"description\":\"Random Video Chat with Strangers\",\"publisher\":{\"@id\":\"https:\\\/\\\/strangercam.com\\\/#organization\"},\"alternateName\":\"Strangercam.com\",\"potentialAction\":[{\"@type\":\"SearchAction\",\"target\":{\"@type\":\"EntryPoint\",\"urlTemplate\":\"https:\\\/\\\/strangercam.com\\\/?s={search_term_string}\"},\"query-input\":{\"@type\":\"PropertyValueSpecification\",\"valueRequired\":true,\"valueName\":\"search_term_string\"}}],\"inLanguage\":\"da-DK\"},{\"@type\":\"Organization\",\"@id\":\"https:\\\/\\\/strangercam.com\\\/#organization\",\"name\":\"Strangercam\",\"alternateName\":\"Strangercam.com\",\"url\":\"https:\\\/\\\/strangercam.com\\\/\",\"logo\":{\"@type\":\"ImageObject\",\"inLanguage\":\"da-DK\",\"@id\":\"https:\\\/\\\/strangercam.com\\\/#\\\/schema\\\/logo\\\/image\\\/\",\"url\":\"https:\\\/\\\/strangercam.com\\\/wp-content\\\/uploads\\\/2020\\\/11\\\/cropped-new-favicon-black.png\",\"contentUrl\":\"https:\\\/\\\/strangercam.com\\\/wp-content\\\/uploads\\\/2020\\\/11\\\/cropped-new-favicon-black.png\",\"width\":512,\"height\":512,\"caption\":\"Strangercam\"},\"image\":{\"@id\":\"https:\\\/\\\/strangercam.com\\\/#\\\/schema\\\/logo\\\/image\\\/\"},\"sameAs\":[\"https:\\\/\\\/www.facebook.com\\\/strangercam\",\"https:\\\/\\\/x.com\\\/strangercamapp\"]}]}<\/script>\n<!-- \/ Yoast SEO plugin. -->","yoast_head_json":{"title":"Chateasy - Anonym chat for to - Cam p\u00e5 StrangerCam.com","description":"Kan du lide Chateasy? Kom og chat med mere end 5.000.000 fremmede p\u00e5 Stranger Cam helt gratis! T\u00e6nd for dit kamera og find nye venner og m\u00e5ske et match!","robots":{"index":"index","follow":"follow","max-snippet":"max-snippet:-1","max-image-preview":"max-image-preview:large","max-video-preview":"max-video-preview:-1"},"canonical":"https:\/\/strangercam.com\/da\/chateasy\/","og_locale":"da_DK","og_type":"article","og_title":"Chateasy - Anonymous Chat For Two - Cam on StrangerCam.com","og_description":"Like Chateasy? Come chat with more than 5.000.000 strangers on Stranger Cam for Free! Turn on your cam and find new friends & maby a match!","og_url":"https:\/\/strangercam.com\/da\/chateasy\/","og_site_name":"Strangercam","article_publisher":"https:\/\/www.facebook.com\/strangercam","article_modified_time":"2023-08-21T09:40:39+00:00","og_image":[{"width":800,"height":800,"url":"https:\/\/strangercam.com\/wp-content\/uploads\/2020\/11\/stranger-cam-1.png","type":"image\/png"}],"twitter_card":"summary_large_image","twitter_site":"@strangercamapp","twitter_misc":{"Estimeret l\u00e6setid":"2 minutter"},"schema":{"@context":"https:\/\/schema.org","@graph":[{"@type":"WebPage","@id":"https:\/\/strangercam.com\/chateasy\/","url":"https:\/\/strangercam.com\/chateasy\/","name":"Chateasy - Anonym chat for to - Cam p\u00e5 StrangerCam.com","isPartOf":{"@id":"https:\/\/strangercam.com\/#website"},"primaryImageOfPage":{"@id":"https:\/\/strangercam.com\/chateasy\/#primaryimage"},"image":{"@id":"https:\/\/strangercam.com\/chateasy\/#primaryimage"},"thumbnailUrl":"https:\/\/strangercam.com\/wp-content\/uploads\/2020\/11\/stranger-cam-1.png","datePublished":"2021-09-09T12:07:26+00:00","dateModified":"2023-08-21T09:40:39+00:00","description":"Kan du lide Chateasy? Kom og chat med mere end 5.000.000 fremmede p\u00e5 Stranger Cam helt gratis! T\u00e6nd for dit kamera og find nye venner og m\u00e5ske et match!","breadcrumb":{"@id":"https:\/\/strangercam.com\/chateasy\/#breadcrumb"},"inLanguage":"da-DK","potentialAction":[{"@type":"ReadAction","target":["https:\/\/strangercam.com\/chateasy\/"]}]},{"@type":"ImageObject","inLanguage":"da-DK","@id":"https:\/\/strangercam.com\/chateasy\/#primaryimage","url":"https:\/\/strangercam.com\/wp-content\/uploads\/2020\/11\/stranger-cam-1.png","contentUrl":"https:\/\/strangercam.com\/wp-content\/uploads\/2020\/11\/stranger-cam-1.png","width":800,"height":800,"caption":"stranger cam random video chat"},{"@type":"BreadcrumbList","@id":"https:\/\/strangercam.com\/chateasy\/#breadcrumb","itemListElement":[{"@type":"ListItem","position":1,"name":"Home","item":"https:\/\/strangercam.com\/"},{"@type":"ListItem","position":2,"name":"Chateasy"}]},{"@type":"WebSite","@id":"https:\/\/strangercam.com\/#website","url":"https:\/\/strangercam.com\/","name":"Strangercam","description":"Tilf\u00e6ldig videochat med fremmede","publisher":{"@id":"https:\/\/strangercam.com\/#organization"},"alternateName":"Strangercam.com","potentialAction":[{"@type":"SearchAction","target":{"@type":"EntryPoint","urlTemplate":"https:\/\/strangercam.com\/?s={search_term_string}"},"query-input":{"@type":"PropertyValueSpecification","valueRequired":true,"valueName":"search_term_string"}}],"inLanguage":"da-DK"},{"@type":"Organization","@id":"https:\/\/strangercam.com\/#organization","name":"Strangercam","alternateName":"Strangercam.com","url":"https:\/\/strangercam.com\/","logo":{"@type":"ImageObject","inLanguage":"da-DK","@id":"https:\/\/strangercam.com\/#\/schema\/logo\/image\/","url":"https:\/\/strangercam.com\/wp-content\/uploads\/2020\/11\/cropped-new-favicon-black.png","contentUrl":"https:\/\/strangercam.com\/wp-content\/uploads\/2020\/11\/cropped-new-favicon-black.png","width":512,"height":512,"caption":"Strangercam"},"image":{"@id":"https:\/\/strangercam.com\/#\/schema\/logo\/image\/"},"sameAs":["https:\/\/www.facebook.com\/strangercam","https:\/\/x.com\/strangercamapp"]}]}},"_links":{"self":[{"href":"https:\/\/strangercam.com\/da\/wp-json\/wp\/v2\/pages\/7627","targetHints":{"allow":["GET"]}}],"collection":[{"href":"https:\/\/strangercam.com\/da\/wp-json\/wp\/v2\/pages"}],"about":[{"href":"https:\/\/strangercam.com\/da\/wp-json\/wp\/v2\/types\/page"}],"author":[{"embeddable":true,"href":"https:\/\/strangercam.com\/da\/wp-json\/wp\/v2\/users\/6"}],"replies":[{"embeddable":true,"href":"https:\/\/strangercam.com\/da\/wp-json\/wp\/v2\/comments?post=7627"}],"version-history":[{"count":0,"href":"https:\/\/strangercam.com\/da\/wp-json\/wp\/v2\/pages\/7627\/revisions"}],"wp:featuredmedia":[{"embeddable":true,"href":"https:\/\/strangercam.com\/da\/wp-json\/wp\/v2\/media\/559"}],"wp:attachment":[{"href":"https:\/\/strangercam.com\/da\/wp-json\/wp\/v2\/media?parent=7627"}],"curies":[{"name":"wp","href":"https:\/\/api.w.org\/{rel}","templated":true}]}}