{"id":5290,"date":"2021-06-20T15:01:12","date_gmt":"2021-06-20T13:01:12","guid":{"rendered":"https:\/\/strangercam.com\/?page_id=5290"},"modified":"2023-08-21T11:40:39","modified_gmt":"2023-08-21T09:40:39","slug":"chat42","status":"publish","type":"page","link":"https:\/\/strangercam.com\/da\/chat42\/","title":{"rendered":"Chat42"},"content":{"rendered":"<p>At m\u00f8de fremmede p\u00e5 et nyt sted bliver nu nemt. <a href=\"https:\/\/strangercam.com\/da\/1v1-chat\/\">en<\/a> i disse dage p\u00e5 grund af de tekniske fremskridt. Selvom der er flere hjemmesider til r\u00e5dighed til dette form\u00e5l, b\u00f8r man evaluere dem for at f\u00e5 flere ideer. Desuden vil det hj\u00e6lpe meget med at v\u00e6lge det bedste websted, der opfylder brugernes krav. Chat42 er en online <a href=\"https:\/\/strangercam.com\/da\/chatingly\/\">Chatter<\/a> hjemmeside, der g\u00f8r det muligt for en person at komme i kontakt med andre s\u00e5 hurtigt som muligt. Denne anonyme <a href=\"https:\/\/strangercam.com\/da\/chatroulette\/\">chat<\/a> websted giver m\u00e5der at finde singler p\u00e5 et sted med lethed ved at im\u00f8dekomme medlemmernes v\u00e6sentlige behov.<\/p>\n<h2>Hvad er funktionerne i Chat42?<\/h2>\n<p>Det er en <a href=\"https:\/\/strangercam.com\/da\/chat4free\/\">gratis<\/a> hjemmeside, der ikke kr\u00e6ver nogen registrering eller tilmeldingsproces. Brugerne kan indtaste deres navn og begynde at chatte med andre s\u00e5 hurtigt som muligt. Hjemmesiden giver mulighed for at dele billeder, n\u00e5r man har indtastet sit brugernavn. Chat42 giver brugerne mulighed for at kontakte to personer udelukkende via tekstbeskeder. En anden ting ved webstedet er, at det tilbyder en \u201crapport\u201d-funktion, der baner vej for at rapportere voldelige brugere. Man kan endda blokere voldelige brugere for at undg\u00e5 u\u00f8nskede problemer og andre ting. Enhver, der \u00f8nsker at udforske variationer af <a href=\"https:\/\/strangercam.com\/da\/fremmed-chat\/\">Fremmed chat<\/a> medlemmer kan f\u00e5 meget ud af denne hjemmeside.<\/p>\n<h3>Er Chat42 sikkert for teenagere?<\/h3>\n<p>Hjemmesiden er kun egnet til voksne, der \u00f8nsker at skabe langdistanceforhold med andre hurtigt. P\u00e5 den anden side er det ikke sikkert for teenagere, og de b\u00f8r holde sig v\u00e6k fra dette websted. Bortset fra det har den en lydfunktion, der giver nye brugere mulighed for at sl\u00e5 nye beskeder til eller fra. De, der \u00f8nsker at tale med fremmede, kan bruge denne platform, der i h\u00f8j grad vil hj\u00e6lpe med at n\u00e5 deres m\u00e5l. Chat42 er et perfekt sted for folk, der leder efter nye venner med f\u00e6lles interesser. Det hj\u00e6lper med at komme i kontakt med fremmede p\u00e5 et sted, der giver mulighed for at skabe et b\u00e5nd med dem tilf\u00e6ldigt.<\/p>\n<h3>Er Chat42 v\u00e6rd at bruge?<\/h3>\n<p>Selvom Chat42 ikke har mange funktioner, giver hjemmesiden brugerne mulighed for at chatte med andre uden problemer. Det er dog n\u00f8dvendigt at l\u00e6se vilk\u00e5rene og betingelserne i detaljer, f\u00f8r du bruger websiden. App-versionen er tilg\u00e6ngelig for brugere, og de kan downloade den samme p\u00e5 deres mobiltelefoner. Det g\u00f8r det muligt at s\u00f8ge efter detaljer om m\u00e6nd og kvinder p\u00e5 et sted anonymt, der hj\u00e6lper med at vokse relationer med dem. Samtidig b\u00f8r man l\u00e6se anmeldelser online, som giver m\u00e5der at tr\u00e6ffe den rigtige beslutning p\u00e5.<\/p>","protected":false},"excerpt":{"rendered":"<p>Meeting strangers in a new location now becomes an easy one these days due to the technical advancements. Although there are several websites available for this purpose, one should evaluate them for getting more ideas. Moreover, it will help a lot to pick the best website which satisfies the requirements of users. Chat42 is an [&hellip;]<\/p>\n","protected":false},"author":6,"featured_media":559,"parent":0,"menu_order":0,"comment_status":"closed","ping_status":"closed","template":"","meta":{"footnotes":""},"class_list":["post-5290","page","type-page","status-publish","has-post-thumbnail","hentry"],"yoast_head":"<!-- This site is optimized with the Yoast SEO plugin v26.9 - https:\/\/yoast.com\/product\/yoast-seo-wordpress\/ -->\n<title>Chat42 - Anonymous Chat For Two - Cam on StrangerCam.com<\/title>\n<meta name=\"description\" content=\"Like Chat42? Come chat with more than 5.000.000 strangers on Stranger Cam for Free! Turn on your cam and find new friends &amp; maby a match!\" \/>\n<meta name=\"robots\" content=\"index, follow, max-snippet:-1, max-image-preview:large, max-video-preview:-1\" \/>\n<link rel=\"canonical\" href=\"https:\/\/strangercam.com\/da\/chat42\/\" \/>\n<meta property=\"og:locale\" content=\"da_DK\" \/>\n<meta property=\"og:type\" content=\"article\" \/>\n<meta property=\"og:title\" content=\"Chat42 - Anonymous Chat For Two - Cam on StrangerCam.com\" \/>\n<meta property=\"og:description\" content=\"Like Chat42? Come chat with more than 5.000.000 strangers on Stranger Cam for Free! Turn on your cam and find new friends &amp; maby a match!\" \/>\n<meta property=\"og:url\" content=\"https:\/\/strangercam.com\/da\/chat42\/\" \/>\n<meta property=\"og:site_name\" content=\"Strangercam\" \/>\n<meta property=\"article:publisher\" content=\"https:\/\/www.facebook.com\/strangercam\" \/>\n<meta property=\"article:modified_time\" content=\"2023-08-21T09:40:39+00:00\" \/>\n<meta property=\"og:image\" content=\"https:\/\/strangercam.com\/wp-content\/uploads\/2020\/11\/stranger-cam-1.png\" \/>\n\t<meta property=\"og:image:width\" content=\"800\" \/>\n\t<meta property=\"og:image:height\" content=\"800\" \/>\n\t<meta property=\"og:image:type\" content=\"image\/png\" \/>\n<meta name=\"twitter:card\" content=\"summary_large_image\" \/>\n<meta name=\"twitter:site\" content=\"@strangercamapp\" \/>\n<meta name=\"twitter:label1\" content=\"Estimeret l\u00e6setid\" \/>\n\t<meta name=\"twitter:data1\" content=\"2 minutter\" \/>\n<script type=\"application\/ld+json\" class=\"yoast-schema-graph\">{\"@context\":\"https:\/\/schema.org\",\"@graph\":[{\"@type\":\"WebPage\",\"@id\":\"https:\/\/strangercam.com\/chat42\/\",\"url\":\"https:\/\/strangercam.com\/chat42\/\",\"name\":\"Chat42 - Anonymous Chat For Two - Cam on StrangerCam.com\",\"isPartOf\":{\"@id\":\"https:\/\/strangercam.com\/#website\"},\"primaryImageOfPage\":{\"@id\":\"https:\/\/strangercam.com\/chat42\/#primaryimage\"},\"image\":{\"@id\":\"https:\/\/strangercam.com\/chat42\/#primaryimage\"},\"thumbnailUrl\":\"https:\/\/strangercam.com\/wp-content\/uploads\/2020\/11\/stranger-cam-1.png\",\"datePublished\":\"2021-06-20T13:01:12+00:00\",\"dateModified\":\"2023-08-21T09:40:39+00:00\",\"description\":\"Like Chat42? Come chat with more than 5.000.000 strangers on Stranger Cam for Free! Turn on your cam and find new friends & maby a match!\",\"breadcrumb\":{\"@id\":\"https:\/\/strangercam.com\/chat42\/#breadcrumb\"},\"inLanguage\":\"da-DK\",\"potentialAction\":[{\"@type\":\"ReadAction\",\"target\":[\"https:\/\/strangercam.com\/chat42\/\"]}]},{\"@type\":\"ImageObject\",\"inLanguage\":\"da-DK\",\"@id\":\"https:\/\/strangercam.com\/chat42\/#primaryimage\",\"url\":\"https:\/\/strangercam.com\/wp-content\/uploads\/2020\/11\/stranger-cam-1.png\",\"contentUrl\":\"https:\/\/strangercam.com\/wp-content\/uploads\/2020\/11\/stranger-cam-1.png\",\"width\":800,\"height\":800,\"caption\":\"stranger cam random video chat\"},{\"@type\":\"BreadcrumbList\",\"@id\":\"https:\/\/strangercam.com\/chat42\/#breadcrumb\",\"itemListElement\":[{\"@type\":\"ListItem\",\"position\":1,\"name\":\"Home\",\"item\":\"https:\/\/strangercam.com\/\"},{\"@type\":\"ListItem\",\"position\":2,\"name\":\"Chat42\"}]},{\"@type\":\"WebSite\",\"@id\":\"https:\/\/strangercam.com\/#website\",\"url\":\"https:\/\/strangercam.com\/\",\"name\":\"Strangercam\",\"description\":\"Random Video Chat with Strangers\",\"publisher\":{\"@id\":\"https:\/\/strangercam.com\/#organization\"},\"alternateName\":\"Strangercam.com\",\"potentialAction\":[{\"@type\":\"SearchAction\",\"target\":{\"@type\":\"EntryPoint\",\"urlTemplate\":\"https:\/\/strangercam.com\/?s={search_term_string}\"},\"query-input\":{\"@type\":\"PropertyValueSpecification\",\"valueRequired\":true,\"valueName\":\"search_term_string\"}}],\"inLanguage\":\"da-DK\"},{\"@type\":\"Organization\",\"@id\":\"https:\/\/strangercam.com\/#organization\",\"name\":\"Strangercam\",\"alternateName\":\"Strangercam.com\",\"url\":\"https:\/\/strangercam.com\/\",\"logo\":{\"@type\":\"ImageObject\",\"inLanguage\":\"da-DK\",\"@id\":\"https:\/\/strangercam.com\/#\/schema\/logo\/image\/\",\"url\":\"https:\/\/strangercam.com\/wp-content\/uploads\/2020\/11\/cropped-new-favicon-black.png\",\"contentUrl\":\"https:\/\/strangercam.com\/wp-content\/uploads\/2020\/11\/cropped-new-favicon-black.png\",\"width\":512,\"height\":512,\"caption\":\"Strangercam\"},\"image\":{\"@id\":\"https:\/\/strangercam.com\/#\/schema\/logo\/image\/\"},\"sameAs\":[\"https:\/\/www.facebook.com\/strangercam\",\"https:\/\/x.com\/strangercamapp\"]}]}<\/script>\n<!-- \/ Yoast SEO plugin. -->","yoast_head_json":{"title":"Chat42 - Anonym chat for to - Cam p\u00e5 StrangerCam.com","description":"Kan du lide Chat42? Kom og chat med mere end 5.000.000 fremmede p\u00e5 Stranger Cam helt gratis! T\u00e6nd for dit kamera og find nye venner og m\u00e5ske et match!","robots":{"index":"index","follow":"follow","max-snippet":"max-snippet:-1","max-image-preview":"max-image-preview:large","max-video-preview":"max-video-preview:-1"},"canonical":"https:\/\/strangercam.com\/da\/chat42\/","og_locale":"da_DK","og_type":"article","og_title":"Chat42 - Anonymous Chat For Two - Cam on StrangerCam.com","og_description":"Like Chat42? Come chat with more than 5.000.000 strangers on Stranger Cam for Free! Turn on your cam and find new friends & maby a match!","og_url":"https:\/\/strangercam.com\/da\/chat42\/","og_site_name":"Strangercam","article_publisher":"https:\/\/www.facebook.com\/strangercam","article_modified_time":"2023-08-21T09:40:39+00:00","og_image":[{"width":800,"height":800,"url":"https:\/\/strangercam.com\/wp-content\/uploads\/2020\/11\/stranger-cam-1.png","type":"image\/png"}],"twitter_card":"summary_large_image","twitter_site":"@strangercamapp","twitter_misc":{"Estimeret l\u00e6setid":"2 minutter"},"schema":{"@context":"https:\/\/schema.org","@graph":[{"@type":"WebPage","@id":"https:\/\/strangercam.com\/chat42\/","url":"https:\/\/strangercam.com\/chat42\/","name":"Chat42 - Anonym chat for to - Cam p\u00e5 StrangerCam.com","isPartOf":{"@id":"https:\/\/strangercam.com\/#website"},"primaryImageOfPage":{"@id":"https:\/\/strangercam.com\/chat42\/#primaryimage"},"image":{"@id":"https:\/\/strangercam.com\/chat42\/#primaryimage"},"thumbnailUrl":"https:\/\/strangercam.com\/wp-content\/uploads\/2020\/11\/stranger-cam-1.png","datePublished":"2021-06-20T13:01:12+00:00","dateModified":"2023-08-21T09:40:39+00:00","description":"Kan du lide Chat42? Kom og chat med mere end 5.000.000 fremmede p\u00e5 Stranger Cam helt gratis! T\u00e6nd for dit kamera og find nye venner og m\u00e5ske et match!","breadcrumb":{"@id":"https:\/\/strangercam.com\/chat42\/#breadcrumb"},"inLanguage":"da-DK","potentialAction":[{"@type":"ReadAction","target":["https:\/\/strangercam.com\/chat42\/"]}]},{"@type":"ImageObject","inLanguage":"da-DK","@id":"https:\/\/strangercam.com\/chat42\/#primaryimage","url":"https:\/\/strangercam.com\/wp-content\/uploads\/2020\/11\/stranger-cam-1.png","contentUrl":"https:\/\/strangercam.com\/wp-content\/uploads\/2020\/11\/stranger-cam-1.png","width":800,"height":800,"caption":"stranger cam random video chat"},{"@type":"BreadcrumbList","@id":"https:\/\/strangercam.com\/chat42\/#breadcrumb","itemListElement":[{"@type":"ListItem","position":1,"name":"Home","item":"https:\/\/strangercam.com\/"},{"@type":"ListItem","position":2,"name":"Chat42"}]},{"@type":"WebSite","@id":"https:\/\/strangercam.com\/#website","url":"https:\/\/strangercam.com\/","name":"Strangercam","description":"Tilf\u00e6ldig videochat med fremmede","publisher":{"@id":"https:\/\/strangercam.com\/#organization"},"alternateName":"Strangercam.com","potentialAction":[{"@type":"SearchAction","target":{"@type":"EntryPoint","urlTemplate":"https:\/\/strangercam.com\/?s={search_term_string}"},"query-input":{"@type":"PropertyValueSpecification","valueRequired":true,"valueName":"search_term_string"}}],"inLanguage":"da-DK"},{"@type":"Organization","@id":"https:\/\/strangercam.com\/#organization","name":"Strangercam","alternateName":"Strangercam.com","url":"https:\/\/strangercam.com\/","logo":{"@type":"ImageObject","inLanguage":"da-DK","@id":"https:\/\/strangercam.com\/#\/schema\/logo\/image\/","url":"https:\/\/strangercam.com\/wp-content\/uploads\/2020\/11\/cropped-new-favicon-black.png","contentUrl":"https:\/\/strangercam.com\/wp-content\/uploads\/2020\/11\/cropped-new-favicon-black.png","width":512,"height":512,"caption":"Strangercam"},"image":{"@id":"https:\/\/strangercam.com\/#\/schema\/logo\/image\/"},"sameAs":["https:\/\/www.facebook.com\/strangercam","https:\/\/x.com\/strangercamapp"]}]}},"_links":{"self":[{"href":"https:\/\/strangercam.com\/da\/wp-json\/wp\/v2\/pages\/5290","targetHints":{"allow":["GET"]}}],"collection":[{"href":"https:\/\/strangercam.com\/da\/wp-json\/wp\/v2\/pages"}],"about":[{"href":"https:\/\/strangercam.com\/da\/wp-json\/wp\/v2\/types\/page"}],"author":[{"embeddable":true,"href":"https:\/\/strangercam.com\/da\/wp-json\/wp\/v2\/users\/6"}],"replies":[{"embeddable":true,"href":"https:\/\/strangercam.com\/da\/wp-json\/wp\/v2\/comments?post=5290"}],"version-history":[{"count":0,"href":"https:\/\/strangercam.com\/da\/wp-json\/wp\/v2\/pages\/5290\/revisions"}],"wp:featuredmedia":[{"embeddable":true,"href":"https:\/\/strangercam.com\/da\/wp-json\/wp\/v2\/media\/559"}],"wp:attachment":[{"href":"https:\/\/strangercam.com\/da\/wp-json\/wp\/v2\/media?parent=5290"}],"curies":[{"name":"wp","href":"https:\/\/api.w.org\/{rel}","templated":true}]}}