{"id":51,"date":"2020-04-08T23:24:23","date_gmt":"2020-04-08T21:24:23","guid":{"rendered":"https:\/\/strangercam.com\/?page_id=51"},"modified":"2025-06-16T14:26:14","modified_gmt":"2025-06-16T12:26:14","slug":"regler","status":"publish","type":"page","link":"https:\/\/strangercam.com\/da\/rules\/","title":{"rendered":"Regler"},"content":{"rendered":"<p>Strangercam giver dig mulighed for at <a href=\"https:\/\/strangercam.com\/da\/chatroulette\/\">chat<\/a> med vores tilf\u00e6ldige chatv\u00e6rkt\u00f8j, gratis og uden registrering. Vores mission er at v\u00e6re en lignende tjeneste som <a href=\"https:\/\/strangercam.com\/da\/omegle\/\">Omegle<\/a> hvor du kan have det sjovt og nyde din tid. Respekt for regler og bestemmelser for vores <a href=\"https:\/\/strangercam.com\/da\/coomeet\/\">videochat<\/a> er meget vigtig.<\/p>\n<h2 data-start=\"145\" data-end=\"185\">Ansvarsfraskrivelse for tilknyttede virksomheder og tredjeparter<\/h2>\n<p data-start=\"187\" data-end=\"675\">Strangercam er et anmeldelses- og affiliate-websted. Vi ejer eller driver ikke platformene eller <a href=\"https:\/\/strangercam.com\/da\/rabbit-video-chat\/\">video<\/a> chatv\u00e6rkt\u00f8jer, der pr\u00e6senteres eller linkes til fra vores websted. Nogle links kan v\u00e6re tilknyttede links, og vi kan tjene provisioner eller gebyrer, hvis du v\u00e6lger at tilmelde dig eller interagere med tredjeparts tjenester gennem vores anbefalinger. Din brug af tredjepartswebsteder er underlagt deres egne regler og politikker. Vi er ikke ansvarlige for indholdet eller adf\u00e6rden p\u00e5 eksterne websteder eller tjenester, der er linket til fra Strangercam.<\/p>\n<h2>Forbud<\/h2>\n<ul>\n<li>Brug af Strangercam under 18 \u00e5r.<\/li>\n<li>Spredning af vulg\u00e6re, seksuelle eller depressive kommentarer.<\/li>\n<li>Nedv\u00e6rdigelse af en anden person p\u00e5 grund af dennes religion, race, k\u00f8n, seksuelle orientering og\/eller alder.<\/li>\n<li>Chikane eller manglende respekt over for andre brugere.<\/li>\n<li>Det er forbudt at vise sit n\u00f8gne bryst uden et ansigt p\u00e5 sk\u00e6rmen.<\/li>\n<li>Videochat helt n\u00f8gen eller i undert\u00f8j.<\/li>\n<li>At bede om eller tvinge til virtuel sex.<\/li>\n<li>Vis dine private dele, mens du er foran kameraet.<\/li>\n<li>At r\u00f8re ved dine private dele og vise det p\u00e5 kamera.<\/li>\n<li>At fokusere kameraet under brystet.<\/li>\n<li>Viser en tekstbesked p\u00e5 videosk\u00e6rmen for at henvise brugerne.<\/li>\n<li>Viser et billede p\u00e5 videosk\u00e6rmen for at dirigere brugerne.<\/li>\n<li>Visning af din computersk\u00e6rm til direkte brugere.<\/li>\n<li>Brug af en webcam-emulator til at dirigere brugere.<\/li>\n<li>Viser enhver video\/billede\/tekst-reklame.<\/li>\n<li>At bede Strangercam-brugere om stemmer p\u00e5 en URL eller om at promovere dine produkter.<\/li>\n<li>Brug af hjemmesiden til at fremme eller facilitere menneskehandel, sexhandel, fysisk mishandling eller prostitution.<\/li>\n<\/ul>\n<h2>Klager<\/h2>\n<p>Du kan klage over alle p\u00e5 Strangercam, hvis du mener, at de overtr\u00e6der vores regler. Hvis du sender et sk\u00e6rmbillede med din klage, bliver det nemmere og hurtigere for os at tage aff\u00e6re. Vi vil hurtigt gribe ind over for s\u00e5danne brugere.<\/p>\n<p>Hvis der er mange klager over en bestemt bruger, vil vores system forbyde denne bruger at f\u00e5 adgang til Strangercam's hjemmeside.<\/p>\n<p>Vi overvejer mange fakta, f\u00f8r vi forhindrer nogen i at f\u00e5 adgang til Strangercam.com. Strangercam har ikke det fulde ansvar for at kontrollere spam og andre vulg\u00e6re aktiviteter. Vi beder ogs\u00e5 om dit samarbejde som bruger. Vi kan ikke fjerne kr\u00e6nkere fra Strangercam uden din st\u00f8tte. Vi lover at g\u00f8re denne cam-to-cam-chattjeneste mere forn\u00f8jelig og sjov med din st\u00f8tte.<\/p>","protected":false},"excerpt":{"rendered":"<p>Strangercam allows you to chat with our random chat tool, free of charge and without registration. Our mission is to be a similar service to Omegle where you can have fun and enjoy your time. Respecting the rules and regulations for our video chat is very important. Affiliate and Third-Party Disclaimer Strangercam is a review [&hellip;]<\/p>\n","protected":false},"author":1,"featured_media":0,"parent":0,"menu_order":0,"comment_status":"closed","ping_status":"closed","template":"","meta":{"footnotes":""},"class_list":["post-51","page","type-page","status-publish","hentry"],"yoast_head":"<!-- This site is optimized with the Yoast SEO plugin v27.4 - https:\/\/yoast.com\/product\/yoast-seo-wordpress\/ -->\n<title>Rules - Strangercam<\/title>\n<meta name=\"robots\" content=\"index, follow, max-snippet:-1, max-image-preview:large, max-video-preview:-1\" \/>\n<link rel=\"canonical\" href=\"https:\/\/strangercam.com\/da\/regler\/\" \/>\n<meta property=\"og:locale\" content=\"da_DK\" \/>\n<meta property=\"og:type\" content=\"article\" \/>\n<meta property=\"og:title\" content=\"Rules - Strangercam\" \/>\n<meta property=\"og:description\" content=\"Strangercam allows you to chat with our random chat tool, free of charge and without registration. Our mission is to be a similar service to Omegle where you can have fun and enjoy your time. Respecting the rules and regulations for our video chat is very important. Affiliate and Third-Party Disclaimer Strangercam is a review [&hellip;]\" \/>\n<meta property=\"og:url\" content=\"https:\/\/strangercam.com\/da\/regler\/\" \/>\n<meta property=\"og:site_name\" content=\"Strangercam\" \/>\n<meta property=\"article:publisher\" content=\"https:\/\/www.facebook.com\/strangercam\" \/>\n<meta property=\"article:modified_time\" content=\"2025-06-16T12:26:14+00:00\" \/>\n<meta property=\"og:image\" content=\"https:\/\/strangercam.com\/wp-content\/uploads\/2021\/10\/Untitled-2.png\" \/>\n\t<meta property=\"og:image:width\" content=\"800\" \/>\n\t<meta property=\"og:image:height\" content=\"532\" \/>\n\t<meta property=\"og:image:type\" content=\"image\/png\" \/>\n<meta name=\"twitter:card\" content=\"summary_large_image\" \/>\n<meta name=\"twitter:site\" content=\"@strangercamapp\" \/>\n<meta name=\"twitter:label1\" content=\"Estimeret l\u00e6setid\" \/>\n\t<meta name=\"twitter:data1\" content=\"2 minutter\" \/>\n<script type=\"application\/ld+json\" class=\"yoast-schema-graph\">{\"@context\":\"https:\\\/\\\/schema.org\",\"@graph\":[{\"@type\":\"WebPage\",\"@id\":\"https:\\\/\\\/strangercam.com\\\/rules\\\/\",\"url\":\"https:\\\/\\\/strangercam.com\\\/rules\\\/\",\"name\":\"Rules - Strangercam\",\"isPartOf\":{\"@id\":\"https:\\\/\\\/strangercam.com\\\/#website\"},\"datePublished\":\"2020-04-08T21:24:23+00:00\",\"dateModified\":\"2025-06-16T12:26:14+00:00\",\"breadcrumb\":{\"@id\":\"https:\\\/\\\/strangercam.com\\\/rules\\\/#breadcrumb\"},\"inLanguage\":\"da-DK\",\"potentialAction\":[{\"@type\":\"ReadAction\",\"target\":[\"https:\\\/\\\/strangercam.com\\\/rules\\\/\"]}]},{\"@type\":\"BreadcrumbList\",\"@id\":\"https:\\\/\\\/strangercam.com\\\/rules\\\/#breadcrumb\",\"itemListElement\":[{\"@type\":\"ListItem\",\"position\":1,\"name\":\"Home\",\"item\":\"https:\\\/\\\/strangercam.com\\\/\"},{\"@type\":\"ListItem\",\"position\":2,\"name\":\"Rules\"}]},{\"@type\":\"WebSite\",\"@id\":\"https:\\\/\\\/strangercam.com\\\/#website\",\"url\":\"https:\\\/\\\/strangercam.com\\\/\",\"name\":\"Strangercam\",\"description\":\"Random Video Chat with Strangers\",\"publisher\":{\"@id\":\"https:\\\/\\\/strangercam.com\\\/#organization\"},\"alternateName\":\"Strangercam.com\",\"potentialAction\":[{\"@type\":\"SearchAction\",\"target\":{\"@type\":\"EntryPoint\",\"urlTemplate\":\"https:\\\/\\\/strangercam.com\\\/?s={search_term_string}\"},\"query-input\":{\"@type\":\"PropertyValueSpecification\",\"valueRequired\":true,\"valueName\":\"search_term_string\"}}],\"inLanguage\":\"da-DK\"},{\"@type\":\"Organization\",\"@id\":\"https:\\\/\\\/strangercam.com\\\/#organization\",\"name\":\"Strangercam\",\"alternateName\":\"Strangercam.com\",\"url\":\"https:\\\/\\\/strangercam.com\\\/\",\"logo\":{\"@type\":\"ImageObject\",\"inLanguage\":\"da-DK\",\"@id\":\"https:\\\/\\\/strangercam.com\\\/#\\\/schema\\\/logo\\\/image\\\/\",\"url\":\"https:\\\/\\\/strangercam.com\\\/wp-content\\\/uploads\\\/2020\\\/11\\\/cropped-new-favicon-black.png\",\"contentUrl\":\"https:\\\/\\\/strangercam.com\\\/wp-content\\\/uploads\\\/2020\\\/11\\\/cropped-new-favicon-black.png\",\"width\":512,\"height\":512,\"caption\":\"Strangercam\"},\"image\":{\"@id\":\"https:\\\/\\\/strangercam.com\\\/#\\\/schema\\\/logo\\\/image\\\/\"},\"sameAs\":[\"https:\\\/\\\/www.facebook.com\\\/strangercam\",\"https:\\\/\\\/x.com\\\/strangercamapp\"]}]}<\/script>\n<!-- \/ Yoast SEO plugin. -->","yoast_head_json":{"title":"Regler - Strangercam","robots":{"index":"index","follow":"follow","max-snippet":"max-snippet:-1","max-image-preview":"max-image-preview:large","max-video-preview":"max-video-preview:-1"},"canonical":"https:\/\/strangercam.com\/da\/regler\/","og_locale":"da_DK","og_type":"article","og_title":"Rules - Strangercam","og_description":"Strangercam allows you to chat with our random chat tool, free of charge and without registration. Our mission is to be a similar service to Omegle where you can have fun and enjoy your time. Respecting the rules and regulations for our video chat is very important. Affiliate and Third-Party Disclaimer Strangercam is a review [&hellip;]","og_url":"https:\/\/strangercam.com\/da\/regler\/","og_site_name":"Strangercam","article_publisher":"https:\/\/www.facebook.com\/strangercam","article_modified_time":"2025-06-16T12:26:14+00:00","og_image":[{"width":800,"height":532,"url":"https:\/\/strangercam.com\/wp-content\/uploads\/2021\/10\/Untitled-2.png","type":"image\/png"}],"twitter_card":"summary_large_image","twitter_site":"@strangercamapp","twitter_misc":{"Estimeret l\u00e6setid":"2 minutter"},"schema":{"@context":"https:\/\/schema.org","@graph":[{"@type":"WebPage","@id":"https:\/\/strangercam.com\/rules\/","url":"https:\/\/strangercam.com\/rules\/","name":"Regler - Strangercam","isPartOf":{"@id":"https:\/\/strangercam.com\/#website"},"datePublished":"2020-04-08T21:24:23+00:00","dateModified":"2025-06-16T12:26:14+00:00","breadcrumb":{"@id":"https:\/\/strangercam.com\/rules\/#breadcrumb"},"inLanguage":"da-DK","potentialAction":[{"@type":"ReadAction","target":["https:\/\/strangercam.com\/rules\/"]}]},{"@type":"BreadcrumbList","@id":"https:\/\/strangercam.com\/rules\/#breadcrumb","itemListElement":[{"@type":"ListItem","position":1,"name":"Home","item":"https:\/\/strangercam.com\/"},{"@type":"ListItem","position":2,"name":"Rules"}]},{"@type":"WebSite","@id":"https:\/\/strangercam.com\/#website","url":"https:\/\/strangercam.com\/","name":"Strangercam","description":"Tilf\u00e6ldig videochat med fremmede","publisher":{"@id":"https:\/\/strangercam.com\/#organization"},"alternateName":"Strangercam.com","potentialAction":[{"@type":"SearchAction","target":{"@type":"EntryPoint","urlTemplate":"https:\/\/strangercam.com\/?s={search_term_string}"},"query-input":{"@type":"PropertyValueSpecification","valueRequired":true,"valueName":"search_term_string"}}],"inLanguage":"da-DK"},{"@type":"Organization","@id":"https:\/\/strangercam.com\/#organization","name":"Strangercam","alternateName":"Strangercam.com","url":"https:\/\/strangercam.com\/","logo":{"@type":"ImageObject","inLanguage":"da-DK","@id":"https:\/\/strangercam.com\/#\/schema\/logo\/image\/","url":"https:\/\/strangercam.com\/wp-content\/uploads\/2020\/11\/cropped-new-favicon-black.png","contentUrl":"https:\/\/strangercam.com\/wp-content\/uploads\/2020\/11\/cropped-new-favicon-black.png","width":512,"height":512,"caption":"Strangercam"},"image":{"@id":"https:\/\/strangercam.com\/#\/schema\/logo\/image\/"},"sameAs":["https:\/\/www.facebook.com\/strangercam","https:\/\/x.com\/strangercamapp"]}]}},"_links":{"self":[{"href":"https:\/\/strangercam.com\/da\/wp-json\/wp\/v2\/pages\/51","targetHints":{"allow":["GET"]}}],"collection":[{"href":"https:\/\/strangercam.com\/da\/wp-json\/wp\/v2\/pages"}],"about":[{"href":"https:\/\/strangercam.com\/da\/wp-json\/wp\/v2\/types\/page"}],"author":[{"embeddable":true,"href":"https:\/\/strangercam.com\/da\/wp-json\/wp\/v2\/users\/1"}],"replies":[{"embeddable":true,"href":"https:\/\/strangercam.com\/da\/wp-json\/wp\/v2\/comments?post=51"}],"version-history":[{"count":1,"href":"https:\/\/strangercam.com\/da\/wp-json\/wp\/v2\/pages\/51\/revisions"}],"predecessor-version":[{"id":12880,"href":"https:\/\/strangercam.com\/da\/wp-json\/wp\/v2\/pages\/51\/revisions\/12880"}],"wp:attachment":[{"href":"https:\/\/strangercam.com\/da\/wp-json\/wp\/v2\/media?parent=51"}],"curies":[{"name":"wp","href":"https:\/\/api.w.org\/{rel}","templated":true}]}}