{"id":5006,"date":"2025-09-29T10:59:56","date_gmt":"2025-09-29T08:59:56","guid":{"rendered":"https:\/\/strangercam.com\/?page_id=5006"},"modified":"2025-09-29T12:01:40","modified_gmt":"2025-09-29T10:01:40","slug":"gratis-chat-nu","status":"publish","type":"page","link":"https:\/\/strangercam.com\/da\/free-chat-now\/","title":{"rendered":"Gratis chat nu"},"content":{"rendered":"<p>Er du p\u00e5 udkig efter Gratis <a href=\"https:\/\/strangercam.com\/da\/chathub\/\">Chat<\/a> Og nu? Du er ikke alene. Millioner af mennesker skriver hver m\u00e5ned netop disse ord i Google i h\u00e5b om at finde en enkel, hurtig og gratis m\u00e5de at komme i kontakt med nye mennesker online. Ideen er klar: ingen lange tilmeldinger, ingen downloads, ingen skjulte omkostninger - bare muligheden for at begynde at chatte med det samme med fremmede over hele verden.<\/p>\n<p>I 2025 g\u00f8r platforme som StrangerCam dette muligt. Med et enkelt klik kan du starte en gratis tekst- eller videochat med mennesker over hele verden. Uanset om du er interesseret i afslappede samtaler, at m\u00f8de nye venner, kulturelle udvekslinger eller en let flirt, bringer Free Chat Now-platforme sp\u00e6ndingen ved spontan interaktion tilbage.<\/p>\n<p>Denne guide d\u00e6kker alt, hvad du har brug for at vide: hvad Free Chat Now betyder, hvorfor det er s\u00e5 popul\u00e6rt, hvordan det fungerer, dets historie, hvilke funktioner du skal kigge efter, en sammenligning af de bedste platforme, \u00e6gte brugerudtalelser, sikkerhedsstrategier, og hvorfor StrangerCam er et af de bedste valg i dag.<\/p>\n<h2>Hvad betyder \"gratis chat nu\"?<\/h2>\n<p>N\u00e5r folk s\u00f8ger efter Free Chat Now, vil de som regel have en platform, der tilbyder det:<\/p>\n<ul>\n<li>\u00d8jeblikkelig forbindelse: Ingen formularer, ingen profiler, bare \u00f8jeblikkelig chat.<\/li>\n<li>Fri adgang: Ingen betalingsmure efter fem minutter eller skjulte kreditsystemer.<\/li>\n<li>Mulighed for tekst eller video: Afh\u00e6ngigt af komfortniveau.<\/li>\n<li>Tilf\u00e6ldig matchning: M\u00f8d fremmede fra hele verden, ikke kun folk i n\u00e6rheden.<\/li>\n<li>Ingen tilmelding: Forbliv anonym og problemfri.<\/li>\n<\/ul>\n<p>Det er med andre ord det modsatte af moderne datingapps, der kr\u00e6ver swiping, biografier og verifikationstrin. Free Chat Now handler om hastighed og spontanitet.<\/p>\n<h2>En kort historie om online chat<\/h2>\n<p>For at forst\u00e5, hvorfor Free Chat Now er s\u00e5 popul\u00e6r, hj\u00e6lper det at se p\u00e5, hvordan onlinechat udviklede sig:<\/p>\n<ul>\n<li>1990'erne - Fremkomsten af chatrum: Platforme som AOL Chat og IRC lod brugerne samles i emnebaserede rum. De var kun til tekst og ofte umodererede.<\/li>\n<li>2000'erne - Sociale netv\u00e6rk tager over: MSN Messenger, Yahoo Chat og tidlige sociale medier tilf\u00f8jede vennelister og private chats.<\/li>\n<li>2009 - <a href=\"https:\/\/strangercam.com\/da\/omegle\/\">Omegle<\/a> Lanceringer: Tilf\u00e6ldige en-til-en-chats blev den nye trend, og senere blev der tilf\u00f8jet video. Dette formede den moderne \u201cchat med fremmede\u201d-kultur.<\/li>\n<li>2010'erne - Globalt videochat-boom: <a href=\"https:\/\/strangercam.com\/da\/chatroulette\/\">Chatroulette<\/a>, Chatrandom og Shagle eksploderede i popularitet. Mobilapps som <a href=\"https:\/\/strangercam.com\/da\/ometv\/\">OmeTV<\/a> gjorde det endnu nemmere at chatte.<\/li>\n<li>2020'erne - Den nye \u00e6ra: Efter at Omegle lukkede ned i 2023, str\u00f8mmede brugerne til mere sikre, moderne alternativer som StrangerCam, der kombinerer fri adgang med moderation.<\/li>\n<\/ul>\n<p>I dag repr\u00e6senterer Free Chat Now det bedste fra begge verdener: nostalgien ved gammeldags chatrum og sp\u00e6ndingen ved live videosamtaler.<\/p>\n<h2>Hvorfor folk elsker gratis chat nu<\/h2>\n<p>N\u00f8gleordet \"Gratis chat nu\" rangerer h\u00f8jt af en grund - folk l\u00e6nges efter \u00f8jeblikkelig social interaktion. Her er hvorfor:<\/p>\n<ol>\n<li>Ensomhed og social isolation: Mange mennesker f\u00f8ler sig afkoblet og \u00f8nsker hurtig, meningsfuld interaktion.<\/li>\n<li>Spontanitet: Hver chat er unik - det er sp\u00e6ndende ikke at vide, hvem du vil m\u00f8de. <a href=\"https:\/\/strangercam.com\/da\/coomeet\/\">m\u00f8des<\/a>.<\/li>\n<li>Kulturel nysgerrighed: At tale med mennesker fra hele verden udvider perspektiverne.<\/li>\n<li>Flirt og sjov: Mange brugere leder efter lette samtaler med potentielle romantiske gnister.<\/li>\n<li>Tilg\u00e6ngelighed: Det er nemt, gratis og kr\u00e6ver ingen forpligtelse.<\/li>\n<\/ol>\n<p>I mods\u00e6tning til datingapps, hvor afvisning eller ghosting er almindeligt, er tilf\u00e6ldige chats uden pres og til engangsbrug - hvis det ikke klikker, klikker du bare p\u00e5 \"N\u00e6ste\".<\/p>\n<h2>S\u00e5dan fungerer gratis chat nu-platforme<\/h2>\n<p>Processen er hurtig og enkel:<\/p>\n<ol>\n<li>\u00c5bn en platform som StrangerCam.<\/li>\n<li>V\u00e6lg din tilstand (tekstchat eller videochat).<\/li>\n<li>Tillad adgang til kamera\/mikrofon, hvis video er aktiveret.<\/li>\n<li>Klik p\u00e5 \"Start chat\" for at oprette forbindelse med det samme.<\/li>\n<li>M\u00f8d en fremmed i hele verden p\u00e5 f\u00e5 sekunder.<\/li>\n<li>Tryk p\u00e5 \"N\u00e6ste\" n\u00e5r som helst for at starte en ny samtale.<\/li>\n<\/ol>\n<p>Nogle platforme indeholder ogs\u00e5 funktioner som:<\/p>\n<ul>\n<li>K\u00f8nsm\u00e6ssige filtre.<\/li>\n<li>Lokationsbaserede kampe.<\/li>\n<li>Overs\u00e6ttelser i chatten.<\/li>\n<li>Tematiserede chatrum.<\/li>\n<\/ul>\n<h2>Funktioner, der betyder mest<\/h2>\n<p>N\u00e5r du v\u00e6lger en gratis chat nu-tjeneste, skal du kigge efter:<\/p>\n<ul>\n<li>Fri adgang: Virkelig ubegr\u00e6nset brug, intet \"kreditsystem\".<\/li>\n<li>Ingen tilmelding: Spring besv\u00e6ret med konti over.<\/li>\n<li>Mulighed for tekst + video: For fleksibilitetens skyld.<\/li>\n<li>Mobilvenligt design: B\u00f8r fungere problemfrit p\u00e5 smartphones.<\/li>\n<li>Aktivt m\u00e5dehold: Vigtigt for sikkerheden.<\/li>\n<li>Global r\u00e6kkevidde: Flere brugere betyder mere variation og sjov.<\/li>\n<\/ul>\n<h2>Bedste gratis chat nu-platforme i 2025<\/h2>\n<p>Her er en sammenligning af de mest popul\u00e6re platforme:<\/p>\n<table>\n<thead>\n<tr>\n<th>Platform<\/th>\n<th align=\"center\">Fri adgang<\/th>\n<th align=\"center\">Tilmelding n\u00f8dvendig<\/th>\n<th align=\"center\">Videochat<\/th>\n<th align=\"center\">Mobil support<\/th>\n<th align=\"center\">Moderation<\/th>\n<th>Noter<\/th>\n<\/tr>\n<\/thead>\n<tbody>\n<tr>\n<td>StrangerCam<\/td>\n<td align=\"center\">\u2705<\/td>\n<td align=\"center\">\u274c<\/td>\n<td align=\"center\">\u2705<\/td>\n<td align=\"center\">\u2705<\/td>\n<td align=\"center\">\u2705<\/td>\n<td>Samlet set bedst: gratis, sikker og \u00f8jeblikkelig<\/td>\n<\/tr>\n<tr>\n<td>Chatroulette<\/td>\n<td align=\"center\">\u2705<\/td>\n<td align=\"center\">\u274c<\/td>\n<td align=\"center\">\u2705<\/td>\n<td align=\"center\">\u2705<\/td>\n<td align=\"center\">\u2705<\/td>\n<td>Klassisk, men begr\u00e6nsede funktioner<\/td>\n<\/tr>\n<tr>\n<td>Chatrandom<\/td>\n<td align=\"center\">\u2705<\/td>\n<td align=\"center\">\u274c<\/td>\n<td align=\"center\">\u2705<\/td>\n<td align=\"center\">\u2705<\/td>\n<td align=\"center\">\u2705<\/td>\n<td>Popul\u00e6r, men kr\u00e6ver opgraderinger<\/td>\n<\/tr>\n<tr>\n<td>OmeTV<\/td>\n<td align=\"center\">\u2705<\/td>\n<td align=\"center\">\u274c<\/td>\n<td align=\"center\">\u2705<\/td>\n<td align=\"center\">\u2705<\/td>\n<td align=\"center\">\u2705<\/td>\n<td>App-f\u00f8rst, kun tilf\u00e6ldig matchning<\/td>\n<\/tr>\n<tr>\n<td>Shagle<\/td>\n<td align=\"center\">\u2705<\/td>\n<td align=\"center\">\u274c<\/td>\n<td align=\"center\">\u2705<\/td>\n<td align=\"center\">\u2705<\/td>\n<td align=\"center\">\u2705<\/td>\n<td>Gratis start, premium-l\u00e5ste filtre<\/td>\n<\/tr>\n<tr>\n<td>WireClub<\/td>\n<td align=\"center\">\u2705<\/td>\n<td align=\"center\">\u2705<\/td>\n<td align=\"center\">\u274c<\/td>\n<td align=\"center\">\u2705<\/td>\n<td align=\"center\">\u2705<\/td>\n<td>Chatrum med kun tekst<\/td>\n<\/tr>\n<\/tbody>\n<\/table>\n<p>StrangerCam skiller sig ud som en af de eneste platforme, der tilbyder \u00e6gte gratis adgang, ingen tilmelding og b\u00e5de tekst- og videochat p\u00e5 \u00e9t sted.<\/p>\n<h2>Hvorfor StrangerCam er det bedste valg til gratis chat nu<\/h2>\n<p>Her er grunden til, at StrangerCam er et af de bedste svar p\u00e5 \"Hvor kan jeg starte en gratis chat nu?\":<\/p>\n<ul>\n<li>Gratis og ubegr\u00e6nset - ingen begr\u00e6nsninger eller skjulte omkostninger.<\/li>\n<li>\u00d8jeblikkelig adgang - Begynd at chatte p\u00e5 under 10 sekunder.<\/li>\n<li>Video- og tekstindstillinger - skift ud fra din komfort.<\/li>\n<li>Sikker og modereret - langt mere sikker end Omegle nogensinde var.<\/li>\n<li>Mobil- og desktopvenlig - fungerer p\u00e5 alle enheder.<\/li>\n<li>Globalt f\u00e6llesskab - M\u00f8d mennesker fra over 100 lande.<\/li>\n<\/ul>\n<p>Det er spontant, \u00e6gte og inkluderende - pr\u00e6cis den oplevelse, folk s\u00f8ger efter, n\u00e5r de skriver Free Chat Now.<\/p>\n<h2>\u00c6gte brugerudtalelser<\/h2>\n<blockquote><p>\"Jeg s\u00f8gte p\u00e5 Free Chat Now og fandt StrangerCam. Inden for et minut talte jeg med en person i Brasilien. Det er hurtigt og sjovt.\"<br \/>\n- Daniel, 27 \u00e5r<\/p><\/blockquote>\n<blockquote><p>\"I mods\u00e6tning til andre sider er StrangerCam virkelig gratis. Ingen kreditter, ingen skjulte betalingsmure.\"<br \/>\n- Sophia, 21 \u00e5r<\/p><\/blockquote>\n<blockquote><p>\"Jeg har pr\u00f8vet andre apps, men de f\u00f8ltes for langsomme. Denne var \u00f8jeblikkelig, pr\u00e6cis hvad jeg \u00f8nskede.\"<br \/>\n- Ryan, 30 \u00e5r<\/p><\/blockquote>\n<blockquote><p>\"Det er rart, at jeg bare kan g\u00e5, n\u00e5r jeg vil, uden forpligtelser. Gratis chat nu fungerer virkelig her.\"<br \/>\n- Emma, 19 \u00e5r<\/p><\/blockquote>\n<h2>Psykologien bag \"Gratis chat nu\"<\/h2>\n<p>Hvorfor s\u00f8ger s\u00e5 mange mennesker p\u00e5 netop de ord? Det handler om tre ting:<\/p>\n<ol>\n<li>Umiddelbarhed: Mennesker l\u00e6nges efter \u00f8jeblikkelig tilfredsstillelse. Ideen om \"chat nu\" er uimodst\u00e5elig.<\/li>\n<li>Social nysgerrighed: Vi er skabt til at nyde det nye og uforudsigelige. At m\u00f8de fremmede online opfylder det behov.<\/li>\n<li>Overkommelige priser: Tilf\u00f8jelsen \"gratis\" g\u00f8r det tilg\u00e6ngeligt for alle. Ingen vil betale bare for at sige hej.<\/li>\n<\/ol>\n<p>Det forklarer, hvorfor Free Chat Now stadig er et meget s\u00f8gt s\u00f8geord p\u00e5 verdensplan.<\/p>\n<h2>Sikkerhedstips til gratis chat nu<\/h2>\n<p>Selv om det er sjovt at chatte online, b\u00f8r sikkerheden altid komme i f\u00f8rste r\u00e6kke. Her er nogle regler, du skal f\u00f8lge:<\/p>\n<ul>\n<li>Del ikke personlige oplysninger (telefon, e-mail, adresse).<\/li>\n<li>Undg\u00e5 mist\u00e6nkelige links under chats.<\/li>\n<li>Brug Skip\/Block til ubehagelige situationer.<\/li>\n<li>Tjek din baggrund, f\u00f8r du t\u00e6nder for kameraet.<\/li>\n<li>Brug k\u00e6lenavne, ikke rigtige navne.<\/li>\n<li>Respekter aldersreglerne - g\u00e5 ikke ind i voksenrum, hvis du er under 18.<\/li>\n<\/ul>\n<h2>S\u00e5dan kommer du i gang - trin for trin<\/h2>\n<p>Det tager kun et minut at starte en gratis chat-session:<\/p>\n<ol>\n<li>\u00c5bn StrangerCam i din browser eller p\u00e5 din telefon.<\/li>\n<li>V\u00e6lg din chattilstand (tekst eller video).<\/li>\n<li>Giv tilladelse til kamera\/mikrofon (hvis det er video).<\/li>\n<li>Klik p\u00e5 Start Chat for at blive matchet med det samme.<\/li>\n<li>Nyd samtalerne - eller tryk p\u00e5 Next for at m\u00f8de en ny.<\/li>\n<\/ol>\n<p>Det er det - hurtigt, gratis og anonymt.<\/p>\n<p>I 2025 er Free Chat Now mere popul\u00e6rt end nogensinde. Folk vil ikke have lange tilmeldinger, falske profiler eller betalingsmure - de vil have \u00f8jeblikkelige, \u00e6gte samtaler med fremmede over hele verden.<\/p>\n<p>Platforme som StrangerCam leverer pr\u00e6cis det: gratis, sikre og spontane chats med rigtige mennesker 24\/7. Uanset om du leder efter venner, afslappet sjov eller kulturelle udvekslinger, giver Free Chat Now dig sp\u00e6ndingen ved \u00f8jeblikkelig forbindelse.<\/p>\n<p>Er du klar til at pr\u00f8ve det? Start en gratis chat nu i dag, og find ud af, hvem du kan m\u00f8de n\u00e6ste gang.<\/p>","protected":false},"excerpt":{"rendered":"<p>Are you searching for Free Chat Now? You\u2019re not alone. Millions of people every month type those exact words into Google, hoping to find a simple, fast, and free way to connect with new people online. The idea is clear: no long signups, no downloads, no hidden costs\u2014just the ability to start chatting instantly with [&hellip;]<\/p>\n","protected":false},"author":8,"featured_media":0,"parent":0,"menu_order":0,"comment_status":"closed","ping_status":"closed","template":"","meta":{"footnotes":""},"class_list":["post-5006","page","type-page","status-publish","hentry"],"yoast_head":"<!-- This site is optimized with the Yoast SEO plugin v27.4 - https:\/\/yoast.com\/product\/yoast-seo-wordpress\/ -->\n<title>Free Chat Now with Video Chat on Strangercam.com<\/title>\n<meta name=\"description\" content=\"Liking Free Chat Now? Join millions on StrangerCam.com! Start a random video chat, turn on your cam, and meet strangers instantly.\" \/>\n<meta name=\"robots\" content=\"index, follow, max-snippet:-1, max-image-preview:large, max-video-preview:-1\" \/>\n<link rel=\"canonical\" href=\"https:\/\/strangercam.com\/da\/gratis-chat-nu\/\" \/>\n<meta property=\"og:locale\" content=\"da_DK\" \/>\n<meta property=\"og:type\" content=\"article\" \/>\n<meta property=\"og:title\" content=\"Free Chat Now with Video Chat on Strangercam.com\" \/>\n<meta property=\"og:description\" content=\"Liking Free Chat Now? Join millions on StrangerCam.com! Start a random video chat, turn on your cam, and meet strangers instantly.\" \/>\n<meta property=\"og:url\" content=\"https:\/\/strangercam.com\/da\/gratis-chat-nu\/\" \/>\n<meta property=\"og:site_name\" content=\"Strangercam\" \/>\n<meta property=\"article:publisher\" content=\"https:\/\/www.facebook.com\/strangercam\" \/>\n<meta property=\"article:modified_time\" content=\"2025-09-29T10:01:40+00:00\" \/>\n<meta property=\"og:image\" content=\"https:\/\/strangercam.com\/wp-content\/uploads\/2021\/10\/Untitled-2.png\" \/>\n\t<meta property=\"og:image:width\" content=\"800\" \/>\n\t<meta property=\"og:image:height\" content=\"532\" \/>\n\t<meta property=\"og:image:type\" content=\"image\/png\" \/>\n<meta name=\"twitter:card\" content=\"summary_large_image\" \/>\n<meta name=\"twitter:site\" content=\"@strangercamapp\" \/>\n<meta name=\"twitter:label1\" content=\"Estimeret l\u00e6setid\" \/>\n\t<meta name=\"twitter:data1\" content=\"5 minutter\" \/>\n<script type=\"application\/ld+json\" class=\"yoast-schema-graph\">{\"@context\":\"https:\\\/\\\/schema.org\",\"@graph\":[{\"@type\":\"WebPage\",\"@id\":\"https:\\\/\\\/strangercam.com\\\/free-chat-now\\\/\",\"url\":\"https:\\\/\\\/strangercam.com\\\/free-chat-now\\\/\",\"name\":\"Free Chat Now with Video Chat on Strangercam.com\",\"isPartOf\":{\"@id\":\"https:\\\/\\\/strangercam.com\\\/#website\"},\"datePublished\":\"2025-09-29T08:59:56+00:00\",\"dateModified\":\"2025-09-29T10:01:40+00:00\",\"description\":\"Liking Free Chat Now? Join millions on StrangerCam.com! Start a random video chat, turn on your cam, and meet strangers instantly.\",\"breadcrumb\":{\"@id\":\"https:\\\/\\\/strangercam.com\\\/free-chat-now\\\/#breadcrumb\"},\"inLanguage\":\"da-DK\",\"potentialAction\":[{\"@type\":\"ReadAction\",\"target\":[\"https:\\\/\\\/strangercam.com\\\/free-chat-now\\\/\"]}]},{\"@type\":\"BreadcrumbList\",\"@id\":\"https:\\\/\\\/strangercam.com\\\/free-chat-now\\\/#breadcrumb\",\"itemListElement\":[{\"@type\":\"ListItem\",\"position\":1,\"name\":\"Home\",\"item\":\"https:\\\/\\\/strangercam.com\\\/\"},{\"@type\":\"ListItem\",\"position\":2,\"name\":\"Free Chat Now\"}]},{\"@type\":\"WebSite\",\"@id\":\"https:\\\/\\\/strangercam.com\\\/#website\",\"url\":\"https:\\\/\\\/strangercam.com\\\/\",\"name\":\"Strangercam\",\"description\":\"Random Video Chat with Strangers\",\"publisher\":{\"@id\":\"https:\\\/\\\/strangercam.com\\\/#organization\"},\"alternateName\":\"Strangercam.com\",\"potentialAction\":[{\"@type\":\"SearchAction\",\"target\":{\"@type\":\"EntryPoint\",\"urlTemplate\":\"https:\\\/\\\/strangercam.com\\\/?s={search_term_string}\"},\"query-input\":{\"@type\":\"PropertyValueSpecification\",\"valueRequired\":true,\"valueName\":\"search_term_string\"}}],\"inLanguage\":\"da-DK\"},{\"@type\":\"Organization\",\"@id\":\"https:\\\/\\\/strangercam.com\\\/#organization\",\"name\":\"Strangercam\",\"alternateName\":\"Strangercam.com\",\"url\":\"https:\\\/\\\/strangercam.com\\\/\",\"logo\":{\"@type\":\"ImageObject\",\"inLanguage\":\"da-DK\",\"@id\":\"https:\\\/\\\/strangercam.com\\\/#\\\/schema\\\/logo\\\/image\\\/\",\"url\":\"https:\\\/\\\/strangercam.com\\\/wp-content\\\/uploads\\\/2020\\\/11\\\/cropped-new-favicon-black.png\",\"contentUrl\":\"https:\\\/\\\/strangercam.com\\\/wp-content\\\/uploads\\\/2020\\\/11\\\/cropped-new-favicon-black.png\",\"width\":512,\"height\":512,\"caption\":\"Strangercam\"},\"image\":{\"@id\":\"https:\\\/\\\/strangercam.com\\\/#\\\/schema\\\/logo\\\/image\\\/\"},\"sameAs\":[\"https:\\\/\\\/www.facebook.com\\\/strangercam\",\"https:\\\/\\\/x.com\\\/strangercamapp\"]}]}<\/script>\n<!-- \/ Yoast SEO plugin. -->","yoast_head_json":{"title":"Gratis chat nu med videochat p\u00e5 Strangercam.com","description":"Kan du lide gratis chat nu? Join millioner p\u00e5 StrangerCam.com! Start en tilf\u00e6ldig videochat, t\u00e6nd for dit kamera, og m\u00f8d fremmede med det samme.","robots":{"index":"index","follow":"follow","max-snippet":"max-snippet:-1","max-image-preview":"max-image-preview:large","max-video-preview":"max-video-preview:-1"},"canonical":"https:\/\/strangercam.com\/da\/gratis-chat-nu\/","og_locale":"da_DK","og_type":"article","og_title":"Free Chat Now with Video Chat on Strangercam.com","og_description":"Liking Free Chat Now? Join millions on StrangerCam.com! Start a random video chat, turn on your cam, and meet strangers instantly.","og_url":"https:\/\/strangercam.com\/da\/gratis-chat-nu\/","og_site_name":"Strangercam","article_publisher":"https:\/\/www.facebook.com\/strangercam","article_modified_time":"2025-09-29T10:01:40+00:00","og_image":[{"width":800,"height":532,"url":"https:\/\/strangercam.com\/wp-content\/uploads\/2021\/10\/Untitled-2.png","type":"image\/png"}],"twitter_card":"summary_large_image","twitter_site":"@strangercamapp","twitter_misc":{"Estimeret l\u00e6setid":"5 minutter"},"schema":{"@context":"https:\/\/schema.org","@graph":[{"@type":"WebPage","@id":"https:\/\/strangercam.com\/free-chat-now\/","url":"https:\/\/strangercam.com\/free-chat-now\/","name":"Gratis chat nu med videochat p\u00e5 Strangercam.com","isPartOf":{"@id":"https:\/\/strangercam.com\/#website"},"datePublished":"2025-09-29T08:59:56+00:00","dateModified":"2025-09-29T10:01:40+00:00","description":"Kan du lide gratis chat nu? Join millioner p\u00e5 StrangerCam.com! Start en tilf\u00e6ldig videochat, t\u00e6nd for dit kamera, og m\u00f8d fremmede med det samme.","breadcrumb":{"@id":"https:\/\/strangercam.com\/free-chat-now\/#breadcrumb"},"inLanguage":"da-DK","potentialAction":[{"@type":"ReadAction","target":["https:\/\/strangercam.com\/free-chat-now\/"]}]},{"@type":"BreadcrumbList","@id":"https:\/\/strangercam.com\/free-chat-now\/#breadcrumb","itemListElement":[{"@type":"ListItem","position":1,"name":"Home","item":"https:\/\/strangercam.com\/"},{"@type":"ListItem","position":2,"name":"Free Chat Now"}]},{"@type":"WebSite","@id":"https:\/\/strangercam.com\/#website","url":"https:\/\/strangercam.com\/","name":"Strangercam","description":"Tilf\u00e6ldig videochat med fremmede","publisher":{"@id":"https:\/\/strangercam.com\/#organization"},"alternateName":"Strangercam.com","potentialAction":[{"@type":"SearchAction","target":{"@type":"EntryPoint","urlTemplate":"https:\/\/strangercam.com\/?s={search_term_string}"},"query-input":{"@type":"PropertyValueSpecification","valueRequired":true,"valueName":"search_term_string"}}],"inLanguage":"da-DK"},{"@type":"Organization","@id":"https:\/\/strangercam.com\/#organization","name":"Strangercam","alternateName":"Strangercam.com","url":"https:\/\/strangercam.com\/","logo":{"@type":"ImageObject","inLanguage":"da-DK","@id":"https:\/\/strangercam.com\/#\/schema\/logo\/image\/","url":"https:\/\/strangercam.com\/wp-content\/uploads\/2020\/11\/cropped-new-favicon-black.png","contentUrl":"https:\/\/strangercam.com\/wp-content\/uploads\/2020\/11\/cropped-new-favicon-black.png","width":512,"height":512,"caption":"Strangercam"},"image":{"@id":"https:\/\/strangercam.com\/#\/schema\/logo\/image\/"},"sameAs":["https:\/\/www.facebook.com\/strangercam","https:\/\/x.com\/strangercamapp"]}]}},"_links":{"self":[{"href":"https:\/\/strangercam.com\/da\/wp-json\/wp\/v2\/pages\/5006","targetHints":{"allow":["GET"]}}],"collection":[{"href":"https:\/\/strangercam.com\/da\/wp-json\/wp\/v2\/pages"}],"about":[{"href":"https:\/\/strangercam.com\/da\/wp-json\/wp\/v2\/types\/page"}],"author":[{"embeddable":true,"href":"https:\/\/strangercam.com\/da\/wp-json\/wp\/v2\/users\/8"}],"replies":[{"embeddable":true,"href":"https:\/\/strangercam.com\/da\/wp-json\/wp\/v2\/comments?post=5006"}],"version-history":[{"count":1,"href":"https:\/\/strangercam.com\/da\/wp-json\/wp\/v2\/pages\/5006\/revisions"}],"predecessor-version":[{"id":13045,"href":"https:\/\/strangercam.com\/da\/wp-json\/wp\/v2\/pages\/5006\/revisions\/13045"}],"wp:attachment":[{"href":"https:\/\/strangercam.com\/da\/wp-json\/wp\/v2\/media?parent=5006"}],"curies":[{"name":"wp","href":"https:\/\/api.w.org\/{rel}","templated":true}]}}