{"id":4952,"date":"2021-06-14T22:51:33","date_gmt":"2021-06-14T20:51:33","guid":{"rendered":"https:\/\/strangercam.com\/?page_id=4952"},"modified":"2023-09-12T15:16:14","modified_gmt":"2023-09-12T13:16:14","slug":"chatrum-for-voksne","status":"publish","type":"page","link":"https:\/\/strangercam.com\/da\/adult-chat-rooms\/","title":{"rendered":"Chatrum for voksne"},"content":{"rendered":"<p>Velkommen til Voksen <a href=\"https:\/\/strangercam.com\/da\/chatroulette\/\">Chat<\/a> Rooms. Join the Adult Chat Rooms video chat app that makes it easy to chat to random strangers, anonymously. Adult Chat Rooms offers video chat features including face masks, gender and country filters, private chat, and much more. Chat with random girls and boys online, anywhere in the world, instantaneously. Find a new friend, <a href=\"https:\/\/strangercam.com\/da\/coomeet\/\">m\u00f8des<\/a> your next date, show off your incredible music skills, have a random chat about football, have Adult Chat Rooms, or just chill and discuss the latest <a href=\"https:\/\/netflix.com\">Netflix<\/a> series with a stranger. It&#8217;s free and easy to Adult Chat Rooms and having fun. You never know who might be waiting for you on the other side of that webcam!<\/p>\n<p>Hvis du \u00f8nsker at komme i kontakt med nye mennesker anonymt, <a href=\"https:\/\/strangercam.com\/da\/chathub\/\">Tilf\u00e6ldig videochat<\/a> er den bedste og nemmeste m\u00e5de at g\u00f8re det p\u00e5, og StrangerCam er chatten <a href=\"https:\/\/strangercam.com\/da\/bazoocam\/\">cam<\/a> app, der vil tage dig derhen. Vi har optimeret vores app, s\u00e5 du kan v\u00e6lge pr\u00e6cis, hvem du vil camme med - en ny og innovativ m\u00e5de at komme i kontakt med fremmede p\u00e5.<\/p>\n<p>S\u00e5 hvad venter du p\u00e5?\u00a0<a href=\"#chatbox\"><strong>Deltag i chatrum for voksne nu!<\/strong><\/a><\/p>","protected":false},"excerpt":{"rendered":"<p>Welcome to . Join the video chat app that makes it easy to chat to random strangers, anonymously. offers video chat features including face masks, gender and country filters, private chat, and much more. Chat with random girls and boys online, anywhere in the world, instantaneously. Find a new friend, meet your next date, show [&hellip;]<\/p>\n","protected":false},"author":8,"featured_media":0,"parent":0,"menu_order":0,"comment_status":"closed","ping_status":"closed","template":"","meta":{"footnotes":""},"class_list":["post-4952","page","type-page","status-publish","hentry"],"yoast_head":"<!-- This site is optimized with the Yoast SEO plugin v27.4 - https:\/\/yoast.com\/product\/yoast-seo-wordpress\/ -->\n<title>Adult Chat Rooms - StrangerCam.com: Cam With Strangers<\/title>\n<meta name=\"description\" content=\"Adult Chat Rooms anonymously with over 5.000.000 strangers. No Sign-Up Required! Cam with strangers on StrangerCam.com.\" \/>\n<meta name=\"robots\" content=\"index, follow, max-snippet:-1, max-image-preview:large, max-video-preview:-1\" \/>\n<link rel=\"canonical\" href=\"https:\/\/strangercam.com\/da\/chatrum-for-voksne\/\" \/>\n<meta property=\"og:locale\" content=\"da_DK\" \/>\n<meta property=\"og:type\" content=\"article\" \/>\n<meta property=\"og:title\" content=\"Adult Chat Rooms - StrangerCam.com: Cam With Strangers\" \/>\n<meta property=\"og:description\" content=\"Adult Chat Rooms anonymously with over 5.000.000 strangers. No Sign-Up Required! Cam with strangers on StrangerCam.com.\" \/>\n<meta property=\"og:url\" content=\"https:\/\/strangercam.com\/da\/chatrum-for-voksne\/\" \/>\n<meta property=\"og:site_name\" content=\"Strangercam\" \/>\n<meta property=\"article:publisher\" content=\"https:\/\/www.facebook.com\/strangercam\" \/>\n<meta property=\"article:modified_time\" content=\"2023-09-12T13:16:14+00:00\" \/>\n<meta property=\"og:image\" content=\"https:\/\/strangercam.com\/wp-content\/uploads\/2021\/10\/Untitled-2.png\" \/>\n\t<meta property=\"og:image:width\" content=\"800\" \/>\n\t<meta property=\"og:image:height\" content=\"532\" \/>\n\t<meta property=\"og:image:type\" content=\"image\/png\" \/>\n<meta name=\"twitter:card\" content=\"summary_large_image\" \/>\n<meta name=\"twitter:site\" content=\"@strangercamapp\" \/>\n<meta name=\"twitter:label1\" content=\"Estimeret l\u00e6setid\" \/>\n\t<meta name=\"twitter:data1\" content=\"2 minutter\" \/>\n<script type=\"application\/ld+json\" class=\"yoast-schema-graph\">{\"@context\":\"https:\\\/\\\/schema.org\",\"@graph\":[{\"@type\":\"WebPage\",\"@id\":\"https:\\\/\\\/strangercam.com\\\/adult-chat-rooms\\\/\",\"url\":\"https:\\\/\\\/strangercam.com\\\/adult-chat-rooms\\\/\",\"name\":\"Adult Chat Rooms - StrangerCam.com: Cam With Strangers\",\"isPartOf\":{\"@id\":\"https:\\\/\\\/strangercam.com\\\/#website\"},\"datePublished\":\"2021-06-14T20:51:33+00:00\",\"dateModified\":\"2023-09-12T13:16:14+00:00\",\"description\":\"Adult Chat Rooms anonymously with over 5.000.000 strangers. No Sign-Up Required! Cam with strangers on StrangerCam.com.\",\"breadcrumb\":{\"@id\":\"https:\\\/\\\/strangercam.com\\\/adult-chat-rooms\\\/#breadcrumb\"},\"inLanguage\":\"da-DK\",\"potentialAction\":[{\"@type\":\"ReadAction\",\"target\":[\"https:\\\/\\\/strangercam.com\\\/adult-chat-rooms\\\/\"]}]},{\"@type\":\"BreadcrumbList\",\"@id\":\"https:\\\/\\\/strangercam.com\\\/adult-chat-rooms\\\/#breadcrumb\",\"itemListElement\":[{\"@type\":\"ListItem\",\"position\":1,\"name\":\"Home\",\"item\":\"https:\\\/\\\/strangercam.com\\\/\"},{\"@type\":\"ListItem\",\"position\":2,\"name\":\"Adult Chat Rooms\"}]},{\"@type\":\"WebSite\",\"@id\":\"https:\\\/\\\/strangercam.com\\\/#website\",\"url\":\"https:\\\/\\\/strangercam.com\\\/\",\"name\":\"Strangercam\",\"description\":\"Random Video Chat with Strangers\",\"publisher\":{\"@id\":\"https:\\\/\\\/strangercam.com\\\/#organization\"},\"alternateName\":\"Strangercam.com\",\"potentialAction\":[{\"@type\":\"SearchAction\",\"target\":{\"@type\":\"EntryPoint\",\"urlTemplate\":\"https:\\\/\\\/strangercam.com\\\/?s={search_term_string}\"},\"query-input\":{\"@type\":\"PropertyValueSpecification\",\"valueRequired\":true,\"valueName\":\"search_term_string\"}}],\"inLanguage\":\"da-DK\"},{\"@type\":\"Organization\",\"@id\":\"https:\\\/\\\/strangercam.com\\\/#organization\",\"name\":\"Strangercam\",\"alternateName\":\"Strangercam.com\",\"url\":\"https:\\\/\\\/strangercam.com\\\/\",\"logo\":{\"@type\":\"ImageObject\",\"inLanguage\":\"da-DK\",\"@id\":\"https:\\\/\\\/strangercam.com\\\/#\\\/schema\\\/logo\\\/image\\\/\",\"url\":\"https:\\\/\\\/strangercam.com\\\/wp-content\\\/uploads\\\/2020\\\/11\\\/cropped-new-favicon-black.png\",\"contentUrl\":\"https:\\\/\\\/strangercam.com\\\/wp-content\\\/uploads\\\/2020\\\/11\\\/cropped-new-favicon-black.png\",\"width\":512,\"height\":512,\"caption\":\"Strangercam\"},\"image\":{\"@id\":\"https:\\\/\\\/strangercam.com\\\/#\\\/schema\\\/logo\\\/image\\\/\"},\"sameAs\":[\"https:\\\/\\\/www.facebook.com\\\/strangercam\",\"https:\\\/\\\/x.com\\\/strangercamapp\"]}]}<\/script>\n<!-- \/ Yoast SEO plugin. -->","yoast_head_json":{"title":"Chatrum for voksne - StrangerCam.com: Cam med fremmede","description":"Chatrum for voksne anonymt med over 5.000.000 fremmede. Ingen tilmelding p\u00e5kr\u00e6vet! Cam med fremmede p\u00e5 StrangerCam.com.","robots":{"index":"index","follow":"follow","max-snippet":"max-snippet:-1","max-image-preview":"max-image-preview:large","max-video-preview":"max-video-preview:-1"},"canonical":"https:\/\/strangercam.com\/da\/chatrum-for-voksne\/","og_locale":"da_DK","og_type":"article","og_title":"Adult Chat Rooms - StrangerCam.com: Cam With Strangers","og_description":"Adult Chat Rooms anonymously with over 5.000.000 strangers. No Sign-Up Required! Cam with strangers on StrangerCam.com.","og_url":"https:\/\/strangercam.com\/da\/chatrum-for-voksne\/","og_site_name":"Strangercam","article_publisher":"https:\/\/www.facebook.com\/strangercam","article_modified_time":"2023-09-12T13:16:14+00:00","og_image":[{"width":800,"height":532,"url":"https:\/\/strangercam.com\/wp-content\/uploads\/2021\/10\/Untitled-2.png","type":"image\/png"}],"twitter_card":"summary_large_image","twitter_site":"@strangercamapp","twitter_misc":{"Estimeret l\u00e6setid":"2 minutter"},"schema":{"@context":"https:\/\/schema.org","@graph":[{"@type":"WebPage","@id":"https:\/\/strangercam.com\/adult-chat-rooms\/","url":"https:\/\/strangercam.com\/adult-chat-rooms\/","name":"Chatrum for voksne - StrangerCam.com: Cam med fremmede","isPartOf":{"@id":"https:\/\/strangercam.com\/#website"},"datePublished":"2021-06-14T20:51:33+00:00","dateModified":"2023-09-12T13:16:14+00:00","description":"Chatrum for voksne anonymt med over 5.000.000 fremmede. Ingen tilmelding p\u00e5kr\u00e6vet! Cam med fremmede p\u00e5 StrangerCam.com.","breadcrumb":{"@id":"https:\/\/strangercam.com\/adult-chat-rooms\/#breadcrumb"},"inLanguage":"da-DK","potentialAction":[{"@type":"ReadAction","target":["https:\/\/strangercam.com\/adult-chat-rooms\/"]}]},{"@type":"BreadcrumbList","@id":"https:\/\/strangercam.com\/adult-chat-rooms\/#breadcrumb","itemListElement":[{"@type":"ListItem","position":1,"name":"Home","item":"https:\/\/strangercam.com\/"},{"@type":"ListItem","position":2,"name":"Adult Chat Rooms"}]},{"@type":"WebSite","@id":"https:\/\/strangercam.com\/#website","url":"https:\/\/strangercam.com\/","name":"Strangercam","description":"Tilf\u00e6ldig videochat med fremmede","publisher":{"@id":"https:\/\/strangercam.com\/#organization"},"alternateName":"Strangercam.com","potentialAction":[{"@type":"SearchAction","target":{"@type":"EntryPoint","urlTemplate":"https:\/\/strangercam.com\/?s={search_term_string}"},"query-input":{"@type":"PropertyValueSpecification","valueRequired":true,"valueName":"search_term_string"}}],"inLanguage":"da-DK"},{"@type":"Organization","@id":"https:\/\/strangercam.com\/#organization","name":"Strangercam","alternateName":"Strangercam.com","url":"https:\/\/strangercam.com\/","logo":{"@type":"ImageObject","inLanguage":"da-DK","@id":"https:\/\/strangercam.com\/#\/schema\/logo\/image\/","url":"https:\/\/strangercam.com\/wp-content\/uploads\/2020\/11\/cropped-new-favicon-black.png","contentUrl":"https:\/\/strangercam.com\/wp-content\/uploads\/2020\/11\/cropped-new-favicon-black.png","width":512,"height":512,"caption":"Strangercam"},"image":{"@id":"https:\/\/strangercam.com\/#\/schema\/logo\/image\/"},"sameAs":["https:\/\/www.facebook.com\/strangercam","https:\/\/x.com\/strangercamapp"]}]}},"_links":{"self":[{"href":"https:\/\/strangercam.com\/da\/wp-json\/wp\/v2\/pages\/4952","targetHints":{"allow":["GET"]}}],"collection":[{"href":"https:\/\/strangercam.com\/da\/wp-json\/wp\/v2\/pages"}],"about":[{"href":"https:\/\/strangercam.com\/da\/wp-json\/wp\/v2\/types\/page"}],"author":[{"embeddable":true,"href":"https:\/\/strangercam.com\/da\/wp-json\/wp\/v2\/users\/8"}],"replies":[{"embeddable":true,"href":"https:\/\/strangercam.com\/da\/wp-json\/wp\/v2\/comments?post=4952"}],"version-history":[{"count":0,"href":"https:\/\/strangercam.com\/da\/wp-json\/wp\/v2\/pages\/4952\/revisions"}],"wp:attachment":[{"href":"https:\/\/strangercam.com\/da\/wp-json\/wp\/v2\/media?parent=4952"}],"curies":[{"name":"wp","href":"https:\/\/api.w.org\/{rel}","templated":true}]}}