{"id":4906,"date":"2021-06-14T19:57:32","date_gmt":"2021-06-14T17:57:32","guid":{"rendered":"https:\/\/strangercam.com\/?page_id=4906"},"modified":"2023-09-12T15:21:44","modified_gmt":"2023-09-12T13:21:44","slug":"bossechat","status":"publish","type":"page","link":"https:\/\/strangercam.com\/da\/gay-chat\/","title":{"rendered":"B\u00f8sse-chat"},"content":{"rendered":"<p>Velkommen til Gay <a href=\"https:\/\/strangercam.com\/da\/chatroulette\/\">Chat<\/a>. Join Gay Chat-videochat-appen g\u00f8r det nemt at chatte anonymt med tilf\u00e6ldige fremmede. Gay Chat tilbyder videochatfunktioner, herunder ansigtsmasker, k\u00f8n, landefiltre, privat chat og meget mere. Chat med tilf\u00e6ldige piger og drenge online, hvor som helst i verden, \u00f8jeblikkeligt.<a href=\"https:\/\/nlcbplaywheresults.com\/\">.<\/a> Find en ny ven, <a href=\"https:\/\/strangercam.com\/da\/coomeet\/\">m\u00f8des<\/a> din n\u00e6ste date, vise dine utrolige musikevner, have en tilf\u00e6ldig snak om fodbold, have Gay Chat eller slappe af og diskutere den seneste Netflix-serie med en fremmed. Det er gratis og nemt at Gaychatte og have det sjovt. Du ved aldrig, hvem der venter p\u00e5 dig p\u00e5 den anden side af webkameraet!<\/p>\n<p>Hvis du \u00f8nsker at komme i kontakt med nye mennesker anonymt,\u00a0<a href=\"https:\/\/strangercam.com\/da\/chathub\/\">Tilf\u00e6ldig videochat<\/a>\u00a0er den bedste og nemmeste m\u00e5de at g\u00f8re det p\u00e5, og StrangerCam er chatten <a href=\"https:\/\/strangercam.com\/da\/bazoocam\/\">cam<\/a> app, der tager dig derhen<a href=\"https:\/\/cashpotresulttoday.com\/\">.<\/a> Vi har optimeret vores app, s\u00e5 du kan v\u00e6lge pr\u00e6cis, hvem du vil f\u00f8lges med - en ny og innovativ m\u00e5de at komme i kontakt med fremmede p\u00e5.<\/p>\n<p>S\u00e5 hvad venter du p\u00e5? Join Gay Chat nu!<\/p>\n<h3>Gay chat er fremragende!<\/h3>\n<p>Det er ikke os, der siger det, men kunderne!<\/p>\n<p>Du t\u00e6nker m\u00e5ske, at det er derfor, det er s\u00e5 godt? Vi har alle svarene!<\/p>\n<p>Den er fantastisk p\u00e5 grund af sin enkelhed. Den er fantastisk p\u00e5 grund af de to involverede personers \u00e6gte f\u00f8lelser. Den er fremragende, fordi nogen k\u00e6mper med samfundet og st\u00e5r frem som homoseksuel og k\u00e6mper for det, han vil.<\/p>\n<p>Vi opfordrer vores bes\u00f8gende til at g\u00e5 efter og nyde det, de har lyst til. Vi giver dem de faciliteter, de \u00f8nsker sig!<\/p>\n<p>N\u00e5r det kommer til b\u00f8ssechat, kan du frit v\u00e6lge alt og alle p\u00e5 StrangerCam.<\/p>\n<h3>Anonym<\/h3>\n<p>Ingen kender dig, og du kender ingen! Det er der, sp\u00e6ndingen kommer ind!<\/p>\n<p>Du chatter med fremmede i en fuldst\u00e6ndig anonym tilstand. Vi matcher dig med fremmede over hele verden. Du kan tale med dem, mens vi passer p\u00e5 din identitet og dine oplysninger.<\/p>\n<p>Det er vigtigt at holde din identitet hemmelig, mens du chatter med fremmede, og vi er de bedste til det. Vores team af teknikere arbejder l\u00f8bende p\u00e5 det og beskytter dig mod alt, hvad der kan v\u00e6re skadeligt.<\/p>\n<p>At v\u00e6re anonym betyder ikke, at du ikke kan dele noget med fremmede. Vi introducerede anonym tilstand for at holde dig sikker, ikke for at holde dig i en kasse.<\/p>\n<p>Du kan dele dine grundl\u00e6ggende oplysninger med de fremmede, du kan lide. Disse fremmede kan ogs\u00e5 dele deres grundl\u00e6ggende oplysninger med dig.<br \/>\nOg hvis I kan lide hinanden, og tingene viser sig at v\u00e6re gode, kan I ogs\u00e5 planl\u00e6gge en date!<\/p>\n<p>Det er obligatorisk at dele oplysninger til en date. Vi vil dog gerne sige, at du b\u00f8r overveje alt, f\u00f8r du beslutter dig for at m\u00f8de dit match personligt.<\/p>\n<h3>Privatlivets fred<\/h3>\n<p>Vi har en fast privatlivspolitik!<\/p>\n<p>Vi deler ikke dine data med nogen, ikke engang med andre fremmede, der taler med dig. Vi overlader det helt til dig at fort\u00e6lle dem om dig til andre mennesker. Hvis du ikke \u00f8nsker det, kan ingen vide, hvem du er, og hvor du kommer fra.<\/p>\n<p>Det er almindelig praksis at s\u00e6lge kundedata til tredjepartsvirksomheder, men ikke for os. Vi mener, at kundernes privatliv er en vigtig faktor i onlinechat. Derfor deler eller s\u00e6lger vi ikke dine data med nogen til noget form\u00e5l, f.eks. markedsf\u00f8ring og reklame.<br \/>\nDu er velkommen til at bes\u00f8ge StrangerCam. Det er trygt og sikkert. Du vil f\u00f8le dig hjemme!<\/p>\n<h3>Sikkert milj\u00f8<\/h3>\n<p>Hvis du vil i kontakt med drenge og piger fra hele verden, er der ikke noget mere sikkert sted at g\u00f8re det end StrangerCam. Vi forst\u00e5r bekymringerne vedr\u00f8rende online voksenchat. Derfor fors\u00f8ger vores team l\u00f8bende at optimere alt for dig.<\/p>\n<p>Du er velkommen til at tale med fremmede, for du har vores ryg. Det er en voksenplatform, men det betyder ikke, at vi har ladet den v\u00e6re \u00e5ben for alt. Hvis nogen mobber dig eller kommer med en s\u00e5dan kommentar, kan du klage direkte. Den anden part vil blive blokeret fra at bruge StrangerCam nogensinde.<\/p>\n<h3>Kontrol<\/h3>\n<p>Det er vigtigt at have kontrol over, hvad du g\u00f8r online. Is\u00e6r n\u00e5r det g\u00e6lder videochat for voksne, kan det nogle gange v\u00e6re risikabelt, fordi folk kan misbruge de oplysninger, du har givet p\u00e5 platformen eller andre.<\/p>\n<p>Men i dette tilf\u00e6lde beh\u00f8ver du ikke bekymre dig om noget s\u00e5dant. Der er flere funktioner p\u00e5 webstedet, der hj\u00e6lper med at beskytte dig mod enhver s\u00e5dan ulykke. Under videochatten kan du bruge et filter til at skjule dit ansigt. P\u00e5 denne m\u00e5de vil den anden person aldrig vide, hvem de taler med. Medmindre og indtil du selv fort\u00e6ller dem det.<\/p>\n<p>Er det ikke fantastisk at have kontrol over tingene og bruge dem til din fordel? Jo, det er det!<\/p>","protected":false},"excerpt":{"rendered":"<p>Welcome to Gay Chat. Join the Gay Chat\u00a0video chat app, making it easy to chat with random strangers anonymously. Gay Chat offers video chat features including face masks, gender, country filters, private Chat, and much more. Chat with random girls and boys online, anywhere in the world, instantaneously. Find a new friend, meet your next [&hellip;]<\/p>\n","protected":false},"author":8,"featured_media":0,"parent":0,"menu_order":0,"comment_status":"closed","ping_status":"closed","template":"","meta":{"footnotes":""},"class_list":["post-4906","page","type-page","status-publish","hentry"],"yoast_head":"<!-- This site is optimized with the Yoast SEO plugin v27.4 - https:\/\/yoast.com\/product\/yoast-seo-wordpress\/ -->\n<title>Gay Chat - StrangerCam.com: Cam With Strangers<\/title>\n<meta name=\"description\" content=\"Gay Chat anonymously with over 5.000.000 strangers. No Sign-Up Required! Cam with strangers on StrangerCam.com.\" \/>\n<meta name=\"robots\" content=\"index, follow, max-snippet:-1, max-image-preview:large, max-video-preview:-1\" \/>\n<link rel=\"canonical\" href=\"https:\/\/strangercam.com\/da\/bossechat\/\" \/>\n<meta property=\"og:locale\" content=\"da_DK\" \/>\n<meta property=\"og:type\" content=\"article\" \/>\n<meta property=\"og:title\" content=\"Gay Chat - StrangerCam.com: Cam With Strangers\" \/>\n<meta property=\"og:description\" content=\"Gay Chat anonymously with over 5.000.000 strangers. No Sign-Up Required! Cam with strangers on StrangerCam.com.\" \/>\n<meta property=\"og:url\" content=\"https:\/\/strangercam.com\/da\/bossechat\/\" \/>\n<meta property=\"og:site_name\" content=\"Strangercam\" \/>\n<meta property=\"article:publisher\" content=\"https:\/\/www.facebook.com\/strangercam\" \/>\n<meta property=\"article:modified_time\" content=\"2023-09-12T13:21:44+00:00\" \/>\n<meta property=\"og:image\" content=\"https:\/\/strangercam.com\/wp-content\/uploads\/2021\/10\/Untitled-2.png\" \/>\n\t<meta property=\"og:image:width\" content=\"800\" \/>\n\t<meta property=\"og:image:height\" content=\"532\" \/>\n\t<meta property=\"og:image:type\" content=\"image\/png\" \/>\n<meta name=\"twitter:card\" content=\"summary_large_image\" \/>\n<meta name=\"twitter:site\" content=\"@strangercamapp\" \/>\n<meta name=\"twitter:label1\" content=\"Estimeret l\u00e6setid\" \/>\n\t<meta name=\"twitter:data1\" content=\"4 minutter\" \/>\n<script type=\"application\/ld+json\" class=\"yoast-schema-graph\">{\"@context\":\"https:\\\/\\\/schema.org\",\"@graph\":[{\"@type\":\"WebPage\",\"@id\":\"https:\\\/\\\/strangercam.com\\\/gay-chat\\\/\",\"url\":\"https:\\\/\\\/strangercam.com\\\/gay-chat\\\/\",\"name\":\"Gay Chat - StrangerCam.com: Cam With Strangers\",\"isPartOf\":{\"@id\":\"https:\\\/\\\/strangercam.com\\\/#website\"},\"datePublished\":\"2021-06-14T17:57:32+00:00\",\"dateModified\":\"2023-09-12T13:21:44+00:00\",\"description\":\"Gay Chat anonymously with over 5.000.000 strangers. No Sign-Up Required! Cam with strangers on StrangerCam.com.\",\"breadcrumb\":{\"@id\":\"https:\\\/\\\/strangercam.com\\\/gay-chat\\\/#breadcrumb\"},\"inLanguage\":\"da-DK\",\"potentialAction\":[{\"@type\":\"ReadAction\",\"target\":[\"https:\\\/\\\/strangercam.com\\\/gay-chat\\\/\"]}]},{\"@type\":\"BreadcrumbList\",\"@id\":\"https:\\\/\\\/strangercam.com\\\/gay-chat\\\/#breadcrumb\",\"itemListElement\":[{\"@type\":\"ListItem\",\"position\":1,\"name\":\"Home\",\"item\":\"https:\\\/\\\/strangercam.com\\\/\"},{\"@type\":\"ListItem\",\"position\":2,\"name\":\"Gay Chat\"}]},{\"@type\":\"WebSite\",\"@id\":\"https:\\\/\\\/strangercam.com\\\/#website\",\"url\":\"https:\\\/\\\/strangercam.com\\\/\",\"name\":\"Strangercam\",\"description\":\"Random Video Chat with Strangers\",\"publisher\":{\"@id\":\"https:\\\/\\\/strangercam.com\\\/#organization\"},\"alternateName\":\"Strangercam.com\",\"potentialAction\":[{\"@type\":\"SearchAction\",\"target\":{\"@type\":\"EntryPoint\",\"urlTemplate\":\"https:\\\/\\\/strangercam.com\\\/?s={search_term_string}\"},\"query-input\":{\"@type\":\"PropertyValueSpecification\",\"valueRequired\":true,\"valueName\":\"search_term_string\"}}],\"inLanguage\":\"da-DK\"},{\"@type\":\"Organization\",\"@id\":\"https:\\\/\\\/strangercam.com\\\/#organization\",\"name\":\"Strangercam\",\"alternateName\":\"Strangercam.com\",\"url\":\"https:\\\/\\\/strangercam.com\\\/\",\"logo\":{\"@type\":\"ImageObject\",\"inLanguage\":\"da-DK\",\"@id\":\"https:\\\/\\\/strangercam.com\\\/#\\\/schema\\\/logo\\\/image\\\/\",\"url\":\"https:\\\/\\\/strangercam.com\\\/wp-content\\\/uploads\\\/2020\\\/11\\\/cropped-new-favicon-black.png\",\"contentUrl\":\"https:\\\/\\\/strangercam.com\\\/wp-content\\\/uploads\\\/2020\\\/11\\\/cropped-new-favicon-black.png\",\"width\":512,\"height\":512,\"caption\":\"Strangercam\"},\"image\":{\"@id\":\"https:\\\/\\\/strangercam.com\\\/#\\\/schema\\\/logo\\\/image\\\/\"},\"sameAs\":[\"https:\\\/\\\/www.facebook.com\\\/strangercam\",\"https:\\\/\\\/x.com\\\/strangercamapp\"]}]}<\/script>\n<!-- \/ Yoast SEO plugin. -->","yoast_head_json":{"title":"B\u00f8ssechat - StrangerCam.com: Cam med fremmede","description":"Gay Chat anonymt med over 5.000.000 fremmede. Ingen tilmelding p\u00e5kr\u00e6vet! Cam med fremmede p\u00e5 StrangerCam.com.","robots":{"index":"index","follow":"follow","max-snippet":"max-snippet:-1","max-image-preview":"max-image-preview:large","max-video-preview":"max-video-preview:-1"},"canonical":"https:\/\/strangercam.com\/da\/bossechat\/","og_locale":"da_DK","og_type":"article","og_title":"Gay Chat - StrangerCam.com: Cam With Strangers","og_description":"Gay Chat anonymously with over 5.000.000 strangers. No Sign-Up Required! Cam with strangers on StrangerCam.com.","og_url":"https:\/\/strangercam.com\/da\/bossechat\/","og_site_name":"Strangercam","article_publisher":"https:\/\/www.facebook.com\/strangercam","article_modified_time":"2023-09-12T13:21:44+00:00","og_image":[{"width":800,"height":532,"url":"https:\/\/strangercam.com\/wp-content\/uploads\/2021\/10\/Untitled-2.png","type":"image\/png"}],"twitter_card":"summary_large_image","twitter_site":"@strangercamapp","twitter_misc":{"Estimeret l\u00e6setid":"4 minutter"},"schema":{"@context":"https:\/\/schema.org","@graph":[{"@type":"WebPage","@id":"https:\/\/strangercam.com\/gay-chat\/","url":"https:\/\/strangercam.com\/gay-chat\/","name":"B\u00f8ssechat - StrangerCam.com: Cam med fremmede","isPartOf":{"@id":"https:\/\/strangercam.com\/#website"},"datePublished":"2021-06-14T17:57:32+00:00","dateModified":"2023-09-12T13:21:44+00:00","description":"Gay Chat anonymt med over 5.000.000 fremmede. Ingen tilmelding p\u00e5kr\u00e6vet! Cam med fremmede p\u00e5 StrangerCam.com.","breadcrumb":{"@id":"https:\/\/strangercam.com\/gay-chat\/#breadcrumb"},"inLanguage":"da-DK","potentialAction":[{"@type":"ReadAction","target":["https:\/\/strangercam.com\/gay-chat\/"]}]},{"@type":"BreadcrumbList","@id":"https:\/\/strangercam.com\/gay-chat\/#breadcrumb","itemListElement":[{"@type":"ListItem","position":1,"name":"Home","item":"https:\/\/strangercam.com\/"},{"@type":"ListItem","position":2,"name":"Gay Chat"}]},{"@type":"WebSite","@id":"https:\/\/strangercam.com\/#website","url":"https:\/\/strangercam.com\/","name":"Strangercam","description":"Tilf\u00e6ldig videochat med fremmede","publisher":{"@id":"https:\/\/strangercam.com\/#organization"},"alternateName":"Strangercam.com","potentialAction":[{"@type":"SearchAction","target":{"@type":"EntryPoint","urlTemplate":"https:\/\/strangercam.com\/?s={search_term_string}"},"query-input":{"@type":"PropertyValueSpecification","valueRequired":true,"valueName":"search_term_string"}}],"inLanguage":"da-DK"},{"@type":"Organization","@id":"https:\/\/strangercam.com\/#organization","name":"Strangercam","alternateName":"Strangercam.com","url":"https:\/\/strangercam.com\/","logo":{"@type":"ImageObject","inLanguage":"da-DK","@id":"https:\/\/strangercam.com\/#\/schema\/logo\/image\/","url":"https:\/\/strangercam.com\/wp-content\/uploads\/2020\/11\/cropped-new-favicon-black.png","contentUrl":"https:\/\/strangercam.com\/wp-content\/uploads\/2020\/11\/cropped-new-favicon-black.png","width":512,"height":512,"caption":"Strangercam"},"image":{"@id":"https:\/\/strangercam.com\/#\/schema\/logo\/image\/"},"sameAs":["https:\/\/www.facebook.com\/strangercam","https:\/\/x.com\/strangercamapp"]}]}},"_links":{"self":[{"href":"https:\/\/strangercam.com\/da\/wp-json\/wp\/v2\/pages\/4906","targetHints":{"allow":["GET"]}}],"collection":[{"href":"https:\/\/strangercam.com\/da\/wp-json\/wp\/v2\/pages"}],"about":[{"href":"https:\/\/strangercam.com\/da\/wp-json\/wp\/v2\/types\/page"}],"author":[{"embeddable":true,"href":"https:\/\/strangercam.com\/da\/wp-json\/wp\/v2\/users\/8"}],"replies":[{"embeddable":true,"href":"https:\/\/strangercam.com\/da\/wp-json\/wp\/v2\/comments?post=4906"}],"version-history":[{"count":0,"href":"https:\/\/strangercam.com\/da\/wp-json\/wp\/v2\/pages\/4906\/revisions"}],"wp:attachment":[{"href":"https:\/\/strangercam.com\/da\/wp-json\/wp\/v2\/media?parent=4906"}],"curies":[{"name":"wp","href":"https:\/\/api.w.org\/{rel}","templated":true}]}}