{"id":4887,"date":"2021-06-14T19:18:17","date_gmt":"2021-06-14T17:18:17","guid":{"rendered":"https:\/\/strangercam.com\/?page_id=4887"},"modified":"2023-08-21T12:40:47","modified_gmt":"2023-08-21T10:40:47","slug":"fremmed-chat","status":"publish","type":"page","link":"https:\/\/strangercam.com\/da\/fremmed-chat\/","title":{"rendered":"Fremmed chat"},"content":{"rendered":"<p>Velkommen til Stranger <a href=\"https:\/\/strangercam.com\/da\/chathub\/\">Chat<\/a>. Join videochat-appen Stranger Chat g\u00f8r det nemt at chatte anonymt med tilf\u00e6ldige fremmede.<a href=\"https:\/\/cashpotresulttoday.com\/\">.<\/a> Stranger Chat tilbyder videochatfunktioner, herunder ansigtsmasker, k\u00f8ns- og landefiltre, privat chat og meget mere. Chat med tilf\u00e6ldige piger og drenge online, hvor som helst i verden, med det samme. Find en ny ven, <a href=\"https:\/\/strangercam.com\/da\/coomeet\/\">m\u00f8des<\/a> din n\u00e6ste date, vis dine utrolige musikevner, tag en tilf\u00e6ldig snak om fodbold, tag en Stranger Chat, eller bare slap af og diskuter den seneste Netflix-serie med en fremmed. Det er gratis og nemt at strangerchatte og have det sjovt. Du ved aldrig, hvem der venter p\u00e5 dig p\u00e5 den anden side af webkameraet!<\/p>\n<p>Vi har alle brug for en aktivitet til at muntre os op, og ingen aktivitet er bedre end at tale med andre mennesker og dele erfaringer med dem.<a href=\"https:\/\/nlcbplaywheresults.com\/\">.<\/a> F\u00f8r i tiden var det ikke let, men ikke l\u00e6ngere. StrangerCam giver dig en fremragende mulighed for at tale med fremmede over hele verden. Join os og hav det sjovt!<\/p>\n<p>Hvis du \u00f8nsker at komme i kontakt med nye mennesker anonymt, er tilf\u00e6ldig videochat den bedste og nemmeste m\u00e5de at g\u00f8re det p\u00e5, og StrangerCam er chatten <a href=\"https:\/\/strangercam.com\/da\/bazoocam\/\">cam<\/a> app, der vil tage dig derhen. Vi har optimeret vores app, s\u00e5 du kan v\u00e6lge pr\u00e6cis, hvem du vil camme med - en ny og innovativ m\u00e5de at komme i kontakt med fremmede p\u00e5.<\/p>\n<p>S\u00e5 hvad venter du p\u00e5? Join Stranger Chat nu!<\/p>\n<h2>Find nye mennesker online med lethed p\u00e5 StrangerCam<\/h2>\n<p>Det har aldrig v\u00e6ret s\u00e5 nemt at finde nye mennesker online!<\/p>\n<p>At finde nye mennesker p\u00e5 <a href=\"https:\/\/strangercam.com\/da\/chatroulette\/\">Chatroulette<\/a> er sjovt. StrangerCam er en online platform. Den giver brugerne mulighed for at chatte med fremmede uden nogen form for registrering. Den har kun webcam-funktionen i midten, der g\u00f8r det muligt for en person at starte en chat hurtigt. Der er mange chatmuligheder tilg\u00e6ngelige p\u00e5 platformen. Du kan starte en chat p\u00e5 f\u00e5 sekunder. Bare \u00e5bn hjemmesiden, indtast dit k\u00f8n og v\u00e6lg det land, du \u00f8nsker. Vi finder de potentielle matches, du leder efter.<\/p>\n<p>Det giver ogs\u00e5 brugerne mulighed for at chatte og dele vigtige oplysninger med udvalgte personer. Tjenesterne er helt gratis og giver brugerne mulighed for at finde fremmede med f\u00e6lles interesser. Brugerne kan ogs\u00e5 trykke p\u00e5 skip, hvis de ikke kan lide at chatte med dem, og g\u00e5 videre til den n\u00e6ste. Alt, hvad vi g\u00f8r, er at holde vores kunder tilfredse p\u00e5 alle mulige m\u00e5der.<\/p>\n<h2>Udv\u00e6lgelse<\/h2>\n<p>Hver gang du \u00e5bner hjemmesiden, vil du blive pr\u00e6senteret for forskellige muligheder at v\u00e6lge imellem. Du f\u00e5r mulighed for at v\u00e6lge det k\u00f8n, du \u00f8nsker. StrangerCam vil s\u00e5 gennem sit st\u00e6rke AI-netv\u00e6rk finde dit match.<br \/>\nDet er fantastisk at have mulighed for at bestemme dine valg, hver gang du bruger platformen. Du f\u00f8ler, at du har al magt over, hvem du vil tale og chatte med for sjov. Vi styrker vores kunder. Du kan ikke tale med nogen uden deres samtykke. Begge parter skal v\u00e6lge. Og du vil blive matchet, hvis du v\u00e6lger nogen tilbage. S\u00e5 l\u00e6nge begge parter er enige om at tale med hinanden, kan de tale sammen uden begr\u00e6nsninger og bekymringer.<\/p>\n<h2>Kontrol over information og let at finde et potentielt match<\/h2>\n<p>Vi h\u00e5ber, at du allerede har forst\u00e5et det meste om denne fantastiske videochatplatform for voksne. Men der er noget mere vigtigt at n\u00e6vne her!<\/p>\n<p>Vi deler ikke dine oplysninger med nogen. Vi er her for at beskytte dig p\u00e5 alle m\u00e5der. Dine oplysninger er sikre hos os. Vi deler ikke dine oplysninger med nogen som helst.<\/p>\n<p>P\u00e5 samme m\u00e5de er vi her for at hj\u00e6lpe dig. Vores intelligente system hj\u00e6lper dig med at finde den type person, du leder efter!<br \/>\nDu har masser af muligheder at v\u00e6lge imellem. Verden ligger \u00e5ben for dig. G\u00e5 ud og tag, hvad der er dit!<\/p>","protected":false},"excerpt":{"rendered":"<p>Welcome to Stranger Chat. Join the Stranger Chat video chat app, making it easy to chat with random strangers anonymously. Stranger Chat offers video chat features including face masks, gender and country filters, private chat, and much more. Chat with random girls and boys online, anywhere in the world, instantaneously. Find a new friend, meet [&hellip;]<\/p>\n","protected":false},"author":6,"featured_media":0,"parent":0,"menu_order":0,"comment_status":"closed","ping_status":"closed","template":"","meta":{"footnotes":""},"class_list":["post-4887","page","type-page","status-publish","hentry"],"yoast_head":"<!-- This site is optimized with the Yoast SEO plugin v26.9 - https:\/\/yoast.com\/product\/yoast-seo-wordpress\/ -->\n<title>Stranger Chat - StrangerCam.com: Cam With Strangers<\/title>\n<meta name=\"description\" content=\"Stranger Chat anonymously with over 5.000.000 strangers. No Sign-Up Required! Cam with strangers on StrangerCam.com.\" \/>\n<meta name=\"robots\" content=\"index, follow, max-snippet:-1, max-image-preview:large, max-video-preview:-1\" \/>\n<link rel=\"canonical\" href=\"https:\/\/strangercam.com\/da\/fremmed-chat\/\" \/>\n<meta property=\"og:locale\" content=\"da_DK\" \/>\n<meta property=\"og:type\" content=\"article\" \/>\n<meta property=\"og:title\" content=\"Stranger Chat - StrangerCam.com: Cam With Strangers\" \/>\n<meta property=\"og:description\" content=\"Stranger Chat anonymously with over 5.000.000 strangers. No Sign-Up Required! Cam with strangers on StrangerCam.com.\" \/>\n<meta property=\"og:url\" content=\"https:\/\/strangercam.com\/da\/fremmed-chat\/\" \/>\n<meta property=\"og:site_name\" content=\"Strangercam\" \/>\n<meta property=\"article:publisher\" content=\"https:\/\/www.facebook.com\/strangercam\" \/>\n<meta property=\"article:modified_time\" content=\"2023-08-21T10:40:47+00:00\" \/>\n<meta property=\"og:image\" content=\"https:\/\/strangercam.com\/wp-content\/uploads\/2021\/10\/Untitled-2.png\" \/>\n\t<meta property=\"og:image:width\" content=\"800\" \/>\n\t<meta property=\"og:image:height\" content=\"532\" \/>\n\t<meta property=\"og:image:type\" content=\"image\/png\" \/>\n<meta name=\"twitter:card\" content=\"summary_large_image\" \/>\n<meta name=\"twitter:site\" content=\"@strangercamapp\" \/>\n<meta name=\"twitter:label1\" content=\"Estimeret l\u00e6setid\" \/>\n\t<meta name=\"twitter:data1\" content=\"3 minutter\" \/>\n<script type=\"application\/ld+json\" class=\"yoast-schema-graph\">{\"@context\":\"https:\/\/schema.org\",\"@graph\":[{\"@type\":\"WebPage\",\"@id\":\"https:\/\/strangercam.com\/stranger-chat\/\",\"url\":\"https:\/\/strangercam.com\/stranger-chat\/\",\"name\":\"Stranger Chat - StrangerCam.com: Cam With Strangers\",\"isPartOf\":{\"@id\":\"https:\/\/strangercam.com\/#website\"},\"datePublished\":\"2021-06-14T17:18:17+00:00\",\"dateModified\":\"2023-08-21T10:40:47+00:00\",\"description\":\"Stranger Chat anonymously with over 5.000.000 strangers. No Sign-Up Required! Cam with strangers on StrangerCam.com.\",\"breadcrumb\":{\"@id\":\"https:\/\/strangercam.com\/stranger-chat\/#breadcrumb\"},\"inLanguage\":\"da-DK\",\"potentialAction\":[{\"@type\":\"ReadAction\",\"target\":[\"https:\/\/strangercam.com\/stranger-chat\/\"]}]},{\"@type\":\"BreadcrumbList\",\"@id\":\"https:\/\/strangercam.com\/stranger-chat\/#breadcrumb\",\"itemListElement\":[{\"@type\":\"ListItem\",\"position\":1,\"name\":\"Home\",\"item\":\"https:\/\/strangercam.com\/\"},{\"@type\":\"ListItem\",\"position\":2,\"name\":\"Stranger Chat\"}]},{\"@type\":\"WebSite\",\"@id\":\"https:\/\/strangercam.com\/#website\",\"url\":\"https:\/\/strangercam.com\/\",\"name\":\"Strangercam\",\"description\":\"Random Video Chat with Strangers\",\"publisher\":{\"@id\":\"https:\/\/strangercam.com\/#organization\"},\"alternateName\":\"Strangercam.com\",\"potentialAction\":[{\"@type\":\"SearchAction\",\"target\":{\"@type\":\"EntryPoint\",\"urlTemplate\":\"https:\/\/strangercam.com\/?s={search_term_string}\"},\"query-input\":{\"@type\":\"PropertyValueSpecification\",\"valueRequired\":true,\"valueName\":\"search_term_string\"}}],\"inLanguage\":\"da-DK\"},{\"@type\":\"Organization\",\"@id\":\"https:\/\/strangercam.com\/#organization\",\"name\":\"Strangercam\",\"alternateName\":\"Strangercam.com\",\"url\":\"https:\/\/strangercam.com\/\",\"logo\":{\"@type\":\"ImageObject\",\"inLanguage\":\"da-DK\",\"@id\":\"https:\/\/strangercam.com\/#\/schema\/logo\/image\/\",\"url\":\"https:\/\/strangercam.com\/wp-content\/uploads\/2020\/11\/cropped-new-favicon-black.png\",\"contentUrl\":\"https:\/\/strangercam.com\/wp-content\/uploads\/2020\/11\/cropped-new-favicon-black.png\",\"width\":512,\"height\":512,\"caption\":\"Strangercam\"},\"image\":{\"@id\":\"https:\/\/strangercam.com\/#\/schema\/logo\/image\/\"},\"sameAs\":[\"https:\/\/www.facebook.com\/strangercam\",\"https:\/\/x.com\/strangercamapp\"]}]}<\/script>\n<!-- \/ Yoast SEO plugin. -->","yoast_head_json":{"title":"Fremmed chat - StrangerCam.com: Cam med fremmede","description":"Stranger Chat anonymt med over 5.000.000 fremmede. Ingen tilmelding p\u00e5kr\u00e6vet! Cam med fremmede p\u00e5 StrangerCam.com.","robots":{"index":"index","follow":"follow","max-snippet":"max-snippet:-1","max-image-preview":"max-image-preview:large","max-video-preview":"max-video-preview:-1"},"canonical":"https:\/\/strangercam.com\/da\/fremmed-chat\/","og_locale":"da_DK","og_type":"article","og_title":"Stranger Chat - StrangerCam.com: Cam With Strangers","og_description":"Stranger Chat anonymously with over 5.000.000 strangers. No Sign-Up Required! Cam with strangers on StrangerCam.com.","og_url":"https:\/\/strangercam.com\/da\/fremmed-chat\/","og_site_name":"Strangercam","article_publisher":"https:\/\/www.facebook.com\/strangercam","article_modified_time":"2023-08-21T10:40:47+00:00","og_image":[{"width":800,"height":532,"url":"https:\/\/strangercam.com\/wp-content\/uploads\/2021\/10\/Untitled-2.png","type":"image\/png"}],"twitter_card":"summary_large_image","twitter_site":"@strangercamapp","twitter_misc":{"Estimeret l\u00e6setid":"3 minutter"},"schema":{"@context":"https:\/\/schema.org","@graph":[{"@type":"WebPage","@id":"https:\/\/strangercam.com\/stranger-chat\/","url":"https:\/\/strangercam.com\/stranger-chat\/","name":"Fremmed chat - StrangerCam.com: Cam med fremmede","isPartOf":{"@id":"https:\/\/strangercam.com\/#website"},"datePublished":"2021-06-14T17:18:17+00:00","dateModified":"2023-08-21T10:40:47+00:00","description":"Stranger Chat anonymt med over 5.000.000 fremmede. Ingen tilmelding p\u00e5kr\u00e6vet! Cam med fremmede p\u00e5 StrangerCam.com.","breadcrumb":{"@id":"https:\/\/strangercam.com\/stranger-chat\/#breadcrumb"},"inLanguage":"da-DK","potentialAction":[{"@type":"ReadAction","target":["https:\/\/strangercam.com\/stranger-chat\/"]}]},{"@type":"BreadcrumbList","@id":"https:\/\/strangercam.com\/stranger-chat\/#breadcrumb","itemListElement":[{"@type":"ListItem","position":1,"name":"Home","item":"https:\/\/strangercam.com\/"},{"@type":"ListItem","position":2,"name":"Stranger Chat"}]},{"@type":"WebSite","@id":"https:\/\/strangercam.com\/#website","url":"https:\/\/strangercam.com\/","name":"Strangercam","description":"Tilf\u00e6ldig videochat med fremmede","publisher":{"@id":"https:\/\/strangercam.com\/#organization"},"alternateName":"Strangercam.com","potentialAction":[{"@type":"SearchAction","target":{"@type":"EntryPoint","urlTemplate":"https:\/\/strangercam.com\/?s={search_term_string}"},"query-input":{"@type":"PropertyValueSpecification","valueRequired":true,"valueName":"search_term_string"}}],"inLanguage":"da-DK"},{"@type":"Organization","@id":"https:\/\/strangercam.com\/#organization","name":"Strangercam","alternateName":"Strangercam.com","url":"https:\/\/strangercam.com\/","logo":{"@type":"ImageObject","inLanguage":"da-DK","@id":"https:\/\/strangercam.com\/#\/schema\/logo\/image\/","url":"https:\/\/strangercam.com\/wp-content\/uploads\/2020\/11\/cropped-new-favicon-black.png","contentUrl":"https:\/\/strangercam.com\/wp-content\/uploads\/2020\/11\/cropped-new-favicon-black.png","width":512,"height":512,"caption":"Strangercam"},"image":{"@id":"https:\/\/strangercam.com\/#\/schema\/logo\/image\/"},"sameAs":["https:\/\/www.facebook.com\/strangercam","https:\/\/x.com\/strangercamapp"]}]}},"_links":{"self":[{"href":"https:\/\/strangercam.com\/da\/wp-json\/wp\/v2\/pages\/4887","targetHints":{"allow":["GET"]}}],"collection":[{"href":"https:\/\/strangercam.com\/da\/wp-json\/wp\/v2\/pages"}],"about":[{"href":"https:\/\/strangercam.com\/da\/wp-json\/wp\/v2\/types\/page"}],"author":[{"embeddable":true,"href":"https:\/\/strangercam.com\/da\/wp-json\/wp\/v2\/users\/6"}],"replies":[{"embeddable":true,"href":"https:\/\/strangercam.com\/da\/wp-json\/wp\/v2\/comments?post=4887"}],"version-history":[{"count":0,"href":"https:\/\/strangercam.com\/da\/wp-json\/wp\/v2\/pages\/4887\/revisions"}],"wp:attachment":[{"href":"https:\/\/strangercam.com\/da\/wp-json\/wp\/v2\/media?parent=4887"}],"curies":[{"name":"wp","href":"https:\/\/api.w.org\/{rel}","templated":true}]}}