{"id":4073,"date":"2025-09-03T11:52:49","date_gmt":"2025-09-03T09:52:49","guid":{"rendered":"https:\/\/strangercam.com\/?page_id=4073"},"modified":"2025-09-03T13:47:51","modified_gmt":"2025-09-03T11:47:51","slug":"cam-chat","status":"publish","type":"page","link":"https:\/\/strangercam.com\/da\/cam-chat\/","title":{"rendered":"Cam Chat"},"content":{"rendered":"<p>Leder du efter det bedste sted at nyde <a href=\"https:\/\/strangercam.com\/da\/bazoocam\/\">cam<\/a> chat? Du er ikke alene. Hver dag bruger millioner af mennesker over hele verden cam-chatplatforme til at m\u00f8de nye mennesker, have sjove samtaler og skabe spontane forbindelser online. I mods\u00e6tning til dating-apps eller sociale netv\u00e6rk, der kr\u00e6ver endel\u00f8s scrolling eller swiping, er cam-chat \u00f8jeblikkelig, \u00e6gte og sp\u00e6ndende - du trykker p\u00e5 en knap, og inden for f\u00e5 sekunder st\u00e5r du ansigt til ansigt med en fremmed.<\/p>\n<p>I 2025 g\u00f8r platforme som StrangerCam det nemmere end nogensinde at nyde <a href=\"https:\/\/strangercam.com\/da\/cam-to-cam-chat\/\">Gratis kamera<\/a> chat - ingen tilmeldinger, ingen downloads og ingen skjulte gebyrer. Uanset om du \u00f8nsker at f\u00e5 venner, \u00f8ve dig p\u00e5 et nyt sprog, nyde en afslappet flirt eller bare afhj\u00e6lpe kedsomhed, er cam-chat en af de sjoveste og mest uforudsigelige m\u00e5der at komme i kontakt med andre p\u00e5 nettet.<\/p>\n<p>Denne guide d\u00e6kker alt, hvad du har brug for at vide: hvad camchat er, hvorfor det er s\u00e5 popul\u00e6rt, hvordan det fungerer, hvilke funktioner du skal kigge efter, sammenligninger af platforme, sikkerhedstips, og hvorfor StrangerCam er et af de bedste valg, der findes i dag.<\/p>\n<h2>Hvad er cam-chat?<\/h2>\n<p>Cam chat er en onlinetjeneste, der giver dig mulighed for at komme i kontakt med fremmede med det samme gennem live videoopkald ved hj\u00e6lp af dit webcam og din mikrofon. I mods\u00e6tning til chatrum med kun tekst tilbyder cam-chat interaktion ansigt til ansigt, hvilket g\u00f8r oplevelsen meget mere \u00e6gte og spontan.<\/p>\n<p>Ideen er enkel: Du aktiverer dit webcam, klikker p\u00e5 \"Start Chat\", og s\u00e5 bliver du straks parret med en anden person. Hvis samtalen ikke klikker, skal du bare trykke p\u00e5 N\u00e6ste for at blive matchet med en anden.<\/p>\n<h2>Hvorfor folk elsker gratis cam-chat<\/h2>\n<p>Den stigende popularitet af gratis camchat er ingen overraskelse. Her er grunden til, at folk over hele verden bruger det dagligt:<\/p>\n<ul>\n<li>Spontan sjov: Man ved aldrig, hvem man m\u00f8der n\u00e6ste gang.<\/li>\n<li>Autenticitet: I mods\u00e6tning til tekstbaserede chats viser video, at personen er \u00e6gte.<\/li>\n<li>\u00d8jeblikkelige forbindelser: Ingen lange tilmeldinger, profiler eller ventetid p\u00e5 svar.<\/li>\n<li>Global r\u00e6kkevidde: Chat med mennesker over hele verden, 24\/7.<\/li>\n<li>Mangfoldighed: Brug det til sjov, flirt, kulturel udveksling eller endda sprogpraksis.<\/li>\n<li>Sl\u00e5 kedsomheden ihjel: En hurtig og underholdende m\u00e5de at f\u00e5 tiden til at g\u00e5.<\/li>\n<\/ul>\n<h2>Hvordan fungerer Cam Chat?<\/h2>\n<p>Det er hurtigt og enkelt at komme i gang med cam-chat:<\/p>\n<ol>\n<li>\u00c5bn platformen (desktop eller mobil).<\/li>\n<li>Giv adgang til kamera og mikrofon.<\/li>\n<li>Klik p\u00e5 \"Start chat\".<\/li>\n<li>F\u00e5 \u00f8jeblikkelig kontakt med en tilf\u00e6ldig person via video.<\/li>\n<li>Klik p\u00e5 \"N\u00e6ste\", hver gang du har lyst til at m\u00f8de en ny.<\/li>\n<\/ol>\n<p>Nogle platforme indeholder ogs\u00e5 ekstra funktioner som k\u00f8nsfiltre, landefiltre og endda chat-overs\u00e6ttelse til samtaler p\u00e5 tv\u00e6rs af sprog.<\/p>\n<h2>De bedste funktioner at kigge efter<\/h2>\n<p>Ikke alle cam-chatplatforme er ens. Her er, hvad du skal kigge efter p\u00e5 de bedste gratis cam-chatsider:<\/p>\n<h3>1. Virkelig fri adgang<\/h3>\n<p>Undg\u00e5 platforme, der lokker med at v\u00e6re \"gratis\", men som skjuler grundl\u00e6ggende funktioner bag betalingsmure.<\/p>\n<h3>2. Ingen tilmelding p\u00e5kr\u00e6vet<\/h3>\n<p>De bedste cam-chattjenester lader dig begynde at chatte med det samme uden registrering.<\/p>\n<h3>3. Filtre for k\u00f8n og placering<\/h3>\n<p>Med disse filtre kan du styre, hvem du bliver parret med, s\u00e5 du f\u00e5r en mere skr\u00e6ddersyet oplevelse.<\/p>\n<h3>4. St\u00e6rk moderation<\/h3>\n<p>Sikre platforme har aktive moderations- og rapporteringsv\u00e6rkt\u00f8jer til at h\u00e5ndtere upassende brugere.<\/p>\n<h3>5. Mobilvenligt design<\/h3>\n<p>Gode platforme fungerer problemfrit p\u00e5 b\u00e5de telefoner og computere.<\/p>\n<h3>6. Video og lyd i h\u00f8j kvalitet<\/h3>\n<p>Klare, p\u00e5lidelige forbindelser g\u00f8r samtaler mere naturlige.<\/p>\n<h2>De bedste cam-chat-platforme i 2025<\/h2>\n<p>Her er en sammenligning af de mest popul\u00e6re cam-chatplatforme:<\/p>\n<table>\n<thead>\n<tr>\n<th>Platform<\/th>\n<th align=\"center\">Fri adgang<\/th>\n<th align=\"center\">K\u00f8nsfilter<\/th>\n<th align=\"center\">Tilmelding n\u00f8dvendig<\/th>\n<th align=\"center\">Mobil support<\/th>\n<th align=\"center\">Moderation<\/th>\n<th>Noter<\/th>\n<\/tr>\n<\/thead>\n<tbody>\n<tr>\n<td>StrangerCam<\/td>\n<td align=\"center\">\u2705<\/td>\n<td align=\"center\">\u2705 (gratis)<\/td>\n<td align=\"center\">\u274c<\/td>\n<td align=\"center\">\u2705<\/td>\n<td align=\"center\">\u2705<\/td>\n<td>Bedste allround gratis cam chat<\/td>\n<\/tr>\n<tr>\n<td><a href=\"https:\/\/strangercam.com\/da\/chatroulette\/\">Chatroulette<\/a><\/td>\n<td align=\"center\">\u2705<\/td>\n<td align=\"center\">\u274c (Betalt)<\/td>\n<td align=\"center\">\u274c<\/td>\n<td align=\"center\">\u2705<\/td>\n<td align=\"center\">\u2705<\/td>\n<td>Klassisk platform, men filtre koster<\/td>\n<\/tr>\n<tr>\n<td>Chatrandom<\/td>\n<td align=\"center\">\u2705<\/td>\n<td align=\"center\">\u274c (Betalt)<\/td>\n<td align=\"center\">\u274c<\/td>\n<td align=\"center\">\u2705<\/td>\n<td align=\"center\">\u2705<\/td>\n<td>Popul\u00e6rt, men betalingsmure p\u00e5 filtre<\/td>\n<\/tr>\n<tr>\n<td><a href=\"https:\/\/strangercam.com\/da\/ometv\/\">OmeTV<\/a><\/td>\n<td align=\"center\">\u2705<\/td>\n<td align=\"center\">\u274c<\/td>\n<td align=\"center\">\u274c<\/td>\n<td align=\"center\">\u2705<\/td>\n<td align=\"center\">\u2705<\/td>\n<td>Mobilapp tilg\u00e6ngelig, kun tilf\u00e6ldig<\/td>\n<\/tr>\n<tr>\n<td>Shagle<\/td>\n<td align=\"center\">\u2705<\/td>\n<td align=\"center\">\u274c (Betalt)<\/td>\n<td align=\"center\">\u274c<\/td>\n<td align=\"center\">\u2705<\/td>\n<td align=\"center\">\u2705<\/td>\n<td>Skubber til premium-opgraderinger<\/td>\n<\/tr>\n<tr>\n<td><a href=\"https:\/\/strangercam.com\/da\/coomeet\/\">CooMeet<\/a><\/td>\n<td align=\"center\">\u274c (Fors\u00f8g)<\/td>\n<td align=\"center\">\u2705<\/td>\n<td align=\"center\">\u2705<\/td>\n<td align=\"center\">\u2705<\/td>\n<td align=\"center\">\u2705<\/td>\n<td>Betalt efter begr\u00e6nset gratis pr\u00f8veperiode<\/td>\n<\/tr>\n<tr>\n<td>LuckyCrush<\/td>\n<td align=\"center\">\u274c<\/td>\n<td align=\"center\">\u2705<\/td>\n<td align=\"center\">\u2705<\/td>\n<td align=\"center\">\u2705<\/td>\n<td align=\"center\">\u2705<\/td>\n<td>Altid betalte, k\u00f8nsbaserede chats<\/td>\n<\/tr>\n<\/tbody>\n<\/table>\n<p>Blandt disse er StrangerCam en af de eneste platforme, der tilbyder gratis camchat med ubegr\u00e6nset brug, et fungerende k\u00f8nsfilter og ingen tilmelding.<\/p>\n<h2>Hvorfor StrangerCam er det bedste valg<\/h2>\n<p>Her er grunden til, at StrangerCam er en af de bedste platforme til camchat i 2025:<\/p>\n<h3>1. Helt gratis<\/h3>\n<p>Ingen skjulte omkostninger, pr\u00f8veperioder eller kreditter - bare ubegr\u00e6nset chat.<\/p>\n<h3>2. Gratis k\u00f8nsfilter<\/h3>\n<p>V\u00e6lg fyre, piger eller begge dele - uden at betale.<\/p>\n<h3>3. Ingen tilmelding n\u00f8dvendig<\/h3>\n<p>V\u00e6r anonym og opret forbindelse med det samme.<\/p>\n<h3>4. Sikker og modereret<\/h3>\n<p>Aktive moderations- og rapporteringsv\u00e6rkt\u00f8jer hj\u00e6lper med at holde platformen ren.<\/p>\n<h3>5. Det globale samfund<\/h3>\n<p>M\u00f8d mennesker fra mere end 100 lande, tilg\u00e6ngelig 24\/7.<\/p>\n<h3>6. Fungerer p\u00e5 alle enheder<\/h3>\n<p>Optimeret til desktop, mobil og tablets.<\/p>\n<h2>\u00c6gte brugerudtalelser<\/h2>\n<blockquote><p><em>\"Jeg ledte efter gratis camchat uden skjulte omkostninger, og StrangerCam var den f\u00f8rste platform, der rent faktisk leverede varen.\"<\/em><br \/>\n- Jake, 25 \u00e5r<\/p><\/blockquote>\n<blockquote><p><em>\"K\u00f8nsfilteret fungerer gratis her, hvilket f\u00e5r det til at skille sig ud fra andre sider.\"<\/em><br \/>\n- Sophia, 22 \u00e5r<\/p><\/blockquote>\n<blockquote><p><em>\"Det er s\u00e5 nemt at bruge. Jeg kom i kontakt med folk fra tre kontinenter p\u00e5 bare \u00e9n aften.\"<\/em><br \/>\n- Ryan, 28 \u00e5r<\/p><\/blockquote>\n<blockquote><p><em>\"StrangerCam f\u00f8les mere sikkert end de fleste andre chatplatforme, jeg har pr\u00f8vet, takket v\u00e6re moderationen.\"<\/em><br \/>\n- Mia, 20 \u00e5r<\/p><\/blockquote>\n<h2>Sikkerhedstips til cam-chat<\/h2>\n<p>Selvom cam-chat er sjovt, skal man altid huske p\u00e5 sikkerheden:<\/p>\n<ul>\n<li>Del ikke personlige oplysninger (telefon, e-mail, adresse).<\/li>\n<li>Spring over eller bloker alle, der g\u00f8r dig utilpas.<\/li>\n<li>Undg\u00e5 at klikke p\u00e5 links fra fremmede.<\/li>\n<li>Tjek din baggrund, f\u00f8r du t\u00e6nder for dit webcam.<\/li>\n<li>Hold dig til platformsv\u00e6rkt\u00f8jer til rapportering og blokering.<\/li>\n<li>Respekter aldersbegr\u00e6nsninger - undg\u00e5 cam-chatplatforme for voksne, hvis du er under 18 \u00e5r.<\/li>\n<\/ul>\n<h2>S\u00e5dan kommer du i gang - trin for trin<\/h2>\n<p>Det tager mindre end et minut at starte en cam-chat:<\/p>\n<ol>\n<li>\u00c5bn StrangerCam p\u00e5 din enhed.<\/li>\n<li>Giv adgang til kamera og mikrofon.<\/li>\n<li>V\u00e6lg pr\u00e6ferencer (som f.eks. k\u00f8nsfiltre).<\/li>\n<li>Klik p\u00e5 Start chat for at oprette forbindelse med det samme.<\/li>\n<li>Tryk p\u00e5 N\u00e6ste for at g\u00e5 videre.<\/li>\n<\/ol>\n<p>Hurtig, enkel og gratis.<\/p>\n<h2>Afsluttende tanker - pr\u00f8v gratis cam-chat i dag<\/h2>\n<p>I 2025 er cam-chat stadig en af de mest sp\u00e6ndende og autentiske m\u00e5der at m\u00f8de nye mennesker p\u00e5 online. Det er sjovt, spontant og s\u00e6tter dig i forbindelse med fremmede over hele kloden med det samme.<\/p>\n<p>Men det er ikke alle platforme, der leverer varen - nogle skjuler funktioner bag betalingsmure eller oversv\u00f8mmer deres sider med bots. Derfor er StrangerCam det bedste valg: Det er gratis, anonymt, sikkert og altid aktivt med rigtige brugere, der er klar til at chatte.<\/p>\n<p>Er du klar til at opleve det? Start en gratis camchat i dag, og find ud af, hvem du m\u00f8der n\u00e6ste gang.<\/p>","protected":false},"excerpt":{"rendered":"<p>Looking for the best place to enjoy cam chat? You\u2019re not alone. Every day, millions of people around the world use cam chat platforms to meet new people, have fun conversations, and make spontaneous connections online. Unlike dating apps or social networks that require endless scrolling or swiping, cam chat is instant, real, and exciting\u2014you [&hellip;]<\/p>\n","protected":false},"author":8,"featured_media":0,"parent":0,"menu_order":0,"comment_status":"closed","ping_status":"closed","template":"","meta":{"footnotes":""},"class_list":["post-4073","page","type-page","status-publish","hentry"],"yoast_head":"<!-- This site is optimized with the Yoast SEO plugin v27.4 - https:\/\/yoast.com\/product\/yoast-seo-wordpress\/ -->\n<title>Cam Chat with Video Chat on Strangercam.com<\/title>\n<meta name=\"description\" content=\"Liking Cam Chat? Join millions on StrangerCam.com! Start a random video chat, turn on your cam, and meet strangers instantly.\" \/>\n<meta name=\"robots\" content=\"index, follow, max-snippet:-1, max-image-preview:large, max-video-preview:-1\" \/>\n<link rel=\"canonical\" href=\"https:\/\/strangercam.com\/da\/cam-chat\/\" \/>\n<meta property=\"og:locale\" content=\"da_DK\" \/>\n<meta property=\"og:type\" content=\"article\" \/>\n<meta property=\"og:title\" content=\"Cam Chat with Video Chat on Strangercam.com\" \/>\n<meta property=\"og:description\" content=\"Liking Cam Chat? Join millions on StrangerCam.com! Start a random video chat, turn on your cam, and meet strangers instantly.\" \/>\n<meta property=\"og:url\" content=\"https:\/\/strangercam.com\/da\/cam-chat\/\" \/>\n<meta property=\"og:site_name\" content=\"Strangercam\" \/>\n<meta property=\"article:publisher\" content=\"https:\/\/www.facebook.com\/strangercam\" \/>\n<meta property=\"article:modified_time\" content=\"2025-09-03T11:47:51+00:00\" \/>\n<meta property=\"og:image\" content=\"https:\/\/strangercam.com\/wp-content\/uploads\/2021\/10\/Untitled-2.png\" \/>\n\t<meta property=\"og:image:width\" content=\"800\" \/>\n\t<meta property=\"og:image:height\" content=\"532\" \/>\n\t<meta property=\"og:image:type\" content=\"image\/png\" \/>\n<meta name=\"twitter:card\" content=\"summary_large_image\" \/>\n<meta name=\"twitter:site\" content=\"@strangercamapp\" \/>\n<meta name=\"twitter:label1\" content=\"Estimeret l\u00e6setid\" \/>\n\t<meta name=\"twitter:data1\" content=\"5 minutter\" \/>\n<script type=\"application\/ld+json\" class=\"yoast-schema-graph\">{\"@context\":\"https:\\\/\\\/schema.org\",\"@graph\":[{\"@type\":\"WebPage\",\"@id\":\"https:\\\/\\\/strangercam.com\\\/cam-chat\\\/\",\"url\":\"https:\\\/\\\/strangercam.com\\\/cam-chat\\\/\",\"name\":\"Cam Chat with Video Chat on Strangercam.com\",\"isPartOf\":{\"@id\":\"https:\\\/\\\/strangercam.com\\\/#website\"},\"datePublished\":\"2025-09-03T09:52:49+00:00\",\"dateModified\":\"2025-09-03T11:47:51+00:00\",\"description\":\"Liking Cam Chat? Join millions on StrangerCam.com! Start a random video chat, turn on your cam, and meet strangers instantly.\",\"breadcrumb\":{\"@id\":\"https:\\\/\\\/strangercam.com\\\/cam-chat\\\/#breadcrumb\"},\"inLanguage\":\"da-DK\",\"potentialAction\":[{\"@type\":\"ReadAction\",\"target\":[\"https:\\\/\\\/strangercam.com\\\/cam-chat\\\/\"]}]},{\"@type\":\"BreadcrumbList\",\"@id\":\"https:\\\/\\\/strangercam.com\\\/cam-chat\\\/#breadcrumb\",\"itemListElement\":[{\"@type\":\"ListItem\",\"position\":1,\"name\":\"Home\",\"item\":\"https:\\\/\\\/strangercam.com\\\/\"},{\"@type\":\"ListItem\",\"position\":2,\"name\":\"Cam Chat\"}]},{\"@type\":\"WebSite\",\"@id\":\"https:\\\/\\\/strangercam.com\\\/#website\",\"url\":\"https:\\\/\\\/strangercam.com\\\/\",\"name\":\"Strangercam\",\"description\":\"Random Video Chat with Strangers\",\"publisher\":{\"@id\":\"https:\\\/\\\/strangercam.com\\\/#organization\"},\"alternateName\":\"Strangercam.com\",\"potentialAction\":[{\"@type\":\"SearchAction\",\"target\":{\"@type\":\"EntryPoint\",\"urlTemplate\":\"https:\\\/\\\/strangercam.com\\\/?s={search_term_string}\"},\"query-input\":{\"@type\":\"PropertyValueSpecification\",\"valueRequired\":true,\"valueName\":\"search_term_string\"}}],\"inLanguage\":\"da-DK\"},{\"@type\":\"Organization\",\"@id\":\"https:\\\/\\\/strangercam.com\\\/#organization\",\"name\":\"Strangercam\",\"alternateName\":\"Strangercam.com\",\"url\":\"https:\\\/\\\/strangercam.com\\\/\",\"logo\":{\"@type\":\"ImageObject\",\"inLanguage\":\"da-DK\",\"@id\":\"https:\\\/\\\/strangercam.com\\\/#\\\/schema\\\/logo\\\/image\\\/\",\"url\":\"https:\\\/\\\/strangercam.com\\\/wp-content\\\/uploads\\\/2020\\\/11\\\/cropped-new-favicon-black.png\",\"contentUrl\":\"https:\\\/\\\/strangercam.com\\\/wp-content\\\/uploads\\\/2020\\\/11\\\/cropped-new-favicon-black.png\",\"width\":512,\"height\":512,\"caption\":\"Strangercam\"},\"image\":{\"@id\":\"https:\\\/\\\/strangercam.com\\\/#\\\/schema\\\/logo\\\/image\\\/\"},\"sameAs\":[\"https:\\\/\\\/www.facebook.com\\\/strangercam\",\"https:\\\/\\\/x.com\\\/strangercamapp\"]}]}<\/script>\n<!-- \/ Yoast SEO plugin. -->","yoast_head_json":{"title":"Cam Chat med videochat p\u00e5 Strangercam.com","description":"Kan du lide Cam Chat? Join millioner p\u00e5 StrangerCam.com! Start en tilf\u00e6ldig videochat, t\u00e6nd for dit cam, og m\u00f8d fremmede med det samme.","robots":{"index":"index","follow":"follow","max-snippet":"max-snippet:-1","max-image-preview":"max-image-preview:large","max-video-preview":"max-video-preview:-1"},"canonical":"https:\/\/strangercam.com\/da\/cam-chat\/","og_locale":"da_DK","og_type":"article","og_title":"Cam Chat with Video Chat on Strangercam.com","og_description":"Liking Cam Chat? Join millions on StrangerCam.com! Start a random video chat, turn on your cam, and meet strangers instantly.","og_url":"https:\/\/strangercam.com\/da\/cam-chat\/","og_site_name":"Strangercam","article_publisher":"https:\/\/www.facebook.com\/strangercam","article_modified_time":"2025-09-03T11:47:51+00:00","og_image":[{"width":800,"height":532,"url":"https:\/\/strangercam.com\/wp-content\/uploads\/2021\/10\/Untitled-2.png","type":"image\/png"}],"twitter_card":"summary_large_image","twitter_site":"@strangercamapp","twitter_misc":{"Estimeret l\u00e6setid":"5 minutter"},"schema":{"@context":"https:\/\/schema.org","@graph":[{"@type":"WebPage","@id":"https:\/\/strangercam.com\/cam-chat\/","url":"https:\/\/strangercam.com\/cam-chat\/","name":"Cam Chat med videochat p\u00e5 Strangercam.com","isPartOf":{"@id":"https:\/\/strangercam.com\/#website"},"datePublished":"2025-09-03T09:52:49+00:00","dateModified":"2025-09-03T11:47:51+00:00","description":"Kan du lide Cam Chat? Join millioner p\u00e5 StrangerCam.com! Start en tilf\u00e6ldig videochat, t\u00e6nd for dit cam, og m\u00f8d fremmede med det samme.","breadcrumb":{"@id":"https:\/\/strangercam.com\/cam-chat\/#breadcrumb"},"inLanguage":"da-DK","potentialAction":[{"@type":"ReadAction","target":["https:\/\/strangercam.com\/cam-chat\/"]}]},{"@type":"BreadcrumbList","@id":"https:\/\/strangercam.com\/cam-chat\/#breadcrumb","itemListElement":[{"@type":"ListItem","position":1,"name":"Home","item":"https:\/\/strangercam.com\/"},{"@type":"ListItem","position":2,"name":"Cam Chat"}]},{"@type":"WebSite","@id":"https:\/\/strangercam.com\/#website","url":"https:\/\/strangercam.com\/","name":"Strangercam","description":"Tilf\u00e6ldig videochat med fremmede","publisher":{"@id":"https:\/\/strangercam.com\/#organization"},"alternateName":"Strangercam.com","potentialAction":[{"@type":"SearchAction","target":{"@type":"EntryPoint","urlTemplate":"https:\/\/strangercam.com\/?s={search_term_string}"},"query-input":{"@type":"PropertyValueSpecification","valueRequired":true,"valueName":"search_term_string"}}],"inLanguage":"da-DK"},{"@type":"Organization","@id":"https:\/\/strangercam.com\/#organization","name":"Strangercam","alternateName":"Strangercam.com","url":"https:\/\/strangercam.com\/","logo":{"@type":"ImageObject","inLanguage":"da-DK","@id":"https:\/\/strangercam.com\/#\/schema\/logo\/image\/","url":"https:\/\/strangercam.com\/wp-content\/uploads\/2020\/11\/cropped-new-favicon-black.png","contentUrl":"https:\/\/strangercam.com\/wp-content\/uploads\/2020\/11\/cropped-new-favicon-black.png","width":512,"height":512,"caption":"Strangercam"},"image":{"@id":"https:\/\/strangercam.com\/#\/schema\/logo\/image\/"},"sameAs":["https:\/\/www.facebook.com\/strangercam","https:\/\/x.com\/strangercamapp"]}]}},"_links":{"self":[{"href":"https:\/\/strangercam.com\/da\/wp-json\/wp\/v2\/pages\/4073","targetHints":{"allow":["GET"]}}],"collection":[{"href":"https:\/\/strangercam.com\/da\/wp-json\/wp\/v2\/pages"}],"about":[{"href":"https:\/\/strangercam.com\/da\/wp-json\/wp\/v2\/types\/page"}],"author":[{"embeddable":true,"href":"https:\/\/strangercam.com\/da\/wp-json\/wp\/v2\/users\/8"}],"replies":[{"embeddable":true,"href":"https:\/\/strangercam.com\/da\/wp-json\/wp\/v2\/comments?post=4073"}],"version-history":[{"count":3,"href":"https:\/\/strangercam.com\/da\/wp-json\/wp\/v2\/pages\/4073\/revisions"}],"predecessor-version":[{"id":13003,"href":"https:\/\/strangercam.com\/da\/wp-json\/wp\/v2\/pages\/4073\/revisions\/13003"}],"wp:attachment":[{"href":"https:\/\/strangercam.com\/da\/wp-json\/wp\/v2\/media?parent=4073"}],"curies":[{"name":"wp","href":"https:\/\/api.w.org\/{rel}","templated":true}]}}