{"id":4056,"date":"2025-09-03T11:50:30","date_gmt":"2025-09-03T09:50:30","guid":{"rendered":"https:\/\/strangercam.com\/?page_id=4056"},"modified":"2025-09-03T13:46:31","modified_gmt":"2025-09-03T11:46:31","slug":"fremmed-videochat","status":"publish","type":"page","link":"https:\/\/strangercam.com\/da\/stranger-video-chat\/","title":{"rendered":"Fremmed videochat"},"content":{"rendered":"<p>Leder du efter den bedste m\u00e5de at nyde en fremmed video p\u00e5? <a href=\"https:\/\/strangercam.com\/da\/chathub\/\">chat<\/a>? Du er ikke den eneste. Hver dag bruger millioner af mennesker live videochat-platforme til at komme i kontakt med fremmede med det samme. I mods\u00e6tning til datingapps eller sociale netv\u00e6rk, som ofte f\u00f8les iscenesatte eller tager tid, er fremmed videochat spontan, autentisk og \u00e6gte.<\/p>\n<p>Med moderne platforme som StrangerCam kan du starte en gratis videochat med fremmede lige nu - ingen tilmelding, ingen downloads og ingen skjulte gebyrer. Uanset om du vil f\u00e5 nye venner, flirte, \u00f8ve dig p\u00e5 et sprog eller bare kede dig, s\u00e5 er videochat med fremmede en af de mest sp\u00e6ndende og uforudsigelige onlineoplevelser i 2025.<\/p>\n<p>Denne guide vil lede dig gennem alt, hvad du har brug for at vide: hvad fremmed videochat er, hvorfor det er popul\u00e6rt, hvordan det fungerer, hvilke funktioner der betyder mest, en sammenligning af de bedste platforme, sikkerhedstips, og hvorfor StrangerCam er et af de bedste valg, der findes i dag.<\/p>\n<h2>Hvad er Stranger Video Chat?<\/h2>\n<p>Stranger videochat er en onlinetjeneste, der giver dig mulighed for \u00f8jeblikkeligt at komme i kontakt med tilf\u00e6ldige mennesker gennem live videoopkald ved hj\u00e6lp af dit webcam og din mikrofon. Det \"fremmede\" aspekt betyder, at du ikke ved, hvem du m\u00f8der, f\u00f8r forbindelsen er oprettet.<\/p>\n<p>I mods\u00e6tning til tekstchatrooms giver videoopkald en mere \u00e6gte oplevelse, fordi du kan se og h\u00f8re personen i realtid. Hvis du ikke bryder dig om chatten, kan du bare klikke p\u00e5 N\u00e6ste for at blive parret med en anden med det samme.<\/p>\n<h2>Hvorfor folk elsker gratis videochat med fremmede<\/h2>\n<p>Populariteten af gratis videochat med fremmede kommer af flere vigtige grunde:<\/p>\n<ul>\n<li>Spontanitet: Hver chat er forskellig og uforudsigelig.<\/li>\n<li>Autenticitet: Videoen beviser, at personen er \u00e6gte, ikke en bot eller en falsk konto.<\/li>\n<li>Ingen forpligtelser: Ingen konti, ingen downloads - bare \u00f8jeblikkelig chat.<\/li>\n<li>Global r\u00e6kkevidde: M\u00f8d fremmede fra hele verden n\u00e5r som helst.<\/li>\n<li>Underholdning: Fantastisk til at f\u00e5 tiden til at g\u00e5, f\u00e5 venner eller flirte let.<\/li>\n<li>\u00d8jeblikkelig tilfredsstillelse: Ingen ventetid p\u00e5 svar - forbindelserne er \u00f8jeblikkelige.<\/li>\n<\/ul>\n<h2>Hvordan fungerer Stranger Video Chat?<\/h2>\n<p>Det er nemt at komme i gang med en fremmed videochat:<\/p>\n<ol>\n<li>\u00c5bn platformen p\u00e5 din telefon eller computer.<\/li>\n<li>Giv adgang til kamera og mikrofon.<\/li>\n<li>Klik p\u00e5 \"Start chat\".<\/li>\n<li>Tal ansigt til ansigt med en tilf\u00e6ldig fremmed med det samme.<\/li>\n<li>Klik p\u00e5 \"N\u00e6ste\" n\u00e5r som helst for at g\u00e5 videre til en ny.<\/li>\n<\/ol>\n<p>Nogle platforme tilbyder ogs\u00e5 avancerede funktioner som k\u00f8nsfiltre, placeringspr\u00e6ferencer og in-chat-overs\u00e6ttelser.<\/p>\n<h2>De bedste funktioner at kigge efter<\/h2>\n<p>Ikke alle fremmede videochatplatforme er ens. Her er, hvad du skal kigge efter:<\/p>\n<h3>1. Fri adgang uden tricks<\/h3>\n<p>Nogle platforme reklamerer med, at de er gratis, men l\u00e5ser kernefunktionerne bag betalingsmure. V\u00e6lg en side, der tilbyder ubegr\u00e6nset gratis brug.<\/p>\n<h3>2. Ingen tilmelding n\u00f8dvendig<\/h3>\n<p>V\u00e6r anonym og chat med det samme uden at oprette en konto.<\/p>\n<h3>3. Filtre for k\u00f8n og placering<\/h3>\n<p>Nyttigt til at finde den type mennesker, du gerne vil chatte med.<\/p>\n<h3>4. St\u00e6rk moderation<\/h3>\n<p>Platforme med rapporteringsv\u00e6rkt\u00f8jer og moderation sikrer en mere sikker oplevelse.<\/p>\n<h3>5. Mobilvenligt design<\/h3>\n<p>Du skal kunne chatte problemfrit p\u00e5 b\u00e5de computer og mobil.<\/p>\n<h3>6. Video og lyd i h\u00f8j kvalitet<\/h3>\n<p>Klare, p\u00e5lidelige forbindelser g\u00f8r samtaler behagelige.<\/p>\n<h2>Bedste fremmede videochat-platforme i 2025<\/h2>\n<p>Se her, hvordan de mest popul\u00e6re fremmede videochatplatforme sammenlignes:<\/p>\n<table>\n<thead>\n<tr>\n<th>Platform<\/th>\n<th align=\"center\">Fri adgang<\/th>\n<th align=\"center\">K\u00f8nsfilter<\/th>\n<th align=\"center\">Tilmelding n\u00f8dvendig<\/th>\n<th align=\"center\">Mobil support<\/th>\n<th align=\"center\">Moderation<\/th>\n<th>Noter<\/th>\n<\/tr>\n<\/thead>\n<tbody>\n<tr>\n<td>StrangerCam<\/td>\n<td align=\"center\">\u2705<\/td>\n<td align=\"center\">\u2705 (gratis)<\/td>\n<td align=\"center\">\u274c<\/td>\n<td align=\"center\">\u2705<\/td>\n<td align=\"center\">\u2705<\/td>\n<td>Bedste samlede valg, ubegr\u00e6nset og sikkert<\/td>\n<\/tr>\n<tr>\n<td><a href=\"https:\/\/strangercam.com\/da\/chatroulette\/\">Chatroulette<\/a><\/td>\n<td align=\"center\">\u2705<\/td>\n<td align=\"center\">\u274c (Betalt)<\/td>\n<td align=\"center\">\u274c<\/td>\n<td align=\"center\">\u2705<\/td>\n<td align=\"center\">\u2705<\/td>\n<td>Klassisk platform, men filtre koster<\/td>\n<\/tr>\n<tr>\n<td>Chatrandom<\/td>\n<td align=\"center\">\u2705<\/td>\n<td align=\"center\">\u274c (Betalt)<\/td>\n<td align=\"center\">\u274c<\/td>\n<td align=\"center\">\u2705<\/td>\n<td align=\"center\">\u2705<\/td>\n<td>Stor brugerbase, behov for opgraderinger<\/td>\n<\/tr>\n<tr>\n<td><a href=\"https:\/\/strangercam.com\/da\/ometv\/\">OmeTV<\/a><\/td>\n<td align=\"center\">\u2705<\/td>\n<td align=\"center\">\u274c<\/td>\n<td align=\"center\">\u274c<\/td>\n<td align=\"center\">\u2705<\/td>\n<td align=\"center\">\u2705<\/td>\n<td>Kun tilf\u00e6ldig, mobilapp tilg\u00e6ngelig<\/td>\n<\/tr>\n<tr>\n<td>Shagle<\/td>\n<td align=\"center\">\u2705<\/td>\n<td align=\"center\">\u274c (Betalt)<\/td>\n<td align=\"center\">\u274c<\/td>\n<td align=\"center\">\u2705<\/td>\n<td align=\"center\">\u2705<\/td>\n<td>Mange funktioner med betalingsmur<\/td>\n<\/tr>\n<tr>\n<td><a href=\"https:\/\/strangercam.com\/da\/coomeet\/\">CooMeet<\/a><\/td>\n<td align=\"center\">\u274c (Fors\u00f8g)<\/td>\n<td align=\"center\">\u2705<\/td>\n<td align=\"center\">\u2705<\/td>\n<td align=\"center\">\u2705<\/td>\n<td align=\"center\">\u2705<\/td>\n<td>Betalt efter kort pr\u00f8veperiode<\/td>\n<\/tr>\n<tr>\n<td>LuckyCrush<\/td>\n<td align=\"center\">\u274c<\/td>\n<td align=\"center\">\u2705<\/td>\n<td align=\"center\">\u2705<\/td>\n<td align=\"center\">\u2705<\/td>\n<td align=\"center\">\u2705<\/td>\n<td>Altid betalt, k\u00f8nsbaseret matchning<\/td>\n<\/tr>\n<\/tbody>\n<\/table>\n<p>StrangerCam skiller sig ud som en af de eneste platforme, der tilbyder gratis videochat med fremmede med et fungerende k\u00f8nsfilter, ingen registrering og ubegr\u00e6nset brug.<\/p>\n<h2>Hvorfor StrangerCam er det bedste valg<\/h2>\n<p>Her er grunden til, at StrangerCam er en af de bedste muligheder for videochat med fremmede i 2025:<\/p>\n<h3>1. 100% Gratis<\/h3>\n<p>Ubegr\u00e6nset antal chats uden skjulte omkostninger.<\/p>\n<h3>2. Gratis k\u00f8nsfilter<\/h3>\n<p>M\u00f8d fyre, piger eller begge dele uden at betale ekstra.<\/p>\n<h3>3. Ingen tilmelding p\u00e5kr\u00e6vet<\/h3>\n<p>V\u00e6r anonym og opret forbindelse med det samme.<\/p>\n<h3>4. Sikker og modereret<\/h3>\n<p>Robust moderation sikrer et rent og venligt milj\u00f8.<\/p>\n<h3>5. Global brugerbase<\/h3>\n<p>M\u00f8d mennesker fra over 100 lande, 24\/7.<\/p>\n<h3>6. Virker overalt<\/h3>\n<p>Optimeret til mobil, tablet og desktop.<\/p>\n<h2>\u00c6gte brugerudtalelser<\/h2>\n<blockquote><p><em>\"Jeg ville bare have en fremmed videochat, der ikke pressede mig til at betale. StrangerCam var den f\u00f8rste side, der faktisk var gratis.\"<\/em><br \/>\n- Liam, 25 \u00e5r<\/p><\/blockquote>\n<blockquote><p><em>\"K\u00f8nsfilteret er gratis og fungerer perfekt. Andre sider pr\u00f8ver altid at tage penge for det.\"<\/em><br \/>\n- Sophia, 23 \u00e5r<\/p><\/blockquote>\n<blockquote><p><em>\"Jeg kom i kontakt med mennesker fra fem forskellige lande p\u00e5 \u00e9n aften. Det er vanedannende, men s\u00e5 sjovt.\"<\/em><br \/>\n- Ryan, 30 \u00e5r<\/p><\/blockquote>\n<blockquote><p><em>\"Det f\u00f8les mere sikkert end andre tilf\u00e6ldige chatsider, jeg har pr\u00f8vet. StrangerCam har bedre moderation og en venlig stemning.\"<\/em><br \/>\n- Emma, 21 \u00e5r<\/p><\/blockquote>\n<h2>Sikkerhedstips til videochat med fremmede<\/h2>\n<p>Selvom fremmede videochats er sjove, skal du altid prioritere sikkerheden:<\/p>\n<ul>\n<li>Del ikke personlige oplysninger (telefon, e-mail, adresse).<\/li>\n<li>Spring over eller bloker alle, der g\u00f8r dig utilpas.<\/li>\n<li>Undg\u00e5 at klikke p\u00e5 mist\u00e6nkelige links.<\/li>\n<li>Tjek baggrunden for dit webcam, f\u00f8r du starter et opkald.<\/li>\n<li>Brug rapporteringsv\u00e6rkt\u00f8jer, hvis det er n\u00f8dvendigt.<\/li>\n<li>Respekter aldersreglerne - hvis du er under 18, skal du undg\u00e5 chatplatforme for voksne.<\/li>\n<\/ul>\n<h2>S\u00e5dan kommer du i gang - trin for trin<\/h2>\n<p>Det tager mindre end et minut at starte en videochat med en fremmed:<\/p>\n<ol>\n<li>\u00c5bn StrangerCam p\u00e5 din enhed.<\/li>\n<li>Giv adgang til kamera og mikrofon.<\/li>\n<li>V\u00e6lg pr\u00e6ferencer (f.eks. k\u00f8nsfiltre).<\/li>\n<li>Klik p\u00e5 Start chat for at oprette forbindelse med det samme.<\/li>\n<li>Tryk p\u00e5 N\u00e6ste n\u00e5r som helst for at starte en ny samtale.<\/li>\n<\/ol>\n<p>Enkelt, hurtigt og helt gratis.<\/p>\n<h2>Afsluttende tanker - pr\u00f8v gratis videochat med fremmede i dag<\/h2>\n<p>I 2025 er fremmed videochat en af de mest sp\u00e6ndende og autentiske m\u00e5der at m\u00f8de nye mennesker p\u00e5 online. Det er spontant, sjovt og giver dig \u00f8jeblikkelige forbindelser med rigtige mennesker over hele verden.<\/p>\n<p>Ikke alle platforme leverer varen - mange skjuler filtre bag betalingsmure eller er fyldt med bots. Derfor er StrangerCam det bedste valg: Det er gratis, anonymt, sikkert og aktivt 24\/7 med folk, der er klar til at chatte.<\/p>\n<p>Er du klar til at opleve det? Start en gratis videochat med fremmede i dag, og se, hvem du m\u00f8der n\u00e6ste gang.<\/p>","protected":false},"excerpt":{"rendered":"<p>Are you searching for the best way to enjoy a stranger video chat? You\u2019re not the only one. Every day, millions of people turn to live video chat platforms to connect with strangers instantly. Unlike dating apps or social networks, which often feel staged or take time, stranger video chat is spontaneous, authentic, and real. [&hellip;]<\/p>\n","protected":false},"author":8,"featured_media":0,"parent":0,"menu_order":0,"comment_status":"closed","ping_status":"closed","template":"","meta":{"footnotes":""},"class_list":["post-4056","page","type-page","status-publish","hentry"],"yoast_head":"<!-- This site is optimized with the Yoast SEO plugin v27.4 - https:\/\/yoast.com\/product\/yoast-seo-wordpress\/ -->\n<title>Stranger Video Chat with Video Chat on Strangercam.com<\/title>\n<meta name=\"description\" content=\"Liking Stranger Video Chat? Join millions on StrangerCam.com! Start a random video chat, turn on your cam, and meet strangers instantly.\" \/>\n<meta name=\"robots\" content=\"index, follow, max-snippet:-1, max-image-preview:large, max-video-preview:-1\" \/>\n<link rel=\"canonical\" href=\"https:\/\/strangercam.com\/da\/fremmed-videochat\/\" \/>\n<meta property=\"og:locale\" content=\"da_DK\" \/>\n<meta property=\"og:type\" content=\"article\" \/>\n<meta property=\"og:title\" content=\"Stranger Video Chat with Video Chat on Strangercam.com\" \/>\n<meta property=\"og:description\" content=\"Liking Stranger Video Chat? Join millions on StrangerCam.com! Start a random video chat, turn on your cam, and meet strangers instantly.\" \/>\n<meta property=\"og:url\" content=\"https:\/\/strangercam.com\/da\/fremmed-videochat\/\" \/>\n<meta property=\"og:site_name\" content=\"Strangercam\" \/>\n<meta property=\"article:publisher\" content=\"https:\/\/www.facebook.com\/strangercam\" \/>\n<meta property=\"article:modified_time\" content=\"2025-09-03T11:46:31+00:00\" \/>\n<meta property=\"og:image\" content=\"https:\/\/strangercam.com\/wp-content\/uploads\/2021\/10\/Untitled-2.png\" \/>\n\t<meta property=\"og:image:width\" content=\"800\" \/>\n\t<meta property=\"og:image:height\" content=\"532\" \/>\n\t<meta property=\"og:image:type\" content=\"image\/png\" \/>\n<meta name=\"twitter:card\" content=\"summary_large_image\" \/>\n<meta name=\"twitter:site\" content=\"@strangercamapp\" \/>\n<meta name=\"twitter:label1\" content=\"Estimeret l\u00e6setid\" \/>\n\t<meta name=\"twitter:data1\" content=\"4 minutter\" \/>\n<script type=\"application\/ld+json\" class=\"yoast-schema-graph\">{\"@context\":\"https:\\\/\\\/schema.org\",\"@graph\":[{\"@type\":\"WebPage\",\"@id\":\"https:\\\/\\\/strangercam.com\\\/stranger-video-chat\\\/\",\"url\":\"https:\\\/\\\/strangercam.com\\\/stranger-video-chat\\\/\",\"name\":\"Stranger Video Chat with Video Chat on Strangercam.com\",\"isPartOf\":{\"@id\":\"https:\\\/\\\/strangercam.com\\\/#website\"},\"datePublished\":\"2025-09-03T09:50:30+00:00\",\"dateModified\":\"2025-09-03T11:46:31+00:00\",\"description\":\"Liking Stranger Video Chat? Join millions on StrangerCam.com! Start a random video chat, turn on your cam, and meet strangers instantly.\",\"breadcrumb\":{\"@id\":\"https:\\\/\\\/strangercam.com\\\/stranger-video-chat\\\/#breadcrumb\"},\"inLanguage\":\"da-DK\",\"potentialAction\":[{\"@type\":\"ReadAction\",\"target\":[\"https:\\\/\\\/strangercam.com\\\/stranger-video-chat\\\/\"]}]},{\"@type\":\"BreadcrumbList\",\"@id\":\"https:\\\/\\\/strangercam.com\\\/stranger-video-chat\\\/#breadcrumb\",\"itemListElement\":[{\"@type\":\"ListItem\",\"position\":1,\"name\":\"Home\",\"item\":\"https:\\\/\\\/strangercam.com\\\/\"},{\"@type\":\"ListItem\",\"position\":2,\"name\":\"Stranger Video Chat\"}]},{\"@type\":\"WebSite\",\"@id\":\"https:\\\/\\\/strangercam.com\\\/#website\",\"url\":\"https:\\\/\\\/strangercam.com\\\/\",\"name\":\"Strangercam\",\"description\":\"Random Video Chat with Strangers\",\"publisher\":{\"@id\":\"https:\\\/\\\/strangercam.com\\\/#organization\"},\"alternateName\":\"Strangercam.com\",\"potentialAction\":[{\"@type\":\"SearchAction\",\"target\":{\"@type\":\"EntryPoint\",\"urlTemplate\":\"https:\\\/\\\/strangercam.com\\\/?s={search_term_string}\"},\"query-input\":{\"@type\":\"PropertyValueSpecification\",\"valueRequired\":true,\"valueName\":\"search_term_string\"}}],\"inLanguage\":\"da-DK\"},{\"@type\":\"Organization\",\"@id\":\"https:\\\/\\\/strangercam.com\\\/#organization\",\"name\":\"Strangercam\",\"alternateName\":\"Strangercam.com\",\"url\":\"https:\\\/\\\/strangercam.com\\\/\",\"logo\":{\"@type\":\"ImageObject\",\"inLanguage\":\"da-DK\",\"@id\":\"https:\\\/\\\/strangercam.com\\\/#\\\/schema\\\/logo\\\/image\\\/\",\"url\":\"https:\\\/\\\/strangercam.com\\\/wp-content\\\/uploads\\\/2020\\\/11\\\/cropped-new-favicon-black.png\",\"contentUrl\":\"https:\\\/\\\/strangercam.com\\\/wp-content\\\/uploads\\\/2020\\\/11\\\/cropped-new-favicon-black.png\",\"width\":512,\"height\":512,\"caption\":\"Strangercam\"},\"image\":{\"@id\":\"https:\\\/\\\/strangercam.com\\\/#\\\/schema\\\/logo\\\/image\\\/\"},\"sameAs\":[\"https:\\\/\\\/www.facebook.com\\\/strangercam\",\"https:\\\/\\\/x.com\\\/strangercamapp\"]}]}<\/script>\n<!-- \/ Yoast SEO plugin. -->","yoast_head_json":{"title":"Fremmed videochat med videochat p\u00e5 Strangercam.com","description":"Kan du lide Stranger Video Chat? Join millioner p\u00e5 StrangerCam.com! Start en tilf\u00e6ldig videochat, t\u00e6nd for dit kamera, og m\u00f8d fremmede med det samme.","robots":{"index":"index","follow":"follow","max-snippet":"max-snippet:-1","max-image-preview":"max-image-preview:large","max-video-preview":"max-video-preview:-1"},"canonical":"https:\/\/strangercam.com\/da\/fremmed-videochat\/","og_locale":"da_DK","og_type":"article","og_title":"Stranger Video Chat with Video Chat on Strangercam.com","og_description":"Liking Stranger Video Chat? Join millions on StrangerCam.com! Start a random video chat, turn on your cam, and meet strangers instantly.","og_url":"https:\/\/strangercam.com\/da\/fremmed-videochat\/","og_site_name":"Strangercam","article_publisher":"https:\/\/www.facebook.com\/strangercam","article_modified_time":"2025-09-03T11:46:31+00:00","og_image":[{"width":800,"height":532,"url":"https:\/\/strangercam.com\/wp-content\/uploads\/2021\/10\/Untitled-2.png","type":"image\/png"}],"twitter_card":"summary_large_image","twitter_site":"@strangercamapp","twitter_misc":{"Estimeret l\u00e6setid":"4 minutter"},"schema":{"@context":"https:\/\/schema.org","@graph":[{"@type":"WebPage","@id":"https:\/\/strangercam.com\/stranger-video-chat\/","url":"https:\/\/strangercam.com\/stranger-video-chat\/","name":"Fremmed videochat med videochat p\u00e5 Strangercam.com","isPartOf":{"@id":"https:\/\/strangercam.com\/#website"},"datePublished":"2025-09-03T09:50:30+00:00","dateModified":"2025-09-03T11:46:31+00:00","description":"Kan du lide Stranger Video Chat? Join millioner p\u00e5 StrangerCam.com! Start en tilf\u00e6ldig videochat, t\u00e6nd for dit kamera, og m\u00f8d fremmede med det samme.","breadcrumb":{"@id":"https:\/\/strangercam.com\/stranger-video-chat\/#breadcrumb"},"inLanguage":"da-DK","potentialAction":[{"@type":"ReadAction","target":["https:\/\/strangercam.com\/stranger-video-chat\/"]}]},{"@type":"BreadcrumbList","@id":"https:\/\/strangercam.com\/stranger-video-chat\/#breadcrumb","itemListElement":[{"@type":"ListItem","position":1,"name":"Home","item":"https:\/\/strangercam.com\/"},{"@type":"ListItem","position":2,"name":"Stranger Video Chat"}]},{"@type":"WebSite","@id":"https:\/\/strangercam.com\/#website","url":"https:\/\/strangercam.com\/","name":"Strangercam","description":"Tilf\u00e6ldig videochat med fremmede","publisher":{"@id":"https:\/\/strangercam.com\/#organization"},"alternateName":"Strangercam.com","potentialAction":[{"@type":"SearchAction","target":{"@type":"EntryPoint","urlTemplate":"https:\/\/strangercam.com\/?s={search_term_string}"},"query-input":{"@type":"PropertyValueSpecification","valueRequired":true,"valueName":"search_term_string"}}],"inLanguage":"da-DK"},{"@type":"Organization","@id":"https:\/\/strangercam.com\/#organization","name":"Strangercam","alternateName":"Strangercam.com","url":"https:\/\/strangercam.com\/","logo":{"@type":"ImageObject","inLanguage":"da-DK","@id":"https:\/\/strangercam.com\/#\/schema\/logo\/image\/","url":"https:\/\/strangercam.com\/wp-content\/uploads\/2020\/11\/cropped-new-favicon-black.png","contentUrl":"https:\/\/strangercam.com\/wp-content\/uploads\/2020\/11\/cropped-new-favicon-black.png","width":512,"height":512,"caption":"Strangercam"},"image":{"@id":"https:\/\/strangercam.com\/#\/schema\/logo\/image\/"},"sameAs":["https:\/\/www.facebook.com\/strangercam","https:\/\/x.com\/strangercamapp"]}]}},"_links":{"self":[{"href":"https:\/\/strangercam.com\/da\/wp-json\/wp\/v2\/pages\/4056","targetHints":{"allow":["GET"]}}],"collection":[{"href":"https:\/\/strangercam.com\/da\/wp-json\/wp\/v2\/pages"}],"about":[{"href":"https:\/\/strangercam.com\/da\/wp-json\/wp\/v2\/types\/page"}],"author":[{"embeddable":true,"href":"https:\/\/strangercam.com\/da\/wp-json\/wp\/v2\/users\/8"}],"replies":[{"embeddable":true,"href":"https:\/\/strangercam.com\/da\/wp-json\/wp\/v2\/comments?post=4056"}],"version-history":[{"count":3,"href":"https:\/\/strangercam.com\/da\/wp-json\/wp\/v2\/pages\/4056\/revisions"}],"predecessor-version":[{"id":13001,"href":"https:\/\/strangercam.com\/da\/wp-json\/wp\/v2\/pages\/4056\/revisions\/13001"}],"wp:attachment":[{"href":"https:\/\/strangercam.com\/da\/wp-json\/wp\/v2\/media?parent=4056"}],"curies":[{"name":"wp","href":"https:\/\/api.w.org\/{rel}","templated":true}]}}