{"id":4039,"date":"2025-09-03T11:47:55","date_gmt":"2025-09-03T09:47:55","guid":{"rendered":"https:\/\/strangercam.com\/?page_id=4039"},"modified":"2025-09-03T13:44:58","modified_gmt":"2025-09-03T11:44:58","slug":"tilfaeldig-videochat-med-fremmede","status":"publish","type":"page","link":"https:\/\/strangercam.com\/da\/random-video-chat-with-strangers\/","title":{"rendered":"Tilf\u00e6ldig videochat med fremmede"},"content":{"rendered":"<p>Leder du efter den bedste m\u00e5de at nyde en tilf\u00e6ldig video p\u00e5? <a href=\"https:\/\/strangercam.com\/da\/chathub\/\">chat<\/a> med fremmede? Du er ikke alene. Hver m\u00e5ned g\u00e5r millioner af mennesker over hele verden online for at f\u00e5 \u00f8jeblikkelig kontakt med fremmede - hvad enten det er for sjov, venskab, kulturel udveksling eller en let flirt. I mods\u00e6tning til datingapps eller sociale medier, som kan f\u00f8les langsomme eller kunstige, er tilf\u00e6ldig videochat spontan, autentisk og sp\u00e6ndende.<\/p>\n<p>Takket v\u00e6re platforme som StrangerCam kan du starte en gratis tilf\u00e6ldig videochat med fremmede i dag - ingen tilmeldinger, ingen downloads og ingen skjulte omkostninger. Med et enkelt klik kan du st\u00e5 ansigt til ansigt med en ny person, uanset hvor i verden du befinder dig.<\/p>\n<p>Denne guide vil lede dig gennem alt, hvad du har brug for at vide: hvad tilf\u00e6ldig videochat med fremmede er, hvorfor folk elsker det, hvordan det fungerer, hvilke funktioner du skal kigge efter, sammenligninger af platforme, sikkerhedstips og hvorfor StrangerCam er et af de bedste valg i 2025.<\/p>\n<h2>Hvad er tilf\u00e6ldig videochat med fremmede?<\/h2>\n<p>En tilf\u00e6ldig videochat med fremmede er en onlinefunktion, der forbinder dig \u00f8jeblikkeligt med andre mennesker via webcam og mikrofon. I mods\u00e6tning til chatrum med kun tekst giver videochat en live interaktion ansigt til ansigt, hvilket g\u00f8r samtalerne mere virkelige og engagerende.<\/p>\n<p>Du beh\u00f8ver ikke at oprette en konto eller udfylde en profil. Du skal blot klikke p\u00e5 \"Start\", og i l\u00f8bet af f\u00e5 sekunder taler du med en ny person. Hvis du ikke kan lide samtalen, kan du trykke p\u00e5 \"N\u00e6ste\" og blive sat i forbindelse med en anden med det samme.<\/p>\n<h2>Hvorfor folk elsker gratis tilf\u00e6ldig videochat med fremmede<\/h2>\n<p>Populariteten af gratis tilf\u00e6ldig videochat med fremmede skyldes flere vigtige \u00e5rsager:<\/p>\n<ul>\n<li>Spontanitet: Hver chat er forskellig og uforudsigelig.<\/li>\n<li>Autenticitet: Live video sikrer, at du m\u00f8der rigtige mennesker, ikke bots.<\/li>\n<li>Ingen forpligtelse: Ingen konti, ingen downloads - bare \u00f8jeblikkelige samtaler.<\/li>\n<li>Global r\u00e6kkevidde: M\u00f8d mennesker fra dusinvis af lande i realtid.<\/li>\n<li>Venskab og sjov: Nogle bruger det til at f\u00e5 venner, andre til tilf\u00e6ldig flirt eller underholdning.<\/li>\n<li>Hurtig flugt fra kedsomhed: Perfekt, n\u00e5r du vil bryde din rutine.<\/li>\n<\/ul>\n<h2>Hvordan fungerer tilf\u00e6ldig videochat med fremmede?<\/h2>\n<p>Det er nemt og hurtigt at komme i gang:<\/p>\n<ol>\n<li>\u00c5bn en platform som StrangerCam p\u00e5 din telefon eller computer.<\/li>\n<li>Giv adgang til dit webkamera og din mikrofon.<\/li>\n<li>Klik p\u00e5 \"Start chat\".<\/li>\n<li>Tal ansigt til ansigt med en tilf\u00e6ldig fremmed med det samme.<\/li>\n<li>Klik p\u00e5 \"N\u00e6ste\" n\u00e5r som helst for at m\u00f8de en ny.<\/li>\n<\/ol>\n<p>Denne cyklus kan gentage sig i det uendelige og give dig ubegr\u00e6nsede muligheder for at skabe kontakt.<\/p>\n<h2>De bedste funktioner at kigge efter<\/h2>\n<p>Ikke alle platforme er lige gode. Her er, hvad du skal kigge efter, n\u00e5r du v\u00e6lger et sted til tilf\u00e6ldig videochat med fremmede:<\/p>\n<h3>1. Virkelig fri adgang<\/h3>\n<p>Nogle sider h\u00e6vder at v\u00e6re gratis, men blokerer vigtige funktioner bag betalingsmure. Se efter ubegr\u00e6nset adgang uden tricks.<\/p>\n<h3>2. Ingen tilmelding n\u00f8dvendig<\/h3>\n<p>De bedste sider kr\u00e6ver ikke registrering, konti eller personlige oplysninger.<\/p>\n<h3>3. Filtre for k\u00f8n og placering<\/h3>\n<p>Nyttigt, hvis du vil m\u00f8de bestemte typer mennesker.<\/p>\n<h3>4. St\u00e6rk moderation<\/h3>\n<p>Rapporteringsv\u00e6rkt\u00f8jer og moderationssystemer sikrer et sikkert milj\u00f8.<\/p>\n<h3>5. Mobilvenligt design<\/h3>\n<p>En god platform skal fungere lige s\u00e5 godt p\u00e5 telefoner som p\u00e5 computere.<\/p>\n<h3>6. Video og lyd i h\u00f8j kvalitet<\/h3>\n<p>Klare, stabile forbindelser g\u00f8r samtaler mere behagelige.<\/p>\n<h2>De bedste platforme til tilf\u00e6ldig videochat med fremmede i 2025<\/h2>\n<p>Her er en sammenligning af popul\u00e6re platforme, der tilbyder tilf\u00e6ldige videochats med fremmede:<\/p>\n<table>\n<thead>\n<tr>\n<th>Platform<\/th>\n<th align=\"center\">Fri adgang<\/th>\n<th align=\"center\">K\u00f8nsfilter<\/th>\n<th align=\"center\">Tilmelding n\u00f8dvendig<\/th>\n<th align=\"center\">Mobil support<\/th>\n<th align=\"center\">Moderation<\/th>\n<th>Noter<\/th>\n<\/tr>\n<\/thead>\n<tbody>\n<tr>\n<td>StrangerCam<\/td>\n<td align=\"center\">\u2705<\/td>\n<td align=\"center\">\u2705 (gratis)<\/td>\n<td align=\"center\">\u274c<\/td>\n<td align=\"center\">\u2705<\/td>\n<td align=\"center\">\u2705<\/td>\n<td>Bedste samlede valg, virkelig gratis<\/td>\n<\/tr>\n<tr>\n<td><a href=\"https:\/\/strangercam.com\/da\/chatroulette\/\">Chatroulette<\/a><\/td>\n<td align=\"center\">\u2705<\/td>\n<td align=\"center\">\u274c (Betalt)<\/td>\n<td align=\"center\">\u274c<\/td>\n<td align=\"center\">\u2705<\/td>\n<td align=\"center\">\u2705<\/td>\n<td>Klassisk mulighed, men filtre koster<\/td>\n<\/tr>\n<tr>\n<td>Chatrandom<\/td>\n<td align=\"center\">\u2705<\/td>\n<td align=\"center\">\u274c (Betalt)<\/td>\n<td align=\"center\">\u274c<\/td>\n<td align=\"center\">\u2705<\/td>\n<td align=\"center\">\u2705<\/td>\n<td>Popul\u00e6r, men premium-funktioner l\u00e5st<\/td>\n<\/tr>\n<tr>\n<td><a href=\"https:\/\/strangercam.com\/da\/ometv\/\">OmeTV<\/a><\/td>\n<td align=\"center\">\u2705<\/td>\n<td align=\"center\">\u274c<\/td>\n<td align=\"center\">\u274c<\/td>\n<td align=\"center\">\u2705<\/td>\n<td align=\"center\">\u2705<\/td>\n<td>Kun tilf\u00e6ldig, mobilapp tilg\u00e6ngelig<\/td>\n<\/tr>\n<tr>\n<td>Shagle<\/td>\n<td align=\"center\">\u2705<\/td>\n<td align=\"center\">\u274c (Betalt)<\/td>\n<td align=\"center\">\u274c<\/td>\n<td align=\"center\">\u2705<\/td>\n<td align=\"center\">\u2705<\/td>\n<td>Skubber kraftigt til premium-funktioner<\/td>\n<\/tr>\n<tr>\n<td><a href=\"https:\/\/strangercam.com\/da\/coomeet\/\">CooMeet<\/a><\/td>\n<td align=\"center\">\u274c (Fors\u00f8g)<\/td>\n<td align=\"center\">\u2705<\/td>\n<td align=\"center\">\u2705<\/td>\n<td align=\"center\">\u2705<\/td>\n<td align=\"center\">\u2705<\/td>\n<td>Betalt efter en kort pr\u00f8veperiode<\/td>\n<\/tr>\n<tr>\n<td>LuckyCrush<\/td>\n<td align=\"center\">\u274c<\/td>\n<td align=\"center\">\u2705<\/td>\n<td align=\"center\">\u2705<\/td>\n<td align=\"center\">\u2705<\/td>\n<td align=\"center\">\u2705<\/td>\n<td>Altid betalt, k\u00f8nsbaseret chat<\/td>\n<\/tr>\n<\/tbody>\n<\/table>\n<p>Blandt disse skiller StrangerCam sig ud som en af de eneste platforme, der tilbyder gratis tilf\u00e6ldig videochat med fremmede med ubegr\u00e6nset adgang, ingen tilmelding og et fungerende k\u00f8nsfilter.<\/p>\n<h2>Hvorfor StrangerCam er det bedste valg<\/h2>\n<p>Her er grunden til, at StrangerCam er det bedste valg til tilf\u00e6ldig videochat med fremmede i 2025:<\/p>\n<h3>1. Helt gratis<\/h3>\n<p>Ingen kreditter, pr\u00f8veperioder eller skjulte gebyrer - ubegr\u00e6nset chat gratis.<\/p>\n<h3>2. Gratis k\u00f8nsfilter<\/h3>\n<p>V\u00e6lg, hvem du vil m\u00f8de - fyre, piger eller begge dele - uden at betale.<\/p>\n<h3>3. Ingen tilmelding p\u00e5kr\u00e6vet<\/h3>\n<p>V\u00e6r anonym og opret forbindelse med det samme.<\/p>\n<h3>4. Sikker og modereret<\/h3>\n<p>Med aktive moderations- og rapporteringsv\u00e6rkt\u00f8jer holder StrangerCam milj\u00f8et positivt.<\/p>\n<h3>5. Global brugerbase<\/h3>\n<p>M\u00f8d fremmede fra over 100 lande, tilg\u00e6ngelig 24\/7.<\/p>\n<h3>6. Optimeret til alle enheder<\/h3>\n<p>Fungerer perfekt p\u00e5 b\u00e5de mobil og desktop.<\/p>\n<h2>\u00c6gte brugerudtalelser<\/h2>\n<blockquote><p><em>\"Jeg ville have en platform, hvor jeg kunne videochatte tilf\u00e6ldigt med fremmede uden at betale. StrangerCam var den eneste side, der rent faktisk leverede varen.\"<\/em><br \/>\n- Chris, 25 \u00e5r<\/p><\/blockquote>\n<blockquote><p><em>\"K\u00f8nsfilteret fungerer perfekt og er gratis. Det er sj\u00e6ldent nu om dage.\"<\/em><br \/>\n- Sophia, 22 \u00e5r<\/p><\/blockquote>\n<blockquote><p><em>\"Jeg m\u00f8dte folk fra fem lande p\u00e5 under en time. Det er vanedannende, men sjovt.\"<\/em><br \/>\n- Ryan, 29 \u00e5r<\/p><\/blockquote>\n<blockquote><p><em>\"StrangerCam er sikkert, nemt og virkelig gratis. Det er mit foretrukne sted at komme i kontakt med andre online.\"<\/em><br \/>\n- Leah, 21 \u00e5r<\/p><\/blockquote>\n<h2>Sikkerhedstips til tilf\u00e6ldig videochat med fremmede<\/h2>\n<p>Selv om disse platforme er sjove, b\u00f8r du altid beskytte dig selv:<\/p>\n<ul>\n<li>Del aldrig personlige oplysninger som navn, telefonnummer eller adresse.<\/li>\n<li>Klik ikke p\u00e5 links, der deles af fremmede.<\/li>\n<li>Brug \"N\u00e6ste\" frit, hvis du f\u00f8ler dig utilpas.<\/li>\n<li>Tjek din baggrund, f\u00f8r du t\u00e6nder for kameraet.<\/li>\n<li>Hold dig til platformens v\u00e6rkt\u00f8jer til at blokere eller rapportere d\u00e5rlige brugere.<\/li>\n<li>Respekter aldersreglerne - hvis du er under 18 \u00e5r, skal du undg\u00e5 videochatsider for voksne.<\/li>\n<\/ul>\n<h2>S\u00e5dan kommer du i gang - trin for trin<\/h2>\n<p>Det tager mindre end et minut at starte en tilf\u00e6ldig videochat med fremmede:<\/p>\n<ol>\n<li>\u00c5bn StrangerCam i din browser eller p\u00e5 din mobile enhed.<\/li>\n<li>Giv adgang til kamera og mikrofon.<\/li>\n<li>V\u00e6lg pr\u00e6ferencer (f.eks. k\u00f8nsfiltre, hvis de er tilg\u00e6ngelige).<\/li>\n<li>Klik p\u00e5 Start chat for at oprette forbindelse med det samme.<\/li>\n<li>Tryk p\u00e5 N\u00e6ste n\u00e5r som helst for at m\u00f8de en ny.<\/li>\n<\/ol>\n<p>Hurtig, enkel og helt gratis.<\/p>\n<h2>Afsluttende tanker - Pr\u00f8v gratis tilf\u00e6ldig videochat med fremmede i dag<\/h2>\n<p>I 2025 er tilf\u00e6ldig videochat med fremmede stadig en af de sjoveste og mest sp\u00e6ndende m\u00e5der at m\u00f8de nye mennesker p\u00e5 online. Det er spontant, autentisk og forbinder dig \u00f8jeblikkeligt med rigtige mennesker fra hele verden.<\/p>\n<p>Men ikke alle platforme er det v\u00e6rd. Mange skjuler funktioner bag betalingsmure eller er overrendt af bots. Derfor er StrangerCam det bedste valg: Det er gratis, anonymt, sikkert og aktivt 24\/7 med folk, der er klar til at chatte.<\/p>\n<p>Er du klar til at pr\u00f8ve det? Start en gratis tilf\u00e6ldig videochat med fremmede i dag, og se, hvem du m\u00f8der n\u00e6ste gang.<\/p>","protected":false},"excerpt":{"rendered":"<p>Are you searching for the best way to enjoy a random video chat with strangers? You\u2019re not alone. Every month, millions of people around the world go online to connect instantly with strangers\u2014whether for fun, friendship, cultural exchange, or lighthearted flirting. Unlike dating apps or social media, which can feel slow or artificial, random video [&hellip;]<\/p>\n","protected":false},"author":8,"featured_media":0,"parent":0,"menu_order":0,"comment_status":"closed","ping_status":"closed","template":"","meta":{"footnotes":""},"class_list":["post-4039","page","type-page","status-publish","hentry"],"yoast_head":"<!-- This site is optimized with the Yoast SEO plugin v27.4 - https:\/\/yoast.com\/product\/yoast-seo-wordpress\/ -->\n<title>Random Video Chat With Strangers on Strangercam.com<\/title>\n<meta name=\"description\" content=\"Liking Random Video Chat With Strangers? Join millions on StrangerCam.com! Start a random video chat, turn on your cam, and meet strangers instantly.\" \/>\n<meta name=\"robots\" content=\"index, follow, max-snippet:-1, max-image-preview:large, max-video-preview:-1\" \/>\n<link rel=\"canonical\" href=\"https:\/\/strangercam.com\/da\/tilfaeldig-videochat-med-fremmede\/\" \/>\n<meta property=\"og:locale\" content=\"da_DK\" \/>\n<meta property=\"og:type\" content=\"article\" \/>\n<meta property=\"og:title\" content=\"Random Video Chat With Strangers on Strangercam.com\" \/>\n<meta property=\"og:description\" content=\"Liking Random Video Chat With Strangers? Join millions on StrangerCam.com! Start a random video chat, turn on your cam, and meet strangers instantly.\" \/>\n<meta property=\"og:url\" content=\"https:\/\/strangercam.com\/da\/tilfaeldig-videochat-med-fremmede\/\" \/>\n<meta property=\"og:site_name\" content=\"Strangercam\" \/>\n<meta property=\"article:publisher\" content=\"https:\/\/www.facebook.com\/strangercam\" \/>\n<meta property=\"article:modified_time\" content=\"2025-09-03T11:44:58+00:00\" \/>\n<meta property=\"og:image\" content=\"https:\/\/strangercam.com\/wp-content\/uploads\/2021\/10\/Untitled-2.png\" \/>\n\t<meta property=\"og:image:width\" content=\"800\" \/>\n\t<meta property=\"og:image:height\" content=\"532\" \/>\n\t<meta property=\"og:image:type\" content=\"image\/png\" \/>\n<meta name=\"twitter:card\" content=\"summary_large_image\" \/>\n<meta name=\"twitter:site\" content=\"@strangercamapp\" \/>\n<meta name=\"twitter:label1\" content=\"Estimeret l\u00e6setid\" \/>\n\t<meta name=\"twitter:data1\" content=\"5 minutter\" \/>\n<script type=\"application\/ld+json\" class=\"yoast-schema-graph\">{\"@context\":\"https:\\\/\\\/schema.org\",\"@graph\":[{\"@type\":\"WebPage\",\"@id\":\"https:\\\/\\\/strangercam.com\\\/random-video-chat-with-strangers\\\/\",\"url\":\"https:\\\/\\\/strangercam.com\\\/random-video-chat-with-strangers\\\/\",\"name\":\"Random Video Chat With Strangers on Strangercam.com\",\"isPartOf\":{\"@id\":\"https:\\\/\\\/strangercam.com\\\/#website\"},\"datePublished\":\"2025-09-03T09:47:55+00:00\",\"dateModified\":\"2025-09-03T11:44:58+00:00\",\"description\":\"Liking Random Video Chat With Strangers? Join millions on StrangerCam.com! Start a random video chat, turn on your cam, and meet strangers instantly.\",\"breadcrumb\":{\"@id\":\"https:\\\/\\\/strangercam.com\\\/random-video-chat-with-strangers\\\/#breadcrumb\"},\"inLanguage\":\"da-DK\",\"potentialAction\":[{\"@type\":\"ReadAction\",\"target\":[\"https:\\\/\\\/strangercam.com\\\/random-video-chat-with-strangers\\\/\"]}]},{\"@type\":\"BreadcrumbList\",\"@id\":\"https:\\\/\\\/strangercam.com\\\/random-video-chat-with-strangers\\\/#breadcrumb\",\"itemListElement\":[{\"@type\":\"ListItem\",\"position\":1,\"name\":\"Home\",\"item\":\"https:\\\/\\\/strangercam.com\\\/\"},{\"@type\":\"ListItem\",\"position\":2,\"name\":\"Random Video Chat With Strangers\"}]},{\"@type\":\"WebSite\",\"@id\":\"https:\\\/\\\/strangercam.com\\\/#website\",\"url\":\"https:\\\/\\\/strangercam.com\\\/\",\"name\":\"Strangercam\",\"description\":\"Random Video Chat with Strangers\",\"publisher\":{\"@id\":\"https:\\\/\\\/strangercam.com\\\/#organization\"},\"alternateName\":\"Strangercam.com\",\"potentialAction\":[{\"@type\":\"SearchAction\",\"target\":{\"@type\":\"EntryPoint\",\"urlTemplate\":\"https:\\\/\\\/strangercam.com\\\/?s={search_term_string}\"},\"query-input\":{\"@type\":\"PropertyValueSpecification\",\"valueRequired\":true,\"valueName\":\"search_term_string\"}}],\"inLanguage\":\"da-DK\"},{\"@type\":\"Organization\",\"@id\":\"https:\\\/\\\/strangercam.com\\\/#organization\",\"name\":\"Strangercam\",\"alternateName\":\"Strangercam.com\",\"url\":\"https:\\\/\\\/strangercam.com\\\/\",\"logo\":{\"@type\":\"ImageObject\",\"inLanguage\":\"da-DK\",\"@id\":\"https:\\\/\\\/strangercam.com\\\/#\\\/schema\\\/logo\\\/image\\\/\",\"url\":\"https:\\\/\\\/strangercam.com\\\/wp-content\\\/uploads\\\/2020\\\/11\\\/cropped-new-favicon-black.png\",\"contentUrl\":\"https:\\\/\\\/strangercam.com\\\/wp-content\\\/uploads\\\/2020\\\/11\\\/cropped-new-favicon-black.png\",\"width\":512,\"height\":512,\"caption\":\"Strangercam\"},\"image\":{\"@id\":\"https:\\\/\\\/strangercam.com\\\/#\\\/schema\\\/logo\\\/image\\\/\"},\"sameAs\":[\"https:\\\/\\\/www.facebook.com\\\/strangercam\",\"https:\\\/\\\/x.com\\\/strangercamapp\"]}]}<\/script>\n<!-- \/ Yoast SEO plugin. -->","yoast_head_json":{"title":"Tilf\u00e6ldig videochat med fremmede p\u00e5 Strangercam.com","description":"Kan du lide tilf\u00e6ldig videochat med fremmede? Join millioner p\u00e5 StrangerCam.com! Start en tilf\u00e6ldig videochat, t\u00e6nd for dit kamera, og m\u00f8d fremmede med det samme.","robots":{"index":"index","follow":"follow","max-snippet":"max-snippet:-1","max-image-preview":"max-image-preview:large","max-video-preview":"max-video-preview:-1"},"canonical":"https:\/\/strangercam.com\/da\/tilfaeldig-videochat-med-fremmede\/","og_locale":"da_DK","og_type":"article","og_title":"Random Video Chat With Strangers on Strangercam.com","og_description":"Liking Random Video Chat With Strangers? Join millions on StrangerCam.com! Start a random video chat, turn on your cam, and meet strangers instantly.","og_url":"https:\/\/strangercam.com\/da\/tilfaeldig-videochat-med-fremmede\/","og_site_name":"Strangercam","article_publisher":"https:\/\/www.facebook.com\/strangercam","article_modified_time":"2025-09-03T11:44:58+00:00","og_image":[{"width":800,"height":532,"url":"https:\/\/strangercam.com\/wp-content\/uploads\/2021\/10\/Untitled-2.png","type":"image\/png"}],"twitter_card":"summary_large_image","twitter_site":"@strangercamapp","twitter_misc":{"Estimeret l\u00e6setid":"5 minutter"},"schema":{"@context":"https:\/\/schema.org","@graph":[{"@type":"WebPage","@id":"https:\/\/strangercam.com\/random-video-chat-with-strangers\/","url":"https:\/\/strangercam.com\/random-video-chat-with-strangers\/","name":"Tilf\u00e6ldig videochat med fremmede p\u00e5 Strangercam.com","isPartOf":{"@id":"https:\/\/strangercam.com\/#website"},"datePublished":"2025-09-03T09:47:55+00:00","dateModified":"2025-09-03T11:44:58+00:00","description":"Kan du lide tilf\u00e6ldig videochat med fremmede? Join millioner p\u00e5 StrangerCam.com! Start en tilf\u00e6ldig videochat, t\u00e6nd for dit kamera, og m\u00f8d fremmede med det samme.","breadcrumb":{"@id":"https:\/\/strangercam.com\/random-video-chat-with-strangers\/#breadcrumb"},"inLanguage":"da-DK","potentialAction":[{"@type":"ReadAction","target":["https:\/\/strangercam.com\/random-video-chat-with-strangers\/"]}]},{"@type":"BreadcrumbList","@id":"https:\/\/strangercam.com\/random-video-chat-with-strangers\/#breadcrumb","itemListElement":[{"@type":"ListItem","position":1,"name":"Home","item":"https:\/\/strangercam.com\/"},{"@type":"ListItem","position":2,"name":"Random Video Chat With Strangers"}]},{"@type":"WebSite","@id":"https:\/\/strangercam.com\/#website","url":"https:\/\/strangercam.com\/","name":"Strangercam","description":"Tilf\u00e6ldig videochat med fremmede","publisher":{"@id":"https:\/\/strangercam.com\/#organization"},"alternateName":"Strangercam.com","potentialAction":[{"@type":"SearchAction","target":{"@type":"EntryPoint","urlTemplate":"https:\/\/strangercam.com\/?s={search_term_string}"},"query-input":{"@type":"PropertyValueSpecification","valueRequired":true,"valueName":"search_term_string"}}],"inLanguage":"da-DK"},{"@type":"Organization","@id":"https:\/\/strangercam.com\/#organization","name":"Strangercam","alternateName":"Strangercam.com","url":"https:\/\/strangercam.com\/","logo":{"@type":"ImageObject","inLanguage":"da-DK","@id":"https:\/\/strangercam.com\/#\/schema\/logo\/image\/","url":"https:\/\/strangercam.com\/wp-content\/uploads\/2020\/11\/cropped-new-favicon-black.png","contentUrl":"https:\/\/strangercam.com\/wp-content\/uploads\/2020\/11\/cropped-new-favicon-black.png","width":512,"height":512,"caption":"Strangercam"},"image":{"@id":"https:\/\/strangercam.com\/#\/schema\/logo\/image\/"},"sameAs":["https:\/\/www.facebook.com\/strangercam","https:\/\/x.com\/strangercamapp"]}]}},"_links":{"self":[{"href":"https:\/\/strangercam.com\/da\/wp-json\/wp\/v2\/pages\/4039","targetHints":{"allow":["GET"]}}],"collection":[{"href":"https:\/\/strangercam.com\/da\/wp-json\/wp\/v2\/pages"}],"about":[{"href":"https:\/\/strangercam.com\/da\/wp-json\/wp\/v2\/types\/page"}],"author":[{"embeddable":true,"href":"https:\/\/strangercam.com\/da\/wp-json\/wp\/v2\/users\/8"}],"replies":[{"embeddable":true,"href":"https:\/\/strangercam.com\/da\/wp-json\/wp\/v2\/comments?post=4039"}],"version-history":[{"count":3,"href":"https:\/\/strangercam.com\/da\/wp-json\/wp\/v2\/pages\/4039\/revisions"}],"predecessor-version":[{"id":12999,"href":"https:\/\/strangercam.com\/da\/wp-json\/wp\/v2\/pages\/4039\/revisions\/12999"}],"wp:attachment":[{"href":"https:\/\/strangercam.com\/da\/wp-json\/wp\/v2\/media?parent=4039"}],"curies":[{"name":"wp","href":"https:\/\/api.w.org\/{rel}","templated":true}]}}